{"id":57334,"date":"2026-04-27T04:43:07","date_gmt":"2026-04-27T04:43:07","guid":{"rendered":""},"modified":"2026-04-27T04:43:07","modified_gmt":"2026-04-27T04:43:07","slug":"zlevneny-pnz-osetrujici-olej-na-zahradni-nabytek-salzgrun-slana-zelena-2-5-l-57334","status":"publish","type":"product","link":"https:\/\/www.oknobuild.com\/index.php\/produkt\/zlevneny-pnz-osetrujici-olej-na-zahradni-nabytek-salzgrun-slana-zelena-2-5-l-57334\/","title":{"rendered":"Zlevn\u011bn\u00fd PNZ O\u0161et\u0159uj\u00edc\u00ed olej na zahradn\u00ed n\u00e1bytek salzgr\u00fcn \/ slan\u00e1 zelen\u00e1 2,5 l"},"content":{"rendered":"<table>\n<div class=\"tab-pane active product-description\" id=\"popis\" role=\"tabpanel\">\n<div class=\"short-description\" itemprop=\"description\">GARTENHOLZPFLEGE-\u00d6L<\/div>\n<div class=\"description\">* Osv\u011b\u017eova\u010d p\u0159\u00edrodn\u00edch barev* Bez rozpou\u0161t\u011bdel\u25ba Vhodn\u00e9 pro* Ve\u0161ker\u00e9 impregnovan\u00e9, zejm\u00e9na tlakov\u011b impregnovan\u00e9 zahradn\u00ed d\u0159eviny a zahradn\u00ed n\u00e1bytek, jako nap\u0159. B. ploty, p\u0159\u00edstavy, pergoly, koryty rostlin, p\u00edskovi\u0161t\u011b. * Zahradn\u00ed olej na p\u00e9\u010di o d\u0159evo PNZ zabra\u0148uje \u0161ediv\u011bn\u00ed impregnovan\u00e9ho d\u0159eva, obnovuje barvy, chr\u00e1n\u00ed a o\u0161et\u0159uje o\u0161et\u0159en\u00e9 d\u0159evo. \u25ba Aplikace \/ zpracov\u00e1n\u00ed  * D\u0159ev\u011bn\u00fd povrch mus\u00ed b\u00fdt \u010dist\u00fd, bez prachu a mastnoty a such\u00fd.* Odstra\u0148te \u0159asy a jin\u00e9 ne\u010distoty pomoc\u00ed \u010disti\u010de na zahradn\u00ed d\u0159evo PNZ.* Pokud existuje riziko pl\u00edsn\u00ed nebo p\u0159i pou\u017eit\u00ed neimpregnovan\u00e9ho m\u011bkk\u00e9ho d\u0159eva, p\u0159edb\u011b\u017en\u011b o\u0161et\u0159ete z\u00e1kladn\u00edm n\u00e1t\u011brem impregnuj\u00edc\u00edm PNZ W 210 <span>.* Teplota zpracov\u00e1n\u00ed (v\u010detn\u011b su\u0161en\u00ed) nad + 8 \u00b0 C. Vlhkost d\u0159eva ne vy\u0161\u0161\u00ed ne\u017e 18%.* M\u016f\u017ee b\u00fdt nat\u0159en, i kdy\u017e je such\u00fd (po 3 &#8211; 6 hodin\u00e1ch)* Doba schnut\u00ed nejm\u00e9n\u011b 8\u201312 hodin (v z\u00e1vislosti na po\u010das\u00ed).* P\u0159ed a b\u011bhem pou\u017eit\u00ed dob\u0159e prom\u00edchejte obsah.* Funguje odli\u0161n\u011b na r\u016fzn\u00fdch povr\u0161\u00edch. Nezbytn\u00e9 jsou zku\u0161ebn\u00ed kab\u00e1ty.* Olej ze zahradn\u00edho d\u0159eva PNZ naneste na such\u00e9 d\u0159evo dvakr\u00e1t a\u017e t\u0159ikr\u00e1t \u0161t\u011btcem, st\u0159\u00edk\u00e1n\u00edm, v\u00e1lcov\u00e1n\u00edm nebo m\u00e1\u010den\u00edm. * Kone\u010dn\u00e9 \u010d\u00e1sti zrna namo\u010dte do nasycen\u00ed. Doporu\u010duje se osv\u011b\u017een\u00ed pouze se stejn\u00fdm produktem.\u25ba Spot\u0159eba* Cca. 60\u201385 ml \/ m 2 , tj. 1 litr oleje na \u00fadr\u017ebu zahradn\u00edho d\u0159eva PNZ posta\u010duje na plochu cca 12\u201315 m 2  na aplikaci. * Podle typu d\u0159eva a povrchu (hoblovan\u00e9 nebo hrub\u011b \u0159ezan\u00e9). * U vlnit\u00e9ho d\u0159eva se spot\u0159eba m\u016f\u017ee zdvojn\u00e1sobit.\u25ba \u010ci\u0161t\u011bn\u00ed* O\u010dist\u011bte n\u00e1\u0159ad\u00ed m\u00fddlem a vodou.\u25ba \u00dalo\u017en\u00fd prostor* Chladn\u00fd, ale bez mrazu. * Lze je skladovat po dobu 3 let v neotev\u0159en\u00fdch n\u00e1dob\u00e1ch. * Otev\u0159en\u00e9 kontejnery p\u0159em\u00edst\u011bte do men\u0161\u00edch vhodn\u00fdch n\u00e1dob, vzduchot\u011bsn\u011b uzav\u0159ete a brzy je spot\u0159ebujte.\u25ba p\u0159\u00edsady * Rafinovan\u00e9, emulgovan\u00e9 p\u0159\u00edrodn\u00ed oleje, voskov\u00e1 emulze, pigmenty oxidu \u017eeleza, bezolovnat\u00e1 su\u0161idla. (MIT \/ BIT; poradenstv\u00ed pro alergiky na isothiazolinon +49 (0) 8465-173820). Bez toxick\u00fdch l\u00e1tek.\u25ba D\u016fle\u017eit\u00e9 pokyny * Pokud pou\u017e\u00edv\u00e1te n\u011bkolik n\u00e1dob s r\u016fzn\u00fdmi \u010d\u00edsly \u0161ar\u017e\u00ed, sm\u00edchejte je spole\u010dn\u011b do v\u011bt\u0161\u00ed n\u00e1doby. * S2: Uchov\u00e1vejte mimo dosah d\u011bt\u00ed. M\u016f\u017ee vyvolat alergick\u00e9 reakce. K recyklaci d\u00e1vejte pouze zcela pr\u00e1zdn\u00e9 n\u00e1doby. Zbytky su\u0161en\u00e9ho materi\u00e1lu lze likvidovat spole\u010dn\u011b s domovn\u00edm odpadem nebo jako stavebn\u00ed odpad. Vra\u0165te zbytky kapaliny na sb\u011brn\u00e9 m\u00edsto pro star\u00e9 barvy. * ASN \u010d .: 120112. Mezn\u00ed hodnota EU pro produkt (A \/ e): 150 g \/ l (2007) \/ 130 g \/ l (2010). Tento produkt obsahuje maxim\u00e1ln\u011b 1 g \/ l VOC.\u25ba Velikosti kontejner\u016f* 0,75 litru, 2,5 litru, 10 litr\u016f* Tyto v\u00fdrobky a balen\u00ed jsou skladem u v\u00fdrobce, term\u00edn dod\u00e1n\u00ed 1-3 t\u00fddny<\/div>\n<div class=\"parameters\">\n<tr>\n<td>spot\u0159eba<\/td>\n<td>Cca. 60\u201385 ml \/ m 2 , tj. 1 litr oleje na \u00fadr\u017ebu zahradn\u00edho d\u0159eva PNZ posta\u010duje na  plochu cca 12\u201315 m 2 na aplikaci. U hrub\u011b \u0159ezan\u00e9ho nebo r\u00fdhovan\u00e9ho d\u0159eva lze spot\u0159ebu zdvojn\u00e1sobit nebo ztrojn\u00e1sobit.<\/td>\n<\/tr>\n<tr>\n<td>Doba schnut\u00ed<\/td>\n<td>nejm\u00e9n\u011b 8\u201312 hodin (v z\u00e1vislosti na po\u010das\u00ed).<\/td>\n<\/tr>\n<tr>\n<td>UV ochrana<\/td>\n<td>ano<\/td>\n<\/tr>\n<tr>\n<td>Bez rozpou\u0161t\u011bdel<\/td>\n<td>ano<\/td>\n<\/tr>\n<tr>\n<td>Trval\u00e1 ochrana proti pov\u011btrnostn\u00edm vliv\u016fm<\/td>\n<td>ano<\/td>\n<\/tr>\n<tr>\n<td>Bezpe\u010dnost hra\u010dek pro d\u011bti<\/td>\n<td>Odoln\u00fd v\u016f\u010di slin\u00e1m a potu<\/td>\n<\/tr><\/div>\n<\/table>\n","protected":false},"excerpt":{"rendered":"<p>GARTENHOLZPFLEGE-\u00d6L * Osv\u011b\u017eova\u010d p\u0159\u00edrodn\u00edch barev* Bez rozpou\u0161t\u011bdel\u25ba Vhodn\u00e9 pro* Ve\u0161ker\u00e9 impregnovan\u00e9, zejm\u00e9na tlakov\u011b impregnovan\u00e9 zahradn\u00ed d\u0159eviny a zahradn\u00ed n\u00e1bytek, jako nap\u0159. B. ploty, p\u0159\u00edstavy, pergoly, koryty rostlin, p\u00edskovi\u0161t\u011b. * Zahradn\u00ed olej na p\u00e9\u010di o d\u0159evo PNZ zabra\u0148uje \u0161ediv\u011bn\u00ed impregnovan\u00e9ho d\u0159eva, obnovuje barvy, chr\u00e1n\u00ed a o\u0161et\u0159uje o\u0161et\u0159en\u00e9 d\u0159evo. \u25ba Aplikace \/ zpracov\u00e1n\u00ed * D\u0159ev\u011bn\u00fd povrch mus\u00ed [&hellip;]<\/p>\n","protected":false},"featured_media":57434,"comment_status":"open","ping_status":"open","template":"","meta":[],"product_brand":[],"product_cat":[50,52,51],"product_tag":[],"class_list":{"0":"post-57334","1":"product","2":"type-product","3":"status-publish","4":"has-post-thumbnail","6":"product_cat-barvy","7":"product_cat-chemie","8":"product_cat-laky","10":"first","11":"instock","12":"sale","13":"shipping-taxable","14":"purchasable","15":"product-type-simple"},"yoast_head":"<!-- This site is optimized with the Yoast SEO plugin v26.8 - https:\/\/yoast.com\/product\/yoast-seo-wordpress\/ -->\n<title>Zlevn\u011bn\u00fd PNZ O\u0161et\u0159uj\u00edc\u00ed olej na zahradn\u00ed n\u00e1bytek salzgr\u00fcn \/ slan\u00e1 zelen\u00e1 2,5 l -<\/title>\n<meta name=\"robots\" content=\"index, follow, max-snippet:-1, max-image-preview:large, max-video-preview:-1\" \/>\n<link rel=\"canonical\" href=\"https:\/\/www.oknobuild.com\/index.php\/produkt\/zlevneny-pnz-osetrujici-olej-na-zahradni-nabytek-salzgrun-slana-zelena-2-5-l-57334\/\" \/>\n<meta property=\"og:locale\" content=\"cs_CZ\" \/>\n<meta property=\"og:type\" content=\"article\" \/>\n<meta property=\"og:title\" content=\"Zlevn\u011bn\u00fd PNZ O\u0161et\u0159uj\u00edc\u00ed olej na zahradn\u00ed n\u00e1bytek salzgr\u00fcn \/ slan\u00e1 zelen\u00e1 2,5 l -\" \/>\n<meta property=\"og:description\" content=\"GARTENHOLZPFLEGE-\u00d6L * Osv\u011b\u017eova\u010d p\u0159\u00edrodn\u00edch barev* Bez rozpou\u0161t\u011bdel\u25ba Vhodn\u00e9 pro* Ve\u0161ker\u00e9 impregnovan\u00e9, zejm\u00e9na tlakov\u011b impregnovan\u00e9 zahradn\u00ed d\u0159eviny a zahradn\u00ed n\u00e1bytek, jako nap\u0159. B. ploty, p\u0159\u00edstavy, pergoly, koryty rostlin, p\u00edskovi\u0161t\u011b. * Zahradn\u00ed olej na p\u00e9\u010di o d\u0159evo PNZ zabra\u0148uje \u0161ediv\u011bn\u00ed impregnovan\u00e9ho d\u0159eva, obnovuje barvy, chr\u00e1n\u00ed a o\u0161et\u0159uje o\u0161et\u0159en\u00e9 d\u0159evo. \u25ba Aplikace \/ zpracov\u00e1n\u00ed * D\u0159ev\u011bn\u00fd povrch mus\u00ed [&hellip;]\" \/>\n<meta property=\"og:url\" content=\"https:\/\/www.oknobuild.com\/index.php\/produkt\/zlevneny-pnz-osetrujici-olej-na-zahradni-nabytek-salzgrun-slana-zelena-2-5-l-57334\/\" \/>\n<meta property=\"og:image\" content=\"https:\/\/www.oknobuild.com\/wp-content\/uploads\/2026\/SK0021156-CZ20260425-092328-0-1777080210-pnz-gartenholzpflegeoel_salzgruen4_1.webp\" \/>\n\t<meta property=\"og:image:width\" content=\"528\" \/>\n\t<meta property=\"og:image:height\" content=\"700\" \/>\n\t<meta property=\"og:image:type\" content=\"image\/webp\" \/>\n<meta name=\"twitter:card\" content=\"summary_large_image\" \/>\n<meta name=\"twitter:label1\" content=\"Odhadovan\u00e1 doba \u010dten\u00ed\" \/>\n\t<meta name=\"twitter:data1\" content=\"3 minuty\" \/>\n<script type=\"application\/ld+json\" class=\"yoast-schema-graph\">{\"@context\":\"https:\/\/schema.org\",\"@graph\":[{\"@type\":\"WebPage\",\"@id\":\"https:\/\/www.oknobuild.com\/index.php\/produkt\/zlevneny-pnz-osetrujici-olej-na-zahradni-nabytek-salzgrun-slana-zelena-2-5-l-57334\/\",\"url\":\"https:\/\/www.oknobuild.com\/index.php\/produkt\/zlevneny-pnz-osetrujici-olej-na-zahradni-nabytek-salzgrun-slana-zelena-2-5-l-57334\/\",\"name\":\"Zlevn\u011bn\u00fd PNZ O\u0161et\u0159uj\u00edc\u00ed olej na zahradn\u00ed n\u00e1bytek salzgr\u00fcn \/ slan\u00e1 zelen\u00e1 2,5 l -\",\"isPartOf\":{\"@id\":\"https:\/\/www.oknobuild.com\/#website\"},\"primaryImageOfPage\":{\"@id\":\"https:\/\/www.oknobuild.com\/index.php\/produkt\/zlevneny-pnz-osetrujici-olej-na-zahradni-nabytek-salzgrun-slana-zelena-2-5-l-57334\/#primaryimage\"},\"image\":{\"@id\":\"https:\/\/www.oknobuild.com\/index.php\/produkt\/zlevneny-pnz-osetrujici-olej-na-zahradni-nabytek-salzgrun-slana-zelena-2-5-l-57334\/#primaryimage\"},\"thumbnailUrl\":\"https:\/\/www.oknobuild.com\/wp-content\/uploads\/2026\/SK0021156-CZ20260425-092328-0-1777080210-pnz-gartenholzpflegeoel_salzgruen4_1.webp\",\"datePublished\":\"2026-04-27T04:43:07+00:00\",\"breadcrumb\":{\"@id\":\"https:\/\/www.oknobuild.com\/index.php\/produkt\/zlevneny-pnz-osetrujici-olej-na-zahradni-nabytek-salzgrun-slana-zelena-2-5-l-57334\/#breadcrumb\"},\"inLanguage\":\"cs\",\"potentialAction\":[{\"@type\":\"ReadAction\",\"target\":[\"https:\/\/www.oknobuild.com\/index.php\/produkt\/zlevneny-pnz-osetrujici-olej-na-zahradni-nabytek-salzgrun-slana-zelena-2-5-l-57334\/\"]}]},{\"@type\":\"ImageObject\",\"inLanguage\":\"cs\",\"@id\":\"https:\/\/www.oknobuild.com\/index.php\/produkt\/zlevneny-pnz-osetrujici-olej-na-zahradni-nabytek-salzgrun-slana-zelena-2-5-l-57334\/#primaryimage\",\"url\":\"https:\/\/www.oknobuild.com\/wp-content\/uploads\/2026\/SK0021156-CZ20260425-092328-0-1777080210-pnz-gartenholzpflegeoel_salzgruen4_1.webp\",\"contentUrl\":\"https:\/\/www.oknobuild.com\/wp-content\/uploads\/2026\/SK0021156-CZ20260425-092328-0-1777080210-pnz-gartenholzpflegeoel_salzgruen4_1.webp\",\"width\":528,\"height\":700},{\"@type\":\"BreadcrumbList\",\"@id\":\"https:\/\/www.oknobuild.com\/index.php\/produkt\/zlevneny-pnz-osetrujici-olej-na-zahradni-nabytek-salzgrun-slana-zelena-2-5-l-57334\/#breadcrumb\",\"itemListElement\":[{\"@type\":\"ListItem\",\"position\":1,\"name\":\"Home\",\"item\":\"https:\/\/www.oknobuild.com\/\"},{\"@type\":\"ListItem\",\"position\":2,\"name\":\"Products\",\"item\":\"https:\/\/www.oknobuild.com\/index.php\/products\/\"},{\"@type\":\"ListItem\",\"position\":3,\"name\":\"Zlevn\u011bn\u00fd PNZ O\u0161et\u0159uj\u00edc\u00ed olej na zahradn\u00ed n\u00e1bytek salzgr\u00fcn \/ slan\u00e1 zelen\u00e1 2,5 l\"}]},{\"@type\":\"WebSite\",\"@id\":\"https:\/\/www.oknobuild.com\/#website\",\"url\":\"https:\/\/www.oknobuild.com\/\",\"name\":\"\",\"description\":\"\",\"potentialAction\":[{\"@type\":\"SearchAction\",\"target\":{\"@type\":\"EntryPoint\",\"urlTemplate\":\"https:\/\/www.oknobuild.com\/?s={search_term_string}\"},\"query-input\":{\"@type\":\"PropertyValueSpecification\",\"valueRequired\":true,\"valueName\":\"search_term_string\"}}],\"inLanguage\":\"cs\"}]}<\/script>\n<!-- \/ Yoast SEO plugin. -->","yoast_head_json":{"title":"Zlevn\u011bn\u00fd PNZ O\u0161et\u0159uj\u00edc\u00ed olej na zahradn\u00ed n\u00e1bytek salzgr\u00fcn \/ slan\u00e1 zelen\u00e1 2,5 l -","robots":{"index":"index","follow":"follow","max-snippet":"max-snippet:-1","max-image-preview":"max-image-preview:large","max-video-preview":"max-video-preview:-1"},"canonical":"https:\/\/www.oknobuild.com\/index.php\/produkt\/zlevneny-pnz-osetrujici-olej-na-zahradni-nabytek-salzgrun-slana-zelena-2-5-l-57334\/","og_locale":"cs_CZ","og_type":"article","og_title":"Zlevn\u011bn\u00fd PNZ O\u0161et\u0159uj\u00edc\u00ed olej na zahradn\u00ed n\u00e1bytek salzgr\u00fcn \/ slan\u00e1 zelen\u00e1 2,5 l -","og_description":"GARTENHOLZPFLEGE-\u00d6L * Osv\u011b\u017eova\u010d p\u0159\u00edrodn\u00edch barev* Bez rozpou\u0161t\u011bdel\u25ba Vhodn\u00e9 pro* Ve\u0161ker\u00e9 impregnovan\u00e9, zejm\u00e9na tlakov\u011b impregnovan\u00e9 zahradn\u00ed d\u0159eviny a zahradn\u00ed n\u00e1bytek, jako nap\u0159. B. ploty, p\u0159\u00edstavy, pergoly, koryty rostlin, p\u00edskovi\u0161t\u011b. * Zahradn\u00ed olej na p\u00e9\u010di o d\u0159evo PNZ zabra\u0148uje \u0161ediv\u011bn\u00ed impregnovan\u00e9ho d\u0159eva, obnovuje barvy, chr\u00e1n\u00ed a o\u0161et\u0159uje o\u0161et\u0159en\u00e9 d\u0159evo. \u25ba Aplikace \/ zpracov\u00e1n\u00ed * D\u0159ev\u011bn\u00fd povrch mus\u00ed [&hellip;]","og_url":"https:\/\/www.oknobuild.com\/index.php\/produkt\/zlevneny-pnz-osetrujici-olej-na-zahradni-nabytek-salzgrun-slana-zelena-2-5-l-57334\/","og_image":[{"width":528,"height":700,"url":"https:\/\/www.oknobuild.com\/wp-content\/uploads\/2026\/SK0021156-CZ20260425-092328-0-1777080210-pnz-gartenholzpflegeoel_salzgruen4_1.webp","type":"image\/webp"}],"twitter_card":"summary_large_image","twitter_misc":{"Odhadovan\u00e1 doba \u010dten\u00ed":"3 minuty"},"schema":{"@context":"https:\/\/schema.org","@graph":[{"@type":"WebPage","@id":"https:\/\/www.oknobuild.com\/index.php\/produkt\/zlevneny-pnz-osetrujici-olej-na-zahradni-nabytek-salzgrun-slana-zelena-2-5-l-57334\/","url":"https:\/\/www.oknobuild.com\/index.php\/produkt\/zlevneny-pnz-osetrujici-olej-na-zahradni-nabytek-salzgrun-slana-zelena-2-5-l-57334\/","name":"Zlevn\u011bn\u00fd PNZ O\u0161et\u0159uj\u00edc\u00ed olej na zahradn\u00ed n\u00e1bytek salzgr\u00fcn \/ slan\u00e1 zelen\u00e1 2,5 l -","isPartOf":{"@id":"https:\/\/www.oknobuild.com\/#website"},"primaryImageOfPage":{"@id":"https:\/\/www.oknobuild.com\/index.php\/produkt\/zlevneny-pnz-osetrujici-olej-na-zahradni-nabytek-salzgrun-slana-zelena-2-5-l-57334\/#primaryimage"},"image":{"@id":"https:\/\/www.oknobuild.com\/index.php\/produkt\/zlevneny-pnz-osetrujici-olej-na-zahradni-nabytek-salzgrun-slana-zelena-2-5-l-57334\/#primaryimage"},"thumbnailUrl":"https:\/\/www.oknobuild.com\/wp-content\/uploads\/2026\/SK0021156-CZ20260425-092328-0-1777080210-pnz-gartenholzpflegeoel_salzgruen4_1.webp","datePublished":"2026-04-27T04:43:07+00:00","breadcrumb":{"@id":"https:\/\/www.oknobuild.com\/index.php\/produkt\/zlevneny-pnz-osetrujici-olej-na-zahradni-nabytek-salzgrun-slana-zelena-2-5-l-57334\/#breadcrumb"},"inLanguage":"cs","potentialAction":[{"@type":"ReadAction","target":["https:\/\/www.oknobuild.com\/index.php\/produkt\/zlevneny-pnz-osetrujici-olej-na-zahradni-nabytek-salzgrun-slana-zelena-2-5-l-57334\/"]}]},{"@type":"ImageObject","inLanguage":"cs","@id":"https:\/\/www.oknobuild.com\/index.php\/produkt\/zlevneny-pnz-osetrujici-olej-na-zahradni-nabytek-salzgrun-slana-zelena-2-5-l-57334\/#primaryimage","url":"https:\/\/www.oknobuild.com\/wp-content\/uploads\/2026\/SK0021156-CZ20260425-092328-0-1777080210-pnz-gartenholzpflegeoel_salzgruen4_1.webp","contentUrl":"https:\/\/www.oknobuild.com\/wp-content\/uploads\/2026\/SK0021156-CZ20260425-092328-0-1777080210-pnz-gartenholzpflegeoel_salzgruen4_1.webp","width":528,"height":700},{"@type":"BreadcrumbList","@id":"https:\/\/www.oknobuild.com\/index.php\/produkt\/zlevneny-pnz-osetrujici-olej-na-zahradni-nabytek-salzgrun-slana-zelena-2-5-l-57334\/#breadcrumb","itemListElement":[{"@type":"ListItem","position":1,"name":"Home","item":"https:\/\/www.oknobuild.com\/"},{"@type":"ListItem","position":2,"name":"Products","item":"https:\/\/www.oknobuild.com\/index.php\/products\/"},{"@type":"ListItem","position":3,"name":"Zlevn\u011bn\u00fd PNZ O\u0161et\u0159uj\u00edc\u00ed olej na zahradn\u00ed n\u00e1bytek salzgr\u00fcn \/ slan\u00e1 zelen\u00e1 2,5 l"}]},{"@type":"WebSite","@id":"https:\/\/www.oknobuild.com\/#website","url":"https:\/\/www.oknobuild.com\/","name":"","description":"","potentialAction":[{"@type":"SearchAction","target":{"@type":"EntryPoint","urlTemplate":"https:\/\/www.oknobuild.com\/?s={search_term_string}"},"query-input":{"@type":"PropertyValueSpecification","valueRequired":true,"valueName":"search_term_string"}}],"inLanguage":"cs"}]}},"_links":{"self":[{"href":"https:\/\/www.oknobuild.com\/index.php\/wp-json\/wp\/v2\/product\/57334","targetHints":{"allow":["GET"]}}],"collection":[{"href":"https:\/\/www.oknobuild.com\/index.php\/wp-json\/wp\/v2\/product"}],"about":[{"href":"https:\/\/www.oknobuild.com\/index.php\/wp-json\/wp\/v2\/types\/product"}],"replies":[{"embeddable":true,"href":"https:\/\/www.oknobuild.com\/index.php\/wp-json\/wp\/v2\/comments?post=57334"}],"wp:featuredmedia":[{"embeddable":true,"href":"https:\/\/www.oknobuild.com\/index.php\/wp-json\/wp\/v2\/media\/57434"}],"wp:attachment":[{"href":"https:\/\/www.oknobuild.com\/index.php\/wp-json\/wp\/v2\/media?parent=57334"}],"wp:term":[{"taxonomy":"product_brand","embeddable":true,"href":"https:\/\/www.oknobuild.com\/index.php\/wp-json\/wp\/v2\/product_brand?post=57334"},{"taxonomy":"product_cat","embeddable":true,"href":"https:\/\/www.oknobuild.com\/index.php\/wp-json\/wp\/v2\/product_cat?post=57334"},{"taxonomy":"product_tag","embeddable":true,"href":"https:\/\/www.oknobuild.com\/index.php\/wp-json\/wp\/v2\/product_tag?post=57334"}],"curies":[{"name":"wp","href":"https:\/\/api.w.org\/{rel}","templated":true}]}}