{"id":57346,"date":"2026-04-27T04:43:07","date_gmt":"2026-04-27T04:43:07","guid":{"rendered":""},"modified":"2026-04-27T04:43:07","modified_gmt":"2026-04-27T04:43:07","slug":"znackovy-pnz-tvrdovoskovy-olej-na-podlahy-evo-matt-matny-2-5-l-57346","status":"publish","type":"product","link":"https:\/\/www.oknobuild.com\/index.php\/produkt\/znackovy-pnz-tvrdovoskovy-olej-na-podlahy-evo-matt-matny-2-5-l-57346\/","title":{"rendered":"Zna\u010dkov\u00fd PNZ Tvrdovoskov\u00fd olej na podlahy EVO matt \/ matn\u00fd 2,5 l"},"content":{"rendered":"<table>\n<div class=\"tab-pane active product-description\" id=\"popis\" role=\"tabpanel\">\n<div class=\"short-description\" itemprop=\"description\">HARTWACHS\u00d6L EVOLUTION<\/div>\n<div class=\"description\"><span class='bullet-line'>otev\u0159en\u00e9 p\u00f3ry, prody\u0161n\u00e9 a reguluj\u00edc\u00ed vlhkost<br \/><\/span><span class='bullet-line'>oxida\u010dn\u00ed su\u0161en\u00ed, bez obsahu kobaltu, bez oximu<br \/><\/span><span class='bullet-line'>fantastick\u00e1 optika &#8211; vynikaj\u00edc\u00ed trvanlivost<br \/><\/span><span class='bullet-line'>jako 1K nebo 2K se speci\u00e1ln\u00edm tvrdidlem 2K Impact<br \/><\/span> <br \/>\u25ba Vhodn\u00e9 pro<span class='bullet-line'>V\u0161echny nam\u00e1han\u00e9 povrchy v interi\u00e9ru, jako jsou d\u0159ev\u011bn\u00e9 podlahy, korek, d\u011btsk\u00e9 hra\u010dky, desky OSB, lepen\u00e9 d\u0159evo, pracovn\u00ed desky, n\u00e1bytek, pot\u011br, terakota a neglazovan\u00e9 dla\u017edice. <br \/><\/span><span class='bullet-line'>I ve vlhk\u00fdch m\u00edstnostech, jako je koupelna a kuchy\u0148. <br \/><\/span><span class='bullet-line'>Velmi vhodn\u00fd pro mate\u0159sk\u00e9 \u0161koly, \u0161koly, pe\u010dovatelsk\u00e9 domy atd. <br \/><\/span><span class='bullet-line'>Tvrd\u00fd voskov\u00fd olej PNZ je bezbarv\u00fd povrchov\u00fd produkt reguluj\u00edc\u00ed vlhkost. <br \/><\/span><span class='bullet-line'>O\u0161et\u0159en\u00e9 povrchy jsou vysoce odpuzuj\u00edc\u00ed vodu a odoln\u00e9 v\u016f\u010di b\u011b\u017en\u00fdm potravin\u00e1\u0159sk\u00fdm a dom\u00e1c\u00edm chemik\u00e1li\u00edm.<br \/><\/span><br \/>\u25ba Aplikace \/ zpracov\u00e1n\u00ed<span class='bullet-line'>Povrch mus\u00ed b\u00fdt zbaven mastnoty, \u010dist\u00fd, bezpra\u0161n\u00fd a such\u00fd (p\u0159\u00edpadn\u011b p\u00edskovan\u00fd).<br \/><\/span><span class='bullet-line'>Teplota zpracov\u00e1n\u00ed (v\u010detn\u011b su\u0161en\u00ed) nad 8 \u00b0 C Vlhkost d\u0159eva nep\u0159esahuje 15%. <br \/><\/span><span class='bullet-line'>Vlhkost vzduchu <60%. ((Vypn\u011bte podlahov\u00e9 vyt\u00e1p\u011bn\u00ed nejm\u00e9n\u011b 2 dny p\u0159ed o\u0161et\u0159en\u00edm.)<br \/><\/span><span class='bullet-line'>Funguje odli\u0161n\u011b na r\u016fzn\u00fdch povr\u0161\u00edch. Vy\u017eaduje se zku\u0161ebn\u00ed kab\u00e1t.<br \/><\/span><span class='bullet-line'>P\u0159ed a b\u011bhem pou\u017eit\u00ed dob\u0159e prom\u00edchejte obsah.<br \/><\/span><span class='bullet-line'>Otvory a praskliny opravte vhodnou opravnou pastou.<br \/><\/span><span class='bullet-line'>Tvrd\u00fd voskov\u00fd olej PNZ Evolution lze zpracov\u00e1vat ru\u010dn\u011b a strojem. <br \/><\/span><span class='bullet-line'>Prvn\u00ed n\u00e1t\u011br naneste tenk\u00fdm a rovnom\u011brn\u00fdm \u0161t\u011btcem, p\u011bnov\u00fdm v\u00e1le\u010dkem, podlo\u017ekou nebo povrchov\u00fdm \u0161t\u011btcem. <br \/><\/span><span class='bullet-line'>P\u0159i dobr\u00e9m v\u011btr\u00e1n\u00ed pokra\u010dujte opatrn\u011b po 3 &#8211; 4 hodin\u00e1ch, druhou vrstvu naneste stejn\u011b jako prvn\u00ed po 5 &#8211; 8 hodin\u00e1ch, nejpozd\u011bji v\u0161ak do 24 hodin. <br \/><\/span><span class='bullet-line'>Mezilehl\u00e9 brou\u0161en\u00ed obvykle nen\u00ed nutn\u00e9, ale zlep\u0161uje vzhled a dojem matn\u00fdch povrch\u016f. <br \/><\/span><span class='bullet-line'>Doba schnut\u00ed z\u00e1vis\u00ed na teplot\u011b, vlhkosti, druhu d\u0159eva a povrchu. D\u0159ev\u011bn\u00e1 prkna lze p\u0159ed pokl\u00e1dkou o\u0161et\u0159it jednotliv\u011b. <br \/><\/span><span class='bullet-line'>Absolutn\u00ed doba vytvrzov\u00e1n\u00ed 8-10 dn\u00ed. Pro nejvy\u0161\u0161\u00ed n\u00e1roky m\u016f\u017eete optimalizovat vlastnosti produktu p\u0159id\u00e1n\u00edm speci\u00e1ln\u00edho tvrdidla 2K Impact. <br \/><\/span><span class='bullet-line'>Sm\u00edchejte pouze tolik tvrd\u00e9ho voskov\u00e9ho oleje Evolution a speci\u00e1ln\u00ed tvrdidlo jako b\u011bhem n\u00e1sleduj\u00edc\u00edch 1 &#8211; 2 hodin. lze zpracovat. <br \/><\/span><span class='bullet-line'>Sm\u011b\u0161ovac\u00ed pom\u011br 20 d\u00edl\u016f tvrd\u00e9ho voskov\u00e9ho oleje Evoluce: 1 d\u00edl speci\u00e1ln\u00edho tvrdidla (sm\u011b\u0161ovac\u00ed pom\u011br<br \/><\/span>dodr\u017eujte p\u0159esn\u011b!).<span class='bullet-line'>Pokud si nejste jisti pou\u017e\u00edv\u00e1n\u00edm syst\u00e9m\u016f 2K, po\u017e\u00e1dejte o radu sv\u00e9ho prodejce. <br \/><\/span><span class='bullet-line'>Napl\u0148te speci\u00e1ln\u00ed tvrdidlo do n\u00e1doby s olejem Evolution s tvrd\u00fdm voskem a intenzivn\u011b m\u00edchejte po dobu alespo\u0148 1 minuty. <br \/><\/span><span class='bullet-line'>Aplikace, jak je pops\u00e1no v\u00fd\u0161e.<br \/><\/span><br \/>\u25ba Spot\u0159eba<span class='bullet-line'>Cca. 20-30 ml \/ m 2 , tj 1 litr PNZ tvrd\u00e9 voskov\u00e9 oleje vysta\u010d\u00ed na cca 50 m. 2  naolejovan\u00e9 plochy za pou\u017eit\u00ed.<br \/><\/span><br \/>\u25ba \u010ci\u0161t\u011bn\u00ed<span class='bullet-line'>N\u00e1\u0159ad\u00ed o\u010dist\u011bte \u0159edidlem nebo b\u00edl\u00fdm benz\u00ednem.<br \/><\/span><br \/>\u25ba \u00dalo\u017en\u00fd prostor<br \/>Chladn\u00fd, ale bez mrazu.<\/p>\n<p>\u25ba P\u0159\u00edsady<span class='bullet-line'>Rafinovan\u00e9 p\u0159\u00edrodn\u00ed oleje, jako je s\u00f3jov\u00fd a slune\u010dnicov\u00fd olej, isoalif\u00e1ty, mikrovosky, p\u0159\u00edsady,<br \/><\/span>bezolovnat\u00e1 su\u0161idla.<\/p>\n<p>\u25ba D\u016fle\u017eit\u00e9 pokyny<span class='bullet-line'>Bezpe\u010dnostn\u00ed list EUH210 je k dispozici na vy\u017e\u00e1d\u00e1n\u00ed. <br \/><\/span><span class='bullet-line'>P101 Pokud pot\u0159ebujete l\u00e9ka\u0159skou pomoc, m\u011bjte po ruce obal nebo \u0161t\u00edtek produktu. <br \/><\/span><span class='bullet-line'>P102 Uchov\u00e1vejte mimo dosah d\u011bt\u00ed. <br \/><\/span><span class='bullet-line'>P103 P\u0159ed pou\u017eit\u00edm si p\u0159e\u010dt\u011bte \u0161t\u00edtek. Pokud pou\u017e\u00edv\u00e1te n\u011bkolik n\u00e1dob s r\u016fzn\u00fdmi \u010d\u00edsly \u0161ar\u017e\u00ed, sm\u00edchejte je spole\u010dn\u011b do v\u011bt\u0161\u00ed n\u00e1doby. K recyklaci d\u00e1vejte pouze zcela pr\u00e1zdn\u00e9 n\u00e1doby. <br \/><\/span><span class='bullet-line'>Zbytky su\u0161en\u00e9ho materi\u00e1lu lze likvidovat spole\u010dn\u011b s domovn\u00edm odpadem nebo jako stavebn\u00ed odpad. Vra\u0165te zbytky kapaliny na sb\u011brn\u00e9 m\u00edsto pro star\u00e9 barvy. <br \/><\/span><span class='bullet-line'>ASN \u010d .: 080112. Mezn\u00ed hodnota EU pro produkt (A \/ f): 700 g \/ l (2010). Tento produkt obsahuje maxim\u00e1ln\u011b 530 g \/ l VOC.<br \/><\/span><span class='bullet-line'>Tkaniny nas\u00e1kl\u00e9 tvrd\u00fdm voskov\u00fdm olejem Evolution inklinuj\u00ed k samovzn\u00edcen\u00ed, tak\u017ee by tyto l\u00e1tky m\u011bly b\u00fdt uchov\u00e1v\u00e1ny v t\u011bsn\u011b uzav\u0159en\u00e9 n\u00e1dob\u011b nebo namo\u010deny ve vod\u011b. Uchov\u00e1vejte obal t\u011bsn\u011b uzav\u0159en\u00fd.<br \/><\/span><br \/>\u25ba Velikosti kontejner\u016f<br \/>2,5 litru, 10 litr\u016f.<\/p>\n<p>\u25ba Stupn\u011b lesku<span class='bullet-line'>Klasick\u00fd, matn\u00fd, sat\u00e9nov\u00fd, leskl\u00fd<\/span><\/div>\n<div class=\"parameters\">\n<tr>\n<td>Spot\u0159eba<\/td>\n<td>Cca. 20-30 ml \/ m\u00b2, tj. 1 litr oleje z voskov\u00e9ho oleje Evoluce posta\u010duje pro max. 50 m\u00b2 naolejovan\u00e9 plochy na objedn\u00e1vku, v z\u00e1vislosti na druhu d\u0159eva a povrchu.<\/td>\n<\/tr>\n<tr>\n<td>Such\u00e1 sez\u00f3na<\/td>\n<td>Absolutn\u00ed doba vytvrzov\u00e1n\u00ed 8-10 dn\u00ed.<\/td>\n<\/tr>\n<tr>\n<td>Siln\u011b odpuzuj\u00edc\u00ed vodu<\/td>\n<td>ano<\/td>\n<\/tr>\n<tr>\n<td>Protiskluzov\u00e9<\/td>\n<td>ano<\/td>\n<\/tr>\n<tr>\n<td>Bezpe\u010dnost hra\u010dek pro d\u011bti<\/td>\n<td>Odoln\u00fd v\u016f\u010di slin\u00e1m a potu<\/td>\n<\/tr>\n<tr>\n<td>Obzvl\u00e1\u0161t\u011b efektivn\u00ed<\/td>\n<td>ano<\/td>\n<\/tr>\n<tr>\n<td>Profesion\u00e1ln\u00ed kvalita<\/td>\n<td>ano<\/td>\n<\/tr>\n<tr>\n<td>P\u0159\u00edrodn\u00ed z\u00e1kladna<\/td>\n<td>ano<\/td>\n<\/tr><\/div>\n<\/table>\n","protected":false},"excerpt":{"rendered":"<p>HARTWACHS\u00d6L EVOLUTION otev\u0159en\u00e9 p\u00f3ry, prody\u0161n\u00e9 a reguluj\u00edc\u00ed vlhkostoxida\u010dn\u00ed su\u0161en\u00ed, bez obsahu kobaltu, bez oximufantastick\u00e1 optika &#8211; vynikaj\u00edc\u00ed trvanlivostjako 1K nebo 2K se speci\u00e1ln\u00edm tvrdidlem 2K Impact \u25ba Vhodn\u00e9 proV\u0161echny nam\u00e1han\u00e9 povrchy v interi\u00e9ru, jako jsou d\u0159ev\u011bn\u00e9 podlahy, korek, d\u011btsk\u00e9 hra\u010dky, desky OSB, lepen\u00e9 d\u0159evo, pracovn\u00ed desky, n\u00e1bytek, pot\u011br, terakota a neglazovan\u00e9 dla\u017edice. I ve vlhk\u00fdch [&hellip;]<\/p>\n","protected":false},"featured_media":57446,"comment_status":"open","ping_status":"open","template":"","meta":[],"product_brand":[],"product_cat":[50,52,51],"product_tag":[],"class_list":{"0":"post-57346","1":"product","2":"type-product","3":"status-publish","4":"has-post-thumbnail","6":"product_cat-barvy","7":"product_cat-chemie","8":"product_cat-laky","10":"first","11":"instock","12":"sale","13":"shipping-taxable","14":"purchasable","15":"product-type-simple"},"yoast_head":"<!-- This site is optimized with the Yoast SEO plugin v26.8 - https:\/\/yoast.com\/product\/yoast-seo-wordpress\/ -->\n<title>Zna\u010dkov\u00fd PNZ Tvrdovoskov\u00fd olej na podlahy EVO matt \/ matn\u00fd 2,5 l -<\/title>\n<meta name=\"robots\" content=\"index, follow, max-snippet:-1, max-image-preview:large, max-video-preview:-1\" \/>\n<link rel=\"canonical\" href=\"https:\/\/www.oknobuild.com\/index.php\/produkt\/znackovy-pnz-tvrdovoskovy-olej-na-podlahy-evo-matt-matny-2-5-l-57346\/\" \/>\n<meta property=\"og:locale\" content=\"cs_CZ\" \/>\n<meta property=\"og:type\" content=\"article\" \/>\n<meta property=\"og:title\" content=\"Zna\u010dkov\u00fd PNZ Tvrdovoskov\u00fd olej na podlahy EVO matt \/ matn\u00fd 2,5 l -\" \/>\n<meta property=\"og:description\" content=\"HARTWACHS\u00d6L EVOLUTION otev\u0159en\u00e9 p\u00f3ry, prody\u0161n\u00e9 a reguluj\u00edc\u00ed vlhkostoxida\u010dn\u00ed su\u0161en\u00ed, bez obsahu kobaltu, bez oximufantastick\u00e1 optika &#8211; vynikaj\u00edc\u00ed trvanlivostjako 1K nebo 2K se speci\u00e1ln\u00edm tvrdidlem 2K Impact \u25ba Vhodn\u00e9 proV\u0161echny nam\u00e1han\u00e9 povrchy v interi\u00e9ru, jako jsou d\u0159ev\u011bn\u00e9 podlahy, korek, d\u011btsk\u00e9 hra\u010dky, desky OSB, lepen\u00e9 d\u0159evo, pracovn\u00ed desky, n\u00e1bytek, pot\u011br, terakota a neglazovan\u00e9 dla\u017edice. I ve vlhk\u00fdch [&hellip;]\" \/>\n<meta property=\"og:url\" content=\"https:\/\/www.oknobuild.com\/index.php\/produkt\/znackovy-pnz-tvrdovoskovy-olej-na-podlahy-evo-matt-matny-2-5-l-57346\/\" \/>\n<meta property=\"og:image\" content=\"https:\/\/www.oknobuild.com\/wp-content\/uploads\/2026\/SK0021168-CZ20260425-092328-0-1777080210-pnz-hartwachs-oel-evolution_6.webp\" \/>\n\t<meta property=\"og:image:width\" content=\"484\" \/>\n\t<meta property=\"og:image:height\" content=\"700\" \/>\n\t<meta property=\"og:image:type\" content=\"image\/webp\" \/>\n<meta name=\"twitter:card\" content=\"summary_large_image\" \/>\n<meta name=\"twitter:label1\" content=\"Odhadovan\u00e1 doba \u010dten\u00ed\" \/>\n\t<meta name=\"twitter:data1\" content=\"1 minuta\" \/>\n<script type=\"application\/ld+json\" class=\"yoast-schema-graph\">{\"@context\":\"https:\/\/schema.org\",\"@graph\":[{\"@type\":\"WebPage\",\"@id\":\"https:\/\/www.oknobuild.com\/index.php\/produkt\/znackovy-pnz-tvrdovoskovy-olej-na-podlahy-evo-matt-matny-2-5-l-57346\/\",\"url\":\"https:\/\/www.oknobuild.com\/index.php\/produkt\/znackovy-pnz-tvrdovoskovy-olej-na-podlahy-evo-matt-matny-2-5-l-57346\/\",\"name\":\"Zna\u010dkov\u00fd PNZ Tvrdovoskov\u00fd olej na podlahy EVO matt \/ matn\u00fd 2,5 l -\",\"isPartOf\":{\"@id\":\"https:\/\/www.oknobuild.com\/#website\"},\"primaryImageOfPage\":{\"@id\":\"https:\/\/www.oknobuild.com\/index.php\/produkt\/znackovy-pnz-tvrdovoskovy-olej-na-podlahy-evo-matt-matny-2-5-l-57346\/#primaryimage\"},\"image\":{\"@id\":\"https:\/\/www.oknobuild.com\/index.php\/produkt\/znackovy-pnz-tvrdovoskovy-olej-na-podlahy-evo-matt-matny-2-5-l-57346\/#primaryimage\"},\"thumbnailUrl\":\"https:\/\/www.oknobuild.com\/wp-content\/uploads\/2026\/SK0021168-CZ20260425-092328-0-1777080210-pnz-hartwachs-oel-evolution_6.webp\",\"datePublished\":\"2026-04-27T04:43:07+00:00\",\"breadcrumb\":{\"@id\":\"https:\/\/www.oknobuild.com\/index.php\/produkt\/znackovy-pnz-tvrdovoskovy-olej-na-podlahy-evo-matt-matny-2-5-l-57346\/#breadcrumb\"},\"inLanguage\":\"cs\",\"potentialAction\":[{\"@type\":\"ReadAction\",\"target\":[\"https:\/\/www.oknobuild.com\/index.php\/produkt\/znackovy-pnz-tvrdovoskovy-olej-na-podlahy-evo-matt-matny-2-5-l-57346\/\"]}]},{\"@type\":\"ImageObject\",\"inLanguage\":\"cs\",\"@id\":\"https:\/\/www.oknobuild.com\/index.php\/produkt\/znackovy-pnz-tvrdovoskovy-olej-na-podlahy-evo-matt-matny-2-5-l-57346\/#primaryimage\",\"url\":\"https:\/\/www.oknobuild.com\/wp-content\/uploads\/2026\/SK0021168-CZ20260425-092328-0-1777080210-pnz-hartwachs-oel-evolution_6.webp\",\"contentUrl\":\"https:\/\/www.oknobuild.com\/wp-content\/uploads\/2026\/SK0021168-CZ20260425-092328-0-1777080210-pnz-hartwachs-oel-evolution_6.webp\",\"width\":484,\"height\":700},{\"@type\":\"BreadcrumbList\",\"@id\":\"https:\/\/www.oknobuild.com\/index.php\/produkt\/znackovy-pnz-tvrdovoskovy-olej-na-podlahy-evo-matt-matny-2-5-l-57346\/#breadcrumb\",\"itemListElement\":[{\"@type\":\"ListItem\",\"position\":1,\"name\":\"Home\",\"item\":\"https:\/\/www.oknobuild.com\/\"},{\"@type\":\"ListItem\",\"position\":2,\"name\":\"Products\",\"item\":\"https:\/\/www.oknobuild.com\/index.php\/products\/\"},{\"@type\":\"ListItem\",\"position\":3,\"name\":\"Zna\u010dkov\u00fd PNZ Tvrdovoskov\u00fd olej na podlahy EVO matt \/ matn\u00fd 2,5 l\"}]},{\"@type\":\"WebSite\",\"@id\":\"https:\/\/www.oknobuild.com\/#website\",\"url\":\"https:\/\/www.oknobuild.com\/\",\"name\":\"\",\"description\":\"\",\"potentialAction\":[{\"@type\":\"SearchAction\",\"target\":{\"@type\":\"EntryPoint\",\"urlTemplate\":\"https:\/\/www.oknobuild.com\/?s={search_term_string}\"},\"query-input\":{\"@type\":\"PropertyValueSpecification\",\"valueRequired\":true,\"valueName\":\"search_term_string\"}}],\"inLanguage\":\"cs\"}]}<\/script>\n<!-- \/ Yoast SEO plugin. -->","yoast_head_json":{"title":"Zna\u010dkov\u00fd PNZ Tvrdovoskov\u00fd olej na podlahy EVO matt \/ matn\u00fd 2,5 l -","robots":{"index":"index","follow":"follow","max-snippet":"max-snippet:-1","max-image-preview":"max-image-preview:large","max-video-preview":"max-video-preview:-1"},"canonical":"https:\/\/www.oknobuild.com\/index.php\/produkt\/znackovy-pnz-tvrdovoskovy-olej-na-podlahy-evo-matt-matny-2-5-l-57346\/","og_locale":"cs_CZ","og_type":"article","og_title":"Zna\u010dkov\u00fd PNZ Tvrdovoskov\u00fd olej na podlahy EVO matt \/ matn\u00fd 2,5 l -","og_description":"HARTWACHS\u00d6L EVOLUTION otev\u0159en\u00e9 p\u00f3ry, prody\u0161n\u00e9 a reguluj\u00edc\u00ed vlhkostoxida\u010dn\u00ed su\u0161en\u00ed, bez obsahu kobaltu, bez oximufantastick\u00e1 optika &#8211; vynikaj\u00edc\u00ed trvanlivostjako 1K nebo 2K se speci\u00e1ln\u00edm tvrdidlem 2K Impact \u25ba Vhodn\u00e9 proV\u0161echny nam\u00e1han\u00e9 povrchy v interi\u00e9ru, jako jsou d\u0159ev\u011bn\u00e9 podlahy, korek, d\u011btsk\u00e9 hra\u010dky, desky OSB, lepen\u00e9 d\u0159evo, pracovn\u00ed desky, n\u00e1bytek, pot\u011br, terakota a neglazovan\u00e9 dla\u017edice. I ve vlhk\u00fdch [&hellip;]","og_url":"https:\/\/www.oknobuild.com\/index.php\/produkt\/znackovy-pnz-tvrdovoskovy-olej-na-podlahy-evo-matt-matny-2-5-l-57346\/","og_image":[{"width":484,"height":700,"url":"https:\/\/www.oknobuild.com\/wp-content\/uploads\/2026\/SK0021168-CZ20260425-092328-0-1777080210-pnz-hartwachs-oel-evolution_6.webp","type":"image\/webp"}],"twitter_card":"summary_large_image","twitter_misc":{"Odhadovan\u00e1 doba \u010dten\u00ed":"1 minuta"},"schema":{"@context":"https:\/\/schema.org","@graph":[{"@type":"WebPage","@id":"https:\/\/www.oknobuild.com\/index.php\/produkt\/znackovy-pnz-tvrdovoskovy-olej-na-podlahy-evo-matt-matny-2-5-l-57346\/","url":"https:\/\/www.oknobuild.com\/index.php\/produkt\/znackovy-pnz-tvrdovoskovy-olej-na-podlahy-evo-matt-matny-2-5-l-57346\/","name":"Zna\u010dkov\u00fd PNZ Tvrdovoskov\u00fd olej na podlahy EVO matt \/ matn\u00fd 2,5 l -","isPartOf":{"@id":"https:\/\/www.oknobuild.com\/#website"},"primaryImageOfPage":{"@id":"https:\/\/www.oknobuild.com\/index.php\/produkt\/znackovy-pnz-tvrdovoskovy-olej-na-podlahy-evo-matt-matny-2-5-l-57346\/#primaryimage"},"image":{"@id":"https:\/\/www.oknobuild.com\/index.php\/produkt\/znackovy-pnz-tvrdovoskovy-olej-na-podlahy-evo-matt-matny-2-5-l-57346\/#primaryimage"},"thumbnailUrl":"https:\/\/www.oknobuild.com\/wp-content\/uploads\/2026\/SK0021168-CZ20260425-092328-0-1777080210-pnz-hartwachs-oel-evolution_6.webp","datePublished":"2026-04-27T04:43:07+00:00","breadcrumb":{"@id":"https:\/\/www.oknobuild.com\/index.php\/produkt\/znackovy-pnz-tvrdovoskovy-olej-na-podlahy-evo-matt-matny-2-5-l-57346\/#breadcrumb"},"inLanguage":"cs","potentialAction":[{"@type":"ReadAction","target":["https:\/\/www.oknobuild.com\/index.php\/produkt\/znackovy-pnz-tvrdovoskovy-olej-na-podlahy-evo-matt-matny-2-5-l-57346\/"]}]},{"@type":"ImageObject","inLanguage":"cs","@id":"https:\/\/www.oknobuild.com\/index.php\/produkt\/znackovy-pnz-tvrdovoskovy-olej-na-podlahy-evo-matt-matny-2-5-l-57346\/#primaryimage","url":"https:\/\/www.oknobuild.com\/wp-content\/uploads\/2026\/SK0021168-CZ20260425-092328-0-1777080210-pnz-hartwachs-oel-evolution_6.webp","contentUrl":"https:\/\/www.oknobuild.com\/wp-content\/uploads\/2026\/SK0021168-CZ20260425-092328-0-1777080210-pnz-hartwachs-oel-evolution_6.webp","width":484,"height":700},{"@type":"BreadcrumbList","@id":"https:\/\/www.oknobuild.com\/index.php\/produkt\/znackovy-pnz-tvrdovoskovy-olej-na-podlahy-evo-matt-matny-2-5-l-57346\/#breadcrumb","itemListElement":[{"@type":"ListItem","position":1,"name":"Home","item":"https:\/\/www.oknobuild.com\/"},{"@type":"ListItem","position":2,"name":"Products","item":"https:\/\/www.oknobuild.com\/index.php\/products\/"},{"@type":"ListItem","position":3,"name":"Zna\u010dkov\u00fd PNZ Tvrdovoskov\u00fd olej na podlahy EVO matt \/ matn\u00fd 2,5 l"}]},{"@type":"WebSite","@id":"https:\/\/www.oknobuild.com\/#website","url":"https:\/\/www.oknobuild.com\/","name":"","description":"","potentialAction":[{"@type":"SearchAction","target":{"@type":"EntryPoint","urlTemplate":"https:\/\/www.oknobuild.com\/?s={search_term_string}"},"query-input":{"@type":"PropertyValueSpecification","valueRequired":true,"valueName":"search_term_string"}}],"inLanguage":"cs"}]}},"_links":{"self":[{"href":"https:\/\/www.oknobuild.com\/index.php\/wp-json\/wp\/v2\/product\/57346","targetHints":{"allow":["GET"]}}],"collection":[{"href":"https:\/\/www.oknobuild.com\/index.php\/wp-json\/wp\/v2\/product"}],"about":[{"href":"https:\/\/www.oknobuild.com\/index.php\/wp-json\/wp\/v2\/types\/product"}],"replies":[{"embeddable":true,"href":"https:\/\/www.oknobuild.com\/index.php\/wp-json\/wp\/v2\/comments?post=57346"}],"wp:featuredmedia":[{"embeddable":true,"href":"https:\/\/www.oknobuild.com\/index.php\/wp-json\/wp\/v2\/media\/57446"}],"wp:attachment":[{"href":"https:\/\/www.oknobuild.com\/index.php\/wp-json\/wp\/v2\/media?parent=57346"}],"wp:term":[{"taxonomy":"product_brand","embeddable":true,"href":"https:\/\/www.oknobuild.com\/index.php\/wp-json\/wp\/v2\/product_brand?post=57346"},{"taxonomy":"product_cat","embeddable":true,"href":"https:\/\/www.oknobuild.com\/index.php\/wp-json\/wp\/v2\/product_cat?post=57346"},{"taxonomy":"product_tag","embeddable":true,"href":"https:\/\/www.oknobuild.com\/index.php\/wp-json\/wp\/v2\/product_tag?post=57346"}],"curies":[{"name":"wp","href":"https:\/\/api.w.org\/{rel}","templated":true}]}}