{"id":57386,"date":"2026-04-27T04:43:07","date_gmt":"2026-04-27T04:43:07","guid":{"rendered":""},"modified":"2026-04-27T04:43:07","modified_gmt":"2026-04-27T04:43:07","slug":"akce-pnz-mydlove-osetreni-dreva-farblos-bezbarvy-5-l-57386","status":"publish","type":"product","link":"https:\/\/www.oknobuild.com\/index.php\/produkt\/akce-pnz-mydlove-osetreni-dreva-farblos-bezbarvy-5-l-57386\/","title":{"rendered":"Akce PNZ M\u00fddlov\u00e9 o\u0161et\u0159en\u00ed d\u0159eva farblos \/ bezbarv\u00fd 5 l"},"content":{"rendered":"<table>\n<div class=\"tab-pane active product-description\" id=\"popis\" role=\"tabpanel\">\n<div class=\"short-description\" itemprop=\"description\">HOLZBODENSEIFE<\/div>\n<div class=\"description\"><span class='bullet-line'>S odstra\u0148ova\u010dem ne\u010distot<br \/><\/span><span class='bullet-line'>Pro m\u011bkk\u00e9 a tvrd\u00e9 povrchy<br \/><\/span><br \/>\u25ba Vhodn\u00e9 pro<span class='bullet-line'>\u010ci\u0161t\u011bn\u00ed vyt\u011b\u017een\u00fdch, voskovan\u00fdch a naolejovan\u00fdch povrch\u016f, jako jsou n\u00e1ro\u010dn\u00e9 podlahy, st\u011bnov\u00e9 a stropn\u00ed panely, dve\u0159e, n\u00e1bytek, pracovn\u00ed desky a lamin\u00e1t, ale tak\u00e9 lakovan\u00e9 parkety a korkov\u00e9 povrchy. <br \/><\/span><span class='bullet-line'>D\u0159ev\u011bn\u00e9 podlahov\u00e9 m\u00fddlo PNZ \u010dist\u00ed a pe\u010duje o citliv\u00e9 povrchy m\u011bkk\u00e9ho a tvrd\u00e9ho d\u0159eva v interi\u00e9ru lze tak\u00e9 dob\u0159e pou\u017e\u00edt pro po\u010d\u00e1te\u010dn\u00ed o\u0161et\u0159en\u00ed.<br \/><\/span><br \/>\u25ba Aplikace \/ zpracov\u00e1n\u00ed<span class='bullet-line'>P\u0159ed \u010di\u0161t\u011bn\u00edm vy\u010dist\u011bte podlahu suchou (ko\u0161t\u011b nebo vysava\u010d).<br \/><\/span><span class='bullet-line'>Podlaha by m\u011bla b\u00fdt o\u010di\u0161t\u011bna a o\u0161et\u0159ov\u00e1na podle pot\u0159eby.<br \/><\/span><span class='bullet-line'>\u00dadr\u017eba naolejovan\u00fdch podlah:  cca. Um\u00edst\u011bte 80\u2013100 ml PNZ d\u0159ev\u011bn\u00e9 podlahov\u00e9 m\u00fddlo do 6\u20138 l (1 kbel\u00edk) \u010dist\u00e9 vody a ot\u0159ete navlh\u010den\u00fdm had\u0159\u00edkem. <br \/><\/span><span class='bullet-line'>Ot\u0159ete jej such\u00fdm had\u0159\u00edkem. <br \/><\/span><span class='bullet-line'>Neot\u00edrejte vodou, jinak bude ochrann\u00fd film odstran\u011bn.<br \/><\/span><span class='bullet-line'>Lakovan\u00e9 a ut\u011bsn\u011bn\u00e9 podlahy:  cca. Vlo\u017ete 25\u201330 ml PNZ d\u0159ev\u011bn\u00e9 podlahov\u00e9 m\u00fddlo do 6\u20138 l (1 kbel\u00edk) \u010dist\u00e9 vody a ot\u0159ete navlh\u010den\u00fdm had\u0159\u00edkem. <br \/><\/span><span class='bullet-line'>Ot\u0159ete jej such\u00fdm had\u0159\u00edkem. <br \/><\/span><span class='bullet-line'>Neot\u00edrejte vodou, jinak bude ochrann\u00fd film odstran\u011bn.<br \/><\/span><br \/>\u25ba spot\u0159eba<span class='bullet-line'>Cca. 50\u201380 ml \/ m 2 , tj. 1 litr ne\u0159ed\u011bn\u00e9ho m\u00fddla na b\u00e1zi d\u0159eva PNZ posta\u010duje na plochu cca 12\u201320 m 2  na aplikaci.<br \/><\/span><br \/>\u25ba \u00dalo\u017en\u00fd prostor<span class='bullet-line'>Chladn\u00fd, ale bez mrazu. <br \/><\/span><span class='bullet-line'>Lze je skladovat po dobu 3 let v neotev\u0159en\u00fdch n\u00e1dob\u00e1ch.<br \/><\/span><br \/>\u25ba P\u0159\u00edsady<span class='bullet-line'>Voda, <5% aniontov\u00fdch povrchov\u011b aktivn\u00edch l\u00e1tek, <5% neionogenn\u00edch povrchov\u011b aktivn\u00edch l\u00e1tek, povrchov\u011b aktivn\u00ed l\u00e1tky z kokosov\u00fdch tuk\u016f, <5% m\u00fddlo, s\u00f3jov\u00fd lecitin, pota\u0161, konzerva\u010dn\u00ed l\u00e1tky (benzoisothiazolinony, methylisothiazolinony).<br \/><\/span><br \/>\u25ba D\u016fle\u017eit\u00e9 pokyny<span class='bullet-line'>S2: Uchov\u00e1vejte mimo dosah d\u011bt\u00ed. M\u016f\u017ee vyvolat alergick\u00e9 reakce. K recyklaci d\u00e1vejte pouze zcela pr\u00e1zdn\u00e9 n\u00e1doby. <br \/><\/span><span class='bullet-line'>Zbytky su\u0161en\u00e9ho materi\u00e1lu lze likvidovat spole\u010dn\u011b s domovn\u00edm odpadem nebo jako stavebn\u00ed odpad. <br \/><\/span><span class='bullet-line'>Vra\u0165te zbytky kapaliny na sb\u011brn\u00e9 m\u00edsto pro star\u00e9 barvy. ASN \u010d .: 070699. UBA 260100001, Giscode GU 40.<br \/><\/span><br \/>\u25ba Velikosti kontejner\u016f<span class='bullet-line'>1 litr, 2,5 litru, 5 litr\u016f<br \/><\/span><span class='bullet-line'>Zbo\u017e\u00ed na sklad\u011b u v\u00fdrobce v omezen\u00e9m mno\u017estv\u00ed, v\u00edce kus\u016f na dotaz<\/span><\/div>\n<div class=\"parameters\">\n<tr>\n<td>spot\u0159eba<\/td>\n<td>Cca. 50\u201380 ml \/ m 2 , tj. 1 litr ne\u0159ed\u011bn\u00e9ho m\u00fddla na b\u00e1zi d\u0159eva PNZ posta\u010duje na  plochu cca 12\u201320 m 2 na aplikaci.<\/td>\n<\/tr>\n<tr>\n<td>Obzvl\u00e1\u0161t\u011b efektivn\u00ed<\/td>\n<td>ano<\/td>\n<\/tr>\n<tr>\n<td>Optimalizovan\u00e1 p\u00e9\u010de<\/td>\n<td>ano<\/td>\n<\/tr>\n<tr>\n<td>Vynikaj\u00edc\u00ed \u010distic\u00ed v\u00fdkon<\/td>\n<td>ano<\/td>\n<\/tr><\/div>\n<\/table>\n","protected":false},"excerpt":{"rendered":"<p>HOLZBODENSEIFE S odstra\u0148ova\u010dem ne\u010distotPro m\u011bkk\u00e9 a tvrd\u00e9 povrchy\u25ba Vhodn\u00e9 pro\u010ci\u0161t\u011bn\u00ed vyt\u011b\u017een\u00fdch, voskovan\u00fdch a naolejovan\u00fdch povrch\u016f, jako jsou n\u00e1ro\u010dn\u00e9 podlahy, st\u011bnov\u00e9 a stropn\u00ed panely, dve\u0159e, n\u00e1bytek, pracovn\u00ed desky a lamin\u00e1t, ale tak\u00e9 lakovan\u00e9 parkety a korkov\u00e9 povrchy. D\u0159ev\u011bn\u00e9 podlahov\u00e9 m\u00fddlo PNZ \u010dist\u00ed a pe\u010duje o citliv\u00e9 povrchy m\u011bkk\u00e9ho a tvrd\u00e9ho d\u0159eva v interi\u00e9ru lze tak\u00e9 dob\u0159e [&hellip;]<\/p>\n","protected":false},"featured_media":57486,"comment_status":"open","ping_status":"open","template":"","meta":[],"product_brand":[],"product_cat":[50,52,51],"product_tag":[],"class_list":{"0":"post-57386","1":"product","2":"type-product","3":"status-publish","4":"has-post-thumbnail","6":"product_cat-barvy","7":"product_cat-chemie","8":"product_cat-laky","10":"first","11":"instock","12":"sale","13":"shipping-taxable","14":"purchasable","15":"product-type-simple"},"yoast_head":"<!-- This site is optimized with the Yoast SEO plugin v26.8 - https:\/\/yoast.com\/product\/yoast-seo-wordpress\/ -->\n<title>Akce PNZ M\u00fddlov\u00e9 o\u0161et\u0159en\u00ed d\u0159eva farblos \/ bezbarv\u00fd 5 l -<\/title>\n<meta name=\"robots\" content=\"index, follow, max-snippet:-1, max-image-preview:large, max-video-preview:-1\" \/>\n<link rel=\"canonical\" href=\"https:\/\/www.oknobuild.com\/index.php\/produkt\/akce-pnz-mydlove-osetreni-dreva-farblos-bezbarvy-5-l-57386\/\" \/>\n<meta property=\"og:locale\" content=\"cs_CZ\" \/>\n<meta property=\"og:type\" content=\"article\" \/>\n<meta property=\"og:title\" content=\"Akce PNZ M\u00fddlov\u00e9 o\u0161et\u0159en\u00ed d\u0159eva farblos \/ bezbarv\u00fd 5 l -\" \/>\n<meta property=\"og:description\" content=\"HOLZBODENSEIFE S odstra\u0148ova\u010dem ne\u010distotPro m\u011bkk\u00e9 a tvrd\u00e9 povrchy\u25ba Vhodn\u00e9 pro\u010ci\u0161t\u011bn\u00ed vyt\u011b\u017een\u00fdch, voskovan\u00fdch a naolejovan\u00fdch povrch\u016f, jako jsou n\u00e1ro\u010dn\u00e9 podlahy, st\u011bnov\u00e9 a stropn\u00ed panely, dve\u0159e, n\u00e1bytek, pracovn\u00ed desky a lamin\u00e1t, ale tak\u00e9 lakovan\u00e9 parkety a korkov\u00e9 povrchy. D\u0159ev\u011bn\u00e9 podlahov\u00e9 m\u00fddlo PNZ \u010dist\u00ed a pe\u010duje o citliv\u00e9 povrchy m\u011bkk\u00e9ho a tvrd\u00e9ho d\u0159eva v interi\u00e9ru lze tak\u00e9 dob\u0159e [&hellip;]\" \/>\n<meta property=\"og:url\" content=\"https:\/\/www.oknobuild.com\/index.php\/produkt\/akce-pnz-mydlove-osetreni-dreva-farblos-bezbarvy-5-l-57386\/\" \/>\n<meta property=\"og:image\" content=\"https:\/\/www.oknobuild.com\/wp-content\/uploads\/2026\/SK0021208-CZ20260425-092328-0-1777080210-vystrsaaaaaaaizek_2.webp\" \/>\n\t<meta property=\"og:image:width\" content=\"516\" \/>\n\t<meta property=\"og:image:height\" content=\"699\" \/>\n\t<meta property=\"og:image:type\" content=\"image\/webp\" \/>\n<meta name=\"twitter:card\" content=\"summary_large_image\" \/>\n<meta name=\"twitter:label1\" content=\"Odhadovan\u00e1 doba \u010dten\u00ed\" \/>\n\t<meta name=\"twitter:data1\" content=\"1 minuta\" \/>\n<script type=\"application\/ld+json\" class=\"yoast-schema-graph\">{\"@context\":\"https:\/\/schema.org\",\"@graph\":[{\"@type\":\"WebPage\",\"@id\":\"https:\/\/www.oknobuild.com\/index.php\/produkt\/akce-pnz-mydlove-osetreni-dreva-farblos-bezbarvy-5-l-57386\/\",\"url\":\"https:\/\/www.oknobuild.com\/index.php\/produkt\/akce-pnz-mydlove-osetreni-dreva-farblos-bezbarvy-5-l-57386\/\",\"name\":\"Akce PNZ M\u00fddlov\u00e9 o\u0161et\u0159en\u00ed d\u0159eva farblos \/ bezbarv\u00fd 5 l -\",\"isPartOf\":{\"@id\":\"https:\/\/www.oknobuild.com\/#website\"},\"primaryImageOfPage\":{\"@id\":\"https:\/\/www.oknobuild.com\/index.php\/produkt\/akce-pnz-mydlove-osetreni-dreva-farblos-bezbarvy-5-l-57386\/#primaryimage\"},\"image\":{\"@id\":\"https:\/\/www.oknobuild.com\/index.php\/produkt\/akce-pnz-mydlove-osetreni-dreva-farblos-bezbarvy-5-l-57386\/#primaryimage\"},\"thumbnailUrl\":\"https:\/\/www.oknobuild.com\/wp-content\/uploads\/2026\/SK0021208-CZ20260425-092328-0-1777080210-vystrsaaaaaaaizek_2.webp\",\"datePublished\":\"2026-04-27T04:43:07+00:00\",\"breadcrumb\":{\"@id\":\"https:\/\/www.oknobuild.com\/index.php\/produkt\/akce-pnz-mydlove-osetreni-dreva-farblos-bezbarvy-5-l-57386\/#breadcrumb\"},\"inLanguage\":\"cs\",\"potentialAction\":[{\"@type\":\"ReadAction\",\"target\":[\"https:\/\/www.oknobuild.com\/index.php\/produkt\/akce-pnz-mydlove-osetreni-dreva-farblos-bezbarvy-5-l-57386\/\"]}]},{\"@type\":\"ImageObject\",\"inLanguage\":\"cs\",\"@id\":\"https:\/\/www.oknobuild.com\/index.php\/produkt\/akce-pnz-mydlove-osetreni-dreva-farblos-bezbarvy-5-l-57386\/#primaryimage\",\"url\":\"https:\/\/www.oknobuild.com\/wp-content\/uploads\/2026\/SK0021208-CZ20260425-092328-0-1777080210-vystrsaaaaaaaizek_2.webp\",\"contentUrl\":\"https:\/\/www.oknobuild.com\/wp-content\/uploads\/2026\/SK0021208-CZ20260425-092328-0-1777080210-vystrsaaaaaaaizek_2.webp\",\"width\":516,\"height\":699},{\"@type\":\"BreadcrumbList\",\"@id\":\"https:\/\/www.oknobuild.com\/index.php\/produkt\/akce-pnz-mydlove-osetreni-dreva-farblos-bezbarvy-5-l-57386\/#breadcrumb\",\"itemListElement\":[{\"@type\":\"ListItem\",\"position\":1,\"name\":\"Home\",\"item\":\"https:\/\/www.oknobuild.com\/\"},{\"@type\":\"ListItem\",\"position\":2,\"name\":\"Products\",\"item\":\"https:\/\/www.oknobuild.com\/index.php\/products\/\"},{\"@type\":\"ListItem\",\"position\":3,\"name\":\"Akce PNZ M\u00fddlov\u00e9 o\u0161et\u0159en\u00ed d\u0159eva farblos \/ bezbarv\u00fd 5 l\"}]},{\"@type\":\"WebSite\",\"@id\":\"https:\/\/www.oknobuild.com\/#website\",\"url\":\"https:\/\/www.oknobuild.com\/\",\"name\":\"\",\"description\":\"\",\"potentialAction\":[{\"@type\":\"SearchAction\",\"target\":{\"@type\":\"EntryPoint\",\"urlTemplate\":\"https:\/\/www.oknobuild.com\/?s={search_term_string}\"},\"query-input\":{\"@type\":\"PropertyValueSpecification\",\"valueRequired\":true,\"valueName\":\"search_term_string\"}}],\"inLanguage\":\"cs\"}]}<\/script>\n<!-- \/ Yoast SEO plugin. -->","yoast_head_json":{"title":"Akce PNZ M\u00fddlov\u00e9 o\u0161et\u0159en\u00ed d\u0159eva farblos \/ bezbarv\u00fd 5 l -","robots":{"index":"index","follow":"follow","max-snippet":"max-snippet:-1","max-image-preview":"max-image-preview:large","max-video-preview":"max-video-preview:-1"},"canonical":"https:\/\/www.oknobuild.com\/index.php\/produkt\/akce-pnz-mydlove-osetreni-dreva-farblos-bezbarvy-5-l-57386\/","og_locale":"cs_CZ","og_type":"article","og_title":"Akce PNZ M\u00fddlov\u00e9 o\u0161et\u0159en\u00ed d\u0159eva farblos \/ bezbarv\u00fd 5 l -","og_description":"HOLZBODENSEIFE S odstra\u0148ova\u010dem ne\u010distotPro m\u011bkk\u00e9 a tvrd\u00e9 povrchy\u25ba Vhodn\u00e9 pro\u010ci\u0161t\u011bn\u00ed vyt\u011b\u017een\u00fdch, voskovan\u00fdch a naolejovan\u00fdch povrch\u016f, jako jsou n\u00e1ro\u010dn\u00e9 podlahy, st\u011bnov\u00e9 a stropn\u00ed panely, dve\u0159e, n\u00e1bytek, pracovn\u00ed desky a lamin\u00e1t, ale tak\u00e9 lakovan\u00e9 parkety a korkov\u00e9 povrchy. D\u0159ev\u011bn\u00e9 podlahov\u00e9 m\u00fddlo PNZ \u010dist\u00ed a pe\u010duje o citliv\u00e9 povrchy m\u011bkk\u00e9ho a tvrd\u00e9ho d\u0159eva v interi\u00e9ru lze tak\u00e9 dob\u0159e [&hellip;]","og_url":"https:\/\/www.oknobuild.com\/index.php\/produkt\/akce-pnz-mydlove-osetreni-dreva-farblos-bezbarvy-5-l-57386\/","og_image":[{"width":516,"height":699,"url":"https:\/\/www.oknobuild.com\/wp-content\/uploads\/2026\/SK0021208-CZ20260425-092328-0-1777080210-vystrsaaaaaaaizek_2.webp","type":"image\/webp"}],"twitter_card":"summary_large_image","twitter_misc":{"Odhadovan\u00e1 doba \u010dten\u00ed":"1 minuta"},"schema":{"@context":"https:\/\/schema.org","@graph":[{"@type":"WebPage","@id":"https:\/\/www.oknobuild.com\/index.php\/produkt\/akce-pnz-mydlove-osetreni-dreva-farblos-bezbarvy-5-l-57386\/","url":"https:\/\/www.oknobuild.com\/index.php\/produkt\/akce-pnz-mydlove-osetreni-dreva-farblos-bezbarvy-5-l-57386\/","name":"Akce PNZ M\u00fddlov\u00e9 o\u0161et\u0159en\u00ed d\u0159eva farblos \/ bezbarv\u00fd 5 l -","isPartOf":{"@id":"https:\/\/www.oknobuild.com\/#website"},"primaryImageOfPage":{"@id":"https:\/\/www.oknobuild.com\/index.php\/produkt\/akce-pnz-mydlove-osetreni-dreva-farblos-bezbarvy-5-l-57386\/#primaryimage"},"image":{"@id":"https:\/\/www.oknobuild.com\/index.php\/produkt\/akce-pnz-mydlove-osetreni-dreva-farblos-bezbarvy-5-l-57386\/#primaryimage"},"thumbnailUrl":"https:\/\/www.oknobuild.com\/wp-content\/uploads\/2026\/SK0021208-CZ20260425-092328-0-1777080210-vystrsaaaaaaaizek_2.webp","datePublished":"2026-04-27T04:43:07+00:00","breadcrumb":{"@id":"https:\/\/www.oknobuild.com\/index.php\/produkt\/akce-pnz-mydlove-osetreni-dreva-farblos-bezbarvy-5-l-57386\/#breadcrumb"},"inLanguage":"cs","potentialAction":[{"@type":"ReadAction","target":["https:\/\/www.oknobuild.com\/index.php\/produkt\/akce-pnz-mydlove-osetreni-dreva-farblos-bezbarvy-5-l-57386\/"]}]},{"@type":"ImageObject","inLanguage":"cs","@id":"https:\/\/www.oknobuild.com\/index.php\/produkt\/akce-pnz-mydlove-osetreni-dreva-farblos-bezbarvy-5-l-57386\/#primaryimage","url":"https:\/\/www.oknobuild.com\/wp-content\/uploads\/2026\/SK0021208-CZ20260425-092328-0-1777080210-vystrsaaaaaaaizek_2.webp","contentUrl":"https:\/\/www.oknobuild.com\/wp-content\/uploads\/2026\/SK0021208-CZ20260425-092328-0-1777080210-vystrsaaaaaaaizek_2.webp","width":516,"height":699},{"@type":"BreadcrumbList","@id":"https:\/\/www.oknobuild.com\/index.php\/produkt\/akce-pnz-mydlove-osetreni-dreva-farblos-bezbarvy-5-l-57386\/#breadcrumb","itemListElement":[{"@type":"ListItem","position":1,"name":"Home","item":"https:\/\/www.oknobuild.com\/"},{"@type":"ListItem","position":2,"name":"Products","item":"https:\/\/www.oknobuild.com\/index.php\/products\/"},{"@type":"ListItem","position":3,"name":"Akce PNZ M\u00fddlov\u00e9 o\u0161et\u0159en\u00ed d\u0159eva farblos \/ bezbarv\u00fd 5 l"}]},{"@type":"WebSite","@id":"https:\/\/www.oknobuild.com\/#website","url":"https:\/\/www.oknobuild.com\/","name":"","description":"","potentialAction":[{"@type":"SearchAction","target":{"@type":"EntryPoint","urlTemplate":"https:\/\/www.oknobuild.com\/?s={search_term_string}"},"query-input":{"@type":"PropertyValueSpecification","valueRequired":true,"valueName":"search_term_string"}}],"inLanguage":"cs"}]}},"_links":{"self":[{"href":"https:\/\/www.oknobuild.com\/index.php\/wp-json\/wp\/v2\/product\/57386","targetHints":{"allow":["GET"]}}],"collection":[{"href":"https:\/\/www.oknobuild.com\/index.php\/wp-json\/wp\/v2\/product"}],"about":[{"href":"https:\/\/www.oknobuild.com\/index.php\/wp-json\/wp\/v2\/types\/product"}],"replies":[{"embeddable":true,"href":"https:\/\/www.oknobuild.com\/index.php\/wp-json\/wp\/v2\/comments?post=57386"}],"wp:featuredmedia":[{"embeddable":true,"href":"https:\/\/www.oknobuild.com\/index.php\/wp-json\/wp\/v2\/media\/57486"}],"wp:attachment":[{"href":"https:\/\/www.oknobuild.com\/index.php\/wp-json\/wp\/v2\/media?parent=57386"}],"wp:term":[{"taxonomy":"product_brand","embeddable":true,"href":"https:\/\/www.oknobuild.com\/index.php\/wp-json\/wp\/v2\/product_brand?post=57386"},{"taxonomy":"product_cat","embeddable":true,"href":"https:\/\/www.oknobuild.com\/index.php\/wp-json\/wp\/v2\/product_cat?post=57386"},{"taxonomy":"product_tag","embeddable":true,"href":"https:\/\/www.oknobuild.com\/index.php\/wp-json\/wp\/v2\/product_tag?post=57386"}],"curies":[{"name":"wp","href":"https:\/\/api.w.org\/{rel}","templated":true}]}}