{"id":57545,"date":"2026-04-27T04:43:08","date_gmt":"2026-04-27T04:43:08","guid":{"rendered":""},"modified":"2026-04-27T04:43:08","modified_gmt":"2026-04-27T04:43:08","slug":"akce-pnz-kryci-prirodni-olej-sonnengelb-svetle-zluta-0-75-l-57545","status":"publish","type":"product","link":"https:\/\/www.oknobuild.com\/index.php\/produkt\/akce-pnz-kryci-prirodni-olej-sonnengelb-svetle-zluta-0-75-l-57545\/","title":{"rendered":"Akce PNZ Kryc\u00ed p\u0159\u00edrodn\u00ed olej sonnengelb \/ sv\u011btle \u017elut\u00e1 0,75 l"},"content":{"rendered":"<table>\n<div class=\"tab-pane active product-description\" id=\"popis\" role=\"tabpanel\">\n<div class=\"short-description\" itemprop=\"description\">HOLZDECKFARBE<\/div>\n<div class=\"description\"><span class='bullet-line'>Krytina<br \/><\/span><span class='bullet-line'>Otev\u0159en\u00fd p\u00f3r<br \/><\/span><span class='bullet-line'>Vynikaj\u00edc\u00ed ochrana proti pov\u011btrnostn\u00edm vliv\u016fm<br \/><\/span><br \/>\u25ba Vhodn\u00e9 pro<span class='bullet-line'>V\u0161echny d\u0159eviny v interi\u00e9ru i venku, kde je vy\u017eadov\u00e1n zvl\u00e1\u0161t\u011b odoln\u00fd povlak, nap\u0159\u00edklad B. d\u0159ev\u011bn\u00e9 fas\u00e1dy, balkony, okna a \u017ealuzie, ploty, pergoly, d\u0159ev\u011bn\u00e9 \u0161indele, zahradn\u00ed n\u00e1bytek a zahradn\u00ed domky, p\u0159\u00edstavy atd. <br \/><\/span><span class='bullet-line'>D\u0159ev\u011bn\u00e1 kryc\u00ed barva PNZ je stejn\u011b vhodn\u00e1 pro v\u0161echny druhy d\u0159eva. <br \/><\/span><span class='bullet-line'>Tento produkt je tak\u00e9 ide\u00e1ln\u00ed pro obnovu star\u00fdch n\u00e1t\u011br\u016f s otev\u0159en\u00fdmi p\u00f3ry a zv\u011btral\u00fdch d\u0159ev\u011bn\u00fdch povrch\u016f. <br \/><\/span><span class='bullet-line'>Nepr\u016fhledn\u00fd, trvanliv\u00fd a trvanliv\u00fd n\u00e1t\u011br d\u0159eva se osv\u011bd\u010dil v extr\u00e9mn\u00edch pov\u011btrnostn\u00edch podm\u00ednk\u00e1ch na mo\u0159i a na hor\u00e1ch. <br \/><\/span><span class='bullet-line'>Kryc\u00ed n\u00e1t\u011br na d\u0159evo PNZ neobsahuje biocidn\u00ed l\u00e1tky a konzerva\u010dn\u00ed l\u00e1tky a lze jej proto pou\u017e\u00edvat i v interi\u00e9ru.<br \/><\/span><span class='bullet-line'>Glazura je t\u00e9 nejvy\u0161\u0161\u00ed kvality a snadno se s n\u00ed pracuje.<br \/><\/span><br \/>\u25ba Aplikace \/ zpracov\u00e1n\u00ed<span class='bullet-line'>Povrch mus\u00ed b\u00fdt zbaven mastnoty, \u010dist\u00fd, bezpra\u0161n\u00fd a such\u00fd (p\u0159\u00edpadn\u011b p\u00edskovan\u00fd).<br \/><\/span><span class='bullet-line'>K \u010di\u0161t\u011bn\u00ed star\u00fdch, otev\u0159en\u00fdch a stabiln\u00edch n\u00e1t\u011br\u016f na d\u0159evo pou\u017eijte zahradn\u00ed \u010disti\u010d d\u0159eva.<br \/><\/span><span class='bullet-line'>Teplota zpracov\u00e1n\u00ed (v\u010detn\u011b su\u0161en\u00ed) nad + 8 \u00b0 C Vlhkost d\u0159eva nep\u0159esahuje 20%.<br \/><\/span><span class='bullet-line'>Doba schnut\u00ed 12-24 hodin (prach 6 hodin).<br \/><\/span><span class='bullet-line'>P\u0159ed a b\u011bhem pou\u017eit\u00ed dob\u0159e prom\u00edchejte obsah.<br \/><\/span><span class='bullet-line'>P\u0159ed o\u0161et\u0159en\u00edm impregna\u010dn\u00edm primerem ochra\u0148te p\u0159ed hnilobou, modr\u00fdmi skvrnami a pl\u00edsn\u011bmi.<br \/><\/span><span class='bullet-line'>P\u0159ed mont\u00e1\u017e\u00ed naneste prvn\u00ed vrstvu na v\u0161echny strany<br \/><\/span><span class='bullet-line'>Kryc\u00ed barva na d\u0159evo PNZ je p\u0159ipravena k lakov\u00e1n\u00ed a nelze ji \u0159edit! <br \/><\/span><span class='bullet-line'>Naneste tenkou vrstvu v\u00e1le\u010dkem a \u0161t\u011btcem a rovnom\u011brn\u011b rozprost\u0159ete ve sm\u011bru d\u0159eva. <br \/><\/span><span class='bullet-line'>St\u0159\u00edk\u00e1n\u00ed mo\u017en\u00e9 pomoc\u00ed 2 trysek. Naneste druh\u00fd n\u00e1t\u011br po dob\u011b schnut\u00ed 12 a\u017e 24 hodin. (Jedna vrstva obvykle posta\u010duje k renovaci). <br \/><\/span><span class='bullet-line'>Pokud je to mo\u017en\u00e9, p\u0159ed nanesen\u00edm d\u0159eva naneste prvn\u00ed vrstvu barvy na v\u0161echny strany.<br \/><\/span><br \/>\u25ba Spot\u0159eba<span class='bullet-line'>Cca. 40 ml \/ m\u00b2, tj. 1 litr kryc\u00ed barvy na d\u0159evo PNZ posta\u010duje na plochu cca 25 m\u00b2 na zak\u00e1zku. <br \/><\/span><span class='bullet-line'>U hrub\u011b \u0159ezan\u00e9ho nebo r\u00fdhovan\u00e9ho d\u0159eva lze spot\u0159ebu zdvojn\u00e1sobit nebo ztrojn\u00e1sobit.<br \/><\/span><br \/>\u25ba \u010ci\u0161t\u011bn\u00ed<span class='bullet-line'>N\u00e1\u0159ad\u00ed o\u010dist\u011bte \u0159edidlem nebo b\u00edl\u00fdm benz\u00ednem.<br \/><\/span><br \/>\u25ba \u00dalo\u017en\u00fd prostor<span class='bullet-line'>Chladn\u00fd, ale bez mrazu. Skladovatelnost 5 let v neotev\u0159en\u00fdch n\u00e1dob\u00e1ch. <br \/><\/span><span class='bullet-line'>Otev\u0159en\u00e9 n\u00e1doby p\u0159eve\u010fte do men\u0161\u00edch vhodn\u00fdch n\u00e1dob, vzduchot\u011bsn\u011b uzav\u0159ete a brzy je spot\u0159ebujte.<br \/><\/span><br \/>\u25ba P\u0159\u00edsady<span class='bullet-line'>Z\u00e1kladn\u00ed rafinovan\u00e9 oleje (slune\u010dnicov\u00fd olej, ln\u011bn\u00fd olej, olej ze d\u0159eva, sv\u011btlicov\u00fd olej), oxid \u017eeleza a organick\u00e9 pigmenty, b\u00edl\u00e9 pigmenty oxidu titani\u010dit\u00e9ho. <br \/><\/span><span class='bullet-line'>Su\u0161ic\u00ed a su\u0161\u00edc\u00ed p\u0159\u00edsady, isoalif\u00e1ty, kobalt bis (2-ethylhexano\u00e1t).<br \/><\/span><br \/>\u25ba D\u016fle\u017eit\u00e9 pokyny<span class='bullet-line'>Pokud pou\u017e\u00edv\u00e1te n\u011bkolik n\u00e1dob s r\u016fzn\u00fdmi \u010d\u00edsly \u0161ar\u017e\u00ed, sm\u00edchejte je spole\u010dn\u011b do v\u011bt\u0161\u00ed n\u00e1doby! <br \/><\/span><span class='bullet-line'>S2: Uchov\u00e1vejte mimo dosah d\u011bt\u00ed. M\u016f\u017ee vyvolat alergick\u00e9 reakce. Obsahuje 2-butanonoxim. <br \/><\/span><span class='bullet-line'>P\u0159i zasa\u017een\u00ed o\u010d\u00ed okam\u017eit\u011b vypl\u00e1chn\u011bte \u010distou vodou. Nepracujte v bl\u00edzkosti otev\u0159en\u00e9ho ohn\u011b. <br \/><\/span><span class='bullet-line'>Vysu\u0161en\u00e1 barva je neho\u0159lav\u00e1 podle TLA-053 a norm\u00e1ln\u011b ho\u0159lav\u00e1 podle DIN 4102 B2. <br \/><\/span><span class='bullet-line'>Vra\u0165te zbytky kapaliny na sb\u011brn\u00e9 m\u00edsto pro star\u00e9 barvy. <br \/><\/span><span class='bullet-line'>ASN \u010d .: 080112. Mezn\u00ed hodnota EU pro produkt (A \/ e): 500g \/ l (2007) \/ 400g \/ l (2010). Tento produkt obsahuje maxim\u00e1ln\u011b 400 g \/ l VOC.<br \/><\/span><br \/>\u25ba St\u00edny<span class='bullet-line'>Bezbarv\u00e1, b\u00edl\u00e1, slonov\u00e1 kost, sv\u011btle \u017elut\u00e1, smrkov\u00e1 \u017elut\u00e1, nordick\u00e1 \u010derven\u00e1, cedr \/ \u010derven\u00e9 d\u0159evo, karm\u00ednov\u00e1 \u010derven\u00e1, obl\u00e1zkov\u00e1 \u0161ed\u00e1, sv\u011btle \u0161ed\u00e1, dopravn\u00ed \u0161ed\u00e1, k\u00e1men \u0161ed\u00e1, \u010dern\u00e1 \u0161ed\u00e1, holubice modr\u00e1, tyrkysov\u011b modr\u00e1, labrador, kr\u00e1lovsk\u00e1 modr\u00e1, jedle zelen\u00e1, st\u0159edn\u011b hn\u011bd\u00e1, tmav\u011b hn\u011bd\u00e1. <br \/><\/span><span class='bullet-line'>V\u0161echny barvy jsou vz\u00e1jemn\u011b m\u00edsiteln\u00e9. Bezbarv\u00e1 nejen pro venkovn\u00ed pou\u017eit\u00ed. <br \/><\/span><span class='bullet-line'>Pou\u017e\u00edvejte pouze v kombinaci s barevn\u00fdm n\u00e1t\u011brem, proto\u017ee bezbarv\u00e1 l\u00e1tka neposkytuje dostate\u010dnou ochranu p\u0159ed UV z\u00e1\u0159en\u00edm.<br \/><\/span><br \/>\u25ba Velikosti kontejner\u016f<span class='bullet-line'>0,75 litru, 2,5 litru a v\u00edce.<\/span><\/div>\n<div class=\"parameters\">\n<tr>\n<td>Spot\u0159eba<\/td>\n<td>Cca. 40 ml \/ m\u00b2, tj. 1 litr kryc\u00ed barvy na d\u0159evo PNZ posta\u010duje na plochu cca 25 m\u00b2 na objedn\u00e1vku. U hrub\u011b \u0159ezan\u00e9ho nebo r\u00fdhovan\u00e9ho d\u0159eva lze spot\u0159ebu zdvojn\u00e1sobit nebo ztrojn\u00e1sobit.<\/td>\n<\/tr>\n<tr>\n<td>Doba schnut\u00ed<\/td>\n<td>cca 12 &#8211; 24 hodin (prach cca za 6 hodin)<\/td>\n<\/tr>\n<tr>\n<td>Ochrana proti modrosti a hnilob\u011b<\/td>\n<td>ano<\/td>\n<\/tr>\n<tr>\n<td>UV ochrana<\/td>\n<td>ano<\/td>\n<\/tr>\n<tr>\n<td>Siln\u011b odpuzuj\u00edc\u00ed vodu<\/td>\n<td>ano<\/td>\n<\/tr>\n<tr>\n<td>Ochrana proti \u0161ediv\u011bn\u00ed<\/td>\n<td>ano<\/td>\n<\/tr>\n<tr>\n<td>Trval\u00e1 ochrana proti pov\u011btrnostn\u00edm vliv\u016fm<\/td>\n<td>ano<\/td>\n<\/tr>\n<tr>\n<td>Profesion\u00e1ln\u00ed kvalita<\/td>\n<td>ano<\/td>\n<\/tr><\/div>\n<\/table>\n","protected":false},"excerpt":{"rendered":"<p>HOLZDECKFARBE KrytinaOtev\u0159en\u00fd p\u00f3rVynikaj\u00edc\u00ed ochrana proti pov\u011btrnostn\u00edm vliv\u016fm\u25ba Vhodn\u00e9 proV\u0161echny d\u0159eviny v interi\u00e9ru i venku, kde je vy\u017eadov\u00e1n zvl\u00e1\u0161t\u011b odoln\u00fd povlak, nap\u0159\u00edklad B. d\u0159ev\u011bn\u00e9 fas\u00e1dy, balkony, okna a \u017ealuzie, ploty, pergoly, d\u0159ev\u011bn\u00e9 \u0161indele, zahradn\u00ed n\u00e1bytek a zahradn\u00ed domky, p\u0159\u00edstavy atd. D\u0159ev\u011bn\u00e1 kryc\u00ed barva PNZ je stejn\u011b vhodn\u00e1 pro v\u0161echny druhy d\u0159eva. Tento produkt je tak\u00e9 ide\u00e1ln\u00ed [&hellip;]<\/p>\n","protected":false},"featured_media":57645,"comment_status":"open","ping_status":"open","template":"","meta":[],"product_brand":[],"product_cat":[50,52,51],"product_tag":[],"class_list":{"0":"post-57545","1":"product","2":"type-product","3":"status-publish","4":"has-post-thumbnail","6":"product_cat-barvy","7":"product_cat-chemie","8":"product_cat-laky","10":"first","11":"instock","12":"sale","13":"shipping-taxable","14":"purchasable","15":"product-type-simple"},"yoast_head":"<!-- This site is optimized with the Yoast SEO plugin v26.8 - https:\/\/yoast.com\/product\/yoast-seo-wordpress\/ -->\n<title>Akce PNZ Kryc\u00ed p\u0159\u00edrodn\u00ed olej sonnengelb \/ sv\u011btle \u017elut\u00e1 0,75 l -<\/title>\n<meta name=\"robots\" content=\"index, follow, max-snippet:-1, max-image-preview:large, max-video-preview:-1\" \/>\n<link rel=\"canonical\" href=\"https:\/\/www.oknobuild.com\/index.php\/produkt\/akce-pnz-kryci-prirodni-olej-sonnengelb-svetle-zluta-0-75-l-57545\/\" \/>\n<meta property=\"og:locale\" content=\"cs_CZ\" \/>\n<meta property=\"og:type\" content=\"article\" \/>\n<meta property=\"og:title\" content=\"Akce PNZ Kryc\u00ed p\u0159\u00edrodn\u00ed olej sonnengelb \/ sv\u011btle \u017elut\u00e1 0,75 l -\" \/>\n<meta property=\"og:description\" content=\"HOLZDECKFARBE KrytinaOtev\u0159en\u00fd p\u00f3rVynikaj\u00edc\u00ed ochrana proti pov\u011btrnostn\u00edm vliv\u016fm\u25ba Vhodn\u00e9 proV\u0161echny d\u0159eviny v interi\u00e9ru i venku, kde je vy\u017eadov\u00e1n zvl\u00e1\u0161t\u011b odoln\u00fd povlak, nap\u0159\u00edklad B. d\u0159ev\u011bn\u00e9 fas\u00e1dy, balkony, okna a \u017ealuzie, ploty, pergoly, d\u0159ev\u011bn\u00e9 \u0161indele, zahradn\u00ed n\u00e1bytek a zahradn\u00ed domky, p\u0159\u00edstavy atd. D\u0159ev\u011bn\u00e1 kryc\u00ed barva PNZ je stejn\u011b vhodn\u00e1 pro v\u0161echny druhy d\u0159eva. Tento produkt je tak\u00e9 ide\u00e1ln\u00ed [&hellip;]\" \/>\n<meta property=\"og:url\" content=\"https:\/\/www.oknobuild.com\/index.php\/produkt\/akce-pnz-kryci-prirodni-olej-sonnengelb-svetle-zluta-0-75-l-57545\/\" \/>\n<meta property=\"og:image\" content=\"https:\/\/www.oknobuild.com\/wp-content\/uploads\/2026\/SK0021267-CZ20260425-092328-0-1777080210-slunecni-zlut0_1.webp\" \/>\n\t<meta property=\"og:image:width\" content=\"540\" \/>\n\t<meta property=\"og:image:height\" content=\"699\" \/>\n\t<meta property=\"og:image:type\" content=\"image\/webp\" \/>\n<meta name=\"twitter:card\" content=\"summary_large_image\" \/>\n<meta name=\"twitter:label1\" content=\"Odhadovan\u00e1 doba \u010dten\u00ed\" \/>\n\t<meta name=\"twitter:data1\" content=\"4 minuty\" \/>\n<script type=\"application\/ld+json\" class=\"yoast-schema-graph\">{\"@context\":\"https:\/\/schema.org\",\"@graph\":[{\"@type\":\"WebPage\",\"@id\":\"https:\/\/www.oknobuild.com\/index.php\/produkt\/akce-pnz-kryci-prirodni-olej-sonnengelb-svetle-zluta-0-75-l-57545\/\",\"url\":\"https:\/\/www.oknobuild.com\/index.php\/produkt\/akce-pnz-kryci-prirodni-olej-sonnengelb-svetle-zluta-0-75-l-57545\/\",\"name\":\"Akce PNZ Kryc\u00ed p\u0159\u00edrodn\u00ed olej sonnengelb \/ sv\u011btle \u017elut\u00e1 0,75 l -\",\"isPartOf\":{\"@id\":\"https:\/\/www.oknobuild.com\/#website\"},\"primaryImageOfPage\":{\"@id\":\"https:\/\/www.oknobuild.com\/index.php\/produkt\/akce-pnz-kryci-prirodni-olej-sonnengelb-svetle-zluta-0-75-l-57545\/#primaryimage\"},\"image\":{\"@id\":\"https:\/\/www.oknobuild.com\/index.php\/produkt\/akce-pnz-kryci-prirodni-olej-sonnengelb-svetle-zluta-0-75-l-57545\/#primaryimage\"},\"thumbnailUrl\":\"https:\/\/www.oknobuild.com\/wp-content\/uploads\/2026\/SK0021267-CZ20260425-092328-0-1777080210-slunecni-zlut0_1.webp\",\"datePublished\":\"2026-04-27T04:43:08+00:00\",\"breadcrumb\":{\"@id\":\"https:\/\/www.oknobuild.com\/index.php\/produkt\/akce-pnz-kryci-prirodni-olej-sonnengelb-svetle-zluta-0-75-l-57545\/#breadcrumb\"},\"inLanguage\":\"cs\",\"potentialAction\":[{\"@type\":\"ReadAction\",\"target\":[\"https:\/\/www.oknobuild.com\/index.php\/produkt\/akce-pnz-kryci-prirodni-olej-sonnengelb-svetle-zluta-0-75-l-57545\/\"]}]},{\"@type\":\"ImageObject\",\"inLanguage\":\"cs\",\"@id\":\"https:\/\/www.oknobuild.com\/index.php\/produkt\/akce-pnz-kryci-prirodni-olej-sonnengelb-svetle-zluta-0-75-l-57545\/#primaryimage\",\"url\":\"https:\/\/www.oknobuild.com\/wp-content\/uploads\/2026\/SK0021267-CZ20260425-092328-0-1777080210-slunecni-zlut0_1.webp\",\"contentUrl\":\"https:\/\/www.oknobuild.com\/wp-content\/uploads\/2026\/SK0021267-CZ20260425-092328-0-1777080210-slunecni-zlut0_1.webp\",\"width\":540,\"height\":699},{\"@type\":\"BreadcrumbList\",\"@id\":\"https:\/\/www.oknobuild.com\/index.php\/produkt\/akce-pnz-kryci-prirodni-olej-sonnengelb-svetle-zluta-0-75-l-57545\/#breadcrumb\",\"itemListElement\":[{\"@type\":\"ListItem\",\"position\":1,\"name\":\"Home\",\"item\":\"https:\/\/www.oknobuild.com\/\"},{\"@type\":\"ListItem\",\"position\":2,\"name\":\"Products\",\"item\":\"https:\/\/www.oknobuild.com\/index.php\/products\/\"},{\"@type\":\"ListItem\",\"position\":3,\"name\":\"Akce PNZ Kryc\u00ed p\u0159\u00edrodn\u00ed olej sonnengelb \/ sv\u011btle \u017elut\u00e1 0,75 l\"}]},{\"@type\":\"WebSite\",\"@id\":\"https:\/\/www.oknobuild.com\/#website\",\"url\":\"https:\/\/www.oknobuild.com\/\",\"name\":\"\",\"description\":\"\",\"potentialAction\":[{\"@type\":\"SearchAction\",\"target\":{\"@type\":\"EntryPoint\",\"urlTemplate\":\"https:\/\/www.oknobuild.com\/?s={search_term_string}\"},\"query-input\":{\"@type\":\"PropertyValueSpecification\",\"valueRequired\":true,\"valueName\":\"search_term_string\"}}],\"inLanguage\":\"cs\"}]}<\/script>\n<!-- \/ Yoast SEO plugin. -->","yoast_head_json":{"title":"Akce PNZ Kryc\u00ed p\u0159\u00edrodn\u00ed olej sonnengelb \/ sv\u011btle \u017elut\u00e1 0,75 l -","robots":{"index":"index","follow":"follow","max-snippet":"max-snippet:-1","max-image-preview":"max-image-preview:large","max-video-preview":"max-video-preview:-1"},"canonical":"https:\/\/www.oknobuild.com\/index.php\/produkt\/akce-pnz-kryci-prirodni-olej-sonnengelb-svetle-zluta-0-75-l-57545\/","og_locale":"cs_CZ","og_type":"article","og_title":"Akce PNZ Kryc\u00ed p\u0159\u00edrodn\u00ed olej sonnengelb \/ sv\u011btle \u017elut\u00e1 0,75 l -","og_description":"HOLZDECKFARBE KrytinaOtev\u0159en\u00fd p\u00f3rVynikaj\u00edc\u00ed ochrana proti pov\u011btrnostn\u00edm vliv\u016fm\u25ba Vhodn\u00e9 proV\u0161echny d\u0159eviny v interi\u00e9ru i venku, kde je vy\u017eadov\u00e1n zvl\u00e1\u0161t\u011b odoln\u00fd povlak, nap\u0159\u00edklad B. d\u0159ev\u011bn\u00e9 fas\u00e1dy, balkony, okna a \u017ealuzie, ploty, pergoly, d\u0159ev\u011bn\u00e9 \u0161indele, zahradn\u00ed n\u00e1bytek a zahradn\u00ed domky, p\u0159\u00edstavy atd. D\u0159ev\u011bn\u00e1 kryc\u00ed barva PNZ je stejn\u011b vhodn\u00e1 pro v\u0161echny druhy d\u0159eva. Tento produkt je tak\u00e9 ide\u00e1ln\u00ed [&hellip;]","og_url":"https:\/\/www.oknobuild.com\/index.php\/produkt\/akce-pnz-kryci-prirodni-olej-sonnengelb-svetle-zluta-0-75-l-57545\/","og_image":[{"width":540,"height":699,"url":"https:\/\/www.oknobuild.com\/wp-content\/uploads\/2026\/SK0021267-CZ20260425-092328-0-1777080210-slunecni-zlut0_1.webp","type":"image\/webp"}],"twitter_card":"summary_large_image","twitter_misc":{"Odhadovan\u00e1 doba \u010dten\u00ed":"4 minuty"},"schema":{"@context":"https:\/\/schema.org","@graph":[{"@type":"WebPage","@id":"https:\/\/www.oknobuild.com\/index.php\/produkt\/akce-pnz-kryci-prirodni-olej-sonnengelb-svetle-zluta-0-75-l-57545\/","url":"https:\/\/www.oknobuild.com\/index.php\/produkt\/akce-pnz-kryci-prirodni-olej-sonnengelb-svetle-zluta-0-75-l-57545\/","name":"Akce PNZ Kryc\u00ed p\u0159\u00edrodn\u00ed olej sonnengelb \/ sv\u011btle \u017elut\u00e1 0,75 l -","isPartOf":{"@id":"https:\/\/www.oknobuild.com\/#website"},"primaryImageOfPage":{"@id":"https:\/\/www.oknobuild.com\/index.php\/produkt\/akce-pnz-kryci-prirodni-olej-sonnengelb-svetle-zluta-0-75-l-57545\/#primaryimage"},"image":{"@id":"https:\/\/www.oknobuild.com\/index.php\/produkt\/akce-pnz-kryci-prirodni-olej-sonnengelb-svetle-zluta-0-75-l-57545\/#primaryimage"},"thumbnailUrl":"https:\/\/www.oknobuild.com\/wp-content\/uploads\/2026\/SK0021267-CZ20260425-092328-0-1777080210-slunecni-zlut0_1.webp","datePublished":"2026-04-27T04:43:08+00:00","breadcrumb":{"@id":"https:\/\/www.oknobuild.com\/index.php\/produkt\/akce-pnz-kryci-prirodni-olej-sonnengelb-svetle-zluta-0-75-l-57545\/#breadcrumb"},"inLanguage":"cs","potentialAction":[{"@type":"ReadAction","target":["https:\/\/www.oknobuild.com\/index.php\/produkt\/akce-pnz-kryci-prirodni-olej-sonnengelb-svetle-zluta-0-75-l-57545\/"]}]},{"@type":"ImageObject","inLanguage":"cs","@id":"https:\/\/www.oknobuild.com\/index.php\/produkt\/akce-pnz-kryci-prirodni-olej-sonnengelb-svetle-zluta-0-75-l-57545\/#primaryimage","url":"https:\/\/www.oknobuild.com\/wp-content\/uploads\/2026\/SK0021267-CZ20260425-092328-0-1777080210-slunecni-zlut0_1.webp","contentUrl":"https:\/\/www.oknobuild.com\/wp-content\/uploads\/2026\/SK0021267-CZ20260425-092328-0-1777080210-slunecni-zlut0_1.webp","width":540,"height":699},{"@type":"BreadcrumbList","@id":"https:\/\/www.oknobuild.com\/index.php\/produkt\/akce-pnz-kryci-prirodni-olej-sonnengelb-svetle-zluta-0-75-l-57545\/#breadcrumb","itemListElement":[{"@type":"ListItem","position":1,"name":"Home","item":"https:\/\/www.oknobuild.com\/"},{"@type":"ListItem","position":2,"name":"Products","item":"https:\/\/www.oknobuild.com\/index.php\/products\/"},{"@type":"ListItem","position":3,"name":"Akce PNZ Kryc\u00ed p\u0159\u00edrodn\u00ed olej sonnengelb \/ sv\u011btle \u017elut\u00e1 0,75 l"}]},{"@type":"WebSite","@id":"https:\/\/www.oknobuild.com\/#website","url":"https:\/\/www.oknobuild.com\/","name":"","description":"","potentialAction":[{"@type":"SearchAction","target":{"@type":"EntryPoint","urlTemplate":"https:\/\/www.oknobuild.com\/?s={search_term_string}"},"query-input":{"@type":"PropertyValueSpecification","valueRequired":true,"valueName":"search_term_string"}}],"inLanguage":"cs"}]}},"_links":{"self":[{"href":"https:\/\/www.oknobuild.com\/index.php\/wp-json\/wp\/v2\/product\/57545","targetHints":{"allow":["GET"]}}],"collection":[{"href":"https:\/\/www.oknobuild.com\/index.php\/wp-json\/wp\/v2\/product"}],"about":[{"href":"https:\/\/www.oknobuild.com\/index.php\/wp-json\/wp\/v2\/types\/product"}],"replies":[{"embeddable":true,"href":"https:\/\/www.oknobuild.com\/index.php\/wp-json\/wp\/v2\/comments?post=57545"}],"wp:featuredmedia":[{"embeddable":true,"href":"https:\/\/www.oknobuild.com\/index.php\/wp-json\/wp\/v2\/media\/57645"}],"wp:attachment":[{"href":"https:\/\/www.oknobuild.com\/index.php\/wp-json\/wp\/v2\/media?parent=57545"}],"wp:term":[{"taxonomy":"product_brand","embeddable":true,"href":"https:\/\/www.oknobuild.com\/index.php\/wp-json\/wp\/v2\/product_brand?post=57545"},{"taxonomy":"product_cat","embeddable":true,"href":"https:\/\/www.oknobuild.com\/index.php\/wp-json\/wp\/v2\/product_cat?post=57545"},{"taxonomy":"product_tag","embeddable":true,"href":"https:\/\/www.oknobuild.com\/index.php\/wp-json\/wp\/v2\/product_tag?post=57545"}],"curies":[{"name":"wp","href":"https:\/\/api.w.org\/{rel}","templated":true}]}}