{"id":57711,"date":"2026-04-27T04:43:08","date_gmt":"2026-04-27T04:43:08","guid":{"rendered":""},"modified":"2026-04-27T04:43:08","modified_gmt":"2026-04-27T04:43:08","slug":"znackovy-pnz-olejova-lazura-plus-mahagoni-mahagon-5-l-57711","status":"publish","type":"product","link":"https:\/\/www.oknobuild.com\/index.php\/produkt\/znackovy-pnz-olejova-lazura-plus-mahagoni-mahagon-5-l-57711\/","title":{"rendered":"Zna\u010dkov\u00fd PNZ Olejov\u00e1 lazura PLUS mahagoni \/ mahagon 5 l"},"content":{"rendered":"<table>\n<div class=\"tab-pane active product-description\" id=\"popis\" role=\"tabpanel\">\n<div class=\"short-description\" itemprop=\"description\">HOLZ-\u00d6L LASUR PLUS<\/div>\n<div class=\"description\"><span class='bullet-line'>Lazurovac\u00ed, tixotropn\u00ed, o\u0161et\u0159uj\u00edc\u00ed n\u00e1t\u011br, odoln\u00fd proti UV z\u00e1\u0159en\u00ed, vhodn\u00fd pro v\u0161echny druhy d\u0159evin. <br \/><\/span><span class='bullet-line'>Obsahuje fungicidn\u00ed l\u00e1tky, chr\u00e1n\u00ed proti pl\u00edsn\u00edm a houb\u00e1m.<br \/><\/span><br \/>\u25ba Charakteristika<span class='bullet-line'>Lazurovac\u00ed, tixotropn\u00ed, o\u0161et\u0159uj\u00edc\u00ed n\u00e1t\u011br vhodn\u00fd pro v\u0161echny druhy d\u0159evin. <br \/><\/span><span class='bullet-line'>Je siln\u011b vodoodpudiv\u00fd, snadno zpracovateln\u00fd a odoln\u00fd proti UV z\u00e1\u0159en\u00ed. <br \/><\/span><span class='bullet-line'>Poskytuje d\u0159evu p\u0159\u00edrodn\u00ed ochranu p\u0159ed pov\u011btrnostn\u00edmi vlivy a vodou. <br \/><\/span><span class='bullet-line'>Je vlhkostn\u011b reguluj\u00edc\u00ed, zabra\u0148uje bobtn\u00e1n\u00ed, vysych\u00e1n\u00ed a prask\u00e1n\u00ed d\u0159eva. <br \/><\/span><span class='bullet-line'>Chr\u00e1n\u00ed proti pl\u00edsn\u00edm a houb\u00e1m.<br \/><\/span><br \/>\u25ba Pou\u017eit\u00ed<span class='bullet-line'>O\u0161et\u0159en\u00ed v\u0161ech druh\u016f d\u0159evin ve venkovn\u00edm prost\u0159ed\u00ed, nap\u0159\u00edklad na obklady fas\u00e1d, n\u00e1t\u011bry oken, v\u00fdloh, dve\u0159\u00ed, zahradn\u00edch staveb, gar\u00e1\u017eov\u00fdch vrat, zahradn\u00edho n\u00e1bytku, balk\u00f3n\u016f, plot\u016f, okenic apod. <br \/><\/span><span class='bullet-line'>Produkt lze pou\u017e\u00edt na nov\u00e9 d\u0159evo a je t\u00e9\u017e vhodn\u00fd k obnov\u011b zest\u00e1rl\u00fdch prody\u0161n\u00fdch n\u00e1t\u011br\u016f a pov\u011btrnost\u00ed opot\u0159eben\u00fdch d\u0159ev\u011bn\u00fdch povrch\u016f.<br \/><\/span><br \/>\u25ba Zpracov\u00e1n\u00ed<span class='bullet-line'>P\u0159\u00edpravek se nan\u00e1\u0161\u00ed na such\u00fd, \u010dist\u00fd a odma\u0161t\u011bn\u00fd podklad \u0161t\u011btcem, v\u00e1le\u010dkem nebo st\u0159\u00edk\u00e1n\u00edm rovnom\u011brn\u011b v tenk\u00e9 vrstv\u011b ve sm\u011bru vl\u00e1ken. <br \/><\/span><span class='bullet-line'>Po 12 hodin\u00e1ch se stejn\u00fdm zp\u016fsobem provede druh\u00fd n\u00e1t\u011br. P\u0159i n\u00e1t\u011bru nov\u00e9ho dosud neo\u0161et\u0159en\u00e9ho d\u0159eva doporu\u010dujeme prov\u00e9st n\u00e1t\u011br ze v\u0161ech stran je\u0161t\u011b p\u0159ed mont\u00e1\u017e\u00ed. <br \/><\/span><span class='bullet-line'>P\u0159i renova\u010dn\u00edch prac\u00edch se vrchn\u00ed degradovan\u00e1 vrstva zbrous\u00ed a\u017e k podkladu \u00fanosn\u00e9mu pro dal\u0161\u00ed n\u00e1t\u011br. <br \/><\/span><span class='bullet-line'>Podklad mus\u00ed b\u00fdt such\u00fd, sav\u00fd, \u010dist\u00fd, zbaven\u00fd prachu. <br \/><\/span><span class='bullet-line'>Ve variant\u011b farblos (bezbarv\u00fd) nen\u00ed v exteri\u00e9ru samostatn\u011b dostate\u010dnou ochranou proti UV z\u00e1\u0159en\u00ed. <br \/><\/span><span class='bullet-line'>Pou\u017e\u00edv\u00e1 se jako dodate\u010dn\u00fd n\u00e1t\u011br chr\u00e1n\u00edc\u00ed p\u0159edchoz\u00ed vrstvy a prodlu\u017euje tak \u017eivotnost n\u00e1t\u011br\u016f. <br \/><\/span><span class='bullet-line'>Vlhkost d\u0159eva nesm\u00ed b\u00fdt vy\u0161\u0161\u00ed ne\u017e 18%. Pracovn\u00ed teplota min. 8\u00b0C.<br \/><\/span><br \/>\u25ba Barvy<span class='bullet-line'>bezbarv\u00fd (nepou\u017e\u00edvat samostatn\u011b pro exterier), b\u00edl\u00fd, borovice, mod\u0159\u00edn, pinie, dub, cedr, teak, o\u0159ech, ka\u0161tan, palisander, eben, jedlov\u00e1 zele\u0148, \u010dedi\u010div\u011b \u0161ed\u00fd, patina, zahradn\u00ed zele\u0148.<br \/><\/span><br \/>\u25ba Upozorn\u011bn\u00ed<span class='bullet-line'>P\u0159i pou\u017eit\u00ed v\u00edce balen\u00ed s rozd\u00edln\u00fdmi \u010d\u00edsly \u0161ar\u017ee, je vhodn\u00e9 sm\u00edsit v\u0161echny do jedn\u00e9 v\u011bt\u0161\u00ed n\u00e1doby. <br \/><\/span><span class='bullet-line'>Je vhodn\u00e9 prov\u00e9st v\u017edy zku\u0161ebn\u00ed vzorek.<br \/><\/span><br \/>\u25ba Slo\u017een\u00ed<span class='bullet-line'>Zu\u0161lecht\u011bn\u00e9 p\u0159\u00edrodn\u00ed oleje jako slune\u010dnicov\u00fd a sojov\u00fd, isoalif\u00e1ty, p\u0159\u00edrodn\u00ed vosky, su\u0161idla bez obsahu olova, Cobaltbis (2-ethylhexanoat), 2-Butanonoxim, 0,4g\/100g 3-lod-2-propynylbutylcarbamat, pigmenty.<br \/><\/span><br \/>\u25ba Balen\u00ed<span class='bullet-line'>0,75 l, 2,5 l, 5 l<br \/><\/span><span class='bullet-line'>Zbo\u017e\u00ed na sklad\u011b u v\u00fdrobce v omezen\u00e9m mno\u017estv\u00ed, v\u00edce kus\u016f na dotaz<\/span><\/div>\n<div class=\"parameters\">\n<tr>\n<td>Spot\u0159eba<\/td>\n<td>cca 40 ml\/m2, to znamen\u00e1, \u017ee 1 litr vysta\u010d\u00ed na cca 25 m2 v z\u00e1vislosti na druhu d\u0159eva a hrubosti jeho povrchu (\u0159ezivo nebo hoblovan\u00e9 d\u0159evo).<\/td>\n<\/tr>\n<tr>\n<td>Skladov\u00e1n\u00ed<\/td>\n<td>V suchu a chladu, chr\u00e1nit p\u0159ed mrazem. Neotev\u0159en\u00e9 plechovky maj\u00ed skladovatelnost p\u011bt let. Otev\u0159enou n\u00e1t\u011brovou hmotu je t\u0159eba p\u0159el\u00edt do men\u0161\u00ed n\u00e1doby, dob\u0159e uzav\u0159\u00edt a brzy spot\u0159ebovat.<\/td>\n<\/tr>\n<tr>\n<td>\u010ci\u0161t\u011bn\u00ed<\/td>\n<td>Zne\u010di\u0161t\u011bn\u00e9 pom\u016fcky lze om\u00fdt syntetick\u00fdm \u0159edidlem nebo PNZ speci\u00e1ln\u00edm \u0159edidlem.<\/td>\n<\/tr><\/div>\n<\/table>\n","protected":false},"excerpt":{"rendered":"<p>HOLZ-\u00d6L LASUR PLUS Lazurovac\u00ed, tixotropn\u00ed, o\u0161et\u0159uj\u00edc\u00ed n\u00e1t\u011br, odoln\u00fd proti UV z\u00e1\u0159en\u00ed, vhodn\u00fd pro v\u0161echny druhy d\u0159evin. Obsahuje fungicidn\u00ed l\u00e1tky, chr\u00e1n\u00ed proti pl\u00edsn\u00edm a houb\u00e1m.\u25ba CharakteristikaLazurovac\u00ed, tixotropn\u00ed, o\u0161et\u0159uj\u00edc\u00ed n\u00e1t\u011br vhodn\u00fd pro v\u0161echny druhy d\u0159evin. Je siln\u011b vodoodpudiv\u00fd, snadno zpracovateln\u00fd a odoln\u00fd proti UV z\u00e1\u0159en\u00ed. Poskytuje d\u0159evu p\u0159\u00edrodn\u00ed ochranu p\u0159ed pov\u011btrnostn\u00edmi vlivy a vodou. Je vlhkostn\u011b reguluj\u00edc\u00ed, [&hellip;]<\/p>\n","protected":false},"featured_media":57811,"comment_status":"open","ping_status":"open","template":"","meta":[],"product_brand":[],"product_cat":[50,52,51],"product_tag":[],"class_list":{"0":"post-57711","1":"product","2":"type-product","3":"status-publish","4":"has-post-thumbnail","6":"product_cat-barvy","7":"product_cat-chemie","8":"product_cat-laky","10":"first","11":"instock","12":"sale","13":"shipping-taxable","14":"purchasable","15":"product-type-simple"},"yoast_head":"<!-- This site is optimized with the Yoast SEO plugin v26.8 - https:\/\/yoast.com\/product\/yoast-seo-wordpress\/ -->\n<title>Zna\u010dkov\u00fd PNZ Olejov\u00e1 lazura PLUS mahagoni \/ mahagon 5 l -<\/title>\n<meta name=\"robots\" content=\"index, follow, max-snippet:-1, max-image-preview:large, max-video-preview:-1\" \/>\n<link rel=\"canonical\" href=\"https:\/\/www.oknobuild.com\/index.php\/produkt\/znackovy-pnz-olejova-lazura-plus-mahagoni-mahagon-5-l-57711\/\" \/>\n<meta property=\"og:locale\" content=\"cs_CZ\" \/>\n<meta property=\"og:type\" content=\"article\" \/>\n<meta property=\"og:title\" content=\"Zna\u010dkov\u00fd PNZ Olejov\u00e1 lazura PLUS mahagoni \/ mahagon 5 l -\" \/>\n<meta property=\"og:description\" content=\"HOLZ-\u00d6L LASUR PLUS Lazurovac\u00ed, tixotropn\u00ed, o\u0161et\u0159uj\u00edc\u00ed n\u00e1t\u011br, odoln\u00fd proti UV z\u00e1\u0159en\u00ed, vhodn\u00fd pro v\u0161echny druhy d\u0159evin. Obsahuje fungicidn\u00ed l\u00e1tky, chr\u00e1n\u00ed proti pl\u00edsn\u00edm a houb\u00e1m.\u25ba CharakteristikaLazurovac\u00ed, tixotropn\u00ed, o\u0161et\u0159uj\u00edc\u00ed n\u00e1t\u011br vhodn\u00fd pro v\u0161echny druhy d\u0159evin. Je siln\u011b vodoodpudiv\u00fd, snadno zpracovateln\u00fd a odoln\u00fd proti UV z\u00e1\u0159en\u00ed. Poskytuje d\u0159evu p\u0159\u00edrodn\u00ed ochranu p\u0159ed pov\u011btrnostn\u00edmi vlivy a vodou. Je vlhkostn\u011b reguluj\u00edc\u00ed, [&hellip;]\" \/>\n<meta property=\"og:url\" content=\"https:\/\/www.oknobuild.com\/index.php\/produkt\/znackovy-pnz-olejova-lazura-plus-mahagoni-mahagon-5-l-57711\/\" \/>\n<meta property=\"og:image\" content=\"https:\/\/www.oknobuild.com\/wp-content\/uploads\/2026\/SK0021333-CZ20260425-092328-0-1777080210-mahagon0_2.webp\" \/>\n\t<meta property=\"og:image:width\" content=\"458\" \/>\n\t<meta property=\"og:image:height\" content=\"635\" \/>\n\t<meta property=\"og:image:type\" content=\"image\/webp\" \/>\n<meta name=\"twitter:card\" content=\"summary_large_image\" \/>\n<meta name=\"twitter:label1\" content=\"Odhadovan\u00e1 doba \u010dten\u00ed\" \/>\n\t<meta name=\"twitter:data1\" content=\"3 minuty\" \/>\n<script type=\"application\/ld+json\" class=\"yoast-schema-graph\">{\"@context\":\"https:\/\/schema.org\",\"@graph\":[{\"@type\":\"WebPage\",\"@id\":\"https:\/\/www.oknobuild.com\/index.php\/produkt\/znackovy-pnz-olejova-lazura-plus-mahagoni-mahagon-5-l-57711\/\",\"url\":\"https:\/\/www.oknobuild.com\/index.php\/produkt\/znackovy-pnz-olejova-lazura-plus-mahagoni-mahagon-5-l-57711\/\",\"name\":\"Zna\u010dkov\u00fd PNZ Olejov\u00e1 lazura PLUS mahagoni \/ mahagon 5 l -\",\"isPartOf\":{\"@id\":\"https:\/\/www.oknobuild.com\/#website\"},\"primaryImageOfPage\":{\"@id\":\"https:\/\/www.oknobuild.com\/index.php\/produkt\/znackovy-pnz-olejova-lazura-plus-mahagoni-mahagon-5-l-57711\/#primaryimage\"},\"image\":{\"@id\":\"https:\/\/www.oknobuild.com\/index.php\/produkt\/znackovy-pnz-olejova-lazura-plus-mahagoni-mahagon-5-l-57711\/#primaryimage\"},\"thumbnailUrl\":\"https:\/\/www.oknobuild.com\/wp-content\/uploads\/2026\/SK0021333-CZ20260425-092328-0-1777080210-mahagon0_2.webp\",\"datePublished\":\"2026-04-27T04:43:08+00:00\",\"breadcrumb\":{\"@id\":\"https:\/\/www.oknobuild.com\/index.php\/produkt\/znackovy-pnz-olejova-lazura-plus-mahagoni-mahagon-5-l-57711\/#breadcrumb\"},\"inLanguage\":\"cs\",\"potentialAction\":[{\"@type\":\"ReadAction\",\"target\":[\"https:\/\/www.oknobuild.com\/index.php\/produkt\/znackovy-pnz-olejova-lazura-plus-mahagoni-mahagon-5-l-57711\/\"]}]},{\"@type\":\"ImageObject\",\"inLanguage\":\"cs\",\"@id\":\"https:\/\/www.oknobuild.com\/index.php\/produkt\/znackovy-pnz-olejova-lazura-plus-mahagoni-mahagon-5-l-57711\/#primaryimage\",\"url\":\"https:\/\/www.oknobuild.com\/wp-content\/uploads\/2026\/SK0021333-CZ20260425-092328-0-1777080210-mahagon0_2.webp\",\"contentUrl\":\"https:\/\/www.oknobuild.com\/wp-content\/uploads\/2026\/SK0021333-CZ20260425-092328-0-1777080210-mahagon0_2.webp\",\"width\":458,\"height\":635},{\"@type\":\"BreadcrumbList\",\"@id\":\"https:\/\/www.oknobuild.com\/index.php\/produkt\/znackovy-pnz-olejova-lazura-plus-mahagoni-mahagon-5-l-57711\/#breadcrumb\",\"itemListElement\":[{\"@type\":\"ListItem\",\"position\":1,\"name\":\"Home\",\"item\":\"https:\/\/www.oknobuild.com\/\"},{\"@type\":\"ListItem\",\"position\":2,\"name\":\"Products\",\"item\":\"https:\/\/www.oknobuild.com\/index.php\/products\/\"},{\"@type\":\"ListItem\",\"position\":3,\"name\":\"Zna\u010dkov\u00fd PNZ Olejov\u00e1 lazura PLUS mahagoni \/ mahagon 5 l\"}]},{\"@type\":\"WebSite\",\"@id\":\"https:\/\/www.oknobuild.com\/#website\",\"url\":\"https:\/\/www.oknobuild.com\/\",\"name\":\"\",\"description\":\"\",\"potentialAction\":[{\"@type\":\"SearchAction\",\"target\":{\"@type\":\"EntryPoint\",\"urlTemplate\":\"https:\/\/www.oknobuild.com\/?s={search_term_string}\"},\"query-input\":{\"@type\":\"PropertyValueSpecification\",\"valueRequired\":true,\"valueName\":\"search_term_string\"}}],\"inLanguage\":\"cs\"}]}<\/script>\n<!-- \/ Yoast SEO plugin. -->","yoast_head_json":{"title":"Zna\u010dkov\u00fd PNZ Olejov\u00e1 lazura PLUS mahagoni \/ mahagon 5 l -","robots":{"index":"index","follow":"follow","max-snippet":"max-snippet:-1","max-image-preview":"max-image-preview:large","max-video-preview":"max-video-preview:-1"},"canonical":"https:\/\/www.oknobuild.com\/index.php\/produkt\/znackovy-pnz-olejova-lazura-plus-mahagoni-mahagon-5-l-57711\/","og_locale":"cs_CZ","og_type":"article","og_title":"Zna\u010dkov\u00fd PNZ Olejov\u00e1 lazura PLUS mahagoni \/ mahagon 5 l -","og_description":"HOLZ-\u00d6L LASUR PLUS Lazurovac\u00ed, tixotropn\u00ed, o\u0161et\u0159uj\u00edc\u00ed n\u00e1t\u011br, odoln\u00fd proti UV z\u00e1\u0159en\u00ed, vhodn\u00fd pro v\u0161echny druhy d\u0159evin. Obsahuje fungicidn\u00ed l\u00e1tky, chr\u00e1n\u00ed proti pl\u00edsn\u00edm a houb\u00e1m.\u25ba CharakteristikaLazurovac\u00ed, tixotropn\u00ed, o\u0161et\u0159uj\u00edc\u00ed n\u00e1t\u011br vhodn\u00fd pro v\u0161echny druhy d\u0159evin. Je siln\u011b vodoodpudiv\u00fd, snadno zpracovateln\u00fd a odoln\u00fd proti UV z\u00e1\u0159en\u00ed. Poskytuje d\u0159evu p\u0159\u00edrodn\u00ed ochranu p\u0159ed pov\u011btrnostn\u00edmi vlivy a vodou. Je vlhkostn\u011b reguluj\u00edc\u00ed, [&hellip;]","og_url":"https:\/\/www.oknobuild.com\/index.php\/produkt\/znackovy-pnz-olejova-lazura-plus-mahagoni-mahagon-5-l-57711\/","og_image":[{"width":458,"height":635,"url":"https:\/\/www.oknobuild.com\/wp-content\/uploads\/2026\/SK0021333-CZ20260425-092328-0-1777080210-mahagon0_2.webp","type":"image\/webp"}],"twitter_card":"summary_large_image","twitter_misc":{"Odhadovan\u00e1 doba \u010dten\u00ed":"3 minuty"},"schema":{"@context":"https:\/\/schema.org","@graph":[{"@type":"WebPage","@id":"https:\/\/www.oknobuild.com\/index.php\/produkt\/znackovy-pnz-olejova-lazura-plus-mahagoni-mahagon-5-l-57711\/","url":"https:\/\/www.oknobuild.com\/index.php\/produkt\/znackovy-pnz-olejova-lazura-plus-mahagoni-mahagon-5-l-57711\/","name":"Zna\u010dkov\u00fd PNZ Olejov\u00e1 lazura PLUS mahagoni \/ mahagon 5 l -","isPartOf":{"@id":"https:\/\/www.oknobuild.com\/#website"},"primaryImageOfPage":{"@id":"https:\/\/www.oknobuild.com\/index.php\/produkt\/znackovy-pnz-olejova-lazura-plus-mahagoni-mahagon-5-l-57711\/#primaryimage"},"image":{"@id":"https:\/\/www.oknobuild.com\/index.php\/produkt\/znackovy-pnz-olejova-lazura-plus-mahagoni-mahagon-5-l-57711\/#primaryimage"},"thumbnailUrl":"https:\/\/www.oknobuild.com\/wp-content\/uploads\/2026\/SK0021333-CZ20260425-092328-0-1777080210-mahagon0_2.webp","datePublished":"2026-04-27T04:43:08+00:00","breadcrumb":{"@id":"https:\/\/www.oknobuild.com\/index.php\/produkt\/znackovy-pnz-olejova-lazura-plus-mahagoni-mahagon-5-l-57711\/#breadcrumb"},"inLanguage":"cs","potentialAction":[{"@type":"ReadAction","target":["https:\/\/www.oknobuild.com\/index.php\/produkt\/znackovy-pnz-olejova-lazura-plus-mahagoni-mahagon-5-l-57711\/"]}]},{"@type":"ImageObject","inLanguage":"cs","@id":"https:\/\/www.oknobuild.com\/index.php\/produkt\/znackovy-pnz-olejova-lazura-plus-mahagoni-mahagon-5-l-57711\/#primaryimage","url":"https:\/\/www.oknobuild.com\/wp-content\/uploads\/2026\/SK0021333-CZ20260425-092328-0-1777080210-mahagon0_2.webp","contentUrl":"https:\/\/www.oknobuild.com\/wp-content\/uploads\/2026\/SK0021333-CZ20260425-092328-0-1777080210-mahagon0_2.webp","width":458,"height":635},{"@type":"BreadcrumbList","@id":"https:\/\/www.oknobuild.com\/index.php\/produkt\/znackovy-pnz-olejova-lazura-plus-mahagoni-mahagon-5-l-57711\/#breadcrumb","itemListElement":[{"@type":"ListItem","position":1,"name":"Home","item":"https:\/\/www.oknobuild.com\/"},{"@type":"ListItem","position":2,"name":"Products","item":"https:\/\/www.oknobuild.com\/index.php\/products\/"},{"@type":"ListItem","position":3,"name":"Zna\u010dkov\u00fd PNZ Olejov\u00e1 lazura PLUS mahagoni \/ mahagon 5 l"}]},{"@type":"WebSite","@id":"https:\/\/www.oknobuild.com\/#website","url":"https:\/\/www.oknobuild.com\/","name":"","description":"","potentialAction":[{"@type":"SearchAction","target":{"@type":"EntryPoint","urlTemplate":"https:\/\/www.oknobuild.com\/?s={search_term_string}"},"query-input":{"@type":"PropertyValueSpecification","valueRequired":true,"valueName":"search_term_string"}}],"inLanguage":"cs"}]}},"_links":{"self":[{"href":"https:\/\/www.oknobuild.com\/index.php\/wp-json\/wp\/v2\/product\/57711","targetHints":{"allow":["GET"]}}],"collection":[{"href":"https:\/\/www.oknobuild.com\/index.php\/wp-json\/wp\/v2\/product"}],"about":[{"href":"https:\/\/www.oknobuild.com\/index.php\/wp-json\/wp\/v2\/types\/product"}],"replies":[{"embeddable":true,"href":"https:\/\/www.oknobuild.com\/index.php\/wp-json\/wp\/v2\/comments?post=57711"}],"wp:featuredmedia":[{"embeddable":true,"href":"https:\/\/www.oknobuild.com\/index.php\/wp-json\/wp\/v2\/media\/57811"}],"wp:attachment":[{"href":"https:\/\/www.oknobuild.com\/index.php\/wp-json\/wp\/v2\/media?parent=57711"}],"wp:term":[{"taxonomy":"product_brand","embeddable":true,"href":"https:\/\/www.oknobuild.com\/index.php\/wp-json\/wp\/v2\/product_brand?post=57711"},{"taxonomy":"product_cat","embeddable":true,"href":"https:\/\/www.oknobuild.com\/index.php\/wp-json\/wp\/v2\/product_cat?post=57711"},{"taxonomy":"product_tag","embeddable":true,"href":"https:\/\/www.oknobuild.com\/index.php\/wp-json\/wp\/v2\/product_tag?post=57711"}],"curies":[{"name":"wp","href":"https:\/\/api.w.org\/{rel}","templated":true}]}}