{"id":57755,"date":"2026-04-27T04:43:08","date_gmt":"2026-04-27T04:43:08","guid":{"rendered":""},"modified":"2026-04-27T04:43:08","modified_gmt":"2026-04-27T04:43:08","slug":"akce-pnz-vosk-na-drevo-w-kiefer-borovice-10-l-57755","status":"publish","type":"product","link":"https:\/\/www.oknobuild.com\/index.php\/produkt\/akce-pnz-vosk-na-drevo-w-kiefer-borovice-10-l-57755\/","title":{"rendered":"Akce PNZ Vosk na d\u0159evo W kiefer \/ borovice 10 l"},"content":{"rendered":"<table>\n<div class=\"tab-pane active product-description\" id=\"popis\" role=\"tabpanel\">\n<div class=\"short-description\" itemprop=\"description\">HOLZ-WACHS W<\/div>\n<div class=\"description\"><span class='bullet-line'>Ob\u00fdvac\u00ed prostor glazura<br \/><\/span><span class='bullet-line'>Bez rozpou\u0161t\u011bdel<br \/><\/span><br \/>\u25ba Vhodn\u00e9 pro<span class='bullet-line'>Oblo\u017een\u00ed, n\u00e1bytek, dve\u0159e, korek, podlahov\u00e9 desky, lepidlo a p\u0159ekli\u017eka, profilov\u00e9 desky v interi\u00e9ru (tak\u00e9 mokr\u00e9 m\u00edstnosti, jako jsou koupelny, sauny, kuchyn\u011b). <br \/><\/span><span class='bullet-line'>Dlouhodob\u00e1 a ekologick\u00e1 ochrana a zdokonalen\u00ed v\u0161ech druh\u016f d\u0159eva. <br \/><\/span><span class='bullet-line'>Trval\u00e1 ochrana proti UV z\u00e1\u0159en\u00ed a povrch\u016fm (proti vod\u011b, n\u00e1poj\u016fm, r\u016fzn\u00fdm chemik\u00e1li\u00edm pro dom\u00e1cnost atd.). <br \/><\/span><span class='bullet-line'>Vhodn\u00e9 tak\u00e9 pro venkovn\u00ed pou\u017eit\u00ed: okna, \u017ealuzie, balk\u00f3ny, ploty atd. <br \/><\/span><span class='bullet-line'>Tak\u00e9 jako renova\u010dn\u00ed n\u00e1t\u011br na nosn\u00e9, o\u010di\u0161t\u011bn\u00e9 star\u00e9 n\u00e1t\u011bry. <br \/><\/span><br \/>\u25ba Aplikace \/ zpracov\u00e1n\u00ed<span class='bullet-line'>Povrch mus\u00ed b\u00fdt pevn\u00fd, sav\u00fd, \u010dist\u00fd a bezpra\u0161n\u00fd.<br \/><\/span><span class='bullet-line'>Izolujte barevn\u00e9 krv\u00e1cen\u00ed ze slo\u017eek d\u0159eva (iu impregnovan\u00e9ho d\u0159eva) izola\u010dn\u00edm z\u00e1kladn\u00edm n\u00e1t\u011brem PNZ na d\u0159evo a korek.<br \/><\/span><span class='bullet-line'>Chcete-li chr\u00e1nit p\u0159ed modr\u00fdm skvrnami a hnilobou, p\u0159edb\u011b\u017en\u00e9 o\u0161et\u0159en\u00ed impregna\u010dn\u00edm primerem PNZ W 210 .<br \/><\/span><span class='bullet-line'>Teplota zpracov\u00e1n\u00ed nad + 8 \u00b0 C, vlhkost d\u0159eva nep\u0159esahuj\u00edc\u00ed 18%.<br \/><\/span><span class='bullet-line'>Pracuje odli\u0161n\u011b na r\u016fzn\u00fdch povr\u0161\u00edch, vy\u017eaduje zku\u0161ebn\u00ed povlak.<br \/><\/span><span class='bullet-line'>P\u0159ed a b\u011bhem pou\u017eit\u00ed dob\u0159e prom\u00edchejte.<br \/><\/span><span class='bullet-line'>Barevn\u00fd vosk PNZ W, lakovan\u00fd, st\u0159\u00edkan\u00fd, v\u00e1le\u010dkov\u00fd nebo pono\u0159ovac\u00ed, na v\u0161ech stran\u00e1ch glazura v ob\u00fdvac\u00edm pokoji. <br \/><\/span><span class='bullet-line'>Po cca 5\u201310 min. <br \/><\/span><span class='bullet-line'>Doba schnut\u00ed rovnom\u011brn\u011b rozet\u0159ete t\u00e9m\u011b\u0159 such\u00fdm \u0161t\u011btcem. <br \/><\/span><span class='bullet-line'>Po nejm\u00e9n\u011b 4 hodin\u00e1ch su\u0161en\u00ed prove\u010fte druh\u00e9 nebo t\u0159et\u00ed o\u0161et\u0159en\u00ed, jak je pops\u00e1no na viditeln\u00e9m povrchu. <br \/><\/span><span class='bullet-line'>Ve vlhk\u00fdch m\u00edstnostech se doporu\u010duje v\u0161estrann\u00e9 o\u0161et\u0159en\u00ed. <br \/><\/span><span class='bullet-line'>Odstra\u0148te tlustovrstv\u00e9 syst\u00e9my a v\u0161echny st\u00e1vaj\u00edc\u00ed star\u00e9 n\u00e1t\u011bry, kter\u00e9 p\u0159i renovaci uzav\u0159ou p\u00f3ry. <br \/><\/span><span class='bullet-line'>V p\u0159\u00edpad\u011b pot\u0159eby o\u010dist\u011bte n\u00e1t\u011bry s otev\u0159en\u00fdmi p\u00f3ry a v p\u0159\u00edpad\u011b pot\u0159eby je obruste. <br \/><\/span><span class='bullet-line'>Jako dlouhodobou dodate\u010dnou ochranu vody doporu\u010dujeme n\u00e1\u0161 vrchn\u00ed n\u00e1t\u011br s na\u0161\u00edm blok\u00e1torem PNZ.<br \/><\/span><br \/>\u25ba Spot\u0159eba<span class='bullet-line'>Cca. 60-70 ml \/ m 2 , tj 1 litr po dobu cca 15 m. 2  s prvn\u00edm n\u00e1t\u011brem. <br \/><\/span><span class='bullet-line'>V z\u00e1vislosti na druhu d\u0159eva a povrchu d\u0159eva (hrub\u011b \u0159ezan\u00e9 nebo hoblovan\u00e9 d\u0159evo).<br \/><\/span><br \/>\u25ba \u010ci\u0161t\u011bn\u00ed<span class='bullet-line'>O\u010dist\u011bte n\u00e1\u0159ad\u00ed m\u00fddlem a vodou.<br \/><\/span><br \/>\u25ba \u00dalo\u017en\u00fd prostor<span class='bullet-line'>Chladn\u00fd, ale bez mrazu. Lze je skladovat po dobu 3 let v neotev\u0159en\u00fdch n\u00e1dob\u00e1ch. <br \/><\/span><span class='bullet-line'>Otev\u0159enou n\u00e1dobu uzav\u0159ete vzduchot\u011bsn\u011b a brzy ji spot\u0159ebujte.<br \/><\/span><br \/>\u25ba P\u0159\u00edsady<span class='bullet-line'>Voda, voskov\u00e1 disperze, rafinovan\u00e9 p\u0159\u00edrodn\u00ed oleje, bezolovnat\u00e1 su\u0161idla. <br \/><\/span><span class='bullet-line'>Konzerva\u010dn\u00ed l\u00e1tky (MIT \/ BIT; rady pro osoby trp\u00edc\u00ed alergi\u00ed na isothiazolinon +49 (0) 8465-173820)<br \/><\/span><br \/>\u25ba D\u016fle\u017eit\u00e9 pokyny<span class='bullet-line'>Pokud pou\u017e\u00edv\u00e1te n\u011bkolik n\u00e1dob s r\u016fzn\u00fdmi \u010d\u00edsly \u0161ar\u017e\u00ed, sm\u00edchejte je spole\u010dn\u011b do v\u011bt\u0161\u00ed n\u00e1doby! <br \/><\/span><span class='bullet-line'>S2: Uchov\u00e1vejte mimo dosah d\u011bt\u00ed. M\u016f\u017ee vyvolat alergick\u00e9 reakce. P\u0159i st\u0159\u00edk\u00e1n\u00ed nevdechujte rozpra\u0161ovac\u00ed mlhu.<br \/><\/span><span class='bullet-line'>Likvidace: k\u00f3d odpadu 120112. P\u0159idejte zbytky su\u0161en\u00e9ho produktu do domovn\u00edho odpadu. <br \/><\/span><span class='bullet-line'>Pr\u00e1zdn\u00e9 n\u00e1doby zlikvidujte k recyklaci. <br \/><\/span><span class='bullet-line'>Mezn\u00ed hodnota EU pro produkt (A \/ e): 150 g \/ l (2007) \/ 130 g \/ l (2010); Tento produkt obsahuje maxim\u00e1ln\u011b 1 g \/ l VOC.<br \/><\/span><br \/>\u25ba St\u00edny<span class='bullet-line'>Vyberte si pros\u00edm vhodnou barvu v na\u0161em technick\u00e9m listu.<br \/><\/span><span class='bullet-line'>V\u0161echny barvy jsou vz\u00e1jemn\u011b m\u00edsiteln\u00e9. Bezbarv\u00e1 nejen pro vn\u011bj\u0161\u00ed povrch. <br \/><\/span><span class='bullet-line'>Pou\u017e\u00edvejte pouze v kombinaci s barevn\u00fdm n\u00e1t\u011brem, proto\u017ee bezbarv\u00e1 l\u00e1tka neposkytuje dostate\u010dnou ochranu p\u0159ed UV z\u00e1\u0159en\u00edm. <br \/><\/span><span class='bullet-line'>Pokud jsou vy\u017eadov\u00e1ny jin\u00e9 barvy, m\u016f\u017ee b\u00fdt d\u0159ev\u011bn\u00fd vosk PNZ W, v\u010detn\u011b bezbarv\u00e9, zbarven vhodnou t\u00f3novac\u00ed pastou.<br \/><\/span><br \/>\u25ba Velikosti kontejner\u016f<span class='bullet-line'>0,25 litru, 0,75 litru, 2,5 litru, 10 litru<br \/><\/span><span class='bullet-line'>Zbo\u017e\u00ed na sklad\u011b u v\u00fdrobce v omezen\u00e9m mno\u017estv\u00ed, v\u00edce kus\u016f na dotaz<\/span><\/div>\n<div class=\"parameters\">\n<tr>\n<td>spot\u0159eba<\/td>\n<td>Cca. 60-70 ml \/ m 2 , tj 1 litr po dobu cca 15 m. 2  s prvn\u00edm n\u00e1t\u011brem. U hrub\u011b \u0159ezan\u00e9ho nebo r\u00fdhovan\u00e9ho d\u0159eva lze spot\u0159ebu zdvojn\u00e1sobit nebo ztrojn\u00e1sobit.<\/td>\n<\/tr>\n<tr>\n<td>Such\u00e1 sez\u00f3na<\/td>\n<td>Po nejm\u00e9n\u011b \u010dty\u0159hodinov\u00e9m su\u0161en\u00ed prove\u010fte druh\u00e9 nebo t\u0159et\u00ed o\u0161et\u0159en\u00ed na viditeln\u00e9m povrchu.<\/td>\n<\/tr>\n<tr>\n<td>Bez rozpou\u0161t\u011bdel<\/td>\n<td>ano<\/td>\n<\/tr>\n<tr>\n<td>Trval\u00e1 ochrana proti pov\u011btrnostn\u00edm vliv\u016fm<\/td>\n<td>ano<\/td>\n<\/tr>\n<tr>\n<td>Bezpe\u010dnost hra\u010dek pro d\u011bti<\/td>\n<td>Odoln\u00fd v\u016f\u010di slin\u00e1m a potu<\/td>\n<\/tr>\n<tr>\n<td>Budov\u00e1n\u00ed biologicky ne\u0161kodn\u00e9ho IBR<\/td>\n<td>ano<\/td>\n<\/tr><\/div>\n<\/table>\n","protected":false},"excerpt":{"rendered":"<p>HOLZ-WACHS W Ob\u00fdvac\u00ed prostor glazuraBez rozpou\u0161t\u011bdel\u25ba Vhodn\u00e9 proOblo\u017een\u00ed, n\u00e1bytek, dve\u0159e, korek, podlahov\u00e9 desky, lepidlo a p\u0159ekli\u017eka, profilov\u00e9 desky v interi\u00e9ru (tak\u00e9 mokr\u00e9 m\u00edstnosti, jako jsou koupelny, sauny, kuchyn\u011b). Dlouhodob\u00e1 a ekologick\u00e1 ochrana a zdokonalen\u00ed v\u0161ech druh\u016f d\u0159eva. Trval\u00e1 ochrana proti UV z\u00e1\u0159en\u00ed a povrch\u016fm (proti vod\u011b, n\u00e1poj\u016fm, r\u016fzn\u00fdm chemik\u00e1li\u00edm pro dom\u00e1cnost atd.). Vhodn\u00e9 tak\u00e9 pro [&hellip;]<\/p>\n","protected":false},"featured_media":57855,"comment_status":"open","ping_status":"open","template":"","meta":[],"product_brand":[],"product_cat":[50,52,51],"product_tag":[],"class_list":{"0":"post-57755","1":"product","2":"type-product","3":"status-publish","4":"has-post-thumbnail","6":"product_cat-barvy","7":"product_cat-chemie","8":"product_cat-laky","10":"first","11":"instock","12":"sale","13":"shipping-taxable","14":"purchasable","15":"product-type-simple"},"yoast_head":"<!-- This site is optimized with the Yoast SEO plugin v26.8 - https:\/\/yoast.com\/product\/yoast-seo-wordpress\/ -->\n<title>Akce PNZ Vosk na d\u0159evo W kiefer \/ borovice 10 l -<\/title>\n<meta name=\"robots\" content=\"index, follow, max-snippet:-1, max-image-preview:large, max-video-preview:-1\" \/>\n<link rel=\"canonical\" href=\"https:\/\/www.oknobuild.com\/index.php\/produkt\/akce-pnz-vosk-na-drevo-w-kiefer-borovice-10-l-57755\/\" \/>\n<meta property=\"og:locale\" content=\"cs_CZ\" \/>\n<meta property=\"og:type\" content=\"article\" \/>\n<meta property=\"og:title\" content=\"Akce PNZ Vosk na d\u0159evo W kiefer \/ borovice 10 l -\" \/>\n<meta property=\"og:description\" content=\"HOLZ-WACHS W Ob\u00fdvac\u00ed prostor glazuraBez rozpou\u0161t\u011bdel\u25ba Vhodn\u00e9 proOblo\u017een\u00ed, n\u00e1bytek, dve\u0159e, korek, podlahov\u00e9 desky, lepidlo a p\u0159ekli\u017eka, profilov\u00e9 desky v interi\u00e9ru (tak\u00e9 mokr\u00e9 m\u00edstnosti, jako jsou koupelny, sauny, kuchyn\u011b). Dlouhodob\u00e1 a ekologick\u00e1 ochrana a zdokonalen\u00ed v\u0161ech druh\u016f d\u0159eva. Trval\u00e1 ochrana proti UV z\u00e1\u0159en\u00ed a povrch\u016fm (proti vod\u011b, n\u00e1poj\u016fm, r\u016fzn\u00fdm chemik\u00e1li\u00edm pro dom\u00e1cnost atd.). Vhodn\u00e9 tak\u00e9 pro [&hellip;]\" \/>\n<meta property=\"og:url\" content=\"https:\/\/www.oknobuild.com\/index.php\/produkt\/akce-pnz-vosk-na-drevo-w-kiefer-borovice-10-l-57755\/\" \/>\n<meta property=\"og:image\" content=\"https:\/\/www.oknobuild.com\/wp-content\/uploads\/2026\/SK0021377-CZ20260425-092328-0-1777080210-borovic000_3.webp\" \/>\n\t<meta property=\"og:image:width\" content=\"482\" \/>\n\t<meta property=\"og:image:height\" content=\"607\" \/>\n\t<meta property=\"og:image:type\" content=\"image\/webp\" \/>\n<meta name=\"twitter:card\" content=\"summary_large_image\" \/>\n<meta name=\"twitter:label1\" content=\"Odhadovan\u00e1 doba \u010dten\u00ed\" \/>\n\t<meta name=\"twitter:data1\" content=\"4 minuty\" \/>\n<script type=\"application\/ld+json\" class=\"yoast-schema-graph\">{\"@context\":\"https:\/\/schema.org\",\"@graph\":[{\"@type\":\"WebPage\",\"@id\":\"https:\/\/www.oknobuild.com\/index.php\/produkt\/akce-pnz-vosk-na-drevo-w-kiefer-borovice-10-l-57755\/\",\"url\":\"https:\/\/www.oknobuild.com\/index.php\/produkt\/akce-pnz-vosk-na-drevo-w-kiefer-borovice-10-l-57755\/\",\"name\":\"Akce PNZ Vosk na d\u0159evo W kiefer \/ borovice 10 l -\",\"isPartOf\":{\"@id\":\"https:\/\/www.oknobuild.com\/#website\"},\"primaryImageOfPage\":{\"@id\":\"https:\/\/www.oknobuild.com\/index.php\/produkt\/akce-pnz-vosk-na-drevo-w-kiefer-borovice-10-l-57755\/#primaryimage\"},\"image\":{\"@id\":\"https:\/\/www.oknobuild.com\/index.php\/produkt\/akce-pnz-vosk-na-drevo-w-kiefer-borovice-10-l-57755\/#primaryimage\"},\"thumbnailUrl\":\"https:\/\/www.oknobuild.com\/wp-content\/uploads\/2026\/SK0021377-CZ20260425-092328-0-1777080210-borovic000_3.webp\",\"datePublished\":\"2026-04-27T04:43:08+00:00\",\"breadcrumb\":{\"@id\":\"https:\/\/www.oknobuild.com\/index.php\/produkt\/akce-pnz-vosk-na-drevo-w-kiefer-borovice-10-l-57755\/#breadcrumb\"},\"inLanguage\":\"cs\",\"potentialAction\":[{\"@type\":\"ReadAction\",\"target\":[\"https:\/\/www.oknobuild.com\/index.php\/produkt\/akce-pnz-vosk-na-drevo-w-kiefer-borovice-10-l-57755\/\"]}]},{\"@type\":\"ImageObject\",\"inLanguage\":\"cs\",\"@id\":\"https:\/\/www.oknobuild.com\/index.php\/produkt\/akce-pnz-vosk-na-drevo-w-kiefer-borovice-10-l-57755\/#primaryimage\",\"url\":\"https:\/\/www.oknobuild.com\/wp-content\/uploads\/2026\/SK0021377-CZ20260425-092328-0-1777080210-borovic000_3.webp\",\"contentUrl\":\"https:\/\/www.oknobuild.com\/wp-content\/uploads\/2026\/SK0021377-CZ20260425-092328-0-1777080210-borovic000_3.webp\",\"width\":482,\"height\":607},{\"@type\":\"BreadcrumbList\",\"@id\":\"https:\/\/www.oknobuild.com\/index.php\/produkt\/akce-pnz-vosk-na-drevo-w-kiefer-borovice-10-l-57755\/#breadcrumb\",\"itemListElement\":[{\"@type\":\"ListItem\",\"position\":1,\"name\":\"Home\",\"item\":\"https:\/\/www.oknobuild.com\/\"},{\"@type\":\"ListItem\",\"position\":2,\"name\":\"Products\",\"item\":\"https:\/\/www.oknobuild.com\/index.php\/products\/\"},{\"@type\":\"ListItem\",\"position\":3,\"name\":\"Akce PNZ Vosk na d\u0159evo W kiefer \/ borovice 10 l\"}]},{\"@type\":\"WebSite\",\"@id\":\"https:\/\/www.oknobuild.com\/#website\",\"url\":\"https:\/\/www.oknobuild.com\/\",\"name\":\"\",\"description\":\"\",\"potentialAction\":[{\"@type\":\"SearchAction\",\"target\":{\"@type\":\"EntryPoint\",\"urlTemplate\":\"https:\/\/www.oknobuild.com\/?s={search_term_string}\"},\"query-input\":{\"@type\":\"PropertyValueSpecification\",\"valueRequired\":true,\"valueName\":\"search_term_string\"}}],\"inLanguage\":\"cs\"}]}<\/script>\n<!-- \/ Yoast SEO plugin. -->","yoast_head_json":{"title":"Akce PNZ Vosk na d\u0159evo W kiefer \/ borovice 10 l -","robots":{"index":"index","follow":"follow","max-snippet":"max-snippet:-1","max-image-preview":"max-image-preview:large","max-video-preview":"max-video-preview:-1"},"canonical":"https:\/\/www.oknobuild.com\/index.php\/produkt\/akce-pnz-vosk-na-drevo-w-kiefer-borovice-10-l-57755\/","og_locale":"cs_CZ","og_type":"article","og_title":"Akce PNZ Vosk na d\u0159evo W kiefer \/ borovice 10 l -","og_description":"HOLZ-WACHS W Ob\u00fdvac\u00ed prostor glazuraBez rozpou\u0161t\u011bdel\u25ba Vhodn\u00e9 proOblo\u017een\u00ed, n\u00e1bytek, dve\u0159e, korek, podlahov\u00e9 desky, lepidlo a p\u0159ekli\u017eka, profilov\u00e9 desky v interi\u00e9ru (tak\u00e9 mokr\u00e9 m\u00edstnosti, jako jsou koupelny, sauny, kuchyn\u011b). Dlouhodob\u00e1 a ekologick\u00e1 ochrana a zdokonalen\u00ed v\u0161ech druh\u016f d\u0159eva. Trval\u00e1 ochrana proti UV z\u00e1\u0159en\u00ed a povrch\u016fm (proti vod\u011b, n\u00e1poj\u016fm, r\u016fzn\u00fdm chemik\u00e1li\u00edm pro dom\u00e1cnost atd.). Vhodn\u00e9 tak\u00e9 pro [&hellip;]","og_url":"https:\/\/www.oknobuild.com\/index.php\/produkt\/akce-pnz-vosk-na-drevo-w-kiefer-borovice-10-l-57755\/","og_image":[{"width":482,"height":607,"url":"https:\/\/www.oknobuild.com\/wp-content\/uploads\/2026\/SK0021377-CZ20260425-092328-0-1777080210-borovic000_3.webp","type":"image\/webp"}],"twitter_card":"summary_large_image","twitter_misc":{"Odhadovan\u00e1 doba \u010dten\u00ed":"4 minuty"},"schema":{"@context":"https:\/\/schema.org","@graph":[{"@type":"WebPage","@id":"https:\/\/www.oknobuild.com\/index.php\/produkt\/akce-pnz-vosk-na-drevo-w-kiefer-borovice-10-l-57755\/","url":"https:\/\/www.oknobuild.com\/index.php\/produkt\/akce-pnz-vosk-na-drevo-w-kiefer-borovice-10-l-57755\/","name":"Akce PNZ Vosk na d\u0159evo W kiefer \/ borovice 10 l -","isPartOf":{"@id":"https:\/\/www.oknobuild.com\/#website"},"primaryImageOfPage":{"@id":"https:\/\/www.oknobuild.com\/index.php\/produkt\/akce-pnz-vosk-na-drevo-w-kiefer-borovice-10-l-57755\/#primaryimage"},"image":{"@id":"https:\/\/www.oknobuild.com\/index.php\/produkt\/akce-pnz-vosk-na-drevo-w-kiefer-borovice-10-l-57755\/#primaryimage"},"thumbnailUrl":"https:\/\/www.oknobuild.com\/wp-content\/uploads\/2026\/SK0021377-CZ20260425-092328-0-1777080210-borovic000_3.webp","datePublished":"2026-04-27T04:43:08+00:00","breadcrumb":{"@id":"https:\/\/www.oknobuild.com\/index.php\/produkt\/akce-pnz-vosk-na-drevo-w-kiefer-borovice-10-l-57755\/#breadcrumb"},"inLanguage":"cs","potentialAction":[{"@type":"ReadAction","target":["https:\/\/www.oknobuild.com\/index.php\/produkt\/akce-pnz-vosk-na-drevo-w-kiefer-borovice-10-l-57755\/"]}]},{"@type":"ImageObject","inLanguage":"cs","@id":"https:\/\/www.oknobuild.com\/index.php\/produkt\/akce-pnz-vosk-na-drevo-w-kiefer-borovice-10-l-57755\/#primaryimage","url":"https:\/\/www.oknobuild.com\/wp-content\/uploads\/2026\/SK0021377-CZ20260425-092328-0-1777080210-borovic000_3.webp","contentUrl":"https:\/\/www.oknobuild.com\/wp-content\/uploads\/2026\/SK0021377-CZ20260425-092328-0-1777080210-borovic000_3.webp","width":482,"height":607},{"@type":"BreadcrumbList","@id":"https:\/\/www.oknobuild.com\/index.php\/produkt\/akce-pnz-vosk-na-drevo-w-kiefer-borovice-10-l-57755\/#breadcrumb","itemListElement":[{"@type":"ListItem","position":1,"name":"Home","item":"https:\/\/www.oknobuild.com\/"},{"@type":"ListItem","position":2,"name":"Products","item":"https:\/\/www.oknobuild.com\/index.php\/products\/"},{"@type":"ListItem","position":3,"name":"Akce PNZ Vosk na d\u0159evo W kiefer \/ borovice 10 l"}]},{"@type":"WebSite","@id":"https:\/\/www.oknobuild.com\/#website","url":"https:\/\/www.oknobuild.com\/","name":"","description":"","potentialAction":[{"@type":"SearchAction","target":{"@type":"EntryPoint","urlTemplate":"https:\/\/www.oknobuild.com\/?s={search_term_string}"},"query-input":{"@type":"PropertyValueSpecification","valueRequired":true,"valueName":"search_term_string"}}],"inLanguage":"cs"}]}},"_links":{"self":[{"href":"https:\/\/www.oknobuild.com\/index.php\/wp-json\/wp\/v2\/product\/57755","targetHints":{"allow":["GET"]}}],"collection":[{"href":"https:\/\/www.oknobuild.com\/index.php\/wp-json\/wp\/v2\/product"}],"about":[{"href":"https:\/\/www.oknobuild.com\/index.php\/wp-json\/wp\/v2\/types\/product"}],"replies":[{"embeddable":true,"href":"https:\/\/www.oknobuild.com\/index.php\/wp-json\/wp\/v2\/comments?post=57755"}],"wp:featuredmedia":[{"embeddable":true,"href":"https:\/\/www.oknobuild.com\/index.php\/wp-json\/wp\/v2\/media\/57855"}],"wp:attachment":[{"href":"https:\/\/www.oknobuild.com\/index.php\/wp-json\/wp\/v2\/media?parent=57755"}],"wp:term":[{"taxonomy":"product_brand","embeddable":true,"href":"https:\/\/www.oknobuild.com\/index.php\/wp-json\/wp\/v2\/product_brand?post=57755"},{"taxonomy":"product_cat","embeddable":true,"href":"https:\/\/www.oknobuild.com\/index.php\/wp-json\/wp\/v2\/product_cat?post=57755"},{"taxonomy":"product_tag","embeddable":true,"href":"https:\/\/www.oknobuild.com\/index.php\/wp-json\/wp\/v2\/product_tag?post=57755"}],"curies":[{"name":"wp","href":"https:\/\/api.w.org\/{rel}","templated":true}]}}