{"id":57940,"date":"2026-04-27T04:43:09","date_gmt":"2026-04-27T04:43:09","guid":{"rendered":""},"modified":"2026-04-27T04:43:09","modified_gmt":"2026-04-27T04:43:09","slug":"znackovy-pnz-opravna-pasta-na-drevo-a-korek-fichte-tanne-esche-birke-smrk-jedle-popel-briza-725-g-57940","status":"publish","type":"product","link":"https:\/\/www.oknobuild.com\/index.php\/produkt\/znackovy-pnz-opravna-pasta-na-drevo-a-korek-fichte-tanne-esche-birke-smrk-jedle-popel-briza-725-g-57940\/","title":{"rendered":"Zna\u010dkov\u00fd PNZ Opravn\u00e1 pasta na d\u0159evo a korek fichte,tanne,esche,birke \/ smrk, jedle, popel, b\u0159\u00edza 725 g"},"content":{"rendered":"<table>\n<div class=\"tab-pane active product-description\" id=\"popis\" role=\"tabpanel\">\n<div class=\"short-description\" itemprop=\"description\">REPARATURPASTE<\/div>\n<div class=\"description\"><span class='bullet-line'>Bez rozpou\u0161t\u011bdel<br \/><\/span><span class='bullet-line'>Univerz\u00e1ln\u00ed opravn\u00e1 pasta pro opravy d\u0159eva,  korku a lamin\u00e1tu<br \/><\/span><span class='bullet-line'>Pro vnit\u0159n\u00ed i venkovn\u00ed pou\u017eit\u00ed<br \/><\/span><br \/>\u25ba Vhodn\u00e9 pro<span class='bullet-line'>Univerz\u00e1ln\u011b pou\u017eiteln\u00e1 bezrozpou\u0161t\u011bdlov\u00e1 opravn\u00e1 pasta bez z\u00e1pachu. <br \/><\/span><span class='bullet-line'>Pro vnit\u0159n\u00ed a vn\u011bj\u0161\u00ed opravy d\u0159eva, korku a lamin\u00e1tu na praskliny, d\u00edry a vybr\u00e1n\u00ed. <br \/><\/span><br \/>\u25ba Aplikace \/ zpracov\u00e1n\u00ed<span class='bullet-line'>Vypl\u0148te oblast, kterou chcete opravit, pastou v po\u017eadovan\u00e9 barv\u011b.<br \/><\/span><span class='bullet-line'>Pokud je po\u0161kozen\u00ed hlub\u0161\u00ed, m\u016f\u017eete pracovat v n\u011bkolika sm\u011bn\u00e1ch.<br \/><\/span><span class='bullet-line'>Kdykoli po vytvrzen\u00ed je mo\u017en\u00e9 n\u00e1sledn\u00e9 o\u0161et\u0159en\u00ed vodou \u0159editeln\u00fdmi barvami, vosky atd.<br \/><\/span><span class='bullet-line'>Opravn\u00e1 pasta PNZ m\u016f\u017ee b\u00fdt brou\u0161ena, \u0159ez\u00e1na, obarvena, hoblov\u00e1na, pilov\u00e1na a vrt\u00e1na jako d\u0159evo. <br \/><\/span><span class='bullet-line'>Teplota zpracov\u00e1n\u00ed nad 8 \u00b0 C, vlhkost d\u0159eva nep\u0159esahuj\u00edc\u00ed 18%.<br \/><\/span> <br \/>\u25ba spot\u0159eba<span class='bullet-line'>Podle pot\u0159eby.<br \/><\/span><br \/>\u25ba \u010ci\u0161t\u011bn\u00ed<span class='bullet-line'>O\u010dist\u011bte n\u00e1\u0159ad\u00ed m\u00fddlem a vodou.<br \/><\/span><br \/>\u25ba \u00dalo\u017en\u00fd prostor<span class='bullet-line'>Chladn\u00fd, ale bez mrazu. <br \/><\/span><span class='bullet-line'>Lze je skladovat po dobu 3 let v neotev\u0159en\u00fdch n\u00e1dob\u00e1ch.<br \/><\/span><span class='bullet-line'>Otev\u0159en\u00e9 n\u00e1doby p\u0159eve\u010fte do men\u0161\u00edch vhodn\u00fdch n\u00e1dob, vzduchot\u011bsn\u011b uzav\u0159ete a brzy je spot\u0159ebujte.<br \/><\/span><br \/>\u25ba P\u0159\u00edsady<span class='bullet-line'>P\u0159\u00edrodn\u00ed plniva, jako jsou k\u0159\u00edda, oxid k\u0159emi\u010dit\u00fd, talek, bramborov\u00fd \u0161krob, \u0161elak, voda, zem\u011b a pigmenty oxidu \u017eeleza.<br \/><\/span><br \/>\u25ba D\u016fle\u017eit\u00e9 pokyny<span class='bullet-line'>S2: Uchov\u00e1vejte mimo dosah d\u011bt\u00ed. <br \/><\/span><span class='bullet-line'>M\u016f\u017ee vyvolat alergick\u00e9 reakce. <br \/><\/span><span class='bullet-line'>K recyklaci pou\u017e\u00edvejte pouze pr\u00e1zdn\u00e9 n\u00e1doby. <br \/><\/span><span class='bullet-line'>Zbytky su\u0161en\u00e9ho materi\u00e1lu lze likvidovat spole\u010dn\u011b s domovn\u00edm odpadem nebo jako stavebn\u00ed odpad. <br \/><\/span><span class='bullet-line'>Vra\u0165te zbytky kapaliny na sb\u011brn\u00e9 m\u00edsto pro star\u00e9 barvy. ASN \u010d .: 080499.<br \/><\/span><br \/>\u25ba St\u00edny<span class='bullet-line'>Vyberte si pros\u00edm vhodnou barvu v na\u0161em technick\u00e9m listu.<br \/><\/span><span class='bullet-line'>V\u0161echny barvy jsou vz\u00e1jemn\u011b m\u00edsiteln\u00e9.<br \/><\/span><br \/>\u25ba Velikosti kontejner\u016f<span class='bullet-line'>Tuba 150 g, plechovka 725 g a v\u011bt\u0161\u00ed.<br \/><\/span><span class='bullet-line'>Tyto v\u00fdrobky a balen\u00ed jsou skladem u v\u00fdrobce, term\u00edn dod\u00e1n\u00ed 1-3 t\u00fddny<\/span><\/div>\n<div class=\"parameters\">\n<tr>\n<td>Spot\u0159eba<\/td>\n<td>Podle pot\u0159eby!<\/td>\n<\/tr>\n<tr>\n<td>Bez rozpou\u0161t\u011bdel<\/td>\n<td>ANO<\/td>\n<\/tr>\n<tr>\n<td>Obzvl\u00e1\u0161t\u011b snadn\u00e9 pou\u017eit\u00ed<\/td>\n<td>ANO<\/td>\n<\/tr><\/div>\n<\/table>\n","protected":false},"excerpt":{"rendered":"<p>REPARATURPASTE Bez rozpou\u0161t\u011bdelUniverz\u00e1ln\u00ed opravn\u00e1 pasta pro opravy d\u0159eva, korku a lamin\u00e1tuPro vnit\u0159n\u00ed i venkovn\u00ed pou\u017eit\u00ed\u25ba Vhodn\u00e9 proUniverz\u00e1ln\u011b pou\u017eiteln\u00e1 bezrozpou\u0161t\u011bdlov\u00e1 opravn\u00e1 pasta bez z\u00e1pachu. Pro vnit\u0159n\u00ed a vn\u011bj\u0161\u00ed opravy d\u0159eva, korku a lamin\u00e1tu na praskliny, d\u00edry a vybr\u00e1n\u00ed. \u25ba Aplikace \/ zpracov\u00e1n\u00edVypl\u0148te oblast, kterou chcete opravit, pastou v po\u017eadovan\u00e9 barv\u011b.Pokud je po\u0161kozen\u00ed hlub\u0161\u00ed, m\u016f\u017eete pracovat v [&hellip;]<\/p>\n","protected":false},"featured_media":58040,"comment_status":"open","ping_status":"open","template":"","meta":[],"product_brand":[],"product_cat":[50,52,51],"product_tag":[],"class_list":{"0":"post-57940","1":"product","2":"type-product","3":"status-publish","4":"has-post-thumbnail","6":"product_cat-barvy","7":"product_cat-chemie","8":"product_cat-laky","10":"first","11":"instock","12":"sale","13":"shipping-taxable","14":"purchasable","15":"product-type-simple"},"yoast_head":"<!-- This site is optimized with the Yoast SEO plugin v26.8 - https:\/\/yoast.com\/product\/yoast-seo-wordpress\/ -->\n<title>Zna\u010dkov\u00fd PNZ Opravn\u00e1 pasta na d\u0159evo a korek fichte,tanne,esche,birke \/ smrk, jedle, popel, b\u0159\u00edza 725 g -<\/title>\n<meta name=\"robots\" content=\"index, follow, max-snippet:-1, max-image-preview:large, max-video-preview:-1\" \/>\n<link rel=\"canonical\" href=\"https:\/\/www.oknobuild.com\/index.php\/produkt\/znackovy-pnz-opravna-pasta-na-drevo-a-korek-fichte-tanne-esche-birke-smrk-jedle-popel-briza-725-g-57940\/\" \/>\n<meta property=\"og:locale\" content=\"cs_CZ\" \/>\n<meta property=\"og:type\" content=\"article\" \/>\n<meta property=\"og:title\" content=\"Zna\u010dkov\u00fd PNZ Opravn\u00e1 pasta na d\u0159evo a korek fichte,tanne,esche,birke \/ smrk, jedle, popel, b\u0159\u00edza 725 g -\" \/>\n<meta property=\"og:description\" content=\"REPARATURPASTE Bez rozpou\u0161t\u011bdelUniverz\u00e1ln\u00ed opravn\u00e1 pasta pro opravy d\u0159eva, korku a lamin\u00e1tuPro vnit\u0159n\u00ed i venkovn\u00ed pou\u017eit\u00ed\u25ba Vhodn\u00e9 proUniverz\u00e1ln\u011b pou\u017eiteln\u00e1 bezrozpou\u0161t\u011bdlov\u00e1 opravn\u00e1 pasta bez z\u00e1pachu. Pro vnit\u0159n\u00ed a vn\u011bj\u0161\u00ed opravy d\u0159eva, korku a lamin\u00e1tu na praskliny, d\u00edry a vybr\u00e1n\u00ed. \u25ba Aplikace \/ zpracov\u00e1n\u00edVypl\u0148te oblast, kterou chcete opravit, pastou v po\u017eadovan\u00e9 barv\u011b.Pokud je po\u0161kozen\u00ed hlub\u0161\u00ed, m\u016f\u017eete pracovat v [&hellip;]\" \/>\n<meta property=\"og:url\" content=\"https:\/\/www.oknobuild.com\/index.php\/produkt\/znackovy-pnz-opravna-pasta-na-drevo-a-korek-fichte-tanne-esche-birke-smrk-jedle-popel-briza-725-g-57940\/\" \/>\n<meta property=\"og:image\" content=\"https:\/\/www.oknobuild.com\/wp-content\/uploads\/2026\/SK0021462-CZ20260425-092328-0-1777080210-smrkjedlejasanll_1.webp\" \/>\n\t<meta property=\"og:image:width\" content=\"281\" \/>\n\t<meta property=\"og:image:height\" content=\"700\" \/>\n\t<meta property=\"og:image:type\" content=\"image\/webp\" \/>\n<meta name=\"twitter:card\" content=\"summary_large_image\" \/>\n<meta name=\"twitter:label1\" content=\"Odhadovan\u00e1 doba \u010dten\u00ed\" \/>\n\t<meta name=\"twitter:data1\" content=\"2 minuty\" \/>\n<script type=\"application\/ld+json\" class=\"yoast-schema-graph\">{\"@context\":\"https:\/\/schema.org\",\"@graph\":[{\"@type\":\"WebPage\",\"@id\":\"https:\/\/www.oknobuild.com\/index.php\/produkt\/znackovy-pnz-opravna-pasta-na-drevo-a-korek-fichte-tanne-esche-birke-smrk-jedle-popel-briza-725-g-57940\/\",\"url\":\"https:\/\/www.oknobuild.com\/index.php\/produkt\/znackovy-pnz-opravna-pasta-na-drevo-a-korek-fichte-tanne-esche-birke-smrk-jedle-popel-briza-725-g-57940\/\",\"name\":\"Zna\u010dkov\u00fd PNZ Opravn\u00e1 pasta na d\u0159evo a korek fichte,tanne,esche,birke \/ smrk, jedle, popel, b\u0159\u00edza 725 g -\",\"isPartOf\":{\"@id\":\"https:\/\/www.oknobuild.com\/#website\"},\"primaryImageOfPage\":{\"@id\":\"https:\/\/www.oknobuild.com\/index.php\/produkt\/znackovy-pnz-opravna-pasta-na-drevo-a-korek-fichte-tanne-esche-birke-smrk-jedle-popel-briza-725-g-57940\/#primaryimage\"},\"image\":{\"@id\":\"https:\/\/www.oknobuild.com\/index.php\/produkt\/znackovy-pnz-opravna-pasta-na-drevo-a-korek-fichte-tanne-esche-birke-smrk-jedle-popel-briza-725-g-57940\/#primaryimage\"},\"thumbnailUrl\":\"https:\/\/www.oknobuild.com\/wp-content\/uploads\/2026\/SK0021462-CZ20260425-092328-0-1777080210-smrkjedlejasanll_1.webp\",\"datePublished\":\"2026-04-27T04:43:09+00:00\",\"breadcrumb\":{\"@id\":\"https:\/\/www.oknobuild.com\/index.php\/produkt\/znackovy-pnz-opravna-pasta-na-drevo-a-korek-fichte-tanne-esche-birke-smrk-jedle-popel-briza-725-g-57940\/#breadcrumb\"},\"inLanguage\":\"cs\",\"potentialAction\":[{\"@type\":\"ReadAction\",\"target\":[\"https:\/\/www.oknobuild.com\/index.php\/produkt\/znackovy-pnz-opravna-pasta-na-drevo-a-korek-fichte-tanne-esche-birke-smrk-jedle-popel-briza-725-g-57940\/\"]}]},{\"@type\":\"ImageObject\",\"inLanguage\":\"cs\",\"@id\":\"https:\/\/www.oknobuild.com\/index.php\/produkt\/znackovy-pnz-opravna-pasta-na-drevo-a-korek-fichte-tanne-esche-birke-smrk-jedle-popel-briza-725-g-57940\/#primaryimage\",\"url\":\"https:\/\/www.oknobuild.com\/wp-content\/uploads\/2026\/SK0021462-CZ20260425-092328-0-1777080210-smrkjedlejasanll_1.webp\",\"contentUrl\":\"https:\/\/www.oknobuild.com\/wp-content\/uploads\/2026\/SK0021462-CZ20260425-092328-0-1777080210-smrkjedlejasanll_1.webp\",\"width\":281,\"height\":700},{\"@type\":\"BreadcrumbList\",\"@id\":\"https:\/\/www.oknobuild.com\/index.php\/produkt\/znackovy-pnz-opravna-pasta-na-drevo-a-korek-fichte-tanne-esche-birke-smrk-jedle-popel-briza-725-g-57940\/#breadcrumb\",\"itemListElement\":[{\"@type\":\"ListItem\",\"position\":1,\"name\":\"Home\",\"item\":\"https:\/\/www.oknobuild.com\/\"},{\"@type\":\"ListItem\",\"position\":2,\"name\":\"Products\",\"item\":\"https:\/\/www.oknobuild.com\/index.php\/products\/\"},{\"@type\":\"ListItem\",\"position\":3,\"name\":\"Zna\u010dkov\u00fd PNZ Opravn\u00e1 pasta na d\u0159evo a korek fichte,tanne,esche,birke \/ smrk, jedle, popel, b\u0159\u00edza 725 g\"}]},{\"@type\":\"WebSite\",\"@id\":\"https:\/\/www.oknobuild.com\/#website\",\"url\":\"https:\/\/www.oknobuild.com\/\",\"name\":\"\",\"description\":\"\",\"potentialAction\":[{\"@type\":\"SearchAction\",\"target\":{\"@type\":\"EntryPoint\",\"urlTemplate\":\"https:\/\/www.oknobuild.com\/?s={search_term_string}\"},\"query-input\":{\"@type\":\"PropertyValueSpecification\",\"valueRequired\":true,\"valueName\":\"search_term_string\"}}],\"inLanguage\":\"cs\"}]}<\/script>\n<!-- \/ Yoast SEO plugin. -->","yoast_head_json":{"title":"Zna\u010dkov\u00fd PNZ Opravn\u00e1 pasta na d\u0159evo a korek fichte,tanne,esche,birke \/ smrk, jedle, popel, b\u0159\u00edza 725 g -","robots":{"index":"index","follow":"follow","max-snippet":"max-snippet:-1","max-image-preview":"max-image-preview:large","max-video-preview":"max-video-preview:-1"},"canonical":"https:\/\/www.oknobuild.com\/index.php\/produkt\/znackovy-pnz-opravna-pasta-na-drevo-a-korek-fichte-tanne-esche-birke-smrk-jedle-popel-briza-725-g-57940\/","og_locale":"cs_CZ","og_type":"article","og_title":"Zna\u010dkov\u00fd PNZ Opravn\u00e1 pasta na d\u0159evo a korek fichte,tanne,esche,birke \/ smrk, jedle, popel, b\u0159\u00edza 725 g -","og_description":"REPARATURPASTE Bez rozpou\u0161t\u011bdelUniverz\u00e1ln\u00ed opravn\u00e1 pasta pro opravy d\u0159eva, korku a lamin\u00e1tuPro vnit\u0159n\u00ed i venkovn\u00ed pou\u017eit\u00ed\u25ba Vhodn\u00e9 proUniverz\u00e1ln\u011b pou\u017eiteln\u00e1 bezrozpou\u0161t\u011bdlov\u00e1 opravn\u00e1 pasta bez z\u00e1pachu. Pro vnit\u0159n\u00ed a vn\u011bj\u0161\u00ed opravy d\u0159eva, korku a lamin\u00e1tu na praskliny, d\u00edry a vybr\u00e1n\u00ed. \u25ba Aplikace \/ zpracov\u00e1n\u00edVypl\u0148te oblast, kterou chcete opravit, pastou v po\u017eadovan\u00e9 barv\u011b.Pokud je po\u0161kozen\u00ed hlub\u0161\u00ed, m\u016f\u017eete pracovat v [&hellip;]","og_url":"https:\/\/www.oknobuild.com\/index.php\/produkt\/znackovy-pnz-opravna-pasta-na-drevo-a-korek-fichte-tanne-esche-birke-smrk-jedle-popel-briza-725-g-57940\/","og_image":[{"width":281,"height":700,"url":"https:\/\/www.oknobuild.com\/wp-content\/uploads\/2026\/SK0021462-CZ20260425-092328-0-1777080210-smrkjedlejasanll_1.webp","type":"image\/webp"}],"twitter_card":"summary_large_image","twitter_misc":{"Odhadovan\u00e1 doba \u010dten\u00ed":"2 minuty"},"schema":{"@context":"https:\/\/schema.org","@graph":[{"@type":"WebPage","@id":"https:\/\/www.oknobuild.com\/index.php\/produkt\/znackovy-pnz-opravna-pasta-na-drevo-a-korek-fichte-tanne-esche-birke-smrk-jedle-popel-briza-725-g-57940\/","url":"https:\/\/www.oknobuild.com\/index.php\/produkt\/znackovy-pnz-opravna-pasta-na-drevo-a-korek-fichte-tanne-esche-birke-smrk-jedle-popel-briza-725-g-57940\/","name":"Zna\u010dkov\u00fd PNZ Opravn\u00e1 pasta na d\u0159evo a korek fichte,tanne,esche,birke \/ smrk, jedle, popel, b\u0159\u00edza 725 g -","isPartOf":{"@id":"https:\/\/www.oknobuild.com\/#website"},"primaryImageOfPage":{"@id":"https:\/\/www.oknobuild.com\/index.php\/produkt\/znackovy-pnz-opravna-pasta-na-drevo-a-korek-fichte-tanne-esche-birke-smrk-jedle-popel-briza-725-g-57940\/#primaryimage"},"image":{"@id":"https:\/\/www.oknobuild.com\/index.php\/produkt\/znackovy-pnz-opravna-pasta-na-drevo-a-korek-fichte-tanne-esche-birke-smrk-jedle-popel-briza-725-g-57940\/#primaryimage"},"thumbnailUrl":"https:\/\/www.oknobuild.com\/wp-content\/uploads\/2026\/SK0021462-CZ20260425-092328-0-1777080210-smrkjedlejasanll_1.webp","datePublished":"2026-04-27T04:43:09+00:00","breadcrumb":{"@id":"https:\/\/www.oknobuild.com\/index.php\/produkt\/znackovy-pnz-opravna-pasta-na-drevo-a-korek-fichte-tanne-esche-birke-smrk-jedle-popel-briza-725-g-57940\/#breadcrumb"},"inLanguage":"cs","potentialAction":[{"@type":"ReadAction","target":["https:\/\/www.oknobuild.com\/index.php\/produkt\/znackovy-pnz-opravna-pasta-na-drevo-a-korek-fichte-tanne-esche-birke-smrk-jedle-popel-briza-725-g-57940\/"]}]},{"@type":"ImageObject","inLanguage":"cs","@id":"https:\/\/www.oknobuild.com\/index.php\/produkt\/znackovy-pnz-opravna-pasta-na-drevo-a-korek-fichte-tanne-esche-birke-smrk-jedle-popel-briza-725-g-57940\/#primaryimage","url":"https:\/\/www.oknobuild.com\/wp-content\/uploads\/2026\/SK0021462-CZ20260425-092328-0-1777080210-smrkjedlejasanll_1.webp","contentUrl":"https:\/\/www.oknobuild.com\/wp-content\/uploads\/2026\/SK0021462-CZ20260425-092328-0-1777080210-smrkjedlejasanll_1.webp","width":281,"height":700},{"@type":"BreadcrumbList","@id":"https:\/\/www.oknobuild.com\/index.php\/produkt\/znackovy-pnz-opravna-pasta-na-drevo-a-korek-fichte-tanne-esche-birke-smrk-jedle-popel-briza-725-g-57940\/#breadcrumb","itemListElement":[{"@type":"ListItem","position":1,"name":"Home","item":"https:\/\/www.oknobuild.com\/"},{"@type":"ListItem","position":2,"name":"Products","item":"https:\/\/www.oknobuild.com\/index.php\/products\/"},{"@type":"ListItem","position":3,"name":"Zna\u010dkov\u00fd PNZ Opravn\u00e1 pasta na d\u0159evo a korek fichte,tanne,esche,birke \/ smrk, jedle, popel, b\u0159\u00edza 725 g"}]},{"@type":"WebSite","@id":"https:\/\/www.oknobuild.com\/#website","url":"https:\/\/www.oknobuild.com\/","name":"","description":"","potentialAction":[{"@type":"SearchAction","target":{"@type":"EntryPoint","urlTemplate":"https:\/\/www.oknobuild.com\/?s={search_term_string}"},"query-input":{"@type":"PropertyValueSpecification","valueRequired":true,"valueName":"search_term_string"}}],"inLanguage":"cs"}]}},"_links":{"self":[{"href":"https:\/\/www.oknobuild.com\/index.php\/wp-json\/wp\/v2\/product\/57940","targetHints":{"allow":["GET"]}}],"collection":[{"href":"https:\/\/www.oknobuild.com\/index.php\/wp-json\/wp\/v2\/product"}],"about":[{"href":"https:\/\/www.oknobuild.com\/index.php\/wp-json\/wp\/v2\/types\/product"}],"replies":[{"embeddable":true,"href":"https:\/\/www.oknobuild.com\/index.php\/wp-json\/wp\/v2\/comments?post=57940"}],"wp:featuredmedia":[{"embeddable":true,"href":"https:\/\/www.oknobuild.com\/index.php\/wp-json\/wp\/v2\/media\/58040"}],"wp:attachment":[{"href":"https:\/\/www.oknobuild.com\/index.php\/wp-json\/wp\/v2\/media?parent=57940"}],"wp:term":[{"taxonomy":"product_brand","embeddable":true,"href":"https:\/\/www.oknobuild.com\/index.php\/wp-json\/wp\/v2\/product_brand?post=57940"},{"taxonomy":"product_cat","embeddable":true,"href":"https:\/\/www.oknobuild.com\/index.php\/wp-json\/wp\/v2\/product_cat?post=57940"},{"taxonomy":"product_tag","embeddable":true,"href":"https:\/\/www.oknobuild.com\/index.php\/wp-json\/wp\/v2\/product_tag?post=57940"}],"curies":[{"name":"wp","href":"https:\/\/api.w.org\/{rel}","templated":true}]}}