{"id":58123,"date":"2026-04-27T04:43:10","date_gmt":"2026-04-27T04:43:10","guid":{"rendered":""},"modified":"2026-04-27T04:43:10","modified_gmt":"2026-04-27T04:43:10","slug":"akce-pnz-blokator-vlhkosti-farblos-bezbarvy-2-5-l-58123","status":"publish","type":"product","link":"https:\/\/www.oknobuild.com\/index.php\/produkt\/akce-pnz-blokator-vlhkosti-farblos-bezbarvy-2-5-l-58123\/","title":{"rendered":"Akce PNZ Blok\u00e1tor vlhkosti farblos \/ bezbarv\u00fd 2,5 l"},"content":{"rendered":"<table>\n<div class=\"tab-pane active product-description\" id=\"popis\" role=\"tabpanel\">\n<div class=\"short-description\" itemprop=\"description\">WASSERBLOCKER<\/div>\n<div class=\"description\"><span class='bullet-line'>Vodoodpudiv\u00fd d\u00edky vodoodpudiv\u00e9mu \u00fa\u010dinku<br \/><\/span><span class='bullet-line'>Bez rozpou\u0161t\u011bdel<br \/><\/span><br \/>\u25ba Vhodn\u00e9 pro<span class='bullet-line'>D\u0159evo ve venkovn\u00edm prostoru: d\u0159evo (zahradn\u00ed n\u00e1bytek, fas\u00e1dy, balkony, ploty, dve\u0159e, okna, br\u00e1ny, tr\u00e1my, stropy), korkov\u00e9 i hlin\u011bn\u00e9 a cotto povrchy. <br \/><\/span><span class='bullet-line'>Blokova\u010d vody PNZ nab\u00edz\u00ed dlouhodobou ochranu proti vlhkosti v\u0161eho druhu a impregnuje neviditeln\u011b.<br \/><\/span><br \/>\u25ba Aplikace \/ zpracov\u00e1n\u00ed<span class='bullet-line'>Povrch mus\u00ed b\u00fdt \u010dist\u00fd.<br \/><\/span><span class='bullet-line'>Teplota zpracov\u00e1n\u00ed od + 8 \u00b0 C Vlhkost d\u0159eva nep\u0159esahuje 18%.<br \/><\/span><span class='bullet-line'>Zkontrolujte pevnost star\u00fdch n\u00e1t\u011br\u016f.<br \/><\/span><span class='bullet-line'>M\u016f\u017ee pracovat odli\u0161n\u011b na r\u016fzn\u00fdch povr\u0161\u00edch.<br \/><\/span><span class='bullet-line'>Prove\u010fte zku\u0161ebn\u00ed n\u00e1t\u011br.<br \/><\/span><span class='bullet-line'>Naneste blok\u00e1tor PNZ na \u010dist\u00fd povrch \u0161t\u011btcem, v\u00e1le\u010dkem nebo st\u0159\u00edk\u00e1n\u00edm a m\u00e1\u010den\u00edm. <br \/><\/span><span class='bullet-line'>P\u0159ebyte\u010dn\u00fd materi\u00e1l odstra\u0148te po asi 30 minut\u00e1ch na neabsorp\u010dn\u00edm povrchu. <br \/><\/span><span class='bullet-line'>Osv\u011b\u017een\u00ed by m\u011blo b\u00fdt provedeno v\u010das, podle pot\u0159eby. <br \/><\/span><span class='bullet-line'>V z\u00e1vislosti na po\u010das\u00ed, nas\u00e1kavosti a teplot\u011b je doba schnut\u00ed p\u0159ibli\u017en\u011b 6\u201312 hodin.<br \/><\/span><br \/>\u25ba Spot\u0159eba<span class='bullet-line'>Cca. 100\u2013200 ml \/ m 2 , tj. 1 litr PNZ blok\u00e1toru vody posta\u010duje pro cca 10\u201320 m 2  na aplikaci. <br \/><\/span><span class='bullet-line'>U hrub\u011b \u0159ezan\u00e9ho nebo r\u00fdhovan\u00e9ho d\u0159eva se m\u016f\u017ee spot\u0159eba zv\u00fd\u0161it (faktor 2-3).<br \/><\/span><br \/>\u25ba \u010ci\u0161t\u011bn\u00ed<span class='bullet-line'>O\u010dist\u011bte n\u00e1\u0159ad\u00ed m\u00fddlem a vodou.<br \/><\/span><br \/>\u25ba \u00dalo\u017en\u00fd prostor<span class='bullet-line'>Chladn\u00fd, ale bez mrazu. <br \/><\/span><span class='bullet-line'>Lze je skladovat po dobu 3 let v neotev\u0159en\u00fdch n\u00e1dob\u00e1ch. <br \/><\/span><span class='bullet-line'>Otev\u0159en\u00e9 n\u00e1doby p\u0159eve\u010fte do men\u0161\u00edch vhodn\u00fdch n\u00e1dob, vzduchot\u011bsn\u011b uzav\u0159ete a brzy je spot\u0159ebujte.<br \/><\/span><br \/>\u25ba P\u0159\u00edsady<span class='bullet-line'>P\u0159\u00edrodn\u00ed vosky a oleje, demineralizovan\u00e1 voda. <br \/><\/span><span class='bullet-line'>Konzerva\u010dn\u00ed prost\u0159edky (MIT \/ BIT)<br \/><\/span><br \/>\u25ba D\u016fle\u017eit\u00e9 pokyny<span class='bullet-line'>Odolnost proti ot\u011bru v podlaze nen\u00ed zaru\u010dena. <br \/><\/span><span class='bullet-line'>P\u0159ed a b\u011bhem pou\u017eit\u00ed dob\u0159e prom\u00edchejte obsah.<br \/><\/span><span class='bullet-line'>S2: Uchov\u00e1vejte mimo dosah d\u011bt\u00ed. M\u016f\u017ee vyvolat alergick\u00e9 reakce. <br \/><\/span><span class='bullet-line'>Likvidace: Pr\u00e1zdn\u00e9 n\u00e1doby odevzd\u00e1vejte pouze k recyklaci. <br \/><\/span><span class='bullet-line'>Zbytky su\u0161en\u00e9ho materi\u00e1lu lze likvidovat spole\u010dn\u011b s domovn\u00edm odpadem nebo jako stavebn\u00ed odpad. <br \/><\/span><span class='bullet-line'>Vra\u0165te zbytky kapaliny na sb\u011brn\u00e9 m\u00edsto pro star\u00e9 barvy. ASN \u010d .: 120112. BAGT \u010d. 82797. Jedov\u00e1 t\u0159\u00edda zdarma.<br \/><\/span><br \/>\u25ba Velikosti kontejner\u016f<span class='bullet-line'>0,75 litru, 2,5 litru, 10 litr\u016f<\/span><\/div>\n<div class=\"parameters\">\n<tr>\n<td>spot\u0159eba<\/td>\n<td>Cca. 100\u2013200 ml \/ m\u00b2, tj. 1 litr vody blokuj\u00edc\u00ed PNZ posta\u010duje na cca 10\u201320 m\u00b2 na objedn\u00e1vku. U hrub\u011b \u0159ezan\u00e9ho nebo r\u00fdhovan\u00e9ho d\u0159eva se m\u016f\u017ee spot\u0159eba zv\u00fd\u0161it (faktor 2-3).<\/td>\n<\/tr>\n<tr>\n<td>Doba schnut\u00ed<\/td>\n<td>V z\u00e1vislosti na po\u010das\u00ed, nas\u00e1kavosti a teplot\u011b je doba schnut\u00ed p\u0159ibli\u017en\u011b 6\u201312 hodin.<\/td>\n<\/tr>\n<tr>\n<td>Bez rozpou\u0161t\u011bdel<\/td>\n<td>ano<\/td>\n<\/tr>\n<tr>\n<td>Siln\u011b odpuzuj\u00edc\u00ed vodu<\/td>\n<td>ano<\/td>\n<\/tr>\n<tr>\n<td>Trval\u00e1 ochrana proti pov\u011btrnostn\u00edm vliv\u016fm<\/td>\n<td>ano<\/td>\n<\/tr><\/div>\n<\/table>\n","protected":false},"excerpt":{"rendered":"<p>WASSERBLOCKER Vodoodpudiv\u00fd d\u00edky vodoodpudiv\u00e9mu \u00fa\u010dinkuBez rozpou\u0161t\u011bdel\u25ba Vhodn\u00e9 proD\u0159evo ve venkovn\u00edm prostoru: d\u0159evo (zahradn\u00ed n\u00e1bytek, fas\u00e1dy, balkony, ploty, dve\u0159e, okna, br\u00e1ny, tr\u00e1my, stropy), korkov\u00e9 i hlin\u011bn\u00e9 a cotto povrchy. Blokova\u010d vody PNZ nab\u00edz\u00ed dlouhodobou ochranu proti vlhkosti v\u0161eho druhu a impregnuje neviditeln\u011b.\u25ba Aplikace \/ zpracov\u00e1n\u00edPovrch mus\u00ed b\u00fdt \u010dist\u00fd.Teplota zpracov\u00e1n\u00ed od + 8 \u00b0 C Vlhkost d\u0159eva [&hellip;]<\/p>\n","protected":false},"featured_media":58223,"comment_status":"open","ping_status":"open","template":"","meta":[],"product_brand":[],"product_cat":[50,52,51],"product_tag":[],"class_list":{"0":"post-58123","1":"product","2":"type-product","3":"status-publish","4":"has-post-thumbnail","6":"product_cat-barvy","7":"product_cat-chemie","8":"product_cat-laky","10":"first","11":"instock","12":"sale","13":"shipping-taxable","14":"purchasable","15":"product-type-simple"},"yoast_head":"<!-- This site is optimized with the Yoast SEO plugin v26.8 - https:\/\/yoast.com\/product\/yoast-seo-wordpress\/ -->\n<title>Akce PNZ Blok\u00e1tor vlhkosti farblos \/ bezbarv\u00fd 2,5 l -<\/title>\n<meta name=\"robots\" content=\"index, follow, max-snippet:-1, max-image-preview:large, max-video-preview:-1\" \/>\n<link rel=\"canonical\" href=\"https:\/\/www.oknobuild.com\/index.php\/produkt\/akce-pnz-blokator-vlhkosti-farblos-bezbarvy-2-5-l-58123\/\" \/>\n<meta property=\"og:locale\" content=\"cs_CZ\" \/>\n<meta property=\"og:type\" content=\"article\" \/>\n<meta property=\"og:title\" content=\"Akce PNZ Blok\u00e1tor vlhkosti farblos \/ bezbarv\u00fd 2,5 l -\" \/>\n<meta property=\"og:description\" content=\"WASSERBLOCKER Vodoodpudiv\u00fd d\u00edky vodoodpudiv\u00e9mu \u00fa\u010dinkuBez rozpou\u0161t\u011bdel\u25ba Vhodn\u00e9 proD\u0159evo ve venkovn\u00edm prostoru: d\u0159evo (zahradn\u00ed n\u00e1bytek, fas\u00e1dy, balkony, ploty, dve\u0159e, okna, br\u00e1ny, tr\u00e1my, stropy), korkov\u00e9 i hlin\u011bn\u00e9 a cotto povrchy. Blokova\u010d vody PNZ nab\u00edz\u00ed dlouhodobou ochranu proti vlhkosti v\u0161eho druhu a impregnuje neviditeln\u011b.\u25ba Aplikace \/ zpracov\u00e1n\u00edPovrch mus\u00ed b\u00fdt \u010dist\u00fd.Teplota zpracov\u00e1n\u00ed od + 8 \u00b0 C Vlhkost d\u0159eva [&hellip;]\" \/>\n<meta property=\"og:url\" content=\"https:\/\/www.oknobuild.com\/index.php\/produkt\/akce-pnz-blokator-vlhkosti-farblos-bezbarvy-2-5-l-58123\/\" \/>\n<meta property=\"og:image\" content=\"https:\/\/www.oknobuild.com\/wp-content\/uploads\/2026\/SK0021545-CZ20260425-092328-0-1777080210-vystryyyyyyyyyyyizek_1.webp\" \/>\n\t<meta property=\"og:image:width\" content=\"462\" \/>\n\t<meta property=\"og:image:height\" content=\"590\" \/>\n\t<meta property=\"og:image:type\" content=\"image\/webp\" \/>\n<meta name=\"twitter:card\" content=\"summary_large_image\" \/>\n<meta name=\"twitter:label1\" content=\"Odhadovan\u00e1 doba \u010dten\u00ed\" \/>\n\t<meta name=\"twitter:data1\" content=\"2 minuty\" \/>\n<script type=\"application\/ld+json\" class=\"yoast-schema-graph\">{\"@context\":\"https:\/\/schema.org\",\"@graph\":[{\"@type\":\"WebPage\",\"@id\":\"https:\/\/www.oknobuild.com\/index.php\/produkt\/akce-pnz-blokator-vlhkosti-farblos-bezbarvy-2-5-l-58123\/\",\"url\":\"https:\/\/www.oknobuild.com\/index.php\/produkt\/akce-pnz-blokator-vlhkosti-farblos-bezbarvy-2-5-l-58123\/\",\"name\":\"Akce PNZ Blok\u00e1tor vlhkosti farblos \/ bezbarv\u00fd 2,5 l -\",\"isPartOf\":{\"@id\":\"https:\/\/www.oknobuild.com\/#website\"},\"primaryImageOfPage\":{\"@id\":\"https:\/\/www.oknobuild.com\/index.php\/produkt\/akce-pnz-blokator-vlhkosti-farblos-bezbarvy-2-5-l-58123\/#primaryimage\"},\"image\":{\"@id\":\"https:\/\/www.oknobuild.com\/index.php\/produkt\/akce-pnz-blokator-vlhkosti-farblos-bezbarvy-2-5-l-58123\/#primaryimage\"},\"thumbnailUrl\":\"https:\/\/www.oknobuild.com\/wp-content\/uploads\/2026\/SK0021545-CZ20260425-092328-0-1777080210-vystryyyyyyyyyyyizek_1.webp\",\"datePublished\":\"2026-04-27T04:43:10+00:00\",\"breadcrumb\":{\"@id\":\"https:\/\/www.oknobuild.com\/index.php\/produkt\/akce-pnz-blokator-vlhkosti-farblos-bezbarvy-2-5-l-58123\/#breadcrumb\"},\"inLanguage\":\"cs\",\"potentialAction\":[{\"@type\":\"ReadAction\",\"target\":[\"https:\/\/www.oknobuild.com\/index.php\/produkt\/akce-pnz-blokator-vlhkosti-farblos-bezbarvy-2-5-l-58123\/\"]}]},{\"@type\":\"ImageObject\",\"inLanguage\":\"cs\",\"@id\":\"https:\/\/www.oknobuild.com\/index.php\/produkt\/akce-pnz-blokator-vlhkosti-farblos-bezbarvy-2-5-l-58123\/#primaryimage\",\"url\":\"https:\/\/www.oknobuild.com\/wp-content\/uploads\/2026\/SK0021545-CZ20260425-092328-0-1777080210-vystryyyyyyyyyyyizek_1.webp\",\"contentUrl\":\"https:\/\/www.oknobuild.com\/wp-content\/uploads\/2026\/SK0021545-CZ20260425-092328-0-1777080210-vystryyyyyyyyyyyizek_1.webp\",\"width\":462,\"height\":590},{\"@type\":\"BreadcrumbList\",\"@id\":\"https:\/\/www.oknobuild.com\/index.php\/produkt\/akce-pnz-blokator-vlhkosti-farblos-bezbarvy-2-5-l-58123\/#breadcrumb\",\"itemListElement\":[{\"@type\":\"ListItem\",\"position\":1,\"name\":\"Home\",\"item\":\"https:\/\/www.oknobuild.com\/\"},{\"@type\":\"ListItem\",\"position\":2,\"name\":\"Products\",\"item\":\"https:\/\/www.oknobuild.com\/index.php\/products\/\"},{\"@type\":\"ListItem\",\"position\":3,\"name\":\"Akce PNZ Blok\u00e1tor vlhkosti farblos \/ bezbarv\u00fd 2,5 l\"}]},{\"@type\":\"WebSite\",\"@id\":\"https:\/\/www.oknobuild.com\/#website\",\"url\":\"https:\/\/www.oknobuild.com\/\",\"name\":\"\",\"description\":\"\",\"potentialAction\":[{\"@type\":\"SearchAction\",\"target\":{\"@type\":\"EntryPoint\",\"urlTemplate\":\"https:\/\/www.oknobuild.com\/?s={search_term_string}\"},\"query-input\":{\"@type\":\"PropertyValueSpecification\",\"valueRequired\":true,\"valueName\":\"search_term_string\"}}],\"inLanguage\":\"cs\"}]}<\/script>\n<!-- \/ Yoast SEO plugin. -->","yoast_head_json":{"title":"Akce PNZ Blok\u00e1tor vlhkosti farblos \/ bezbarv\u00fd 2,5 l -","robots":{"index":"index","follow":"follow","max-snippet":"max-snippet:-1","max-image-preview":"max-image-preview:large","max-video-preview":"max-video-preview:-1"},"canonical":"https:\/\/www.oknobuild.com\/index.php\/produkt\/akce-pnz-blokator-vlhkosti-farblos-bezbarvy-2-5-l-58123\/","og_locale":"cs_CZ","og_type":"article","og_title":"Akce PNZ Blok\u00e1tor vlhkosti farblos \/ bezbarv\u00fd 2,5 l -","og_description":"WASSERBLOCKER Vodoodpudiv\u00fd d\u00edky vodoodpudiv\u00e9mu \u00fa\u010dinkuBez rozpou\u0161t\u011bdel\u25ba Vhodn\u00e9 proD\u0159evo ve venkovn\u00edm prostoru: d\u0159evo (zahradn\u00ed n\u00e1bytek, fas\u00e1dy, balkony, ploty, dve\u0159e, okna, br\u00e1ny, tr\u00e1my, stropy), korkov\u00e9 i hlin\u011bn\u00e9 a cotto povrchy. Blokova\u010d vody PNZ nab\u00edz\u00ed dlouhodobou ochranu proti vlhkosti v\u0161eho druhu a impregnuje neviditeln\u011b.\u25ba Aplikace \/ zpracov\u00e1n\u00edPovrch mus\u00ed b\u00fdt \u010dist\u00fd.Teplota zpracov\u00e1n\u00ed od + 8 \u00b0 C Vlhkost d\u0159eva [&hellip;]","og_url":"https:\/\/www.oknobuild.com\/index.php\/produkt\/akce-pnz-blokator-vlhkosti-farblos-bezbarvy-2-5-l-58123\/","og_image":[{"width":462,"height":590,"url":"https:\/\/www.oknobuild.com\/wp-content\/uploads\/2026\/SK0021545-CZ20260425-092328-0-1777080210-vystryyyyyyyyyyyizek_1.webp","type":"image\/webp"}],"twitter_card":"summary_large_image","twitter_misc":{"Odhadovan\u00e1 doba \u010dten\u00ed":"2 minuty"},"schema":{"@context":"https:\/\/schema.org","@graph":[{"@type":"WebPage","@id":"https:\/\/www.oknobuild.com\/index.php\/produkt\/akce-pnz-blokator-vlhkosti-farblos-bezbarvy-2-5-l-58123\/","url":"https:\/\/www.oknobuild.com\/index.php\/produkt\/akce-pnz-blokator-vlhkosti-farblos-bezbarvy-2-5-l-58123\/","name":"Akce PNZ Blok\u00e1tor vlhkosti farblos \/ bezbarv\u00fd 2,5 l -","isPartOf":{"@id":"https:\/\/www.oknobuild.com\/#website"},"primaryImageOfPage":{"@id":"https:\/\/www.oknobuild.com\/index.php\/produkt\/akce-pnz-blokator-vlhkosti-farblos-bezbarvy-2-5-l-58123\/#primaryimage"},"image":{"@id":"https:\/\/www.oknobuild.com\/index.php\/produkt\/akce-pnz-blokator-vlhkosti-farblos-bezbarvy-2-5-l-58123\/#primaryimage"},"thumbnailUrl":"https:\/\/www.oknobuild.com\/wp-content\/uploads\/2026\/SK0021545-CZ20260425-092328-0-1777080210-vystryyyyyyyyyyyizek_1.webp","datePublished":"2026-04-27T04:43:10+00:00","breadcrumb":{"@id":"https:\/\/www.oknobuild.com\/index.php\/produkt\/akce-pnz-blokator-vlhkosti-farblos-bezbarvy-2-5-l-58123\/#breadcrumb"},"inLanguage":"cs","potentialAction":[{"@type":"ReadAction","target":["https:\/\/www.oknobuild.com\/index.php\/produkt\/akce-pnz-blokator-vlhkosti-farblos-bezbarvy-2-5-l-58123\/"]}]},{"@type":"ImageObject","inLanguage":"cs","@id":"https:\/\/www.oknobuild.com\/index.php\/produkt\/akce-pnz-blokator-vlhkosti-farblos-bezbarvy-2-5-l-58123\/#primaryimage","url":"https:\/\/www.oknobuild.com\/wp-content\/uploads\/2026\/SK0021545-CZ20260425-092328-0-1777080210-vystryyyyyyyyyyyizek_1.webp","contentUrl":"https:\/\/www.oknobuild.com\/wp-content\/uploads\/2026\/SK0021545-CZ20260425-092328-0-1777080210-vystryyyyyyyyyyyizek_1.webp","width":462,"height":590},{"@type":"BreadcrumbList","@id":"https:\/\/www.oknobuild.com\/index.php\/produkt\/akce-pnz-blokator-vlhkosti-farblos-bezbarvy-2-5-l-58123\/#breadcrumb","itemListElement":[{"@type":"ListItem","position":1,"name":"Home","item":"https:\/\/www.oknobuild.com\/"},{"@type":"ListItem","position":2,"name":"Products","item":"https:\/\/www.oknobuild.com\/index.php\/products\/"},{"@type":"ListItem","position":3,"name":"Akce PNZ Blok\u00e1tor vlhkosti farblos \/ bezbarv\u00fd 2,5 l"}]},{"@type":"WebSite","@id":"https:\/\/www.oknobuild.com\/#website","url":"https:\/\/www.oknobuild.com\/","name":"","description":"","potentialAction":[{"@type":"SearchAction","target":{"@type":"EntryPoint","urlTemplate":"https:\/\/www.oknobuild.com\/?s={search_term_string}"},"query-input":{"@type":"PropertyValueSpecification","valueRequired":true,"valueName":"search_term_string"}}],"inLanguage":"cs"}]}},"_links":{"self":[{"href":"https:\/\/www.oknobuild.com\/index.php\/wp-json\/wp\/v2\/product\/58123","targetHints":{"allow":["GET"]}}],"collection":[{"href":"https:\/\/www.oknobuild.com\/index.php\/wp-json\/wp\/v2\/product"}],"about":[{"href":"https:\/\/www.oknobuild.com\/index.php\/wp-json\/wp\/v2\/types\/product"}],"replies":[{"embeddable":true,"href":"https:\/\/www.oknobuild.com\/index.php\/wp-json\/wp\/v2\/comments?post=58123"}],"wp:featuredmedia":[{"embeddable":true,"href":"https:\/\/www.oknobuild.com\/index.php\/wp-json\/wp\/v2\/media\/58223"}],"wp:attachment":[{"href":"https:\/\/www.oknobuild.com\/index.php\/wp-json\/wp\/v2\/media?parent=58123"}],"wp:term":[{"taxonomy":"product_brand","embeddable":true,"href":"https:\/\/www.oknobuild.com\/index.php\/wp-json\/wp\/v2\/product_brand?post=58123"},{"taxonomy":"product_cat","embeddable":true,"href":"https:\/\/www.oknobuild.com\/index.php\/wp-json\/wp\/v2\/product_cat?post=58123"},{"taxonomy":"product_tag","embeddable":true,"href":"https:\/\/www.oknobuild.com\/index.php\/wp-json\/wp\/v2\/product_tag?post=58123"}],"curies":[{"name":"wp","href":"https:\/\/api.w.org\/{rel}","templated":true}]}}