{"id":58176,"date":"2026-04-27T04:43:10","date_gmt":"2026-04-27T04:43:10","guid":{"rendered":""},"modified":"2026-04-27T04:43:10","modified_gmt":"2026-04-27T04:43:10","slug":"znackovy-soudal-soudaseal-240-fc-bily-600ml-58176","status":"publish","type":"product","link":"https:\/\/www.oknobuild.com\/index.php\/produkt\/znackovy-soudal-soudaseal-240-fc-bily-600ml-58176\/","title":{"rendered":"Zna\u010dkov\u00fd SOUDAL Soudaseal 240 FC b\u00edl\u00fd 600ml"},"content":{"rendered":"<table>\n<div class=\"tab-pane active product-description\" id=\"popis\" role=\"tabpanel\">\n<div class=\"short-description\" itemprop=\"description\"><\/div>\n<div class=\"description\"><span class='bullet-line'>Vysoce kvalitn\u00ed jednoslo\u017ekov\u00fd lepic\u00ed tmel na b\u00e1zi MS polymer\u016f s vysokou pevnost\u00ed lepen\u00e9ho spoje. <br \/><\/span><span class='bullet-line'>M\u00e1 vynikaj\u00edc\u00ed mechanick\u00e9 vlastnosti, po vytvrzen\u00ed je trvale pru\u017en\u00fd s pohybem a\u017e do +\/- 20%.<br \/><\/span><span class='bullet-line'>Konstruk\u010dn\u00ed a stavebn\u00ed sp\u00e1rov\u00e1n\u00ed, kde je vy\u017eadov\u00e1na vysok\u00e1 pevnost a pru\u017enost. <br \/><\/span><span class='bullet-line'>Tmelen\u00ed vibra\u010dn\u00edch konstrukc\u00ed, ventila\u010dn\u00edch syst\u00e9m\u016f, karoseri\u00ed, karavan\u016f a kontejner\u016f. <br \/><\/span><span class='bullet-line'>Ekologick\u00fd, neobsahuje rozpou\u0161t\u011bdla ani izokyan\u00e1ty, p\u0159et\u00edrateln\u00fd, m\u00e1 vynikaj\u00edc\u00ed odolnost v\u016f\u010di chemik\u00e1li\u00edm, vysok\u00fd modul pru\u017enosti.<br \/><\/span><br \/>\u25ba CHARAKTERISTIKA PRODUKTU<span class='bullet-line'>dokonal\u00e1 adheze a vysok\u00e1 lepivost na t\u00e9m\u011b\u0159 v\u0161echny materi\u00e1ly<br \/><\/span><span class='bullet-line'>p\u0159et\u00edrateln\u00fd v\u0161emi barvami na vodn\u00ed b\u00e1zi a mnoha dal\u0161\u00edmi syst\u00e9my<br \/><\/span><span class='bullet-line'>trvale pru\u017en\u00e1 hmota \u2013 pohyb do +\/- 20 %<br \/><\/span><span class='bullet-line'>snadn\u00e1 aplikace i v n\u00e1ro\u010dn\u00fdch podm\u00ednk\u00e1ch<br \/><\/span><br \/>\u25ba P\u0158\u00cdKLADY POU\u017dIT\u00cd<span class='bullet-line'>tmelen\u00ed a lepen\u00ed ve stavebn\u00edm pr\u016fmyslu<br \/><\/span><span class='bullet-line'>tmelen\u00ed spoj\u016f ventila\u010dn\u00edch syst\u00e9m\u016f a jin\u00fdch plechov\u00fdch konstrukc\u00ed<br \/><\/span><span class='bullet-line'>sanit\u00e1rn\u00ed aplikace<br \/><\/span><span class='bullet-line'>lepen\u00ed bezpe\u010dnostn\u00edch skel<br \/><\/span><br \/>\u25ba PRACOVN\u00cd POSTUP<span class='bullet-line'>Pracovn\u00ed postup naleznete v technick\u00e9m listu<\/span><\/div>\n<div class=\"parameters\">\n<tr>\n<td>B\u00e1ze<\/td>\n<td>MS polymer\u00ae<\/td>\n<\/tr>\n<tr>\n<td>Konzistence<\/td>\n<td>pasta<\/td>\n<\/tr>\n<tr>\n<td>Syst\u00e9m vytvrzov\u00e1n\u00ed<\/td>\n<td>vlhkostn\u00ed<\/td>\n<\/tr>\n<tr>\n<td>Rychlost schnut\u00ed (*)(20\u00b0C\/65% r.v.)<\/td>\n<td>cca 10 min.<\/td>\n<\/tr>\n<tr>\n<td>Rychlost vytvrzov\u00e1n\u00ed (*) (20\u00b0C\/65% r.v.)<\/td>\n<td>2 a\u017e 3 mm\/24 hod<\/td>\n<\/tr>\n<tr>\n<td>Tvrdost<\/td>\n<td>40 +\/- 5 Shore A<\/td>\n<\/tr>\n<tr>\n<td>Tvarov\u00e1 pam\u011b\u0165<\/td>\n<td>&gt; 75%<\/td>\n<\/tr>\n<tr>\n<td>Specifick\u00e1 hmotnost<\/td>\n<td>1,67 g\/ml<\/td>\n<\/tr>\n<tr>\n<td>Maxim\u00e1ln\u00ed deformace<\/td>\n<td>\u00b1 20%<\/td>\n<\/tr>\n<tr>\n<td>Teplotn\u00ed odolnost (po vytvrzen\u00ed)<\/td>\n<td>-40\u00b0C a\u017e +90\u00b0C (po vytvrzen\u00ed)<\/td>\n<\/tr>\n<tr>\n<td>Modul pru\u017enosti E 100% (DIN 53504)<\/td>\n<td>0,75 N\/mm\u00b2<\/td>\n<\/tr>\n<tr>\n<td>Maxim\u00e1ln\u00ed tahov\u00e9 nam\u00e1h\u00e1n\u00ed (DIN 53504)<\/td>\n<td>1,80 N\/mm\u00b2<\/td>\n<\/tr>\n<tr>\n<td>Max. prodlou\u017een\u00ed p\u0159ed p\u0159etr\u017een\u00edm<\/td>\n<td>750% (DIN 53504)<\/td>\n<\/tr>\n<tr>\n<td>Smykov\u00e1 pevnost<\/td>\n<td>1,2 N\/mm\u00b2<\/td>\n<\/tr>\n<tr>\n<td>Podklad \/ Tlou\u0161\u0165ka \/ Smykov\u00e1 rychlost<\/td>\n<td>AlMgSi1 \/ 2 mm \/ 10 mm\/min<\/td>\n<\/tr><\/div>\n<\/table>\n","protected":false},"excerpt":{"rendered":"<p>Vysoce kvalitn\u00ed jednoslo\u017ekov\u00fd lepic\u00ed tmel na b\u00e1zi MS polymer\u016f s vysokou pevnost\u00ed lepen\u00e9ho spoje. M\u00e1 vynikaj\u00edc\u00ed mechanick\u00e9 vlastnosti, po vytvrzen\u00ed je trvale pru\u017en\u00fd s pohybem a\u017e do +\/- 20%.Konstruk\u010dn\u00ed a stavebn\u00ed sp\u00e1rov\u00e1n\u00ed, kde je vy\u017eadov\u00e1na vysok\u00e1 pevnost a pru\u017enost. Tmelen\u00ed vibra\u010dn\u00edch konstrukc\u00ed, ventila\u010dn\u00edch syst\u00e9m\u016f, karoseri\u00ed, karavan\u016f a kontejner\u016f. Ekologick\u00fd, neobsahuje rozpou\u0161t\u011bdla ani izokyan\u00e1ty, p\u0159et\u00edrateln\u00fd, m\u00e1 [&hellip;]<\/p>\n","protected":false},"featured_media":58276,"comment_status":"open","ping_status":"open","template":"","meta":[],"product_brand":[],"product_cat":[50,52,51],"product_tag":[],"class_list":{"0":"post-58176","1":"product","2":"type-product","3":"status-publish","4":"has-post-thumbnail","6":"product_cat-barvy","7":"product_cat-chemie","8":"product_cat-laky","10":"first","11":"instock","12":"sale","13":"shipping-taxable","14":"purchasable","15":"product-type-simple"},"yoast_head":"<!-- This site is optimized with the Yoast SEO plugin v26.8 - https:\/\/yoast.com\/product\/yoast-seo-wordpress\/ -->\n<title>Zna\u010dkov\u00fd SOUDAL Soudaseal 240 FC b\u00edl\u00fd 600ml -<\/title>\n<meta name=\"robots\" content=\"index, follow, max-snippet:-1, max-image-preview:large, max-video-preview:-1\" \/>\n<link rel=\"canonical\" href=\"https:\/\/www.oknobuild.com\/index.php\/produkt\/znackovy-soudal-soudaseal-240-fc-bily-600ml-58176\/\" \/>\n<meta property=\"og:locale\" content=\"cs_CZ\" \/>\n<meta property=\"og:type\" content=\"article\" \/>\n<meta property=\"og:title\" content=\"Zna\u010dkov\u00fd SOUDAL Soudaseal 240 FC b\u00edl\u00fd 600ml -\" \/>\n<meta property=\"og:description\" content=\"Vysoce kvalitn\u00ed jednoslo\u017ekov\u00fd lepic\u00ed tmel na b\u00e1zi MS polymer\u016f s vysokou pevnost\u00ed lepen\u00e9ho spoje. M\u00e1 vynikaj\u00edc\u00ed mechanick\u00e9 vlastnosti, po vytvrzen\u00ed je trvale pru\u017en\u00fd s pohybem a\u017e do +\/- 20%.Konstruk\u010dn\u00ed a stavebn\u00ed sp\u00e1rov\u00e1n\u00ed, kde je vy\u017eadov\u00e1na vysok\u00e1 pevnost a pru\u017enost. Tmelen\u00ed vibra\u010dn\u00edch konstrukc\u00ed, ventila\u010dn\u00edch syst\u00e9m\u016f, karoseri\u00ed, karavan\u016f a kontejner\u016f. Ekologick\u00fd, neobsahuje rozpou\u0161t\u011bdla ani izokyan\u00e1ty, p\u0159et\u00edrateln\u00fd, m\u00e1 [&hellip;]\" \/>\n<meta property=\"og:url\" content=\"https:\/\/www.oknobuild.com\/index.php\/produkt\/znackovy-soudal-soudaseal-240-fc-bily-600ml-58176\/\" \/>\n<meta property=\"og:image\" content=\"https:\/\/www.oknobuild.com\/wp-content\/uploads\/2026\/SK0021598-CZ20260425-092328-0-1777080210-690157_1_13.webp\" \/>\n\t<meta property=\"og:image:width\" content=\"114\" \/>\n\t<meta property=\"og:image:height\" content=\"603\" \/>\n\t<meta property=\"og:image:type\" content=\"image\/webp\" \/>\n<meta name=\"twitter:card\" content=\"summary_large_image\" \/>\n<meta name=\"twitter:label1\" content=\"Odhadovan\u00e1 doba \u010dten\u00ed\" \/>\n\t<meta name=\"twitter:data1\" content=\"1 minuta\" \/>\n<script type=\"application\/ld+json\" class=\"yoast-schema-graph\">{\"@context\":\"https:\/\/schema.org\",\"@graph\":[{\"@type\":\"WebPage\",\"@id\":\"https:\/\/www.oknobuild.com\/index.php\/produkt\/znackovy-soudal-soudaseal-240-fc-bily-600ml-58176\/\",\"url\":\"https:\/\/www.oknobuild.com\/index.php\/produkt\/znackovy-soudal-soudaseal-240-fc-bily-600ml-58176\/\",\"name\":\"Zna\u010dkov\u00fd SOUDAL Soudaseal 240 FC b\u00edl\u00fd 600ml -\",\"isPartOf\":{\"@id\":\"https:\/\/www.oknobuild.com\/#website\"},\"primaryImageOfPage\":{\"@id\":\"https:\/\/www.oknobuild.com\/index.php\/produkt\/znackovy-soudal-soudaseal-240-fc-bily-600ml-58176\/#primaryimage\"},\"image\":{\"@id\":\"https:\/\/www.oknobuild.com\/index.php\/produkt\/znackovy-soudal-soudaseal-240-fc-bily-600ml-58176\/#primaryimage\"},\"thumbnailUrl\":\"https:\/\/www.oknobuild.com\/wp-content\/uploads\/2026\/SK0021598-CZ20260425-092328-0-1777080210-690157_1_13.webp\",\"datePublished\":\"2026-04-27T04:43:10+00:00\",\"breadcrumb\":{\"@id\":\"https:\/\/www.oknobuild.com\/index.php\/produkt\/znackovy-soudal-soudaseal-240-fc-bily-600ml-58176\/#breadcrumb\"},\"inLanguage\":\"cs\",\"potentialAction\":[{\"@type\":\"ReadAction\",\"target\":[\"https:\/\/www.oknobuild.com\/index.php\/produkt\/znackovy-soudal-soudaseal-240-fc-bily-600ml-58176\/\"]}]},{\"@type\":\"ImageObject\",\"inLanguage\":\"cs\",\"@id\":\"https:\/\/www.oknobuild.com\/index.php\/produkt\/znackovy-soudal-soudaseal-240-fc-bily-600ml-58176\/#primaryimage\",\"url\":\"https:\/\/www.oknobuild.com\/wp-content\/uploads\/2026\/SK0021598-CZ20260425-092328-0-1777080210-690157_1_13.webp\",\"contentUrl\":\"https:\/\/www.oknobuild.com\/wp-content\/uploads\/2026\/SK0021598-CZ20260425-092328-0-1777080210-690157_1_13.webp\",\"width\":114,\"height\":603},{\"@type\":\"BreadcrumbList\",\"@id\":\"https:\/\/www.oknobuild.com\/index.php\/produkt\/znackovy-soudal-soudaseal-240-fc-bily-600ml-58176\/#breadcrumb\",\"itemListElement\":[{\"@type\":\"ListItem\",\"position\":1,\"name\":\"Home\",\"item\":\"https:\/\/www.oknobuild.com\/\"},{\"@type\":\"ListItem\",\"position\":2,\"name\":\"Products\",\"item\":\"https:\/\/www.oknobuild.com\/index.php\/products\/\"},{\"@type\":\"ListItem\",\"position\":3,\"name\":\"Zna\u010dkov\u00fd SOUDAL Soudaseal 240 FC b\u00edl\u00fd 600ml\"}]},{\"@type\":\"WebSite\",\"@id\":\"https:\/\/www.oknobuild.com\/#website\",\"url\":\"https:\/\/www.oknobuild.com\/\",\"name\":\"\",\"description\":\"\",\"potentialAction\":[{\"@type\":\"SearchAction\",\"target\":{\"@type\":\"EntryPoint\",\"urlTemplate\":\"https:\/\/www.oknobuild.com\/?s={search_term_string}\"},\"query-input\":{\"@type\":\"PropertyValueSpecification\",\"valueRequired\":true,\"valueName\":\"search_term_string\"}}],\"inLanguage\":\"cs\"}]}<\/script>\n<!-- \/ Yoast SEO plugin. -->","yoast_head_json":{"title":"Zna\u010dkov\u00fd SOUDAL Soudaseal 240 FC b\u00edl\u00fd 600ml -","robots":{"index":"index","follow":"follow","max-snippet":"max-snippet:-1","max-image-preview":"max-image-preview:large","max-video-preview":"max-video-preview:-1"},"canonical":"https:\/\/www.oknobuild.com\/index.php\/produkt\/znackovy-soudal-soudaseal-240-fc-bily-600ml-58176\/","og_locale":"cs_CZ","og_type":"article","og_title":"Zna\u010dkov\u00fd SOUDAL Soudaseal 240 FC b\u00edl\u00fd 600ml -","og_description":"Vysoce kvalitn\u00ed jednoslo\u017ekov\u00fd lepic\u00ed tmel na b\u00e1zi MS polymer\u016f s vysokou pevnost\u00ed lepen\u00e9ho spoje. M\u00e1 vynikaj\u00edc\u00ed mechanick\u00e9 vlastnosti, po vytvrzen\u00ed je trvale pru\u017en\u00fd s pohybem a\u017e do +\/- 20%.Konstruk\u010dn\u00ed a stavebn\u00ed sp\u00e1rov\u00e1n\u00ed, kde je vy\u017eadov\u00e1na vysok\u00e1 pevnost a pru\u017enost. Tmelen\u00ed vibra\u010dn\u00edch konstrukc\u00ed, ventila\u010dn\u00edch syst\u00e9m\u016f, karoseri\u00ed, karavan\u016f a kontejner\u016f. Ekologick\u00fd, neobsahuje rozpou\u0161t\u011bdla ani izokyan\u00e1ty, p\u0159et\u00edrateln\u00fd, m\u00e1 [&hellip;]","og_url":"https:\/\/www.oknobuild.com\/index.php\/produkt\/znackovy-soudal-soudaseal-240-fc-bily-600ml-58176\/","og_image":[{"width":114,"height":603,"url":"https:\/\/www.oknobuild.com\/wp-content\/uploads\/2026\/SK0021598-CZ20260425-092328-0-1777080210-690157_1_13.webp","type":"image\/webp"}],"twitter_card":"summary_large_image","twitter_misc":{"Odhadovan\u00e1 doba \u010dten\u00ed":"1 minuta"},"schema":{"@context":"https:\/\/schema.org","@graph":[{"@type":"WebPage","@id":"https:\/\/www.oknobuild.com\/index.php\/produkt\/znackovy-soudal-soudaseal-240-fc-bily-600ml-58176\/","url":"https:\/\/www.oknobuild.com\/index.php\/produkt\/znackovy-soudal-soudaseal-240-fc-bily-600ml-58176\/","name":"Zna\u010dkov\u00fd SOUDAL Soudaseal 240 FC b\u00edl\u00fd 600ml -","isPartOf":{"@id":"https:\/\/www.oknobuild.com\/#website"},"primaryImageOfPage":{"@id":"https:\/\/www.oknobuild.com\/index.php\/produkt\/znackovy-soudal-soudaseal-240-fc-bily-600ml-58176\/#primaryimage"},"image":{"@id":"https:\/\/www.oknobuild.com\/index.php\/produkt\/znackovy-soudal-soudaseal-240-fc-bily-600ml-58176\/#primaryimage"},"thumbnailUrl":"https:\/\/www.oknobuild.com\/wp-content\/uploads\/2026\/SK0021598-CZ20260425-092328-0-1777080210-690157_1_13.webp","datePublished":"2026-04-27T04:43:10+00:00","breadcrumb":{"@id":"https:\/\/www.oknobuild.com\/index.php\/produkt\/znackovy-soudal-soudaseal-240-fc-bily-600ml-58176\/#breadcrumb"},"inLanguage":"cs","potentialAction":[{"@type":"ReadAction","target":["https:\/\/www.oknobuild.com\/index.php\/produkt\/znackovy-soudal-soudaseal-240-fc-bily-600ml-58176\/"]}]},{"@type":"ImageObject","inLanguage":"cs","@id":"https:\/\/www.oknobuild.com\/index.php\/produkt\/znackovy-soudal-soudaseal-240-fc-bily-600ml-58176\/#primaryimage","url":"https:\/\/www.oknobuild.com\/wp-content\/uploads\/2026\/SK0021598-CZ20260425-092328-0-1777080210-690157_1_13.webp","contentUrl":"https:\/\/www.oknobuild.com\/wp-content\/uploads\/2026\/SK0021598-CZ20260425-092328-0-1777080210-690157_1_13.webp","width":114,"height":603},{"@type":"BreadcrumbList","@id":"https:\/\/www.oknobuild.com\/index.php\/produkt\/znackovy-soudal-soudaseal-240-fc-bily-600ml-58176\/#breadcrumb","itemListElement":[{"@type":"ListItem","position":1,"name":"Home","item":"https:\/\/www.oknobuild.com\/"},{"@type":"ListItem","position":2,"name":"Products","item":"https:\/\/www.oknobuild.com\/index.php\/products\/"},{"@type":"ListItem","position":3,"name":"Zna\u010dkov\u00fd SOUDAL Soudaseal 240 FC b\u00edl\u00fd 600ml"}]},{"@type":"WebSite","@id":"https:\/\/www.oknobuild.com\/#website","url":"https:\/\/www.oknobuild.com\/","name":"","description":"","potentialAction":[{"@type":"SearchAction","target":{"@type":"EntryPoint","urlTemplate":"https:\/\/www.oknobuild.com\/?s={search_term_string}"},"query-input":{"@type":"PropertyValueSpecification","valueRequired":true,"valueName":"search_term_string"}}],"inLanguage":"cs"}]}},"_links":{"self":[{"href":"https:\/\/www.oknobuild.com\/index.php\/wp-json\/wp\/v2\/product\/58176","targetHints":{"allow":["GET"]}}],"collection":[{"href":"https:\/\/www.oknobuild.com\/index.php\/wp-json\/wp\/v2\/product"}],"about":[{"href":"https:\/\/www.oknobuild.com\/index.php\/wp-json\/wp\/v2\/types\/product"}],"replies":[{"embeddable":true,"href":"https:\/\/www.oknobuild.com\/index.php\/wp-json\/wp\/v2\/comments?post=58176"}],"wp:featuredmedia":[{"embeddable":true,"href":"https:\/\/www.oknobuild.com\/index.php\/wp-json\/wp\/v2\/media\/58276"}],"wp:attachment":[{"href":"https:\/\/www.oknobuild.com\/index.php\/wp-json\/wp\/v2\/media?parent=58176"}],"wp:term":[{"taxonomy":"product_brand","embeddable":true,"href":"https:\/\/www.oknobuild.com\/index.php\/wp-json\/wp\/v2\/product_brand?post=58176"},{"taxonomy":"product_cat","embeddable":true,"href":"https:\/\/www.oknobuild.com\/index.php\/wp-json\/wp\/v2\/product_cat?post=58176"},{"taxonomy":"product_tag","embeddable":true,"href":"https:\/\/www.oknobuild.com\/index.php\/wp-json\/wp\/v2\/product_tag?post=58176"}],"curies":[{"name":"wp","href":"https:\/\/api.w.org\/{rel}","templated":true}]}}