{"id":58291,"date":"2026-04-27T04:43:10","date_gmt":"2026-04-27T04:43:10","guid":{"rendered":""},"modified":"2026-04-27T04:43:10","modified_gmt":"2026-04-27T04:43:10","slug":"zlevneny-soudal-univerzalni-silikon-cerny-280ml-58291","status":"publish","type":"product","link":"https:\/\/www.oknobuild.com\/index.php\/produkt\/zlevneny-soudal-univerzalni-silikon-cerny-280ml-58291\/","title":{"rendered":"Zlevn\u011bn\u00fd SOUDAL Univerz\u00e1ln\u00ed silikon \u010dern\u00fd 280ml"},"content":{"rendered":"<table>\n<div class=\"tab-pane active product-description\" id=\"popis\" role=\"tabpanel\">\n<div class=\"short-description\" itemprop=\"description\"><\/div>\n<div class=\"description\"><span class='bullet-line'>Acet\u00e1tov\u00fd silikonov\u00fd tmel univerz\u00e1ln\u011b pou\u017eiteln\u00fd pro stavebn\u00ed a konstruk\u010dn\u00ed sp\u00e1ry v interi\u00e9ru i exteri\u00e9ru, sanit\u00e1rn\u00ed aplikace apod. <\/span><span class='bullet-line'>M\u016f\u017ee b\u00fdt pou\u017eit na v\u011bt\u0161inu podklad\u016f mimo plast\u016f. <\/span><span class='bullet-line'>Trvale pru\u017en\u00fd, st\u00e1lobarevn\u00fd tmel s dlouhodobou \u017eivotnost\u00ed a odolnost\u00ed v\u016f\u010di UV z\u00e1\u0159en\u00ed.<\/span><br \/>\u25ba CHARAKTERISTIKA PRODUKTU<span class='bullet-line'>velmi snadno pou\u017eiteln\u00fd <\/span><span class='bullet-line'>barevn\u011b st\u00e1l\u00fd, odoln\u00fd proti UV z\u00e1\u0159en\u00ed <\/span><span class='bullet-line'>po vytvrzen\u00ed trvale elastick\u00fd <\/span><span class='bullet-line'>velmi dobr\u00e1 p\u0159ilnavost k mnoha materi\u00e1l\u016fm <\/span><span class='bullet-line'>typick\u00fd octov\u00fd z\u00e1pach<\/span><br \/>\u25ba P\u0158\u00cdKLADY POU\u017dIT\u00cd<span class='bullet-line'>sklen\u00e1\u0159sk\u00e9 pr\u00e1ce <\/span><span class='bullet-line'>tmelen\u00ed konstruk\u010dn\u00edch a stavebn\u00ed spoj\u016f <\/span><span class='bullet-line'>tmelen\u00ed chlad\u00edrensk\u00fdch sklad\u016f a kontejner\u016f <\/span><span class='bullet-line'>tmelen\u00ed klimatiza\u010dn\u00edch syst\u00e9m\u016f<\/span><br \/>\u25ba PRACOVN\u00cd POSTUP<span class='bullet-line'>Pracovn\u00ed postup naleznete v technick\u00e9m listu<\/span><\/div>\n<div class=\"parameters\">\n<tr>\n<td>B\u00e1ze<\/td>\n<td>Polysiloxan<\/td>\n<\/tr>\n<tr>\n<td>Konzistence<\/td>\n<td>pasta<\/td>\n<\/tr>\n<tr>\n<td>Syst\u00e9m vytvrzov\u00e1n\u00ed<\/td>\n<td>vlhkostn\u00ed<\/td>\n<\/tr>\n<tr>\n<td>Tvorba slupky (20\u00b0C\/65% r.v.)<\/td>\n<td>cca 7 minut<\/td>\n<\/tr>\n<tr>\n<td>Rychlost vytvrzov\u00e1n\u00ed (20\u00b0C\/65% r.v.)<\/td>\n<td>2 mm\/24 hod.<\/td>\n<\/tr>\n<tr>\n<td>Vydatnost<\/td>\n<td>1ks = 24 m p\u0159i sp\u00e1\u0159e 5 mm<\/td>\n<\/tr>\n<tr>\n<td>Tvrdost (DIN 53505)<\/td>\n<td>25 \u00b1 5 Shore A<\/td>\n<\/tr>\n<tr>\n<td>Specifick\u00e1 hmotnost (DIN 53479)<\/td>\n<td>cca 1,03 g\/ml (transparent)<\/td>\n<\/tr>\n<tr>\n<td><\/td>\n<td>cca 1,25 g\/ml (barevn\u00e9)<\/td>\n<\/tr>\n<tr>\n<td>Teplotn\u00ed odolnost<\/td>\n<td>-60\u00b0C a\u017e +180\u00b0C<\/td>\n<\/tr>\n<tr>\n<td>Tvarov\u00e1 pam\u011b\u0165 (ISO 7389)<\/td>\n<td>&gt; 90%<\/td>\n<\/tr>\n<tr>\n<td>Maxim\u00e1ln\u00ed deformace<\/td>\n<td>25%<\/td>\n<\/tr>\n<tr>\n<td>Modul pru\u017enosti 100% (DIN 53504)<\/td>\n<td>0,40 N\/mm\u00b2<\/td>\n<\/tr>\n<tr>\n<td>Max. tahov\u00e9 nam\u00e1h\u00e1n\u00ed (DIN 53504)<\/td>\n<td>1,50 N\/mm\u00b2<\/td>\n<\/tr>\n<tr>\n<td>Max. prodlou\u017een\u00ed p\u0159ed p\u0159etr\u017een\u00edm (DIN 53504)<\/td>\n<td>800%<\/td>\n<\/tr><\/div>\n<\/table>\n","protected":false},"excerpt":{"rendered":"<p>Acet\u00e1tov\u00fd silikonov\u00fd tmel univerz\u00e1ln\u011b pou\u017eiteln\u00fd pro stavebn\u00ed a konstruk\u010dn\u00ed sp\u00e1ry v interi\u00e9ru i exteri\u00e9ru, sanit\u00e1rn\u00ed aplikace apod. M\u016f\u017ee b\u00fdt pou\u017eit na v\u011bt\u0161inu podklad\u016f mimo plast\u016f. Trvale pru\u017en\u00fd, st\u00e1lobarevn\u00fd tmel s dlouhodobou \u017eivotnost\u00ed a odolnost\u00ed v\u016f\u010di UV z\u00e1\u0159en\u00ed.\u25ba CHARAKTERISTIKA PRODUKTUvelmi snadno pou\u017eiteln\u00fd barevn\u011b st\u00e1l\u00fd, odoln\u00fd proti UV z\u00e1\u0159en\u00ed po vytvrzen\u00ed trvale elastick\u00fd velmi dobr\u00e1 p\u0159ilnavost k [&hellip;]<\/p>\n","protected":false},"featured_media":58391,"comment_status":"open","ping_status":"open","template":"","meta":[],"product_brand":[],"product_cat":[50,52,51],"product_tag":[],"class_list":{"0":"post-58291","1":"product","2":"type-product","3":"status-publish","4":"has-post-thumbnail","6":"product_cat-barvy","7":"product_cat-chemie","8":"product_cat-laky","10":"first","11":"instock","12":"sale","13":"shipping-taxable","14":"purchasable","15":"product-type-simple"},"yoast_head":"<!-- This site is optimized with the Yoast SEO plugin v26.8 - https:\/\/yoast.com\/product\/yoast-seo-wordpress\/ -->\n<title>Zlevn\u011bn\u00fd SOUDAL Univerz\u00e1ln\u00ed silikon \u010dern\u00fd 280ml -<\/title>\n<meta name=\"robots\" content=\"index, follow, max-snippet:-1, max-image-preview:large, max-video-preview:-1\" \/>\n<link rel=\"canonical\" href=\"https:\/\/www.oknobuild.com\/index.php\/produkt\/zlevneny-soudal-univerzalni-silikon-cerny-280ml-58291\/\" \/>\n<meta property=\"og:locale\" content=\"cs_CZ\" \/>\n<meta property=\"og:type\" content=\"article\" \/>\n<meta property=\"og:title\" content=\"Zlevn\u011bn\u00fd SOUDAL Univerz\u00e1ln\u00ed silikon \u010dern\u00fd 280ml -\" \/>\n<meta property=\"og:description\" content=\"Acet\u00e1tov\u00fd silikonov\u00fd tmel univerz\u00e1ln\u011b pou\u017eiteln\u00fd pro stavebn\u00ed a konstruk\u010dn\u00ed sp\u00e1ry v interi\u00e9ru i exteri\u00e9ru, sanit\u00e1rn\u00ed aplikace apod. M\u016f\u017ee b\u00fdt pou\u017eit na v\u011bt\u0161inu podklad\u016f mimo plast\u016f. Trvale pru\u017en\u00fd, st\u00e1lobarevn\u00fd tmel s dlouhodobou \u017eivotnost\u00ed a odolnost\u00ed v\u016f\u010di UV z\u00e1\u0159en\u00ed.\u25ba CHARAKTERISTIKA PRODUKTUvelmi snadno pou\u017eiteln\u00fd barevn\u011b st\u00e1l\u00fd, odoln\u00fd proti UV z\u00e1\u0159en\u00ed po vytvrzen\u00ed trvale elastick\u00fd velmi dobr\u00e1 p\u0159ilnavost k [&hellip;]\" \/>\n<meta property=\"og:url\" content=\"https:\/\/www.oknobuild.com\/index.php\/produkt\/zlevneny-soudal-univerzalni-silikon-cerny-280ml-58291\/\" \/>\n<meta property=\"og:image\" content=\"https:\/\/www.oknobuild.com\/wp-content\/uploads\/2026\/SK0021613-CZ20260425-092328-0-1777080210-1238594-1_100010..webp\" \/>\n\t<meta property=\"og:image:width\" content=\"220\" \/>\n\t<meta property=\"og:image:height\" content=\"640\" \/>\n\t<meta property=\"og:image:type\" content=\"image\/webp\" \/>\n<meta name=\"twitter:card\" content=\"summary_large_image\" \/>\n<meta name=\"twitter:label1\" content=\"Odhadovan\u00e1 doba \u010dten\u00ed\" \/>\n\t<meta name=\"twitter:data1\" content=\"1 minuta\" \/>\n<script type=\"application\/ld+json\" class=\"yoast-schema-graph\">{\"@context\":\"https:\/\/schema.org\",\"@graph\":[{\"@type\":\"WebPage\",\"@id\":\"https:\/\/www.oknobuild.com\/index.php\/produkt\/zlevneny-soudal-univerzalni-silikon-cerny-280ml-58291\/\",\"url\":\"https:\/\/www.oknobuild.com\/index.php\/produkt\/zlevneny-soudal-univerzalni-silikon-cerny-280ml-58291\/\",\"name\":\"Zlevn\u011bn\u00fd SOUDAL Univerz\u00e1ln\u00ed silikon \u010dern\u00fd 280ml -\",\"isPartOf\":{\"@id\":\"https:\/\/www.oknobuild.com\/#website\"},\"primaryImageOfPage\":{\"@id\":\"https:\/\/www.oknobuild.com\/index.php\/produkt\/zlevneny-soudal-univerzalni-silikon-cerny-280ml-58291\/#primaryimage\"},\"image\":{\"@id\":\"https:\/\/www.oknobuild.com\/index.php\/produkt\/zlevneny-soudal-univerzalni-silikon-cerny-280ml-58291\/#primaryimage\"},\"thumbnailUrl\":\"https:\/\/www.oknobuild.com\/wp-content\/uploads\/2026\/SK0021613-CZ20260425-092328-0-1777080210-1238594-1_100010..webp\",\"datePublished\":\"2026-04-27T04:43:10+00:00\",\"breadcrumb\":{\"@id\":\"https:\/\/www.oknobuild.com\/index.php\/produkt\/zlevneny-soudal-univerzalni-silikon-cerny-280ml-58291\/#breadcrumb\"},\"inLanguage\":\"cs\",\"potentialAction\":[{\"@type\":\"ReadAction\",\"target\":[\"https:\/\/www.oknobuild.com\/index.php\/produkt\/zlevneny-soudal-univerzalni-silikon-cerny-280ml-58291\/\"]}]},{\"@type\":\"ImageObject\",\"inLanguage\":\"cs\",\"@id\":\"https:\/\/www.oknobuild.com\/index.php\/produkt\/zlevneny-soudal-univerzalni-silikon-cerny-280ml-58291\/#primaryimage\",\"url\":\"https:\/\/www.oknobuild.com\/wp-content\/uploads\/2026\/SK0021613-CZ20260425-092328-0-1777080210-1238594-1_100010..webp\",\"contentUrl\":\"https:\/\/www.oknobuild.com\/wp-content\/uploads\/2026\/SK0021613-CZ20260425-092328-0-1777080210-1238594-1_100010..webp\",\"width\":220,\"height\":640},{\"@type\":\"BreadcrumbList\",\"@id\":\"https:\/\/www.oknobuild.com\/index.php\/produkt\/zlevneny-soudal-univerzalni-silikon-cerny-280ml-58291\/#breadcrumb\",\"itemListElement\":[{\"@type\":\"ListItem\",\"position\":1,\"name\":\"Home\",\"item\":\"https:\/\/www.oknobuild.com\/\"},{\"@type\":\"ListItem\",\"position\":2,\"name\":\"Products\",\"item\":\"https:\/\/www.oknobuild.com\/index.php\/products\/\"},{\"@type\":\"ListItem\",\"position\":3,\"name\":\"Zlevn\u011bn\u00fd SOUDAL Univerz\u00e1ln\u00ed silikon \u010dern\u00fd 280ml\"}]},{\"@type\":\"WebSite\",\"@id\":\"https:\/\/www.oknobuild.com\/#website\",\"url\":\"https:\/\/www.oknobuild.com\/\",\"name\":\"\",\"description\":\"\",\"potentialAction\":[{\"@type\":\"SearchAction\",\"target\":{\"@type\":\"EntryPoint\",\"urlTemplate\":\"https:\/\/www.oknobuild.com\/?s={search_term_string}\"},\"query-input\":{\"@type\":\"PropertyValueSpecification\",\"valueRequired\":true,\"valueName\":\"search_term_string\"}}],\"inLanguage\":\"cs\"}]}<\/script>\n<!-- \/ Yoast SEO plugin. -->","yoast_head_json":{"title":"Zlevn\u011bn\u00fd SOUDAL Univerz\u00e1ln\u00ed silikon \u010dern\u00fd 280ml -","robots":{"index":"index","follow":"follow","max-snippet":"max-snippet:-1","max-image-preview":"max-image-preview:large","max-video-preview":"max-video-preview:-1"},"canonical":"https:\/\/www.oknobuild.com\/index.php\/produkt\/zlevneny-soudal-univerzalni-silikon-cerny-280ml-58291\/","og_locale":"cs_CZ","og_type":"article","og_title":"Zlevn\u011bn\u00fd SOUDAL Univerz\u00e1ln\u00ed silikon \u010dern\u00fd 280ml -","og_description":"Acet\u00e1tov\u00fd silikonov\u00fd tmel univerz\u00e1ln\u011b pou\u017eiteln\u00fd pro stavebn\u00ed a konstruk\u010dn\u00ed sp\u00e1ry v interi\u00e9ru i exteri\u00e9ru, sanit\u00e1rn\u00ed aplikace apod. M\u016f\u017ee b\u00fdt pou\u017eit na v\u011bt\u0161inu podklad\u016f mimo plast\u016f. Trvale pru\u017en\u00fd, st\u00e1lobarevn\u00fd tmel s dlouhodobou \u017eivotnost\u00ed a odolnost\u00ed v\u016f\u010di UV z\u00e1\u0159en\u00ed.\u25ba CHARAKTERISTIKA PRODUKTUvelmi snadno pou\u017eiteln\u00fd barevn\u011b st\u00e1l\u00fd, odoln\u00fd proti UV z\u00e1\u0159en\u00ed po vytvrzen\u00ed trvale elastick\u00fd velmi dobr\u00e1 p\u0159ilnavost k [&hellip;]","og_url":"https:\/\/www.oknobuild.com\/index.php\/produkt\/zlevneny-soudal-univerzalni-silikon-cerny-280ml-58291\/","og_image":[{"width":220,"height":640,"url":"https:\/\/www.oknobuild.com\/wp-content\/uploads\/2026\/SK0021613-CZ20260425-092328-0-1777080210-1238594-1_100010..webp","type":"image\/webp"}],"twitter_card":"summary_large_image","twitter_misc":{"Odhadovan\u00e1 doba \u010dten\u00ed":"1 minuta"},"schema":{"@context":"https:\/\/schema.org","@graph":[{"@type":"WebPage","@id":"https:\/\/www.oknobuild.com\/index.php\/produkt\/zlevneny-soudal-univerzalni-silikon-cerny-280ml-58291\/","url":"https:\/\/www.oknobuild.com\/index.php\/produkt\/zlevneny-soudal-univerzalni-silikon-cerny-280ml-58291\/","name":"Zlevn\u011bn\u00fd SOUDAL Univerz\u00e1ln\u00ed silikon \u010dern\u00fd 280ml -","isPartOf":{"@id":"https:\/\/www.oknobuild.com\/#website"},"primaryImageOfPage":{"@id":"https:\/\/www.oknobuild.com\/index.php\/produkt\/zlevneny-soudal-univerzalni-silikon-cerny-280ml-58291\/#primaryimage"},"image":{"@id":"https:\/\/www.oknobuild.com\/index.php\/produkt\/zlevneny-soudal-univerzalni-silikon-cerny-280ml-58291\/#primaryimage"},"thumbnailUrl":"https:\/\/www.oknobuild.com\/wp-content\/uploads\/2026\/SK0021613-CZ20260425-092328-0-1777080210-1238594-1_100010..webp","datePublished":"2026-04-27T04:43:10+00:00","breadcrumb":{"@id":"https:\/\/www.oknobuild.com\/index.php\/produkt\/zlevneny-soudal-univerzalni-silikon-cerny-280ml-58291\/#breadcrumb"},"inLanguage":"cs","potentialAction":[{"@type":"ReadAction","target":["https:\/\/www.oknobuild.com\/index.php\/produkt\/zlevneny-soudal-univerzalni-silikon-cerny-280ml-58291\/"]}]},{"@type":"ImageObject","inLanguage":"cs","@id":"https:\/\/www.oknobuild.com\/index.php\/produkt\/zlevneny-soudal-univerzalni-silikon-cerny-280ml-58291\/#primaryimage","url":"https:\/\/www.oknobuild.com\/wp-content\/uploads\/2026\/SK0021613-CZ20260425-092328-0-1777080210-1238594-1_100010..webp","contentUrl":"https:\/\/www.oknobuild.com\/wp-content\/uploads\/2026\/SK0021613-CZ20260425-092328-0-1777080210-1238594-1_100010..webp","width":220,"height":640},{"@type":"BreadcrumbList","@id":"https:\/\/www.oknobuild.com\/index.php\/produkt\/zlevneny-soudal-univerzalni-silikon-cerny-280ml-58291\/#breadcrumb","itemListElement":[{"@type":"ListItem","position":1,"name":"Home","item":"https:\/\/www.oknobuild.com\/"},{"@type":"ListItem","position":2,"name":"Products","item":"https:\/\/www.oknobuild.com\/index.php\/products\/"},{"@type":"ListItem","position":3,"name":"Zlevn\u011bn\u00fd SOUDAL Univerz\u00e1ln\u00ed silikon \u010dern\u00fd 280ml"}]},{"@type":"WebSite","@id":"https:\/\/www.oknobuild.com\/#website","url":"https:\/\/www.oknobuild.com\/","name":"","description":"","potentialAction":[{"@type":"SearchAction","target":{"@type":"EntryPoint","urlTemplate":"https:\/\/www.oknobuild.com\/?s={search_term_string}"},"query-input":{"@type":"PropertyValueSpecification","valueRequired":true,"valueName":"search_term_string"}}],"inLanguage":"cs"}]}},"_links":{"self":[{"href":"https:\/\/www.oknobuild.com\/index.php\/wp-json\/wp\/v2\/product\/58291","targetHints":{"allow":["GET"]}}],"collection":[{"href":"https:\/\/www.oknobuild.com\/index.php\/wp-json\/wp\/v2\/product"}],"about":[{"href":"https:\/\/www.oknobuild.com\/index.php\/wp-json\/wp\/v2\/types\/product"}],"replies":[{"embeddable":true,"href":"https:\/\/www.oknobuild.com\/index.php\/wp-json\/wp\/v2\/comments?post=58291"}],"wp:featuredmedia":[{"embeddable":true,"href":"https:\/\/www.oknobuild.com\/index.php\/wp-json\/wp\/v2\/media\/58391"}],"wp:attachment":[{"href":"https:\/\/www.oknobuild.com\/index.php\/wp-json\/wp\/v2\/media?parent=58291"}],"wp:term":[{"taxonomy":"product_brand","embeddable":true,"href":"https:\/\/www.oknobuild.com\/index.php\/wp-json\/wp\/v2\/product_brand?post=58291"},{"taxonomy":"product_cat","embeddable":true,"href":"https:\/\/www.oknobuild.com\/index.php\/wp-json\/wp\/v2\/product_cat?post=58291"},{"taxonomy":"product_tag","embeddable":true,"href":"https:\/\/www.oknobuild.com\/index.php\/wp-json\/wp\/v2\/product_tag?post=58291"}],"curies":[{"name":"wp","href":"https:\/\/api.w.org\/{rel}","templated":true}]}}