{"id":58542,"date":"2026-04-27T04:43:11","date_gmt":"2026-04-27T04:43:11","guid":{"rendered":""},"modified":"2026-04-27T04:43:11","modified_gmt":"2026-04-27T04:43:11","slug":"zlevneny-soudal-malirska-barva-normal-15kg-58542","status":"publish","type":"product","link":"https:\/\/www.oknobuild.com\/index.php\/produkt\/zlevneny-soudal-malirska-barva-normal-15kg-58542\/","title":{"rendered":"Zlevn\u011bn\u00fd SOUDAL Mal\u00ed\u0159sk\u00e1 barva NORMAL 15kg"},"content":{"rendered":"<table>\n<div class=\"tab-pane active product-description\" id=\"popis\" role=\"tabpanel\">\n<div class=\"short-description\" itemprop=\"description\"><\/div>\n<div class=\"description\"><span class='bullet-line'>Akryl\u00e1tov\u00e1 mal\u00ed\u0159sk\u00e1 interi\u00e9rov\u00e1 barva vysok\u00e9 kvality ur\u010den\u00e1 pro malby interi\u00e9r\u016f s vysok\u00fdmi n\u00e1roky na vzhled, \u010distotu a dlouhodobou \u017eivotnost.<\/span><span class='bullet-line'>Vodou \u0159editeln\u00fd akryl\u00e1tov\u00fd n\u00e1t\u011br s vysokou \u00farovn\u00ed b\u011blosti, ot\u011bruvzdorn\u00fd a paropropustn\u00fd.<\/span><span class='bullet-line'>Vytv\u00e1\u0159\u00ed hladk\u00fd sametov\u011b matn\u00fd povrch, sni\u017euje ulp\u00edv\u00e1n\u00ed prachu a ne\u010distot.<\/span><span class='bullet-line'>\u010casem ne\u017eloutne, obsahuje vysoce kvalitn\u00ed suroviny a snadno se nan\u00e1\u0161\u00ed.<\/span><span class='bullet-line'>Je vhodn\u00e1 pro ru\u010dn\u00ed i strojn\u00ed t\u00f3nov\u00e1n\u00ed.<\/span><br \/>\u25ba CHARAKTERISTIKA PRODUKTU<span class='bullet-line'>ot\u011bruvzdornost<\/span><span class='bullet-line'>vysok\u00e1 b\u011blost, sametov\u00fd vzhled<\/span><span class='bullet-line'>vysok\u00e1 kryvost &#8211; vydatnost<\/span><span class='bullet-line'>obsahuje vysoce kvalitn\u00ed disperzi, neobsahuje t\u011b\u017ek\u00e9 kovy<\/span><br \/>\u25ba P\u0158\u00cdKLADY POU\u017dIT\u00cd<span class='bullet-line'>v\u0161echny druhy om\u00edtek a betonov\u00fdch povrch\u016f<\/span><span class='bullet-line'>s\u00e1drokarton a pap\u00edrov\u00e9 povrchy<\/span><span class='bullet-line'>aglomerovan\u00e9 d\u0159ev\u011bn\u00e9 materi\u00e1ly<\/span><span class='bullet-line'>interi\u00e9ry n\u00e1ro\u010dn\u00e9 na vzhled a hygienu (\u0161koly, kancel\u00e1\u0159e,zdravotnick\u00e1 za\u0159\u00edzen\u00ed,\u2026)<\/span><br \/>\u25ba PRACOVN\u00cd POSTUP<span class='bullet-line'>Pracovn\u00ed postup naleznete v technick\u00e9m listu<\/span><\/div>\n<div class=\"parameters\">\n<tr>\n<td>B\u00e1ze<\/td>\n<td>akryl\u00e1t, plniva<\/td>\n<\/tr>\n<tr>\n<td>Obsah net\u011bkav\u00fdch slo\u017eek<\/td>\n<td>min. 63%<\/td>\n<\/tr>\n<tr>\n<td>Specifick\u00e1 hmotnost<\/td>\n<td>1,56 kg\/dm3<\/td>\n<\/tr>\n<tr>\n<td>Konzistence<\/td>\n<td>visk\u00f3zn\u00ed kapalina<\/td>\n<\/tr>\n<tr>\n<td>Spot\u0159eba<\/td>\n<td>8-12m2\/kg<\/td>\n<\/tr>\n<tr>\n<td>Dif\u00fazn\u00ed odpor<\/td>\n<td>0,05m<\/td>\n<\/tr>\n<tr>\n<td>B\u011blost<\/td>\n<td>min. 93%<\/td>\n<\/tr>\n<tr>\n<td>P\u0159\u00eddr\u017enost<\/td>\n<td>min. 0,3 MPa<\/td>\n<\/tr>\n<tr>\n<td>Kryvost<\/td>\n<td>1<\/td>\n<\/tr><\/div>\n<\/table>\n","protected":false},"excerpt":{"rendered":"<p>Akryl\u00e1tov\u00e1 mal\u00ed\u0159sk\u00e1 interi\u00e9rov\u00e1 barva vysok\u00e9 kvality ur\u010den\u00e1 pro malby interi\u00e9r\u016f s vysok\u00fdmi n\u00e1roky na vzhled, \u010distotu a dlouhodobou \u017eivotnost.Vodou \u0159editeln\u00fd akryl\u00e1tov\u00fd n\u00e1t\u011br s vysokou \u00farovn\u00ed b\u011blosti, ot\u011bruvzdorn\u00fd a paropropustn\u00fd.Vytv\u00e1\u0159\u00ed hladk\u00fd sametov\u011b matn\u00fd povrch, sni\u017euje ulp\u00edv\u00e1n\u00ed prachu a ne\u010distot.\u010casem ne\u017eloutne, obsahuje vysoce kvalitn\u00ed suroviny a snadno se nan\u00e1\u0161\u00ed.Je vhodn\u00e1 pro ru\u010dn\u00ed i strojn\u00ed t\u00f3nov\u00e1n\u00ed.\u25ba CHARAKTERISTIKA PRODUKTUot\u011bruvzdornostvysok\u00e1 [&hellip;]<\/p>\n","protected":false},"featured_media":58642,"comment_status":"open","ping_status":"open","template":"","meta":[],"product_brand":[],"product_cat":[50,52,51],"product_tag":[],"class_list":{"0":"post-58542","1":"product","2":"type-product","3":"status-publish","4":"has-post-thumbnail","6":"product_cat-barvy","7":"product_cat-chemie","8":"product_cat-laky","10":"first","11":"instock","12":"sale","13":"shipping-taxable","14":"purchasable","15":"product-type-simple"},"yoast_head":"<!-- This site is optimized with the Yoast SEO plugin v26.8 - https:\/\/yoast.com\/product\/yoast-seo-wordpress\/ -->\n<title>Zlevn\u011bn\u00fd SOUDAL Mal\u00ed\u0159sk\u00e1 barva NORMAL 15kg -<\/title>\n<meta name=\"robots\" content=\"index, follow, max-snippet:-1, max-image-preview:large, max-video-preview:-1\" \/>\n<link rel=\"canonical\" href=\"https:\/\/www.oknobuild.com\/index.php\/produkt\/zlevneny-soudal-malirska-barva-normal-15kg-58542\/\" \/>\n<meta property=\"og:locale\" content=\"cs_CZ\" \/>\n<meta property=\"og:type\" content=\"article\" \/>\n<meta property=\"og:title\" content=\"Zlevn\u011bn\u00fd SOUDAL Mal\u00ed\u0159sk\u00e1 barva NORMAL 15kg -\" \/>\n<meta property=\"og:description\" content=\"Akryl\u00e1tov\u00e1 mal\u00ed\u0159sk\u00e1 interi\u00e9rov\u00e1 barva vysok\u00e9 kvality ur\u010den\u00e1 pro malby interi\u00e9r\u016f s vysok\u00fdmi n\u00e1roky na vzhled, \u010distotu a dlouhodobou \u017eivotnost.Vodou \u0159editeln\u00fd akryl\u00e1tov\u00fd n\u00e1t\u011br s vysokou \u00farovn\u00ed b\u011blosti, ot\u011bruvzdorn\u00fd a paropropustn\u00fd.Vytv\u00e1\u0159\u00ed hladk\u00fd sametov\u011b matn\u00fd povrch, sni\u017euje ulp\u00edv\u00e1n\u00ed prachu a ne\u010distot.\u010casem ne\u017eloutne, obsahuje vysoce kvalitn\u00ed suroviny a snadno se nan\u00e1\u0161\u00ed.Je vhodn\u00e1 pro ru\u010dn\u00ed i strojn\u00ed t\u00f3nov\u00e1n\u00ed.\u25ba CHARAKTERISTIKA PRODUKTUot\u011bruvzdornostvysok\u00e1 [&hellip;]\" \/>\n<meta property=\"og:url\" content=\"https:\/\/www.oknobuild.com\/index.php\/produkt\/zlevneny-soudal-malirska-barva-normal-15kg-58542\/\" \/>\n<meta property=\"og:image\" content=\"https:\/\/www.oknobuild.com\/wp-content\/uploads\/2026\/SK0021764-CZ20260425-092328-0-1777080210-1238784-1_102011..webp\" \/>\n\t<meta property=\"og:image:width\" content=\"800\" \/>\n\t<meta property=\"og:image:height\" content=\"594\" \/>\n\t<meta property=\"og:image:type\" content=\"image\/webp\" \/>\n<meta name=\"twitter:card\" content=\"summary_large_image\" \/>\n<meta name=\"twitter:label1\" content=\"Odhadovan\u00e1 doba \u010dten\u00ed\" \/>\n\t<meta name=\"twitter:data1\" content=\"1 minuta\" \/>\n<script type=\"application\/ld+json\" class=\"yoast-schema-graph\">{\"@context\":\"https:\/\/schema.org\",\"@graph\":[{\"@type\":\"WebPage\",\"@id\":\"https:\/\/www.oknobuild.com\/index.php\/produkt\/zlevneny-soudal-malirska-barva-normal-15kg-58542\/\",\"url\":\"https:\/\/www.oknobuild.com\/index.php\/produkt\/zlevneny-soudal-malirska-barva-normal-15kg-58542\/\",\"name\":\"Zlevn\u011bn\u00fd SOUDAL Mal\u00ed\u0159sk\u00e1 barva NORMAL 15kg -\",\"isPartOf\":{\"@id\":\"https:\/\/www.oknobuild.com\/#website\"},\"primaryImageOfPage\":{\"@id\":\"https:\/\/www.oknobuild.com\/index.php\/produkt\/zlevneny-soudal-malirska-barva-normal-15kg-58542\/#primaryimage\"},\"image\":{\"@id\":\"https:\/\/www.oknobuild.com\/index.php\/produkt\/zlevneny-soudal-malirska-barva-normal-15kg-58542\/#primaryimage\"},\"thumbnailUrl\":\"https:\/\/www.oknobuild.com\/wp-content\/uploads\/2026\/SK0021764-CZ20260425-092328-0-1777080210-1238784-1_102011..webp\",\"datePublished\":\"2026-04-27T04:43:11+00:00\",\"breadcrumb\":{\"@id\":\"https:\/\/www.oknobuild.com\/index.php\/produkt\/zlevneny-soudal-malirska-barva-normal-15kg-58542\/#breadcrumb\"},\"inLanguage\":\"cs\",\"potentialAction\":[{\"@type\":\"ReadAction\",\"target\":[\"https:\/\/www.oknobuild.com\/index.php\/produkt\/zlevneny-soudal-malirska-barva-normal-15kg-58542\/\"]}]},{\"@type\":\"ImageObject\",\"inLanguage\":\"cs\",\"@id\":\"https:\/\/www.oknobuild.com\/index.php\/produkt\/zlevneny-soudal-malirska-barva-normal-15kg-58542\/#primaryimage\",\"url\":\"https:\/\/www.oknobuild.com\/wp-content\/uploads\/2026\/SK0021764-CZ20260425-092328-0-1777080210-1238784-1_102011..webp\",\"contentUrl\":\"https:\/\/www.oknobuild.com\/wp-content\/uploads\/2026\/SK0021764-CZ20260425-092328-0-1777080210-1238784-1_102011..webp\",\"width\":800,\"height\":594},{\"@type\":\"BreadcrumbList\",\"@id\":\"https:\/\/www.oknobuild.com\/index.php\/produkt\/zlevneny-soudal-malirska-barva-normal-15kg-58542\/#breadcrumb\",\"itemListElement\":[{\"@type\":\"ListItem\",\"position\":1,\"name\":\"Home\",\"item\":\"https:\/\/www.oknobuild.com\/\"},{\"@type\":\"ListItem\",\"position\":2,\"name\":\"Products\",\"item\":\"https:\/\/www.oknobuild.com\/index.php\/products\/\"},{\"@type\":\"ListItem\",\"position\":3,\"name\":\"Zlevn\u011bn\u00fd SOUDAL Mal\u00ed\u0159sk\u00e1 barva NORMAL 15kg\"}]},{\"@type\":\"WebSite\",\"@id\":\"https:\/\/www.oknobuild.com\/#website\",\"url\":\"https:\/\/www.oknobuild.com\/\",\"name\":\"\",\"description\":\"\",\"potentialAction\":[{\"@type\":\"SearchAction\",\"target\":{\"@type\":\"EntryPoint\",\"urlTemplate\":\"https:\/\/www.oknobuild.com\/?s={search_term_string}\"},\"query-input\":{\"@type\":\"PropertyValueSpecification\",\"valueRequired\":true,\"valueName\":\"search_term_string\"}}],\"inLanguage\":\"cs\"}]}<\/script>\n<!-- \/ Yoast SEO plugin. -->","yoast_head_json":{"title":"Zlevn\u011bn\u00fd SOUDAL Mal\u00ed\u0159sk\u00e1 barva NORMAL 15kg -","robots":{"index":"index","follow":"follow","max-snippet":"max-snippet:-1","max-image-preview":"max-image-preview:large","max-video-preview":"max-video-preview:-1"},"canonical":"https:\/\/www.oknobuild.com\/index.php\/produkt\/zlevneny-soudal-malirska-barva-normal-15kg-58542\/","og_locale":"cs_CZ","og_type":"article","og_title":"Zlevn\u011bn\u00fd SOUDAL Mal\u00ed\u0159sk\u00e1 barva NORMAL 15kg -","og_description":"Akryl\u00e1tov\u00e1 mal\u00ed\u0159sk\u00e1 interi\u00e9rov\u00e1 barva vysok\u00e9 kvality ur\u010den\u00e1 pro malby interi\u00e9r\u016f s vysok\u00fdmi n\u00e1roky na vzhled, \u010distotu a dlouhodobou \u017eivotnost.Vodou \u0159editeln\u00fd akryl\u00e1tov\u00fd n\u00e1t\u011br s vysokou \u00farovn\u00ed b\u011blosti, ot\u011bruvzdorn\u00fd a paropropustn\u00fd.Vytv\u00e1\u0159\u00ed hladk\u00fd sametov\u011b matn\u00fd povrch, sni\u017euje ulp\u00edv\u00e1n\u00ed prachu a ne\u010distot.\u010casem ne\u017eloutne, obsahuje vysoce kvalitn\u00ed suroviny a snadno se nan\u00e1\u0161\u00ed.Je vhodn\u00e1 pro ru\u010dn\u00ed i strojn\u00ed t\u00f3nov\u00e1n\u00ed.\u25ba CHARAKTERISTIKA PRODUKTUot\u011bruvzdornostvysok\u00e1 [&hellip;]","og_url":"https:\/\/www.oknobuild.com\/index.php\/produkt\/zlevneny-soudal-malirska-barva-normal-15kg-58542\/","og_image":[{"width":800,"height":594,"url":"https:\/\/www.oknobuild.com\/wp-content\/uploads\/2026\/SK0021764-CZ20260425-092328-0-1777080210-1238784-1_102011..webp","type":"image\/webp"}],"twitter_card":"summary_large_image","twitter_misc":{"Odhadovan\u00e1 doba \u010dten\u00ed":"1 minuta"},"schema":{"@context":"https:\/\/schema.org","@graph":[{"@type":"WebPage","@id":"https:\/\/www.oknobuild.com\/index.php\/produkt\/zlevneny-soudal-malirska-barva-normal-15kg-58542\/","url":"https:\/\/www.oknobuild.com\/index.php\/produkt\/zlevneny-soudal-malirska-barva-normal-15kg-58542\/","name":"Zlevn\u011bn\u00fd SOUDAL Mal\u00ed\u0159sk\u00e1 barva NORMAL 15kg -","isPartOf":{"@id":"https:\/\/www.oknobuild.com\/#website"},"primaryImageOfPage":{"@id":"https:\/\/www.oknobuild.com\/index.php\/produkt\/zlevneny-soudal-malirska-barva-normal-15kg-58542\/#primaryimage"},"image":{"@id":"https:\/\/www.oknobuild.com\/index.php\/produkt\/zlevneny-soudal-malirska-barva-normal-15kg-58542\/#primaryimage"},"thumbnailUrl":"https:\/\/www.oknobuild.com\/wp-content\/uploads\/2026\/SK0021764-CZ20260425-092328-0-1777080210-1238784-1_102011..webp","datePublished":"2026-04-27T04:43:11+00:00","breadcrumb":{"@id":"https:\/\/www.oknobuild.com\/index.php\/produkt\/zlevneny-soudal-malirska-barva-normal-15kg-58542\/#breadcrumb"},"inLanguage":"cs","potentialAction":[{"@type":"ReadAction","target":["https:\/\/www.oknobuild.com\/index.php\/produkt\/zlevneny-soudal-malirska-barva-normal-15kg-58542\/"]}]},{"@type":"ImageObject","inLanguage":"cs","@id":"https:\/\/www.oknobuild.com\/index.php\/produkt\/zlevneny-soudal-malirska-barva-normal-15kg-58542\/#primaryimage","url":"https:\/\/www.oknobuild.com\/wp-content\/uploads\/2026\/SK0021764-CZ20260425-092328-0-1777080210-1238784-1_102011..webp","contentUrl":"https:\/\/www.oknobuild.com\/wp-content\/uploads\/2026\/SK0021764-CZ20260425-092328-0-1777080210-1238784-1_102011..webp","width":800,"height":594},{"@type":"BreadcrumbList","@id":"https:\/\/www.oknobuild.com\/index.php\/produkt\/zlevneny-soudal-malirska-barva-normal-15kg-58542\/#breadcrumb","itemListElement":[{"@type":"ListItem","position":1,"name":"Home","item":"https:\/\/www.oknobuild.com\/"},{"@type":"ListItem","position":2,"name":"Products","item":"https:\/\/www.oknobuild.com\/index.php\/products\/"},{"@type":"ListItem","position":3,"name":"Zlevn\u011bn\u00fd SOUDAL Mal\u00ed\u0159sk\u00e1 barva NORMAL 15kg"}]},{"@type":"WebSite","@id":"https:\/\/www.oknobuild.com\/#website","url":"https:\/\/www.oknobuild.com\/","name":"","description":"","potentialAction":[{"@type":"SearchAction","target":{"@type":"EntryPoint","urlTemplate":"https:\/\/www.oknobuild.com\/?s={search_term_string}"},"query-input":{"@type":"PropertyValueSpecification","valueRequired":true,"valueName":"search_term_string"}}],"inLanguage":"cs"}]}},"_links":{"self":[{"href":"https:\/\/www.oknobuild.com\/index.php\/wp-json\/wp\/v2\/product\/58542","targetHints":{"allow":["GET"]}}],"collection":[{"href":"https:\/\/www.oknobuild.com\/index.php\/wp-json\/wp\/v2\/product"}],"about":[{"href":"https:\/\/www.oknobuild.com\/index.php\/wp-json\/wp\/v2\/types\/product"}],"replies":[{"embeddable":true,"href":"https:\/\/www.oknobuild.com\/index.php\/wp-json\/wp\/v2\/comments?post=58542"}],"wp:featuredmedia":[{"embeddable":true,"href":"https:\/\/www.oknobuild.com\/index.php\/wp-json\/wp\/v2\/media\/58642"}],"wp:attachment":[{"href":"https:\/\/www.oknobuild.com\/index.php\/wp-json\/wp\/v2\/media?parent=58542"}],"wp:term":[{"taxonomy":"product_brand","embeddable":true,"href":"https:\/\/www.oknobuild.com\/index.php\/wp-json\/wp\/v2\/product_brand?post=58542"},{"taxonomy":"product_cat","embeddable":true,"href":"https:\/\/www.oknobuild.com\/index.php\/wp-json\/wp\/v2\/product_cat?post=58542"},{"taxonomy":"product_tag","embeddable":true,"href":"https:\/\/www.oknobuild.com\/index.php\/wp-json\/wp\/v2\/product_tag?post=58542"}],"curies":[{"name":"wp","href":"https:\/\/api.w.org\/{rel}","templated":true}]}}