{"id":58550,"date":"2026-04-27T04:43:11","date_gmt":"2026-04-27T04:43:11","guid":{"rendered":""},"modified":"2026-04-27T04:43:11","modified_gmt":"2026-04-27T04:43:11","slug":"zlevneny-soudal-biosan-forte-hnedy-5-kg-58550","status":"publish","type":"product","link":"https:\/\/www.oknobuild.com\/index.php\/produkt\/zlevneny-soudal-biosan-forte-hnedy-5-kg-58550\/","title":{"rendered":"Zlevn\u011bn\u00fd SOUDAL BIOSAN FORTE hn\u011bd\u00fd 5 kg"},"content":{"rendered":"<table>\n<div class=\"tab-pane active product-description\" id=\"popis\" role=\"tabpanel\">\n<div class=\"short-description\" itemprop=\"description\"><\/div>\n<div class=\"description\"><span class='bullet-line'>Koncentrovan\u00fd prost\u0159edek pro preventivn\u00ed dlouhodobou ochranu zdrav\u00e9ho d\u0159eva proti houb\u00e1m, pl\u00edsn\u00edm a d\u0159evokazn\u00e9mu hmyzu.<\/span><span class='bullet-line'>Vhodn\u00fd pro interi\u00e9r i exteri\u00e9r. <\/span><span class='bullet-line'>Typov\u00e9 ozna\u010den\u00ed (dle \u010cSN 490600-1): FB, P, B, IP, 1, 2, 3, S<\/span><span class='bullet-line'>Pou\u017e\u00edvejte biocidn\u00ed p\u0159\u00edpravky bezpe\u010dn\u00fdm zp\u016fsobem. <\/span><span class='bullet-line'>P\u0159ed pou\u017eit\u00edm si v\u017edy p\u0159e\u010dt\u011bte ozna\u010den\u00ed a informace o p\u0159\u00edpravku.<\/span><br \/>\u25ba CHARAKTERISTIKA PRODUKTU<span class='bullet-line'>snadn\u00e1 aplikace<\/span><span class='bullet-line'>vodou \u0159editeln\u00fd<\/span><span class='bullet-line'>ur\u010den k preventivn\u00ed ochran\u011b zdrav\u00e9ho d\u0159eva<\/span><span class='bullet-line'>chr\u00e1n\u00ed proti d\u0159evokazn\u00e9mu hmyzu (\u010dervoto\u010d, tesa\u0159\u00edk), d\u0159evokazn\u00fdm houb\u00e1m (d\u0159evomorka dom\u00e1c\u00ed) a d\u0159evozbarvuj\u00edc\u00edm houb\u00e1m a pl\u00edsn\u00edm<\/span><span class='bullet-line'>zv\u00fdraz\u0148uje p\u0159\u00edrodn\u00ed kresbu d\u0159eva<\/span><span class='bullet-line'>neomezen\u00e1 \u017eivotnost ochrany d\u0159eva v interi\u00e9ru<\/span><span class='bullet-line'>vhodn\u00fd k ochran\u011b zdiva a om\u00edtek proti pror\u016fst\u00e1n\u00ed d\u0159evokazn\u00fdmi houbami<\/span><br \/>\u25ba P\u0158\u00cdKLADY POU\u017dIT\u00cd<span class='bullet-line'>d\u0159ev\u011bn\u00e9 povrchy v interi\u00e9rech<\/span><span class='bullet-line'>ochrana krov\u016f a tr\u00e1m\u016f<\/span><span class='bullet-line'>preventivn\u00ed ochrana dve\u0159\u00ed, obklad\u016f a podlah<\/span><span class='bullet-line'>d\u0159ev\u011bn\u00e9 povrchy v exteri\u00e9rech<\/span><span class='bullet-line'>n\u00e1t\u011bry d\u0159ev\u011bn\u00fdch konstrukc\u00ed jako pergoly, p\u0159\u00edst\u0159e\u0161ky, zahradn\u00ed domky a k\u016flny, oblo\u017een\u00ed balk\u00f3n\u016f a fas\u00e1d, zahradn\u00ed n\u00e1bytek, okna, dve\u0159e apod.<\/span><br \/>\u25ba PRACOVN\u00cd POSTUP<span class='bullet-line'>Pracovn\u00ed postup naleznete v technick\u00e9m listu<\/span><\/div>\n<div class=\"parameters\">\n<tr>\n<td>B\u00e1ze<\/td>\n<td>koncentr\u00e1t \u00fa\u010dinn\u00fdch l\u00e1tek<\/td>\n<\/tr>\n<tr>\n<td>Konzistence<\/td>\n<td>kapalina<\/td>\n<\/tr>\n<tr>\n<td>\u0158ed\u011bn\u00ed<\/td>\n<td>vodou 1:3<\/td>\n<\/tr>\n<tr>\n<td>Nan\u00e1\u0161en\u00ed<\/td>\n<td>\u0161t\u011btec, v\u00e1le\u010dek, st\u0159\u00edk\u00e1n\u00ed, m\u00e1\u010den\u00ed<\/td>\n<\/tr>\n<tr>\n<td>Vydatnost<\/td>\n<td>20 m2\/kg (jedna vrstva)<\/td>\n<\/tr>\n<tr>\n<td>Zasych\u00e1n\u00ed<\/td>\n<td>2 a\u017e 4 hod. (n\u00e1t\u011br, post\u0159ik)<\/td>\n<\/tr>\n<tr>\n<td>Po\u010det vrstev<\/td>\n<td>2 (interi\u00e9r), 3 (exteri\u00e9r)<\/td>\n<\/tr><\/div>\n<\/table>\n","protected":false},"excerpt":{"rendered":"<p>Koncentrovan\u00fd prost\u0159edek pro preventivn\u00ed dlouhodobou ochranu zdrav\u00e9ho d\u0159eva proti houb\u00e1m, pl\u00edsn\u00edm a d\u0159evokazn\u00e9mu hmyzu.Vhodn\u00fd pro interi\u00e9r i exteri\u00e9r. Typov\u00e9 ozna\u010den\u00ed (dle \u010cSN 490600-1): FB, P, B, IP, 1, 2, 3, SPou\u017e\u00edvejte biocidn\u00ed p\u0159\u00edpravky bezpe\u010dn\u00fdm zp\u016fsobem. P\u0159ed pou\u017eit\u00edm si v\u017edy p\u0159e\u010dt\u011bte ozna\u010den\u00ed a informace o p\u0159\u00edpravku.\u25ba CHARAKTERISTIKA PRODUKTUsnadn\u00e1 aplikacevodou \u0159editeln\u00fdur\u010den k preventivn\u00ed ochran\u011b zdrav\u00e9ho d\u0159evachr\u00e1n\u00ed proti [&hellip;]<\/p>\n","protected":false},"featured_media":58650,"comment_status":"open","ping_status":"open","template":"","meta":[],"product_brand":[],"product_cat":[50,52,51],"product_tag":[],"class_list":{"0":"post-58550","1":"product","2":"type-product","3":"status-publish","4":"has-post-thumbnail","6":"product_cat-barvy","7":"product_cat-chemie","8":"product_cat-laky","10":"first","11":"instock","12":"sale","13":"shipping-taxable","14":"purchasable","15":"product-type-simple"},"yoast_head":"<!-- This site is optimized with the Yoast SEO plugin v26.8 - https:\/\/yoast.com\/product\/yoast-seo-wordpress\/ -->\n<title>Zlevn\u011bn\u00fd SOUDAL BIOSAN FORTE hn\u011bd\u00fd 5 kg -<\/title>\n<meta name=\"robots\" content=\"index, follow, max-snippet:-1, max-image-preview:large, max-video-preview:-1\" \/>\n<link rel=\"canonical\" href=\"https:\/\/www.oknobuild.com\/index.php\/produkt\/zlevneny-soudal-biosan-forte-hnedy-5-kg-58550\/\" \/>\n<meta property=\"og:locale\" content=\"cs_CZ\" \/>\n<meta property=\"og:type\" content=\"article\" \/>\n<meta property=\"og:title\" content=\"Zlevn\u011bn\u00fd SOUDAL BIOSAN FORTE hn\u011bd\u00fd 5 kg -\" \/>\n<meta property=\"og:description\" content=\"Koncentrovan\u00fd prost\u0159edek pro preventivn\u00ed dlouhodobou ochranu zdrav\u00e9ho d\u0159eva proti houb\u00e1m, pl\u00edsn\u00edm a d\u0159evokazn\u00e9mu hmyzu.Vhodn\u00fd pro interi\u00e9r i exteri\u00e9r. Typov\u00e9 ozna\u010den\u00ed (dle \u010cSN 490600-1): FB, P, B, IP, 1, 2, 3, SPou\u017e\u00edvejte biocidn\u00ed p\u0159\u00edpravky bezpe\u010dn\u00fdm zp\u016fsobem. P\u0159ed pou\u017eit\u00edm si v\u017edy p\u0159e\u010dt\u011bte ozna\u010den\u00ed a informace o p\u0159\u00edpravku.\u25ba CHARAKTERISTIKA PRODUKTUsnadn\u00e1 aplikacevodou \u0159editeln\u00fdur\u010den k preventivn\u00ed ochran\u011b zdrav\u00e9ho d\u0159evachr\u00e1n\u00ed proti [&hellip;]\" \/>\n<meta property=\"og:url\" content=\"https:\/\/www.oknobuild.com\/index.php\/produkt\/zlevneny-soudal-biosan-forte-hnedy-5-kg-58550\/\" \/>\n<meta property=\"og:image\" content=\"https:\/\/www.oknobuild.com\/wp-content\/uploads\/2026\/SK0021772-CZ20260425-092328-0-1777080210-1238792-1_102211..webp\" \/>\n\t<meta property=\"og:image:width\" content=\"231\" \/>\n\t<meta property=\"og:image:height\" content=\"640\" \/>\n\t<meta property=\"og:image:type\" content=\"image\/webp\" \/>\n<meta name=\"twitter:card\" content=\"summary_large_image\" \/>\n<meta name=\"twitter:label1\" content=\"Odhadovan\u00e1 doba \u010dten\u00ed\" \/>\n\t<meta name=\"twitter:data1\" content=\"1 minuta\" \/>\n<script type=\"application\/ld+json\" class=\"yoast-schema-graph\">{\"@context\":\"https:\/\/schema.org\",\"@graph\":[{\"@type\":\"WebPage\",\"@id\":\"https:\/\/www.oknobuild.com\/index.php\/produkt\/zlevneny-soudal-biosan-forte-hnedy-5-kg-58550\/\",\"url\":\"https:\/\/www.oknobuild.com\/index.php\/produkt\/zlevneny-soudal-biosan-forte-hnedy-5-kg-58550\/\",\"name\":\"Zlevn\u011bn\u00fd SOUDAL BIOSAN FORTE hn\u011bd\u00fd 5 kg -\",\"isPartOf\":{\"@id\":\"https:\/\/www.oknobuild.com\/#website\"},\"primaryImageOfPage\":{\"@id\":\"https:\/\/www.oknobuild.com\/index.php\/produkt\/zlevneny-soudal-biosan-forte-hnedy-5-kg-58550\/#primaryimage\"},\"image\":{\"@id\":\"https:\/\/www.oknobuild.com\/index.php\/produkt\/zlevneny-soudal-biosan-forte-hnedy-5-kg-58550\/#primaryimage\"},\"thumbnailUrl\":\"https:\/\/www.oknobuild.com\/wp-content\/uploads\/2026\/SK0021772-CZ20260425-092328-0-1777080210-1238792-1_102211..webp\",\"datePublished\":\"2026-04-27T04:43:11+00:00\",\"breadcrumb\":{\"@id\":\"https:\/\/www.oknobuild.com\/index.php\/produkt\/zlevneny-soudal-biosan-forte-hnedy-5-kg-58550\/#breadcrumb\"},\"inLanguage\":\"cs\",\"potentialAction\":[{\"@type\":\"ReadAction\",\"target\":[\"https:\/\/www.oknobuild.com\/index.php\/produkt\/zlevneny-soudal-biosan-forte-hnedy-5-kg-58550\/\"]}]},{\"@type\":\"ImageObject\",\"inLanguage\":\"cs\",\"@id\":\"https:\/\/www.oknobuild.com\/index.php\/produkt\/zlevneny-soudal-biosan-forte-hnedy-5-kg-58550\/#primaryimage\",\"url\":\"https:\/\/www.oknobuild.com\/wp-content\/uploads\/2026\/SK0021772-CZ20260425-092328-0-1777080210-1238792-1_102211..webp\",\"contentUrl\":\"https:\/\/www.oknobuild.com\/wp-content\/uploads\/2026\/SK0021772-CZ20260425-092328-0-1777080210-1238792-1_102211..webp\",\"width\":231,\"height\":640},{\"@type\":\"BreadcrumbList\",\"@id\":\"https:\/\/www.oknobuild.com\/index.php\/produkt\/zlevneny-soudal-biosan-forte-hnedy-5-kg-58550\/#breadcrumb\",\"itemListElement\":[{\"@type\":\"ListItem\",\"position\":1,\"name\":\"Home\",\"item\":\"https:\/\/www.oknobuild.com\/\"},{\"@type\":\"ListItem\",\"position\":2,\"name\":\"Products\",\"item\":\"https:\/\/www.oknobuild.com\/index.php\/products\/\"},{\"@type\":\"ListItem\",\"position\":3,\"name\":\"Zlevn\u011bn\u00fd SOUDAL BIOSAN FORTE hn\u011bd\u00fd 5 kg\"}]},{\"@type\":\"WebSite\",\"@id\":\"https:\/\/www.oknobuild.com\/#website\",\"url\":\"https:\/\/www.oknobuild.com\/\",\"name\":\"\",\"description\":\"\",\"potentialAction\":[{\"@type\":\"SearchAction\",\"target\":{\"@type\":\"EntryPoint\",\"urlTemplate\":\"https:\/\/www.oknobuild.com\/?s={search_term_string}\"},\"query-input\":{\"@type\":\"PropertyValueSpecification\",\"valueRequired\":true,\"valueName\":\"search_term_string\"}}],\"inLanguage\":\"cs\"}]}<\/script>\n<!-- \/ Yoast SEO plugin. -->","yoast_head_json":{"title":"Zlevn\u011bn\u00fd SOUDAL BIOSAN FORTE hn\u011bd\u00fd 5 kg -","robots":{"index":"index","follow":"follow","max-snippet":"max-snippet:-1","max-image-preview":"max-image-preview:large","max-video-preview":"max-video-preview:-1"},"canonical":"https:\/\/www.oknobuild.com\/index.php\/produkt\/zlevneny-soudal-biosan-forte-hnedy-5-kg-58550\/","og_locale":"cs_CZ","og_type":"article","og_title":"Zlevn\u011bn\u00fd SOUDAL BIOSAN FORTE hn\u011bd\u00fd 5 kg -","og_description":"Koncentrovan\u00fd prost\u0159edek pro preventivn\u00ed dlouhodobou ochranu zdrav\u00e9ho d\u0159eva proti houb\u00e1m, pl\u00edsn\u00edm a d\u0159evokazn\u00e9mu hmyzu.Vhodn\u00fd pro interi\u00e9r i exteri\u00e9r. Typov\u00e9 ozna\u010den\u00ed (dle \u010cSN 490600-1): FB, P, B, IP, 1, 2, 3, SPou\u017e\u00edvejte biocidn\u00ed p\u0159\u00edpravky bezpe\u010dn\u00fdm zp\u016fsobem. P\u0159ed pou\u017eit\u00edm si v\u017edy p\u0159e\u010dt\u011bte ozna\u010den\u00ed a informace o p\u0159\u00edpravku.\u25ba CHARAKTERISTIKA PRODUKTUsnadn\u00e1 aplikacevodou \u0159editeln\u00fdur\u010den k preventivn\u00ed ochran\u011b zdrav\u00e9ho d\u0159evachr\u00e1n\u00ed proti [&hellip;]","og_url":"https:\/\/www.oknobuild.com\/index.php\/produkt\/zlevneny-soudal-biosan-forte-hnedy-5-kg-58550\/","og_image":[{"width":231,"height":640,"url":"https:\/\/www.oknobuild.com\/wp-content\/uploads\/2026\/SK0021772-CZ20260425-092328-0-1777080210-1238792-1_102211..webp","type":"image\/webp"}],"twitter_card":"summary_large_image","twitter_misc":{"Odhadovan\u00e1 doba \u010dten\u00ed":"1 minuta"},"schema":{"@context":"https:\/\/schema.org","@graph":[{"@type":"WebPage","@id":"https:\/\/www.oknobuild.com\/index.php\/produkt\/zlevneny-soudal-biosan-forte-hnedy-5-kg-58550\/","url":"https:\/\/www.oknobuild.com\/index.php\/produkt\/zlevneny-soudal-biosan-forte-hnedy-5-kg-58550\/","name":"Zlevn\u011bn\u00fd SOUDAL BIOSAN FORTE hn\u011bd\u00fd 5 kg -","isPartOf":{"@id":"https:\/\/www.oknobuild.com\/#website"},"primaryImageOfPage":{"@id":"https:\/\/www.oknobuild.com\/index.php\/produkt\/zlevneny-soudal-biosan-forte-hnedy-5-kg-58550\/#primaryimage"},"image":{"@id":"https:\/\/www.oknobuild.com\/index.php\/produkt\/zlevneny-soudal-biosan-forte-hnedy-5-kg-58550\/#primaryimage"},"thumbnailUrl":"https:\/\/www.oknobuild.com\/wp-content\/uploads\/2026\/SK0021772-CZ20260425-092328-0-1777080210-1238792-1_102211..webp","datePublished":"2026-04-27T04:43:11+00:00","breadcrumb":{"@id":"https:\/\/www.oknobuild.com\/index.php\/produkt\/zlevneny-soudal-biosan-forte-hnedy-5-kg-58550\/#breadcrumb"},"inLanguage":"cs","potentialAction":[{"@type":"ReadAction","target":["https:\/\/www.oknobuild.com\/index.php\/produkt\/zlevneny-soudal-biosan-forte-hnedy-5-kg-58550\/"]}]},{"@type":"ImageObject","inLanguage":"cs","@id":"https:\/\/www.oknobuild.com\/index.php\/produkt\/zlevneny-soudal-biosan-forte-hnedy-5-kg-58550\/#primaryimage","url":"https:\/\/www.oknobuild.com\/wp-content\/uploads\/2026\/SK0021772-CZ20260425-092328-0-1777080210-1238792-1_102211..webp","contentUrl":"https:\/\/www.oknobuild.com\/wp-content\/uploads\/2026\/SK0021772-CZ20260425-092328-0-1777080210-1238792-1_102211..webp","width":231,"height":640},{"@type":"BreadcrumbList","@id":"https:\/\/www.oknobuild.com\/index.php\/produkt\/zlevneny-soudal-biosan-forte-hnedy-5-kg-58550\/#breadcrumb","itemListElement":[{"@type":"ListItem","position":1,"name":"Home","item":"https:\/\/www.oknobuild.com\/"},{"@type":"ListItem","position":2,"name":"Products","item":"https:\/\/www.oknobuild.com\/index.php\/products\/"},{"@type":"ListItem","position":3,"name":"Zlevn\u011bn\u00fd SOUDAL BIOSAN FORTE hn\u011bd\u00fd 5 kg"}]},{"@type":"WebSite","@id":"https:\/\/www.oknobuild.com\/#website","url":"https:\/\/www.oknobuild.com\/","name":"","description":"","potentialAction":[{"@type":"SearchAction","target":{"@type":"EntryPoint","urlTemplate":"https:\/\/www.oknobuild.com\/?s={search_term_string}"},"query-input":{"@type":"PropertyValueSpecification","valueRequired":true,"valueName":"search_term_string"}}],"inLanguage":"cs"}]}},"_links":{"self":[{"href":"https:\/\/www.oknobuild.com\/index.php\/wp-json\/wp\/v2\/product\/58550","targetHints":{"allow":["GET"]}}],"collection":[{"href":"https:\/\/www.oknobuild.com\/index.php\/wp-json\/wp\/v2\/product"}],"about":[{"href":"https:\/\/www.oknobuild.com\/index.php\/wp-json\/wp\/v2\/types\/product"}],"replies":[{"embeddable":true,"href":"https:\/\/www.oknobuild.com\/index.php\/wp-json\/wp\/v2\/comments?post=58550"}],"wp:featuredmedia":[{"embeddable":true,"href":"https:\/\/www.oknobuild.com\/index.php\/wp-json\/wp\/v2\/media\/58650"}],"wp:attachment":[{"href":"https:\/\/www.oknobuild.com\/index.php\/wp-json\/wp\/v2\/media?parent=58550"}],"wp:term":[{"taxonomy":"product_brand","embeddable":true,"href":"https:\/\/www.oknobuild.com\/index.php\/wp-json\/wp\/v2\/product_brand?post=58550"},{"taxonomy":"product_cat","embeddable":true,"href":"https:\/\/www.oknobuild.com\/index.php\/wp-json\/wp\/v2\/product_cat?post=58550"},{"taxonomy":"product_tag","embeddable":true,"href":"https:\/\/www.oknobuild.com\/index.php\/wp-json\/wp\/v2\/product_tag?post=58550"}],"curies":[{"name":"wp","href":"https:\/\/api.w.org\/{rel}","templated":true}]}}