{"id":58566,"date":"2026-04-27T04:43:11","date_gmt":"2026-04-27T04:43:11","guid":{"rendered":""},"modified":"2026-04-27T04:43:11","modified_gmt":"2026-04-27T04:43:11","slug":"akce-soudal-soudakrat-akrylatova-penetrace-1kg-58566","status":"publish","type":"product","link":"https:\/\/www.oknobuild.com\/index.php\/produkt\/akce-soudal-soudakrat-akrylatova-penetrace-1kg-58566\/","title":{"rendered":"Akce SOUDAL SOUDAKRAT Akryl\u00e1tov\u00e1 penetrace 1kg"},"content":{"rendered":"<table>\n<div class=\"tab-pane active product-description\" id=\"popis\" role=\"tabpanel\">\n<div class=\"short-description\" itemprop=\"description\"><\/div>\n<div class=\"description\"><span class='bullet-line'>Z\u00e1kladn\u00ed penetra\u010dn\u00ed n\u00e1t\u011br pro zv\u00fd\u0161en\u00ed p\u0159ilnavosti n\u00e1sledn\u00fdch n\u00e1t\u011br\u016f na sav\u00e9 podklady jako om\u00edtky a jin\u00e9 miner\u00e1ln\u00ed podklady, s\u00e1drokarton, cihly, p\u00f3robeton, d\u0159evo, d\u0159evot\u0159\u00edskov\u00e9 a cementot\u0159\u00edskov\u00e9 desky apod. <\/span><span class='bullet-line'>N\u00e1t\u011br je p\u0159ipraven k okam\u017eit\u00e9mu pou\u017eit\u00ed, pro velmi sav\u00e9 podklady je mo\u017eno \u0159edit s vodou 1:2 a\u017e 1:4.<\/span><span class='bullet-line'>Penetra\u010dn\u00ed n\u00e1t\u011br zvy\u0161uje p\u0159ilnavost n\u00e1sledn\u00fdch vrstev, sjednocuje savost por\u00e9zn\u00edch podklad\u016f a sni\u017euje spot\u0159ebu fin\u00e1ln\u00ed n\u00e1t\u011brov\u00e9 hmoty.<\/span><br \/>\u25ba CHARAKTERISTIKA PRODUKTU<span class='bullet-line'>zvy\u0161uje p\u0159ilnavost n\u00e1sledn\u00fdch vrstev<\/span><span class='bullet-line'>sjednocuje savost por\u00e9zn\u00edch podklad\u016f<\/span><span class='bullet-line'>sni\u017euje spot\u0159ebu n\u00e1t\u011brov\u00e9 hmoty<\/span><span class='bullet-line'>zlep\u0161uje kryvost aplikovan\u00fdch barev<\/span><br \/>\u25ba P\u0158\u00cdKLADY POU\u017dIT\u00cd<span class='bullet-line'>z\u00e1kladn\u00ed n\u00e1t\u011br s\u00e1drokartonu<\/span><span class='bullet-line'>zv\u00fd\u0161en\u00ed p\u0159ilnavosti vyrovn\u00e1vac\u00edch st\u011brek na st\u011bny<\/span><span class='bullet-line'>sn\u00ed\u017een\u00ed pra\u0161nosti betonov\u00fdch podlah<\/span><span class='bullet-line'>penetra\u010dn\u00ed n\u00e1t\u011br om\u00edtek<\/span><span class='bullet-line'>zv\u00fd\u0161en\u00ed p\u0159ilnavosti n\u00e1sledn\u00fdch vrstev nebo lepic\u00edch hmot na v\u00fdrobky z p\u00f3robetonu<\/span><br \/>\u25ba PRACOVN\u00cd POSTUP<span class='bullet-line'>Pracovn\u00ed postup naleznete v technick\u00e9m listu<\/span><\/div>\n<div class=\"parameters\">\n<tr>\n<td>B\u00e1ze<\/td>\n<td>styren-akryl\u00e1t<\/td>\n<\/tr>\n<tr>\n<td>Vzhled<\/td>\n<td>ml\u00e9\u010dn\u00e1 kapalina<\/td>\n<\/tr>\n<tr>\n<td>M\u011brn\u00e1 hmotnost<\/td>\n<td>1,02 kg\/l<\/td>\n<\/tr>\n<tr>\n<td>Aplika\u010dn\u00ed teplota<\/td>\n<td>+5\u00b0C a\u017e +30\u00b0C<\/td>\n<\/tr>\n<tr>\n<td>Obsah net\u011bkav\u00fdch slo\u017eek<\/td>\n<td>min. 10%<\/td>\n<\/tr>\n<tr>\n<td>Vydatnost<\/td>\n<td>5-10m2\/1kg<\/td>\n<\/tr><\/div>\n<\/table>\n","protected":false},"excerpt":{"rendered":"<p>Z\u00e1kladn\u00ed penetra\u010dn\u00ed n\u00e1t\u011br pro zv\u00fd\u0161en\u00ed p\u0159ilnavosti n\u00e1sledn\u00fdch n\u00e1t\u011br\u016f na sav\u00e9 podklady jako om\u00edtky a jin\u00e9 miner\u00e1ln\u00ed podklady, s\u00e1drokarton, cihly, p\u00f3robeton, d\u0159evo, d\u0159evot\u0159\u00edskov\u00e9 a cementot\u0159\u00edskov\u00e9 desky apod. N\u00e1t\u011br je p\u0159ipraven k okam\u017eit\u00e9mu pou\u017eit\u00ed, pro velmi sav\u00e9 podklady je mo\u017eno \u0159edit s vodou 1:2 a\u017e 1:4.Penetra\u010dn\u00ed n\u00e1t\u011br zvy\u0161uje p\u0159ilnavost n\u00e1sledn\u00fdch vrstev, sjednocuje savost por\u00e9zn\u00edch podklad\u016f a sni\u017euje [&hellip;]<\/p>\n","protected":false},"featured_media":58666,"comment_status":"open","ping_status":"open","template":"","meta":[],"product_brand":[],"product_cat":[50,52,51],"product_tag":[],"class_list":{"0":"post-58566","1":"product","2":"type-product","3":"status-publish","4":"has-post-thumbnail","6":"product_cat-barvy","7":"product_cat-chemie","8":"product_cat-laky","10":"first","11":"instock","12":"sale","13":"shipping-taxable","14":"purchasable","15":"product-type-simple"},"yoast_head":"<!-- This site is optimized with the Yoast SEO plugin v26.8 - https:\/\/yoast.com\/product\/yoast-seo-wordpress\/ -->\n<title>Akce SOUDAL SOUDAKRAT Akryl\u00e1tov\u00e1 penetrace 1kg -<\/title>\n<meta name=\"robots\" content=\"index, follow, max-snippet:-1, max-image-preview:large, max-video-preview:-1\" \/>\n<link rel=\"canonical\" href=\"https:\/\/www.oknobuild.com\/index.php\/produkt\/akce-soudal-soudakrat-akrylatova-penetrace-1kg-58566\/\" \/>\n<meta property=\"og:locale\" content=\"cs_CZ\" \/>\n<meta property=\"og:type\" content=\"article\" \/>\n<meta property=\"og:title\" content=\"Akce SOUDAL SOUDAKRAT Akryl\u00e1tov\u00e1 penetrace 1kg -\" \/>\n<meta property=\"og:description\" content=\"Z\u00e1kladn\u00ed penetra\u010dn\u00ed n\u00e1t\u011br pro zv\u00fd\u0161en\u00ed p\u0159ilnavosti n\u00e1sledn\u00fdch n\u00e1t\u011br\u016f na sav\u00e9 podklady jako om\u00edtky a jin\u00e9 miner\u00e1ln\u00ed podklady, s\u00e1drokarton, cihly, p\u00f3robeton, d\u0159evo, d\u0159evot\u0159\u00edskov\u00e9 a cementot\u0159\u00edskov\u00e9 desky apod. N\u00e1t\u011br je p\u0159ipraven k okam\u017eit\u00e9mu pou\u017eit\u00ed, pro velmi sav\u00e9 podklady je mo\u017eno \u0159edit s vodou 1:2 a\u017e 1:4.Penetra\u010dn\u00ed n\u00e1t\u011br zvy\u0161uje p\u0159ilnavost n\u00e1sledn\u00fdch vrstev, sjednocuje savost por\u00e9zn\u00edch podklad\u016f a sni\u017euje [&hellip;]\" \/>\n<meta property=\"og:url\" content=\"https:\/\/www.oknobuild.com\/index.php\/produkt\/akce-soudal-soudakrat-akrylatova-penetrace-1kg-58566\/\" \/>\n<meta property=\"og:image\" content=\"https:\/\/www.oknobuild.com\/wp-content\/uploads\/2026\/SK0021788-CZ20260425-092328-0-1777080210-1238808-1_103511..webp\" \/>\n\t<meta property=\"og:image:width\" content=\"231\" \/>\n\t<meta property=\"og:image:height\" content=\"640\" \/>\n\t<meta property=\"og:image:type\" content=\"image\/webp\" \/>\n<meta name=\"twitter:card\" content=\"summary_large_image\" \/>\n<meta name=\"twitter:label1\" content=\"Odhadovan\u00e1 doba \u010dten\u00ed\" \/>\n\t<meta name=\"twitter:data1\" content=\"1 minuta\" \/>\n<script type=\"application\/ld+json\" class=\"yoast-schema-graph\">{\"@context\":\"https:\/\/schema.org\",\"@graph\":[{\"@type\":\"WebPage\",\"@id\":\"https:\/\/www.oknobuild.com\/index.php\/produkt\/akce-soudal-soudakrat-akrylatova-penetrace-1kg-58566\/\",\"url\":\"https:\/\/www.oknobuild.com\/index.php\/produkt\/akce-soudal-soudakrat-akrylatova-penetrace-1kg-58566\/\",\"name\":\"Akce SOUDAL SOUDAKRAT Akryl\u00e1tov\u00e1 penetrace 1kg -\",\"isPartOf\":{\"@id\":\"https:\/\/www.oknobuild.com\/#website\"},\"primaryImageOfPage\":{\"@id\":\"https:\/\/www.oknobuild.com\/index.php\/produkt\/akce-soudal-soudakrat-akrylatova-penetrace-1kg-58566\/#primaryimage\"},\"image\":{\"@id\":\"https:\/\/www.oknobuild.com\/index.php\/produkt\/akce-soudal-soudakrat-akrylatova-penetrace-1kg-58566\/#primaryimage\"},\"thumbnailUrl\":\"https:\/\/www.oknobuild.com\/wp-content\/uploads\/2026\/SK0021788-CZ20260425-092328-0-1777080210-1238808-1_103511..webp\",\"datePublished\":\"2026-04-27T04:43:11+00:00\",\"breadcrumb\":{\"@id\":\"https:\/\/www.oknobuild.com\/index.php\/produkt\/akce-soudal-soudakrat-akrylatova-penetrace-1kg-58566\/#breadcrumb\"},\"inLanguage\":\"cs\",\"potentialAction\":[{\"@type\":\"ReadAction\",\"target\":[\"https:\/\/www.oknobuild.com\/index.php\/produkt\/akce-soudal-soudakrat-akrylatova-penetrace-1kg-58566\/\"]}]},{\"@type\":\"ImageObject\",\"inLanguage\":\"cs\",\"@id\":\"https:\/\/www.oknobuild.com\/index.php\/produkt\/akce-soudal-soudakrat-akrylatova-penetrace-1kg-58566\/#primaryimage\",\"url\":\"https:\/\/www.oknobuild.com\/wp-content\/uploads\/2026\/SK0021788-CZ20260425-092328-0-1777080210-1238808-1_103511..webp\",\"contentUrl\":\"https:\/\/www.oknobuild.com\/wp-content\/uploads\/2026\/SK0021788-CZ20260425-092328-0-1777080210-1238808-1_103511..webp\",\"width\":231,\"height\":640},{\"@type\":\"BreadcrumbList\",\"@id\":\"https:\/\/www.oknobuild.com\/index.php\/produkt\/akce-soudal-soudakrat-akrylatova-penetrace-1kg-58566\/#breadcrumb\",\"itemListElement\":[{\"@type\":\"ListItem\",\"position\":1,\"name\":\"Home\",\"item\":\"https:\/\/www.oknobuild.com\/\"},{\"@type\":\"ListItem\",\"position\":2,\"name\":\"Products\",\"item\":\"https:\/\/www.oknobuild.com\/index.php\/products\/\"},{\"@type\":\"ListItem\",\"position\":3,\"name\":\"Akce SOUDAL SOUDAKRAT Akryl\u00e1tov\u00e1 penetrace 1kg\"}]},{\"@type\":\"WebSite\",\"@id\":\"https:\/\/www.oknobuild.com\/#website\",\"url\":\"https:\/\/www.oknobuild.com\/\",\"name\":\"\",\"description\":\"\",\"potentialAction\":[{\"@type\":\"SearchAction\",\"target\":{\"@type\":\"EntryPoint\",\"urlTemplate\":\"https:\/\/www.oknobuild.com\/?s={search_term_string}\"},\"query-input\":{\"@type\":\"PropertyValueSpecification\",\"valueRequired\":true,\"valueName\":\"search_term_string\"}}],\"inLanguage\":\"cs\"}]}<\/script>\n<!-- \/ Yoast SEO plugin. -->","yoast_head_json":{"title":"Akce SOUDAL SOUDAKRAT Akryl\u00e1tov\u00e1 penetrace 1kg -","robots":{"index":"index","follow":"follow","max-snippet":"max-snippet:-1","max-image-preview":"max-image-preview:large","max-video-preview":"max-video-preview:-1"},"canonical":"https:\/\/www.oknobuild.com\/index.php\/produkt\/akce-soudal-soudakrat-akrylatova-penetrace-1kg-58566\/","og_locale":"cs_CZ","og_type":"article","og_title":"Akce SOUDAL SOUDAKRAT Akryl\u00e1tov\u00e1 penetrace 1kg -","og_description":"Z\u00e1kladn\u00ed penetra\u010dn\u00ed n\u00e1t\u011br pro zv\u00fd\u0161en\u00ed p\u0159ilnavosti n\u00e1sledn\u00fdch n\u00e1t\u011br\u016f na sav\u00e9 podklady jako om\u00edtky a jin\u00e9 miner\u00e1ln\u00ed podklady, s\u00e1drokarton, cihly, p\u00f3robeton, d\u0159evo, d\u0159evot\u0159\u00edskov\u00e9 a cementot\u0159\u00edskov\u00e9 desky apod. N\u00e1t\u011br je p\u0159ipraven k okam\u017eit\u00e9mu pou\u017eit\u00ed, pro velmi sav\u00e9 podklady je mo\u017eno \u0159edit s vodou 1:2 a\u017e 1:4.Penetra\u010dn\u00ed n\u00e1t\u011br zvy\u0161uje p\u0159ilnavost n\u00e1sledn\u00fdch vrstev, sjednocuje savost por\u00e9zn\u00edch podklad\u016f a sni\u017euje [&hellip;]","og_url":"https:\/\/www.oknobuild.com\/index.php\/produkt\/akce-soudal-soudakrat-akrylatova-penetrace-1kg-58566\/","og_image":[{"width":231,"height":640,"url":"https:\/\/www.oknobuild.com\/wp-content\/uploads\/2026\/SK0021788-CZ20260425-092328-0-1777080210-1238808-1_103511..webp","type":"image\/webp"}],"twitter_card":"summary_large_image","twitter_misc":{"Odhadovan\u00e1 doba \u010dten\u00ed":"1 minuta"},"schema":{"@context":"https:\/\/schema.org","@graph":[{"@type":"WebPage","@id":"https:\/\/www.oknobuild.com\/index.php\/produkt\/akce-soudal-soudakrat-akrylatova-penetrace-1kg-58566\/","url":"https:\/\/www.oknobuild.com\/index.php\/produkt\/akce-soudal-soudakrat-akrylatova-penetrace-1kg-58566\/","name":"Akce SOUDAL SOUDAKRAT Akryl\u00e1tov\u00e1 penetrace 1kg -","isPartOf":{"@id":"https:\/\/www.oknobuild.com\/#website"},"primaryImageOfPage":{"@id":"https:\/\/www.oknobuild.com\/index.php\/produkt\/akce-soudal-soudakrat-akrylatova-penetrace-1kg-58566\/#primaryimage"},"image":{"@id":"https:\/\/www.oknobuild.com\/index.php\/produkt\/akce-soudal-soudakrat-akrylatova-penetrace-1kg-58566\/#primaryimage"},"thumbnailUrl":"https:\/\/www.oknobuild.com\/wp-content\/uploads\/2026\/SK0021788-CZ20260425-092328-0-1777080210-1238808-1_103511..webp","datePublished":"2026-04-27T04:43:11+00:00","breadcrumb":{"@id":"https:\/\/www.oknobuild.com\/index.php\/produkt\/akce-soudal-soudakrat-akrylatova-penetrace-1kg-58566\/#breadcrumb"},"inLanguage":"cs","potentialAction":[{"@type":"ReadAction","target":["https:\/\/www.oknobuild.com\/index.php\/produkt\/akce-soudal-soudakrat-akrylatova-penetrace-1kg-58566\/"]}]},{"@type":"ImageObject","inLanguage":"cs","@id":"https:\/\/www.oknobuild.com\/index.php\/produkt\/akce-soudal-soudakrat-akrylatova-penetrace-1kg-58566\/#primaryimage","url":"https:\/\/www.oknobuild.com\/wp-content\/uploads\/2026\/SK0021788-CZ20260425-092328-0-1777080210-1238808-1_103511..webp","contentUrl":"https:\/\/www.oknobuild.com\/wp-content\/uploads\/2026\/SK0021788-CZ20260425-092328-0-1777080210-1238808-1_103511..webp","width":231,"height":640},{"@type":"BreadcrumbList","@id":"https:\/\/www.oknobuild.com\/index.php\/produkt\/akce-soudal-soudakrat-akrylatova-penetrace-1kg-58566\/#breadcrumb","itemListElement":[{"@type":"ListItem","position":1,"name":"Home","item":"https:\/\/www.oknobuild.com\/"},{"@type":"ListItem","position":2,"name":"Products","item":"https:\/\/www.oknobuild.com\/index.php\/products\/"},{"@type":"ListItem","position":3,"name":"Akce SOUDAL SOUDAKRAT Akryl\u00e1tov\u00e1 penetrace 1kg"}]},{"@type":"WebSite","@id":"https:\/\/www.oknobuild.com\/#website","url":"https:\/\/www.oknobuild.com\/","name":"","description":"","potentialAction":[{"@type":"SearchAction","target":{"@type":"EntryPoint","urlTemplate":"https:\/\/www.oknobuild.com\/?s={search_term_string}"},"query-input":{"@type":"PropertyValueSpecification","valueRequired":true,"valueName":"search_term_string"}}],"inLanguage":"cs"}]}},"_links":{"self":[{"href":"https:\/\/www.oknobuild.com\/index.php\/wp-json\/wp\/v2\/product\/58566","targetHints":{"allow":["GET"]}}],"collection":[{"href":"https:\/\/www.oknobuild.com\/index.php\/wp-json\/wp\/v2\/product"}],"about":[{"href":"https:\/\/www.oknobuild.com\/index.php\/wp-json\/wp\/v2\/types\/product"}],"replies":[{"embeddable":true,"href":"https:\/\/www.oknobuild.com\/index.php\/wp-json\/wp\/v2\/comments?post=58566"}],"wp:featuredmedia":[{"embeddable":true,"href":"https:\/\/www.oknobuild.com\/index.php\/wp-json\/wp\/v2\/media\/58666"}],"wp:attachment":[{"href":"https:\/\/www.oknobuild.com\/index.php\/wp-json\/wp\/v2\/media?parent=58566"}],"wp:term":[{"taxonomy":"product_brand","embeddable":true,"href":"https:\/\/www.oknobuild.com\/index.php\/wp-json\/wp\/v2\/product_brand?post=58566"},{"taxonomy":"product_cat","embeddable":true,"href":"https:\/\/www.oknobuild.com\/index.php\/wp-json\/wp\/v2\/product_cat?post=58566"},{"taxonomy":"product_tag","embeddable":true,"href":"https:\/\/www.oknobuild.com\/index.php\/wp-json\/wp\/v2\/product_tag?post=58566"}],"curies":[{"name":"wp","href":"https:\/\/api.w.org\/{rel}","templated":true}]}}