{"id":58583,"date":"2026-04-27T04:43:11","date_gmt":"2026-04-27T04:43:11","guid":{"rendered":""},"modified":"2026-04-27T04:43:11","modified_gmt":"2026-04-27T04:43:11","slug":"zlevneny-soudal-kryci-plachta-s-oky-6x10m-58583","status":"publish","type":"product","link":"https:\/\/www.oknobuild.com\/index.php\/produkt\/zlevneny-soudal-kryci-plachta-s-oky-6x10m-58583\/","title":{"rendered":"Zlevn\u011bn\u00fd SOUDAL Kryc\u00ed plachta s oky 6x10m"},"content":{"rendered":"<table>\n<div class=\"tab-pane active product-description\" id=\"popis\" role=\"tabpanel\">\n<div class=\"short-description\" itemprop=\"description\"><\/div>\n<div class=\"description\"><span class='bullet-line'>Ochrana stavebn\u00edho materi\u00e1lu a stroj\u016f p\u0159i nep\u0159\u00edzni po\u010das\u00ed, opakovateln\u011b pou\u017eiteln\u00e1 jako ochrana povrch\u016f p\u0159ed zne\u010di\u0161t\u011bn\u00edm. <\/span><span class='bullet-line'>Polyetylenov\u00e1 plachta s kovov\u00fdmi oky. <\/span><span class='bullet-line'>Mnoho\u00fa\u010delov\u00e1, nepromokav\u00e1, odoln\u00e1.<\/span><\/div>\n<\/table>\n","protected":false},"excerpt":{"rendered":"<p>Ochrana stavebn\u00edho materi\u00e1lu a stroj\u016f p\u0159i nep\u0159\u00edzni po\u010das\u00ed, opakovateln\u011b pou\u017eiteln\u00e1 jako ochrana povrch\u016f p\u0159ed zne\u010di\u0161t\u011bn\u00edm. Polyetylenov\u00e1 plachta s kovov\u00fdmi oky. Mnoho\u00fa\u010delov\u00e1, nepromokav\u00e1, odoln\u00e1.<\/p>\n","protected":false},"featured_media":58683,"comment_status":"open","ping_status":"open","template":"","meta":[],"product_brand":[],"product_cat":[50,52,51],"product_tag":[],"class_list":{"0":"post-58583","1":"product","2":"type-product","3":"status-publish","4":"has-post-thumbnail","6":"product_cat-barvy","7":"product_cat-chemie","8":"product_cat-laky","10":"first","11":"instock","12":"sale","13":"shipping-taxable","14":"purchasable","15":"product-type-simple"},"yoast_head":"<!-- This site is optimized with the Yoast SEO plugin v26.8 - https:\/\/yoast.com\/product\/yoast-seo-wordpress\/ -->\n<title>Zlevn\u011bn\u00fd SOUDAL Kryc\u00ed plachta s oky 6x10m -<\/title>\n<meta name=\"robots\" content=\"index, follow, max-snippet:-1, max-image-preview:large, max-video-preview:-1\" \/>\n<link rel=\"canonical\" href=\"https:\/\/www.oknobuild.com\/index.php\/produkt\/zlevneny-soudal-kryci-plachta-s-oky-6x10m-58583\/\" \/>\n<meta property=\"og:locale\" content=\"cs_CZ\" \/>\n<meta property=\"og:type\" content=\"article\" \/>\n<meta property=\"og:title\" content=\"Zlevn\u011bn\u00fd SOUDAL Kryc\u00ed plachta s oky 6x10m -\" \/>\n<meta property=\"og:description\" content=\"Ochrana stavebn\u00edho materi\u00e1lu a stroj\u016f p\u0159i nep\u0159\u00edzni po\u010das\u00ed, opakovateln\u011b pou\u017eiteln\u00e1 jako ochrana povrch\u016f p\u0159ed zne\u010di\u0161t\u011bn\u00edm. Polyetylenov\u00e1 plachta s kovov\u00fdmi oky. Mnoho\u00fa\u010delov\u00e1, nepromokav\u00e1, odoln\u00e1.\" \/>\n<meta property=\"og:url\" content=\"https:\/\/www.oknobuild.com\/index.php\/produkt\/zlevneny-soudal-kryci-plachta-s-oky-6x10m-58583\/\" \/>\n<meta property=\"og:image\" content=\"https:\/\/www.oknobuild.com\/wp-content\/uploads\/2026\/SK0021805-CZ20260425-092328-0-1777080210-1238829-1_105311..webp\" \/>\n\t<meta property=\"og:image:width\" content=\"267\" \/>\n\t<meta property=\"og:image:height\" content=\"155\" \/>\n\t<meta property=\"og:image:type\" content=\"image\/webp\" \/>\n<meta name=\"twitter:card\" content=\"summary_large_image\" \/>\n<script type=\"application\/ld+json\" class=\"yoast-schema-graph\">{\"@context\":\"https:\/\/schema.org\",\"@graph\":[{\"@type\":\"WebPage\",\"@id\":\"https:\/\/www.oknobuild.com\/index.php\/produkt\/zlevneny-soudal-kryci-plachta-s-oky-6x10m-58583\/\",\"url\":\"https:\/\/www.oknobuild.com\/index.php\/produkt\/zlevneny-soudal-kryci-plachta-s-oky-6x10m-58583\/\",\"name\":\"Zlevn\u011bn\u00fd SOUDAL Kryc\u00ed plachta s oky 6x10m -\",\"isPartOf\":{\"@id\":\"https:\/\/www.oknobuild.com\/#website\"},\"primaryImageOfPage\":{\"@id\":\"https:\/\/www.oknobuild.com\/index.php\/produkt\/zlevneny-soudal-kryci-plachta-s-oky-6x10m-58583\/#primaryimage\"},\"image\":{\"@id\":\"https:\/\/www.oknobuild.com\/index.php\/produkt\/zlevneny-soudal-kryci-plachta-s-oky-6x10m-58583\/#primaryimage\"},\"thumbnailUrl\":\"https:\/\/www.oknobuild.com\/wp-content\/uploads\/2026\/SK0021805-CZ20260425-092328-0-1777080210-1238829-1_105311..webp\",\"datePublished\":\"2026-04-27T04:43:11+00:00\",\"breadcrumb\":{\"@id\":\"https:\/\/www.oknobuild.com\/index.php\/produkt\/zlevneny-soudal-kryci-plachta-s-oky-6x10m-58583\/#breadcrumb\"},\"inLanguage\":\"cs\",\"potentialAction\":[{\"@type\":\"ReadAction\",\"target\":[\"https:\/\/www.oknobuild.com\/index.php\/produkt\/zlevneny-soudal-kryci-plachta-s-oky-6x10m-58583\/\"]}]},{\"@type\":\"ImageObject\",\"inLanguage\":\"cs\",\"@id\":\"https:\/\/www.oknobuild.com\/index.php\/produkt\/zlevneny-soudal-kryci-plachta-s-oky-6x10m-58583\/#primaryimage\",\"url\":\"https:\/\/www.oknobuild.com\/wp-content\/uploads\/2026\/SK0021805-CZ20260425-092328-0-1777080210-1238829-1_105311..webp\",\"contentUrl\":\"https:\/\/www.oknobuild.com\/wp-content\/uploads\/2026\/SK0021805-CZ20260425-092328-0-1777080210-1238829-1_105311..webp\",\"width\":267,\"height\":155},{\"@type\":\"BreadcrumbList\",\"@id\":\"https:\/\/www.oknobuild.com\/index.php\/produkt\/zlevneny-soudal-kryci-plachta-s-oky-6x10m-58583\/#breadcrumb\",\"itemListElement\":[{\"@type\":\"ListItem\",\"position\":1,\"name\":\"Home\",\"item\":\"https:\/\/www.oknobuild.com\/\"},{\"@type\":\"ListItem\",\"position\":2,\"name\":\"Products\",\"item\":\"https:\/\/www.oknobuild.com\/index.php\/products\/\"},{\"@type\":\"ListItem\",\"position\":3,\"name\":\"Zlevn\u011bn\u00fd SOUDAL Kryc\u00ed plachta s oky 6x10m\"}]},{\"@type\":\"WebSite\",\"@id\":\"https:\/\/www.oknobuild.com\/#website\",\"url\":\"https:\/\/www.oknobuild.com\/\",\"name\":\"\",\"description\":\"\",\"potentialAction\":[{\"@type\":\"SearchAction\",\"target\":{\"@type\":\"EntryPoint\",\"urlTemplate\":\"https:\/\/www.oknobuild.com\/?s={search_term_string}\"},\"query-input\":{\"@type\":\"PropertyValueSpecification\",\"valueRequired\":true,\"valueName\":\"search_term_string\"}}],\"inLanguage\":\"cs\"}]}<\/script>\n<!-- \/ Yoast SEO plugin. -->","yoast_head_json":{"title":"Zlevn\u011bn\u00fd SOUDAL Kryc\u00ed plachta s oky 6x10m -","robots":{"index":"index","follow":"follow","max-snippet":"max-snippet:-1","max-image-preview":"max-image-preview:large","max-video-preview":"max-video-preview:-1"},"canonical":"https:\/\/www.oknobuild.com\/index.php\/produkt\/zlevneny-soudal-kryci-plachta-s-oky-6x10m-58583\/","og_locale":"cs_CZ","og_type":"article","og_title":"Zlevn\u011bn\u00fd SOUDAL Kryc\u00ed plachta s oky 6x10m -","og_description":"Ochrana stavebn\u00edho materi\u00e1lu a stroj\u016f p\u0159i nep\u0159\u00edzni po\u010das\u00ed, opakovateln\u011b pou\u017eiteln\u00e1 jako ochrana povrch\u016f p\u0159ed zne\u010di\u0161t\u011bn\u00edm. Polyetylenov\u00e1 plachta s kovov\u00fdmi oky. Mnoho\u00fa\u010delov\u00e1, nepromokav\u00e1, odoln\u00e1.","og_url":"https:\/\/www.oknobuild.com\/index.php\/produkt\/zlevneny-soudal-kryci-plachta-s-oky-6x10m-58583\/","og_image":[{"width":267,"height":155,"url":"https:\/\/www.oknobuild.com\/wp-content\/uploads\/2026\/SK0021805-CZ20260425-092328-0-1777080210-1238829-1_105311..webp","type":"image\/webp"}],"twitter_card":"summary_large_image","schema":{"@context":"https:\/\/schema.org","@graph":[{"@type":"WebPage","@id":"https:\/\/www.oknobuild.com\/index.php\/produkt\/zlevneny-soudal-kryci-plachta-s-oky-6x10m-58583\/","url":"https:\/\/www.oknobuild.com\/index.php\/produkt\/zlevneny-soudal-kryci-plachta-s-oky-6x10m-58583\/","name":"Zlevn\u011bn\u00fd SOUDAL Kryc\u00ed plachta s oky 6x10m -","isPartOf":{"@id":"https:\/\/www.oknobuild.com\/#website"},"primaryImageOfPage":{"@id":"https:\/\/www.oknobuild.com\/index.php\/produkt\/zlevneny-soudal-kryci-plachta-s-oky-6x10m-58583\/#primaryimage"},"image":{"@id":"https:\/\/www.oknobuild.com\/index.php\/produkt\/zlevneny-soudal-kryci-plachta-s-oky-6x10m-58583\/#primaryimage"},"thumbnailUrl":"https:\/\/www.oknobuild.com\/wp-content\/uploads\/2026\/SK0021805-CZ20260425-092328-0-1777080210-1238829-1_105311..webp","datePublished":"2026-04-27T04:43:11+00:00","breadcrumb":{"@id":"https:\/\/www.oknobuild.com\/index.php\/produkt\/zlevneny-soudal-kryci-plachta-s-oky-6x10m-58583\/#breadcrumb"},"inLanguage":"cs","potentialAction":[{"@type":"ReadAction","target":["https:\/\/www.oknobuild.com\/index.php\/produkt\/zlevneny-soudal-kryci-plachta-s-oky-6x10m-58583\/"]}]},{"@type":"ImageObject","inLanguage":"cs","@id":"https:\/\/www.oknobuild.com\/index.php\/produkt\/zlevneny-soudal-kryci-plachta-s-oky-6x10m-58583\/#primaryimage","url":"https:\/\/www.oknobuild.com\/wp-content\/uploads\/2026\/SK0021805-CZ20260425-092328-0-1777080210-1238829-1_105311..webp","contentUrl":"https:\/\/www.oknobuild.com\/wp-content\/uploads\/2026\/SK0021805-CZ20260425-092328-0-1777080210-1238829-1_105311..webp","width":267,"height":155},{"@type":"BreadcrumbList","@id":"https:\/\/www.oknobuild.com\/index.php\/produkt\/zlevneny-soudal-kryci-plachta-s-oky-6x10m-58583\/#breadcrumb","itemListElement":[{"@type":"ListItem","position":1,"name":"Home","item":"https:\/\/www.oknobuild.com\/"},{"@type":"ListItem","position":2,"name":"Products","item":"https:\/\/www.oknobuild.com\/index.php\/products\/"},{"@type":"ListItem","position":3,"name":"Zlevn\u011bn\u00fd SOUDAL Kryc\u00ed plachta s oky 6x10m"}]},{"@type":"WebSite","@id":"https:\/\/www.oknobuild.com\/#website","url":"https:\/\/www.oknobuild.com\/","name":"","description":"","potentialAction":[{"@type":"SearchAction","target":{"@type":"EntryPoint","urlTemplate":"https:\/\/www.oknobuild.com\/?s={search_term_string}"},"query-input":{"@type":"PropertyValueSpecification","valueRequired":true,"valueName":"search_term_string"}}],"inLanguage":"cs"}]}},"_links":{"self":[{"href":"https:\/\/www.oknobuild.com\/index.php\/wp-json\/wp\/v2\/product\/58583","targetHints":{"allow":["GET"]}}],"collection":[{"href":"https:\/\/www.oknobuild.com\/index.php\/wp-json\/wp\/v2\/product"}],"about":[{"href":"https:\/\/www.oknobuild.com\/index.php\/wp-json\/wp\/v2\/types\/product"}],"replies":[{"embeddable":true,"href":"https:\/\/www.oknobuild.com\/index.php\/wp-json\/wp\/v2\/comments?post=58583"}],"wp:featuredmedia":[{"embeddable":true,"href":"https:\/\/www.oknobuild.com\/index.php\/wp-json\/wp\/v2\/media\/58683"}],"wp:attachment":[{"href":"https:\/\/www.oknobuild.com\/index.php\/wp-json\/wp\/v2\/media?parent=58583"}],"wp:term":[{"taxonomy":"product_brand","embeddable":true,"href":"https:\/\/www.oknobuild.com\/index.php\/wp-json\/wp\/v2\/product_brand?post=58583"},{"taxonomy":"product_cat","embeddable":true,"href":"https:\/\/www.oknobuild.com\/index.php\/wp-json\/wp\/v2\/product_cat?post=58583"},{"taxonomy":"product_tag","embeddable":true,"href":"https:\/\/www.oknobuild.com\/index.php\/wp-json\/wp\/v2\/product_tag?post=58583"}],"curies":[{"name":"wp","href":"https:\/\/api.w.org\/{rel}","templated":true}]}}