{"id":58724,"date":"2026-04-27T04:43:11","date_gmt":"2026-04-27T04:43:11","guid":{"rendered":""},"modified":"2026-04-27T04:43:11","modified_gmt":"2026-04-27T04:43:11","slug":"znackovy-makita-hs004gz01-aku-okruzni-pila-li-ion-xgt-40v-bez-aku-z-58724","status":"publish","type":"product","link":"https:\/\/www.oknobuild.com\/index.php\/produkt\/znackovy-makita-hs004gz01-aku-okruzni-pila-li-ion-xgt-40v-bez-aku-z-58724\/","title":{"rendered":"Zna\u010dkov\u00fd Makita HS004GZ01 Aku okru\u017en\u00ed pila Li-ion XGT 40V bez aku Z"},"content":{"rendered":"<table>\n<div class=\"tab-pane active product-description\" id=\"popis\" role=\"tabpanel\">\n<div class=\"short-description\" itemprop=\"description\"><\/div>\n<div class=\"description\">\n<p><span class=\"bullet-line\">Aku okru\u017en\u00ed pila 190 mm v\u00fdkonem srovnateln\u00e1 s elektrickou pilou<\/span><br \/><span class=\"bullet-line\">Technologie Li-ion XGT 40V umo\u017e\u0148uj\u00edc\u00ed extr\u00e9mn\u00ed zat\u00ed\u017een\u00ed stroje a dlouhou v\u00fddr\u017e na jedno nabit\u00ed akumul\u00e1toru<\/span><br \/><span class=\"bullet-line\">Siln\u00fd a spolehliv\u00fd bezuhl\u00edkov\u00fd motor umo\u017e\u0148uj\u00edc\u00ed del\u0161\u00ed pou\u017eit\u00ed na jedno nabit\u00ed akumul\u00e1toru<\/span><br \/><span class=\"bullet-line\">Technologie AWS &#8211; mo\u017enost p\u0159ipojen\u00ed vysava\u010de p\u0159es BlueTooth a automatick\u00e9 spu\u0161t\u011bn\u00ed ods\u00e1v\u00e1n\u00ed v p\u0159\u00edpad\u011b zapnut\u00ed stroje<\/span><br \/><span class=\"bullet-line\">Technologie XPT umo\u017e\u0148uj\u00edc\u00ed pou\u017eit\u00ed v prost\u0159ed\u00ed se zv\u00fd\u0161enou pra\u0161nost\u00ed nebo vlhkost\u00ed<\/span><br \/><span class=\"bullet-line\">Technologie ADT &#8211; automatick\u00e9 elektronick\u00e9 nastaven\u00ed po\u010dtu ot\u00e1\u010dek podle aktu\u00e1ln\u00edch pracovn\u00edch podm\u00ednek<\/span><br \/><span class=\"bullet-line\">Sv\u011bteln\u00e1 signalizace p\u0159et\u00ed\u017een\u00ed stroje<\/span><br \/><span class=\"bullet-line\">Elektronick\u00e1 brzda dob\u011bhu kotou\u010de<\/span><br \/><span class=\"bullet-line\">P\u0159ipojen\u00ed vod\u00edc\u00ed li\u0161ty bez adapt\u00e9ru<\/span><br \/><span class=\"bullet-line\">Dokonal\u00e9 vyv\u00e1\u017een\u00ed stroje pro pohodlnou pr\u00e1ci<\/span><br \/><span class=\"bullet-line\">Mo\u017enost p\u0159ipojen\u00ed extern\u00edho ods\u00e1v\u00e1n\u00ed<\/span><br \/><span class=\"bullet-line\">Plynul\u00e9 nastaven\u00ed \u00fahl\u016f 0 &#8211; 48\u00b0<\/span><br \/><span class=\"bullet-line\">Ofukov\u00e1n\u00ed linie \u0159ezu<\/span><br \/><span class=\"bullet-line\">LED osv\u011btlen\u00ed pracovn\u00ed plochy<\/span><br \/><span class=\"bullet-line\">Ergonomicky tvarovan\u00e1 pogumovan\u00e1 rukoje\u0165 pro bezpe\u010dnou pr\u00e1ci<\/span><br \/><span class=\"bullet-line\">Dod\u00e1vka bez akumul\u00e1toru a nab\u00edje\u010dky<\/span><\/p>\n<p>\u25ba P\u0159\u00edslu\u0161enstv\u00ed<span class=\"bullet-line\">Paraleln\u00ed doraz (164095-8)<\/span><br \/><span class=\"bullet-line\">Inbusov\u00fd kl\u00ed\u010d 6 mm (783204-6)<\/span><br \/><span class=\"bullet-line\">Ods\u00e1vac\u00ed adapt\u00e9r (196520-1)<\/span><br \/><span class=\"bullet-line\">Pilov\u00fd kotou\u010d (B-64185)<\/span><br \/><span class=\"bullet-line\">Jednotka BlueTooth (19800-7)<\/span><\/p>\n<\/div>\n<div class=\"parameters\">\n<tr>\n<td>Akumul\u00e1tor<\/td>\n<td>Li-ion 40 V<\/td>\n<\/tr>\n<tr>\n<td>Ot\u00e1\u010dky napr\u00e1zdno<\/td>\n<td>6.000 min-1<\/td>\n<\/tr>\n<tr>\n<td>\u0158ezn\u00fd v\u00fdkon p\u0159i 90\u00b0<\/td>\n<td>62,5 mm<\/td>\n<\/tr>\n<tr>\n<td>\u0158ezn\u00fd v\u00fdkon p\u0159i 45\u00b0<\/td>\n<td>44,5 mm<\/td>\n<\/tr>\n<tr>\n<td>Pilov\u00fd kotou\u010d (O)<\/td>\n<td>190 mm<\/td>\n<\/tr>\n<tr>\n<td>Otvor pilov\u00e9ho kotou\u010de (O)<\/td>\n<td>30 mm<\/td>\n<\/tr>\n<tr>\n<td>Hmotnost<\/td>\n<td>4,1 \/ 5,1 kg<\/td>\n<\/tr>\n<tr>\n<td>Rozm\u011bry (Dx\u0160xV)<\/td>\n<td>348 x 210 x 290 mm<\/td>\n<\/tr><\/div>\n<\/table>\n","protected":false},"excerpt":{"rendered":"<p>Aku okru\u017en\u00ed pila 190 mm v\u00fdkonem srovnateln\u00e1 s elektrickou pilouTechnologie Li-ion XGT 40V umo\u017e\u0148uj\u00edc\u00ed extr\u00e9mn\u00ed zat\u00ed\u017een\u00ed stroje a dlouhou v\u00fddr\u017e na jedno nabit\u00ed akumul\u00e1toruSiln\u00fd a spolehliv\u00fd bezuhl\u00edkov\u00fd motor umo\u017e\u0148uj\u00edc\u00ed del\u0161\u00ed pou\u017eit\u00ed na jedno nabit\u00ed akumul\u00e1toruTechnologie AWS &#8211; mo\u017enost p\u0159ipojen\u00ed vysava\u010de p\u0159es BlueTooth a automatick\u00e9 spu\u0161t\u011bn\u00ed ods\u00e1v\u00e1n\u00ed v p\u0159\u00edpad\u011b zapnut\u00ed strojeTechnologie XPT umo\u017e\u0148uj\u00edc\u00ed pou\u017eit\u00ed v prost\u0159ed\u00ed [&hellip;]<\/p>\n","protected":false},"featured_media":58824,"comment_status":"open","ping_status":"open","template":"","meta":[],"product_brand":[],"product_cat":[41],"product_tag":[],"class_list":{"0":"post-58724","1":"product","2":"type-product","3":"status-publish","4":"has-post-thumbnail","6":"product_cat-naradi","8":"first","9":"instock","10":"sale","11":"shipping-taxable","12":"purchasable","13":"product-type-simple"},"yoast_head":"<!-- This site is optimized with the Yoast SEO plugin v26.8 - https:\/\/yoast.com\/product\/yoast-seo-wordpress\/ -->\n<title>Zna\u010dkov\u00fd Makita HS004GZ01 Aku okru\u017en\u00ed pila Li-ion XGT 40V bez aku Z -<\/title>\n<meta name=\"robots\" content=\"index, follow, max-snippet:-1, max-image-preview:large, max-video-preview:-1\" \/>\n<link rel=\"canonical\" href=\"https:\/\/www.oknobuild.com\/index.php\/produkt\/znackovy-makita-hs004gz01-aku-okruzni-pila-li-ion-xgt-40v-bez-aku-z-58724\/\" \/>\n<meta property=\"og:locale\" content=\"cs_CZ\" \/>\n<meta property=\"og:type\" content=\"article\" \/>\n<meta property=\"og:title\" content=\"Zna\u010dkov\u00fd Makita HS004GZ01 Aku okru\u017en\u00ed pila Li-ion XGT 40V bez aku Z -\" \/>\n<meta property=\"og:description\" content=\"Aku okru\u017en\u00ed pila 190 mm v\u00fdkonem srovnateln\u00e1 s elektrickou pilouTechnologie Li-ion XGT 40V umo\u017e\u0148uj\u00edc\u00ed extr\u00e9mn\u00ed zat\u00ed\u017een\u00ed stroje a dlouhou v\u00fddr\u017e na jedno nabit\u00ed akumul\u00e1toruSiln\u00fd a spolehliv\u00fd bezuhl\u00edkov\u00fd motor umo\u017e\u0148uj\u00edc\u00ed del\u0161\u00ed pou\u017eit\u00ed na jedno nabit\u00ed akumul\u00e1toruTechnologie AWS &#8211; mo\u017enost p\u0159ipojen\u00ed vysava\u010de p\u0159es BlueTooth a automatick\u00e9 spu\u0161t\u011bn\u00ed ods\u00e1v\u00e1n\u00ed v p\u0159\u00edpad\u011b zapnut\u00ed strojeTechnologie XPT umo\u017e\u0148uj\u00edc\u00ed pou\u017eit\u00ed v prost\u0159ed\u00ed [&hellip;]\" \/>\n<meta property=\"og:url\" content=\"https:\/\/www.oknobuild.com\/index.php\/produkt\/znackovy-makita-hs004gz01-aku-okruzni-pila-li-ion-xgt-40v-bez-aku-z-58724\/\" \/>\n<meta property=\"og:image\" content=\"https:\/\/www.oknobuild.com\/wp-content\/uploads\/2026\/SK0021846-CZ20260425-092328-0-1777080210-hs004gz_im_4_orig.webp\" \/>\n\t<meta property=\"og:image:width\" content=\"700\" \/>\n\t<meta property=\"og:image:height\" content=\"599\" \/>\n\t<meta property=\"og:image:type\" content=\"image\/webp\" \/>\n<meta name=\"twitter:card\" content=\"summary_large_image\" \/>\n<meta name=\"twitter:label1\" content=\"Odhadovan\u00e1 doba \u010dten\u00ed\" \/>\n\t<meta name=\"twitter:data1\" content=\"1 minuta\" \/>\n<script type=\"application\/ld+json\" class=\"yoast-schema-graph\">{\"@context\":\"https:\/\/schema.org\",\"@graph\":[{\"@type\":\"WebPage\",\"@id\":\"https:\/\/www.oknobuild.com\/index.php\/produkt\/znackovy-makita-hs004gz01-aku-okruzni-pila-li-ion-xgt-40v-bez-aku-z-58724\/\",\"url\":\"https:\/\/www.oknobuild.com\/index.php\/produkt\/znackovy-makita-hs004gz01-aku-okruzni-pila-li-ion-xgt-40v-bez-aku-z-58724\/\",\"name\":\"Zna\u010dkov\u00fd Makita HS004GZ01 Aku okru\u017en\u00ed pila Li-ion XGT 40V bez aku Z -\",\"isPartOf\":{\"@id\":\"https:\/\/www.oknobuild.com\/#website\"},\"primaryImageOfPage\":{\"@id\":\"https:\/\/www.oknobuild.com\/index.php\/produkt\/znackovy-makita-hs004gz01-aku-okruzni-pila-li-ion-xgt-40v-bez-aku-z-58724\/#primaryimage\"},\"image\":{\"@id\":\"https:\/\/www.oknobuild.com\/index.php\/produkt\/znackovy-makita-hs004gz01-aku-okruzni-pila-li-ion-xgt-40v-bez-aku-z-58724\/#primaryimage\"},\"thumbnailUrl\":\"https:\/\/www.oknobuild.com\/wp-content\/uploads\/2026\/SK0021846-CZ20260425-092328-0-1777080210-hs004gz_im_4_orig.webp\",\"datePublished\":\"2026-04-27T04:43:11+00:00\",\"breadcrumb\":{\"@id\":\"https:\/\/www.oknobuild.com\/index.php\/produkt\/znackovy-makita-hs004gz01-aku-okruzni-pila-li-ion-xgt-40v-bez-aku-z-58724\/#breadcrumb\"},\"inLanguage\":\"cs\",\"potentialAction\":[{\"@type\":\"ReadAction\",\"target\":[\"https:\/\/www.oknobuild.com\/index.php\/produkt\/znackovy-makita-hs004gz01-aku-okruzni-pila-li-ion-xgt-40v-bez-aku-z-58724\/\"]}]},{\"@type\":\"ImageObject\",\"inLanguage\":\"cs\",\"@id\":\"https:\/\/www.oknobuild.com\/index.php\/produkt\/znackovy-makita-hs004gz01-aku-okruzni-pila-li-ion-xgt-40v-bez-aku-z-58724\/#primaryimage\",\"url\":\"https:\/\/www.oknobuild.com\/wp-content\/uploads\/2026\/SK0021846-CZ20260425-092328-0-1777080210-hs004gz_im_4_orig.webp\",\"contentUrl\":\"https:\/\/www.oknobuild.com\/wp-content\/uploads\/2026\/SK0021846-CZ20260425-092328-0-1777080210-hs004gz_im_4_orig.webp\",\"width\":700,\"height\":599},{\"@type\":\"BreadcrumbList\",\"@id\":\"https:\/\/www.oknobuild.com\/index.php\/produkt\/znackovy-makita-hs004gz01-aku-okruzni-pila-li-ion-xgt-40v-bez-aku-z-58724\/#breadcrumb\",\"itemListElement\":[{\"@type\":\"ListItem\",\"position\":1,\"name\":\"Home\",\"item\":\"https:\/\/www.oknobuild.com\/\"},{\"@type\":\"ListItem\",\"position\":2,\"name\":\"Products\",\"item\":\"https:\/\/www.oknobuild.com\/index.php\/products\/\"},{\"@type\":\"ListItem\",\"position\":3,\"name\":\"Zna\u010dkov\u00fd Makita HS004GZ01 Aku okru\u017en\u00ed pila Li-ion XGT 40V bez aku Z\"}]},{\"@type\":\"WebSite\",\"@id\":\"https:\/\/www.oknobuild.com\/#website\",\"url\":\"https:\/\/www.oknobuild.com\/\",\"name\":\"\",\"description\":\"\",\"potentialAction\":[{\"@type\":\"SearchAction\",\"target\":{\"@type\":\"EntryPoint\",\"urlTemplate\":\"https:\/\/www.oknobuild.com\/?s={search_term_string}\"},\"query-input\":{\"@type\":\"PropertyValueSpecification\",\"valueRequired\":true,\"valueName\":\"search_term_string\"}}],\"inLanguage\":\"cs\"}]}<\/script>\n<!-- \/ Yoast SEO plugin. -->","yoast_head_json":{"title":"Zna\u010dkov\u00fd Makita HS004GZ01 Aku okru\u017en\u00ed pila Li-ion XGT 40V bez aku Z -","robots":{"index":"index","follow":"follow","max-snippet":"max-snippet:-1","max-image-preview":"max-image-preview:large","max-video-preview":"max-video-preview:-1"},"canonical":"https:\/\/www.oknobuild.com\/index.php\/produkt\/znackovy-makita-hs004gz01-aku-okruzni-pila-li-ion-xgt-40v-bez-aku-z-58724\/","og_locale":"cs_CZ","og_type":"article","og_title":"Zna\u010dkov\u00fd Makita HS004GZ01 Aku okru\u017en\u00ed pila Li-ion XGT 40V bez aku Z -","og_description":"Aku okru\u017en\u00ed pila 190 mm v\u00fdkonem srovnateln\u00e1 s elektrickou pilouTechnologie Li-ion XGT 40V umo\u017e\u0148uj\u00edc\u00ed extr\u00e9mn\u00ed zat\u00ed\u017een\u00ed stroje a dlouhou v\u00fddr\u017e na jedno nabit\u00ed akumul\u00e1toruSiln\u00fd a spolehliv\u00fd bezuhl\u00edkov\u00fd motor umo\u017e\u0148uj\u00edc\u00ed del\u0161\u00ed pou\u017eit\u00ed na jedno nabit\u00ed akumul\u00e1toruTechnologie AWS &#8211; mo\u017enost p\u0159ipojen\u00ed vysava\u010de p\u0159es BlueTooth a automatick\u00e9 spu\u0161t\u011bn\u00ed ods\u00e1v\u00e1n\u00ed v p\u0159\u00edpad\u011b zapnut\u00ed strojeTechnologie XPT umo\u017e\u0148uj\u00edc\u00ed pou\u017eit\u00ed v prost\u0159ed\u00ed [&hellip;]","og_url":"https:\/\/www.oknobuild.com\/index.php\/produkt\/znackovy-makita-hs004gz01-aku-okruzni-pila-li-ion-xgt-40v-bez-aku-z-58724\/","og_image":[{"width":700,"height":599,"url":"https:\/\/www.oknobuild.com\/wp-content\/uploads\/2026\/SK0021846-CZ20260425-092328-0-1777080210-hs004gz_im_4_orig.webp","type":"image\/webp"}],"twitter_card":"summary_large_image","twitter_misc":{"Odhadovan\u00e1 doba \u010dten\u00ed":"1 minuta"},"schema":{"@context":"https:\/\/schema.org","@graph":[{"@type":"WebPage","@id":"https:\/\/www.oknobuild.com\/index.php\/produkt\/znackovy-makita-hs004gz01-aku-okruzni-pila-li-ion-xgt-40v-bez-aku-z-58724\/","url":"https:\/\/www.oknobuild.com\/index.php\/produkt\/znackovy-makita-hs004gz01-aku-okruzni-pila-li-ion-xgt-40v-bez-aku-z-58724\/","name":"Zna\u010dkov\u00fd Makita HS004GZ01 Aku okru\u017en\u00ed pila Li-ion XGT 40V bez aku Z -","isPartOf":{"@id":"https:\/\/www.oknobuild.com\/#website"},"primaryImageOfPage":{"@id":"https:\/\/www.oknobuild.com\/index.php\/produkt\/znackovy-makita-hs004gz01-aku-okruzni-pila-li-ion-xgt-40v-bez-aku-z-58724\/#primaryimage"},"image":{"@id":"https:\/\/www.oknobuild.com\/index.php\/produkt\/znackovy-makita-hs004gz01-aku-okruzni-pila-li-ion-xgt-40v-bez-aku-z-58724\/#primaryimage"},"thumbnailUrl":"https:\/\/www.oknobuild.com\/wp-content\/uploads\/2026\/SK0021846-CZ20260425-092328-0-1777080210-hs004gz_im_4_orig.webp","datePublished":"2026-04-27T04:43:11+00:00","breadcrumb":{"@id":"https:\/\/www.oknobuild.com\/index.php\/produkt\/znackovy-makita-hs004gz01-aku-okruzni-pila-li-ion-xgt-40v-bez-aku-z-58724\/#breadcrumb"},"inLanguage":"cs","potentialAction":[{"@type":"ReadAction","target":["https:\/\/www.oknobuild.com\/index.php\/produkt\/znackovy-makita-hs004gz01-aku-okruzni-pila-li-ion-xgt-40v-bez-aku-z-58724\/"]}]},{"@type":"ImageObject","inLanguage":"cs","@id":"https:\/\/www.oknobuild.com\/index.php\/produkt\/znackovy-makita-hs004gz01-aku-okruzni-pila-li-ion-xgt-40v-bez-aku-z-58724\/#primaryimage","url":"https:\/\/www.oknobuild.com\/wp-content\/uploads\/2026\/SK0021846-CZ20260425-092328-0-1777080210-hs004gz_im_4_orig.webp","contentUrl":"https:\/\/www.oknobuild.com\/wp-content\/uploads\/2026\/SK0021846-CZ20260425-092328-0-1777080210-hs004gz_im_4_orig.webp","width":700,"height":599},{"@type":"BreadcrumbList","@id":"https:\/\/www.oknobuild.com\/index.php\/produkt\/znackovy-makita-hs004gz01-aku-okruzni-pila-li-ion-xgt-40v-bez-aku-z-58724\/#breadcrumb","itemListElement":[{"@type":"ListItem","position":1,"name":"Home","item":"https:\/\/www.oknobuild.com\/"},{"@type":"ListItem","position":2,"name":"Products","item":"https:\/\/www.oknobuild.com\/index.php\/products\/"},{"@type":"ListItem","position":3,"name":"Zna\u010dkov\u00fd Makita HS004GZ01 Aku okru\u017en\u00ed pila Li-ion XGT 40V bez aku Z"}]},{"@type":"WebSite","@id":"https:\/\/www.oknobuild.com\/#website","url":"https:\/\/www.oknobuild.com\/","name":"","description":"","potentialAction":[{"@type":"SearchAction","target":{"@type":"EntryPoint","urlTemplate":"https:\/\/www.oknobuild.com\/?s={search_term_string}"},"query-input":{"@type":"PropertyValueSpecification","valueRequired":true,"valueName":"search_term_string"}}],"inLanguage":"cs"}]}},"_links":{"self":[{"href":"https:\/\/www.oknobuild.com\/index.php\/wp-json\/wp\/v2\/product\/58724","targetHints":{"allow":["GET"]}}],"collection":[{"href":"https:\/\/www.oknobuild.com\/index.php\/wp-json\/wp\/v2\/product"}],"about":[{"href":"https:\/\/www.oknobuild.com\/index.php\/wp-json\/wp\/v2\/types\/product"}],"replies":[{"embeddable":true,"href":"https:\/\/www.oknobuild.com\/index.php\/wp-json\/wp\/v2\/comments?post=58724"}],"wp:featuredmedia":[{"embeddable":true,"href":"https:\/\/www.oknobuild.com\/index.php\/wp-json\/wp\/v2\/media\/58824"}],"wp:attachment":[{"href":"https:\/\/www.oknobuild.com\/index.php\/wp-json\/wp\/v2\/media?parent=58724"}],"wp:term":[{"taxonomy":"product_brand","embeddable":true,"href":"https:\/\/www.oknobuild.com\/index.php\/wp-json\/wp\/v2\/product_brand?post=58724"},{"taxonomy":"product_cat","embeddable":true,"href":"https:\/\/www.oknobuild.com\/index.php\/wp-json\/wp\/v2\/product_cat?post=58724"},{"taxonomy":"product_tag","embeddable":true,"href":"https:\/\/www.oknobuild.com\/index.php\/wp-json\/wp\/v2\/product_tag?post=58724"}],"curies":[{"name":"wp","href":"https:\/\/api.w.org\/{rel}","templated":true}]}}