{"id":58745,"date":"2026-04-27T04:43:11","date_gmt":"2026-04-27T04:43:11","guid":{"rendered":""},"modified":"2026-04-27T04:43:11","modified_gmt":"2026-04-27T04:43:11","slug":"akcni-cena-makita-b-29452-pilovy-kotouc-na-lamino-165x20mm-52t-58745","status":"publish","type":"product","link":"https:\/\/www.oknobuild.com\/index.php\/produkt\/akcni-cena-makita-b-29452-pilovy-kotouc-na-lamino-165x20mm-52t-58745\/","title":{"rendered":"Ak\u010dn\u00ed Cena Makita B-29452 pilov\u00fd kotou\u010d na lamino 165x20mm 52T"},"content":{"rendered":"<table>\n<div class=\"tab-pane active product-description\" id=\"popis\" role=\"tabpanel\">\n<div class=\"short-description\" itemprop=\"description\"><\/div>\n<div class=\"description\"><span class='bullet-line'>Standardn\u00ed \u0159ada pilov\u00fdch kotou\u010d\u016f pro \u0159ez\u00e1n\u00ed lamina okru\u017e\u00edmi pilami. <br \/><\/span><span class='bullet-line'>Konstrukce kotou\u010d\u016f je upraven\u00e1 pro rychl\u00fd a velmi \u010dist\u00fd \u0159ez.<br \/><\/span><span class='bullet-line'>Speci\u00e1ln\u00ed povrchov\u00e1 \u00faprava kotou\u010de.<br \/><\/span><span class='bullet-line'>Obr\u00e1zek se m\u016f\u017ee li\u0161it od skute\u010dn\u00e9ho produktu.<\/span><\/div>\n<div class=\"parameters\">\n<tr>\n<td>Pr\u016fm\u011br kotou\u010de (mm)<\/td>\n<td>165<\/td>\n<\/tr>\n<tr>\n<td>Pou\u017eit\u00ed<\/td>\n<td>Okru\u017en\u00ed pily<\/td>\n<\/tr>\n<tr>\n<td>Tlou\u0161\u0165ka zub\u016f (mm)<\/td>\n<td>1,45<\/td>\n<\/tr>\n<tr>\n<td>Pr\u016fm\u011br vrt\u00e1n\u00ed (mm)<\/td>\n<td>20<\/td>\n<\/tr>\n<tr>\n<td>Po\u010det zub\u016f<\/td>\n<td>52<\/td>\n<\/tr>\n<tr>\n<td>Tlou\u0161\u0165ka kotou\u010de (mm)<\/td>\n<td>1<\/td>\n<\/tr>\n<tr>\n<td>\u00dahel zubu<\/td>\n<td>5\u00b0<\/td>\n<\/tr><\/div>\n<\/table>\n","protected":false},"excerpt":{"rendered":"<p>Standardn\u00ed \u0159ada pilov\u00fdch kotou\u010d\u016f pro \u0159ez\u00e1n\u00ed lamina okru\u017e\u00edmi pilami. Konstrukce kotou\u010d\u016f je upraven\u00e1 pro rychl\u00fd a velmi \u010dist\u00fd \u0159ez.Speci\u00e1ln\u00ed povrchov\u00e1 \u00faprava kotou\u010de.Obr\u00e1zek se m\u016f\u017ee li\u0161it od skute\u010dn\u00e9ho produktu. Pr\u016fm\u011br kotou\u010de (mm) 165 Pou\u017eit\u00ed Okru\u017en\u00ed pily Tlou\u0161\u0165ka zub\u016f (mm) 1,45 Pr\u016fm\u011br vrt\u00e1n\u00ed (mm) 20 Po\u010det zub\u016f 52 Tlou\u0161\u0165ka kotou\u010de (mm) 1 \u00dahel zubu 5\u00b0<\/p>\n","protected":false},"featured_media":58845,"comment_status":"open","ping_status":"open","template":"","meta":[],"product_brand":[],"product_cat":[41],"product_tag":[],"class_list":{"0":"post-58745","1":"product","2":"type-product","3":"status-publish","4":"has-post-thumbnail","6":"product_cat-naradi","8":"first","9":"instock","10":"sale","11":"shipping-taxable","12":"purchasable","13":"product-type-simple"},"yoast_head":"<!-- This site is optimized with the Yoast SEO plugin v26.8 - https:\/\/yoast.com\/product\/yoast-seo-wordpress\/ -->\n<title>Ak\u010dn\u00ed Cena Makita B-29452 pilov\u00fd kotou\u010d na lamino 165x20mm 52T -<\/title>\n<meta name=\"robots\" content=\"index, follow, max-snippet:-1, max-image-preview:large, max-video-preview:-1\" \/>\n<link rel=\"canonical\" href=\"https:\/\/www.oknobuild.com\/index.php\/produkt\/akcni-cena-makita-b-29452-pilovy-kotouc-na-lamino-165x20mm-52t-58745\/\" \/>\n<meta property=\"og:locale\" content=\"cs_CZ\" \/>\n<meta property=\"og:type\" content=\"article\" \/>\n<meta property=\"og:title\" content=\"Ak\u010dn\u00ed Cena Makita B-29452 pilov\u00fd kotou\u010d na lamino 165x20mm 52T -\" \/>\n<meta property=\"og:description\" content=\"Standardn\u00ed \u0159ada pilov\u00fdch kotou\u010d\u016f pro \u0159ez\u00e1n\u00ed lamina okru\u017e\u00edmi pilami. Konstrukce kotou\u010d\u016f je upraven\u00e1 pro rychl\u00fd a velmi \u010dist\u00fd \u0159ez.Speci\u00e1ln\u00ed povrchov\u00e1 \u00faprava kotou\u010de.Obr\u00e1zek se m\u016f\u017ee li\u0161it od skute\u010dn\u00e9ho produktu. Pr\u016fm\u011br kotou\u010de (mm) 165 Pou\u017eit\u00ed Okru\u017en\u00ed pily Tlou\u0161\u0165ka zub\u016f (mm) 1,45 Pr\u016fm\u011br vrt\u00e1n\u00ed (mm) 20 Po\u010det zub\u016f 52 Tlou\u0161\u0165ka kotou\u010de (mm) 1 \u00dahel zubu 5\u00b0\" \/>\n<meta property=\"og:url\" content=\"https:\/\/www.oknobuild.com\/index.php\/produkt\/akcni-cena-makita-b-29452-pilovy-kotouc-na-lamino-165x20mm-52t-58745\/\" \/>\n<meta property=\"og:image\" content=\"https:\/\/www.oknobuild.com\/wp-content\/uploads\/2026\/SK0021868-CZ20260425-092328-0-1777080210-d0f65d9abce76e173b51e850cae74a63.webp\" \/>\n\t<meta property=\"og:image:width\" content=\"592\" \/>\n\t<meta property=\"og:image:height\" content=\"590\" \/>\n\t<meta property=\"og:image:type\" content=\"image\/webp\" \/>\n<meta name=\"twitter:card\" content=\"summary_large_image\" \/>\n<script type=\"application\/ld+json\" class=\"yoast-schema-graph\">{\"@context\":\"https:\/\/schema.org\",\"@graph\":[{\"@type\":\"WebPage\",\"@id\":\"https:\/\/www.oknobuild.com\/index.php\/produkt\/akcni-cena-makita-b-29452-pilovy-kotouc-na-lamino-165x20mm-52t-58745\/\",\"url\":\"https:\/\/www.oknobuild.com\/index.php\/produkt\/akcni-cena-makita-b-29452-pilovy-kotouc-na-lamino-165x20mm-52t-58745\/\",\"name\":\"Ak\u010dn\u00ed Cena Makita B-29452 pilov\u00fd kotou\u010d na lamino 165x20mm 52T -\",\"isPartOf\":{\"@id\":\"https:\/\/www.oknobuild.com\/#website\"},\"primaryImageOfPage\":{\"@id\":\"https:\/\/www.oknobuild.com\/index.php\/produkt\/akcni-cena-makita-b-29452-pilovy-kotouc-na-lamino-165x20mm-52t-58745\/#primaryimage\"},\"image\":{\"@id\":\"https:\/\/www.oknobuild.com\/index.php\/produkt\/akcni-cena-makita-b-29452-pilovy-kotouc-na-lamino-165x20mm-52t-58745\/#primaryimage\"},\"thumbnailUrl\":\"https:\/\/www.oknobuild.com\/wp-content\/uploads\/2026\/SK0021868-CZ20260425-092328-0-1777080210-d0f65d9abce76e173b51e850cae74a63.webp\",\"datePublished\":\"2026-04-27T04:43:11+00:00\",\"breadcrumb\":{\"@id\":\"https:\/\/www.oknobuild.com\/index.php\/produkt\/akcni-cena-makita-b-29452-pilovy-kotouc-na-lamino-165x20mm-52t-58745\/#breadcrumb\"},\"inLanguage\":\"cs\",\"potentialAction\":[{\"@type\":\"ReadAction\",\"target\":[\"https:\/\/www.oknobuild.com\/index.php\/produkt\/akcni-cena-makita-b-29452-pilovy-kotouc-na-lamino-165x20mm-52t-58745\/\"]}]},{\"@type\":\"ImageObject\",\"inLanguage\":\"cs\",\"@id\":\"https:\/\/www.oknobuild.com\/index.php\/produkt\/akcni-cena-makita-b-29452-pilovy-kotouc-na-lamino-165x20mm-52t-58745\/#primaryimage\",\"url\":\"https:\/\/www.oknobuild.com\/wp-content\/uploads\/2026\/SK0021868-CZ20260425-092328-0-1777080210-d0f65d9abce76e173b51e850cae74a63.webp\",\"contentUrl\":\"https:\/\/www.oknobuild.com\/wp-content\/uploads\/2026\/SK0021868-CZ20260425-092328-0-1777080210-d0f65d9abce76e173b51e850cae74a63.webp\",\"width\":592,\"height\":590},{\"@type\":\"BreadcrumbList\",\"@id\":\"https:\/\/www.oknobuild.com\/index.php\/produkt\/akcni-cena-makita-b-29452-pilovy-kotouc-na-lamino-165x20mm-52t-58745\/#breadcrumb\",\"itemListElement\":[{\"@type\":\"ListItem\",\"position\":1,\"name\":\"Home\",\"item\":\"https:\/\/www.oknobuild.com\/\"},{\"@type\":\"ListItem\",\"position\":2,\"name\":\"Products\",\"item\":\"https:\/\/www.oknobuild.com\/index.php\/products\/\"},{\"@type\":\"ListItem\",\"position\":3,\"name\":\"Ak\u010dn\u00ed Cena Makita B-29452 pilov\u00fd kotou\u010d na lamino 165x20mm 52T\"}]},{\"@type\":\"WebSite\",\"@id\":\"https:\/\/www.oknobuild.com\/#website\",\"url\":\"https:\/\/www.oknobuild.com\/\",\"name\":\"\",\"description\":\"\",\"potentialAction\":[{\"@type\":\"SearchAction\",\"target\":{\"@type\":\"EntryPoint\",\"urlTemplate\":\"https:\/\/www.oknobuild.com\/?s={search_term_string}\"},\"query-input\":{\"@type\":\"PropertyValueSpecification\",\"valueRequired\":true,\"valueName\":\"search_term_string\"}}],\"inLanguage\":\"cs\"}]}<\/script>\n<!-- \/ Yoast SEO plugin. -->","yoast_head_json":{"title":"Ak\u010dn\u00ed Cena Makita B-29452 pilov\u00fd kotou\u010d na lamino 165x20mm 52T -","robots":{"index":"index","follow":"follow","max-snippet":"max-snippet:-1","max-image-preview":"max-image-preview:large","max-video-preview":"max-video-preview:-1"},"canonical":"https:\/\/www.oknobuild.com\/index.php\/produkt\/akcni-cena-makita-b-29452-pilovy-kotouc-na-lamino-165x20mm-52t-58745\/","og_locale":"cs_CZ","og_type":"article","og_title":"Ak\u010dn\u00ed Cena Makita B-29452 pilov\u00fd kotou\u010d na lamino 165x20mm 52T -","og_description":"Standardn\u00ed \u0159ada pilov\u00fdch kotou\u010d\u016f pro \u0159ez\u00e1n\u00ed lamina okru\u017e\u00edmi pilami. Konstrukce kotou\u010d\u016f je upraven\u00e1 pro rychl\u00fd a velmi \u010dist\u00fd \u0159ez.Speci\u00e1ln\u00ed povrchov\u00e1 \u00faprava kotou\u010de.Obr\u00e1zek se m\u016f\u017ee li\u0161it od skute\u010dn\u00e9ho produktu. Pr\u016fm\u011br kotou\u010de (mm) 165 Pou\u017eit\u00ed Okru\u017en\u00ed pily Tlou\u0161\u0165ka zub\u016f (mm) 1,45 Pr\u016fm\u011br vrt\u00e1n\u00ed (mm) 20 Po\u010det zub\u016f 52 Tlou\u0161\u0165ka kotou\u010de (mm) 1 \u00dahel zubu 5\u00b0","og_url":"https:\/\/www.oknobuild.com\/index.php\/produkt\/akcni-cena-makita-b-29452-pilovy-kotouc-na-lamino-165x20mm-52t-58745\/","og_image":[{"width":592,"height":590,"url":"https:\/\/www.oknobuild.com\/wp-content\/uploads\/2026\/SK0021868-CZ20260425-092328-0-1777080210-d0f65d9abce76e173b51e850cae74a63.webp","type":"image\/webp"}],"twitter_card":"summary_large_image","schema":{"@context":"https:\/\/schema.org","@graph":[{"@type":"WebPage","@id":"https:\/\/www.oknobuild.com\/index.php\/produkt\/akcni-cena-makita-b-29452-pilovy-kotouc-na-lamino-165x20mm-52t-58745\/","url":"https:\/\/www.oknobuild.com\/index.php\/produkt\/akcni-cena-makita-b-29452-pilovy-kotouc-na-lamino-165x20mm-52t-58745\/","name":"Ak\u010dn\u00ed Cena Makita B-29452 pilov\u00fd kotou\u010d na lamino 165x20mm 52T -","isPartOf":{"@id":"https:\/\/www.oknobuild.com\/#website"},"primaryImageOfPage":{"@id":"https:\/\/www.oknobuild.com\/index.php\/produkt\/akcni-cena-makita-b-29452-pilovy-kotouc-na-lamino-165x20mm-52t-58745\/#primaryimage"},"image":{"@id":"https:\/\/www.oknobuild.com\/index.php\/produkt\/akcni-cena-makita-b-29452-pilovy-kotouc-na-lamino-165x20mm-52t-58745\/#primaryimage"},"thumbnailUrl":"https:\/\/www.oknobuild.com\/wp-content\/uploads\/2026\/SK0021868-CZ20260425-092328-0-1777080210-d0f65d9abce76e173b51e850cae74a63.webp","datePublished":"2026-04-27T04:43:11+00:00","breadcrumb":{"@id":"https:\/\/www.oknobuild.com\/index.php\/produkt\/akcni-cena-makita-b-29452-pilovy-kotouc-na-lamino-165x20mm-52t-58745\/#breadcrumb"},"inLanguage":"cs","potentialAction":[{"@type":"ReadAction","target":["https:\/\/www.oknobuild.com\/index.php\/produkt\/akcni-cena-makita-b-29452-pilovy-kotouc-na-lamino-165x20mm-52t-58745\/"]}]},{"@type":"ImageObject","inLanguage":"cs","@id":"https:\/\/www.oknobuild.com\/index.php\/produkt\/akcni-cena-makita-b-29452-pilovy-kotouc-na-lamino-165x20mm-52t-58745\/#primaryimage","url":"https:\/\/www.oknobuild.com\/wp-content\/uploads\/2026\/SK0021868-CZ20260425-092328-0-1777080210-d0f65d9abce76e173b51e850cae74a63.webp","contentUrl":"https:\/\/www.oknobuild.com\/wp-content\/uploads\/2026\/SK0021868-CZ20260425-092328-0-1777080210-d0f65d9abce76e173b51e850cae74a63.webp","width":592,"height":590},{"@type":"BreadcrumbList","@id":"https:\/\/www.oknobuild.com\/index.php\/produkt\/akcni-cena-makita-b-29452-pilovy-kotouc-na-lamino-165x20mm-52t-58745\/#breadcrumb","itemListElement":[{"@type":"ListItem","position":1,"name":"Home","item":"https:\/\/www.oknobuild.com\/"},{"@type":"ListItem","position":2,"name":"Products","item":"https:\/\/www.oknobuild.com\/index.php\/products\/"},{"@type":"ListItem","position":3,"name":"Ak\u010dn\u00ed Cena Makita B-29452 pilov\u00fd kotou\u010d na lamino 165x20mm 52T"}]},{"@type":"WebSite","@id":"https:\/\/www.oknobuild.com\/#website","url":"https:\/\/www.oknobuild.com\/","name":"","description":"","potentialAction":[{"@type":"SearchAction","target":{"@type":"EntryPoint","urlTemplate":"https:\/\/www.oknobuild.com\/?s={search_term_string}"},"query-input":{"@type":"PropertyValueSpecification","valueRequired":true,"valueName":"search_term_string"}}],"inLanguage":"cs"}]}},"_links":{"self":[{"href":"https:\/\/www.oknobuild.com\/index.php\/wp-json\/wp\/v2\/product\/58745","targetHints":{"allow":["GET"]}}],"collection":[{"href":"https:\/\/www.oknobuild.com\/index.php\/wp-json\/wp\/v2\/product"}],"about":[{"href":"https:\/\/www.oknobuild.com\/index.php\/wp-json\/wp\/v2\/types\/product"}],"replies":[{"embeddable":true,"href":"https:\/\/www.oknobuild.com\/index.php\/wp-json\/wp\/v2\/comments?post=58745"}],"wp:featuredmedia":[{"embeddable":true,"href":"https:\/\/www.oknobuild.com\/index.php\/wp-json\/wp\/v2\/media\/58845"}],"wp:attachment":[{"href":"https:\/\/www.oknobuild.com\/index.php\/wp-json\/wp\/v2\/media?parent=58745"}],"wp:term":[{"taxonomy":"product_brand","embeddable":true,"href":"https:\/\/www.oknobuild.com\/index.php\/wp-json\/wp\/v2\/product_brand?post=58745"},{"taxonomy":"product_cat","embeddable":true,"href":"https:\/\/www.oknobuild.com\/index.php\/wp-json\/wp\/v2\/product_cat?post=58745"},{"taxonomy":"product_tag","embeddable":true,"href":"https:\/\/www.oknobuild.com\/index.php\/wp-json\/wp\/v2\/product_tag?post=58745"}],"curies":[{"name":"wp","href":"https:\/\/api.w.org\/{rel}","templated":true}]}}