{"id":58990,"date":"2026-04-27T04:43:12","date_gmt":"2026-04-27T04:43:12","guid":{"rendered":""},"modified":"2026-04-27T04:43:12","modified_gmt":"2026-04-27T04:43:12","slug":"znackovy-2-strunova-hlava-tap-amp-go-pro-ms-260u-58990","status":"publish","type":"product","link":"https:\/\/www.oknobuild.com\/index.php\/produkt\/znackovy-2-strunova-hlava-tap-amp-go-pro-ms-260u-58990\/","title":{"rendered":"Zna\u010dkov\u00fd 2 strunov\u00e1 hlava Tap&amp;Go pro MS-260U"},"content":{"rendered":"<table>\n<div class=\"tab-pane active product-description\" id=\"popis\" role=\"tabpanel\">\n<div class=\"short-description\" itemprop=\"description\"><\/div>\n<div class=\"description\"><span class='bullet-line'>kulat\u00e1 struna  2,0mm<br \/><\/span><span class='bullet-line'>hranat\u00e1 struna 2,4 mm <br \/><\/span><span class='bullet-line'>d\u00e9lka n\u00e1vinu cca 4,5 m<\/span><\/div>\n<\/table>\n","protected":false},"excerpt":{"rendered":"<p>kulat\u00e1 struna 2,0mmhranat\u00e1 struna 2,4 mm d\u00e9lka n\u00e1vinu cca 4,5 m<\/p>\n","protected":false},"featured_media":59090,"comment_status":"open","ping_status":"open","template":"","meta":[],"product_brand":[],"product_cat":[33],"product_tag":[],"class_list":{"0":"post-58990","1":"product","2":"type-product","3":"status-publish","4":"has-post-thumbnail","6":"product_cat-zahrada","8":"first","9":"instock","10":"sale","11":"shipping-taxable","12":"purchasable","13":"product-type-simple"},"yoast_head":"<!-- This site is optimized with the Yoast SEO plugin v26.8 - https:\/\/yoast.com\/product\/yoast-seo-wordpress\/ -->\n<title>Zna\u010dkov\u00fd 2 strunov\u00e1 hlava Tap&amp;Go pro MS-260U -<\/title>\n<meta name=\"robots\" content=\"index, follow, max-snippet:-1, max-image-preview:large, max-video-preview:-1\" \/>\n<link rel=\"canonical\" href=\"https:\/\/www.oknobuild.com\/index.php\/produkt\/znackovy-2-strunova-hlava-tap-amp-go-pro-ms-260u-58990\/\" \/>\n<meta property=\"og:locale\" content=\"cs_CZ\" \/>\n<meta property=\"og:type\" content=\"article\" \/>\n<meta property=\"og:title\" content=\"Zna\u010dkov\u00fd 2 strunov\u00e1 hlava Tap&amp;Go pro MS-260U -\" \/>\n<meta property=\"og:description\" content=\"kulat\u00e1 struna 2,0mmhranat\u00e1 struna 2,4 mm d\u00e9lka n\u00e1vinu cca 4,5 m\" \/>\n<meta property=\"og:url\" content=\"https:\/\/www.oknobuild.com\/index.php\/produkt\/znackovy-2-strunova-hlava-tap-amp-go-pro-ms-260u-58990\/\" \/>\n<meta property=\"og:image\" content=\"https:\/\/www.oknobuild.com\/wp-content\/uploads\/2026\/SK0022032-CZ20260425-092328-0-1777080210-m_22565.webp\" \/>\n\t<meta property=\"og:image:width\" content=\"300\" \/>\n\t<meta property=\"og:image:height\" content=\"300\" \/>\n\t<meta property=\"og:image:type\" content=\"image\/webp\" \/>\n<meta name=\"twitter:card\" content=\"summary_large_image\" \/>\n<script type=\"application\/ld+json\" class=\"yoast-schema-graph\">{\"@context\":\"https:\/\/schema.org\",\"@graph\":[{\"@type\":\"WebPage\",\"@id\":\"https:\/\/www.oknobuild.com\/index.php\/produkt\/znackovy-2-strunova-hlava-tap-amp-go-pro-ms-260u-58990\/\",\"url\":\"https:\/\/www.oknobuild.com\/index.php\/produkt\/znackovy-2-strunova-hlava-tap-amp-go-pro-ms-260u-58990\/\",\"name\":\"Zna\u010dkov\u00fd 2 strunov\u00e1 hlava Tap&amp;Go pro MS-260U -\",\"isPartOf\":{\"@id\":\"https:\/\/www.oknobuild.com\/#website\"},\"primaryImageOfPage\":{\"@id\":\"https:\/\/www.oknobuild.com\/index.php\/produkt\/znackovy-2-strunova-hlava-tap-amp-go-pro-ms-260u-58990\/#primaryimage\"},\"image\":{\"@id\":\"https:\/\/www.oknobuild.com\/index.php\/produkt\/znackovy-2-strunova-hlava-tap-amp-go-pro-ms-260u-58990\/#primaryimage\"},\"thumbnailUrl\":\"https:\/\/www.oknobuild.com\/wp-content\/uploads\/2026\/SK0022032-CZ20260425-092328-0-1777080210-m_22565.webp\",\"datePublished\":\"2026-04-27T04:43:12+00:00\",\"breadcrumb\":{\"@id\":\"https:\/\/www.oknobuild.com\/index.php\/produkt\/znackovy-2-strunova-hlava-tap-amp-go-pro-ms-260u-58990\/#breadcrumb\"},\"inLanguage\":\"cs\",\"potentialAction\":[{\"@type\":\"ReadAction\",\"target\":[\"https:\/\/www.oknobuild.com\/index.php\/produkt\/znackovy-2-strunova-hlava-tap-amp-go-pro-ms-260u-58990\/\"]}]},{\"@type\":\"ImageObject\",\"inLanguage\":\"cs\",\"@id\":\"https:\/\/www.oknobuild.com\/index.php\/produkt\/znackovy-2-strunova-hlava-tap-amp-go-pro-ms-260u-58990\/#primaryimage\",\"url\":\"https:\/\/www.oknobuild.com\/wp-content\/uploads\/2026\/SK0022032-CZ20260425-092328-0-1777080210-m_22565.webp\",\"contentUrl\":\"https:\/\/www.oknobuild.com\/wp-content\/uploads\/2026\/SK0022032-CZ20260425-092328-0-1777080210-m_22565.webp\",\"width\":300,\"height\":300},{\"@type\":\"BreadcrumbList\",\"@id\":\"https:\/\/www.oknobuild.com\/index.php\/produkt\/znackovy-2-strunova-hlava-tap-amp-go-pro-ms-260u-58990\/#breadcrumb\",\"itemListElement\":[{\"@type\":\"ListItem\",\"position\":1,\"name\":\"Home\",\"item\":\"https:\/\/www.oknobuild.com\/\"},{\"@type\":\"ListItem\",\"position\":2,\"name\":\"Products\",\"item\":\"https:\/\/www.oknobuild.com\/index.php\/products\/\"},{\"@type\":\"ListItem\",\"position\":3,\"name\":\"Zna\u010dkov\u00fd 2 strunov\u00e1 hlava Tap&amp;Go pro MS-260U\"}]},{\"@type\":\"WebSite\",\"@id\":\"https:\/\/www.oknobuild.com\/#website\",\"url\":\"https:\/\/www.oknobuild.com\/\",\"name\":\"\",\"description\":\"\",\"potentialAction\":[{\"@type\":\"SearchAction\",\"target\":{\"@type\":\"EntryPoint\",\"urlTemplate\":\"https:\/\/www.oknobuild.com\/?s={search_term_string}\"},\"query-input\":{\"@type\":\"PropertyValueSpecification\",\"valueRequired\":true,\"valueName\":\"search_term_string\"}}],\"inLanguage\":\"cs\"}]}<\/script>\n<!-- \/ Yoast SEO plugin. -->","yoast_head_json":{"title":"Zna\u010dkov\u00fd 2 strunov\u00e1 hlava Tap&amp;Go pro MS-260U -","robots":{"index":"index","follow":"follow","max-snippet":"max-snippet:-1","max-image-preview":"max-image-preview:large","max-video-preview":"max-video-preview:-1"},"canonical":"https:\/\/www.oknobuild.com\/index.php\/produkt\/znackovy-2-strunova-hlava-tap-amp-go-pro-ms-260u-58990\/","og_locale":"cs_CZ","og_type":"article","og_title":"Zna\u010dkov\u00fd 2 strunov\u00e1 hlava Tap&amp;Go pro MS-260U -","og_description":"kulat\u00e1 struna 2,0mmhranat\u00e1 struna 2,4 mm d\u00e9lka n\u00e1vinu cca 4,5 m","og_url":"https:\/\/www.oknobuild.com\/index.php\/produkt\/znackovy-2-strunova-hlava-tap-amp-go-pro-ms-260u-58990\/","og_image":[{"width":300,"height":300,"url":"https:\/\/www.oknobuild.com\/wp-content\/uploads\/2026\/SK0022032-CZ20260425-092328-0-1777080210-m_22565.webp","type":"image\/webp"}],"twitter_card":"summary_large_image","schema":{"@context":"https:\/\/schema.org","@graph":[{"@type":"WebPage","@id":"https:\/\/www.oknobuild.com\/index.php\/produkt\/znackovy-2-strunova-hlava-tap-amp-go-pro-ms-260u-58990\/","url":"https:\/\/www.oknobuild.com\/index.php\/produkt\/znackovy-2-strunova-hlava-tap-amp-go-pro-ms-260u-58990\/","name":"Zna\u010dkov\u00fd 2 strunov\u00e1 hlava Tap&amp;Go pro MS-260U -","isPartOf":{"@id":"https:\/\/www.oknobuild.com\/#website"},"primaryImageOfPage":{"@id":"https:\/\/www.oknobuild.com\/index.php\/produkt\/znackovy-2-strunova-hlava-tap-amp-go-pro-ms-260u-58990\/#primaryimage"},"image":{"@id":"https:\/\/www.oknobuild.com\/index.php\/produkt\/znackovy-2-strunova-hlava-tap-amp-go-pro-ms-260u-58990\/#primaryimage"},"thumbnailUrl":"https:\/\/www.oknobuild.com\/wp-content\/uploads\/2026\/SK0022032-CZ20260425-092328-0-1777080210-m_22565.webp","datePublished":"2026-04-27T04:43:12+00:00","breadcrumb":{"@id":"https:\/\/www.oknobuild.com\/index.php\/produkt\/znackovy-2-strunova-hlava-tap-amp-go-pro-ms-260u-58990\/#breadcrumb"},"inLanguage":"cs","potentialAction":[{"@type":"ReadAction","target":["https:\/\/www.oknobuild.com\/index.php\/produkt\/znackovy-2-strunova-hlava-tap-amp-go-pro-ms-260u-58990\/"]}]},{"@type":"ImageObject","inLanguage":"cs","@id":"https:\/\/www.oknobuild.com\/index.php\/produkt\/znackovy-2-strunova-hlava-tap-amp-go-pro-ms-260u-58990\/#primaryimage","url":"https:\/\/www.oknobuild.com\/wp-content\/uploads\/2026\/SK0022032-CZ20260425-092328-0-1777080210-m_22565.webp","contentUrl":"https:\/\/www.oknobuild.com\/wp-content\/uploads\/2026\/SK0022032-CZ20260425-092328-0-1777080210-m_22565.webp","width":300,"height":300},{"@type":"BreadcrumbList","@id":"https:\/\/www.oknobuild.com\/index.php\/produkt\/znackovy-2-strunova-hlava-tap-amp-go-pro-ms-260u-58990\/#breadcrumb","itemListElement":[{"@type":"ListItem","position":1,"name":"Home","item":"https:\/\/www.oknobuild.com\/"},{"@type":"ListItem","position":2,"name":"Products","item":"https:\/\/www.oknobuild.com\/index.php\/products\/"},{"@type":"ListItem","position":3,"name":"Zna\u010dkov\u00fd 2 strunov\u00e1 hlava Tap&amp;Go pro MS-260U"}]},{"@type":"WebSite","@id":"https:\/\/www.oknobuild.com\/#website","url":"https:\/\/www.oknobuild.com\/","name":"","description":"","potentialAction":[{"@type":"SearchAction","target":{"@type":"EntryPoint","urlTemplate":"https:\/\/www.oknobuild.com\/?s={search_term_string}"},"query-input":{"@type":"PropertyValueSpecification","valueRequired":true,"valueName":"search_term_string"}}],"inLanguage":"cs"}]}},"_links":{"self":[{"href":"https:\/\/www.oknobuild.com\/index.php\/wp-json\/wp\/v2\/product\/58990","targetHints":{"allow":["GET"]}}],"collection":[{"href":"https:\/\/www.oknobuild.com\/index.php\/wp-json\/wp\/v2\/product"}],"about":[{"href":"https:\/\/www.oknobuild.com\/index.php\/wp-json\/wp\/v2\/types\/product"}],"replies":[{"embeddable":true,"href":"https:\/\/www.oknobuild.com\/index.php\/wp-json\/wp\/v2\/comments?post=58990"}],"wp:featuredmedia":[{"embeddable":true,"href":"https:\/\/www.oknobuild.com\/index.php\/wp-json\/wp\/v2\/media\/59090"}],"wp:attachment":[{"href":"https:\/\/www.oknobuild.com\/index.php\/wp-json\/wp\/v2\/media?parent=58990"}],"wp:term":[{"taxonomy":"product_brand","embeddable":true,"href":"https:\/\/www.oknobuild.com\/index.php\/wp-json\/wp\/v2\/product_brand?post=58990"},{"taxonomy":"product_cat","embeddable":true,"href":"https:\/\/www.oknobuild.com\/index.php\/wp-json\/wp\/v2\/product_cat?post=58990"},{"taxonomy":"product_tag","embeddable":true,"href":"https:\/\/www.oknobuild.com\/index.php\/wp-json\/wp\/v2\/product_tag?post=58990"}],"curies":[{"name":"wp","href":"https:\/\/api.w.org\/{rel}","templated":true}]}}