{"id":59117,"date":"2026-04-27T04:43:12","date_gmt":"2026-04-27T04:43:12","guid":{"rendered":""},"modified":"2026-04-27T04:43:12","modified_gmt":"2026-04-27T04:43:12","slug":"akce-proxxon-29084-brusny-kotouc-vlnky-k-2500-30mm-59117","status":"publish","type":"product","link":"https:\/\/www.oknobuild.com\/index.php\/produkt\/akce-proxxon-29084-brusny-kotouc-vlnky-k-2500-30mm-59117\/","title":{"rendered":"Akce PROXXON 29084 Brusn\u00fd kotou\u010d vlnky K 2500 30mm"},"content":{"rendered":"<table>\n<div class=\"tab-pane active product-description\" id=\"popis\" role=\"tabpanel\">\n<div class=\"short-description\" itemprop=\"description\"><\/div>\n<div class=\"description\"><span class='bullet-line'>P\u0159\u00edslu\u0161enstv\u00ed pro le\u0161ti\u010dky WP\/E, WP\/A, EP\/E, EP\/A<br \/><\/span><span class='bullet-line'>Brusn\u00fd kotou\u010d velmi jemn\u00fd, hrubost K 2500. <br \/><\/span><span class='bullet-line'>Z karbidu k\u0159em\u00edku. <br \/><\/span><span class='bullet-line'>Pro dokon\u010dovac\u00ed pr\u00e1ce u lakov\u00e1n\u00ed. <br \/><\/span><span class='bullet-line'>Ur\u010den\u00e9 pro odstran\u011bn\u00ed lak\u016f a inkluz\u00ed, pro p\u0159ebrou\u0161en\u00ed fin\u00e1ln\u00ed barvy zejm\u00e9na v automobilov\u00e9m odv\u011btv\u00ed. <br \/><\/span><span class='bullet-line'>Se such\u00fdm zipem.<\/span><\/div>\n<div class=\"parameters\">\n<tr>\n<td>Pr\u016fm\u011br<\/td>\n<td>\u00d8 30 mm.<\/td>\n<\/tr><\/div>\n<\/table>\n","protected":false},"excerpt":{"rendered":"<p>P\u0159\u00edslu\u0161enstv\u00ed pro le\u0161ti\u010dky WP\/E, WP\/A, EP\/E, EP\/ABrusn\u00fd kotou\u010d velmi jemn\u00fd, hrubost K 2500. Z karbidu k\u0159em\u00edku. Pro dokon\u010dovac\u00ed pr\u00e1ce u lakov\u00e1n\u00ed. Ur\u010den\u00e9 pro odstran\u011bn\u00ed lak\u016f a inkluz\u00ed, pro p\u0159ebrou\u0161en\u00ed fin\u00e1ln\u00ed barvy zejm\u00e9na v automobilov\u00e9m odv\u011btv\u00ed. Se such\u00fdm zipem. Pr\u016fm\u011br \u00d8 30 mm.<\/p>\n","protected":false},"featured_media":59217,"comment_status":"open","ping_status":"open","template":"","meta":[],"product_brand":[],"product_cat":[41],"product_tag":[],"class_list":{"0":"post-59117","1":"product","2":"type-product","3":"status-publish","4":"has-post-thumbnail","6":"product_cat-naradi","8":"first","9":"instock","10":"sale","11":"shipping-taxable","12":"purchasable","13":"product-type-simple"},"yoast_head":"<!-- This site is optimized with the Yoast SEO plugin v26.8 - https:\/\/yoast.com\/product\/yoast-seo-wordpress\/ -->\n<title>Akce PROXXON 29084 Brusn\u00fd kotou\u010d vlnky K 2500 30mm -<\/title>\n<meta name=\"robots\" content=\"index, follow, max-snippet:-1, max-image-preview:large, max-video-preview:-1\" \/>\n<link rel=\"canonical\" href=\"https:\/\/www.oknobuild.com\/index.php\/produkt\/akce-proxxon-29084-brusny-kotouc-vlnky-k-2500-30mm-59117\/\" \/>\n<meta property=\"og:locale\" content=\"cs_CZ\" \/>\n<meta property=\"og:type\" content=\"article\" \/>\n<meta property=\"og:title\" content=\"Akce PROXXON 29084 Brusn\u00fd kotou\u010d vlnky K 2500 30mm -\" \/>\n<meta property=\"og:description\" content=\"P\u0159\u00edslu\u0161enstv\u00ed pro le\u0161ti\u010dky WP\/E, WP\/A, EP\/E, EP\/ABrusn\u00fd kotou\u010d velmi jemn\u00fd, hrubost K 2500. Z karbidu k\u0159em\u00edku. Pro dokon\u010dovac\u00ed pr\u00e1ce u lakov\u00e1n\u00ed. Ur\u010den\u00e9 pro odstran\u011bn\u00ed lak\u016f a inkluz\u00ed, pro p\u0159ebrou\u0161en\u00ed fin\u00e1ln\u00ed barvy zejm\u00e9na v automobilov\u00e9m odv\u011btv\u00ed. Se such\u00fdm zipem. Pr\u016fm\u011br \u00d8 30 mm.\" \/>\n<meta property=\"og:url\" content=\"https:\/\/www.oknobuild.com\/index.php\/produkt\/akce-proxxon-29084-brusny-kotouc-vlnky-k-2500-30mm-59117\/\" \/>\n<meta property=\"og:image\" content=\"https:\/\/www.oknobuild.com\/wp-content\/uploads\/2026\/SK0022061-CZ20260425-092328-0-1777080210-765304.webp\" \/>\n\t<meta property=\"og:image:width\" content=\"700\" \/>\n\t<meta property=\"og:image:height\" content=\"683\" \/>\n\t<meta property=\"og:image:type\" content=\"image\/webp\" \/>\n<meta name=\"twitter:card\" content=\"summary_large_image\" \/>\n<script type=\"application\/ld+json\" class=\"yoast-schema-graph\">{\"@context\":\"https:\/\/schema.org\",\"@graph\":[{\"@type\":\"WebPage\",\"@id\":\"https:\/\/www.oknobuild.com\/index.php\/produkt\/akce-proxxon-29084-brusny-kotouc-vlnky-k-2500-30mm-59117\/\",\"url\":\"https:\/\/www.oknobuild.com\/index.php\/produkt\/akce-proxxon-29084-brusny-kotouc-vlnky-k-2500-30mm-59117\/\",\"name\":\"Akce PROXXON 29084 Brusn\u00fd kotou\u010d vlnky K 2500 30mm -\",\"isPartOf\":{\"@id\":\"https:\/\/www.oknobuild.com\/#website\"},\"primaryImageOfPage\":{\"@id\":\"https:\/\/www.oknobuild.com\/index.php\/produkt\/akce-proxxon-29084-brusny-kotouc-vlnky-k-2500-30mm-59117\/#primaryimage\"},\"image\":{\"@id\":\"https:\/\/www.oknobuild.com\/index.php\/produkt\/akce-proxxon-29084-brusny-kotouc-vlnky-k-2500-30mm-59117\/#primaryimage\"},\"thumbnailUrl\":\"https:\/\/www.oknobuild.com\/wp-content\/uploads\/2026\/SK0022061-CZ20260425-092328-0-1777080210-765304.webp\",\"datePublished\":\"2026-04-27T04:43:12+00:00\",\"breadcrumb\":{\"@id\":\"https:\/\/www.oknobuild.com\/index.php\/produkt\/akce-proxxon-29084-brusny-kotouc-vlnky-k-2500-30mm-59117\/#breadcrumb\"},\"inLanguage\":\"cs\",\"potentialAction\":[{\"@type\":\"ReadAction\",\"target\":[\"https:\/\/www.oknobuild.com\/index.php\/produkt\/akce-proxxon-29084-brusny-kotouc-vlnky-k-2500-30mm-59117\/\"]}]},{\"@type\":\"ImageObject\",\"inLanguage\":\"cs\",\"@id\":\"https:\/\/www.oknobuild.com\/index.php\/produkt\/akce-proxxon-29084-brusny-kotouc-vlnky-k-2500-30mm-59117\/#primaryimage\",\"url\":\"https:\/\/www.oknobuild.com\/wp-content\/uploads\/2026\/SK0022061-CZ20260425-092328-0-1777080210-765304.webp\",\"contentUrl\":\"https:\/\/www.oknobuild.com\/wp-content\/uploads\/2026\/SK0022061-CZ20260425-092328-0-1777080210-765304.webp\",\"width\":700,\"height\":683},{\"@type\":\"BreadcrumbList\",\"@id\":\"https:\/\/www.oknobuild.com\/index.php\/produkt\/akce-proxxon-29084-brusny-kotouc-vlnky-k-2500-30mm-59117\/#breadcrumb\",\"itemListElement\":[{\"@type\":\"ListItem\",\"position\":1,\"name\":\"Home\",\"item\":\"https:\/\/www.oknobuild.com\/\"},{\"@type\":\"ListItem\",\"position\":2,\"name\":\"Products\",\"item\":\"https:\/\/www.oknobuild.com\/index.php\/products\/\"},{\"@type\":\"ListItem\",\"position\":3,\"name\":\"Akce PROXXON 29084 Brusn\u00fd kotou\u010d vlnky K 2500 30mm\"}]},{\"@type\":\"WebSite\",\"@id\":\"https:\/\/www.oknobuild.com\/#website\",\"url\":\"https:\/\/www.oknobuild.com\/\",\"name\":\"\",\"description\":\"\",\"potentialAction\":[{\"@type\":\"SearchAction\",\"target\":{\"@type\":\"EntryPoint\",\"urlTemplate\":\"https:\/\/www.oknobuild.com\/?s={search_term_string}\"},\"query-input\":{\"@type\":\"PropertyValueSpecification\",\"valueRequired\":true,\"valueName\":\"search_term_string\"}}],\"inLanguage\":\"cs\"}]}<\/script>\n<!-- \/ Yoast SEO plugin. -->","yoast_head_json":{"title":"Akce PROXXON 29084 Brusn\u00fd kotou\u010d vlnky K 2500 30mm -","robots":{"index":"index","follow":"follow","max-snippet":"max-snippet:-1","max-image-preview":"max-image-preview:large","max-video-preview":"max-video-preview:-1"},"canonical":"https:\/\/www.oknobuild.com\/index.php\/produkt\/akce-proxxon-29084-brusny-kotouc-vlnky-k-2500-30mm-59117\/","og_locale":"cs_CZ","og_type":"article","og_title":"Akce PROXXON 29084 Brusn\u00fd kotou\u010d vlnky K 2500 30mm -","og_description":"P\u0159\u00edslu\u0161enstv\u00ed pro le\u0161ti\u010dky WP\/E, WP\/A, EP\/E, EP\/ABrusn\u00fd kotou\u010d velmi jemn\u00fd, hrubost K 2500. Z karbidu k\u0159em\u00edku. Pro dokon\u010dovac\u00ed pr\u00e1ce u lakov\u00e1n\u00ed. Ur\u010den\u00e9 pro odstran\u011bn\u00ed lak\u016f a inkluz\u00ed, pro p\u0159ebrou\u0161en\u00ed fin\u00e1ln\u00ed barvy zejm\u00e9na v automobilov\u00e9m odv\u011btv\u00ed. Se such\u00fdm zipem. Pr\u016fm\u011br \u00d8 30 mm.","og_url":"https:\/\/www.oknobuild.com\/index.php\/produkt\/akce-proxxon-29084-brusny-kotouc-vlnky-k-2500-30mm-59117\/","og_image":[{"width":700,"height":683,"url":"https:\/\/www.oknobuild.com\/wp-content\/uploads\/2026\/SK0022061-CZ20260425-092328-0-1777080210-765304.webp","type":"image\/webp"}],"twitter_card":"summary_large_image","schema":{"@context":"https:\/\/schema.org","@graph":[{"@type":"WebPage","@id":"https:\/\/www.oknobuild.com\/index.php\/produkt\/akce-proxxon-29084-brusny-kotouc-vlnky-k-2500-30mm-59117\/","url":"https:\/\/www.oknobuild.com\/index.php\/produkt\/akce-proxxon-29084-brusny-kotouc-vlnky-k-2500-30mm-59117\/","name":"Akce PROXXON 29084 Brusn\u00fd kotou\u010d vlnky K 2500 30mm -","isPartOf":{"@id":"https:\/\/www.oknobuild.com\/#website"},"primaryImageOfPage":{"@id":"https:\/\/www.oknobuild.com\/index.php\/produkt\/akce-proxxon-29084-brusny-kotouc-vlnky-k-2500-30mm-59117\/#primaryimage"},"image":{"@id":"https:\/\/www.oknobuild.com\/index.php\/produkt\/akce-proxxon-29084-brusny-kotouc-vlnky-k-2500-30mm-59117\/#primaryimage"},"thumbnailUrl":"https:\/\/www.oknobuild.com\/wp-content\/uploads\/2026\/SK0022061-CZ20260425-092328-0-1777080210-765304.webp","datePublished":"2026-04-27T04:43:12+00:00","breadcrumb":{"@id":"https:\/\/www.oknobuild.com\/index.php\/produkt\/akce-proxxon-29084-brusny-kotouc-vlnky-k-2500-30mm-59117\/#breadcrumb"},"inLanguage":"cs","potentialAction":[{"@type":"ReadAction","target":["https:\/\/www.oknobuild.com\/index.php\/produkt\/akce-proxxon-29084-brusny-kotouc-vlnky-k-2500-30mm-59117\/"]}]},{"@type":"ImageObject","inLanguage":"cs","@id":"https:\/\/www.oknobuild.com\/index.php\/produkt\/akce-proxxon-29084-brusny-kotouc-vlnky-k-2500-30mm-59117\/#primaryimage","url":"https:\/\/www.oknobuild.com\/wp-content\/uploads\/2026\/SK0022061-CZ20260425-092328-0-1777080210-765304.webp","contentUrl":"https:\/\/www.oknobuild.com\/wp-content\/uploads\/2026\/SK0022061-CZ20260425-092328-0-1777080210-765304.webp","width":700,"height":683},{"@type":"BreadcrumbList","@id":"https:\/\/www.oknobuild.com\/index.php\/produkt\/akce-proxxon-29084-brusny-kotouc-vlnky-k-2500-30mm-59117\/#breadcrumb","itemListElement":[{"@type":"ListItem","position":1,"name":"Home","item":"https:\/\/www.oknobuild.com\/"},{"@type":"ListItem","position":2,"name":"Products","item":"https:\/\/www.oknobuild.com\/index.php\/products\/"},{"@type":"ListItem","position":3,"name":"Akce PROXXON 29084 Brusn\u00fd kotou\u010d vlnky K 2500 30mm"}]},{"@type":"WebSite","@id":"https:\/\/www.oknobuild.com\/#website","url":"https:\/\/www.oknobuild.com\/","name":"","description":"","potentialAction":[{"@type":"SearchAction","target":{"@type":"EntryPoint","urlTemplate":"https:\/\/www.oknobuild.com\/?s={search_term_string}"},"query-input":{"@type":"PropertyValueSpecification","valueRequired":true,"valueName":"search_term_string"}}],"inLanguage":"cs"}]}},"_links":{"self":[{"href":"https:\/\/www.oknobuild.com\/index.php\/wp-json\/wp\/v2\/product\/59117","targetHints":{"allow":["GET"]}}],"collection":[{"href":"https:\/\/www.oknobuild.com\/index.php\/wp-json\/wp\/v2\/product"}],"about":[{"href":"https:\/\/www.oknobuild.com\/index.php\/wp-json\/wp\/v2\/types\/product"}],"replies":[{"embeddable":true,"href":"https:\/\/www.oknobuild.com\/index.php\/wp-json\/wp\/v2\/comments?post=59117"}],"wp:featuredmedia":[{"embeddable":true,"href":"https:\/\/www.oknobuild.com\/index.php\/wp-json\/wp\/v2\/media\/59217"}],"wp:attachment":[{"href":"https:\/\/www.oknobuild.com\/index.php\/wp-json\/wp\/v2\/media?parent=59117"}],"wp:term":[{"taxonomy":"product_brand","embeddable":true,"href":"https:\/\/www.oknobuild.com\/index.php\/wp-json\/wp\/v2\/product_brand?post=59117"},{"taxonomy":"product_cat","embeddable":true,"href":"https:\/\/www.oknobuild.com\/index.php\/wp-json\/wp\/v2\/product_cat?post=59117"},{"taxonomy":"product_tag","embeddable":true,"href":"https:\/\/www.oknobuild.com\/index.php\/wp-json\/wp\/v2\/product_tag?post=59117"}],"curies":[{"name":"wp","href":"https:\/\/api.w.org\/{rel}","templated":true}]}}