{"id":59145,"date":"2026-04-27T04:43:12","date_gmt":"2026-04-27T04:43:12","guid":{"rendered":""},"modified":"2026-04-27T04:43:12","modified_gmt":"2026-04-27T04:43:12","slug":"overeny-gude-gsh-tc-2-svarecska-kukla-automatik-59145","status":"publish","type":"product","link":"https:\/\/www.oknobuild.com\/produkt\/overeny-gude-gsh-tc-2-svarecska-kukla-automatik-59145\/","title":{"rendered":"Ov\u011b\u0159en\u00fd G\u00dcDE GSH-TC-2 Sv\u00e1\u0159e\u010dsk\u00e1 kukla Automatik"},"content":{"rendered":"<table>\n<div class=\"tab-pane active product-description\" id=\"popis\" role=\"tabpanel\">\n<div class=\"short-description\" itemprop=\"description\"><\/div>\n<div class=\"description\">\n<p><span class=\"bullet-line\">Samostm\u00edvac\u00ed sv\u00e1\u0159e\u010dsk\u00e1 maska, ur\u010den\u00e1 k ochran\u011b zraku (hlavy) p\u0159i obloukov\u00e9m sva\u0159ov\u00e1n\u00ed metodami MMA, MIG\/MAG, WIG, FLUX, PAW nebo brou\u0161en\u00ed.<\/span><br \/><span class=\"bullet-line\">Spl\u0148uje bezpe\u010dnostn\u00ed po\u017eadavky na (osobn\u00ed) prost\u0159edky ochrany o\u010d\u00ed a obli\u010deje p\u0159ed \u0161kodliv\u00fdm optick\u00fdm z\u00e1\u0159en\u00edm a dal\u0161\u00edmi riziky p\u0159i sv\u00e1\u0159en\u00ed (\u010cSN EN 175), filtry pro sva\u0159ov\u00e1n\u00ed se sp\u00ednan\u00fdm stupn\u011bm ochrany (\u010cSN EN 379+A1), v souladu s normou \u010cSN EN 166 (v\u0161eobecn\u00e9 funk\u010dn\u00ed n\u00e1roky na prost\u0159edky ochrany zraku).<\/span><br \/><span class=\"bullet-line\">Samostm\u00edvac\u00ed kazeta &#8211; automatick\u00e9 ztmaven\u00ed filtru (DIN 9 a\u017e 13) se zachov\u00e1n\u00edm re\u00e1ln\u00fdch barev vid\u011bn\u00e9ho okoln\u00edho prostoru (TRUE COLOUR).<\/span><br \/><span class=\"bullet-line\">P\u0159esn\u00e9 se\u0159\u00edzen\u00ed citlivosti filtru podle intenzity sv\u011bteln\u00e9ho z\u00e1blesku, nastaven\u00ed prodlevy mezi zhasnut\u00edm oblouku a projasn\u011bn\u00edm zorn\u00edku (a\u017e DIN 4).<\/span><br \/><span class=\"bullet-line\">Konstrukce: sko\u0159epina z odoln\u00e9ho plastu, zorn\u00edk (d x v): 92,5 x 42,5 mm, lithiov\u00e9 baterie (2), \u010deln\u00ed kryc\u00ed sklo, hlavov\u00fd k\u0159\u00ed\u017e s pot\u00edtkem.<\/span><br \/><span class=\"bullet-line\">Celkov\u00e9 rozm\u011bry (d x \u0161 x v): 238 x 238 x 323 mm.<\/span><\/p>\n<\/div>\n<div class=\"parameters\">\n<tr>\n<td>Nap\u00e1jen\u00ed<\/td>\n<td>Sol\u00e1rn\u00ed \u010dl\u00e1nek (baterie)<\/td>\n<\/tr>\n<tr>\n<td>Rychlost zatm\u011bn\u00ed<\/td>\n<td>0,0003 s<\/td>\n<\/tr>\n<tr>\n<td>Stupe\u0148 ztmaven\u00ed<\/td>\n<td>DIN 9 &#8211; 13<\/td>\n<\/tr>\n<tr>\n<td>Hmotnost (brutto)<\/td>\n<td>0,46 kg<\/td>\n<\/tr>\n<tr>\n<td>Klasifikace<\/td>\n<td>1\/1\/1\/2<\/td>\n<\/tr>\n<tr>\n<td>Rychlost zesv\u011btlen\u00ed<\/td>\n<td>0,1 &#8211; 0,8 s<\/td>\n<\/tr>\n<tr>\n<td>Stupe\u0148 prosv\u011btlen\u00ed<\/td>\n<td>DIN 4<\/td>\n<\/tr><\/div>\n<\/table>\n","protected":false},"excerpt":{"rendered":"<p>Samostm\u00edvac\u00ed sv\u00e1\u0159e\u010dsk\u00e1 maska, ur\u010den\u00e1 k ochran\u011b zraku (hlavy) p\u0159i obloukov\u00e9m sva\u0159ov\u00e1n\u00ed metodami MMA, MIG\/MAG, WIG, FLUX, PAW nebo brou\u0161en\u00ed.Spl\u0148uje bezpe\u010dnostn\u00ed po\u017eadavky na (osobn\u00ed) prost\u0159edky ochrany o\u010d\u00ed a obli\u010deje p\u0159ed \u0161kodliv\u00fdm optick\u00fdm z\u00e1\u0159en\u00edm a dal\u0161\u00edmi riziky p\u0159i sv\u00e1\u0159en\u00ed (\u010cSN EN 175), filtry pro sva\u0159ov\u00e1n\u00ed se sp\u00ednan\u00fdm stupn\u011bm ochrany (\u010cSN EN 379+A1), v souladu s normou \u010cSN [&hellip;]<\/p>\n","protected":false},"featured_media":59245,"template":"","meta":[],"product_brand":[],"product_cat":[53],"product_tag":[],"class_list":{"0":"post-59145","1":"product","2":"type-product","3":"status-publish","4":"has-post-thumbnail","6":"product_cat-svareci-technika","8":"first","9":"instock","10":"sale","11":"shipping-taxable","12":"purchasable","13":"product-type-simple"},"yoast_head":"<!-- This site is optimized with the Yoast SEO plugin v26.8 - https:\/\/yoast.com\/product\/yoast-seo-wordpress\/ -->\n<title>Ov\u011b\u0159en\u00fd G\u00dcDE GSH-TC-2 Sv\u00e1\u0159e\u010dsk\u00e1 kukla Automatik - Stavebn\u00ed materi\u00e1ly a vybaven\u00ed dom\u00e1cnosti<\/title>\n<meta name=\"robots\" content=\"index, follow, max-snippet:-1, max-image-preview:large, max-video-preview:-1\" \/>\n<link rel=\"canonical\" href=\"https:\/\/www.oknobuild.com\/index.php\/produkt\/overeny-gude-gsh-tc-2-svarecska-kukla-automatik-59145\/\" \/>\n<meta property=\"og:locale\" content=\"cs_CZ\" \/>\n<meta property=\"og:type\" content=\"article\" \/>\n<meta property=\"og:title\" content=\"Ov\u011b\u0159en\u00fd G\u00dcDE GSH-TC-2 Sv\u00e1\u0159e\u010dsk\u00e1 kukla Automatik - Stavebn\u00ed materi\u00e1ly a vybaven\u00ed dom\u00e1cnosti\" \/>\n<meta property=\"og:description\" content=\"Samostm\u00edvac\u00ed sv\u00e1\u0159e\u010dsk\u00e1 maska, ur\u010den\u00e1 k ochran\u011b zraku (hlavy) p\u0159i obloukov\u00e9m sva\u0159ov\u00e1n\u00ed metodami MMA, MIG\/MAG, WIG, FLUX, PAW nebo brou\u0161en\u00ed.Spl\u0148uje bezpe\u010dnostn\u00ed po\u017eadavky na (osobn\u00ed) prost\u0159edky ochrany o\u010d\u00ed a obli\u010deje p\u0159ed \u0161kodliv\u00fdm optick\u00fdm z\u00e1\u0159en\u00edm a dal\u0161\u00edmi riziky p\u0159i sv\u00e1\u0159en\u00ed (\u010cSN EN 175), filtry pro sva\u0159ov\u00e1n\u00ed se sp\u00ednan\u00fdm stupn\u011bm ochrany (\u010cSN EN 379+A1), v souladu s normou \u010cSN [&hellip;]\" \/>\n<meta property=\"og:url\" content=\"https:\/\/www.oknobuild.com\/index.php\/produkt\/overeny-gude-gsh-tc-2-svarecska-kukla-automatik-59145\/\" \/>\n<meta property=\"og:site_name\" content=\"Stavebn\u00ed materi\u00e1ly a vybaven\u00ed dom\u00e1cnosti\" \/>\n<meta property=\"og:image\" content=\"https:\/\/www.oknobuild.com\/wp-content\/uploads\/2026\/SK0022089-CZ20260425-092328-0-1777080210-vystrizekc.webp\" \/>\n\t<meta property=\"og:image:width\" content=\"682\" \/>\n\t<meta property=\"og:image:height\" content=\"699\" \/>\n\t<meta property=\"og:image:type\" content=\"image\/webp\" \/>\n<meta name=\"twitter:card\" content=\"summary_large_image\" \/>\n<meta name=\"twitter:label1\" content=\"Odhadovan\u00e1 doba \u010dten\u00ed\" \/>\n\t<meta name=\"twitter:data1\" content=\"1 minuta\" \/>\n<script type=\"application\/ld+json\" class=\"yoast-schema-graph\">{\"@context\":\"https:\/\/schema.org\",\"@graph\":[{\"@type\":\"WebPage\",\"@id\":\"https:\/\/www.oknobuild.com\/index.php\/produkt\/overeny-gude-gsh-tc-2-svarecska-kukla-automatik-59145\/\",\"url\":\"https:\/\/www.oknobuild.com\/index.php\/produkt\/overeny-gude-gsh-tc-2-svarecska-kukla-automatik-59145\/\",\"name\":\"Ov\u011b\u0159en\u00fd G\u00dcDE GSH-TC-2 Sv\u00e1\u0159e\u010dsk\u00e1 kukla Automatik - Stavebn\u00ed materi\u00e1ly a vybaven\u00ed dom\u00e1cnosti\",\"isPartOf\":{\"@id\":\"https:\/\/www.oknobuild.com\/#website\"},\"primaryImageOfPage\":{\"@id\":\"https:\/\/www.oknobuild.com\/index.php\/produkt\/overeny-gude-gsh-tc-2-svarecska-kukla-automatik-59145\/#primaryimage\"},\"image\":{\"@id\":\"https:\/\/www.oknobuild.com\/index.php\/produkt\/overeny-gude-gsh-tc-2-svarecska-kukla-automatik-59145\/#primaryimage\"},\"thumbnailUrl\":\"https:\/\/www.oknobuild.com\/wp-content\/uploads\/2026\/SK0022089-CZ20260425-092328-0-1777080210-vystrizekc.webp\",\"datePublished\":\"2026-04-27T04:43:12+00:00\",\"breadcrumb\":{\"@id\":\"https:\/\/www.oknobuild.com\/index.php\/produkt\/overeny-gude-gsh-tc-2-svarecska-kukla-automatik-59145\/#breadcrumb\"},\"inLanguage\":\"cs\",\"potentialAction\":[{\"@type\":\"ReadAction\",\"target\":[\"https:\/\/www.oknobuild.com\/index.php\/produkt\/overeny-gude-gsh-tc-2-svarecska-kukla-automatik-59145\/\"]}]},{\"@type\":\"ImageObject\",\"inLanguage\":\"cs\",\"@id\":\"https:\/\/www.oknobuild.com\/index.php\/produkt\/overeny-gude-gsh-tc-2-svarecska-kukla-automatik-59145\/#primaryimage\",\"url\":\"https:\/\/www.oknobuild.com\/wp-content\/uploads\/2026\/SK0022089-CZ20260425-092328-0-1777080210-vystrizekc.webp\",\"contentUrl\":\"https:\/\/www.oknobuild.com\/wp-content\/uploads\/2026\/SK0022089-CZ20260425-092328-0-1777080210-vystrizekc.webp\",\"width\":682,\"height\":699},{\"@type\":\"BreadcrumbList\",\"@id\":\"https:\/\/www.oknobuild.com\/index.php\/produkt\/overeny-gude-gsh-tc-2-svarecska-kukla-automatik-59145\/#breadcrumb\",\"itemListElement\":[{\"@type\":\"ListItem\",\"position\":1,\"name\":\"Home\",\"item\":\"https:\/\/www.oknobuild.com\/\"},{\"@type\":\"ListItem\",\"position\":2,\"name\":\"Products\",\"item\":\"https:\/\/www.oknobuild.com\/products\/\"},{\"@type\":\"ListItem\",\"position\":3,\"name\":\"Ov\u011b\u0159en\u00fd G\u00dcDE GSH-TC-2 Sv\u00e1\u0159e\u010dsk\u00e1 kukla Automatik\"}]},{\"@type\":\"WebSite\",\"@id\":\"https:\/\/www.oknobuild.com\/#website\",\"url\":\"https:\/\/www.oknobuild.com\/\",\"name\":\"Stavebn\u00ed materi\u00e1ly a vybaven\u00ed dom\u00e1cnosti\",\"description\":\"Stavebn\u00ed materi\u00e1ly a vybaven\u00ed dom\u00e1cnosti\",\"publisher\":{\"@id\":\"https:\/\/www.oknobuild.com\/#organization\"},\"potentialAction\":[{\"@type\":\"SearchAction\",\"target\":{\"@type\":\"EntryPoint\",\"urlTemplate\":\"https:\/\/www.oknobuild.com\/?s={search_term_string}\"},\"query-input\":{\"@type\":\"PropertyValueSpecification\",\"valueRequired\":true,\"valueName\":\"search_term_string\"}}],\"inLanguage\":\"cs\"},{\"@type\":\"Organization\",\"@id\":\"https:\/\/www.oknobuild.com\/#organization\",\"name\":\"Stavebn\u00ed materi\u00e1ly a vybaven\u00ed dom\u00e1cnosti\",\"url\":\"https:\/\/www.oknobuild.com\/\",\"logo\":{\"@type\":\"ImageObject\",\"inLanguage\":\"cs\",\"@id\":\"https:\/\/www.oknobuild.com\/#\/schema\/logo\/image\/\",\"url\":\"https:\/\/www.oknobuild.com\/wp-content\/uploads\/2026\/04\/oknobuild_logo.svg\",\"contentUrl\":\"https:\/\/www.oknobuild.com\/wp-content\/uploads\/2026\/04\/oknobuild_logo.svg\",\"width\":720,\"height\":180,\"caption\":\"Stavebn\u00ed materi\u00e1ly a vybaven\u00ed dom\u00e1cnosti\"},\"image\":{\"@id\":\"https:\/\/www.oknobuild.com\/#\/schema\/logo\/image\/\"}}]}<\/script>\n<!-- \/ Yoast SEO plugin. -->","yoast_head_json":{"title":"Ov\u011b\u0159en\u00fd G\u00dcDE GSH-TC-2 Sv\u00e1\u0159e\u010dsk\u00e1 kukla Automatik - Stavebn\u00ed materi\u00e1ly a vybaven\u00ed dom\u00e1cnosti","robots":{"index":"index","follow":"follow","max-snippet":"max-snippet:-1","max-image-preview":"max-image-preview:large","max-video-preview":"max-video-preview:-1"},"canonical":"https:\/\/www.oknobuild.com\/index.php\/produkt\/overeny-gude-gsh-tc-2-svarecska-kukla-automatik-59145\/","og_locale":"cs_CZ","og_type":"article","og_title":"Ov\u011b\u0159en\u00fd G\u00dcDE GSH-TC-2 Sv\u00e1\u0159e\u010dsk\u00e1 kukla Automatik - Stavebn\u00ed materi\u00e1ly a vybaven\u00ed dom\u00e1cnosti","og_description":"Samostm\u00edvac\u00ed sv\u00e1\u0159e\u010dsk\u00e1 maska, ur\u010den\u00e1 k ochran\u011b zraku (hlavy) p\u0159i obloukov\u00e9m sva\u0159ov\u00e1n\u00ed metodami MMA, MIG\/MAG, WIG, FLUX, PAW nebo brou\u0161en\u00ed.Spl\u0148uje bezpe\u010dnostn\u00ed po\u017eadavky na (osobn\u00ed) prost\u0159edky ochrany o\u010d\u00ed a obli\u010deje p\u0159ed \u0161kodliv\u00fdm optick\u00fdm z\u00e1\u0159en\u00edm a dal\u0161\u00edmi riziky p\u0159i sv\u00e1\u0159en\u00ed (\u010cSN EN 175), filtry pro sva\u0159ov\u00e1n\u00ed se sp\u00ednan\u00fdm stupn\u011bm ochrany (\u010cSN EN 379+A1), v souladu s normou \u010cSN [&hellip;]","og_url":"https:\/\/www.oknobuild.com\/index.php\/produkt\/overeny-gude-gsh-tc-2-svarecska-kukla-automatik-59145\/","og_site_name":"Stavebn\u00ed materi\u00e1ly a vybaven\u00ed dom\u00e1cnosti","og_image":[{"width":682,"height":699,"url":"https:\/\/www.oknobuild.com\/wp-content\/uploads\/2026\/SK0022089-CZ20260425-092328-0-1777080210-vystrizekc.webp","type":"image\/webp"}],"twitter_card":"summary_large_image","twitter_misc":{"Odhadovan\u00e1 doba \u010dten\u00ed":"1 minuta"},"schema":{"@context":"https:\/\/schema.org","@graph":[{"@type":"WebPage","@id":"https:\/\/www.oknobuild.com\/index.php\/produkt\/overeny-gude-gsh-tc-2-svarecska-kukla-automatik-59145\/","url":"https:\/\/www.oknobuild.com\/index.php\/produkt\/overeny-gude-gsh-tc-2-svarecska-kukla-automatik-59145\/","name":"Ov\u011b\u0159en\u00fd G\u00dcDE GSH-TC-2 Sv\u00e1\u0159e\u010dsk\u00e1 kukla Automatik - Stavebn\u00ed materi\u00e1ly a vybaven\u00ed dom\u00e1cnosti","isPartOf":{"@id":"https:\/\/www.oknobuild.com\/#website"},"primaryImageOfPage":{"@id":"https:\/\/www.oknobuild.com\/index.php\/produkt\/overeny-gude-gsh-tc-2-svarecska-kukla-automatik-59145\/#primaryimage"},"image":{"@id":"https:\/\/www.oknobuild.com\/index.php\/produkt\/overeny-gude-gsh-tc-2-svarecska-kukla-automatik-59145\/#primaryimage"},"thumbnailUrl":"https:\/\/www.oknobuild.com\/wp-content\/uploads\/2026\/SK0022089-CZ20260425-092328-0-1777080210-vystrizekc.webp","datePublished":"2026-04-27T04:43:12+00:00","breadcrumb":{"@id":"https:\/\/www.oknobuild.com\/index.php\/produkt\/overeny-gude-gsh-tc-2-svarecska-kukla-automatik-59145\/#breadcrumb"},"inLanguage":"cs","potentialAction":[{"@type":"ReadAction","target":["https:\/\/www.oknobuild.com\/index.php\/produkt\/overeny-gude-gsh-tc-2-svarecska-kukla-automatik-59145\/"]}]},{"@type":"ImageObject","inLanguage":"cs","@id":"https:\/\/www.oknobuild.com\/index.php\/produkt\/overeny-gude-gsh-tc-2-svarecska-kukla-automatik-59145\/#primaryimage","url":"https:\/\/www.oknobuild.com\/wp-content\/uploads\/2026\/SK0022089-CZ20260425-092328-0-1777080210-vystrizekc.webp","contentUrl":"https:\/\/www.oknobuild.com\/wp-content\/uploads\/2026\/SK0022089-CZ20260425-092328-0-1777080210-vystrizekc.webp","width":682,"height":699},{"@type":"BreadcrumbList","@id":"https:\/\/www.oknobuild.com\/index.php\/produkt\/overeny-gude-gsh-tc-2-svarecska-kukla-automatik-59145\/#breadcrumb","itemListElement":[{"@type":"ListItem","position":1,"name":"Home","item":"https:\/\/www.oknobuild.com\/"},{"@type":"ListItem","position":2,"name":"Products","item":"https:\/\/www.oknobuild.com\/products\/"},{"@type":"ListItem","position":3,"name":"Ov\u011b\u0159en\u00fd G\u00dcDE GSH-TC-2 Sv\u00e1\u0159e\u010dsk\u00e1 kukla Automatik"}]},{"@type":"WebSite","@id":"https:\/\/www.oknobuild.com\/#website","url":"https:\/\/www.oknobuild.com\/","name":"Stavebn\u00ed materi\u00e1ly a vybaven\u00ed dom\u00e1cnosti","description":"Stavebn\u00ed materi\u00e1ly a vybaven\u00ed dom\u00e1cnosti","publisher":{"@id":"https:\/\/www.oknobuild.com\/#organization"},"potentialAction":[{"@type":"SearchAction","target":{"@type":"EntryPoint","urlTemplate":"https:\/\/www.oknobuild.com\/?s={search_term_string}"},"query-input":{"@type":"PropertyValueSpecification","valueRequired":true,"valueName":"search_term_string"}}],"inLanguage":"cs"},{"@type":"Organization","@id":"https:\/\/www.oknobuild.com\/#organization","name":"Stavebn\u00ed materi\u00e1ly a vybaven\u00ed dom\u00e1cnosti","url":"https:\/\/www.oknobuild.com\/","logo":{"@type":"ImageObject","inLanguage":"cs","@id":"https:\/\/www.oknobuild.com\/#\/schema\/logo\/image\/","url":"https:\/\/www.oknobuild.com\/wp-content\/uploads\/2026\/04\/oknobuild_logo.svg","contentUrl":"https:\/\/www.oknobuild.com\/wp-content\/uploads\/2026\/04\/oknobuild_logo.svg","width":720,"height":180,"caption":"Stavebn\u00ed materi\u00e1ly a vybaven\u00ed dom\u00e1cnosti"},"image":{"@id":"https:\/\/www.oknobuild.com\/#\/schema\/logo\/image\/"}}]}},"_links":{"self":[{"href":"https:\/\/www.oknobuild.com\/wp-json\/wp\/v2\/product\/59145","targetHints":{"allow":["GET"]}}],"collection":[{"href":"https:\/\/www.oknobuild.com\/wp-json\/wp\/v2\/product"}],"about":[{"href":"https:\/\/www.oknobuild.com\/wp-json\/wp\/v2\/types\/product"}],"wp:featuredmedia":[{"embeddable":true,"href":"https:\/\/www.oknobuild.com\/wp-json\/wp\/v2\/media\/59245"}],"wp:attachment":[{"href":"https:\/\/www.oknobuild.com\/wp-json\/wp\/v2\/media?parent=59145"}],"wp:term":[{"taxonomy":"product_brand","embeddable":true,"href":"https:\/\/www.oknobuild.com\/wp-json\/wp\/v2\/product_brand?post=59145"},{"taxonomy":"product_cat","embeddable":true,"href":"https:\/\/www.oknobuild.com\/wp-json\/wp\/v2\/product_cat?post=59145"},{"taxonomy":"product_tag","embeddable":true,"href":"https:\/\/www.oknobuild.com\/wp-json\/wp\/v2\/product_tag?post=59145"}],"curies":[{"name":"wp","href":"https:\/\/api.w.org\/{rel}","templated":true}]}}