{"id":59344,"date":"2026-04-27T04:43:13","date_gmt":"2026-04-27T04:43:13","guid":{"rendered":""},"modified":"2026-04-27T04:43:13","modified_gmt":"2026-04-27T04:43:13","slug":"znackovy-remmers-top-terasovy-olej-modrin-5-0l-59344","status":"publish","type":"product","link":"https:\/\/www.oknobuild.com\/index.php\/produkt\/znackovy-remmers-top-terasovy-olej-modrin-5-0l-59344\/","title":{"rendered":"Zna\u010dkov\u00fd REMMERS TOP TERASOV\u00dd OLEJ MOD\u0158\u00cdN 5,0L"},"content":{"rendered":"<table>\n<div class=\"tab-pane active product-description\" id=\"popis\" role=\"tabpanel\">\n<div class=\"short-description\" itemprop=\"description\"><\/div>\n<div class=\"description\">\n<p><span class=\"bullet-line\">Olej na zahradn\u00ed n\u00e1bytek, pochoz\u00ed d\u0159ev\u011bn\u00e9 podlahy a ro\u0161ty.&nbsp;<\/span><br \/><span class=\"bullet-line\">D\u00edky speci\u00e1ln\u00edmu slo\u017een\u00ed opat\u0159uje por\u00e9zn\u00ed d\u0159evo hydrofobn\u00edm povrchem, kter\u00fd zabra\u0148uje pronik\u00e1n\u00ed vody.&nbsp;<\/span><br \/><span class=\"bullet-line\">Snadno se rozt\u00edr\u00e1, je velmi vydatn\u00fd a chr\u00e1n\u00ed d\u0159evo p\u0159ed vysych\u00e1n\u00edm.<\/span><br \/><span class=\"bullet-line\">Produkt se d\u0159\u00edve vyr\u00e1b\u011bl pod n\u00e1zvem Pflege-\u00d6l.<\/span><\/p>\n<p>\u25ba Info:<span class=\"bullet-line\">spot\u0159eba cca 0,06 &#8211; 0,08 l\/m2 na jeden n\u00e1t\u011br (12 &#8211; 16 m2 z litru)<\/span><br \/><span class=\"bullet-line\">hustota cca 0,85 g\/cm3 p\u0159i 20 \u00b0C<\/span><br \/><span class=\"bullet-line\">vyrobeno na b\u00e1zi ln\u011bn\u00e9ho oleje<\/span><br \/><span class=\"bullet-line\">matn\u00fd<\/span><br \/><span class=\"bullet-line\">4 odst\u00edny (2645 &#8211; douglaska, 2652-bezbarv\u00fd, 2653-teak, 2654-l\u00e4rche, 2655-bangkirai)<\/span><br \/><span class=\"bullet-line\">chr\u00e1n\u00ed d\u0159evo p\u0159ed pov\u011btrnost\u00ed, vysych\u00e1n\u00edm a za\u0161ednut\u00edm<\/span><br \/><span class=\"bullet-line\">reguluje vlhkost<\/span><br \/><span class=\"bullet-line\">rychle schne, dob\u0159e se zpracov\u00e1v\u00e1<\/span><br \/><span class=\"bullet-line\">n\u00e1sledn\u00e9 o\u0161et\u0159en\u00ed bez p\u0159ebrou\u0161en\u00ed<\/span><br \/><span class=\"bullet-line\">bezpe\u010dn\u00fd pro hra\u010dky (testov\u00e1no podle DIN EN 71-3)<\/span><br \/><span class=\"bullet-line\">nan\u00e1\u0161en\u00ed \u0161t\u011btcem, hadrem<\/span><br \/><span class=\"bullet-line\">\u010di\u0161t\u011bn\u00ed n\u00e1\u0159ad\u00ed \u0159edidlem V 101 nebo S 6006<\/span><\/p>\n<p>\u25ba Pou\u017e\u00edv\u00e1 se na:<span class=\"bullet-line\">d\u0159evo v exteri\u00e9ru i interi\u00e9ru<\/span><br \/><span class=\"bullet-line\">u\u0161lechtil\u00e1 d\u0159eva v zahrad\u00e1ch a zimn\u00edch zahrad\u00e1ch<\/span><br \/><span class=\"bullet-line\">d\u0159ev\u011bn\u00e9 terasy a zahradn\u00ed n\u00e1bytek<\/span><br \/><span class=\"bullet-line\">d\u0159evo teaku, bangkirai, mod\u0159\u00ednu, douglasky, iroka, dubu a jin\u00e9<\/span><br \/><span class=\"bullet-line\">Thermoholz\u201c (s tepelnou \u00fapravou)<\/span><\/p>\n<p>\u25ba Doby schnut\u00ed:<span class=\"bullet-line\">such\u00fd proti prachu po cca 4 hodin\u00e1ch<\/span><br \/><span class=\"bullet-line\">p\u0159et\u00edrateln\u00fd po cca 12 hodin\u00e1ch<\/span><\/p>\n<p>\u25ba Pracovn\u00ed postup:<span class=\"bullet-line\">D\u0159evo mus\u00ed b\u00fdt such\u00e9, bez prachu, ne\u010distot, tuk\u016f, vosk\u016f a zbaven\u00e9 star\u00fdch nesoudr\u017en\u00fdch n\u00e1t\u011br\u016f.<\/span><br \/><span class=\"bullet-line\">Olej je nutn\u00e9 prom\u00edchat, i b\u011bhem zpracov\u00e1n\u00ed nebo po p\u0159est\u00e1vk\u00e1ch.&nbsp;<\/span><br \/><span class=\"bullet-line\">Barevn\u00fd odst\u00edn a sn\u00e1\u0161enlivost s podkladem je nutn\u00e9 prov\u011b\u0159it zku\u0161ebn\u00edm n\u00e1t\u011brem.<\/span><br \/><span class=\"bullet-line\">TOP terasov\u00fd olej se nan\u00e1\u0161\u00ed ne\u0159ed\u011bn\u00fd ve sm\u011bru letokruh\u016f pomoc\u00ed ploch\u00e9jo \u0161t\u011btce nebo bavln\u011bn\u00e9ho had\u0159\u00edku.&nbsp;<\/span><br \/><span class=\"bullet-line\">Nevs\u00e1kl\u00fd zbytek se po cca 30 minut\u00e1ch odstran\u00ed such\u00fdm \u0161t\u011btcem nebo hadrem.&nbsp;<\/span><br \/><span class=\"bullet-line\">Druh\u00fd n\u00e1t\u011br se aplikuje po cca 12 hodin\u00e1ch.<\/span><br \/><span class=\"bullet-line\">U terasov\u00fdch prken je vhodn\u00e9 prov\u00e9st prvn\u00ed n\u00e1t\u011br ze v\u0161ech stran.<\/span><br \/><span class=\"bullet-line\">Bezbarv\u00fd odst\u00edn nechr\u00e1n\u00ed proti UV z\u00e1\u0159en\u00ed, proto ho pou\u017e\u00edvejte na d\u0159ev\u011bn\u00e9 \u010d\u00e1st\u00ed, kter\u00e9 nebudou vystaven\u00e9 p\u0159\u00edm\u00e9 pov\u011btrnosti (d\u0159evo chr\u00e1n\u011bn\u00e9 p\u0159ed slune\u010dn\u00edm z\u00e1\u0159en\u00edm, sr\u00e1\u017ekami a v\u011btrem).&nbsp;<\/span><br \/><span class=\"bullet-line\">Je-li po\u017eadov\u00e1n bezbarv\u00fd n\u00e1t\u011br pro venkovn\u00ed prost\u0159ed\u00ed, prove\u010fte v\u00edce n\u00e1nos\u016f a pravideln\u011b je opakujte.<\/span><br \/><span class=\"bullet-line\">N\u00e1t\u011br d\u0159eva v exteri\u00e9ru je vhodn\u00e9 po 1 a\u017e 2 letech obnovit.<\/span><\/p>\n<\/div>\n<div class=\"parameters\">\n<tr>\n<td>Hmotnost<\/td>\n<td>4,6<\/td>\n<\/tr><\/div>\n<\/table>\n","protected":false},"excerpt":{"rendered":"<p>Olej na zahradn\u00ed n\u00e1bytek, pochoz\u00ed d\u0159ev\u011bn\u00e9 podlahy a ro\u0161ty.&nbsp;D\u00edky speci\u00e1ln\u00edmu slo\u017een\u00ed opat\u0159uje por\u00e9zn\u00ed d\u0159evo hydrofobn\u00edm povrchem, kter\u00fd zabra\u0148uje pronik\u00e1n\u00ed vody.&nbsp;Snadno se rozt\u00edr\u00e1, je velmi vydatn\u00fd a chr\u00e1n\u00ed d\u0159evo p\u0159ed vysych\u00e1n\u00edm.Produkt se d\u0159\u00edve vyr\u00e1b\u011bl pod n\u00e1zvem Pflege-\u00d6l. \u25ba Info:spot\u0159eba cca 0,06 &#8211; 0,08 l\/m2 na jeden n\u00e1t\u011br (12 &#8211; 16 m2 z litru)hustota cca 0,85 g\/cm3 [&hellip;]<\/p>\n","protected":false},"featured_media":59444,"comment_status":"open","ping_status":"open","template":"","meta":[],"product_brand":[],"product_cat":[50,52,51],"product_tag":[],"class_list":{"0":"post-59344","1":"product","2":"type-product","3":"status-publish","4":"has-post-thumbnail","6":"product_cat-barvy","7":"product_cat-chemie","8":"product_cat-laky","10":"first","11":"instock","12":"sale","13":"shipping-taxable","14":"purchasable","15":"product-type-simple"},"yoast_head":"<!-- This site is optimized with the Yoast SEO plugin v26.8 - https:\/\/yoast.com\/product\/yoast-seo-wordpress\/ -->\n<title>Zna\u010dkov\u00fd REMMERS TOP TERASOV\u00dd OLEJ MOD\u0158\u00cdN 5,0L -<\/title>\n<meta name=\"robots\" content=\"index, follow, max-snippet:-1, max-image-preview:large, max-video-preview:-1\" \/>\n<link rel=\"canonical\" href=\"https:\/\/www.oknobuild.com\/index.php\/produkt\/znackovy-remmers-top-terasovy-olej-modrin-5-0l-59344\/\" \/>\n<meta property=\"og:locale\" content=\"cs_CZ\" \/>\n<meta property=\"og:type\" content=\"article\" \/>\n<meta property=\"og:title\" content=\"Zna\u010dkov\u00fd REMMERS TOP TERASOV\u00dd OLEJ MOD\u0158\u00cdN 5,0L -\" \/>\n<meta property=\"og:description\" content=\"Olej na zahradn\u00ed n\u00e1bytek, pochoz\u00ed d\u0159ev\u011bn\u00e9 podlahy a ro\u0161ty.&nbsp;D\u00edky speci\u00e1ln\u00edmu slo\u017een\u00ed opat\u0159uje por\u00e9zn\u00ed d\u0159evo hydrofobn\u00edm povrchem, kter\u00fd zabra\u0148uje pronik\u00e1n\u00ed vody.&nbsp;Snadno se rozt\u00edr\u00e1, je velmi vydatn\u00fd a chr\u00e1n\u00ed d\u0159evo p\u0159ed vysych\u00e1n\u00edm.Produkt se d\u0159\u00edve vyr\u00e1b\u011bl pod n\u00e1zvem Pflege-\u00d6l. \u25ba Info:spot\u0159eba cca 0,06 &#8211; 0,08 l\/m2 na jeden n\u00e1t\u011br (12 &#8211; 16 m2 z litru)hustota cca 0,85 g\/cm3 [&hellip;]\" \/>\n<meta property=\"og:url\" content=\"https:\/\/www.oknobuild.com\/index.php\/produkt\/znackovy-remmers-top-terasovy-olej-modrin-5-0l-59344\/\" \/>\n<meta property=\"og:image\" content=\"https:\/\/www.oknobuild.com\/wp-content\/uploads\/2026\/SK0022189-CZ20260425-092328-0-1777080210-modrin1_2.webp\" \/>\n\t<meta property=\"og:image:width\" content=\"700\" \/>\n\t<meta property=\"og:image:height\" content=\"700\" \/>\n\t<meta property=\"og:image:type\" content=\"image\/webp\" \/>\n<meta name=\"twitter:card\" content=\"summary_large_image\" \/>\n<meta name=\"twitter:label1\" content=\"Odhadovan\u00e1 doba \u010dten\u00ed\" \/>\n\t<meta name=\"twitter:data1\" content=\"2 minuty\" \/>\n<script type=\"application\/ld+json\" class=\"yoast-schema-graph\">{\"@context\":\"https:\/\/schema.org\",\"@graph\":[{\"@type\":\"WebPage\",\"@id\":\"https:\/\/www.oknobuild.com\/index.php\/produkt\/znackovy-remmers-top-terasovy-olej-modrin-5-0l-59344\/\",\"url\":\"https:\/\/www.oknobuild.com\/index.php\/produkt\/znackovy-remmers-top-terasovy-olej-modrin-5-0l-59344\/\",\"name\":\"Zna\u010dkov\u00fd REMMERS TOP TERASOV\u00dd OLEJ MOD\u0158\u00cdN 5,0L -\",\"isPartOf\":{\"@id\":\"https:\/\/www.oknobuild.com\/#website\"},\"primaryImageOfPage\":{\"@id\":\"https:\/\/www.oknobuild.com\/index.php\/produkt\/znackovy-remmers-top-terasovy-olej-modrin-5-0l-59344\/#primaryimage\"},\"image\":{\"@id\":\"https:\/\/www.oknobuild.com\/index.php\/produkt\/znackovy-remmers-top-terasovy-olej-modrin-5-0l-59344\/#primaryimage\"},\"thumbnailUrl\":\"https:\/\/www.oknobuild.com\/wp-content\/uploads\/2026\/SK0022189-CZ20260425-092328-0-1777080210-modrin1_2.webp\",\"datePublished\":\"2026-04-27T04:43:13+00:00\",\"breadcrumb\":{\"@id\":\"https:\/\/www.oknobuild.com\/index.php\/produkt\/znackovy-remmers-top-terasovy-olej-modrin-5-0l-59344\/#breadcrumb\"},\"inLanguage\":\"cs\",\"potentialAction\":[{\"@type\":\"ReadAction\",\"target\":[\"https:\/\/www.oknobuild.com\/index.php\/produkt\/znackovy-remmers-top-terasovy-olej-modrin-5-0l-59344\/\"]}]},{\"@type\":\"ImageObject\",\"inLanguage\":\"cs\",\"@id\":\"https:\/\/www.oknobuild.com\/index.php\/produkt\/znackovy-remmers-top-terasovy-olej-modrin-5-0l-59344\/#primaryimage\",\"url\":\"https:\/\/www.oknobuild.com\/wp-content\/uploads\/2026\/SK0022189-CZ20260425-092328-0-1777080210-modrin1_2.webp\",\"contentUrl\":\"https:\/\/www.oknobuild.com\/wp-content\/uploads\/2026\/SK0022189-CZ20260425-092328-0-1777080210-modrin1_2.webp\",\"width\":700,\"height\":700},{\"@type\":\"BreadcrumbList\",\"@id\":\"https:\/\/www.oknobuild.com\/index.php\/produkt\/znackovy-remmers-top-terasovy-olej-modrin-5-0l-59344\/#breadcrumb\",\"itemListElement\":[{\"@type\":\"ListItem\",\"position\":1,\"name\":\"Home\",\"item\":\"https:\/\/www.oknobuild.com\/\"},{\"@type\":\"ListItem\",\"position\":2,\"name\":\"Products\",\"item\":\"https:\/\/www.oknobuild.com\/index.php\/products\/\"},{\"@type\":\"ListItem\",\"position\":3,\"name\":\"Zna\u010dkov\u00fd REMMERS TOP TERASOV\u00dd OLEJ MOD\u0158\u00cdN 5,0L\"}]},{\"@type\":\"WebSite\",\"@id\":\"https:\/\/www.oknobuild.com\/#website\",\"url\":\"https:\/\/www.oknobuild.com\/\",\"name\":\"\",\"description\":\"\",\"potentialAction\":[{\"@type\":\"SearchAction\",\"target\":{\"@type\":\"EntryPoint\",\"urlTemplate\":\"https:\/\/www.oknobuild.com\/?s={search_term_string}\"},\"query-input\":{\"@type\":\"PropertyValueSpecification\",\"valueRequired\":true,\"valueName\":\"search_term_string\"}}],\"inLanguage\":\"cs\"}]}<\/script>\n<!-- \/ Yoast SEO plugin. -->","yoast_head_json":{"title":"Zna\u010dkov\u00fd REMMERS TOP TERASOV\u00dd OLEJ MOD\u0158\u00cdN 5,0L -","robots":{"index":"index","follow":"follow","max-snippet":"max-snippet:-1","max-image-preview":"max-image-preview:large","max-video-preview":"max-video-preview:-1"},"canonical":"https:\/\/www.oknobuild.com\/index.php\/produkt\/znackovy-remmers-top-terasovy-olej-modrin-5-0l-59344\/","og_locale":"cs_CZ","og_type":"article","og_title":"Zna\u010dkov\u00fd REMMERS TOP TERASOV\u00dd OLEJ MOD\u0158\u00cdN 5,0L -","og_description":"Olej na zahradn\u00ed n\u00e1bytek, pochoz\u00ed d\u0159ev\u011bn\u00e9 podlahy a ro\u0161ty.&nbsp;D\u00edky speci\u00e1ln\u00edmu slo\u017een\u00ed opat\u0159uje por\u00e9zn\u00ed d\u0159evo hydrofobn\u00edm povrchem, kter\u00fd zabra\u0148uje pronik\u00e1n\u00ed vody.&nbsp;Snadno se rozt\u00edr\u00e1, je velmi vydatn\u00fd a chr\u00e1n\u00ed d\u0159evo p\u0159ed vysych\u00e1n\u00edm.Produkt se d\u0159\u00edve vyr\u00e1b\u011bl pod n\u00e1zvem Pflege-\u00d6l. \u25ba Info:spot\u0159eba cca 0,06 &#8211; 0,08 l\/m2 na jeden n\u00e1t\u011br (12 &#8211; 16 m2 z litru)hustota cca 0,85 g\/cm3 [&hellip;]","og_url":"https:\/\/www.oknobuild.com\/index.php\/produkt\/znackovy-remmers-top-terasovy-olej-modrin-5-0l-59344\/","og_image":[{"width":700,"height":700,"url":"https:\/\/www.oknobuild.com\/wp-content\/uploads\/2026\/SK0022189-CZ20260425-092328-0-1777080210-modrin1_2.webp","type":"image\/webp"}],"twitter_card":"summary_large_image","twitter_misc":{"Odhadovan\u00e1 doba \u010dten\u00ed":"2 minuty"},"schema":{"@context":"https:\/\/schema.org","@graph":[{"@type":"WebPage","@id":"https:\/\/www.oknobuild.com\/index.php\/produkt\/znackovy-remmers-top-terasovy-olej-modrin-5-0l-59344\/","url":"https:\/\/www.oknobuild.com\/index.php\/produkt\/znackovy-remmers-top-terasovy-olej-modrin-5-0l-59344\/","name":"Zna\u010dkov\u00fd REMMERS TOP TERASOV\u00dd OLEJ MOD\u0158\u00cdN 5,0L -","isPartOf":{"@id":"https:\/\/www.oknobuild.com\/#website"},"primaryImageOfPage":{"@id":"https:\/\/www.oknobuild.com\/index.php\/produkt\/znackovy-remmers-top-terasovy-olej-modrin-5-0l-59344\/#primaryimage"},"image":{"@id":"https:\/\/www.oknobuild.com\/index.php\/produkt\/znackovy-remmers-top-terasovy-olej-modrin-5-0l-59344\/#primaryimage"},"thumbnailUrl":"https:\/\/www.oknobuild.com\/wp-content\/uploads\/2026\/SK0022189-CZ20260425-092328-0-1777080210-modrin1_2.webp","datePublished":"2026-04-27T04:43:13+00:00","breadcrumb":{"@id":"https:\/\/www.oknobuild.com\/index.php\/produkt\/znackovy-remmers-top-terasovy-olej-modrin-5-0l-59344\/#breadcrumb"},"inLanguage":"cs","potentialAction":[{"@type":"ReadAction","target":["https:\/\/www.oknobuild.com\/index.php\/produkt\/znackovy-remmers-top-terasovy-olej-modrin-5-0l-59344\/"]}]},{"@type":"ImageObject","inLanguage":"cs","@id":"https:\/\/www.oknobuild.com\/index.php\/produkt\/znackovy-remmers-top-terasovy-olej-modrin-5-0l-59344\/#primaryimage","url":"https:\/\/www.oknobuild.com\/wp-content\/uploads\/2026\/SK0022189-CZ20260425-092328-0-1777080210-modrin1_2.webp","contentUrl":"https:\/\/www.oknobuild.com\/wp-content\/uploads\/2026\/SK0022189-CZ20260425-092328-0-1777080210-modrin1_2.webp","width":700,"height":700},{"@type":"BreadcrumbList","@id":"https:\/\/www.oknobuild.com\/index.php\/produkt\/znackovy-remmers-top-terasovy-olej-modrin-5-0l-59344\/#breadcrumb","itemListElement":[{"@type":"ListItem","position":1,"name":"Home","item":"https:\/\/www.oknobuild.com\/"},{"@type":"ListItem","position":2,"name":"Products","item":"https:\/\/www.oknobuild.com\/index.php\/products\/"},{"@type":"ListItem","position":3,"name":"Zna\u010dkov\u00fd REMMERS TOP TERASOV\u00dd OLEJ MOD\u0158\u00cdN 5,0L"}]},{"@type":"WebSite","@id":"https:\/\/www.oknobuild.com\/#website","url":"https:\/\/www.oknobuild.com\/","name":"","description":"","potentialAction":[{"@type":"SearchAction","target":{"@type":"EntryPoint","urlTemplate":"https:\/\/www.oknobuild.com\/?s={search_term_string}"},"query-input":{"@type":"PropertyValueSpecification","valueRequired":true,"valueName":"search_term_string"}}],"inLanguage":"cs"}]}},"_links":{"self":[{"href":"https:\/\/www.oknobuild.com\/index.php\/wp-json\/wp\/v2\/product\/59344","targetHints":{"allow":["GET"]}}],"collection":[{"href":"https:\/\/www.oknobuild.com\/index.php\/wp-json\/wp\/v2\/product"}],"about":[{"href":"https:\/\/www.oknobuild.com\/index.php\/wp-json\/wp\/v2\/types\/product"}],"replies":[{"embeddable":true,"href":"https:\/\/www.oknobuild.com\/index.php\/wp-json\/wp\/v2\/comments?post=59344"}],"wp:featuredmedia":[{"embeddable":true,"href":"https:\/\/www.oknobuild.com\/index.php\/wp-json\/wp\/v2\/media\/59444"}],"wp:attachment":[{"href":"https:\/\/www.oknobuild.com\/index.php\/wp-json\/wp\/v2\/media?parent=59344"}],"wp:term":[{"taxonomy":"product_brand","embeddable":true,"href":"https:\/\/www.oknobuild.com\/index.php\/wp-json\/wp\/v2\/product_brand?post=59344"},{"taxonomy":"product_cat","embeddable":true,"href":"https:\/\/www.oknobuild.com\/index.php\/wp-json\/wp\/v2\/product_cat?post=59344"},{"taxonomy":"product_tag","embeddable":true,"href":"https:\/\/www.oknobuild.com\/index.php\/wp-json\/wp\/v2\/product_tag?post=59344"}],"curies":[{"name":"wp","href":"https:\/\/api.w.org\/{rel}","templated":true}]}}