{"id":59381,"date":"2026-04-27T04:43:13","date_gmt":"2026-04-27T04:43:13","guid":{"rendered":""},"modified":"2026-04-27T04:43:13","modified_gmt":"2026-04-27T04:43:13","slug":"zlevneny-remmers-hk-lazurovaci-krem-palisandr-5-0l-59381","status":"publish","type":"product","link":"https:\/\/www.oknobuild.com\/index.php\/produkt\/zlevneny-remmers-hk-lazurovaci-krem-palisandr-5-0l-59381\/","title":{"rendered":"Zlevn\u011bn\u00fd REMMERS HK lazurovac\u00ed kr\u00e9m PALISANDR 5,0L"},"content":{"rendered":"<table>\n<div class=\"tab-pane active product-description\" id=\"popis\" role=\"tabpanel\">\n<div class=\"short-description\" itemprop=\"description\"><\/div>\n<div class=\"description\"><span class='bullet-line'>Nutn\u00fd pouze jeden n\u00e1t\u011br<br \/><\/span><span class='bullet-line'>3v1: impregnace, z\u00e1klad a lazura (vrch)<br \/><\/span><span class='bullet-line'>Chr\u00e1n\u00ed d\u0159evo p\u0159ed vlhkost\u00ed a m\u00e1 preventivn\u00ed \u00fa\u010dinky proti zamodr\u00e1n\u00ed<br \/><\/span><span class='bullet-line'>Ve spojen\u00ed s konstruk\u010dn\u00ed ochranou d\u0159eva sni\u017euje riziko vzniku hniloby<br \/><\/span><span class='bullet-line'>Ochrann\u00fd film proti pl\u00edsni a \u0159as\u00e1m<br \/><\/span><span class='bullet-line'>Pronik\u00e1 do hloubky<br \/><\/span><span class='bullet-line'>Prody\u0161n\u00e1<br \/><\/span><span class='bullet-line'>Brilantn\u00ed odst\u00edny<br \/><\/span><span class='bullet-line'>N\u00e1sledn\u00e9 o\u0161et\u0159en\u00ed bez p\u0159ebrou\u0161en\u00ed<br \/><\/span><span class='bullet-line'>Neskap\u00e1v\u00e1, vhodn\u00e1 pro pr\u00e1ci nad hlavou<br \/><\/span><span class='bullet-line'>Tenkovrstv\u00e1 lazura<br \/><\/span><span class='bullet-line'>Neloupe se<br \/><\/span><span class='bullet-line'>Kr\u00e9mov\u00e1 konzistence: nen\u00ed nutn\u00e9 m\u00edchat<br \/><\/span><span class='bullet-line'>Prob\u00edh\u00e1 samostatn\u011b<br \/><\/span><span class='bullet-line'>Barevn\u00e9 odst\u00edny m\u016f\u017eete mezi sebou m\u00edchat<br \/><\/span><br \/>\u25ba Z\u00e1kladn\u00ed informace o Holzschutz-Creme:<span class='bullet-line'>Hustota (20 \u00b0C) cca. 0,88 g\/cm\u00b3<br \/><\/span><span class='bullet-line'>Pigment Sv\u011btlost\u00e1l\u00e9, vysoce transparentn\u00ed pigmenty<br \/><\/span><span class='bullet-line'>Bod vzplanut\u00ed cca. 61 \u00b0C<br \/><\/span><span class='bullet-line'>Z\u00e1pach Podle druhu rozpou\u0161t\u011bdla, po uschnut\u00ed bez z\u00e1pachu<br \/><\/span><span class='bullet-line'>Stupe\u0148 lesku Hedv\u00e1bn\u011b matn\u00fd<br \/><\/span><br \/>\u25ba Schnut\u00ed<span class='bullet-line'>Cca. 12 hodin p\u0159i 20 \u00b0C a 65 % relativn\u00ed vlhkosti vzduchu.<br \/><\/span><span class='bullet-line'>N\u00edzk\u00e9 teploty, nedostate\u010dn\u00e1 v\u00fdm\u011bna vzduchu a vysok\u00e1 vlhkost vzduchu schnut\u00ed v\u00fdrazn\u011b prodlu\u017euj\u00ed.<br \/><\/span><span class='bullet-line'>V\u017edy podle druhu d\u0159eva, nap\u0159. u mod\u0159\u00ednu, m\u016f\u017ee doch\u00e1zet k prodlou\u017een\u00ed doby schnut\u00ed.<br \/><\/span><br \/>\u25ba Spot\u0159eba<span class='bullet-line'>Preventivn\u00ed \u00fa\u010dinek proti zamodr\u00e1n\u00ed p\u0159i spot\u0159eb\u011b 200 &#8211; 250 ml\/m\u00b2<br \/><\/span><span class='bullet-line'>Hoblovan\u00e1 nebo velmi hust\u00e1 d\u0159eva maj\u00ed ni\u017e\u0161\u00ed sac\u00ed schopnost a je nutn\u00fd druh\u00fd n\u00e1t\u011br<br \/><\/span><br \/>\u25ba Oblast pou\u017eit\u00ed<span class='bullet-line'>D\u0159evo v exteri\u00e9ru<br \/><\/span><span class='bullet-line'>D\u0159evo bez kontaktu se zem\u00ed podle DIN EN 335-1, GK 2 a 3<br \/><\/span><span class='bullet-line'>Tvarov\u011b nest\u00e1l\u00e9 d\u0159ev\u011bn\u00e9 d\u00edlce nap\u0159. ploty, hr\u00e1zd\u011bn\u00ed, p\u0159\u00edst\u0159e\u0161ky pro auta, d\u0159ev\u011bn\u00e9 oblo\u017een\u00ed<br \/><\/span><span class='bullet-line'>\u010c\u00e1ste\u010dn\u011b tvarov\u011b st\u00e1l\u00e9 d\u0159ev\u011bn\u00e9 d\u00edlce: nap\u0159. rolety, obklady, zahradn\u00ed domky<br \/><\/span><span class='bullet-line'>Z\u00e1klad, mezivrstva i kone\u010dn\u00fd n\u00e1t\u011br<br \/><\/span><span class='bullet-line'>Nen\u00ed vhodn\u00e9 pro n\u00e1t\u011bry podlahov\u00fdch ploch (u teras, palubkov\u00fdch ploch) atd.<br \/><\/span><span class='bullet-line'>Obaly > 5 litr\u016f jsou vhodn\u00e9 pouze pro prodej profesion\u00e1ln\u00edm zpracovatel\u016fm<\/span><\/div>\n<div class=\"parameters\">\n<tr>\n<td>Hmotnost<\/td>\n<td>4,7<\/td>\n<\/tr><\/div>\n<\/table>\n","protected":false},"excerpt":{"rendered":"<p>Nutn\u00fd pouze jeden n\u00e1t\u011br3v1: impregnace, z\u00e1klad a lazura (vrch)Chr\u00e1n\u00ed d\u0159evo p\u0159ed vlhkost\u00ed a m\u00e1 preventivn\u00ed \u00fa\u010dinky proti zamodr\u00e1n\u00edVe spojen\u00ed s konstruk\u010dn\u00ed ochranou d\u0159eva sni\u017euje riziko vzniku hnilobyOchrann\u00fd film proti pl\u00edsni a \u0159as\u00e1mPronik\u00e1 do hloubkyPrody\u0161n\u00e1Brilantn\u00ed odst\u00ednyN\u00e1sledn\u00e9 o\u0161et\u0159en\u00ed bez p\u0159ebrou\u0161en\u00edNeskap\u00e1v\u00e1, vhodn\u00e1 pro pr\u00e1ci nad hlavouTenkovrstv\u00e1 lazuraNeloupe seKr\u00e9mov\u00e1 konzistence: nen\u00ed nutn\u00e9 m\u00edchatProb\u00edh\u00e1 samostatn\u011bBarevn\u00e9 odst\u00edny m\u016f\u017eete mezi sebou m\u00edchat\u25ba [&hellip;]<\/p>\n","protected":false},"featured_media":59481,"comment_status":"open","ping_status":"open","template":"","meta":[],"product_brand":[],"product_cat":[50,52,51],"product_tag":[],"class_list":{"0":"post-59381","1":"product","2":"type-product","3":"status-publish","4":"has-post-thumbnail","6":"product_cat-barvy","7":"product_cat-chemie","8":"product_cat-laky","10":"first","11":"instock","12":"sale","13":"shipping-taxable","14":"purchasable","15":"product-type-simple"},"yoast_head":"<!-- This site is optimized with the Yoast SEO plugin v26.8 - https:\/\/yoast.com\/product\/yoast-seo-wordpress\/ -->\n<title>Zlevn\u011bn\u00fd REMMERS HK lazurovac\u00ed kr\u00e9m PALISANDR 5,0L -<\/title>\n<meta name=\"robots\" content=\"index, follow, max-snippet:-1, max-image-preview:large, max-video-preview:-1\" \/>\n<link rel=\"canonical\" href=\"https:\/\/www.oknobuild.com\/index.php\/produkt\/zlevneny-remmers-hk-lazurovaci-krem-palisandr-5-0l-59381\/\" \/>\n<meta property=\"og:locale\" content=\"cs_CZ\" \/>\n<meta property=\"og:type\" content=\"article\" \/>\n<meta property=\"og:title\" content=\"Zlevn\u011bn\u00fd REMMERS HK lazurovac\u00ed kr\u00e9m PALISANDR 5,0L -\" \/>\n<meta property=\"og:description\" content=\"Nutn\u00fd pouze jeden n\u00e1t\u011br3v1: impregnace, z\u00e1klad a lazura (vrch)Chr\u00e1n\u00ed d\u0159evo p\u0159ed vlhkost\u00ed a m\u00e1 preventivn\u00ed \u00fa\u010dinky proti zamodr\u00e1n\u00edVe spojen\u00ed s konstruk\u010dn\u00ed ochranou d\u0159eva sni\u017euje riziko vzniku hnilobyOchrann\u00fd film proti pl\u00edsni a \u0159as\u00e1mPronik\u00e1 do hloubkyPrody\u0161n\u00e1Brilantn\u00ed odst\u00ednyN\u00e1sledn\u00e9 o\u0161et\u0159en\u00ed bez p\u0159ebrou\u0161en\u00edNeskap\u00e1v\u00e1, vhodn\u00e1 pro pr\u00e1ci nad hlavouTenkovrstv\u00e1 lazuraNeloupe seKr\u00e9mov\u00e1 konzistence: nen\u00ed nutn\u00e9 m\u00edchatProb\u00edh\u00e1 samostatn\u011bBarevn\u00e9 odst\u00edny m\u016f\u017eete mezi sebou m\u00edchat\u25ba [&hellip;]\" \/>\n<meta property=\"og:url\" content=\"https:\/\/www.oknobuild.com\/index.php\/produkt\/zlevneny-remmers-hk-lazurovaci-krem-palisandr-5-0l-59381\/\" \/>\n<meta property=\"og:image\" content=\"https:\/\/www.oknobuild.com\/wp-content\/uploads\/2026\/SK0022226-CZ20260425-092328-0-1777080210-palisander1_2.webp\" \/>\n\t<meta property=\"og:image:width\" content=\"699\" \/>\n\t<meta property=\"og:image:height\" content=\"699\" \/>\n\t<meta property=\"og:image:type\" content=\"image\/webp\" \/>\n<meta name=\"twitter:card\" content=\"summary_large_image\" \/>\n<meta name=\"twitter:label1\" content=\"Odhadovan\u00e1 doba \u010dten\u00ed\" \/>\n\t<meta name=\"twitter:data1\" content=\"1 minuta\" \/>\n<script type=\"application\/ld+json\" class=\"yoast-schema-graph\">{\"@context\":\"https:\/\/schema.org\",\"@graph\":[{\"@type\":\"WebPage\",\"@id\":\"https:\/\/www.oknobuild.com\/index.php\/produkt\/zlevneny-remmers-hk-lazurovaci-krem-palisandr-5-0l-59381\/\",\"url\":\"https:\/\/www.oknobuild.com\/index.php\/produkt\/zlevneny-remmers-hk-lazurovaci-krem-palisandr-5-0l-59381\/\",\"name\":\"Zlevn\u011bn\u00fd REMMERS HK lazurovac\u00ed kr\u00e9m PALISANDR 5,0L -\",\"isPartOf\":{\"@id\":\"https:\/\/www.oknobuild.com\/#website\"},\"primaryImageOfPage\":{\"@id\":\"https:\/\/www.oknobuild.com\/index.php\/produkt\/zlevneny-remmers-hk-lazurovaci-krem-palisandr-5-0l-59381\/#primaryimage\"},\"image\":{\"@id\":\"https:\/\/www.oknobuild.com\/index.php\/produkt\/zlevneny-remmers-hk-lazurovaci-krem-palisandr-5-0l-59381\/#primaryimage\"},\"thumbnailUrl\":\"https:\/\/www.oknobuild.com\/wp-content\/uploads\/2026\/SK0022226-CZ20260425-092328-0-1777080210-palisander1_2.webp\",\"datePublished\":\"2026-04-27T04:43:13+00:00\",\"breadcrumb\":{\"@id\":\"https:\/\/www.oknobuild.com\/index.php\/produkt\/zlevneny-remmers-hk-lazurovaci-krem-palisandr-5-0l-59381\/#breadcrumb\"},\"inLanguage\":\"cs\",\"potentialAction\":[{\"@type\":\"ReadAction\",\"target\":[\"https:\/\/www.oknobuild.com\/index.php\/produkt\/zlevneny-remmers-hk-lazurovaci-krem-palisandr-5-0l-59381\/\"]}]},{\"@type\":\"ImageObject\",\"inLanguage\":\"cs\",\"@id\":\"https:\/\/www.oknobuild.com\/index.php\/produkt\/zlevneny-remmers-hk-lazurovaci-krem-palisandr-5-0l-59381\/#primaryimage\",\"url\":\"https:\/\/www.oknobuild.com\/wp-content\/uploads\/2026\/SK0022226-CZ20260425-092328-0-1777080210-palisander1_2.webp\",\"contentUrl\":\"https:\/\/www.oknobuild.com\/wp-content\/uploads\/2026\/SK0022226-CZ20260425-092328-0-1777080210-palisander1_2.webp\",\"width\":699,\"height\":699},{\"@type\":\"BreadcrumbList\",\"@id\":\"https:\/\/www.oknobuild.com\/index.php\/produkt\/zlevneny-remmers-hk-lazurovaci-krem-palisandr-5-0l-59381\/#breadcrumb\",\"itemListElement\":[{\"@type\":\"ListItem\",\"position\":1,\"name\":\"Home\",\"item\":\"https:\/\/www.oknobuild.com\/\"},{\"@type\":\"ListItem\",\"position\":2,\"name\":\"Products\",\"item\":\"https:\/\/www.oknobuild.com\/index.php\/products\/\"},{\"@type\":\"ListItem\",\"position\":3,\"name\":\"Zlevn\u011bn\u00fd REMMERS HK lazurovac\u00ed kr\u00e9m PALISANDR 5,0L\"}]},{\"@type\":\"WebSite\",\"@id\":\"https:\/\/www.oknobuild.com\/#website\",\"url\":\"https:\/\/www.oknobuild.com\/\",\"name\":\"\",\"description\":\"\",\"potentialAction\":[{\"@type\":\"SearchAction\",\"target\":{\"@type\":\"EntryPoint\",\"urlTemplate\":\"https:\/\/www.oknobuild.com\/?s={search_term_string}\"},\"query-input\":{\"@type\":\"PropertyValueSpecification\",\"valueRequired\":true,\"valueName\":\"search_term_string\"}}],\"inLanguage\":\"cs\"}]}<\/script>\n<!-- \/ Yoast SEO plugin. -->","yoast_head_json":{"title":"Zlevn\u011bn\u00fd REMMERS HK lazurovac\u00ed kr\u00e9m PALISANDR 5,0L -","robots":{"index":"index","follow":"follow","max-snippet":"max-snippet:-1","max-image-preview":"max-image-preview:large","max-video-preview":"max-video-preview:-1"},"canonical":"https:\/\/www.oknobuild.com\/index.php\/produkt\/zlevneny-remmers-hk-lazurovaci-krem-palisandr-5-0l-59381\/","og_locale":"cs_CZ","og_type":"article","og_title":"Zlevn\u011bn\u00fd REMMERS HK lazurovac\u00ed kr\u00e9m PALISANDR 5,0L -","og_description":"Nutn\u00fd pouze jeden n\u00e1t\u011br3v1: impregnace, z\u00e1klad a lazura (vrch)Chr\u00e1n\u00ed d\u0159evo p\u0159ed vlhkost\u00ed a m\u00e1 preventivn\u00ed \u00fa\u010dinky proti zamodr\u00e1n\u00edVe spojen\u00ed s konstruk\u010dn\u00ed ochranou d\u0159eva sni\u017euje riziko vzniku hnilobyOchrann\u00fd film proti pl\u00edsni a \u0159as\u00e1mPronik\u00e1 do hloubkyPrody\u0161n\u00e1Brilantn\u00ed odst\u00ednyN\u00e1sledn\u00e9 o\u0161et\u0159en\u00ed bez p\u0159ebrou\u0161en\u00edNeskap\u00e1v\u00e1, vhodn\u00e1 pro pr\u00e1ci nad hlavouTenkovrstv\u00e1 lazuraNeloupe seKr\u00e9mov\u00e1 konzistence: nen\u00ed nutn\u00e9 m\u00edchatProb\u00edh\u00e1 samostatn\u011bBarevn\u00e9 odst\u00edny m\u016f\u017eete mezi sebou m\u00edchat\u25ba [&hellip;]","og_url":"https:\/\/www.oknobuild.com\/index.php\/produkt\/zlevneny-remmers-hk-lazurovaci-krem-palisandr-5-0l-59381\/","og_image":[{"width":699,"height":699,"url":"https:\/\/www.oknobuild.com\/wp-content\/uploads\/2026\/SK0022226-CZ20260425-092328-0-1777080210-palisander1_2.webp","type":"image\/webp"}],"twitter_card":"summary_large_image","twitter_misc":{"Odhadovan\u00e1 doba \u010dten\u00ed":"1 minuta"},"schema":{"@context":"https:\/\/schema.org","@graph":[{"@type":"WebPage","@id":"https:\/\/www.oknobuild.com\/index.php\/produkt\/zlevneny-remmers-hk-lazurovaci-krem-palisandr-5-0l-59381\/","url":"https:\/\/www.oknobuild.com\/index.php\/produkt\/zlevneny-remmers-hk-lazurovaci-krem-palisandr-5-0l-59381\/","name":"Zlevn\u011bn\u00fd REMMERS HK lazurovac\u00ed kr\u00e9m PALISANDR 5,0L -","isPartOf":{"@id":"https:\/\/www.oknobuild.com\/#website"},"primaryImageOfPage":{"@id":"https:\/\/www.oknobuild.com\/index.php\/produkt\/zlevneny-remmers-hk-lazurovaci-krem-palisandr-5-0l-59381\/#primaryimage"},"image":{"@id":"https:\/\/www.oknobuild.com\/index.php\/produkt\/zlevneny-remmers-hk-lazurovaci-krem-palisandr-5-0l-59381\/#primaryimage"},"thumbnailUrl":"https:\/\/www.oknobuild.com\/wp-content\/uploads\/2026\/SK0022226-CZ20260425-092328-0-1777080210-palisander1_2.webp","datePublished":"2026-04-27T04:43:13+00:00","breadcrumb":{"@id":"https:\/\/www.oknobuild.com\/index.php\/produkt\/zlevneny-remmers-hk-lazurovaci-krem-palisandr-5-0l-59381\/#breadcrumb"},"inLanguage":"cs","potentialAction":[{"@type":"ReadAction","target":["https:\/\/www.oknobuild.com\/index.php\/produkt\/zlevneny-remmers-hk-lazurovaci-krem-palisandr-5-0l-59381\/"]}]},{"@type":"ImageObject","inLanguage":"cs","@id":"https:\/\/www.oknobuild.com\/index.php\/produkt\/zlevneny-remmers-hk-lazurovaci-krem-palisandr-5-0l-59381\/#primaryimage","url":"https:\/\/www.oknobuild.com\/wp-content\/uploads\/2026\/SK0022226-CZ20260425-092328-0-1777080210-palisander1_2.webp","contentUrl":"https:\/\/www.oknobuild.com\/wp-content\/uploads\/2026\/SK0022226-CZ20260425-092328-0-1777080210-palisander1_2.webp","width":699,"height":699},{"@type":"BreadcrumbList","@id":"https:\/\/www.oknobuild.com\/index.php\/produkt\/zlevneny-remmers-hk-lazurovaci-krem-palisandr-5-0l-59381\/#breadcrumb","itemListElement":[{"@type":"ListItem","position":1,"name":"Home","item":"https:\/\/www.oknobuild.com\/"},{"@type":"ListItem","position":2,"name":"Products","item":"https:\/\/www.oknobuild.com\/index.php\/products\/"},{"@type":"ListItem","position":3,"name":"Zlevn\u011bn\u00fd REMMERS HK lazurovac\u00ed kr\u00e9m PALISANDR 5,0L"}]},{"@type":"WebSite","@id":"https:\/\/www.oknobuild.com\/#website","url":"https:\/\/www.oknobuild.com\/","name":"","description":"","potentialAction":[{"@type":"SearchAction","target":{"@type":"EntryPoint","urlTemplate":"https:\/\/www.oknobuild.com\/?s={search_term_string}"},"query-input":{"@type":"PropertyValueSpecification","valueRequired":true,"valueName":"search_term_string"}}],"inLanguage":"cs"}]}},"_links":{"self":[{"href":"https:\/\/www.oknobuild.com\/index.php\/wp-json\/wp\/v2\/product\/59381","targetHints":{"allow":["GET"]}}],"collection":[{"href":"https:\/\/www.oknobuild.com\/index.php\/wp-json\/wp\/v2\/product"}],"about":[{"href":"https:\/\/www.oknobuild.com\/index.php\/wp-json\/wp\/v2\/types\/product"}],"replies":[{"embeddable":true,"href":"https:\/\/www.oknobuild.com\/index.php\/wp-json\/wp\/v2\/comments?post=59381"}],"wp:featuredmedia":[{"embeddable":true,"href":"https:\/\/www.oknobuild.com\/index.php\/wp-json\/wp\/v2\/media\/59481"}],"wp:attachment":[{"href":"https:\/\/www.oknobuild.com\/index.php\/wp-json\/wp\/v2\/media?parent=59381"}],"wp:term":[{"taxonomy":"product_brand","embeddable":true,"href":"https:\/\/www.oknobuild.com\/index.php\/wp-json\/wp\/v2\/product_brand?post=59381"},{"taxonomy":"product_cat","embeddable":true,"href":"https:\/\/www.oknobuild.com\/index.php\/wp-json\/wp\/v2\/product_cat?post=59381"},{"taxonomy":"product_tag","embeddable":true,"href":"https:\/\/www.oknobuild.com\/index.php\/wp-json\/wp\/v2\/product_tag?post=59381"}],"curies":[{"name":"wp","href":"https:\/\/api.w.org\/{rel}","templated":true}]}}