{"id":60701,"date":"2026-04-27T04:43:17","date_gmt":"2026-04-27T04:43:17","guid":{"rendered":""},"modified":"2026-04-27T04:43:17","modified_gmt":"2026-04-27T04:43:17","slug":"znackovy-mexen-s-velar-sprchovy-kout-posuvne-dvere-90-x-75-grafit-bila-871-090-075-41-20-60701","status":"publish","type":"product","link":"https:\/\/www.oknobuild.com\/index.php\/produkt\/znackovy-mexen-s-velar-sprchovy-kout-posuvne-dvere-90-x-75-grafit-bila-871-090-075-41-20-60701\/","title":{"rendered":"Zna\u010dkov\u00fd MEXEN\/S &#8211; Velar sprchov\u00fd kout, posuvn\u00e9 dve\u0159e 90 x 75, grafit, b\u00edl\u00e1 871-090-075-41-20"},"content":{"rendered":"<div class=\"basic-description\">\n<h3>Detailn\u00ed popis produktu<\/h3>\n<p>                                    Specifikace produktu:<\/p>\n<p> Rozm\u011br: 90&#215;75 cm (dve\u0159e 90 cm, st\u011bna 75 cm)<\/p>\n<p> V\u00fd\u0161ka: 200 cm<\/p>\n<p> Instalace: Univerz\u00e1ln\u00ed<\/p>\n<p> Vstup: Posuvn\u00e9 dve\u0159e<\/p>\n<p> Barva skla: Grafit<\/p>\n<p> Povrchov\u00e1 \u00faprava: B\u00edl\u00e1<\/p>\n<p> Typ skla: Tvrzen\u00e9<\/p>\n<p> Tlou\u0161\u0165ka skla: 8 mm<\/p>\n<p> Profil: Hlin\u00edk<\/p>\n<p> Povlak pro snadn\u00e9 \u010di\u0161t\u011bn\u00ed<\/p>\n<p> Vyrovn\u00e1n\u00ed nerovnost\u00ed st\u011bny<\/p>\n<p> Nastaven\u00ed \u0161\u00ed\u0159ky<\/p>\n<p> Lze namontovat na sprchovou vani\u010dku nebo dla\u017edice<\/p>\n<p> Nejvy\u0161\u0161\u00ed kvalita jednotliv\u00fdch rol\u00ed<\/p>\n<p> Rukoje\u0165 z nerezov\u00e9 oceli<\/p>\n<p> Sada t\u011bsn\u011bn\u00ed pro odvod vody<\/p>\n<p> Hlin\u00edkov\u00fd t\u011bsn\u00edc\u00ed pr\u00e1h dve\u0159\u00ed<\/p>\n<\/p><\/div>\n<div class=\"extended-description\">\n<h3>Dopl\u0148kov\u00e9 parametry<\/h3>\n<table class=\"detail-parameters\">\n<tbody>\n<tr>\n<th>        <span class=\"row-header-label\">            Kategorie<span class=\"row-header-label-colon\">:<\/span>        <\/span>    <\/th>\n<td>            <\/td>\n<\/tr>\n<tr>\n<th>            <span class=\"row-header-label\">                Z\u00e1ruka<span class=\"row-header-label-colon\">:<\/span>            <\/span>        <\/th>\n<td>            2 roky        <\/td>\n<\/tr>\n<tr>\n<th>            <span class=\"row-header-label\">                Hmotnost<span class=\"row-header-label-colon\">:<\/span>            <\/span>        <\/th>\n<td>            30 kg        <\/td>\n<\/tr>\n<tr class=\"productEan\">\n<th>          <span class=\"row-header-label productEan__label\">              EAN<span class=\"row-header-label-colon\">:<\/span>          <\/span>      <\/th>\n<td>          <span class=\"productEan__value\">5905315292827<\/span>      <\/td>\n<\/tr>\n<tr>\n<th>                <span class=\"row-header-label\">                                            Dostupnost<span class=\"row-header-label-colon\">:<\/span>                                    <\/span>            <\/th>\n<td>                                                            Dod\u00e1n\u00ed do 14ti dn\u016f                                                <\/td>\n<\/tr>\n<\/tbody>\n<\/table><\/div>\n<\/p><\/div>\n<\/p><\/div>\n","protected":false},"excerpt":{"rendered":"<p>Detailn\u00ed popis produktu Specifikace produktu: Rozm\u011br: 90&#215;75 cm (dve\u0159e 90 cm, st\u011bna 75 cm) V\u00fd\u0161ka: 200 cm Instalace: Univerz\u00e1ln\u00ed Vstup: Posuvn\u00e9 dve\u0159e Barva skla: Grafit Povrchov\u00e1 \u00faprava: B\u00edl\u00e1 Typ skla: Tvrzen\u00e9 Tlou\u0161\u0165ka skla: 8 mm Profil: Hlin\u00edk Povlak pro snadn\u00e9 \u010di\u0161t\u011bn\u00ed Vyrovn\u00e1n\u00ed nerovnost\u00ed st\u011bny Nastaven\u00ed \u0161\u00ed\u0159ky Lze namontovat na sprchovou vani\u010dku nebo dla\u017edice Nejvy\u0161\u0161\u00ed kvalita [&hellip;]<\/p>\n","protected":false},"featured_media":60801,"comment_status":"open","ping_status":"open","template":"","meta":[],"product_brand":[],"product_cat":[56],"product_tag":[],"class_list":{"0":"post-60701","1":"product","2":"type-product","3":"status-publish","4":"has-post-thumbnail","6":"product_cat-sprchove-kouty","8":"first","9":"instock","10":"sale","11":"shipping-taxable","12":"purchasable","13":"product-type-simple"},"yoast_head":"<!-- This site is optimized with the Yoast SEO plugin v26.8 - https:\/\/yoast.com\/product\/yoast-seo-wordpress\/ -->\n<title>Zna\u010dkov\u00fd MEXEN\/S - Velar sprchov\u00fd kout, posuvn\u00e9 dve\u0159e 90 x 75, grafit, b\u00edl\u00e1 871-090-075-41-20 -<\/title>\n<meta name=\"robots\" content=\"index, follow, max-snippet:-1, max-image-preview:large, max-video-preview:-1\" \/>\n<link rel=\"canonical\" href=\"https:\/\/www.oknobuild.com\/index.php\/produkt\/znackovy-mexen-s-velar-sprchovy-kout-posuvne-dvere-90-x-75-grafit-bila-871-090-075-41-20-60701\/\" \/>\n<meta property=\"og:locale\" content=\"cs_CZ\" \/>\n<meta property=\"og:type\" content=\"article\" \/>\n<meta property=\"og:title\" content=\"Zna\u010dkov\u00fd MEXEN\/S - Velar sprchov\u00fd kout, posuvn\u00e9 dve\u0159e 90 x 75, grafit, b\u00edl\u00e1 871-090-075-41-20 -\" \/>\n<meta property=\"og:description\" content=\"Detailn\u00ed popis produktu Specifikace produktu: Rozm\u011br: 90&#215;75 cm (dve\u0159e 90 cm, st\u011bna 75 cm) V\u00fd\u0161ka: 200 cm Instalace: Univerz\u00e1ln\u00ed Vstup: Posuvn\u00e9 dve\u0159e Barva skla: Grafit Povrchov\u00e1 \u00faprava: B\u00edl\u00e1 Typ skla: Tvrzen\u00e9 Tlou\u0161\u0165ka skla: 8 mm Profil: Hlin\u00edk Povlak pro snadn\u00e9 \u010di\u0161t\u011bn\u00ed Vyrovn\u00e1n\u00ed nerovnost\u00ed st\u011bny Nastaven\u00ed \u0161\u00ed\u0159ky Lze namontovat na sprchovou vani\u010dku nebo dla\u017edice Nejvy\u0161\u0161\u00ed kvalita [&hellip;]\" \/>\n<meta property=\"og:url\" content=\"https:\/\/www.oknobuild.com\/index.php\/produkt\/znackovy-mexen-s-velar-sprchovy-kout-posuvne-dvere-90-x-75-grafit-bila-871-090-075-41-20-60701\/\" \/>\n<meta property=\"og:image\" content=\"https:\/\/www.oknobuild.com\/wp-content\/uploads\/2026\/SK0022747-CZ20260425-092556-0-1777080363-1718806_mexen-s-velar-sprchovy-kout--posuvne-dvere-90-x-75-.webp\" \/>\n\t<meta property=\"og:image:width\" content=\"1000\" \/>\n\t<meta property=\"og:image:height\" content=\"750\" \/>\n\t<meta property=\"og:image:type\" content=\"image\/webp\" \/>\n<meta name=\"twitter:card\" content=\"summary_large_image\" \/>\n<meta name=\"twitter:label1\" content=\"Odhadovan\u00e1 doba \u010dten\u00ed\" \/>\n\t<meta name=\"twitter:data1\" content=\"1 minuta\" \/>\n<script type=\"application\/ld+json\" class=\"yoast-schema-graph\">{\"@context\":\"https:\/\/schema.org\",\"@graph\":[{\"@type\":\"WebPage\",\"@id\":\"https:\/\/www.oknobuild.com\/index.php\/produkt\/znackovy-mexen-s-velar-sprchovy-kout-posuvne-dvere-90-x-75-grafit-bila-871-090-075-41-20-60701\/\",\"url\":\"https:\/\/www.oknobuild.com\/index.php\/produkt\/znackovy-mexen-s-velar-sprchovy-kout-posuvne-dvere-90-x-75-grafit-bila-871-090-075-41-20-60701\/\",\"name\":\"Zna\u010dkov\u00fd MEXEN\/S - Velar sprchov\u00fd kout, posuvn\u00e9 dve\u0159e 90 x 75, grafit, b\u00edl\u00e1 871-090-075-41-20 -\",\"isPartOf\":{\"@id\":\"https:\/\/www.oknobuild.com\/#website\"},\"primaryImageOfPage\":{\"@id\":\"https:\/\/www.oknobuild.com\/index.php\/produkt\/znackovy-mexen-s-velar-sprchovy-kout-posuvne-dvere-90-x-75-grafit-bila-871-090-075-41-20-60701\/#primaryimage\"},\"image\":{\"@id\":\"https:\/\/www.oknobuild.com\/index.php\/produkt\/znackovy-mexen-s-velar-sprchovy-kout-posuvne-dvere-90-x-75-grafit-bila-871-090-075-41-20-60701\/#primaryimage\"},\"thumbnailUrl\":\"https:\/\/www.oknobuild.com\/wp-content\/uploads\/2026\/SK0022747-CZ20260425-092556-0-1777080363-1718806_mexen-s-velar-sprchovy-kout--posuvne-dvere-90-x-75-.webp\",\"datePublished\":\"2026-04-27T04:43:17+00:00\",\"breadcrumb\":{\"@id\":\"https:\/\/www.oknobuild.com\/index.php\/produkt\/znackovy-mexen-s-velar-sprchovy-kout-posuvne-dvere-90-x-75-grafit-bila-871-090-075-41-20-60701\/#breadcrumb\"},\"inLanguage\":\"cs\",\"potentialAction\":[{\"@type\":\"ReadAction\",\"target\":[\"https:\/\/www.oknobuild.com\/index.php\/produkt\/znackovy-mexen-s-velar-sprchovy-kout-posuvne-dvere-90-x-75-grafit-bila-871-090-075-41-20-60701\/\"]}]},{\"@type\":\"ImageObject\",\"inLanguage\":\"cs\",\"@id\":\"https:\/\/www.oknobuild.com\/index.php\/produkt\/znackovy-mexen-s-velar-sprchovy-kout-posuvne-dvere-90-x-75-grafit-bila-871-090-075-41-20-60701\/#primaryimage\",\"url\":\"https:\/\/www.oknobuild.com\/wp-content\/uploads\/2026\/SK0022747-CZ20260425-092556-0-1777080363-1718806_mexen-s-velar-sprchovy-kout--posuvne-dvere-90-x-75-.webp\",\"contentUrl\":\"https:\/\/www.oknobuild.com\/wp-content\/uploads\/2026\/SK0022747-CZ20260425-092556-0-1777080363-1718806_mexen-s-velar-sprchovy-kout--posuvne-dvere-90-x-75-.webp\",\"width\":1000,\"height\":750},{\"@type\":\"BreadcrumbList\",\"@id\":\"https:\/\/www.oknobuild.com\/index.php\/produkt\/znackovy-mexen-s-velar-sprchovy-kout-posuvne-dvere-90-x-75-grafit-bila-871-090-075-41-20-60701\/#breadcrumb\",\"itemListElement\":[{\"@type\":\"ListItem\",\"position\":1,\"name\":\"Home\",\"item\":\"https:\/\/www.oknobuild.com\/\"},{\"@type\":\"ListItem\",\"position\":2,\"name\":\"Products\",\"item\":\"https:\/\/www.oknobuild.com\/index.php\/products\/\"},{\"@type\":\"ListItem\",\"position\":3,\"name\":\"Zna\u010dkov\u00fd MEXEN\/S &#8211; Velar sprchov\u00fd kout, posuvn\u00e9 dve\u0159e 90 x 75, grafit, b\u00edl\u00e1 871-090-075-41-20\"}]},{\"@type\":\"WebSite\",\"@id\":\"https:\/\/www.oknobuild.com\/#website\",\"url\":\"https:\/\/www.oknobuild.com\/\",\"name\":\"\",\"description\":\"\",\"potentialAction\":[{\"@type\":\"SearchAction\",\"target\":{\"@type\":\"EntryPoint\",\"urlTemplate\":\"https:\/\/www.oknobuild.com\/?s={search_term_string}\"},\"query-input\":{\"@type\":\"PropertyValueSpecification\",\"valueRequired\":true,\"valueName\":\"search_term_string\"}}],\"inLanguage\":\"cs\"}]}<\/script>\n<!-- \/ Yoast SEO plugin. -->","yoast_head_json":{"title":"Zna\u010dkov\u00fd MEXEN\/S - Velar sprchov\u00fd kout, posuvn\u00e9 dve\u0159e 90 x 75, grafit, b\u00edl\u00e1 871-090-075-41-20 -","robots":{"index":"index","follow":"follow","max-snippet":"max-snippet:-1","max-image-preview":"max-image-preview:large","max-video-preview":"max-video-preview:-1"},"canonical":"https:\/\/www.oknobuild.com\/index.php\/produkt\/znackovy-mexen-s-velar-sprchovy-kout-posuvne-dvere-90-x-75-grafit-bila-871-090-075-41-20-60701\/","og_locale":"cs_CZ","og_type":"article","og_title":"Zna\u010dkov\u00fd MEXEN\/S - Velar sprchov\u00fd kout, posuvn\u00e9 dve\u0159e 90 x 75, grafit, b\u00edl\u00e1 871-090-075-41-20 -","og_description":"Detailn\u00ed popis produktu Specifikace produktu: Rozm\u011br: 90&#215;75 cm (dve\u0159e 90 cm, st\u011bna 75 cm) V\u00fd\u0161ka: 200 cm Instalace: Univerz\u00e1ln\u00ed Vstup: Posuvn\u00e9 dve\u0159e Barva skla: Grafit Povrchov\u00e1 \u00faprava: B\u00edl\u00e1 Typ skla: Tvrzen\u00e9 Tlou\u0161\u0165ka skla: 8 mm Profil: Hlin\u00edk Povlak pro snadn\u00e9 \u010di\u0161t\u011bn\u00ed Vyrovn\u00e1n\u00ed nerovnost\u00ed st\u011bny Nastaven\u00ed \u0161\u00ed\u0159ky Lze namontovat na sprchovou vani\u010dku nebo dla\u017edice Nejvy\u0161\u0161\u00ed kvalita [&hellip;]","og_url":"https:\/\/www.oknobuild.com\/index.php\/produkt\/znackovy-mexen-s-velar-sprchovy-kout-posuvne-dvere-90-x-75-grafit-bila-871-090-075-41-20-60701\/","og_image":[{"width":1000,"height":750,"url":"https:\/\/www.oknobuild.com\/wp-content\/uploads\/2026\/SK0022747-CZ20260425-092556-0-1777080363-1718806_mexen-s-velar-sprchovy-kout--posuvne-dvere-90-x-75-.webp","type":"image\/webp"}],"twitter_card":"summary_large_image","twitter_misc":{"Odhadovan\u00e1 doba \u010dten\u00ed":"1 minuta"},"schema":{"@context":"https:\/\/schema.org","@graph":[{"@type":"WebPage","@id":"https:\/\/www.oknobuild.com\/index.php\/produkt\/znackovy-mexen-s-velar-sprchovy-kout-posuvne-dvere-90-x-75-grafit-bila-871-090-075-41-20-60701\/","url":"https:\/\/www.oknobuild.com\/index.php\/produkt\/znackovy-mexen-s-velar-sprchovy-kout-posuvne-dvere-90-x-75-grafit-bila-871-090-075-41-20-60701\/","name":"Zna\u010dkov\u00fd MEXEN\/S - Velar sprchov\u00fd kout, posuvn\u00e9 dve\u0159e 90 x 75, grafit, b\u00edl\u00e1 871-090-075-41-20 -","isPartOf":{"@id":"https:\/\/www.oknobuild.com\/#website"},"primaryImageOfPage":{"@id":"https:\/\/www.oknobuild.com\/index.php\/produkt\/znackovy-mexen-s-velar-sprchovy-kout-posuvne-dvere-90-x-75-grafit-bila-871-090-075-41-20-60701\/#primaryimage"},"image":{"@id":"https:\/\/www.oknobuild.com\/index.php\/produkt\/znackovy-mexen-s-velar-sprchovy-kout-posuvne-dvere-90-x-75-grafit-bila-871-090-075-41-20-60701\/#primaryimage"},"thumbnailUrl":"https:\/\/www.oknobuild.com\/wp-content\/uploads\/2026\/SK0022747-CZ20260425-092556-0-1777080363-1718806_mexen-s-velar-sprchovy-kout--posuvne-dvere-90-x-75-.webp","datePublished":"2026-04-27T04:43:17+00:00","breadcrumb":{"@id":"https:\/\/www.oknobuild.com\/index.php\/produkt\/znackovy-mexen-s-velar-sprchovy-kout-posuvne-dvere-90-x-75-grafit-bila-871-090-075-41-20-60701\/#breadcrumb"},"inLanguage":"cs","potentialAction":[{"@type":"ReadAction","target":["https:\/\/www.oknobuild.com\/index.php\/produkt\/znackovy-mexen-s-velar-sprchovy-kout-posuvne-dvere-90-x-75-grafit-bila-871-090-075-41-20-60701\/"]}]},{"@type":"ImageObject","inLanguage":"cs","@id":"https:\/\/www.oknobuild.com\/index.php\/produkt\/znackovy-mexen-s-velar-sprchovy-kout-posuvne-dvere-90-x-75-grafit-bila-871-090-075-41-20-60701\/#primaryimage","url":"https:\/\/www.oknobuild.com\/wp-content\/uploads\/2026\/SK0022747-CZ20260425-092556-0-1777080363-1718806_mexen-s-velar-sprchovy-kout--posuvne-dvere-90-x-75-.webp","contentUrl":"https:\/\/www.oknobuild.com\/wp-content\/uploads\/2026\/SK0022747-CZ20260425-092556-0-1777080363-1718806_mexen-s-velar-sprchovy-kout--posuvne-dvere-90-x-75-.webp","width":1000,"height":750},{"@type":"BreadcrumbList","@id":"https:\/\/www.oknobuild.com\/index.php\/produkt\/znackovy-mexen-s-velar-sprchovy-kout-posuvne-dvere-90-x-75-grafit-bila-871-090-075-41-20-60701\/#breadcrumb","itemListElement":[{"@type":"ListItem","position":1,"name":"Home","item":"https:\/\/www.oknobuild.com\/"},{"@type":"ListItem","position":2,"name":"Products","item":"https:\/\/www.oknobuild.com\/index.php\/products\/"},{"@type":"ListItem","position":3,"name":"Zna\u010dkov\u00fd MEXEN\/S &#8211; Velar sprchov\u00fd kout, posuvn\u00e9 dve\u0159e 90 x 75, grafit, b\u00edl\u00e1 871-090-075-41-20"}]},{"@type":"WebSite","@id":"https:\/\/www.oknobuild.com\/#website","url":"https:\/\/www.oknobuild.com\/","name":"","description":"","potentialAction":[{"@type":"SearchAction","target":{"@type":"EntryPoint","urlTemplate":"https:\/\/www.oknobuild.com\/?s={search_term_string}"},"query-input":{"@type":"PropertyValueSpecification","valueRequired":true,"valueName":"search_term_string"}}],"inLanguage":"cs"}]}},"_links":{"self":[{"href":"https:\/\/www.oknobuild.com\/index.php\/wp-json\/wp\/v2\/product\/60701","targetHints":{"allow":["GET"]}}],"collection":[{"href":"https:\/\/www.oknobuild.com\/index.php\/wp-json\/wp\/v2\/product"}],"about":[{"href":"https:\/\/www.oknobuild.com\/index.php\/wp-json\/wp\/v2\/types\/product"}],"replies":[{"embeddable":true,"href":"https:\/\/www.oknobuild.com\/index.php\/wp-json\/wp\/v2\/comments?post=60701"}],"wp:featuredmedia":[{"embeddable":true,"href":"https:\/\/www.oknobuild.com\/index.php\/wp-json\/wp\/v2\/media\/60801"}],"wp:attachment":[{"href":"https:\/\/www.oknobuild.com\/index.php\/wp-json\/wp\/v2\/media?parent=60701"}],"wp:term":[{"taxonomy":"product_brand","embeddable":true,"href":"https:\/\/www.oknobuild.com\/index.php\/wp-json\/wp\/v2\/product_brand?post=60701"},{"taxonomy":"product_cat","embeddable":true,"href":"https:\/\/www.oknobuild.com\/index.php\/wp-json\/wp\/v2\/product_cat?post=60701"},{"taxonomy":"product_tag","embeddable":true,"href":"https:\/\/www.oknobuild.com\/index.php\/wp-json\/wp\/v2\/product_tag?post=60701"}],"curies":[{"name":"wp","href":"https:\/\/api.w.org\/{rel}","templated":true}]}}