{"id":62507,"date":"2026-04-27T04:43:23","date_gmt":"2026-04-27T04:43:23","guid":{"rendered":""},"modified":"2026-04-27T04:43:23","modified_gmt":"2026-04-27T04:43:23","slug":"vyhodna-nabidka-obklad-argenta-marlen-aspen-40x120-cm-mat-2-4-m2-marlen412asp-62507","status":"publish","type":"product","link":"https:\/\/www.oknobuild.com\/index.php\/produkt\/vyhodna-nabidka-obklad-argenta-marlen-aspen-40x120-cm-mat-2-4-m2-marlen412asp-62507\/","title":{"rendered":"V\u00fdhodn\u00e1 Nab\u00eddka Obklad Argenta Marlen aspen 40&#215;120 cm mat (2.4 m2) MARLEN412ASP"},"content":{"rendered":"<div class=\"ProductDetail-content NoFixImageContainer\" id=\"productDescription\">\n<div class=\"Heading\">\n<h2 class=\"Heading-title\">Popis produktu <span class=''>Obklad Argenta Marlen aspen 40&#215;120 cm mat (2.4 m2) MARLEN412ASP<\/span><\/h2>\n<\/p><\/div>\n<div class=\"ProductDetailContent\">\n<ul>\n<li>Rozm\u011br 40&#215;120 mm<\/li>\n<li>Tlou\u0161\u0165ka 7 mm<\/li>\n<li>Druh v\u00fdrobku obklad<\/li>\n<li>Materi\u00e1l keramika<\/li>\n<li>Ur\u010den\u00ed interi\u00e9r<\/li>\n<li>Barva popisn\u00e1 aspen<\/li>\n<li>Barva z\u00e1kladn\u00ed hn\u011bd\u00e1<\/li>\n<li>Design d\u0159evo<\/li>\n<li>Povrch mat<\/li>\n<li>Rektifikace ano<\/li>\n<li>Nas\u00e1kavost E&gt;10%<\/li>\n<li>Odst\u00ednov\u00e9 kol\u00eds\u00e1n\u00ed V2 &#8211; mal\u00e9 odchylky<\/li>\n<li>Velkoform\u00e1t ano<\/li>\n<li>Mrazuvzdornost ne<\/li>\n<li>Po\u010det design\u016f 6<\/li>\n<li>Jakost I. jakost kg<\/li>\n<li>Balen\u00ed 2.40 m2<\/li>\n<li>Po\u010det v balen\u00ed 5 ks<\/li>\n<li>Hmotnost balen\u00ed 30 kg<\/li>\n<\/ul>\n<div class=\"simple-translate-system-theme\" id=\"simple-translate\">\n<div>\n<div class=\"isShow simple-translate-button\" style=\"background-image:url(&quot;moz-extension:\/\/cf828ca7-3346-4d24-9228-d57f1b897cf8\/icons\/512.png&quot;); height:22px; left:161px; top:143px; width:22px\">&nbsp;<\/div>\n<div class=\" simple-translate-panel\" style=\"font-size:13px; height:200px; left:0px; top:0px; width:300px\">\n<div class=\"simple-translate-result-wrapper\" style=\"overflow:hidden\">\n<div class=\"simple-translate-move\" draggable=\"true\">&nbsp;<\/div>\n<div class=\"simple-translate-result-contents\">\n<p class=\"simple-translate-result\" dir=\"auto\">&nbsp;<\/p>\n<p class=\"simple-translate-candidate\" dir=\"auto\">&nbsp;<\/p>\n<\/div>\n<\/div>\n<\/div>\n<\/div>\n<\/div><\/div>\n<div class=\"ProductDetailContent\">                                                                    <\/div>\n<\/p><\/div>\n<\/p><\/div>\n<\/p><\/div>\n","protected":false},"excerpt":{"rendered":"<p>Popis produktu Obklad Argenta Marlen aspen 40&#215;120 cm mat (2.4 m2) MARLEN412ASP Rozm\u011br 40&#215;120 mm Tlou\u0161\u0165ka 7 mm Druh v\u00fdrobku obklad Materi\u00e1l keramika Ur\u010den\u00ed interi\u00e9r Barva popisn\u00e1 aspen Barva z\u00e1kladn\u00ed hn\u011bd\u00e1 Design d\u0159evo Povrch mat Rektifikace ano Nas\u00e1kavost E&gt;10% Odst\u00ednov\u00e9 kol\u00eds\u00e1n\u00ed V2 &#8211; mal\u00e9 odchylky Velkoform\u00e1t ano Mrazuvzdornost ne Po\u010det design\u016f 6 Jakost I. jakost [&hellip;]<\/p>\n","protected":false},"featured_media":62607,"comment_status":"open","ping_status":"open","template":"","meta":[],"product_brand":[],"product_cat":[89],"product_tag":[],"class_list":{"0":"post-62507","1":"product","2":"type-product","3":"status-publish","4":"has-post-thumbnail","6":"product_cat-dlazba-a-obklady","8":"first","9":"instock","10":"sale","11":"shipping-taxable","12":"purchasable","13":"product-type-simple"},"yoast_head":"<!-- This site is optimized with the Yoast SEO plugin v26.8 - https:\/\/yoast.com\/product\/yoast-seo-wordpress\/ -->\n<title>V\u00fdhodn\u00e1 Nab\u00eddka Obklad Argenta Marlen aspen 40x120 cm mat (2.4 m2) MARLEN412ASP -<\/title>\n<meta name=\"robots\" content=\"index, follow, max-snippet:-1, max-image-preview:large, max-video-preview:-1\" \/>\n<link rel=\"canonical\" href=\"https:\/\/www.oknobuild.com\/index.php\/produkt\/vyhodna-nabidka-obklad-argenta-marlen-aspen-40x120-cm-mat-2-4-m2-marlen412asp-62507\/\" \/>\n<meta property=\"og:locale\" content=\"cs_CZ\" \/>\n<meta property=\"og:type\" content=\"article\" \/>\n<meta property=\"og:title\" content=\"V\u00fdhodn\u00e1 Nab\u00eddka Obklad Argenta Marlen aspen 40x120 cm mat (2.4 m2) MARLEN412ASP -\" \/>\n<meta property=\"og:description\" content=\"Popis produktu Obklad Argenta Marlen aspen 40&#215;120 cm mat (2.4 m2) MARLEN412ASP Rozm\u011br 40&#215;120 mm Tlou\u0161\u0165ka 7 mm Druh v\u00fdrobku obklad Materi\u00e1l keramika Ur\u010den\u00ed interi\u00e9r Barva popisn\u00e1 aspen Barva z\u00e1kladn\u00ed hn\u011bd\u00e1 Design d\u0159evo Povrch mat Rektifikace ano Nas\u00e1kavost E&gt;10% Odst\u00ednov\u00e9 kol\u00eds\u00e1n\u00ed V2 &#8211; mal\u00e9 odchylky Velkoform\u00e1t ano Mrazuvzdornost ne Po\u010det design\u016f 6 Jakost I. jakost [&hellip;]\" \/>\n<meta property=\"og:url\" content=\"https:\/\/www.oknobuild.com\/index.php\/produkt\/vyhodna-nabidka-obklad-argenta-marlen-aspen-40x120-cm-mat-2-4-m2-marlen412asp-62507\/\" \/>\n<meta property=\"og:image\" content=\"https:\/\/www.oknobuild.com\/wp-content\/uploads\/2026\/SK0021675-CZ20260425-092632-0-1777080397-obklad-argenta-marlen-aspen-40x120-cm-mat-2-4-m2-marlen412a.webp\" \/>\n\t<meta property=\"og:image:width\" content=\"600\" \/>\n\t<meta property=\"og:image:height\" content=\"261\" \/>\n\t<meta property=\"og:image:type\" content=\"image\/webp\" \/>\n<meta name=\"twitter:card\" content=\"summary_large_image\" \/>\n<script type=\"application\/ld+json\" class=\"yoast-schema-graph\">{\"@context\":\"https:\/\/schema.org\",\"@graph\":[{\"@type\":\"WebPage\",\"@id\":\"https:\/\/www.oknobuild.com\/index.php\/produkt\/vyhodna-nabidka-obklad-argenta-marlen-aspen-40x120-cm-mat-2-4-m2-marlen412asp-62507\/\",\"url\":\"https:\/\/www.oknobuild.com\/index.php\/produkt\/vyhodna-nabidka-obklad-argenta-marlen-aspen-40x120-cm-mat-2-4-m2-marlen412asp-62507\/\",\"name\":\"V\u00fdhodn\u00e1 Nab\u00eddka Obklad Argenta Marlen aspen 40x120 cm mat (2.4 m2) MARLEN412ASP -\",\"isPartOf\":{\"@id\":\"https:\/\/www.oknobuild.com\/#website\"},\"primaryImageOfPage\":{\"@id\":\"https:\/\/www.oknobuild.com\/index.php\/produkt\/vyhodna-nabidka-obklad-argenta-marlen-aspen-40x120-cm-mat-2-4-m2-marlen412asp-62507\/#primaryimage\"},\"image\":{\"@id\":\"https:\/\/www.oknobuild.com\/index.php\/produkt\/vyhodna-nabidka-obklad-argenta-marlen-aspen-40x120-cm-mat-2-4-m2-marlen412asp-62507\/#primaryimage\"},\"thumbnailUrl\":\"https:\/\/www.oknobuild.com\/wp-content\/uploads\/2026\/SK0021675-CZ20260425-092632-0-1777080397-obklad-argenta-marlen-aspen-40x120-cm-mat-2-4-m2-marlen412a.webp\",\"datePublished\":\"2026-04-27T04:43:23+00:00\",\"breadcrumb\":{\"@id\":\"https:\/\/www.oknobuild.com\/index.php\/produkt\/vyhodna-nabidka-obklad-argenta-marlen-aspen-40x120-cm-mat-2-4-m2-marlen412asp-62507\/#breadcrumb\"},\"inLanguage\":\"cs\",\"potentialAction\":[{\"@type\":\"ReadAction\",\"target\":[\"https:\/\/www.oknobuild.com\/index.php\/produkt\/vyhodna-nabidka-obklad-argenta-marlen-aspen-40x120-cm-mat-2-4-m2-marlen412asp-62507\/\"]}]},{\"@type\":\"ImageObject\",\"inLanguage\":\"cs\",\"@id\":\"https:\/\/www.oknobuild.com\/index.php\/produkt\/vyhodna-nabidka-obklad-argenta-marlen-aspen-40x120-cm-mat-2-4-m2-marlen412asp-62507\/#primaryimage\",\"url\":\"https:\/\/www.oknobuild.com\/wp-content\/uploads\/2026\/SK0021675-CZ20260425-092632-0-1777080397-obklad-argenta-marlen-aspen-40x120-cm-mat-2-4-m2-marlen412a.webp\",\"contentUrl\":\"https:\/\/www.oknobuild.com\/wp-content\/uploads\/2026\/SK0021675-CZ20260425-092632-0-1777080397-obklad-argenta-marlen-aspen-40x120-cm-mat-2-4-m2-marlen412a.webp\",\"width\":600,\"height\":261},{\"@type\":\"BreadcrumbList\",\"@id\":\"https:\/\/www.oknobuild.com\/index.php\/produkt\/vyhodna-nabidka-obklad-argenta-marlen-aspen-40x120-cm-mat-2-4-m2-marlen412asp-62507\/#breadcrumb\",\"itemListElement\":[{\"@type\":\"ListItem\",\"position\":1,\"name\":\"Home\",\"item\":\"https:\/\/www.oknobuild.com\/\"},{\"@type\":\"ListItem\",\"position\":2,\"name\":\"Products\",\"item\":\"https:\/\/www.oknobuild.com\/index.php\/products\/\"},{\"@type\":\"ListItem\",\"position\":3,\"name\":\"V\u00fdhodn\u00e1 Nab\u00eddka Obklad Argenta Marlen aspen 40&#215;120 cm mat (2.4 m2) MARLEN412ASP\"}]},{\"@type\":\"WebSite\",\"@id\":\"https:\/\/www.oknobuild.com\/#website\",\"url\":\"https:\/\/www.oknobuild.com\/\",\"name\":\"\",\"description\":\"\",\"potentialAction\":[{\"@type\":\"SearchAction\",\"target\":{\"@type\":\"EntryPoint\",\"urlTemplate\":\"https:\/\/www.oknobuild.com\/?s={search_term_string}\"},\"query-input\":{\"@type\":\"PropertyValueSpecification\",\"valueRequired\":true,\"valueName\":\"search_term_string\"}}],\"inLanguage\":\"cs\"}]}<\/script>\n<!-- \/ Yoast SEO plugin. -->","yoast_head_json":{"title":"V\u00fdhodn\u00e1 Nab\u00eddka Obklad Argenta Marlen aspen 40x120 cm mat (2.4 m2) MARLEN412ASP -","robots":{"index":"index","follow":"follow","max-snippet":"max-snippet:-1","max-image-preview":"max-image-preview:large","max-video-preview":"max-video-preview:-1"},"canonical":"https:\/\/www.oknobuild.com\/index.php\/produkt\/vyhodna-nabidka-obklad-argenta-marlen-aspen-40x120-cm-mat-2-4-m2-marlen412asp-62507\/","og_locale":"cs_CZ","og_type":"article","og_title":"V\u00fdhodn\u00e1 Nab\u00eddka Obklad Argenta Marlen aspen 40x120 cm mat (2.4 m2) MARLEN412ASP -","og_description":"Popis produktu Obklad Argenta Marlen aspen 40&#215;120 cm mat (2.4 m2) MARLEN412ASP Rozm\u011br 40&#215;120 mm Tlou\u0161\u0165ka 7 mm Druh v\u00fdrobku obklad Materi\u00e1l keramika Ur\u010den\u00ed interi\u00e9r Barva popisn\u00e1 aspen Barva z\u00e1kladn\u00ed hn\u011bd\u00e1 Design d\u0159evo Povrch mat Rektifikace ano Nas\u00e1kavost E&gt;10% Odst\u00ednov\u00e9 kol\u00eds\u00e1n\u00ed V2 &#8211; mal\u00e9 odchylky Velkoform\u00e1t ano Mrazuvzdornost ne Po\u010det design\u016f 6 Jakost I. jakost [&hellip;]","og_url":"https:\/\/www.oknobuild.com\/index.php\/produkt\/vyhodna-nabidka-obklad-argenta-marlen-aspen-40x120-cm-mat-2-4-m2-marlen412asp-62507\/","og_image":[{"width":600,"height":261,"url":"https:\/\/www.oknobuild.com\/wp-content\/uploads\/2026\/SK0021675-CZ20260425-092632-0-1777080397-obklad-argenta-marlen-aspen-40x120-cm-mat-2-4-m2-marlen412a.webp","type":"image\/webp"}],"twitter_card":"summary_large_image","schema":{"@context":"https:\/\/schema.org","@graph":[{"@type":"WebPage","@id":"https:\/\/www.oknobuild.com\/index.php\/produkt\/vyhodna-nabidka-obklad-argenta-marlen-aspen-40x120-cm-mat-2-4-m2-marlen412asp-62507\/","url":"https:\/\/www.oknobuild.com\/index.php\/produkt\/vyhodna-nabidka-obklad-argenta-marlen-aspen-40x120-cm-mat-2-4-m2-marlen412asp-62507\/","name":"V\u00fdhodn\u00e1 Nab\u00eddka Obklad Argenta Marlen aspen 40x120 cm mat (2.4 m2) MARLEN412ASP -","isPartOf":{"@id":"https:\/\/www.oknobuild.com\/#website"},"primaryImageOfPage":{"@id":"https:\/\/www.oknobuild.com\/index.php\/produkt\/vyhodna-nabidka-obklad-argenta-marlen-aspen-40x120-cm-mat-2-4-m2-marlen412asp-62507\/#primaryimage"},"image":{"@id":"https:\/\/www.oknobuild.com\/index.php\/produkt\/vyhodna-nabidka-obklad-argenta-marlen-aspen-40x120-cm-mat-2-4-m2-marlen412asp-62507\/#primaryimage"},"thumbnailUrl":"https:\/\/www.oknobuild.com\/wp-content\/uploads\/2026\/SK0021675-CZ20260425-092632-0-1777080397-obklad-argenta-marlen-aspen-40x120-cm-mat-2-4-m2-marlen412a.webp","datePublished":"2026-04-27T04:43:23+00:00","breadcrumb":{"@id":"https:\/\/www.oknobuild.com\/index.php\/produkt\/vyhodna-nabidka-obklad-argenta-marlen-aspen-40x120-cm-mat-2-4-m2-marlen412asp-62507\/#breadcrumb"},"inLanguage":"cs","potentialAction":[{"@type":"ReadAction","target":["https:\/\/www.oknobuild.com\/index.php\/produkt\/vyhodna-nabidka-obklad-argenta-marlen-aspen-40x120-cm-mat-2-4-m2-marlen412asp-62507\/"]}]},{"@type":"ImageObject","inLanguage":"cs","@id":"https:\/\/www.oknobuild.com\/index.php\/produkt\/vyhodna-nabidka-obklad-argenta-marlen-aspen-40x120-cm-mat-2-4-m2-marlen412asp-62507\/#primaryimage","url":"https:\/\/www.oknobuild.com\/wp-content\/uploads\/2026\/SK0021675-CZ20260425-092632-0-1777080397-obklad-argenta-marlen-aspen-40x120-cm-mat-2-4-m2-marlen412a.webp","contentUrl":"https:\/\/www.oknobuild.com\/wp-content\/uploads\/2026\/SK0021675-CZ20260425-092632-0-1777080397-obklad-argenta-marlen-aspen-40x120-cm-mat-2-4-m2-marlen412a.webp","width":600,"height":261},{"@type":"BreadcrumbList","@id":"https:\/\/www.oknobuild.com\/index.php\/produkt\/vyhodna-nabidka-obklad-argenta-marlen-aspen-40x120-cm-mat-2-4-m2-marlen412asp-62507\/#breadcrumb","itemListElement":[{"@type":"ListItem","position":1,"name":"Home","item":"https:\/\/www.oknobuild.com\/"},{"@type":"ListItem","position":2,"name":"Products","item":"https:\/\/www.oknobuild.com\/index.php\/products\/"},{"@type":"ListItem","position":3,"name":"V\u00fdhodn\u00e1 Nab\u00eddka Obklad Argenta Marlen aspen 40&#215;120 cm mat (2.4 m2) MARLEN412ASP"}]},{"@type":"WebSite","@id":"https:\/\/www.oknobuild.com\/#website","url":"https:\/\/www.oknobuild.com\/","name":"","description":"","potentialAction":[{"@type":"SearchAction","target":{"@type":"EntryPoint","urlTemplate":"https:\/\/www.oknobuild.com\/?s={search_term_string}"},"query-input":{"@type":"PropertyValueSpecification","valueRequired":true,"valueName":"search_term_string"}}],"inLanguage":"cs"}]}},"_links":{"self":[{"href":"https:\/\/www.oknobuild.com\/index.php\/wp-json\/wp\/v2\/product\/62507","targetHints":{"allow":["GET"]}}],"collection":[{"href":"https:\/\/www.oknobuild.com\/index.php\/wp-json\/wp\/v2\/product"}],"about":[{"href":"https:\/\/www.oknobuild.com\/index.php\/wp-json\/wp\/v2\/types\/product"}],"replies":[{"embeddable":true,"href":"https:\/\/www.oknobuild.com\/index.php\/wp-json\/wp\/v2\/comments?post=62507"}],"wp:featuredmedia":[{"embeddable":true,"href":"https:\/\/www.oknobuild.com\/index.php\/wp-json\/wp\/v2\/media\/62607"}],"wp:attachment":[{"href":"https:\/\/www.oknobuild.com\/index.php\/wp-json\/wp\/v2\/media?parent=62507"}],"wp:term":[{"taxonomy":"product_brand","embeddable":true,"href":"https:\/\/www.oknobuild.com\/index.php\/wp-json\/wp\/v2\/product_brand?post=62507"},{"taxonomy":"product_cat","embeddable":true,"href":"https:\/\/www.oknobuild.com\/index.php\/wp-json\/wp\/v2\/product_cat?post=62507"},{"taxonomy":"product_tag","embeddable":true,"href":"https:\/\/www.oknobuild.com\/index.php\/wp-json\/wp\/v2\/product_tag?post=62507"}],"curies":[{"name":"wp","href":"https:\/\/api.w.org\/{rel}","templated":true}]}}