{"id":62509,"date":"2026-04-27T04:43:23","date_gmt":"2026-04-27T04:43:23","guid":{"rendered":""},"modified":"2026-04-27T04:43:23","modified_gmt":"2026-04-27T04:43:23","slug":"dlazba-argenta-gold-nero-60x120-cm-lestena-1-44-m2-goldnero612-levny-62509","status":"publish","type":"product","link":"https:\/\/www.oknobuild.com\/index.php\/produkt\/dlazba-argenta-gold-nero-60x120-cm-lestena-1-44-m2-goldnero612-levny-62509\/","title":{"rendered":"Dla\u017eba Argenta Gold Nero 60&#215;120 cm le\u0161t\u011bn\u00e1 (1.44 m2) GOLDNERO612 Levn\u00fd"},"content":{"rendered":"<div class=\"ProductDetail-content NoFixImageContainer\" id=\"productDescription\">\n<div class=\"Heading\">\n<h2 class=\"Heading-title\">Popis produktu <span class=''>Dla\u017eba Argenta Gold Nero 60&#215;120 cm le\u0161t\u011bn\u00e1 (1.44 m2) GOLDNERO612<\/span><\/h2>\n<\/p><\/div>\n<div class=\"ProductDetailContent\">\n<ul>\n<li>Rozm\u011br 60&#215;120 mm<\/li>\n<li>Tlou\u0161\u0165ka 10,2 mm<\/li>\n<li>Druh v\u00fdrobku dla\u017eba<\/li>\n<li>Materi\u00e1l keramika<\/li>\n<li>Ur\u010den\u00ed interi\u00e9r<\/li>\n<li>Barva popisn\u00e1 Gold Nero<\/li>\n<li>Barva z\u00e1kladn\u00ed \u010dern\u00e1<\/li>\n<li>Design mramor<\/li>\n<li>Povrch le\u0161t\u011bn\u00fd<\/li>\n<li>Rektifikace ano<\/li>\n<li>Nas\u00e1kavost E&gt;0,5% GLA<\/li>\n<li>Odst\u00ednov\u00e9 kol\u00eds\u00e1n\u00ed V2 &#8211; mal\u00e9 odchylky<\/li>\n<li>Velkoform\u00e1t ano<\/li>\n<li>Mrazuvzdornost ano<\/li>\n<li>Po\u010det design\u016f 16<\/li>\n<li>Jakost I. jakost kg<\/li>\n<li>Balen\u00ed 1.44 m2<\/li>\n<li>Po\u010det v balen\u00ed 2 ks<\/li>\n<li>Hmotnost balen\u00ed 37 kg<\/li>\n<\/ul><\/div>\n<div class=\"ProductDetailContent\">                                                                    <\/div>\n<\/p><\/div>\n<\/p><\/div>\n<\/p><\/div>\n","protected":false},"excerpt":{"rendered":"<p>Popis produktu Dla\u017eba Argenta Gold Nero 60&#215;120 cm le\u0161t\u011bn\u00e1 (1.44 m2) GOLDNERO612 Rozm\u011br 60&#215;120 mm Tlou\u0161\u0165ka 10,2 mm Druh v\u00fdrobku dla\u017eba Materi\u00e1l keramika Ur\u010den\u00ed interi\u00e9r Barva popisn\u00e1 Gold Nero Barva z\u00e1kladn\u00ed \u010dern\u00e1 Design mramor Povrch le\u0161t\u011bn\u00fd Rektifikace ano Nas\u00e1kavost E&gt;0,5% GLA Odst\u00ednov\u00e9 kol\u00eds\u00e1n\u00ed V2 &#8211; mal\u00e9 odchylky Velkoform\u00e1t ano Mrazuvzdornost ano Po\u010det design\u016f 16 Jakost [&hellip;]<\/p>\n","protected":false},"featured_media":62609,"comment_status":"open","ping_status":"open","template":"","meta":[],"product_brand":[],"product_cat":[89],"product_tag":[],"class_list":{"0":"post-62509","1":"product","2":"type-product","3":"status-publish","4":"has-post-thumbnail","6":"product_cat-dlazba-a-obklady","8":"first","9":"instock","10":"sale","11":"shipping-taxable","12":"purchasable","13":"product-type-simple"},"yoast_head":"<!-- This site is optimized with the Yoast SEO plugin v26.8 - https:\/\/yoast.com\/product\/yoast-seo-wordpress\/ -->\n<title>Dla\u017eba Argenta Gold Nero 60x120 cm le\u0161t\u011bn\u00e1 (1.44 m2) GOLDNERO612 Levn\u00fd -<\/title>\n<meta name=\"robots\" content=\"index, follow, max-snippet:-1, max-image-preview:large, max-video-preview:-1\" \/>\n<link rel=\"canonical\" href=\"https:\/\/www.oknobuild.com\/index.php\/produkt\/dlazba-argenta-gold-nero-60x120-cm-lestena-1-44-m2-goldnero612-levny-62509\/\" \/>\n<meta property=\"og:locale\" content=\"cs_CZ\" \/>\n<meta property=\"og:type\" content=\"article\" \/>\n<meta property=\"og:title\" content=\"Dla\u017eba Argenta Gold Nero 60x120 cm le\u0161t\u011bn\u00e1 (1.44 m2) GOLDNERO612 Levn\u00fd -\" \/>\n<meta property=\"og:description\" content=\"Popis produktu Dla\u017eba Argenta Gold Nero 60&#215;120 cm le\u0161t\u011bn\u00e1 (1.44 m2) GOLDNERO612 Rozm\u011br 60&#215;120 mm Tlou\u0161\u0165ka 10,2 mm Druh v\u00fdrobku dla\u017eba Materi\u00e1l keramika Ur\u010den\u00ed interi\u00e9r Barva popisn\u00e1 Gold Nero Barva z\u00e1kladn\u00ed \u010dern\u00e1 Design mramor Povrch le\u0161t\u011bn\u00fd Rektifikace ano Nas\u00e1kavost E&gt;0,5% GLA Odst\u00ednov\u00e9 kol\u00eds\u00e1n\u00ed V2 &#8211; mal\u00e9 odchylky Velkoform\u00e1t ano Mrazuvzdornost ano Po\u010det design\u016f 16 Jakost [&hellip;]\" \/>\n<meta property=\"og:url\" content=\"https:\/\/www.oknobuild.com\/index.php\/produkt\/dlazba-argenta-gold-nero-60x120-cm-lestena-1-44-m2-goldnero612-levny-62509\/\" \/>\n<meta property=\"og:image\" content=\"https:\/\/www.oknobuild.com\/wp-content\/uploads\/2026\/SK0021677-CZ20260425-092632-0-1777080397-dlazba-argenta-gold-nero-60x120-cm-lestena-1-44-m2-goldnero.webp\" \/>\n\t<meta property=\"og:image:width\" content=\"600\" \/>\n\t<meta property=\"og:image:height\" content=\"319\" \/>\n\t<meta property=\"og:image:type\" content=\"image\/webp\" \/>\n<meta name=\"twitter:card\" content=\"summary_large_image\" \/>\n<script type=\"application\/ld+json\" class=\"yoast-schema-graph\">{\"@context\":\"https:\/\/schema.org\",\"@graph\":[{\"@type\":\"WebPage\",\"@id\":\"https:\/\/www.oknobuild.com\/index.php\/produkt\/dlazba-argenta-gold-nero-60x120-cm-lestena-1-44-m2-goldnero612-levny-62509\/\",\"url\":\"https:\/\/www.oknobuild.com\/index.php\/produkt\/dlazba-argenta-gold-nero-60x120-cm-lestena-1-44-m2-goldnero612-levny-62509\/\",\"name\":\"Dla\u017eba Argenta Gold Nero 60x120 cm le\u0161t\u011bn\u00e1 (1.44 m2) GOLDNERO612 Levn\u00fd -\",\"isPartOf\":{\"@id\":\"https:\/\/www.oknobuild.com\/#website\"},\"primaryImageOfPage\":{\"@id\":\"https:\/\/www.oknobuild.com\/index.php\/produkt\/dlazba-argenta-gold-nero-60x120-cm-lestena-1-44-m2-goldnero612-levny-62509\/#primaryimage\"},\"image\":{\"@id\":\"https:\/\/www.oknobuild.com\/index.php\/produkt\/dlazba-argenta-gold-nero-60x120-cm-lestena-1-44-m2-goldnero612-levny-62509\/#primaryimage\"},\"thumbnailUrl\":\"https:\/\/www.oknobuild.com\/wp-content\/uploads\/2026\/SK0021677-CZ20260425-092632-0-1777080397-dlazba-argenta-gold-nero-60x120-cm-lestena-1-44-m2-goldnero.webp\",\"datePublished\":\"2026-04-27T04:43:23+00:00\",\"breadcrumb\":{\"@id\":\"https:\/\/www.oknobuild.com\/index.php\/produkt\/dlazba-argenta-gold-nero-60x120-cm-lestena-1-44-m2-goldnero612-levny-62509\/#breadcrumb\"},\"inLanguage\":\"cs\",\"potentialAction\":[{\"@type\":\"ReadAction\",\"target\":[\"https:\/\/www.oknobuild.com\/index.php\/produkt\/dlazba-argenta-gold-nero-60x120-cm-lestena-1-44-m2-goldnero612-levny-62509\/\"]}]},{\"@type\":\"ImageObject\",\"inLanguage\":\"cs\",\"@id\":\"https:\/\/www.oknobuild.com\/index.php\/produkt\/dlazba-argenta-gold-nero-60x120-cm-lestena-1-44-m2-goldnero612-levny-62509\/#primaryimage\",\"url\":\"https:\/\/www.oknobuild.com\/wp-content\/uploads\/2026\/SK0021677-CZ20260425-092632-0-1777080397-dlazba-argenta-gold-nero-60x120-cm-lestena-1-44-m2-goldnero.webp\",\"contentUrl\":\"https:\/\/www.oknobuild.com\/wp-content\/uploads\/2026\/SK0021677-CZ20260425-092632-0-1777080397-dlazba-argenta-gold-nero-60x120-cm-lestena-1-44-m2-goldnero.webp\",\"width\":600,\"height\":319},{\"@type\":\"BreadcrumbList\",\"@id\":\"https:\/\/www.oknobuild.com\/index.php\/produkt\/dlazba-argenta-gold-nero-60x120-cm-lestena-1-44-m2-goldnero612-levny-62509\/#breadcrumb\",\"itemListElement\":[{\"@type\":\"ListItem\",\"position\":1,\"name\":\"Home\",\"item\":\"https:\/\/www.oknobuild.com\/\"},{\"@type\":\"ListItem\",\"position\":2,\"name\":\"Products\",\"item\":\"https:\/\/www.oknobuild.com\/index.php\/products\/\"},{\"@type\":\"ListItem\",\"position\":3,\"name\":\"Dla\u017eba Argenta Gold Nero 60&#215;120 cm le\u0161t\u011bn\u00e1 (1.44 m2) GOLDNERO612 Levn\u00fd\"}]},{\"@type\":\"WebSite\",\"@id\":\"https:\/\/www.oknobuild.com\/#website\",\"url\":\"https:\/\/www.oknobuild.com\/\",\"name\":\"\",\"description\":\"\",\"potentialAction\":[{\"@type\":\"SearchAction\",\"target\":{\"@type\":\"EntryPoint\",\"urlTemplate\":\"https:\/\/www.oknobuild.com\/?s={search_term_string}\"},\"query-input\":{\"@type\":\"PropertyValueSpecification\",\"valueRequired\":true,\"valueName\":\"search_term_string\"}}],\"inLanguage\":\"cs\"}]}<\/script>\n<!-- \/ Yoast SEO plugin. -->","yoast_head_json":{"title":"Dla\u017eba Argenta Gold Nero 60x120 cm le\u0161t\u011bn\u00e1 (1.44 m2) GOLDNERO612 Levn\u00fd -","robots":{"index":"index","follow":"follow","max-snippet":"max-snippet:-1","max-image-preview":"max-image-preview:large","max-video-preview":"max-video-preview:-1"},"canonical":"https:\/\/www.oknobuild.com\/index.php\/produkt\/dlazba-argenta-gold-nero-60x120-cm-lestena-1-44-m2-goldnero612-levny-62509\/","og_locale":"cs_CZ","og_type":"article","og_title":"Dla\u017eba Argenta Gold Nero 60x120 cm le\u0161t\u011bn\u00e1 (1.44 m2) GOLDNERO612 Levn\u00fd -","og_description":"Popis produktu Dla\u017eba Argenta Gold Nero 60&#215;120 cm le\u0161t\u011bn\u00e1 (1.44 m2) GOLDNERO612 Rozm\u011br 60&#215;120 mm Tlou\u0161\u0165ka 10,2 mm Druh v\u00fdrobku dla\u017eba Materi\u00e1l keramika Ur\u010den\u00ed interi\u00e9r Barva popisn\u00e1 Gold Nero Barva z\u00e1kladn\u00ed \u010dern\u00e1 Design mramor Povrch le\u0161t\u011bn\u00fd Rektifikace ano Nas\u00e1kavost E&gt;0,5% GLA Odst\u00ednov\u00e9 kol\u00eds\u00e1n\u00ed V2 &#8211; mal\u00e9 odchylky Velkoform\u00e1t ano Mrazuvzdornost ano Po\u010det design\u016f 16 Jakost [&hellip;]","og_url":"https:\/\/www.oknobuild.com\/index.php\/produkt\/dlazba-argenta-gold-nero-60x120-cm-lestena-1-44-m2-goldnero612-levny-62509\/","og_image":[{"width":600,"height":319,"url":"https:\/\/www.oknobuild.com\/wp-content\/uploads\/2026\/SK0021677-CZ20260425-092632-0-1777080397-dlazba-argenta-gold-nero-60x120-cm-lestena-1-44-m2-goldnero.webp","type":"image\/webp"}],"twitter_card":"summary_large_image","schema":{"@context":"https:\/\/schema.org","@graph":[{"@type":"WebPage","@id":"https:\/\/www.oknobuild.com\/index.php\/produkt\/dlazba-argenta-gold-nero-60x120-cm-lestena-1-44-m2-goldnero612-levny-62509\/","url":"https:\/\/www.oknobuild.com\/index.php\/produkt\/dlazba-argenta-gold-nero-60x120-cm-lestena-1-44-m2-goldnero612-levny-62509\/","name":"Dla\u017eba Argenta Gold Nero 60x120 cm le\u0161t\u011bn\u00e1 (1.44 m2) GOLDNERO612 Levn\u00fd -","isPartOf":{"@id":"https:\/\/www.oknobuild.com\/#website"},"primaryImageOfPage":{"@id":"https:\/\/www.oknobuild.com\/index.php\/produkt\/dlazba-argenta-gold-nero-60x120-cm-lestena-1-44-m2-goldnero612-levny-62509\/#primaryimage"},"image":{"@id":"https:\/\/www.oknobuild.com\/index.php\/produkt\/dlazba-argenta-gold-nero-60x120-cm-lestena-1-44-m2-goldnero612-levny-62509\/#primaryimage"},"thumbnailUrl":"https:\/\/www.oknobuild.com\/wp-content\/uploads\/2026\/SK0021677-CZ20260425-092632-0-1777080397-dlazba-argenta-gold-nero-60x120-cm-lestena-1-44-m2-goldnero.webp","datePublished":"2026-04-27T04:43:23+00:00","breadcrumb":{"@id":"https:\/\/www.oknobuild.com\/index.php\/produkt\/dlazba-argenta-gold-nero-60x120-cm-lestena-1-44-m2-goldnero612-levny-62509\/#breadcrumb"},"inLanguage":"cs","potentialAction":[{"@type":"ReadAction","target":["https:\/\/www.oknobuild.com\/index.php\/produkt\/dlazba-argenta-gold-nero-60x120-cm-lestena-1-44-m2-goldnero612-levny-62509\/"]}]},{"@type":"ImageObject","inLanguage":"cs","@id":"https:\/\/www.oknobuild.com\/index.php\/produkt\/dlazba-argenta-gold-nero-60x120-cm-lestena-1-44-m2-goldnero612-levny-62509\/#primaryimage","url":"https:\/\/www.oknobuild.com\/wp-content\/uploads\/2026\/SK0021677-CZ20260425-092632-0-1777080397-dlazba-argenta-gold-nero-60x120-cm-lestena-1-44-m2-goldnero.webp","contentUrl":"https:\/\/www.oknobuild.com\/wp-content\/uploads\/2026\/SK0021677-CZ20260425-092632-0-1777080397-dlazba-argenta-gold-nero-60x120-cm-lestena-1-44-m2-goldnero.webp","width":600,"height":319},{"@type":"BreadcrumbList","@id":"https:\/\/www.oknobuild.com\/index.php\/produkt\/dlazba-argenta-gold-nero-60x120-cm-lestena-1-44-m2-goldnero612-levny-62509\/#breadcrumb","itemListElement":[{"@type":"ListItem","position":1,"name":"Home","item":"https:\/\/www.oknobuild.com\/"},{"@type":"ListItem","position":2,"name":"Products","item":"https:\/\/www.oknobuild.com\/index.php\/products\/"},{"@type":"ListItem","position":3,"name":"Dla\u017eba Argenta Gold Nero 60&#215;120 cm le\u0161t\u011bn\u00e1 (1.44 m2) GOLDNERO612 Levn\u00fd"}]},{"@type":"WebSite","@id":"https:\/\/www.oknobuild.com\/#website","url":"https:\/\/www.oknobuild.com\/","name":"","description":"","potentialAction":[{"@type":"SearchAction","target":{"@type":"EntryPoint","urlTemplate":"https:\/\/www.oknobuild.com\/?s={search_term_string}"},"query-input":{"@type":"PropertyValueSpecification","valueRequired":true,"valueName":"search_term_string"}}],"inLanguage":"cs"}]}},"_links":{"self":[{"href":"https:\/\/www.oknobuild.com\/index.php\/wp-json\/wp\/v2\/product\/62509","targetHints":{"allow":["GET"]}}],"collection":[{"href":"https:\/\/www.oknobuild.com\/index.php\/wp-json\/wp\/v2\/product"}],"about":[{"href":"https:\/\/www.oknobuild.com\/index.php\/wp-json\/wp\/v2\/types\/product"}],"replies":[{"embeddable":true,"href":"https:\/\/www.oknobuild.com\/index.php\/wp-json\/wp\/v2\/comments?post=62509"}],"wp:featuredmedia":[{"embeddable":true,"href":"https:\/\/www.oknobuild.com\/index.php\/wp-json\/wp\/v2\/media\/62609"}],"wp:attachment":[{"href":"https:\/\/www.oknobuild.com\/index.php\/wp-json\/wp\/v2\/media?parent=62509"}],"wp:term":[{"taxonomy":"product_brand","embeddable":true,"href":"https:\/\/www.oknobuild.com\/index.php\/wp-json\/wp\/v2\/product_brand?post=62509"},{"taxonomy":"product_cat","embeddable":true,"href":"https:\/\/www.oknobuild.com\/index.php\/wp-json\/wp\/v2\/product_cat?post=62509"},{"taxonomy":"product_tag","embeddable":true,"href":"https:\/\/www.oknobuild.com\/index.php\/wp-json\/wp\/v2\/product_tag?post=62509"}],"curies":[{"name":"wp","href":"https:\/\/api.w.org\/{rel}","templated":true}]}}