{"id":62511,"date":"2026-04-27T04:43:23","date_gmt":"2026-04-27T04:43:23","guid":{"rendered":""},"modified":"2026-04-27T04:43:23","modified_gmt":"2026-04-27T04:43:23","slug":"znackovy-airforce-soklova-recirkulacni-sada-plus-krfh10-sada-62511","status":"publish","type":"product","link":"https:\/\/www.oknobuild.com\/index.php\/produkt\/znackovy-airforce-soklova-recirkulacni-sada-plus-krfh10-sada-62511\/","title":{"rendered":"Zna\u010dkov\u00fd AirForce Soklov\u00e1 recirkula\u010dn\u00ed sada Plus KRFH10 (sada)"},"content":{"rendered":"<div class=\"ProductDetail-content NoFixImageContainer\" id=\"productDescription\">\n<div class=\"Heading\">\n<h2 class=\"Heading-title\">Popis produktu <span class=''>AirForce Soklov\u00e1 recirkula\u010dn\u00ed sada Plus KRFH10 (sada)<\/span><\/h2>\n<\/p><\/div>\n<div class=\"ProductDetailContent\">                                                                    <\/div>\n<div class=\"ProductDetailContent\">\n<div class=\"ProductDetailContent-item\">\n<ul>\n<li>n\u00e1zev: <strong>Soklov\u00e1 recirkula\u010dn\u00ed sada Plus KRFH10 (sada)<\/strong><\/li>\n<li>hmotnost: <strong>2.0 kg<\/strong><\/li>\n<li>v\u00fdrobce: <strong>Airforce Spa, Via Venza Volgore, 3\/A, 600 43 Cerreto D\u2019esi (AN), Italia, info@airforcespa.com<\/strong><\/li>\n<\/ul>\n<p>Pro modely: * Centrale 78 B2 Octa * Centrale Baby 60 Eco * Centrale Hybrid 90 G5 Flex * Centrale On-Board 90 B4 Octa * Centrale On-Board 90 G5 Flex * Centrale On-Board 80 Smart * Slim B2 Octa Motion * Slim G5 Flex Motion *<\/p>\n<p>Recirkula\u010dn\u00ed sada Plus je ur\u010dena pro spot\u0159ebi\u010de produktov\u00e9 \u0159ady Airforce Aspira Induction, kter\u00e9 budou pracovat v re\u017eimu recirkulace (bez p\u0159\u00edm\u00e9ho odtahu mimo m\u00edstnost). Ventila\u010dn\u00ed jednotka digesto\u0159e je um\u00edst\u011bna v soklu kuchy\u0148sk\u00e9 linky a ods\u00e1van\u00fd vzduch je odv\u00e1d\u011bn odtahov\u00fdm potrub\u00edm a pro\u010di\u0161t\u011bn\u00fd se vrac\u00ed m\u0159\u00ed\u017ekou v soklu zp\u011bt do m\u00edstnosti.<\/p>\n<p>Pro tento zp\u016fsob provozu digesto\u0159e je mo\u017en\u00e9 pou\u017e\u00edt soklovou recirkula\u010dn\u00ed sadu Plus, kter\u00e1 obsahuje spojovac\u00ed kus pro ploch\u00e9 potrub\u00ed nebo pro pravo\u00fahl\u00e9 ploch\u00e9 koleno, t\u011blo soklov\u00e9 m\u0159\u00ed\u017eky, keramick\u00fd uhl\u00edkov\u00fd filtr Plus s dlouhou \u017eivotnost\u00ed a kryc\u00ed m\u0159\u00ed\u017eku.<\/p>\n<p>Keramick\u00fd uhl\u00edkov\u00fd filtr do soklov\u00e9 recirkula\u010dn\u00ed sady Plus je speci\u00e1ln\u00ed sada vysoce \u00fa\u010dinn\u00fdch protipachov\u00fdch filtr\u016f slo\u017een\u00e1 z \u0159ady blok\u016f z keramick\u00e9ho materi\u00e1lu, kter\u00e9 zaru\u010duj\u00ed velmi vysok\u00fd filtra\u010dn\u00ed v\u00fdkon a velmi dlouhou \u017eivotnost. <\/p>\n<p>Tento typ filtru opakovan\u011b regenerovat vyp\u00e1len\u00edm v troub\u011b p\u0159i teplot\u011b 200 \u00b0C ka\u017ed\u00e9 2-3 m\u011bs\u00edce, \u010d\u00edm\u017e se dos\u00e1hne \u017eivotnosti filtru a\u017e 5 let. Minim\u00e1ln\u00ed doba pot\u0159ebn\u00e1 k obnov\u011b filtr\u016f je 45 minut.<\/p>\n<p>UPOZORN\u011aN\u00cd: Soklov\u00e1 recirkula\u010dn\u00ed sada je kompatibiln\u00ed s potrub\u00edm a tvarovkami Naber.<\/p>\n<\/p><\/div>\n<\/p><\/div>\n<\/p><\/div>\n<\/p><\/div>\n<\/p><\/div>\n","protected":false},"excerpt":{"rendered":"<p>Popis produktu AirForce Soklov\u00e1 recirkula\u010dn\u00ed sada Plus KRFH10 (sada) n\u00e1zev: Soklov\u00e1 recirkula\u010dn\u00ed sada Plus KRFH10 (sada) hmotnost: 2.0 kg v\u00fdrobce: Airforce Spa, Via Venza Volgore, 3\/A, 600 43 Cerreto D\u2019esi (AN), Italia, info@airforcespa.com Pro modely: * Centrale 78 B2 Octa * Centrale Baby 60 Eco * Centrale Hybrid 90 G5 Flex * Centrale On-Board 90 [&hellip;]<\/p>\n","protected":false},"featured_media":62611,"comment_status":"open","ping_status":"open","template":"","meta":[],"product_brand":[],"product_cat":[70],"product_tag":[],"class_list":{"0":"post-62511","1":"product","2":"type-product","3":"status-publish","4":"has-post-thumbnail","6":"product_cat-rekuperace-vzduchu-a-vody-vetrani","8":"first","9":"instock","10":"sale","11":"shipping-taxable","12":"purchasable","13":"product-type-simple"},"yoast_head":"<!-- This site is optimized with the Yoast SEO plugin v26.8 - https:\/\/yoast.com\/product\/yoast-seo-wordpress\/ -->\n<title>Zna\u010dkov\u00fd AirForce Soklov\u00e1 recirkula\u010dn\u00ed sada Plus KRFH10 (sada) -<\/title>\n<meta name=\"robots\" content=\"index, follow, max-snippet:-1, max-image-preview:large, max-video-preview:-1\" \/>\n<link rel=\"canonical\" href=\"https:\/\/www.oknobuild.com\/index.php\/produkt\/znackovy-airforce-soklova-recirkulacni-sada-plus-krfh10-sada-62511\/\" \/>\n<meta property=\"og:locale\" content=\"cs_CZ\" \/>\n<meta property=\"og:type\" content=\"article\" \/>\n<meta property=\"og:title\" content=\"Zna\u010dkov\u00fd AirForce Soklov\u00e1 recirkula\u010dn\u00ed sada Plus KRFH10 (sada) -\" \/>\n<meta property=\"og:description\" content=\"Popis produktu AirForce Soklov\u00e1 recirkula\u010dn\u00ed sada Plus KRFH10 (sada) n\u00e1zev: Soklov\u00e1 recirkula\u010dn\u00ed sada Plus KRFH10 (sada) hmotnost: 2.0 kg v\u00fdrobce: Airforce Spa, Via Venza Volgore, 3\/A, 600 43 Cerreto D\u2019esi (AN), Italia, info@airforcespa.com Pro modely: * Centrale 78 B2 Octa * Centrale Baby 60 Eco * Centrale Hybrid 90 G5 Flex * Centrale On-Board 90 [&hellip;]\" \/>\n<meta property=\"og:url\" content=\"https:\/\/www.oknobuild.com\/index.php\/produkt\/znackovy-airforce-soklova-recirkulacni-sada-plus-krfh10-sada-62511\/\" \/>\n<meta property=\"og:image\" content=\"https:\/\/www.oknobuild.com\/wp-content\/uploads\/2026\/SK0021679-CZ20260425-092632-0-1777080397-airforce-soklova-recirkulacni-sada-plus-krfh10-sada-940657..webp\" \/>\n\t<meta property=\"og:image:width\" content=\"600\" \/>\n\t<meta property=\"og:image:height\" content=\"600\" \/>\n\t<meta property=\"og:image:type\" content=\"image\/webp\" \/>\n<meta name=\"twitter:card\" content=\"summary_large_image\" \/>\n<meta name=\"twitter:label1\" content=\"Odhadovan\u00e1 doba \u010dten\u00ed\" \/>\n\t<meta name=\"twitter:data1\" content=\"1 minuta\" \/>\n<script type=\"application\/ld+json\" class=\"yoast-schema-graph\">{\"@context\":\"https:\/\/schema.org\",\"@graph\":[{\"@type\":\"WebPage\",\"@id\":\"https:\/\/www.oknobuild.com\/index.php\/produkt\/znackovy-airforce-soklova-recirkulacni-sada-plus-krfh10-sada-62511\/\",\"url\":\"https:\/\/www.oknobuild.com\/index.php\/produkt\/znackovy-airforce-soklova-recirkulacni-sada-plus-krfh10-sada-62511\/\",\"name\":\"Zna\u010dkov\u00fd AirForce Soklov\u00e1 recirkula\u010dn\u00ed sada Plus KRFH10 (sada) -\",\"isPartOf\":{\"@id\":\"https:\/\/www.oknobuild.com\/#website\"},\"primaryImageOfPage\":{\"@id\":\"https:\/\/www.oknobuild.com\/index.php\/produkt\/znackovy-airforce-soklova-recirkulacni-sada-plus-krfh10-sada-62511\/#primaryimage\"},\"image\":{\"@id\":\"https:\/\/www.oknobuild.com\/index.php\/produkt\/znackovy-airforce-soklova-recirkulacni-sada-plus-krfh10-sada-62511\/#primaryimage\"},\"thumbnailUrl\":\"https:\/\/www.oknobuild.com\/wp-content\/uploads\/2026\/SK0021679-CZ20260425-092632-0-1777080397-airforce-soklova-recirkulacni-sada-plus-krfh10-sada-940657..webp\",\"datePublished\":\"2026-04-27T04:43:23+00:00\",\"breadcrumb\":{\"@id\":\"https:\/\/www.oknobuild.com\/index.php\/produkt\/znackovy-airforce-soklova-recirkulacni-sada-plus-krfh10-sada-62511\/#breadcrumb\"},\"inLanguage\":\"cs\",\"potentialAction\":[{\"@type\":\"ReadAction\",\"target\":[\"https:\/\/www.oknobuild.com\/index.php\/produkt\/znackovy-airforce-soklova-recirkulacni-sada-plus-krfh10-sada-62511\/\"]}]},{\"@type\":\"ImageObject\",\"inLanguage\":\"cs\",\"@id\":\"https:\/\/www.oknobuild.com\/index.php\/produkt\/znackovy-airforce-soklova-recirkulacni-sada-plus-krfh10-sada-62511\/#primaryimage\",\"url\":\"https:\/\/www.oknobuild.com\/wp-content\/uploads\/2026\/SK0021679-CZ20260425-092632-0-1777080397-airforce-soklova-recirkulacni-sada-plus-krfh10-sada-940657..webp\",\"contentUrl\":\"https:\/\/www.oknobuild.com\/wp-content\/uploads\/2026\/SK0021679-CZ20260425-092632-0-1777080397-airforce-soklova-recirkulacni-sada-plus-krfh10-sada-940657..webp\",\"width\":600,\"height\":600},{\"@type\":\"BreadcrumbList\",\"@id\":\"https:\/\/www.oknobuild.com\/index.php\/produkt\/znackovy-airforce-soklova-recirkulacni-sada-plus-krfh10-sada-62511\/#breadcrumb\",\"itemListElement\":[{\"@type\":\"ListItem\",\"position\":1,\"name\":\"Home\",\"item\":\"https:\/\/www.oknobuild.com\/\"},{\"@type\":\"ListItem\",\"position\":2,\"name\":\"Products\",\"item\":\"https:\/\/www.oknobuild.com\/index.php\/products\/\"},{\"@type\":\"ListItem\",\"position\":3,\"name\":\"Zna\u010dkov\u00fd AirForce Soklov\u00e1 recirkula\u010dn\u00ed sada Plus KRFH10 (sada)\"}]},{\"@type\":\"WebSite\",\"@id\":\"https:\/\/www.oknobuild.com\/#website\",\"url\":\"https:\/\/www.oknobuild.com\/\",\"name\":\"\",\"description\":\"\",\"potentialAction\":[{\"@type\":\"SearchAction\",\"target\":{\"@type\":\"EntryPoint\",\"urlTemplate\":\"https:\/\/www.oknobuild.com\/?s={search_term_string}\"},\"query-input\":{\"@type\":\"PropertyValueSpecification\",\"valueRequired\":true,\"valueName\":\"search_term_string\"}}],\"inLanguage\":\"cs\"}]}<\/script>\n<!-- \/ Yoast SEO plugin. -->","yoast_head_json":{"title":"Zna\u010dkov\u00fd AirForce Soklov\u00e1 recirkula\u010dn\u00ed sada Plus KRFH10 (sada) -","robots":{"index":"index","follow":"follow","max-snippet":"max-snippet:-1","max-image-preview":"max-image-preview:large","max-video-preview":"max-video-preview:-1"},"canonical":"https:\/\/www.oknobuild.com\/index.php\/produkt\/znackovy-airforce-soklova-recirkulacni-sada-plus-krfh10-sada-62511\/","og_locale":"cs_CZ","og_type":"article","og_title":"Zna\u010dkov\u00fd AirForce Soklov\u00e1 recirkula\u010dn\u00ed sada Plus KRFH10 (sada) -","og_description":"Popis produktu AirForce Soklov\u00e1 recirkula\u010dn\u00ed sada Plus KRFH10 (sada) n\u00e1zev: Soklov\u00e1 recirkula\u010dn\u00ed sada Plus KRFH10 (sada) hmotnost: 2.0 kg v\u00fdrobce: Airforce Spa, Via Venza Volgore, 3\/A, 600 43 Cerreto D\u2019esi (AN), Italia, info@airforcespa.com Pro modely: * Centrale 78 B2 Octa * Centrale Baby 60 Eco * Centrale Hybrid 90 G5 Flex * Centrale On-Board 90 [&hellip;]","og_url":"https:\/\/www.oknobuild.com\/index.php\/produkt\/znackovy-airforce-soklova-recirkulacni-sada-plus-krfh10-sada-62511\/","og_image":[{"width":600,"height":600,"url":"https:\/\/www.oknobuild.com\/wp-content\/uploads\/2026\/SK0021679-CZ20260425-092632-0-1777080397-airforce-soklova-recirkulacni-sada-plus-krfh10-sada-940657..webp","type":"image\/webp"}],"twitter_card":"summary_large_image","twitter_misc":{"Odhadovan\u00e1 doba \u010dten\u00ed":"1 minuta"},"schema":{"@context":"https:\/\/schema.org","@graph":[{"@type":"WebPage","@id":"https:\/\/www.oknobuild.com\/index.php\/produkt\/znackovy-airforce-soklova-recirkulacni-sada-plus-krfh10-sada-62511\/","url":"https:\/\/www.oknobuild.com\/index.php\/produkt\/znackovy-airforce-soklova-recirkulacni-sada-plus-krfh10-sada-62511\/","name":"Zna\u010dkov\u00fd AirForce Soklov\u00e1 recirkula\u010dn\u00ed sada Plus KRFH10 (sada) -","isPartOf":{"@id":"https:\/\/www.oknobuild.com\/#website"},"primaryImageOfPage":{"@id":"https:\/\/www.oknobuild.com\/index.php\/produkt\/znackovy-airforce-soklova-recirkulacni-sada-plus-krfh10-sada-62511\/#primaryimage"},"image":{"@id":"https:\/\/www.oknobuild.com\/index.php\/produkt\/znackovy-airforce-soklova-recirkulacni-sada-plus-krfh10-sada-62511\/#primaryimage"},"thumbnailUrl":"https:\/\/www.oknobuild.com\/wp-content\/uploads\/2026\/SK0021679-CZ20260425-092632-0-1777080397-airforce-soklova-recirkulacni-sada-plus-krfh10-sada-940657..webp","datePublished":"2026-04-27T04:43:23+00:00","breadcrumb":{"@id":"https:\/\/www.oknobuild.com\/index.php\/produkt\/znackovy-airforce-soklova-recirkulacni-sada-plus-krfh10-sada-62511\/#breadcrumb"},"inLanguage":"cs","potentialAction":[{"@type":"ReadAction","target":["https:\/\/www.oknobuild.com\/index.php\/produkt\/znackovy-airforce-soklova-recirkulacni-sada-plus-krfh10-sada-62511\/"]}]},{"@type":"ImageObject","inLanguage":"cs","@id":"https:\/\/www.oknobuild.com\/index.php\/produkt\/znackovy-airforce-soklova-recirkulacni-sada-plus-krfh10-sada-62511\/#primaryimage","url":"https:\/\/www.oknobuild.com\/wp-content\/uploads\/2026\/SK0021679-CZ20260425-092632-0-1777080397-airforce-soklova-recirkulacni-sada-plus-krfh10-sada-940657..webp","contentUrl":"https:\/\/www.oknobuild.com\/wp-content\/uploads\/2026\/SK0021679-CZ20260425-092632-0-1777080397-airforce-soklova-recirkulacni-sada-plus-krfh10-sada-940657..webp","width":600,"height":600},{"@type":"BreadcrumbList","@id":"https:\/\/www.oknobuild.com\/index.php\/produkt\/znackovy-airforce-soklova-recirkulacni-sada-plus-krfh10-sada-62511\/#breadcrumb","itemListElement":[{"@type":"ListItem","position":1,"name":"Home","item":"https:\/\/www.oknobuild.com\/"},{"@type":"ListItem","position":2,"name":"Products","item":"https:\/\/www.oknobuild.com\/index.php\/products\/"},{"@type":"ListItem","position":3,"name":"Zna\u010dkov\u00fd AirForce Soklov\u00e1 recirkula\u010dn\u00ed sada Plus KRFH10 (sada)"}]},{"@type":"WebSite","@id":"https:\/\/www.oknobuild.com\/#website","url":"https:\/\/www.oknobuild.com\/","name":"","description":"","potentialAction":[{"@type":"SearchAction","target":{"@type":"EntryPoint","urlTemplate":"https:\/\/www.oknobuild.com\/?s={search_term_string}"},"query-input":{"@type":"PropertyValueSpecification","valueRequired":true,"valueName":"search_term_string"}}],"inLanguage":"cs"}]}},"_links":{"self":[{"href":"https:\/\/www.oknobuild.com\/index.php\/wp-json\/wp\/v2\/product\/62511","targetHints":{"allow":["GET"]}}],"collection":[{"href":"https:\/\/www.oknobuild.com\/index.php\/wp-json\/wp\/v2\/product"}],"about":[{"href":"https:\/\/www.oknobuild.com\/index.php\/wp-json\/wp\/v2\/types\/product"}],"replies":[{"embeddable":true,"href":"https:\/\/www.oknobuild.com\/index.php\/wp-json\/wp\/v2\/comments?post=62511"}],"wp:featuredmedia":[{"embeddable":true,"href":"https:\/\/www.oknobuild.com\/index.php\/wp-json\/wp\/v2\/media\/62611"}],"wp:attachment":[{"href":"https:\/\/www.oknobuild.com\/index.php\/wp-json\/wp\/v2\/media?parent=62511"}],"wp:term":[{"taxonomy":"product_brand","embeddable":true,"href":"https:\/\/www.oknobuild.com\/index.php\/wp-json\/wp\/v2\/product_brand?post=62511"},{"taxonomy":"product_cat","embeddable":true,"href":"https:\/\/www.oknobuild.com\/index.php\/wp-json\/wp\/v2\/product_cat?post=62511"},{"taxonomy":"product_tag","embeddable":true,"href":"https:\/\/www.oknobuild.com\/index.php\/wp-json\/wp\/v2\/product_tag?post=62511"}],"curies":[{"name":"wp","href":"https:\/\/api.w.org\/{rel}","templated":true}]}}