{"id":62707,"date":"2026-04-27T04:43:24","date_gmt":"2026-04-27T04:43:24","guid":{"rendered":""},"modified":"2026-04-27T04:43:24","modified_gmt":"2026-04-27T04:43:24","slug":"akcni-cena-hopa-asymetricka-vana-avita-160x75-cm-62707","status":"publish","type":"product","link":"https:\/\/www.oknobuild.com\/index.php\/produkt\/akcni-cena-hopa-asymetricka-vana-avita-160x75-cm-62707\/","title":{"rendered":"Ak\u010dn\u00ed Cena HOPA Asymetrick\u00e1 vana Avita 160&#215;75 cm"},"content":{"rendered":"<div class=\"ProductDetail-content NoFixImageContainer\" id=\"productDescription\">\n<div class=\"Heading\">\n<h2 class=\"Heading-title\">Popis produktu <span class=''>HOPA Asymetrick\u00e1 vana Avita 160&#215;75 cm<\/span><\/h2>\n<\/p><\/div>\n<div class=\"ProductDetailContent\">\n<p>Designov\u00e1 asymetrick\u00e1 vana AVITA se zaoblen\u00fdmi k\u0159ivkami. Tato vana je vhodn\u00e1 jak do mal\u00fdch, tak ale i do velk\u00fdch koupelen. Vana nab\u00edz\u00ed oboustrann\u00e9 velmi pohodln\u00e9 le\u017een\u00ed. No\u017ei\u010dky k van\u011b je nutn\u00e9 dokoupit.<\/p>\n<p><strong>Nutno specifikovat pravou \u010di levou variantu.<\/strong><\/p>\n<p><strong><strong><strong><strong>No\u017ei\u010dky k van\u011b&nbsp;je nutn\u00e9 dokoupit.<\/strong><\/strong><\/strong><\/strong><\/p>\n<p>Uveden\u00e1 cena je pouze za holou vanu<strong> bez panelu.<\/strong><\/p>\n<p>V modern\u00edch koupeln\u00e1ch je st\u00e1le \u010dast\u011bj\u0161\u00ed po\u017eadavek na kombinaci sprchov\u00e9ho koutu i vany. Ne v ka\u017ed\u00e9m prostoru je to v\u0161ak mo\u017en\u00e9. Zva\u017ete proto mo\u017enost instalace vanov\u00e9 z\u00e1st\u011bny&nbsp;a u\u017e\u00edvejte si jen v\u00fdhody.<\/p>\n<p><strong>P\u0159ednosti&nbsp;asymetrick\u00e9 vany AVITA:<\/strong><\/p>\n<ul>\n<li>Hloubka&nbsp;vany&nbsp;42 cm<\/li>\n<li>Barva:&nbsp;b\u00edl\u00e1<\/li>\n<li>Materi\u00e1l:&nbsp;sanit\u00e1rn\u00ed akryl\u00e1t<\/li>\n<li>Zaoblen\u00e9 k\u0159ivky<\/li>\n<\/ul>\n<p><strong>Rozm\u011bry vany:<\/strong><\/p>\n<ul>\n<li>160 \u00d7 75 cm&nbsp;(170 l)&nbsp;(lev\u00e1 \/ prav\u00e1 varianta)<\/li>\n<\/ul><\/div>\n<div class=\"ProductDetailContent\">\n<div class=\"ProductDetailContent-item\">\n<div style=\"background-color:#f9f9f9; border-left:5px solid #4caf50; border-radius:8px; box-shadow:0 4px 12px rgba(0,0,0,0.1); font-family:Arial,sans-serif; margin-bottom:20px; padding:25px 20px 20px 20px; position:relative\"><!-- Ikona info v lev\u00e9m horn\u00edm rohu --><\/p>\n<div style=\"align-items:center; background-color:#4caf50; border-radius:50%; color:#ffffff; display:flex; font-size:18px; font-weight:bold; height:30px; justify-content:center; left:-10px; position:absolute; top:-10px; width:30px\">i<\/div>\n<h3 style=\"margin-left:15px\">\u2705 Kvalitn\u00ed mont\u00e1\u017e vany je z\u00e1klad pohodln\u00e9ho koup\u00e1n\u00ed \u2013 nechte to na n\u00e1s<\/h3>\n<p>Spr\u00e1vn\u00e1 mont\u00e1\u017e <strong>vany<\/strong> je kl\u00ed\u010dem k jej\u00ed dlouh\u00e9 \u017eivotnosti, bezpe\u010dnosti i bezprobl\u00e9mov\u00e9mu provozu. A\u0165 u\u017e se jedn\u00e1 o klasickou <strong>obd\u00e9ln\u00edkovou vanu<\/strong>, <strong>rohovou<\/strong>, <strong>asymetrickou<\/strong> \u010di <strong>voln\u011b stoj\u00edc\u00ed<\/strong>, je v\u017edy d\u016fle\u017eit\u00e9 zajistit precizn\u00ed usazen\u00ed, stabilitu a pe\u010dliv\u00e9 ut\u011bsn\u011bn\u00ed v\u0161ech napojen\u00ed.<\/p>\n<p><strong>Nab\u00edz\u00edme odbornou mont\u00e1\u017e van v\u0161ech typ\u016f i zna\u010dek<\/strong>. Postar\u00e1me se o p\u0159esn\u00e9 zam\u011b\u0159en\u00ed, demont\u00e1\u017e p\u016fvodn\u00ed vany, p\u0159\u00edpravu prostoru, instalaci vany v\u010detn\u011b napojen\u00ed na odpad a vodu, i osazen\u00ed <strong>vanov\u00e9 baterie<\/strong> nebo <strong>vanov\u00e9 z\u00e1st\u011bny<\/strong>. Po dokon\u010den\u00ed v\u017edy d\u016fsledn\u011b otestujeme funk\u010dnost a db\u00e1me na \u010dist\u00fd a profesion\u00e1ln\u00ed v\u00fdstup.<\/p>\n<p><strong>Mont\u00e1\u017e vany p\u0159enechte zku\u0161en\u00fdm odborn\u00edk\u016fm<\/strong>, vyhnete se nep\u0159esnostem, net\u011bsnostem nebo probl\u00e9m\u016fm s podlahou a izolac\u00ed. Pracujeme rychle, pe\u010dliv\u011b a s respektem k va\u0161emu interi\u00e9ru.<\/p>\n<\/div><\/div>\n<\/p><\/div>\n<\/p><\/div>\n<\/p><\/div>\n<\/p><\/div>\n","protected":false},"excerpt":{"rendered":"<p>Popis produktu HOPA Asymetrick\u00e1 vana Avita 160&#215;75 cm Designov\u00e1 asymetrick\u00e1 vana AVITA se zaoblen\u00fdmi k\u0159ivkami. Tato vana je vhodn\u00e1 jak do mal\u00fdch, tak ale i do velk\u00fdch koupelen. Vana nab\u00edz\u00ed oboustrann\u00e9 velmi pohodln\u00e9 le\u017een\u00ed. No\u017ei\u010dky k van\u011b je nutn\u00e9 dokoupit. Nutno specifikovat pravou \u010di levou variantu. No\u017ei\u010dky k van\u011b&nbsp;je nutn\u00e9 dokoupit. Uveden\u00e1 cena je pouze [&hellip;]<\/p>\n","protected":false},"featured_media":62807,"comment_status":"open","ping_status":"open","template":"","meta":[],"product_brand":[],"product_cat":[65],"product_tag":[],"class_list":{"0":"post-62707","1":"product","2":"type-product","3":"status-publish","4":"has-post-thumbnail","6":"product_cat-koupelny","8":"first","9":"instock","10":"sale","11":"shipping-taxable","12":"purchasable","13":"product-type-simple"},"yoast_head":"<!-- This site is optimized with the Yoast SEO plugin v26.8 - https:\/\/yoast.com\/product\/yoast-seo-wordpress\/ -->\n<title>Ak\u010dn\u00ed Cena HOPA Asymetrick\u00e1 vana Avita 160x75 cm -<\/title>\n<meta name=\"robots\" content=\"index, follow, max-snippet:-1, max-image-preview:large, max-video-preview:-1\" \/>\n<link rel=\"canonical\" href=\"https:\/\/www.oknobuild.com\/index.php\/produkt\/akcni-cena-hopa-asymetricka-vana-avita-160x75-cm-62707\/\" \/>\n<meta property=\"og:locale\" content=\"cs_CZ\" \/>\n<meta property=\"og:type\" content=\"article\" \/>\n<meta property=\"og:title\" content=\"Ak\u010dn\u00ed Cena HOPA Asymetrick\u00e1 vana Avita 160x75 cm -\" \/>\n<meta property=\"og:description\" content=\"Popis produktu HOPA Asymetrick\u00e1 vana Avita 160&#215;75 cm Designov\u00e1 asymetrick\u00e1 vana AVITA se zaoblen\u00fdmi k\u0159ivkami. Tato vana je vhodn\u00e1 jak do mal\u00fdch, tak ale i do velk\u00fdch koupelen. Vana nab\u00edz\u00ed oboustrann\u00e9 velmi pohodln\u00e9 le\u017een\u00ed. No\u017ei\u010dky k van\u011b je nutn\u00e9 dokoupit. Nutno specifikovat pravou \u010di levou variantu. No\u017ei\u010dky k van\u011b&nbsp;je nutn\u00e9 dokoupit. Uveden\u00e1 cena je pouze [&hellip;]\" \/>\n<meta property=\"og:url\" content=\"https:\/\/www.oknobuild.com\/index.php\/produkt\/akcni-cena-hopa-asymetricka-vana-avita-160x75-cm-62707\/\" \/>\n<meta property=\"og:image\" content=\"https:\/\/www.oknobuild.com\/wp-content\/uploads\/2026\/SK0021787-CZ20260425-092632-0-1777080397-hopa-asymetricka-vana-avita-160x75-cm-1291768.webp\" \/>\n\t<meta property=\"og:image:width\" content=\"600\" \/>\n\t<meta property=\"og:image:height\" content=\"424\" \/>\n\t<meta property=\"og:image:type\" content=\"image\/webp\" \/>\n<meta name=\"twitter:card\" content=\"summary_large_image\" \/>\n<meta name=\"twitter:label1\" content=\"Odhadovan\u00e1 doba \u010dten\u00ed\" \/>\n\t<meta name=\"twitter:data1\" content=\"2 minuty\" \/>\n<script type=\"application\/ld+json\" class=\"yoast-schema-graph\">{\"@context\":\"https:\/\/schema.org\",\"@graph\":[{\"@type\":\"WebPage\",\"@id\":\"https:\/\/www.oknobuild.com\/index.php\/produkt\/akcni-cena-hopa-asymetricka-vana-avita-160x75-cm-62707\/\",\"url\":\"https:\/\/www.oknobuild.com\/index.php\/produkt\/akcni-cena-hopa-asymetricka-vana-avita-160x75-cm-62707\/\",\"name\":\"Ak\u010dn\u00ed Cena HOPA Asymetrick\u00e1 vana Avita 160x75 cm -\",\"isPartOf\":{\"@id\":\"https:\/\/www.oknobuild.com\/#website\"},\"primaryImageOfPage\":{\"@id\":\"https:\/\/www.oknobuild.com\/index.php\/produkt\/akcni-cena-hopa-asymetricka-vana-avita-160x75-cm-62707\/#primaryimage\"},\"image\":{\"@id\":\"https:\/\/www.oknobuild.com\/index.php\/produkt\/akcni-cena-hopa-asymetricka-vana-avita-160x75-cm-62707\/#primaryimage\"},\"thumbnailUrl\":\"https:\/\/www.oknobuild.com\/wp-content\/uploads\/2026\/SK0021787-CZ20260425-092632-0-1777080397-hopa-asymetricka-vana-avita-160x75-cm-1291768.webp\",\"datePublished\":\"2026-04-27T04:43:24+00:00\",\"breadcrumb\":{\"@id\":\"https:\/\/www.oknobuild.com\/index.php\/produkt\/akcni-cena-hopa-asymetricka-vana-avita-160x75-cm-62707\/#breadcrumb\"},\"inLanguage\":\"cs\",\"potentialAction\":[{\"@type\":\"ReadAction\",\"target\":[\"https:\/\/www.oknobuild.com\/index.php\/produkt\/akcni-cena-hopa-asymetricka-vana-avita-160x75-cm-62707\/\"]}]},{\"@type\":\"ImageObject\",\"inLanguage\":\"cs\",\"@id\":\"https:\/\/www.oknobuild.com\/index.php\/produkt\/akcni-cena-hopa-asymetricka-vana-avita-160x75-cm-62707\/#primaryimage\",\"url\":\"https:\/\/www.oknobuild.com\/wp-content\/uploads\/2026\/SK0021787-CZ20260425-092632-0-1777080397-hopa-asymetricka-vana-avita-160x75-cm-1291768.webp\",\"contentUrl\":\"https:\/\/www.oknobuild.com\/wp-content\/uploads\/2026\/SK0021787-CZ20260425-092632-0-1777080397-hopa-asymetricka-vana-avita-160x75-cm-1291768.webp\",\"width\":600,\"height\":424},{\"@type\":\"BreadcrumbList\",\"@id\":\"https:\/\/www.oknobuild.com\/index.php\/produkt\/akcni-cena-hopa-asymetricka-vana-avita-160x75-cm-62707\/#breadcrumb\",\"itemListElement\":[{\"@type\":\"ListItem\",\"position\":1,\"name\":\"Home\",\"item\":\"https:\/\/www.oknobuild.com\/\"},{\"@type\":\"ListItem\",\"position\":2,\"name\":\"Products\",\"item\":\"https:\/\/www.oknobuild.com\/index.php\/products\/\"},{\"@type\":\"ListItem\",\"position\":3,\"name\":\"Ak\u010dn\u00ed Cena HOPA Asymetrick\u00e1 vana Avita 160&#215;75 cm\"}]},{\"@type\":\"WebSite\",\"@id\":\"https:\/\/www.oknobuild.com\/#website\",\"url\":\"https:\/\/www.oknobuild.com\/\",\"name\":\"\",\"description\":\"\",\"potentialAction\":[{\"@type\":\"SearchAction\",\"target\":{\"@type\":\"EntryPoint\",\"urlTemplate\":\"https:\/\/www.oknobuild.com\/?s={search_term_string}\"},\"query-input\":{\"@type\":\"PropertyValueSpecification\",\"valueRequired\":true,\"valueName\":\"search_term_string\"}}],\"inLanguage\":\"cs\"}]}<\/script>\n<!-- \/ Yoast SEO plugin. -->","yoast_head_json":{"title":"Ak\u010dn\u00ed Cena HOPA Asymetrick\u00e1 vana Avita 160x75 cm -","robots":{"index":"index","follow":"follow","max-snippet":"max-snippet:-1","max-image-preview":"max-image-preview:large","max-video-preview":"max-video-preview:-1"},"canonical":"https:\/\/www.oknobuild.com\/index.php\/produkt\/akcni-cena-hopa-asymetricka-vana-avita-160x75-cm-62707\/","og_locale":"cs_CZ","og_type":"article","og_title":"Ak\u010dn\u00ed Cena HOPA Asymetrick\u00e1 vana Avita 160x75 cm -","og_description":"Popis produktu HOPA Asymetrick\u00e1 vana Avita 160&#215;75 cm Designov\u00e1 asymetrick\u00e1 vana AVITA se zaoblen\u00fdmi k\u0159ivkami. Tato vana je vhodn\u00e1 jak do mal\u00fdch, tak ale i do velk\u00fdch koupelen. Vana nab\u00edz\u00ed oboustrann\u00e9 velmi pohodln\u00e9 le\u017een\u00ed. No\u017ei\u010dky k van\u011b je nutn\u00e9 dokoupit. Nutno specifikovat pravou \u010di levou variantu. No\u017ei\u010dky k van\u011b&nbsp;je nutn\u00e9 dokoupit. Uveden\u00e1 cena je pouze [&hellip;]","og_url":"https:\/\/www.oknobuild.com\/index.php\/produkt\/akcni-cena-hopa-asymetricka-vana-avita-160x75-cm-62707\/","og_image":[{"width":600,"height":424,"url":"https:\/\/www.oknobuild.com\/wp-content\/uploads\/2026\/SK0021787-CZ20260425-092632-0-1777080397-hopa-asymetricka-vana-avita-160x75-cm-1291768.webp","type":"image\/webp"}],"twitter_card":"summary_large_image","twitter_misc":{"Odhadovan\u00e1 doba \u010dten\u00ed":"2 minuty"},"schema":{"@context":"https:\/\/schema.org","@graph":[{"@type":"WebPage","@id":"https:\/\/www.oknobuild.com\/index.php\/produkt\/akcni-cena-hopa-asymetricka-vana-avita-160x75-cm-62707\/","url":"https:\/\/www.oknobuild.com\/index.php\/produkt\/akcni-cena-hopa-asymetricka-vana-avita-160x75-cm-62707\/","name":"Ak\u010dn\u00ed Cena HOPA Asymetrick\u00e1 vana Avita 160x75 cm -","isPartOf":{"@id":"https:\/\/www.oknobuild.com\/#website"},"primaryImageOfPage":{"@id":"https:\/\/www.oknobuild.com\/index.php\/produkt\/akcni-cena-hopa-asymetricka-vana-avita-160x75-cm-62707\/#primaryimage"},"image":{"@id":"https:\/\/www.oknobuild.com\/index.php\/produkt\/akcni-cena-hopa-asymetricka-vana-avita-160x75-cm-62707\/#primaryimage"},"thumbnailUrl":"https:\/\/www.oknobuild.com\/wp-content\/uploads\/2026\/SK0021787-CZ20260425-092632-0-1777080397-hopa-asymetricka-vana-avita-160x75-cm-1291768.webp","datePublished":"2026-04-27T04:43:24+00:00","breadcrumb":{"@id":"https:\/\/www.oknobuild.com\/index.php\/produkt\/akcni-cena-hopa-asymetricka-vana-avita-160x75-cm-62707\/#breadcrumb"},"inLanguage":"cs","potentialAction":[{"@type":"ReadAction","target":["https:\/\/www.oknobuild.com\/index.php\/produkt\/akcni-cena-hopa-asymetricka-vana-avita-160x75-cm-62707\/"]}]},{"@type":"ImageObject","inLanguage":"cs","@id":"https:\/\/www.oknobuild.com\/index.php\/produkt\/akcni-cena-hopa-asymetricka-vana-avita-160x75-cm-62707\/#primaryimage","url":"https:\/\/www.oknobuild.com\/wp-content\/uploads\/2026\/SK0021787-CZ20260425-092632-0-1777080397-hopa-asymetricka-vana-avita-160x75-cm-1291768.webp","contentUrl":"https:\/\/www.oknobuild.com\/wp-content\/uploads\/2026\/SK0021787-CZ20260425-092632-0-1777080397-hopa-asymetricka-vana-avita-160x75-cm-1291768.webp","width":600,"height":424},{"@type":"BreadcrumbList","@id":"https:\/\/www.oknobuild.com\/index.php\/produkt\/akcni-cena-hopa-asymetricka-vana-avita-160x75-cm-62707\/#breadcrumb","itemListElement":[{"@type":"ListItem","position":1,"name":"Home","item":"https:\/\/www.oknobuild.com\/"},{"@type":"ListItem","position":2,"name":"Products","item":"https:\/\/www.oknobuild.com\/index.php\/products\/"},{"@type":"ListItem","position":3,"name":"Ak\u010dn\u00ed Cena HOPA Asymetrick\u00e1 vana Avita 160&#215;75 cm"}]},{"@type":"WebSite","@id":"https:\/\/www.oknobuild.com\/#website","url":"https:\/\/www.oknobuild.com\/","name":"","description":"","potentialAction":[{"@type":"SearchAction","target":{"@type":"EntryPoint","urlTemplate":"https:\/\/www.oknobuild.com\/?s={search_term_string}"},"query-input":{"@type":"PropertyValueSpecification","valueRequired":true,"valueName":"search_term_string"}}],"inLanguage":"cs"}]}},"_links":{"self":[{"href":"https:\/\/www.oknobuild.com\/index.php\/wp-json\/wp\/v2\/product\/62707","targetHints":{"allow":["GET"]}}],"collection":[{"href":"https:\/\/www.oknobuild.com\/index.php\/wp-json\/wp\/v2\/product"}],"about":[{"href":"https:\/\/www.oknobuild.com\/index.php\/wp-json\/wp\/v2\/types\/product"}],"replies":[{"embeddable":true,"href":"https:\/\/www.oknobuild.com\/index.php\/wp-json\/wp\/v2\/comments?post=62707"}],"wp:featuredmedia":[{"embeddable":true,"href":"https:\/\/www.oknobuild.com\/index.php\/wp-json\/wp\/v2\/media\/62807"}],"wp:attachment":[{"href":"https:\/\/www.oknobuild.com\/index.php\/wp-json\/wp\/v2\/media?parent=62707"}],"wp:term":[{"taxonomy":"product_brand","embeddable":true,"href":"https:\/\/www.oknobuild.com\/index.php\/wp-json\/wp\/v2\/product_brand?post=62707"},{"taxonomy":"product_cat","embeddable":true,"href":"https:\/\/www.oknobuild.com\/index.php\/wp-json\/wp\/v2\/product_cat?post=62707"},{"taxonomy":"product_tag","embeddable":true,"href":"https:\/\/www.oknobuild.com\/index.php\/wp-json\/wp\/v2\/product_tag?post=62707"}],"curies":[{"name":"wp","href":"https:\/\/api.w.org\/{rel}","templated":true}]}}