{"id":62779,"date":"2026-04-27T04:43:24","date_gmt":"2026-04-27T04:43:24","guid":{"rendered":""},"modified":"2026-04-27T04:43:24","modified_gmt":"2026-04-27T04:43:24","slug":"akce-mereo-sprchovy-kout-novea-obdelnikovy-80x120-cm-zalamovaci-dvere-ck11843zvr-62779","status":"publish","type":"product","link":"https:\/\/www.oknobuild.com\/index.php\/produkt\/akce-mereo-sprchovy-kout-novea-obdelnikovy-80x120-cm-zalamovaci-dvere-ck11843zvr-62779\/","title":{"rendered":"Akce Mereo Sprchov\u00fd kout Novea obd\u00e9ln\u00edkov\u00fd 80&#215;120 cm, zalamovac\u00ed dve\u0159e &#8211; CK11843ZVR"},"content":{"rendered":"<div class=\"ProductDetail-content NoFixImageContainer\" id=\"productDescription\">\n<div class=\"Heading\">\n<h2 class=\"Heading-title\">Popis produktu <span class=''>Mereo Sprchov\u00fd kout Novea obd\u00e9ln\u00edkov\u00fd 80&#215;120 cm, zalamovac\u00ed dve\u0159e &#8211; CK11843ZVR<\/span><\/h2>\n<\/p><\/div>\n<div class=\"ProductDetailContent\">                                                                    <\/div>\n<div class=\"ProductDetailContent\">\n<div class=\"ProductDetailContent-item\">                                            \u0158ada sprchov\u00fdch dve\u0159\u00ed a kout\u016f\u00a0Novea\u00a0bez v\u00fdhrady spl\u0148uje posl\u00e1n\u00ed zna\u010dky Mereo.\u00a0\u201eP\u0159in\u00e9st jedine\u010dn\u00fdm lidem jedine\u010dn\u00e1 \u0159e\u0161en\u00ed do jejich koupelen a domov\u016f\u201c<\/p>\n<p>Tato s\u00e9rie se st\u00e1v\u00e1\u00a0\u0161pi\u010dkou ve sv\u00e9m segmentu, proto\u017ee\u00a0 je vyvinuta na m\u00edru podle p\u0159\u00e1n\u00ed a po\u017eadavk\u016f u\u017eivatel\u016f.\u00a0 D\u00edky p\u0159idan\u00fdm nad\u010dasov\u00fdm technick\u00fdm \u0159e\u0161en\u00edm, spl\u0148uj\u00ed sv\u00fdm u\u017eivatel\u016fm ty nejp\u0159\u00edsn\u011bj\u0161\u00ed po\u017eadavky pro komfort i \u00fadr\u017ebu. Harmonicky promy\u0161len\u00e9 detail\u016f spojuj\u00ed eleganci a funk\u010dnost \u0159ady Novea. Sjednocen\u00fd design madel a pant\u016f je dokonalou uk\u00e1zkou kvalitn\u00edho d\u00edlensk\u00e9ho zpracov\u00e1n\u00ed. Chytr\u00e9 \u0159e\u0161en\u00ed pant\u016f, kter\u00e9 jsou\u00a0z vnit\u0159n\u00ed strany zapu\u0161t\u011bn\u00e9 do skla umo\u017e\u0148uje set\u0159\u00edt sklo st\u011brkou bez zadrhnut\u00ed, nebo vyh\u00fdb\u00e1n\u00ed.\u00a0Stavitelnost pant\u016f nav\u00edc umo\u017e\u0148uje perfektn\u00ed se\u0159\u00edzen\u00ed dve\u0159\u00ed. Zvedac\u00ed syst\u00e9m pant\u016f s aretac\u00ed v krajn\u00edch poloh\u00e1ch umo\u017e\u0148uje tich\u00e9\u00a0komfortn\u00ed otev\u00edr\u00e1n\u00ed bez nep\u0159\u00edjemn\u00e9ho drhnut\u00ed spodn\u00edho\u00a0t\u011bsn\u011bn\u00ed o podlahu.<\/p>\n<p>Vzr\u016fstaj\u00edc\u00ed populace jist\u011b ocen\u00ed v\u00fd\u0161ku dve\u0159\u00ed i kout\u016f, kter\u00e1 dosahuje 200 cm.<br \/>Bezpe\u010dnostn\u00ed sklo o tlou\u0161\u0165ce 6 mm a je ji\u017e z v\u00fdroby o\u0161et\u0159eno povrchovou \u00fapravou EASY CLEAN.\u00a0\u00a0Tato vrstva vyu\u017e\u00edv\u00e1 Nanotechnologie, je vodoodpudiv\u00e1, zabra\u0148uje\u00a0usazov\u00e1n\u00ed ne\u010distot na skle a sklo je tak snadno \u010distiteln\u00e9. Vrstva je odoln\u00e1 v\u016f\u010di \u010dist\u00edc\u00edm p\u0159\u00edpravk\u016fm, b\u011b\u017en\u011b pou\u017e\u00edvan\u00fdm na okna a sklen\u011bn\u00e9 v\u00fdpln\u011b.\u00a0\u00a0<\/p>\n<p>Snadn\u00e9 zav\u0159en\u00ed a t\u011bsnost zaji\u0161\u0165uj\u00ed st\u00edrac\u00ed a silikonov\u00e9 li\u0161ty, opat\u0159en\u00e9 na vstupn\u00ed \u010d\u00e1sti magnetem, nejedn\u00e1 se v\u0161ak o hermeticky uzav\u0159en\u00fd v\u00fdrobek. Prahov\u00e1 li\u0161ta i okapni\u010dka na pohybliv\u00e9 \u010d\u00e1sti dopl\u0148uj\u00ed prakti\u010dnost a design v\u00fdrobku a zaji\u0161\u0165uj\u00ed odtok vody zp\u011bt do vani\u010dky.\u00a0\u00a0<\/p>\n<p>V\u0161echny d\u00edly vyhovuj\u00ed technick\u00fdm i hygienick\u00fdm norm\u00e1m a p\u0159edpis\u016fm.                                        <\/div>\n<div class=\"ProductDetailContent-item\">\n<ul>\n<li>Sklo: <strong>\u010cir\u00e9<\/strong><\/li>\n<li>Tvar: <strong>Obd\u00e9ln\u00edk<\/strong><\/li>\n<li>Barva: <strong>Chrom<\/strong><\/li>\n<li>Panty: <strong>Hranat\u00e9<\/strong><\/li>\n<li>S\u00e9rie: <strong>Novea<\/strong><\/li>\n<li>\u0160\u00ed\u0159ka: <strong>800 mm<\/strong><\/li>\n<li>Hloubka: <strong>1200 mm<\/strong><\/li>\n<li>Materi\u00e1l: <strong>Hlin\u00edkov\u00e9 profily<\/strong><\/li>\n<li>Proveden\u00ed: <strong>L\/P univers\u00e1ln\u00ed<\/strong><\/li>\n<li>Konstrukce: <strong>Dve\u0159e \/ Dve\u0159e<\/strong><\/li>\n<li>D\u00e9lka\/V\u00fd\u0161ka: <strong>2000 mm<\/strong><\/li>\n<li>Tlou\u0161\u0165ka skla: <strong>6 mm<\/strong><\/li>\n<li>Vstupn\u00ed otvor: <strong>1136<\/strong><\/li>\n<li>Zp\u016fsob otev\u00edr\u00e1n\u00ed: <strong>Zalamovac\u00ed<\/strong><\/li>\n<li>Ochrann\u00e1 vrstva skla: <strong>EASY CLEAN<\/strong><\/li>\n<li>Stavitelnost na st\u0159ed profilu: <strong>762-775 x1162-1175<\/strong><\/li>\n<\/ul><\/div>\n<div class=\"ProductDetailContent-item\">\n<div style=\"background-color:#f9f9f9; border-left:5px solid #4caf50; border-radius:8px; box-shadow:0 4px 12px rgba(0,0,0,0.1); font-family:Arial,sans-serif; margin-bottom:20px; padding:25px 20px 20px 20px; position:relative\"><!-- Ikona info v lev\u00e9m horn\u00edm rohu --><\/p>\n<div style=\"align-items:center; background-color:#4caf50; border-radius:50%; color:#ffffff; display:flex; font-size:18px; font-weight:bold; height:30px; justify-content:center; left:-10px; position:absolute; top:-10px; width:30px\">i<\/div>\n<h3 style=\"margin-left:15px\">\u2705 Nab\u00edz\u00edme profesion\u00e1ln\u00ed mont\u00e1\u017e sprchov\u00e9ho koutu \u2013 precizn\u011b a bez starost\u00ed<\/h3>\n<p>Kvalitn\u00ed mont\u00e1\u017e <strong>sprchov\u00e9ho koutu<\/strong> je kl\u00ed\u010dov\u00e1 pro jeho bezprobl\u00e9mov\u00e9 fungov\u00e1n\u00ed, dlouhou \u017eivotnost a maxim\u00e1ln\u00ed t\u011bsnost. A\u0165 u\u017e se jedn\u00e1 o <strong>\u010dtvrtkruhov\u00fd<\/strong>, <strong>\u010dtvercov\u00fd<\/strong>, <strong>obd\u00e9ln\u00edkov\u00fd<\/strong> \u010di <strong>asymetrick\u00fd<\/strong> sprchov\u00fd kout, spr\u00e1vn\u00e9 usazen\u00ed a ut\u011bsn\u011bn\u00ed jsou nezbytn\u00e9 pro komfortn\u00ed a bezpe\u010dn\u00e9 sprchov\u00e1n\u00ed.<\/p>\n<p><strong>Nab\u00edz\u00edme odbornou mont\u00e1\u017e sprchov\u00fdch kout\u016f v\u0161ech typ\u016f i zna\u010dek<\/strong>. Provedeme p\u0159esn\u00e9 zam\u011b\u0159en\u00ed, p\u0159\u00edpravu podkladu a profesion\u00e1ln\u00ed instalaci na <strong>sprchovou vani\u010dku<\/strong> \u010di podlahu se <strong>sprchov\u00fdm \u017elabem<\/strong>. Samoz\u0159ejmost\u00ed je d\u016fsledn\u00e1 kontrola funk\u010dnosti a \u010dist\u00fd v\u00fdstup po dokon\u010den\u00ed prac\u00ed.<\/p>\n<p><strong>Mont\u00e1\u017e sprchov\u00e9ho koutu p\u0159enechte odborn\u00edk\u016fm<\/strong>, vyhnete se tak zbyte\u010dn\u00fdm komplikac\u00edm a zajist\u00edte si precizn\u00ed v\u00fdsledek. Pracujeme rychle, spolehliv\u011b a db\u00e1me na ka\u017ed\u00fd detail. Kontaktujte n\u00e1s a sd\u011blte n\u00e1m sv\u00e9 po\u017eadavky, r\u00e1di v\u00e1m pom\u016f\u017eeme.<\/p>\n<p><strong>Mont\u00e1\u017e sprchov\u00e9ho koutu<\/strong> nab\u00edz\u00edme pouze pro <strong>N\u00e1chodsko<\/strong> a <strong>Trutnovsko<\/strong>.<\/p>\n<\/div><\/div>\n<\/p><\/div>\n<\/p><\/div>\n<\/p><\/div>\n<\/p><\/div>\n","protected":false},"excerpt":{"rendered":"<p>Popis produktu Mereo Sprchov\u00fd kout Novea obd\u00e9ln\u00edkov\u00fd 80&#215;120 cm, zalamovac\u00ed dve\u0159e &#8211; CK11843ZVR \u0158ada sprchov\u00fdch dve\u0159\u00ed a kout\u016f\u00a0Novea\u00a0bez v\u00fdhrady spl\u0148uje posl\u00e1n\u00ed zna\u010dky Mereo.\u00a0\u201eP\u0159in\u00e9st jedine\u010dn\u00fdm lidem jedine\u010dn\u00e1 \u0159e\u0161en\u00ed do jejich koupelen a domov\u016f\u201c Tato s\u00e9rie se st\u00e1v\u00e1\u00a0\u0161pi\u010dkou ve sv\u00e9m segmentu, proto\u017ee\u00a0 je vyvinuta na m\u00edru podle p\u0159\u00e1n\u00ed a po\u017eadavk\u016f u\u017eivatel\u016f.\u00a0 D\u00edky p\u0159idan\u00fdm nad\u010dasov\u00fdm technick\u00fdm \u0159e\u0161en\u00edm, spl\u0148uj\u00ed [&hellip;]<\/p>\n","protected":false},"featured_media":62879,"comment_status":"open","ping_status":"open","template":"","meta":[],"product_brand":[],"product_cat":[65],"product_tag":[],"class_list":{"0":"post-62779","1":"product","2":"type-product","3":"status-publish","4":"has-post-thumbnail","6":"product_cat-koupelny","8":"first","9":"instock","10":"sale","11":"shipping-taxable","12":"purchasable","13":"product-type-simple"},"yoast_head":"<!-- This site is optimized with the Yoast SEO plugin v26.8 - https:\/\/yoast.com\/product\/yoast-seo-wordpress\/ -->\n<title>Akce Mereo Sprchov\u00fd kout Novea obd\u00e9ln\u00edkov\u00fd 80x120 cm, zalamovac\u00ed dve\u0159e - CK11843ZVR -<\/title>\n<meta name=\"robots\" content=\"index, follow, max-snippet:-1, max-image-preview:large, max-video-preview:-1\" \/>\n<link rel=\"canonical\" href=\"https:\/\/www.oknobuild.com\/index.php\/produkt\/akce-mereo-sprchovy-kout-novea-obdelnikovy-80x120-cm-zalamovaci-dvere-ck11843zvr-62779\/\" \/>\n<meta property=\"og:locale\" content=\"cs_CZ\" \/>\n<meta property=\"og:type\" content=\"article\" \/>\n<meta property=\"og:title\" content=\"Akce Mereo Sprchov\u00fd kout Novea obd\u00e9ln\u00edkov\u00fd 80x120 cm, zalamovac\u00ed dve\u0159e - CK11843ZVR -\" \/>\n<meta property=\"og:description\" content=\"Popis produktu Mereo Sprchov\u00fd kout Novea obd\u00e9ln\u00edkov\u00fd 80&#215;120 cm, zalamovac\u00ed dve\u0159e &#8211; CK11843ZVR \u0158ada sprchov\u00fdch dve\u0159\u00ed a kout\u016f\u00a0Novea\u00a0bez v\u00fdhrady spl\u0148uje posl\u00e1n\u00ed zna\u010dky Mereo.\u00a0\u201eP\u0159in\u00e9st jedine\u010dn\u00fdm lidem jedine\u010dn\u00e1 \u0159e\u0161en\u00ed do jejich koupelen a domov\u016f\u201c Tato s\u00e9rie se st\u00e1v\u00e1\u00a0\u0161pi\u010dkou ve sv\u00e9m segmentu, proto\u017ee\u00a0 je vyvinuta na m\u00edru podle p\u0159\u00e1n\u00ed a po\u017eadavk\u016f u\u017eivatel\u016f.\u00a0 D\u00edky p\u0159idan\u00fdm nad\u010dasov\u00fdm technick\u00fdm \u0159e\u0161en\u00edm, spl\u0148uj\u00ed [&hellip;]\" \/>\n<meta property=\"og:url\" content=\"https:\/\/www.oknobuild.com\/index.php\/produkt\/akce-mereo-sprchovy-kout-novea-obdelnikovy-80x120-cm-zalamovaci-dvere-ck11843zvr-62779\/\" \/>\n<meta property=\"og:image\" content=\"https:\/\/www.oknobuild.com\/wp-content\/uploads\/2026\/SK0021859-CZ20260425-092632-0-1777080397-mereo-sprchovy-kout-novea-obdelnikovy-80x120-cm-zalamovaci-.webp\" \/>\n\t<meta property=\"og:image:width\" content=\"600\" \/>\n\t<meta property=\"og:image:height\" content=\"600\" \/>\n\t<meta property=\"og:image:type\" content=\"image\/webp\" \/>\n<meta name=\"twitter:card\" content=\"summary_large_image\" \/>\n<meta name=\"twitter:label1\" content=\"Odhadovan\u00e1 doba \u010dten\u00ed\" \/>\n\t<meta name=\"twitter:data1\" content=\"3 minuty\" \/>\n<script type=\"application\/ld+json\" class=\"yoast-schema-graph\">{\"@context\":\"https:\/\/schema.org\",\"@graph\":[{\"@type\":\"WebPage\",\"@id\":\"https:\/\/www.oknobuild.com\/index.php\/produkt\/akce-mereo-sprchovy-kout-novea-obdelnikovy-80x120-cm-zalamovaci-dvere-ck11843zvr-62779\/\",\"url\":\"https:\/\/www.oknobuild.com\/index.php\/produkt\/akce-mereo-sprchovy-kout-novea-obdelnikovy-80x120-cm-zalamovaci-dvere-ck11843zvr-62779\/\",\"name\":\"Akce Mereo Sprchov\u00fd kout Novea obd\u00e9ln\u00edkov\u00fd 80x120 cm, zalamovac\u00ed dve\u0159e - CK11843ZVR -\",\"isPartOf\":{\"@id\":\"https:\/\/www.oknobuild.com\/#website\"},\"primaryImageOfPage\":{\"@id\":\"https:\/\/www.oknobuild.com\/index.php\/produkt\/akce-mereo-sprchovy-kout-novea-obdelnikovy-80x120-cm-zalamovaci-dvere-ck11843zvr-62779\/#primaryimage\"},\"image\":{\"@id\":\"https:\/\/www.oknobuild.com\/index.php\/produkt\/akce-mereo-sprchovy-kout-novea-obdelnikovy-80x120-cm-zalamovaci-dvere-ck11843zvr-62779\/#primaryimage\"},\"thumbnailUrl\":\"https:\/\/www.oknobuild.com\/wp-content\/uploads\/2026\/SK0021859-CZ20260425-092632-0-1777080397-mereo-sprchovy-kout-novea-obdelnikovy-80x120-cm-zalamovaci-.webp\",\"datePublished\":\"2026-04-27T04:43:24+00:00\",\"breadcrumb\":{\"@id\":\"https:\/\/www.oknobuild.com\/index.php\/produkt\/akce-mereo-sprchovy-kout-novea-obdelnikovy-80x120-cm-zalamovaci-dvere-ck11843zvr-62779\/#breadcrumb\"},\"inLanguage\":\"cs\",\"potentialAction\":[{\"@type\":\"ReadAction\",\"target\":[\"https:\/\/www.oknobuild.com\/index.php\/produkt\/akce-mereo-sprchovy-kout-novea-obdelnikovy-80x120-cm-zalamovaci-dvere-ck11843zvr-62779\/\"]}]},{\"@type\":\"ImageObject\",\"inLanguage\":\"cs\",\"@id\":\"https:\/\/www.oknobuild.com\/index.php\/produkt\/akce-mereo-sprchovy-kout-novea-obdelnikovy-80x120-cm-zalamovaci-dvere-ck11843zvr-62779\/#primaryimage\",\"url\":\"https:\/\/www.oknobuild.com\/wp-content\/uploads\/2026\/SK0021859-CZ20260425-092632-0-1777080397-mereo-sprchovy-kout-novea-obdelnikovy-80x120-cm-zalamovaci-.webp\",\"contentUrl\":\"https:\/\/www.oknobuild.com\/wp-content\/uploads\/2026\/SK0021859-CZ20260425-092632-0-1777080397-mereo-sprchovy-kout-novea-obdelnikovy-80x120-cm-zalamovaci-.webp\",\"width\":600,\"height\":600},{\"@type\":\"BreadcrumbList\",\"@id\":\"https:\/\/www.oknobuild.com\/index.php\/produkt\/akce-mereo-sprchovy-kout-novea-obdelnikovy-80x120-cm-zalamovaci-dvere-ck11843zvr-62779\/#breadcrumb\",\"itemListElement\":[{\"@type\":\"ListItem\",\"position\":1,\"name\":\"Home\",\"item\":\"https:\/\/www.oknobuild.com\/\"},{\"@type\":\"ListItem\",\"position\":2,\"name\":\"Products\",\"item\":\"https:\/\/www.oknobuild.com\/index.php\/products\/\"},{\"@type\":\"ListItem\",\"position\":3,\"name\":\"Akce Mereo Sprchov\u00fd kout Novea obd\u00e9ln\u00edkov\u00fd 80&#215;120 cm, zalamovac\u00ed dve\u0159e &#8211; CK11843ZVR\"}]},{\"@type\":\"WebSite\",\"@id\":\"https:\/\/www.oknobuild.com\/#website\",\"url\":\"https:\/\/www.oknobuild.com\/\",\"name\":\"\",\"description\":\"\",\"potentialAction\":[{\"@type\":\"SearchAction\",\"target\":{\"@type\":\"EntryPoint\",\"urlTemplate\":\"https:\/\/www.oknobuild.com\/?s={search_term_string}\"},\"query-input\":{\"@type\":\"PropertyValueSpecification\",\"valueRequired\":true,\"valueName\":\"search_term_string\"}}],\"inLanguage\":\"cs\"}]}<\/script>\n<!-- \/ Yoast SEO plugin. -->","yoast_head_json":{"title":"Akce Mereo Sprchov\u00fd kout Novea obd\u00e9ln\u00edkov\u00fd 80x120 cm, zalamovac\u00ed dve\u0159e - CK11843ZVR -","robots":{"index":"index","follow":"follow","max-snippet":"max-snippet:-1","max-image-preview":"max-image-preview:large","max-video-preview":"max-video-preview:-1"},"canonical":"https:\/\/www.oknobuild.com\/index.php\/produkt\/akce-mereo-sprchovy-kout-novea-obdelnikovy-80x120-cm-zalamovaci-dvere-ck11843zvr-62779\/","og_locale":"cs_CZ","og_type":"article","og_title":"Akce Mereo Sprchov\u00fd kout Novea obd\u00e9ln\u00edkov\u00fd 80x120 cm, zalamovac\u00ed dve\u0159e - CK11843ZVR -","og_description":"Popis produktu Mereo Sprchov\u00fd kout Novea obd\u00e9ln\u00edkov\u00fd 80&#215;120 cm, zalamovac\u00ed dve\u0159e &#8211; CK11843ZVR \u0158ada sprchov\u00fdch dve\u0159\u00ed a kout\u016f\u00a0Novea\u00a0bez v\u00fdhrady spl\u0148uje posl\u00e1n\u00ed zna\u010dky Mereo.\u00a0\u201eP\u0159in\u00e9st jedine\u010dn\u00fdm lidem jedine\u010dn\u00e1 \u0159e\u0161en\u00ed do jejich koupelen a domov\u016f\u201c Tato s\u00e9rie se st\u00e1v\u00e1\u00a0\u0161pi\u010dkou ve sv\u00e9m segmentu, proto\u017ee\u00a0 je vyvinuta na m\u00edru podle p\u0159\u00e1n\u00ed a po\u017eadavk\u016f u\u017eivatel\u016f.\u00a0 D\u00edky p\u0159idan\u00fdm nad\u010dasov\u00fdm technick\u00fdm \u0159e\u0161en\u00edm, spl\u0148uj\u00ed [&hellip;]","og_url":"https:\/\/www.oknobuild.com\/index.php\/produkt\/akce-mereo-sprchovy-kout-novea-obdelnikovy-80x120-cm-zalamovaci-dvere-ck11843zvr-62779\/","og_image":[{"width":600,"height":600,"url":"https:\/\/www.oknobuild.com\/wp-content\/uploads\/2026\/SK0021859-CZ20260425-092632-0-1777080397-mereo-sprchovy-kout-novea-obdelnikovy-80x120-cm-zalamovaci-.webp","type":"image\/webp"}],"twitter_card":"summary_large_image","twitter_misc":{"Odhadovan\u00e1 doba \u010dten\u00ed":"3 minuty"},"schema":{"@context":"https:\/\/schema.org","@graph":[{"@type":"WebPage","@id":"https:\/\/www.oknobuild.com\/index.php\/produkt\/akce-mereo-sprchovy-kout-novea-obdelnikovy-80x120-cm-zalamovaci-dvere-ck11843zvr-62779\/","url":"https:\/\/www.oknobuild.com\/index.php\/produkt\/akce-mereo-sprchovy-kout-novea-obdelnikovy-80x120-cm-zalamovaci-dvere-ck11843zvr-62779\/","name":"Akce Mereo Sprchov\u00fd kout Novea obd\u00e9ln\u00edkov\u00fd 80x120 cm, zalamovac\u00ed dve\u0159e - CK11843ZVR -","isPartOf":{"@id":"https:\/\/www.oknobuild.com\/#website"},"primaryImageOfPage":{"@id":"https:\/\/www.oknobuild.com\/index.php\/produkt\/akce-mereo-sprchovy-kout-novea-obdelnikovy-80x120-cm-zalamovaci-dvere-ck11843zvr-62779\/#primaryimage"},"image":{"@id":"https:\/\/www.oknobuild.com\/index.php\/produkt\/akce-mereo-sprchovy-kout-novea-obdelnikovy-80x120-cm-zalamovaci-dvere-ck11843zvr-62779\/#primaryimage"},"thumbnailUrl":"https:\/\/www.oknobuild.com\/wp-content\/uploads\/2026\/SK0021859-CZ20260425-092632-0-1777080397-mereo-sprchovy-kout-novea-obdelnikovy-80x120-cm-zalamovaci-.webp","datePublished":"2026-04-27T04:43:24+00:00","breadcrumb":{"@id":"https:\/\/www.oknobuild.com\/index.php\/produkt\/akce-mereo-sprchovy-kout-novea-obdelnikovy-80x120-cm-zalamovaci-dvere-ck11843zvr-62779\/#breadcrumb"},"inLanguage":"cs","potentialAction":[{"@type":"ReadAction","target":["https:\/\/www.oknobuild.com\/index.php\/produkt\/akce-mereo-sprchovy-kout-novea-obdelnikovy-80x120-cm-zalamovaci-dvere-ck11843zvr-62779\/"]}]},{"@type":"ImageObject","inLanguage":"cs","@id":"https:\/\/www.oknobuild.com\/index.php\/produkt\/akce-mereo-sprchovy-kout-novea-obdelnikovy-80x120-cm-zalamovaci-dvere-ck11843zvr-62779\/#primaryimage","url":"https:\/\/www.oknobuild.com\/wp-content\/uploads\/2026\/SK0021859-CZ20260425-092632-0-1777080397-mereo-sprchovy-kout-novea-obdelnikovy-80x120-cm-zalamovaci-.webp","contentUrl":"https:\/\/www.oknobuild.com\/wp-content\/uploads\/2026\/SK0021859-CZ20260425-092632-0-1777080397-mereo-sprchovy-kout-novea-obdelnikovy-80x120-cm-zalamovaci-.webp","width":600,"height":600},{"@type":"BreadcrumbList","@id":"https:\/\/www.oknobuild.com\/index.php\/produkt\/akce-mereo-sprchovy-kout-novea-obdelnikovy-80x120-cm-zalamovaci-dvere-ck11843zvr-62779\/#breadcrumb","itemListElement":[{"@type":"ListItem","position":1,"name":"Home","item":"https:\/\/www.oknobuild.com\/"},{"@type":"ListItem","position":2,"name":"Products","item":"https:\/\/www.oknobuild.com\/index.php\/products\/"},{"@type":"ListItem","position":3,"name":"Akce Mereo Sprchov\u00fd kout Novea obd\u00e9ln\u00edkov\u00fd 80&#215;120 cm, zalamovac\u00ed dve\u0159e &#8211; CK11843ZVR"}]},{"@type":"WebSite","@id":"https:\/\/www.oknobuild.com\/#website","url":"https:\/\/www.oknobuild.com\/","name":"","description":"","potentialAction":[{"@type":"SearchAction","target":{"@type":"EntryPoint","urlTemplate":"https:\/\/www.oknobuild.com\/?s={search_term_string}"},"query-input":{"@type":"PropertyValueSpecification","valueRequired":true,"valueName":"search_term_string"}}],"inLanguage":"cs"}]}},"_links":{"self":[{"href":"https:\/\/www.oknobuild.com\/index.php\/wp-json\/wp\/v2\/product\/62779","targetHints":{"allow":["GET"]}}],"collection":[{"href":"https:\/\/www.oknobuild.com\/index.php\/wp-json\/wp\/v2\/product"}],"about":[{"href":"https:\/\/www.oknobuild.com\/index.php\/wp-json\/wp\/v2\/types\/product"}],"replies":[{"embeddable":true,"href":"https:\/\/www.oknobuild.com\/index.php\/wp-json\/wp\/v2\/comments?post=62779"}],"wp:featuredmedia":[{"embeddable":true,"href":"https:\/\/www.oknobuild.com\/index.php\/wp-json\/wp\/v2\/media\/62879"}],"wp:attachment":[{"href":"https:\/\/www.oknobuild.com\/index.php\/wp-json\/wp\/v2\/media?parent=62779"}],"wp:term":[{"taxonomy":"product_brand","embeddable":true,"href":"https:\/\/www.oknobuild.com\/index.php\/wp-json\/wp\/v2\/product_brand?post=62779"},{"taxonomy":"product_cat","embeddable":true,"href":"https:\/\/www.oknobuild.com\/index.php\/wp-json\/wp\/v2\/product_cat?post=62779"},{"taxonomy":"product_tag","embeddable":true,"href":"https:\/\/www.oknobuild.com\/index.php\/wp-json\/wp\/v2\/product_tag?post=62779"}],"curies":[{"name":"wp","href":"https:\/\/api.w.org\/{rel}","templated":true}]}}