{"id":62978,"date":"2026-04-27T04:43:24","date_gmt":"2026-04-27T04:43:24","guid":{"rendered":""},"modified":"2026-04-27T04:43:24","modified_gmt":"2026-04-27T04:43:24","slug":"dlazba-finzea-glossy-marbles-bosco-crema-60x120-cm-lestena-bal-1-44-m2-expresni-doruceni-62978","status":"publish","type":"product","link":"https:\/\/www.oknobuild.com\/index.php\/produkt\/dlazba-finzea-glossy-marbles-bosco-crema-60x120-cm-lestena-bal-1-44-m2-expresni-doruceni-62978\/","title":{"rendered":"Dla\u017eba Finzea Glossy Marbles bosco crema 60&#215;120 cm le\u0161t\u011bn\u00e1 (bal=1,44 m2) Expresn\u00ed Doru\u010den\u00ed"},"content":{"rendered":"<div class=\"ProductDetail-content NoFixImageContainer\" id=\"productDescription\">\n<div class=\"Heading\">\n<h2 class=\"Heading-title\">Popis produktu <span class=''>Dla\u017eba Finzea Glossy Marbles bosco crema 60&#215;120 cm le\u0161t\u011bn\u00e1 (bal=1,44 m2)<\/span><\/h2>\n<\/p><\/div>\n<div class=\"ProductDetailContent\">\n<ul>\n<li><span style=\"font-size:16px\">Po\u010det v balen\u00ed 2 ks<\/span><\/li>\n<li><span style=\"font-size:16px\">Druh v\u00fdrobku dla\u017eba<\/span><\/li>\n<li><span style=\"font-size:16px\">Materi\u00e1l keramika<\/span><\/li>\n<li><span style=\"font-size:16px\">Ur\u010den\u00ed interi\u00e9r, <\/span>exteri\u00e9r (jen st\u011bna)<\/li>\n<li><span style=\"font-size:16px\">Barva popisn\u00e1 bosco crema<\/span><\/li>\n<li><span style=\"font-size:16px\">Barva z\u00e1kladn\u00ed b\u00e9\u017eov\u00e1<\/span><\/li>\n<li><span style=\"font-size:16px\">Design mramor<\/span><\/li>\n<li><span style=\"font-size:16px\">Povrch le\u0161t\u011bn\u00e1<\/span><\/li>\n<li><span style=\"font-size:16px\">Jakost I. jakost<\/span><\/li>\n<\/ul>\n<div><span style=\"font-size:16px\">Rozm\u011bry<\/span><\/div>\n<ul>\n<li><span style=\"font-size:16px\">Deklarovan\u00fd rozm\u011br (cm) 60&#215;120<\/span><\/li>\n<li><span style=\"font-size:16px\">Jmenovit\u00fd rozm\u011br (cm) 60&#215;120<\/span><\/li>\n<li><span style=\"font-size:16px\">Tlou\u0161\u0165ka (mm) 8,5 mm<\/span><\/li>\n<\/ul>\n<div><span style=\"font-size:16px\">Technick\u00e9 parametry<\/span><\/div>\n<ul>\n<li><span style=\"font-size:16px\">Rektifikace ano<\/span><\/li>\n<li><span style=\"font-size:16px\">Nas\u00e1kavost E&lt;0,5% GLA<\/span><\/li>\n<li><span style=\"font-size:16px\">Ot\u011bruvzdornost PEI 3 \u2013 st\u0159edn\u00ed odolnost<\/span><\/li>\n<li><span style=\"font-size:16px\">Tvar obd\u00e9ln\u00edk<\/span><\/li>\n<li><span style=\"font-size:16px\">Velkoform\u00e1t ano<\/span><\/li>\n<li><span style=\"font-size:16px\">Mrazuvzdornost ano<\/span><\/li>\n<li><span style=\"font-size:16px\">Po\u010det design\u016f 9<\/span><\/li>\n<\/ul><\/div>\n<div class=\"ProductDetailContent\">                                                                    <\/div>\n<\/p><\/div>\n<\/p><\/div>\n<\/p><\/div>\n","protected":false},"excerpt":{"rendered":"<p>Popis produktu Dla\u017eba Finzea Glossy Marbles bosco crema 60&#215;120 cm le\u0161t\u011bn\u00e1 (bal=1,44 m2) Po\u010det v balen\u00ed 2 ks Druh v\u00fdrobku dla\u017eba Materi\u00e1l keramika Ur\u010den\u00ed interi\u00e9r, exteri\u00e9r (jen st\u011bna) Barva popisn\u00e1 bosco crema Barva z\u00e1kladn\u00ed b\u00e9\u017eov\u00e1 Design mramor Povrch le\u0161t\u011bn\u00e1 Jakost I. jakost Rozm\u011bry Deklarovan\u00fd rozm\u011br (cm) 60&#215;120 Jmenovit\u00fd rozm\u011br (cm) 60&#215;120 Tlou\u0161\u0165ka (mm) 8,5 mm [&hellip;]<\/p>\n","protected":false},"featured_media":63078,"comment_status":"open","ping_status":"open","template":"","meta":[],"product_brand":[],"product_cat":[89],"product_tag":[],"class_list":{"0":"post-62978","1":"product","2":"type-product","3":"status-publish","4":"has-post-thumbnail","6":"product_cat-dlazba-a-obklady","8":"first","9":"instock","10":"sale","11":"shipping-taxable","12":"purchasable","13":"product-type-simple"},"yoast_head":"<!-- This site is optimized with the Yoast SEO plugin v26.8 - https:\/\/yoast.com\/product\/yoast-seo-wordpress\/ -->\n<title>Dla\u017eba Finzea Glossy Marbles bosco crema 60x120 cm le\u0161t\u011bn\u00e1 (bal=1,44 m2) Expresn\u00ed Doru\u010den\u00ed -<\/title>\n<meta name=\"robots\" content=\"index, follow, max-snippet:-1, max-image-preview:large, max-video-preview:-1\" \/>\n<link rel=\"canonical\" href=\"https:\/\/www.oknobuild.com\/index.php\/produkt\/dlazba-finzea-glossy-marbles-bosco-crema-60x120-cm-lestena-bal-1-44-m2-expresni-doruceni-62978\/\" \/>\n<meta property=\"og:locale\" content=\"cs_CZ\" \/>\n<meta property=\"og:type\" content=\"article\" \/>\n<meta property=\"og:title\" content=\"Dla\u017eba Finzea Glossy Marbles bosco crema 60x120 cm le\u0161t\u011bn\u00e1 (bal=1,44 m2) Expresn\u00ed Doru\u010den\u00ed -\" \/>\n<meta property=\"og:description\" content=\"Popis produktu Dla\u017eba Finzea Glossy Marbles bosco crema 60&#215;120 cm le\u0161t\u011bn\u00e1 (bal=1,44 m2) Po\u010det v balen\u00ed 2 ks Druh v\u00fdrobku dla\u017eba Materi\u00e1l keramika Ur\u010den\u00ed interi\u00e9r, exteri\u00e9r (jen st\u011bna) Barva popisn\u00e1 bosco crema Barva z\u00e1kladn\u00ed b\u00e9\u017eov\u00e1 Design mramor Povrch le\u0161t\u011bn\u00e1 Jakost I. jakost Rozm\u011bry Deklarovan\u00fd rozm\u011br (cm) 60&#215;120 Jmenovit\u00fd rozm\u011br (cm) 60&#215;120 Tlou\u0161\u0165ka (mm) 8,5 mm [&hellip;]\" \/>\n<meta property=\"og:url\" content=\"https:\/\/www.oknobuild.com\/index.php\/produkt\/dlazba-finzea-glossy-marbles-bosco-crema-60x120-cm-lestena-bal-1-44-m2-expresni-doruceni-62978\/\" \/>\n<meta property=\"og:image\" content=\"https:\/\/www.oknobuild.com\/wp-content\/uploads\/2026\/SK0021964-CZ20260425-092632-0-1777080397-dlazba-finzea-glossy-marbles-bosco-crema-60x120-cm-lestena-.webp\" \/>\n\t<meta property=\"og:image:width\" content=\"600\" \/>\n\t<meta property=\"og:image:height\" content=\"304\" \/>\n\t<meta property=\"og:image:type\" content=\"image\/webp\" \/>\n<meta name=\"twitter:card\" content=\"summary_large_image\" \/>\n<script type=\"application\/ld+json\" class=\"yoast-schema-graph\">{\"@context\":\"https:\/\/schema.org\",\"@graph\":[{\"@type\":\"WebPage\",\"@id\":\"https:\/\/www.oknobuild.com\/index.php\/produkt\/dlazba-finzea-glossy-marbles-bosco-crema-60x120-cm-lestena-bal-1-44-m2-expresni-doruceni-62978\/\",\"url\":\"https:\/\/www.oknobuild.com\/index.php\/produkt\/dlazba-finzea-glossy-marbles-bosco-crema-60x120-cm-lestena-bal-1-44-m2-expresni-doruceni-62978\/\",\"name\":\"Dla\u017eba Finzea Glossy Marbles bosco crema 60x120 cm le\u0161t\u011bn\u00e1 (bal=1,44 m2) Expresn\u00ed Doru\u010den\u00ed -\",\"isPartOf\":{\"@id\":\"https:\/\/www.oknobuild.com\/#website\"},\"primaryImageOfPage\":{\"@id\":\"https:\/\/www.oknobuild.com\/index.php\/produkt\/dlazba-finzea-glossy-marbles-bosco-crema-60x120-cm-lestena-bal-1-44-m2-expresni-doruceni-62978\/#primaryimage\"},\"image\":{\"@id\":\"https:\/\/www.oknobuild.com\/index.php\/produkt\/dlazba-finzea-glossy-marbles-bosco-crema-60x120-cm-lestena-bal-1-44-m2-expresni-doruceni-62978\/#primaryimage\"},\"thumbnailUrl\":\"https:\/\/www.oknobuild.com\/wp-content\/uploads\/2026\/SK0021964-CZ20260425-092632-0-1777080397-dlazba-finzea-glossy-marbles-bosco-crema-60x120-cm-lestena-.webp\",\"datePublished\":\"2026-04-27T04:43:24+00:00\",\"breadcrumb\":{\"@id\":\"https:\/\/www.oknobuild.com\/index.php\/produkt\/dlazba-finzea-glossy-marbles-bosco-crema-60x120-cm-lestena-bal-1-44-m2-expresni-doruceni-62978\/#breadcrumb\"},\"inLanguage\":\"cs\",\"potentialAction\":[{\"@type\":\"ReadAction\",\"target\":[\"https:\/\/www.oknobuild.com\/index.php\/produkt\/dlazba-finzea-glossy-marbles-bosco-crema-60x120-cm-lestena-bal-1-44-m2-expresni-doruceni-62978\/\"]}]},{\"@type\":\"ImageObject\",\"inLanguage\":\"cs\",\"@id\":\"https:\/\/www.oknobuild.com\/index.php\/produkt\/dlazba-finzea-glossy-marbles-bosco-crema-60x120-cm-lestena-bal-1-44-m2-expresni-doruceni-62978\/#primaryimage\",\"url\":\"https:\/\/www.oknobuild.com\/wp-content\/uploads\/2026\/SK0021964-CZ20260425-092632-0-1777080397-dlazba-finzea-glossy-marbles-bosco-crema-60x120-cm-lestena-.webp\",\"contentUrl\":\"https:\/\/www.oknobuild.com\/wp-content\/uploads\/2026\/SK0021964-CZ20260425-092632-0-1777080397-dlazba-finzea-glossy-marbles-bosco-crema-60x120-cm-lestena-.webp\",\"width\":600,\"height\":304},{\"@type\":\"BreadcrumbList\",\"@id\":\"https:\/\/www.oknobuild.com\/index.php\/produkt\/dlazba-finzea-glossy-marbles-bosco-crema-60x120-cm-lestena-bal-1-44-m2-expresni-doruceni-62978\/#breadcrumb\",\"itemListElement\":[{\"@type\":\"ListItem\",\"position\":1,\"name\":\"Home\",\"item\":\"https:\/\/www.oknobuild.com\/\"},{\"@type\":\"ListItem\",\"position\":2,\"name\":\"Products\",\"item\":\"https:\/\/www.oknobuild.com\/index.php\/products\/\"},{\"@type\":\"ListItem\",\"position\":3,\"name\":\"Dla\u017eba Finzea Glossy Marbles bosco crema 60&#215;120 cm le\u0161t\u011bn\u00e1 (bal=1,44 m2) Expresn\u00ed Doru\u010den\u00ed\"}]},{\"@type\":\"WebSite\",\"@id\":\"https:\/\/www.oknobuild.com\/#website\",\"url\":\"https:\/\/www.oknobuild.com\/\",\"name\":\"\",\"description\":\"\",\"potentialAction\":[{\"@type\":\"SearchAction\",\"target\":{\"@type\":\"EntryPoint\",\"urlTemplate\":\"https:\/\/www.oknobuild.com\/?s={search_term_string}\"},\"query-input\":{\"@type\":\"PropertyValueSpecification\",\"valueRequired\":true,\"valueName\":\"search_term_string\"}}],\"inLanguage\":\"cs\"}]}<\/script>\n<!-- \/ Yoast SEO plugin. -->","yoast_head_json":{"title":"Dla\u017eba Finzea Glossy Marbles bosco crema 60x120 cm le\u0161t\u011bn\u00e1 (bal=1,44 m2) Expresn\u00ed Doru\u010den\u00ed -","robots":{"index":"index","follow":"follow","max-snippet":"max-snippet:-1","max-image-preview":"max-image-preview:large","max-video-preview":"max-video-preview:-1"},"canonical":"https:\/\/www.oknobuild.com\/index.php\/produkt\/dlazba-finzea-glossy-marbles-bosco-crema-60x120-cm-lestena-bal-1-44-m2-expresni-doruceni-62978\/","og_locale":"cs_CZ","og_type":"article","og_title":"Dla\u017eba Finzea Glossy Marbles bosco crema 60x120 cm le\u0161t\u011bn\u00e1 (bal=1,44 m2) Expresn\u00ed Doru\u010den\u00ed -","og_description":"Popis produktu Dla\u017eba Finzea Glossy Marbles bosco crema 60&#215;120 cm le\u0161t\u011bn\u00e1 (bal=1,44 m2) Po\u010det v balen\u00ed 2 ks Druh v\u00fdrobku dla\u017eba Materi\u00e1l keramika Ur\u010den\u00ed interi\u00e9r, exteri\u00e9r (jen st\u011bna) Barva popisn\u00e1 bosco crema Barva z\u00e1kladn\u00ed b\u00e9\u017eov\u00e1 Design mramor Povrch le\u0161t\u011bn\u00e1 Jakost I. jakost Rozm\u011bry Deklarovan\u00fd rozm\u011br (cm) 60&#215;120 Jmenovit\u00fd rozm\u011br (cm) 60&#215;120 Tlou\u0161\u0165ka (mm) 8,5 mm [&hellip;]","og_url":"https:\/\/www.oknobuild.com\/index.php\/produkt\/dlazba-finzea-glossy-marbles-bosco-crema-60x120-cm-lestena-bal-1-44-m2-expresni-doruceni-62978\/","og_image":[{"width":600,"height":304,"url":"https:\/\/www.oknobuild.com\/wp-content\/uploads\/2026\/SK0021964-CZ20260425-092632-0-1777080397-dlazba-finzea-glossy-marbles-bosco-crema-60x120-cm-lestena-.webp","type":"image\/webp"}],"twitter_card":"summary_large_image","schema":{"@context":"https:\/\/schema.org","@graph":[{"@type":"WebPage","@id":"https:\/\/www.oknobuild.com\/index.php\/produkt\/dlazba-finzea-glossy-marbles-bosco-crema-60x120-cm-lestena-bal-1-44-m2-expresni-doruceni-62978\/","url":"https:\/\/www.oknobuild.com\/index.php\/produkt\/dlazba-finzea-glossy-marbles-bosco-crema-60x120-cm-lestena-bal-1-44-m2-expresni-doruceni-62978\/","name":"Dla\u017eba Finzea Glossy Marbles bosco crema 60x120 cm le\u0161t\u011bn\u00e1 (bal=1,44 m2) Expresn\u00ed Doru\u010den\u00ed -","isPartOf":{"@id":"https:\/\/www.oknobuild.com\/#website"},"primaryImageOfPage":{"@id":"https:\/\/www.oknobuild.com\/index.php\/produkt\/dlazba-finzea-glossy-marbles-bosco-crema-60x120-cm-lestena-bal-1-44-m2-expresni-doruceni-62978\/#primaryimage"},"image":{"@id":"https:\/\/www.oknobuild.com\/index.php\/produkt\/dlazba-finzea-glossy-marbles-bosco-crema-60x120-cm-lestena-bal-1-44-m2-expresni-doruceni-62978\/#primaryimage"},"thumbnailUrl":"https:\/\/www.oknobuild.com\/wp-content\/uploads\/2026\/SK0021964-CZ20260425-092632-0-1777080397-dlazba-finzea-glossy-marbles-bosco-crema-60x120-cm-lestena-.webp","datePublished":"2026-04-27T04:43:24+00:00","breadcrumb":{"@id":"https:\/\/www.oknobuild.com\/index.php\/produkt\/dlazba-finzea-glossy-marbles-bosco-crema-60x120-cm-lestena-bal-1-44-m2-expresni-doruceni-62978\/#breadcrumb"},"inLanguage":"cs","potentialAction":[{"@type":"ReadAction","target":["https:\/\/www.oknobuild.com\/index.php\/produkt\/dlazba-finzea-glossy-marbles-bosco-crema-60x120-cm-lestena-bal-1-44-m2-expresni-doruceni-62978\/"]}]},{"@type":"ImageObject","inLanguage":"cs","@id":"https:\/\/www.oknobuild.com\/index.php\/produkt\/dlazba-finzea-glossy-marbles-bosco-crema-60x120-cm-lestena-bal-1-44-m2-expresni-doruceni-62978\/#primaryimage","url":"https:\/\/www.oknobuild.com\/wp-content\/uploads\/2026\/SK0021964-CZ20260425-092632-0-1777080397-dlazba-finzea-glossy-marbles-bosco-crema-60x120-cm-lestena-.webp","contentUrl":"https:\/\/www.oknobuild.com\/wp-content\/uploads\/2026\/SK0021964-CZ20260425-092632-0-1777080397-dlazba-finzea-glossy-marbles-bosco-crema-60x120-cm-lestena-.webp","width":600,"height":304},{"@type":"BreadcrumbList","@id":"https:\/\/www.oknobuild.com\/index.php\/produkt\/dlazba-finzea-glossy-marbles-bosco-crema-60x120-cm-lestena-bal-1-44-m2-expresni-doruceni-62978\/#breadcrumb","itemListElement":[{"@type":"ListItem","position":1,"name":"Home","item":"https:\/\/www.oknobuild.com\/"},{"@type":"ListItem","position":2,"name":"Products","item":"https:\/\/www.oknobuild.com\/index.php\/products\/"},{"@type":"ListItem","position":3,"name":"Dla\u017eba Finzea Glossy Marbles bosco crema 60&#215;120 cm le\u0161t\u011bn\u00e1 (bal=1,44 m2) Expresn\u00ed Doru\u010den\u00ed"}]},{"@type":"WebSite","@id":"https:\/\/www.oknobuild.com\/#website","url":"https:\/\/www.oknobuild.com\/","name":"","description":"","potentialAction":[{"@type":"SearchAction","target":{"@type":"EntryPoint","urlTemplate":"https:\/\/www.oknobuild.com\/?s={search_term_string}"},"query-input":{"@type":"PropertyValueSpecification","valueRequired":true,"valueName":"search_term_string"}}],"inLanguage":"cs"}]}},"_links":{"self":[{"href":"https:\/\/www.oknobuild.com\/index.php\/wp-json\/wp\/v2\/product\/62978","targetHints":{"allow":["GET"]}}],"collection":[{"href":"https:\/\/www.oknobuild.com\/index.php\/wp-json\/wp\/v2\/product"}],"about":[{"href":"https:\/\/www.oknobuild.com\/index.php\/wp-json\/wp\/v2\/types\/product"}],"replies":[{"embeddable":true,"href":"https:\/\/www.oknobuild.com\/index.php\/wp-json\/wp\/v2\/comments?post=62978"}],"wp:featuredmedia":[{"embeddable":true,"href":"https:\/\/www.oknobuild.com\/index.php\/wp-json\/wp\/v2\/media\/63078"}],"wp:attachment":[{"href":"https:\/\/www.oknobuild.com\/index.php\/wp-json\/wp\/v2\/media?parent=62978"}],"wp:term":[{"taxonomy":"product_brand","embeddable":true,"href":"https:\/\/www.oknobuild.com\/index.php\/wp-json\/wp\/v2\/product_brand?post=62978"},{"taxonomy":"product_cat","embeddable":true,"href":"https:\/\/www.oknobuild.com\/index.php\/wp-json\/wp\/v2\/product_cat?post=62978"},{"taxonomy":"product_tag","embeddable":true,"href":"https:\/\/www.oknobuild.com\/index.php\/wp-json\/wp\/v2\/product_tag?post=62978"}],"curies":[{"name":"wp","href":"https:\/\/api.w.org\/{rel}","templated":true}]}}