{"id":62980,"date":"2026-04-27T04:43:24","date_gmt":"2026-04-27T04:43:24","guid":{"rendered":""},"modified":"2026-04-27T04:43:24","modified_gmt":"2026-04-27T04:43:24","slug":"obklad-fineza-ricordi-bleu-20x20-cm-lesk-bal-1-2m2-ricp20-vyprodej-62980","status":"publish","type":"product","link":"https:\/\/www.oknobuild.com\/index.php\/produkt\/obklad-fineza-ricordi-bleu-20x20-cm-lesk-bal-1-2m2-ricp20-vyprodej-62980\/","title":{"rendered":"Obklad Fineza Ricordi bleu 20&#215;20 cm, lesk (bal=1,2m2) RICP20 V\u00fdprodej"},"content":{"rendered":"<div class=\"ProductDetail-content NoFixImageContainer\" id=\"productDescription\">\n<div class=\"Heading\">\n<h2 class=\"Heading-title\">Popis produktu <span class=''>Obklad Fineza Ricordi bleu 20&#215;20 cm, lesk (bal=1,2m2) RICP20<\/span><\/h2>\n<\/p><\/div>\n<div class=\"ProductDetailContent\">\n<ul>\n<li><span style=\"font-size:16px\">Barva popisn\u00e1: bleu<\/span><\/li>\n<li><span style=\"font-size:16px\">Barva z\u00e1kladn\u00ed: modr\u00e1<\/span><\/li>\n<li><span style=\"font-size:16px\">Design: retro<\/span><\/li>\n<li><span style=\"font-size:16px\">Druh v\u00fdrobku: obklad<\/span><\/li>\n<li>Jakost: 1<\/li>\n<li><span style=\"font-size:16px\">Materi\u00e1l: keramika<\/span><\/li>\n<li><span style=\"font-size:16px\">Nas\u00e1kavost: E&gt;10%<\/span><\/li>\n<li><span style=\"font-size:16px\">Po\u010det v balen\u00ed: 30 ks<\/span><\/li>\n<li><span style=\"font-size:16px\">Povrch: lesk<\/span><\/li>\n<li><span style=\"font-size:16px\">Ur\u010den\u00ed: interi\u00e9r<\/span><\/li>\n<\/ul><\/div>\n<div class=\"ProductDetailContent\">                                                                    <\/div>\n<\/p><\/div>\n<\/p><\/div>\n<\/p><\/div>\n","protected":false},"excerpt":{"rendered":"<p>Popis produktu Obklad Fineza Ricordi bleu 20&#215;20 cm, lesk (bal=1,2m2) RICP20 Barva popisn\u00e1: bleu Barva z\u00e1kladn\u00ed: modr\u00e1 Design: retro Druh v\u00fdrobku: obklad Jakost: 1 Materi\u00e1l: keramika Nas\u00e1kavost: E&gt;10% Po\u010det v balen\u00ed: 30 ks Povrch: lesk Ur\u010den\u00ed: interi\u00e9r<\/p>\n","protected":false},"featured_media":63080,"comment_status":"open","ping_status":"open","template":"","meta":[],"product_brand":[],"product_cat":[89],"product_tag":[],"class_list":{"0":"post-62980","1":"product","2":"type-product","3":"status-publish","4":"has-post-thumbnail","6":"product_cat-dlazba-a-obklady","8":"first","9":"instock","10":"sale","11":"shipping-taxable","12":"purchasable","13":"product-type-simple"},"yoast_head":"<!-- This site is optimized with the Yoast SEO plugin v26.8 - https:\/\/yoast.com\/product\/yoast-seo-wordpress\/ -->\n<title>Obklad Fineza Ricordi bleu 20x20 cm, lesk (bal=1,2m2) RICP20 V\u00fdprodej -<\/title>\n<meta name=\"robots\" content=\"index, follow, max-snippet:-1, max-image-preview:large, max-video-preview:-1\" \/>\n<link rel=\"canonical\" href=\"https:\/\/www.oknobuild.com\/index.php\/produkt\/obklad-fineza-ricordi-bleu-20x20-cm-lesk-bal-1-2m2-ricp20-vyprodej-62980\/\" \/>\n<meta property=\"og:locale\" content=\"cs_CZ\" \/>\n<meta property=\"og:type\" content=\"article\" \/>\n<meta property=\"og:title\" content=\"Obklad Fineza Ricordi bleu 20x20 cm, lesk (bal=1,2m2) RICP20 V\u00fdprodej -\" \/>\n<meta property=\"og:description\" content=\"Popis produktu Obklad Fineza Ricordi bleu 20&#215;20 cm, lesk (bal=1,2m2) RICP20 Barva popisn\u00e1: bleu Barva z\u00e1kladn\u00ed: modr\u00e1 Design: retro Druh v\u00fdrobku: obklad Jakost: 1 Materi\u00e1l: keramika Nas\u00e1kavost: E&gt;10% Po\u010det v balen\u00ed: 30 ks Povrch: lesk Ur\u010den\u00ed: interi\u00e9r\" \/>\n<meta property=\"og:url\" content=\"https:\/\/www.oknobuild.com\/index.php\/produkt\/obklad-fineza-ricordi-bleu-20x20-cm-lesk-bal-1-2m2-ricp20-vyprodej-62980\/\" \/>\n<meta property=\"og:image\" content=\"https:\/\/www.oknobuild.com\/wp-content\/uploads\/2026\/SK0021966-CZ20260425-092632-0-1777080397-obklad-fineza-ricordi-bleu-20x20-cm-lesk-bal-1-2m2-ricp20-9.webp\" \/>\n\t<meta property=\"og:image:width\" content=\"600\" \/>\n\t<meta property=\"og:image:height\" content=\"536\" \/>\n\t<meta property=\"og:image:type\" content=\"image\/webp\" \/>\n<meta name=\"twitter:card\" content=\"summary_large_image\" \/>\n<script type=\"application\/ld+json\" class=\"yoast-schema-graph\">{\"@context\":\"https:\/\/schema.org\",\"@graph\":[{\"@type\":\"WebPage\",\"@id\":\"https:\/\/www.oknobuild.com\/index.php\/produkt\/obklad-fineza-ricordi-bleu-20x20-cm-lesk-bal-1-2m2-ricp20-vyprodej-62980\/\",\"url\":\"https:\/\/www.oknobuild.com\/index.php\/produkt\/obklad-fineza-ricordi-bleu-20x20-cm-lesk-bal-1-2m2-ricp20-vyprodej-62980\/\",\"name\":\"Obklad Fineza Ricordi bleu 20x20 cm, lesk (bal=1,2m2) RICP20 V\u00fdprodej -\",\"isPartOf\":{\"@id\":\"https:\/\/www.oknobuild.com\/#website\"},\"primaryImageOfPage\":{\"@id\":\"https:\/\/www.oknobuild.com\/index.php\/produkt\/obklad-fineza-ricordi-bleu-20x20-cm-lesk-bal-1-2m2-ricp20-vyprodej-62980\/#primaryimage\"},\"image\":{\"@id\":\"https:\/\/www.oknobuild.com\/index.php\/produkt\/obklad-fineza-ricordi-bleu-20x20-cm-lesk-bal-1-2m2-ricp20-vyprodej-62980\/#primaryimage\"},\"thumbnailUrl\":\"https:\/\/www.oknobuild.com\/wp-content\/uploads\/2026\/SK0021966-CZ20260425-092632-0-1777080397-obklad-fineza-ricordi-bleu-20x20-cm-lesk-bal-1-2m2-ricp20-9.webp\",\"datePublished\":\"2026-04-27T04:43:24+00:00\",\"breadcrumb\":{\"@id\":\"https:\/\/www.oknobuild.com\/index.php\/produkt\/obklad-fineza-ricordi-bleu-20x20-cm-lesk-bal-1-2m2-ricp20-vyprodej-62980\/#breadcrumb\"},\"inLanguage\":\"cs\",\"potentialAction\":[{\"@type\":\"ReadAction\",\"target\":[\"https:\/\/www.oknobuild.com\/index.php\/produkt\/obklad-fineza-ricordi-bleu-20x20-cm-lesk-bal-1-2m2-ricp20-vyprodej-62980\/\"]}]},{\"@type\":\"ImageObject\",\"inLanguage\":\"cs\",\"@id\":\"https:\/\/www.oknobuild.com\/index.php\/produkt\/obklad-fineza-ricordi-bleu-20x20-cm-lesk-bal-1-2m2-ricp20-vyprodej-62980\/#primaryimage\",\"url\":\"https:\/\/www.oknobuild.com\/wp-content\/uploads\/2026\/SK0021966-CZ20260425-092632-0-1777080397-obklad-fineza-ricordi-bleu-20x20-cm-lesk-bal-1-2m2-ricp20-9.webp\",\"contentUrl\":\"https:\/\/www.oknobuild.com\/wp-content\/uploads\/2026\/SK0021966-CZ20260425-092632-0-1777080397-obklad-fineza-ricordi-bleu-20x20-cm-lesk-bal-1-2m2-ricp20-9.webp\",\"width\":600,\"height\":536},{\"@type\":\"BreadcrumbList\",\"@id\":\"https:\/\/www.oknobuild.com\/index.php\/produkt\/obklad-fineza-ricordi-bleu-20x20-cm-lesk-bal-1-2m2-ricp20-vyprodej-62980\/#breadcrumb\",\"itemListElement\":[{\"@type\":\"ListItem\",\"position\":1,\"name\":\"Home\",\"item\":\"https:\/\/www.oknobuild.com\/\"},{\"@type\":\"ListItem\",\"position\":2,\"name\":\"Products\",\"item\":\"https:\/\/www.oknobuild.com\/index.php\/products\/\"},{\"@type\":\"ListItem\",\"position\":3,\"name\":\"Obklad Fineza Ricordi bleu 20&#215;20 cm, lesk (bal=1,2m2) RICP20 V\u00fdprodej\"}]},{\"@type\":\"WebSite\",\"@id\":\"https:\/\/www.oknobuild.com\/#website\",\"url\":\"https:\/\/www.oknobuild.com\/\",\"name\":\"\",\"description\":\"\",\"potentialAction\":[{\"@type\":\"SearchAction\",\"target\":{\"@type\":\"EntryPoint\",\"urlTemplate\":\"https:\/\/www.oknobuild.com\/?s={search_term_string}\"},\"query-input\":{\"@type\":\"PropertyValueSpecification\",\"valueRequired\":true,\"valueName\":\"search_term_string\"}}],\"inLanguage\":\"cs\"}]}<\/script>\n<!-- \/ Yoast SEO plugin. -->","yoast_head_json":{"title":"Obklad Fineza Ricordi bleu 20x20 cm, lesk (bal=1,2m2) RICP20 V\u00fdprodej -","robots":{"index":"index","follow":"follow","max-snippet":"max-snippet:-1","max-image-preview":"max-image-preview:large","max-video-preview":"max-video-preview:-1"},"canonical":"https:\/\/www.oknobuild.com\/index.php\/produkt\/obklad-fineza-ricordi-bleu-20x20-cm-lesk-bal-1-2m2-ricp20-vyprodej-62980\/","og_locale":"cs_CZ","og_type":"article","og_title":"Obklad Fineza Ricordi bleu 20x20 cm, lesk (bal=1,2m2) RICP20 V\u00fdprodej -","og_description":"Popis produktu Obklad Fineza Ricordi bleu 20&#215;20 cm, lesk (bal=1,2m2) RICP20 Barva popisn\u00e1: bleu Barva z\u00e1kladn\u00ed: modr\u00e1 Design: retro Druh v\u00fdrobku: obklad Jakost: 1 Materi\u00e1l: keramika Nas\u00e1kavost: E&gt;10% Po\u010det v balen\u00ed: 30 ks Povrch: lesk Ur\u010den\u00ed: interi\u00e9r","og_url":"https:\/\/www.oknobuild.com\/index.php\/produkt\/obklad-fineza-ricordi-bleu-20x20-cm-lesk-bal-1-2m2-ricp20-vyprodej-62980\/","og_image":[{"width":600,"height":536,"url":"https:\/\/www.oknobuild.com\/wp-content\/uploads\/2026\/SK0021966-CZ20260425-092632-0-1777080397-obklad-fineza-ricordi-bleu-20x20-cm-lesk-bal-1-2m2-ricp20-9.webp","type":"image\/webp"}],"twitter_card":"summary_large_image","schema":{"@context":"https:\/\/schema.org","@graph":[{"@type":"WebPage","@id":"https:\/\/www.oknobuild.com\/index.php\/produkt\/obklad-fineza-ricordi-bleu-20x20-cm-lesk-bal-1-2m2-ricp20-vyprodej-62980\/","url":"https:\/\/www.oknobuild.com\/index.php\/produkt\/obklad-fineza-ricordi-bleu-20x20-cm-lesk-bal-1-2m2-ricp20-vyprodej-62980\/","name":"Obklad Fineza Ricordi bleu 20x20 cm, lesk (bal=1,2m2) RICP20 V\u00fdprodej -","isPartOf":{"@id":"https:\/\/www.oknobuild.com\/#website"},"primaryImageOfPage":{"@id":"https:\/\/www.oknobuild.com\/index.php\/produkt\/obklad-fineza-ricordi-bleu-20x20-cm-lesk-bal-1-2m2-ricp20-vyprodej-62980\/#primaryimage"},"image":{"@id":"https:\/\/www.oknobuild.com\/index.php\/produkt\/obklad-fineza-ricordi-bleu-20x20-cm-lesk-bal-1-2m2-ricp20-vyprodej-62980\/#primaryimage"},"thumbnailUrl":"https:\/\/www.oknobuild.com\/wp-content\/uploads\/2026\/SK0021966-CZ20260425-092632-0-1777080397-obklad-fineza-ricordi-bleu-20x20-cm-lesk-bal-1-2m2-ricp20-9.webp","datePublished":"2026-04-27T04:43:24+00:00","breadcrumb":{"@id":"https:\/\/www.oknobuild.com\/index.php\/produkt\/obklad-fineza-ricordi-bleu-20x20-cm-lesk-bal-1-2m2-ricp20-vyprodej-62980\/#breadcrumb"},"inLanguage":"cs","potentialAction":[{"@type":"ReadAction","target":["https:\/\/www.oknobuild.com\/index.php\/produkt\/obklad-fineza-ricordi-bleu-20x20-cm-lesk-bal-1-2m2-ricp20-vyprodej-62980\/"]}]},{"@type":"ImageObject","inLanguage":"cs","@id":"https:\/\/www.oknobuild.com\/index.php\/produkt\/obklad-fineza-ricordi-bleu-20x20-cm-lesk-bal-1-2m2-ricp20-vyprodej-62980\/#primaryimage","url":"https:\/\/www.oknobuild.com\/wp-content\/uploads\/2026\/SK0021966-CZ20260425-092632-0-1777080397-obklad-fineza-ricordi-bleu-20x20-cm-lesk-bal-1-2m2-ricp20-9.webp","contentUrl":"https:\/\/www.oknobuild.com\/wp-content\/uploads\/2026\/SK0021966-CZ20260425-092632-0-1777080397-obklad-fineza-ricordi-bleu-20x20-cm-lesk-bal-1-2m2-ricp20-9.webp","width":600,"height":536},{"@type":"BreadcrumbList","@id":"https:\/\/www.oknobuild.com\/index.php\/produkt\/obklad-fineza-ricordi-bleu-20x20-cm-lesk-bal-1-2m2-ricp20-vyprodej-62980\/#breadcrumb","itemListElement":[{"@type":"ListItem","position":1,"name":"Home","item":"https:\/\/www.oknobuild.com\/"},{"@type":"ListItem","position":2,"name":"Products","item":"https:\/\/www.oknobuild.com\/index.php\/products\/"},{"@type":"ListItem","position":3,"name":"Obklad Fineza Ricordi bleu 20&#215;20 cm, lesk (bal=1,2m2) RICP20 V\u00fdprodej"}]},{"@type":"WebSite","@id":"https:\/\/www.oknobuild.com\/#website","url":"https:\/\/www.oknobuild.com\/","name":"","description":"","potentialAction":[{"@type":"SearchAction","target":{"@type":"EntryPoint","urlTemplate":"https:\/\/www.oknobuild.com\/?s={search_term_string}"},"query-input":{"@type":"PropertyValueSpecification","valueRequired":true,"valueName":"search_term_string"}}],"inLanguage":"cs"}]}},"_links":{"self":[{"href":"https:\/\/www.oknobuild.com\/index.php\/wp-json\/wp\/v2\/product\/62980","targetHints":{"allow":["GET"]}}],"collection":[{"href":"https:\/\/www.oknobuild.com\/index.php\/wp-json\/wp\/v2\/product"}],"about":[{"href":"https:\/\/www.oknobuild.com\/index.php\/wp-json\/wp\/v2\/types\/product"}],"replies":[{"embeddable":true,"href":"https:\/\/www.oknobuild.com\/index.php\/wp-json\/wp\/v2\/comments?post=62980"}],"wp:featuredmedia":[{"embeddable":true,"href":"https:\/\/www.oknobuild.com\/index.php\/wp-json\/wp\/v2\/media\/63080"}],"wp:attachment":[{"href":"https:\/\/www.oknobuild.com\/index.php\/wp-json\/wp\/v2\/media?parent=62980"}],"wp:term":[{"taxonomy":"product_brand","embeddable":true,"href":"https:\/\/www.oknobuild.com\/index.php\/wp-json\/wp\/v2\/product_brand?post=62980"},{"taxonomy":"product_cat","embeddable":true,"href":"https:\/\/www.oknobuild.com\/index.php\/wp-json\/wp\/v2\/product_cat?post=62980"},{"taxonomy":"product_tag","embeddable":true,"href":"https:\/\/www.oknobuild.com\/index.php\/wp-json\/wp\/v2\/product_tag?post=62980"}],"curies":[{"name":"wp","href":"https:\/\/api.w.org\/{rel}","templated":true}]}}