{"id":62981,"date":"2026-04-27T04:43:24","date_gmt":"2026-04-27T04:43:24","guid":{"rendered":""},"modified":"2026-04-27T04:43:24","modified_gmt":"2026-04-27T04:43:24","slug":"mozaika-fineza-vision-cerna-30x30-cm-mat-vysoce-kvalitni-62981","status":"publish","type":"product","link":"https:\/\/www.oknobuild.com\/index.php\/produkt\/mozaika-fineza-vision-cerna-30x30-cm-mat-vysoce-kvalitni-62981\/","title":{"rendered":"Mozaika Fineza Vision \u010dern\u00e1 30&#215;30 cm mat Vysoce Kvalitn\u00ed"},"content":{"rendered":"<div class=\"ProductDetail-content NoFixImageContainer\" id=\"productDescription\">\n<div class=\"Heading\">\n<h2 class=\"Heading-title\">Popis produktu <span class=''>Mozaika Fineza Vision \u010dern\u00e1 30&#215;30 cm mat<\/span><\/h2>\n<\/p><\/div>\n<div class=\"ProductDetailContent\">\n<p>Rektifikovan\u00e9. Mrazuvzdorn\u00e9. Mozaika v \u010dern\u00e9 barv\u011b v imitaci mramoru o rozm\u011bru 4,8&#215;4,8 cm a tlou\u0161\u0165ce 10 mm s matn\u00fdm povrchem. Vhodn\u00e9 do interi\u00e9ru i exteri\u00e9ru. S velk\u00fdmi a nahodil\u00fdmi odchylkami v odst\u00ednu barev, struktury povrchu a kresby.<\/p>\n<ul>\n<li><span style=\"font-size:16px\">Druh v\u00fdrobku mozaika<\/span><\/li>\n<li><span style=\"font-size:16px\">Ur\u010den\u00ed exteri\u00e9r i interi\u00e9r<\/span><\/li>\n<li><span style=\"font-size:16px\">Barva popisn\u00e1 \u010dern\u00e1<\/span><\/li>\n<li><span style=\"font-size:16px\">Barva z\u00e1kladn\u00ed \u010dern\u00e1<\/span><\/li>\n<li><span style=\"font-size:16px\">Povrch mat<\/span><\/li>\n<li><span style=\"font-size:16px\">Jakost I. jakost<\/span><\/li>\n<li><span style=\"font-size:16px\">Deklarovan\u00fd rozm\u011br (cm) 4,8&#215;4,8<\/span><\/li>\n<li><span style=\"font-size:16px\">Jmenovit\u00fd rozm\u011br (cm) 30&#215;30<\/span><\/li>\n<li><span style=\"font-size:16px\">Tlou\u0161\u0165ka (mm) 10 mm<\/span><\/li>\n<li><span style=\"font-size:16px\">Rektifikace ano<\/span><\/li>\n<li><span style=\"font-size:16px\">Protiskluz R9 B<\/span><\/li>\n<li><span style=\"font-size:16px\">Nas\u00e1kavost E&lt;0,5% GLA<\/span><\/li>\n<li><span style=\"font-size:16px\">Ot\u011bruvzdornost PEI 4 \u2013 vysok\u00e1 odolnost<\/span><\/li>\n<li><span style=\"font-size:16px\">Odst\u00ednov\u00e9 kol\u00eds\u00e1n\u00ed V4 &#8211; zcela nahodil\u00e9 odchylky<\/span><\/li>\n<li><span style=\"font-size:16px\">Tvar \u010dtverec<\/span><\/li>\n<li><span style=\"font-size:16px\">Velkoform\u00e1t ne<\/span><\/li>\n<li><span style=\"font-size:16px\">Mrazuvzdornost ano<\/span><\/li>\n<\/ul><\/div>\n<div class=\"ProductDetailContent\">                                                                    <\/div>\n<\/p><\/div>\n<\/p><\/div>\n<\/p><\/div>\n","protected":false},"excerpt":{"rendered":"<p>Popis produktu Mozaika Fineza Vision \u010dern\u00e1 30&#215;30 cm mat Rektifikovan\u00e9. Mrazuvzdorn\u00e9. Mozaika v \u010dern\u00e9 barv\u011b v imitaci mramoru o rozm\u011bru 4,8&#215;4,8 cm a tlou\u0161\u0165ce 10 mm s matn\u00fdm povrchem. Vhodn\u00e9 do interi\u00e9ru i exteri\u00e9ru. S velk\u00fdmi a nahodil\u00fdmi odchylkami v odst\u00ednu barev, struktury povrchu a kresby. Druh v\u00fdrobku mozaika Ur\u010den\u00ed exteri\u00e9r i interi\u00e9r Barva popisn\u00e1 [&hellip;]<\/p>\n","protected":false},"featured_media":63081,"comment_status":"open","ping_status":"open","template":"","meta":[],"product_brand":[],"product_cat":[89],"product_tag":[],"class_list":{"0":"post-62981","1":"product","2":"type-product","3":"status-publish","4":"has-post-thumbnail","6":"product_cat-dlazba-a-obklady","8":"first","9":"instock","10":"sale","11":"shipping-taxable","12":"purchasable","13":"product-type-simple"},"yoast_head":"<!-- This site is optimized with the Yoast SEO plugin v26.8 - https:\/\/yoast.com\/product\/yoast-seo-wordpress\/ -->\n<title>Mozaika Fineza Vision \u010dern\u00e1 30x30 cm mat Vysoce Kvalitn\u00ed -<\/title>\n<meta name=\"robots\" content=\"index, follow, max-snippet:-1, max-image-preview:large, max-video-preview:-1\" \/>\n<link rel=\"canonical\" href=\"https:\/\/www.oknobuild.com\/index.php\/produkt\/mozaika-fineza-vision-cerna-30x30-cm-mat-vysoce-kvalitni-62981\/\" \/>\n<meta property=\"og:locale\" content=\"cs_CZ\" \/>\n<meta property=\"og:type\" content=\"article\" \/>\n<meta property=\"og:title\" content=\"Mozaika Fineza Vision \u010dern\u00e1 30x30 cm mat Vysoce Kvalitn\u00ed -\" \/>\n<meta property=\"og:description\" content=\"Popis produktu Mozaika Fineza Vision \u010dern\u00e1 30&#215;30 cm mat Rektifikovan\u00e9. Mrazuvzdorn\u00e9. Mozaika v \u010dern\u00e9 barv\u011b v imitaci mramoru o rozm\u011bru 4,8&#215;4,8 cm a tlou\u0161\u0165ce 10 mm s matn\u00fdm povrchem. Vhodn\u00e9 do interi\u00e9ru i exteri\u00e9ru. S velk\u00fdmi a nahodil\u00fdmi odchylkami v odst\u00ednu barev, struktury povrchu a kresby. Druh v\u00fdrobku mozaika Ur\u010den\u00ed exteri\u00e9r i interi\u00e9r Barva popisn\u00e1 [&hellip;]\" \/>\n<meta property=\"og:url\" content=\"https:\/\/www.oknobuild.com\/index.php\/produkt\/mozaika-fineza-vision-cerna-30x30-cm-mat-vysoce-kvalitni-62981\/\" \/>\n<meta property=\"og:image\" content=\"https:\/\/www.oknobuild.com\/wp-content\/uploads\/2026\/SK0021967-CZ20260425-092632-0-1777080397-mozaika-fineza-vision-cerna-30x30-cm-mat-947025.webp\" \/>\n\t<meta property=\"og:image:width\" content=\"600\" \/>\n\t<meta property=\"og:image:height\" content=\"600\" \/>\n\t<meta property=\"og:image:type\" content=\"image\/webp\" \/>\n<meta name=\"twitter:card\" content=\"summary_large_image\" \/>\n<meta name=\"twitter:label1\" content=\"Odhadovan\u00e1 doba \u010dten\u00ed\" \/>\n\t<meta name=\"twitter:data1\" content=\"1 minuta\" \/>\n<script type=\"application\/ld+json\" class=\"yoast-schema-graph\">{\"@context\":\"https:\/\/schema.org\",\"@graph\":[{\"@type\":\"WebPage\",\"@id\":\"https:\/\/www.oknobuild.com\/index.php\/produkt\/mozaika-fineza-vision-cerna-30x30-cm-mat-vysoce-kvalitni-62981\/\",\"url\":\"https:\/\/www.oknobuild.com\/index.php\/produkt\/mozaika-fineza-vision-cerna-30x30-cm-mat-vysoce-kvalitni-62981\/\",\"name\":\"Mozaika Fineza Vision \u010dern\u00e1 30x30 cm mat Vysoce Kvalitn\u00ed -\",\"isPartOf\":{\"@id\":\"https:\/\/www.oknobuild.com\/#website\"},\"primaryImageOfPage\":{\"@id\":\"https:\/\/www.oknobuild.com\/index.php\/produkt\/mozaika-fineza-vision-cerna-30x30-cm-mat-vysoce-kvalitni-62981\/#primaryimage\"},\"image\":{\"@id\":\"https:\/\/www.oknobuild.com\/index.php\/produkt\/mozaika-fineza-vision-cerna-30x30-cm-mat-vysoce-kvalitni-62981\/#primaryimage\"},\"thumbnailUrl\":\"https:\/\/www.oknobuild.com\/wp-content\/uploads\/2026\/SK0021967-CZ20260425-092632-0-1777080397-mozaika-fineza-vision-cerna-30x30-cm-mat-947025.webp\",\"datePublished\":\"2026-04-27T04:43:24+00:00\",\"breadcrumb\":{\"@id\":\"https:\/\/www.oknobuild.com\/index.php\/produkt\/mozaika-fineza-vision-cerna-30x30-cm-mat-vysoce-kvalitni-62981\/#breadcrumb\"},\"inLanguage\":\"cs\",\"potentialAction\":[{\"@type\":\"ReadAction\",\"target\":[\"https:\/\/www.oknobuild.com\/index.php\/produkt\/mozaika-fineza-vision-cerna-30x30-cm-mat-vysoce-kvalitni-62981\/\"]}]},{\"@type\":\"ImageObject\",\"inLanguage\":\"cs\",\"@id\":\"https:\/\/www.oknobuild.com\/index.php\/produkt\/mozaika-fineza-vision-cerna-30x30-cm-mat-vysoce-kvalitni-62981\/#primaryimage\",\"url\":\"https:\/\/www.oknobuild.com\/wp-content\/uploads\/2026\/SK0021967-CZ20260425-092632-0-1777080397-mozaika-fineza-vision-cerna-30x30-cm-mat-947025.webp\",\"contentUrl\":\"https:\/\/www.oknobuild.com\/wp-content\/uploads\/2026\/SK0021967-CZ20260425-092632-0-1777080397-mozaika-fineza-vision-cerna-30x30-cm-mat-947025.webp\",\"width\":600,\"height\":600},{\"@type\":\"BreadcrumbList\",\"@id\":\"https:\/\/www.oknobuild.com\/index.php\/produkt\/mozaika-fineza-vision-cerna-30x30-cm-mat-vysoce-kvalitni-62981\/#breadcrumb\",\"itemListElement\":[{\"@type\":\"ListItem\",\"position\":1,\"name\":\"Home\",\"item\":\"https:\/\/www.oknobuild.com\/\"},{\"@type\":\"ListItem\",\"position\":2,\"name\":\"Products\",\"item\":\"https:\/\/www.oknobuild.com\/index.php\/products\/\"},{\"@type\":\"ListItem\",\"position\":3,\"name\":\"Mozaika Fineza Vision \u010dern\u00e1 30&#215;30 cm mat Vysoce Kvalitn\u00ed\"}]},{\"@type\":\"WebSite\",\"@id\":\"https:\/\/www.oknobuild.com\/#website\",\"url\":\"https:\/\/www.oknobuild.com\/\",\"name\":\"\",\"description\":\"\",\"potentialAction\":[{\"@type\":\"SearchAction\",\"target\":{\"@type\":\"EntryPoint\",\"urlTemplate\":\"https:\/\/www.oknobuild.com\/?s={search_term_string}\"},\"query-input\":{\"@type\":\"PropertyValueSpecification\",\"valueRequired\":true,\"valueName\":\"search_term_string\"}}],\"inLanguage\":\"cs\"}]}<\/script>\n<!-- \/ Yoast SEO plugin. -->","yoast_head_json":{"title":"Mozaika Fineza Vision \u010dern\u00e1 30x30 cm mat Vysoce Kvalitn\u00ed -","robots":{"index":"index","follow":"follow","max-snippet":"max-snippet:-1","max-image-preview":"max-image-preview:large","max-video-preview":"max-video-preview:-1"},"canonical":"https:\/\/www.oknobuild.com\/index.php\/produkt\/mozaika-fineza-vision-cerna-30x30-cm-mat-vysoce-kvalitni-62981\/","og_locale":"cs_CZ","og_type":"article","og_title":"Mozaika Fineza Vision \u010dern\u00e1 30x30 cm mat Vysoce Kvalitn\u00ed -","og_description":"Popis produktu Mozaika Fineza Vision \u010dern\u00e1 30&#215;30 cm mat Rektifikovan\u00e9. Mrazuvzdorn\u00e9. Mozaika v \u010dern\u00e9 barv\u011b v imitaci mramoru o rozm\u011bru 4,8&#215;4,8 cm a tlou\u0161\u0165ce 10 mm s matn\u00fdm povrchem. Vhodn\u00e9 do interi\u00e9ru i exteri\u00e9ru. S velk\u00fdmi a nahodil\u00fdmi odchylkami v odst\u00ednu barev, struktury povrchu a kresby. Druh v\u00fdrobku mozaika Ur\u010den\u00ed exteri\u00e9r i interi\u00e9r Barva popisn\u00e1 [&hellip;]","og_url":"https:\/\/www.oknobuild.com\/index.php\/produkt\/mozaika-fineza-vision-cerna-30x30-cm-mat-vysoce-kvalitni-62981\/","og_image":[{"width":600,"height":600,"url":"https:\/\/www.oknobuild.com\/wp-content\/uploads\/2026\/SK0021967-CZ20260425-092632-0-1777080397-mozaika-fineza-vision-cerna-30x30-cm-mat-947025.webp","type":"image\/webp"}],"twitter_card":"summary_large_image","twitter_misc":{"Odhadovan\u00e1 doba \u010dten\u00ed":"1 minuta"},"schema":{"@context":"https:\/\/schema.org","@graph":[{"@type":"WebPage","@id":"https:\/\/www.oknobuild.com\/index.php\/produkt\/mozaika-fineza-vision-cerna-30x30-cm-mat-vysoce-kvalitni-62981\/","url":"https:\/\/www.oknobuild.com\/index.php\/produkt\/mozaika-fineza-vision-cerna-30x30-cm-mat-vysoce-kvalitni-62981\/","name":"Mozaika Fineza Vision \u010dern\u00e1 30x30 cm mat Vysoce Kvalitn\u00ed -","isPartOf":{"@id":"https:\/\/www.oknobuild.com\/#website"},"primaryImageOfPage":{"@id":"https:\/\/www.oknobuild.com\/index.php\/produkt\/mozaika-fineza-vision-cerna-30x30-cm-mat-vysoce-kvalitni-62981\/#primaryimage"},"image":{"@id":"https:\/\/www.oknobuild.com\/index.php\/produkt\/mozaika-fineza-vision-cerna-30x30-cm-mat-vysoce-kvalitni-62981\/#primaryimage"},"thumbnailUrl":"https:\/\/www.oknobuild.com\/wp-content\/uploads\/2026\/SK0021967-CZ20260425-092632-0-1777080397-mozaika-fineza-vision-cerna-30x30-cm-mat-947025.webp","datePublished":"2026-04-27T04:43:24+00:00","breadcrumb":{"@id":"https:\/\/www.oknobuild.com\/index.php\/produkt\/mozaika-fineza-vision-cerna-30x30-cm-mat-vysoce-kvalitni-62981\/#breadcrumb"},"inLanguage":"cs","potentialAction":[{"@type":"ReadAction","target":["https:\/\/www.oknobuild.com\/index.php\/produkt\/mozaika-fineza-vision-cerna-30x30-cm-mat-vysoce-kvalitni-62981\/"]}]},{"@type":"ImageObject","inLanguage":"cs","@id":"https:\/\/www.oknobuild.com\/index.php\/produkt\/mozaika-fineza-vision-cerna-30x30-cm-mat-vysoce-kvalitni-62981\/#primaryimage","url":"https:\/\/www.oknobuild.com\/wp-content\/uploads\/2026\/SK0021967-CZ20260425-092632-0-1777080397-mozaika-fineza-vision-cerna-30x30-cm-mat-947025.webp","contentUrl":"https:\/\/www.oknobuild.com\/wp-content\/uploads\/2026\/SK0021967-CZ20260425-092632-0-1777080397-mozaika-fineza-vision-cerna-30x30-cm-mat-947025.webp","width":600,"height":600},{"@type":"BreadcrumbList","@id":"https:\/\/www.oknobuild.com\/index.php\/produkt\/mozaika-fineza-vision-cerna-30x30-cm-mat-vysoce-kvalitni-62981\/#breadcrumb","itemListElement":[{"@type":"ListItem","position":1,"name":"Home","item":"https:\/\/www.oknobuild.com\/"},{"@type":"ListItem","position":2,"name":"Products","item":"https:\/\/www.oknobuild.com\/index.php\/products\/"},{"@type":"ListItem","position":3,"name":"Mozaika Fineza Vision \u010dern\u00e1 30&#215;30 cm mat Vysoce Kvalitn\u00ed"}]},{"@type":"WebSite","@id":"https:\/\/www.oknobuild.com\/#website","url":"https:\/\/www.oknobuild.com\/","name":"","description":"","potentialAction":[{"@type":"SearchAction","target":{"@type":"EntryPoint","urlTemplate":"https:\/\/www.oknobuild.com\/?s={search_term_string}"},"query-input":{"@type":"PropertyValueSpecification","valueRequired":true,"valueName":"search_term_string"}}],"inLanguage":"cs"}]}},"_links":{"self":[{"href":"https:\/\/www.oknobuild.com\/index.php\/wp-json\/wp\/v2\/product\/62981","targetHints":{"allow":["GET"]}}],"collection":[{"href":"https:\/\/www.oknobuild.com\/index.php\/wp-json\/wp\/v2\/product"}],"about":[{"href":"https:\/\/www.oknobuild.com\/index.php\/wp-json\/wp\/v2\/types\/product"}],"replies":[{"embeddable":true,"href":"https:\/\/www.oknobuild.com\/index.php\/wp-json\/wp\/v2\/comments?post=62981"}],"wp:featuredmedia":[{"embeddable":true,"href":"https:\/\/www.oknobuild.com\/index.php\/wp-json\/wp\/v2\/media\/63081"}],"wp:attachment":[{"href":"https:\/\/www.oknobuild.com\/index.php\/wp-json\/wp\/v2\/media?parent=62981"}],"wp:term":[{"taxonomy":"product_brand","embeddable":true,"href":"https:\/\/www.oknobuild.com\/index.php\/wp-json\/wp\/v2\/product_brand?post=62981"},{"taxonomy":"product_cat","embeddable":true,"href":"https:\/\/www.oknobuild.com\/index.php\/wp-json\/wp\/v2\/product_cat?post=62981"},{"taxonomy":"product_tag","embeddable":true,"href":"https:\/\/www.oknobuild.com\/index.php\/wp-json\/wp\/v2\/product_tag?post=62981"}],"curies":[{"name":"wp","href":"https:\/\/api.w.org\/{rel}","templated":true}]}}