{"id":63094,"date":"2026-04-27T04:43:25","date_gmt":"2026-04-27T04:43:25","guid":{"rendered":""},"modified":"2026-04-27T04:43:25","modified_gmt":"2026-04-27T04:43:25","slug":"bezpecna-platba-sparovaci-hmota-ceresit-ce-40-manhattan-5-kg-cg2wa-ce40510-63094","status":"publish","type":"product","link":"https:\/\/www.oknobuild.com\/index.php\/produkt\/bezpecna-platba-sparovaci-hmota-ceresit-ce-40-manhattan-5-kg-cg2wa-ce40510-63094\/","title":{"rendered":"Bezpe\u010dn\u00e1 Platba Sp\u00e1rovac\u00ed hmota Ceresit CE 40 manhattan 5 kg CG2WA CE40510"},"content":{"rendered":"<div class=\"ProductDetail-content NoFixImageContainer\" id=\"productDescription\">\n<div class=\"Heading\">\n<h2 class=\"Heading-title\">Popis produktu <span class=''>Sp\u00e1rovac\u00ed hmota Ceresit CE 40 manhattan 5 kg CG2WA CE40510<\/span><\/h2>\n<\/p><\/div>\n<div class=\"ProductDetailContent\">\n<p>Flexibiln\u00ed sp\u00e1rovac\u00ed hmota s hydrofobn\u00edm efektem pro sp\u00e1ry 1-8 mm.<\/p>\n<p>Flexibiln\u00ed sp\u00e1rovac\u00ed hmota s hydrofobn\u00edm efektem, pro \u0161\u00ed\u0159ku sp\u00e1ry do 8 mm. Pro v\u0161echny druhy obklad\u016f a dla\u017eby, pro interi\u00e9r i exteri\u00e9r, na kritick\u00e9 podklady, vhodn\u00e1 pro podlahov\u00e1 vyt\u00e1p\u011bn\u00ed, vhodn\u00e1 pro koupelny, kuchyn\u011b, balk\u00f3ny i terasy. Zv\u00fd\u0161en\u00e1 odolnost proti pl\u00edsn\u00edm &#8211; Trojit\u00e1 ochrana MicroProtect, zv\u00fd\u0161en\u00e1 odolnost proti pr\u016fniku vody, ide\u00e1ln\u011b hladk\u00e1, snadn\u00e9 zpracov\u00e1n\u00ed, vyztu\u017een\u00e1 vl\u00e1knem, optim\u00e1ln\u00ed ochrana proti zm\u011bn\u011b barvy.<\/p>\n<p>P\u0159ehled nebezpe\u010dn\u00fdch l\u00e1tek:<\/p>\n<p>Portlandsk\u00fd cement<\/p>\n<p>Dr\u00e1\u017edivost pro k\u016f\u017ei, kategorie 2<br \/>H315 Dr\u00e1\u017ed\u00ed k\u016f\u017ei.<\/p>\n<p>V\u00e1\u017en\u00e9 po\u0161kozen\u00ed o\u010d\u00ed, kategorie 1<br \/>H318 Zp\u016fsobuje v\u00e1\u017en\u00e9 po\u0161kozen\u00ed o\u010d\u00ed.<\/p>\n<p>Toxicita pro specifick\u00e9 c\u00edlov\u00e9 org\u00e1ny &#8211; jednor\u00e1zov\u00e1 expozice, kategorie 3<br \/>H335 M\u016f\u017ee zp\u016fsobit podr\u00e1\u017ed\u011bn\u00ed d\u00fdchac\u00edch cest.<\/p>\n<\/p><\/div>\n<div class=\"ProductDetailContent\">                                                                    <\/div>\n<\/p><\/div>\n<\/p><\/div>\n<\/p><\/div>\n","protected":false},"excerpt":{"rendered":"<p>Popis produktu Sp\u00e1rovac\u00ed hmota Ceresit CE 40 manhattan 5 kg CG2WA CE40510 Flexibiln\u00ed sp\u00e1rovac\u00ed hmota s hydrofobn\u00edm efektem pro sp\u00e1ry 1-8 mm. Flexibiln\u00ed sp\u00e1rovac\u00ed hmota s hydrofobn\u00edm efektem, pro \u0161\u00ed\u0159ku sp\u00e1ry do 8 mm. Pro v\u0161echny druhy obklad\u016f a dla\u017eby, pro interi\u00e9r i exteri\u00e9r, na kritick\u00e9 podklady, vhodn\u00e1 pro podlahov\u00e1 vyt\u00e1p\u011bn\u00ed, vhodn\u00e1 pro koupelny, kuchyn\u011b, [&hellip;]<\/p>\n","protected":false},"featured_media":63194,"comment_status":"open","ping_status":"open","template":"","meta":[],"product_brand":[],"product_cat":[89],"product_tag":[],"class_list":{"0":"post-63094","1":"product","2":"type-product","3":"status-publish","4":"has-post-thumbnail","6":"product_cat-dlazba-a-obklady","8":"first","9":"instock","10":"sale","11":"shipping-taxable","12":"purchasable","13":"product-type-simple"},"yoast_head":"<!-- This site is optimized with the Yoast SEO plugin v26.8 - https:\/\/yoast.com\/product\/yoast-seo-wordpress\/ -->\n<title>Bezpe\u010dn\u00e1 Platba Sp\u00e1rovac\u00ed hmota Ceresit CE 40 manhattan 5 kg CG2WA CE40510 -<\/title>\n<meta name=\"robots\" content=\"index, follow, max-snippet:-1, max-image-preview:large, max-video-preview:-1\" \/>\n<link rel=\"canonical\" href=\"https:\/\/www.oknobuild.com\/index.php\/produkt\/bezpecna-platba-sparovaci-hmota-ceresit-ce-40-manhattan-5-kg-cg2wa-ce40510-63094\/\" \/>\n<meta property=\"og:locale\" content=\"cs_CZ\" \/>\n<meta property=\"og:type\" content=\"article\" \/>\n<meta property=\"og:title\" content=\"Bezpe\u010dn\u00e1 Platba Sp\u00e1rovac\u00ed hmota Ceresit CE 40 manhattan 5 kg CG2WA CE40510 -\" \/>\n<meta property=\"og:description\" content=\"Popis produktu Sp\u00e1rovac\u00ed hmota Ceresit CE 40 manhattan 5 kg CG2WA CE40510 Flexibiln\u00ed sp\u00e1rovac\u00ed hmota s hydrofobn\u00edm efektem pro sp\u00e1ry 1-8 mm. Flexibiln\u00ed sp\u00e1rovac\u00ed hmota s hydrofobn\u00edm efektem, pro \u0161\u00ed\u0159ku sp\u00e1ry do 8 mm. Pro v\u0161echny druhy obklad\u016f a dla\u017eby, pro interi\u00e9r i exteri\u00e9r, na kritick\u00e9 podklady, vhodn\u00e1 pro podlahov\u00e1 vyt\u00e1p\u011bn\u00ed, vhodn\u00e1 pro koupelny, kuchyn\u011b, [&hellip;]\" \/>\n<meta property=\"og:url\" content=\"https:\/\/www.oknobuild.com\/index.php\/produkt\/bezpecna-platba-sparovaci-hmota-ceresit-ce-40-manhattan-5-kg-cg2wa-ce40510-63094\/\" \/>\n<meta property=\"og:image\" content=\"https:\/\/www.oknobuild.com\/wp-content\/uploads\/2026\/SK0021984-CZ20260425-092632-0-1777080397-sparovaci-hmota-ceresit-ce-40-manhattan-5-kg-cg2wa-ce40510-.webp\" \/>\n\t<meta property=\"og:image:width\" content=\"600\" \/>\n\t<meta property=\"og:image:height\" content=\"423\" \/>\n\t<meta property=\"og:image:type\" content=\"image\/webp\" \/>\n<meta name=\"twitter:card\" content=\"summary_large_image\" \/>\n<meta name=\"twitter:label1\" content=\"Odhadovan\u00e1 doba \u010dten\u00ed\" \/>\n\t<meta name=\"twitter:data1\" content=\"1 minuta\" \/>\n<script type=\"application\/ld+json\" class=\"yoast-schema-graph\">{\"@context\":\"https:\/\/schema.org\",\"@graph\":[{\"@type\":\"WebPage\",\"@id\":\"https:\/\/www.oknobuild.com\/index.php\/produkt\/bezpecna-platba-sparovaci-hmota-ceresit-ce-40-manhattan-5-kg-cg2wa-ce40510-63094\/\",\"url\":\"https:\/\/www.oknobuild.com\/index.php\/produkt\/bezpecna-platba-sparovaci-hmota-ceresit-ce-40-manhattan-5-kg-cg2wa-ce40510-63094\/\",\"name\":\"Bezpe\u010dn\u00e1 Platba Sp\u00e1rovac\u00ed hmota Ceresit CE 40 manhattan 5 kg CG2WA CE40510 -\",\"isPartOf\":{\"@id\":\"https:\/\/www.oknobuild.com\/#website\"},\"primaryImageOfPage\":{\"@id\":\"https:\/\/www.oknobuild.com\/index.php\/produkt\/bezpecna-platba-sparovaci-hmota-ceresit-ce-40-manhattan-5-kg-cg2wa-ce40510-63094\/#primaryimage\"},\"image\":{\"@id\":\"https:\/\/www.oknobuild.com\/index.php\/produkt\/bezpecna-platba-sparovaci-hmota-ceresit-ce-40-manhattan-5-kg-cg2wa-ce40510-63094\/#primaryimage\"},\"thumbnailUrl\":\"https:\/\/www.oknobuild.com\/wp-content\/uploads\/2026\/SK0021984-CZ20260425-092632-0-1777080397-sparovaci-hmota-ceresit-ce-40-manhattan-5-kg-cg2wa-ce40510-.webp\",\"datePublished\":\"2026-04-27T04:43:25+00:00\",\"breadcrumb\":{\"@id\":\"https:\/\/www.oknobuild.com\/index.php\/produkt\/bezpecna-platba-sparovaci-hmota-ceresit-ce-40-manhattan-5-kg-cg2wa-ce40510-63094\/#breadcrumb\"},\"inLanguage\":\"cs\",\"potentialAction\":[{\"@type\":\"ReadAction\",\"target\":[\"https:\/\/www.oknobuild.com\/index.php\/produkt\/bezpecna-platba-sparovaci-hmota-ceresit-ce-40-manhattan-5-kg-cg2wa-ce40510-63094\/\"]}]},{\"@type\":\"ImageObject\",\"inLanguage\":\"cs\",\"@id\":\"https:\/\/www.oknobuild.com\/index.php\/produkt\/bezpecna-platba-sparovaci-hmota-ceresit-ce-40-manhattan-5-kg-cg2wa-ce40510-63094\/#primaryimage\",\"url\":\"https:\/\/www.oknobuild.com\/wp-content\/uploads\/2026\/SK0021984-CZ20260425-092632-0-1777080397-sparovaci-hmota-ceresit-ce-40-manhattan-5-kg-cg2wa-ce40510-.webp\",\"contentUrl\":\"https:\/\/www.oknobuild.com\/wp-content\/uploads\/2026\/SK0021984-CZ20260425-092632-0-1777080397-sparovaci-hmota-ceresit-ce-40-manhattan-5-kg-cg2wa-ce40510-.webp\",\"width\":600,\"height\":423},{\"@type\":\"BreadcrumbList\",\"@id\":\"https:\/\/www.oknobuild.com\/index.php\/produkt\/bezpecna-platba-sparovaci-hmota-ceresit-ce-40-manhattan-5-kg-cg2wa-ce40510-63094\/#breadcrumb\",\"itemListElement\":[{\"@type\":\"ListItem\",\"position\":1,\"name\":\"Home\",\"item\":\"https:\/\/www.oknobuild.com\/\"},{\"@type\":\"ListItem\",\"position\":2,\"name\":\"Products\",\"item\":\"https:\/\/www.oknobuild.com\/index.php\/products\/\"},{\"@type\":\"ListItem\",\"position\":3,\"name\":\"Bezpe\u010dn\u00e1 Platba Sp\u00e1rovac\u00ed hmota Ceresit CE 40 manhattan 5 kg CG2WA CE40510\"}]},{\"@type\":\"WebSite\",\"@id\":\"https:\/\/www.oknobuild.com\/#website\",\"url\":\"https:\/\/www.oknobuild.com\/\",\"name\":\"\",\"description\":\"\",\"potentialAction\":[{\"@type\":\"SearchAction\",\"target\":{\"@type\":\"EntryPoint\",\"urlTemplate\":\"https:\/\/www.oknobuild.com\/?s={search_term_string}\"},\"query-input\":{\"@type\":\"PropertyValueSpecification\",\"valueRequired\":true,\"valueName\":\"search_term_string\"}}],\"inLanguage\":\"cs\"}]}<\/script>\n<!-- \/ Yoast SEO plugin. -->","yoast_head_json":{"title":"Bezpe\u010dn\u00e1 Platba Sp\u00e1rovac\u00ed hmota Ceresit CE 40 manhattan 5 kg CG2WA CE40510 -","robots":{"index":"index","follow":"follow","max-snippet":"max-snippet:-1","max-image-preview":"max-image-preview:large","max-video-preview":"max-video-preview:-1"},"canonical":"https:\/\/www.oknobuild.com\/index.php\/produkt\/bezpecna-platba-sparovaci-hmota-ceresit-ce-40-manhattan-5-kg-cg2wa-ce40510-63094\/","og_locale":"cs_CZ","og_type":"article","og_title":"Bezpe\u010dn\u00e1 Platba Sp\u00e1rovac\u00ed hmota Ceresit CE 40 manhattan 5 kg CG2WA CE40510 -","og_description":"Popis produktu Sp\u00e1rovac\u00ed hmota Ceresit CE 40 manhattan 5 kg CG2WA CE40510 Flexibiln\u00ed sp\u00e1rovac\u00ed hmota s hydrofobn\u00edm efektem pro sp\u00e1ry 1-8 mm. Flexibiln\u00ed sp\u00e1rovac\u00ed hmota s hydrofobn\u00edm efektem, pro \u0161\u00ed\u0159ku sp\u00e1ry do 8 mm. Pro v\u0161echny druhy obklad\u016f a dla\u017eby, pro interi\u00e9r i exteri\u00e9r, na kritick\u00e9 podklady, vhodn\u00e1 pro podlahov\u00e1 vyt\u00e1p\u011bn\u00ed, vhodn\u00e1 pro koupelny, kuchyn\u011b, [&hellip;]","og_url":"https:\/\/www.oknobuild.com\/index.php\/produkt\/bezpecna-platba-sparovaci-hmota-ceresit-ce-40-manhattan-5-kg-cg2wa-ce40510-63094\/","og_image":[{"width":600,"height":423,"url":"https:\/\/www.oknobuild.com\/wp-content\/uploads\/2026\/SK0021984-CZ20260425-092632-0-1777080397-sparovaci-hmota-ceresit-ce-40-manhattan-5-kg-cg2wa-ce40510-.webp","type":"image\/webp"}],"twitter_card":"summary_large_image","twitter_misc":{"Odhadovan\u00e1 doba \u010dten\u00ed":"1 minuta"},"schema":{"@context":"https:\/\/schema.org","@graph":[{"@type":"WebPage","@id":"https:\/\/www.oknobuild.com\/index.php\/produkt\/bezpecna-platba-sparovaci-hmota-ceresit-ce-40-manhattan-5-kg-cg2wa-ce40510-63094\/","url":"https:\/\/www.oknobuild.com\/index.php\/produkt\/bezpecna-platba-sparovaci-hmota-ceresit-ce-40-manhattan-5-kg-cg2wa-ce40510-63094\/","name":"Bezpe\u010dn\u00e1 Platba Sp\u00e1rovac\u00ed hmota Ceresit CE 40 manhattan 5 kg CG2WA CE40510 -","isPartOf":{"@id":"https:\/\/www.oknobuild.com\/#website"},"primaryImageOfPage":{"@id":"https:\/\/www.oknobuild.com\/index.php\/produkt\/bezpecna-platba-sparovaci-hmota-ceresit-ce-40-manhattan-5-kg-cg2wa-ce40510-63094\/#primaryimage"},"image":{"@id":"https:\/\/www.oknobuild.com\/index.php\/produkt\/bezpecna-platba-sparovaci-hmota-ceresit-ce-40-manhattan-5-kg-cg2wa-ce40510-63094\/#primaryimage"},"thumbnailUrl":"https:\/\/www.oknobuild.com\/wp-content\/uploads\/2026\/SK0021984-CZ20260425-092632-0-1777080397-sparovaci-hmota-ceresit-ce-40-manhattan-5-kg-cg2wa-ce40510-.webp","datePublished":"2026-04-27T04:43:25+00:00","breadcrumb":{"@id":"https:\/\/www.oknobuild.com\/index.php\/produkt\/bezpecna-platba-sparovaci-hmota-ceresit-ce-40-manhattan-5-kg-cg2wa-ce40510-63094\/#breadcrumb"},"inLanguage":"cs","potentialAction":[{"@type":"ReadAction","target":["https:\/\/www.oknobuild.com\/index.php\/produkt\/bezpecna-platba-sparovaci-hmota-ceresit-ce-40-manhattan-5-kg-cg2wa-ce40510-63094\/"]}]},{"@type":"ImageObject","inLanguage":"cs","@id":"https:\/\/www.oknobuild.com\/index.php\/produkt\/bezpecna-platba-sparovaci-hmota-ceresit-ce-40-manhattan-5-kg-cg2wa-ce40510-63094\/#primaryimage","url":"https:\/\/www.oknobuild.com\/wp-content\/uploads\/2026\/SK0021984-CZ20260425-092632-0-1777080397-sparovaci-hmota-ceresit-ce-40-manhattan-5-kg-cg2wa-ce40510-.webp","contentUrl":"https:\/\/www.oknobuild.com\/wp-content\/uploads\/2026\/SK0021984-CZ20260425-092632-0-1777080397-sparovaci-hmota-ceresit-ce-40-manhattan-5-kg-cg2wa-ce40510-.webp","width":600,"height":423},{"@type":"BreadcrumbList","@id":"https:\/\/www.oknobuild.com\/index.php\/produkt\/bezpecna-platba-sparovaci-hmota-ceresit-ce-40-manhattan-5-kg-cg2wa-ce40510-63094\/#breadcrumb","itemListElement":[{"@type":"ListItem","position":1,"name":"Home","item":"https:\/\/www.oknobuild.com\/"},{"@type":"ListItem","position":2,"name":"Products","item":"https:\/\/www.oknobuild.com\/index.php\/products\/"},{"@type":"ListItem","position":3,"name":"Bezpe\u010dn\u00e1 Platba Sp\u00e1rovac\u00ed hmota Ceresit CE 40 manhattan 5 kg CG2WA CE40510"}]},{"@type":"WebSite","@id":"https:\/\/www.oknobuild.com\/#website","url":"https:\/\/www.oknobuild.com\/","name":"","description":"","potentialAction":[{"@type":"SearchAction","target":{"@type":"EntryPoint","urlTemplate":"https:\/\/www.oknobuild.com\/?s={search_term_string}"},"query-input":{"@type":"PropertyValueSpecification","valueRequired":true,"valueName":"search_term_string"}}],"inLanguage":"cs"}]}},"_links":{"self":[{"href":"https:\/\/www.oknobuild.com\/index.php\/wp-json\/wp\/v2\/product\/63094","targetHints":{"allow":["GET"]}}],"collection":[{"href":"https:\/\/www.oknobuild.com\/index.php\/wp-json\/wp\/v2\/product"}],"about":[{"href":"https:\/\/www.oknobuild.com\/index.php\/wp-json\/wp\/v2\/types\/product"}],"replies":[{"embeddable":true,"href":"https:\/\/www.oknobuild.com\/index.php\/wp-json\/wp\/v2\/comments?post=63094"}],"wp:featuredmedia":[{"embeddable":true,"href":"https:\/\/www.oknobuild.com\/index.php\/wp-json\/wp\/v2\/media\/63194"}],"wp:attachment":[{"href":"https:\/\/www.oknobuild.com\/index.php\/wp-json\/wp\/v2\/media?parent=63094"}],"wp:term":[{"taxonomy":"product_brand","embeddable":true,"href":"https:\/\/www.oknobuild.com\/index.php\/wp-json\/wp\/v2\/product_brand?post=63094"},{"taxonomy":"product_cat","embeddable":true,"href":"https:\/\/www.oknobuild.com\/index.php\/wp-json\/wp\/v2\/product_cat?post=63094"},{"taxonomy":"product_tag","embeddable":true,"href":"https:\/\/www.oknobuild.com\/index.php\/wp-json\/wp\/v2\/product_tag?post=63094"}],"curies":[{"name":"wp","href":"https:\/\/api.w.org\/{rel}","templated":true}]}}