{"id":63691,"date":"2026-04-27T04:43:26","date_gmt":"2026-04-27T04:43:26","guid":{"rendered":""},"modified":"2026-04-27T04:43:26","modified_gmt":"2026-04-27T04:43:26","slug":"znackovy-sapho-margitha-umyvatko-38x22cm-otvor-pro-baterii-vpravo-ivory-bezova-63691","status":"publish","type":"product","link":"https:\/\/www.oknobuild.com\/index.php\/produkt\/znackovy-sapho-margitha-umyvatko-38x22cm-otvor-pro-baterii-vpravo-ivory-bezova-63691\/","title":{"rendered":"Zna\u010dkov\u00fd Sapho MARGITHA Um\u00fdv\u00e1tko 38x22cm, otvor pro baterii vpravo, ivory b\u00e9\u017eov\u00e1"},"content":{"rendered":"<div class=\"ProductDetail-content NoFixImageContainer\" id=\"productDescription\">\n<div class=\"Heading\">\n<h2 class=\"Heading-title\">Popis produktu <span class=''>Sapho MARGITHA Um\u00fdv\u00e1tko 38x22cm, otvor pro baterii vpravo, ivory b\u00e9\u017eov\u00e1<\/span><\/h2>\n<\/p><\/div>\n<div class=\"ProductDetailContent\">\n<ul>\n<li>Rozm\u011br: 38x10x22 cm<\/li>\n<li>\u0160\u00ed\u0159ka: 380 mm<\/li>\n<li>V\u00fd\u0161ka: 100 mm<\/li>\n<li>Hloubka: 220 mm<\/li>\n<li>Barva: Ivory b\u00e9\u017eov\u00e1<\/li>\n<li>Materi\u00e1l: Keramika<\/li>\n<li>Instalace: N\u00e1st\u011bnn\u00e1-\u0161rouby<\/li>\n<li>Typ umyvadla: Um\u00fdv\u00e1tko (mal\u00e9)<\/li>\n<li>Otvor pro baterii: 1 otvor<\/li>\n<li>P\u0159epad: NE<\/li>\n<\/ul><\/div>\n<div class=\"ProductDetailContent\">                                                                    <\/div>\n<\/p><\/div>\n<\/p><\/div>\n<\/p><\/div>\n","protected":false},"excerpt":{"rendered":"<p>Popis produktu Sapho MARGITHA Um\u00fdv\u00e1tko 38x22cm, otvor pro baterii vpravo, ivory b\u00e9\u017eov\u00e1 Rozm\u011br: 38x10x22 cm \u0160\u00ed\u0159ka: 380 mm V\u00fd\u0161ka: 100 mm Hloubka: 220 mm Barva: Ivory b\u00e9\u017eov\u00e1 Materi\u00e1l: Keramika Instalace: N\u00e1st\u011bnn\u00e1-\u0161rouby Typ umyvadla: Um\u00fdv\u00e1tko (mal\u00e9) Otvor pro baterii: 1 otvor P\u0159epad: NE<\/p>\n","protected":false},"featured_media":63791,"comment_status":"open","ping_status":"open","template":"","meta":[],"product_brand":[],"product_cat":[65],"product_tag":[],"class_list":{"0":"post-63691","1":"product","2":"type-product","3":"status-publish","4":"has-post-thumbnail","6":"product_cat-koupelny","8":"first","9":"instock","10":"sale","11":"shipping-taxable","12":"purchasable","13":"product-type-simple"},"yoast_head":"<!-- This site is optimized with the Yoast SEO plugin v26.8 - https:\/\/yoast.com\/product\/yoast-seo-wordpress\/ -->\n<title>Zna\u010dkov\u00fd Sapho MARGITHA Um\u00fdv\u00e1tko 38x22cm, otvor pro baterii vpravo, ivory b\u00e9\u017eov\u00e1 -<\/title>\n<meta name=\"robots\" content=\"index, follow, max-snippet:-1, max-image-preview:large, max-video-preview:-1\" \/>\n<link rel=\"canonical\" href=\"https:\/\/www.oknobuild.com\/index.php\/produkt\/znackovy-sapho-margitha-umyvatko-38x22cm-otvor-pro-baterii-vpravo-ivory-bezova-63691\/\" \/>\n<meta property=\"og:locale\" content=\"cs_CZ\" \/>\n<meta property=\"og:type\" content=\"article\" \/>\n<meta property=\"og:title\" content=\"Zna\u010dkov\u00fd Sapho MARGITHA Um\u00fdv\u00e1tko 38x22cm, otvor pro baterii vpravo, ivory b\u00e9\u017eov\u00e1 -\" \/>\n<meta property=\"og:description\" content=\"Popis produktu Sapho MARGITHA Um\u00fdv\u00e1tko 38x22cm, otvor pro baterii vpravo, ivory b\u00e9\u017eov\u00e1 Rozm\u011br: 38x10x22 cm \u0160\u00ed\u0159ka: 380 mm V\u00fd\u0161ka: 100 mm Hloubka: 220 mm Barva: Ivory b\u00e9\u017eov\u00e1 Materi\u00e1l: Keramika Instalace: N\u00e1st\u011bnn\u00e1-\u0161rouby Typ umyvadla: Um\u00fdv\u00e1tko (mal\u00e9) Otvor pro baterii: 1 otvor P\u0159epad: NE\" \/>\n<meta property=\"og:url\" content=\"https:\/\/www.oknobuild.com\/index.php\/produkt\/znackovy-sapho-margitha-umyvatko-38x22cm-otvor-pro-baterii-vpravo-ivory-bezova-63691\/\" \/>\n<meta property=\"og:image\" content=\"https:\/\/www.oknobuild.com\/wp-content\/uploads\/2026\/SK0022282-CZ20260425-092632-0-1777080397-sapho-margitha-umyvatko-38x22cm-otvor-pro-baterii-vpravo-iv.webp\" \/>\n\t<meta property=\"og:image:width\" content=\"600\" \/>\n\t<meta property=\"og:image:height\" content=\"422\" \/>\n\t<meta property=\"og:image:type\" content=\"image\/webp\" \/>\n<meta name=\"twitter:card\" content=\"summary_large_image\" \/>\n<script type=\"application\/ld+json\" class=\"yoast-schema-graph\">{\"@context\":\"https:\/\/schema.org\",\"@graph\":[{\"@type\":\"WebPage\",\"@id\":\"https:\/\/www.oknobuild.com\/index.php\/produkt\/znackovy-sapho-margitha-umyvatko-38x22cm-otvor-pro-baterii-vpravo-ivory-bezova-63691\/\",\"url\":\"https:\/\/www.oknobuild.com\/index.php\/produkt\/znackovy-sapho-margitha-umyvatko-38x22cm-otvor-pro-baterii-vpravo-ivory-bezova-63691\/\",\"name\":\"Zna\u010dkov\u00fd Sapho MARGITHA Um\u00fdv\u00e1tko 38x22cm, otvor pro baterii vpravo, ivory b\u00e9\u017eov\u00e1 -\",\"isPartOf\":{\"@id\":\"https:\/\/www.oknobuild.com\/#website\"},\"primaryImageOfPage\":{\"@id\":\"https:\/\/www.oknobuild.com\/index.php\/produkt\/znackovy-sapho-margitha-umyvatko-38x22cm-otvor-pro-baterii-vpravo-ivory-bezova-63691\/#primaryimage\"},\"image\":{\"@id\":\"https:\/\/www.oknobuild.com\/index.php\/produkt\/znackovy-sapho-margitha-umyvatko-38x22cm-otvor-pro-baterii-vpravo-ivory-bezova-63691\/#primaryimage\"},\"thumbnailUrl\":\"https:\/\/www.oknobuild.com\/wp-content\/uploads\/2026\/SK0022282-CZ20260425-092632-0-1777080397-sapho-margitha-umyvatko-38x22cm-otvor-pro-baterii-vpravo-iv.webp\",\"datePublished\":\"2026-04-27T04:43:26+00:00\",\"breadcrumb\":{\"@id\":\"https:\/\/www.oknobuild.com\/index.php\/produkt\/znackovy-sapho-margitha-umyvatko-38x22cm-otvor-pro-baterii-vpravo-ivory-bezova-63691\/#breadcrumb\"},\"inLanguage\":\"cs\",\"potentialAction\":[{\"@type\":\"ReadAction\",\"target\":[\"https:\/\/www.oknobuild.com\/index.php\/produkt\/znackovy-sapho-margitha-umyvatko-38x22cm-otvor-pro-baterii-vpravo-ivory-bezova-63691\/\"]}]},{\"@type\":\"ImageObject\",\"inLanguage\":\"cs\",\"@id\":\"https:\/\/www.oknobuild.com\/index.php\/produkt\/znackovy-sapho-margitha-umyvatko-38x22cm-otvor-pro-baterii-vpravo-ivory-bezova-63691\/#primaryimage\",\"url\":\"https:\/\/www.oknobuild.com\/wp-content\/uploads\/2026\/SK0022282-CZ20260425-092632-0-1777080397-sapho-margitha-umyvatko-38x22cm-otvor-pro-baterii-vpravo-iv.webp\",\"contentUrl\":\"https:\/\/www.oknobuild.com\/wp-content\/uploads\/2026\/SK0022282-CZ20260425-092632-0-1777080397-sapho-margitha-umyvatko-38x22cm-otvor-pro-baterii-vpravo-iv.webp\",\"width\":600,\"height\":422},{\"@type\":\"BreadcrumbList\",\"@id\":\"https:\/\/www.oknobuild.com\/index.php\/produkt\/znackovy-sapho-margitha-umyvatko-38x22cm-otvor-pro-baterii-vpravo-ivory-bezova-63691\/#breadcrumb\",\"itemListElement\":[{\"@type\":\"ListItem\",\"position\":1,\"name\":\"Home\",\"item\":\"https:\/\/www.oknobuild.com\/\"},{\"@type\":\"ListItem\",\"position\":2,\"name\":\"Products\",\"item\":\"https:\/\/www.oknobuild.com\/index.php\/products\/\"},{\"@type\":\"ListItem\",\"position\":3,\"name\":\"Zna\u010dkov\u00fd Sapho MARGITHA Um\u00fdv\u00e1tko 38x22cm, otvor pro baterii vpravo, ivory b\u00e9\u017eov\u00e1\"}]},{\"@type\":\"WebSite\",\"@id\":\"https:\/\/www.oknobuild.com\/#website\",\"url\":\"https:\/\/www.oknobuild.com\/\",\"name\":\"\",\"description\":\"\",\"potentialAction\":[{\"@type\":\"SearchAction\",\"target\":{\"@type\":\"EntryPoint\",\"urlTemplate\":\"https:\/\/www.oknobuild.com\/?s={search_term_string}\"},\"query-input\":{\"@type\":\"PropertyValueSpecification\",\"valueRequired\":true,\"valueName\":\"search_term_string\"}}],\"inLanguage\":\"cs\"}]}<\/script>\n<!-- \/ Yoast SEO plugin. -->","yoast_head_json":{"title":"Zna\u010dkov\u00fd Sapho MARGITHA Um\u00fdv\u00e1tko 38x22cm, otvor pro baterii vpravo, ivory b\u00e9\u017eov\u00e1 -","robots":{"index":"index","follow":"follow","max-snippet":"max-snippet:-1","max-image-preview":"max-image-preview:large","max-video-preview":"max-video-preview:-1"},"canonical":"https:\/\/www.oknobuild.com\/index.php\/produkt\/znackovy-sapho-margitha-umyvatko-38x22cm-otvor-pro-baterii-vpravo-ivory-bezova-63691\/","og_locale":"cs_CZ","og_type":"article","og_title":"Zna\u010dkov\u00fd Sapho MARGITHA Um\u00fdv\u00e1tko 38x22cm, otvor pro baterii vpravo, ivory b\u00e9\u017eov\u00e1 -","og_description":"Popis produktu Sapho MARGITHA Um\u00fdv\u00e1tko 38x22cm, otvor pro baterii vpravo, ivory b\u00e9\u017eov\u00e1 Rozm\u011br: 38x10x22 cm \u0160\u00ed\u0159ka: 380 mm V\u00fd\u0161ka: 100 mm Hloubka: 220 mm Barva: Ivory b\u00e9\u017eov\u00e1 Materi\u00e1l: Keramika Instalace: N\u00e1st\u011bnn\u00e1-\u0161rouby Typ umyvadla: Um\u00fdv\u00e1tko (mal\u00e9) Otvor pro baterii: 1 otvor P\u0159epad: NE","og_url":"https:\/\/www.oknobuild.com\/index.php\/produkt\/znackovy-sapho-margitha-umyvatko-38x22cm-otvor-pro-baterii-vpravo-ivory-bezova-63691\/","og_image":[{"width":600,"height":422,"url":"https:\/\/www.oknobuild.com\/wp-content\/uploads\/2026\/SK0022282-CZ20260425-092632-0-1777080397-sapho-margitha-umyvatko-38x22cm-otvor-pro-baterii-vpravo-iv.webp","type":"image\/webp"}],"twitter_card":"summary_large_image","schema":{"@context":"https:\/\/schema.org","@graph":[{"@type":"WebPage","@id":"https:\/\/www.oknobuild.com\/index.php\/produkt\/znackovy-sapho-margitha-umyvatko-38x22cm-otvor-pro-baterii-vpravo-ivory-bezova-63691\/","url":"https:\/\/www.oknobuild.com\/index.php\/produkt\/znackovy-sapho-margitha-umyvatko-38x22cm-otvor-pro-baterii-vpravo-ivory-bezova-63691\/","name":"Zna\u010dkov\u00fd Sapho MARGITHA Um\u00fdv\u00e1tko 38x22cm, otvor pro baterii vpravo, ivory b\u00e9\u017eov\u00e1 -","isPartOf":{"@id":"https:\/\/www.oknobuild.com\/#website"},"primaryImageOfPage":{"@id":"https:\/\/www.oknobuild.com\/index.php\/produkt\/znackovy-sapho-margitha-umyvatko-38x22cm-otvor-pro-baterii-vpravo-ivory-bezova-63691\/#primaryimage"},"image":{"@id":"https:\/\/www.oknobuild.com\/index.php\/produkt\/znackovy-sapho-margitha-umyvatko-38x22cm-otvor-pro-baterii-vpravo-ivory-bezova-63691\/#primaryimage"},"thumbnailUrl":"https:\/\/www.oknobuild.com\/wp-content\/uploads\/2026\/SK0022282-CZ20260425-092632-0-1777080397-sapho-margitha-umyvatko-38x22cm-otvor-pro-baterii-vpravo-iv.webp","datePublished":"2026-04-27T04:43:26+00:00","breadcrumb":{"@id":"https:\/\/www.oknobuild.com\/index.php\/produkt\/znackovy-sapho-margitha-umyvatko-38x22cm-otvor-pro-baterii-vpravo-ivory-bezova-63691\/#breadcrumb"},"inLanguage":"cs","potentialAction":[{"@type":"ReadAction","target":["https:\/\/www.oknobuild.com\/index.php\/produkt\/znackovy-sapho-margitha-umyvatko-38x22cm-otvor-pro-baterii-vpravo-ivory-bezova-63691\/"]}]},{"@type":"ImageObject","inLanguage":"cs","@id":"https:\/\/www.oknobuild.com\/index.php\/produkt\/znackovy-sapho-margitha-umyvatko-38x22cm-otvor-pro-baterii-vpravo-ivory-bezova-63691\/#primaryimage","url":"https:\/\/www.oknobuild.com\/wp-content\/uploads\/2026\/SK0022282-CZ20260425-092632-0-1777080397-sapho-margitha-umyvatko-38x22cm-otvor-pro-baterii-vpravo-iv.webp","contentUrl":"https:\/\/www.oknobuild.com\/wp-content\/uploads\/2026\/SK0022282-CZ20260425-092632-0-1777080397-sapho-margitha-umyvatko-38x22cm-otvor-pro-baterii-vpravo-iv.webp","width":600,"height":422},{"@type":"BreadcrumbList","@id":"https:\/\/www.oknobuild.com\/index.php\/produkt\/znackovy-sapho-margitha-umyvatko-38x22cm-otvor-pro-baterii-vpravo-ivory-bezova-63691\/#breadcrumb","itemListElement":[{"@type":"ListItem","position":1,"name":"Home","item":"https:\/\/www.oknobuild.com\/"},{"@type":"ListItem","position":2,"name":"Products","item":"https:\/\/www.oknobuild.com\/index.php\/products\/"},{"@type":"ListItem","position":3,"name":"Zna\u010dkov\u00fd Sapho MARGITHA Um\u00fdv\u00e1tko 38x22cm, otvor pro baterii vpravo, ivory b\u00e9\u017eov\u00e1"}]},{"@type":"WebSite","@id":"https:\/\/www.oknobuild.com\/#website","url":"https:\/\/www.oknobuild.com\/","name":"","description":"","potentialAction":[{"@type":"SearchAction","target":{"@type":"EntryPoint","urlTemplate":"https:\/\/www.oknobuild.com\/?s={search_term_string}"},"query-input":{"@type":"PropertyValueSpecification","valueRequired":true,"valueName":"search_term_string"}}],"inLanguage":"cs"}]}},"_links":{"self":[{"href":"https:\/\/www.oknobuild.com\/index.php\/wp-json\/wp\/v2\/product\/63691","targetHints":{"allow":["GET"]}}],"collection":[{"href":"https:\/\/www.oknobuild.com\/index.php\/wp-json\/wp\/v2\/product"}],"about":[{"href":"https:\/\/www.oknobuild.com\/index.php\/wp-json\/wp\/v2\/types\/product"}],"replies":[{"embeddable":true,"href":"https:\/\/www.oknobuild.com\/index.php\/wp-json\/wp\/v2\/comments?post=63691"}],"wp:featuredmedia":[{"embeddable":true,"href":"https:\/\/www.oknobuild.com\/index.php\/wp-json\/wp\/v2\/media\/63791"}],"wp:attachment":[{"href":"https:\/\/www.oknobuild.com\/index.php\/wp-json\/wp\/v2\/media?parent=63691"}],"wp:term":[{"taxonomy":"product_brand","embeddable":true,"href":"https:\/\/www.oknobuild.com\/index.php\/wp-json\/wp\/v2\/product_brand?post=63691"},{"taxonomy":"product_cat","embeddable":true,"href":"https:\/\/www.oknobuild.com\/index.php\/wp-json\/wp\/v2\/product_cat?post=63691"},{"taxonomy":"product_tag","embeddable":true,"href":"https:\/\/www.oknobuild.com\/index.php\/wp-json\/wp\/v2\/product_tag?post=63691"}],"curies":[{"name":"wp","href":"https:\/\/api.w.org\/{rel}","templated":true}]}}