{"id":63774,"date":"2026-04-27T04:43:26","date_gmt":"2026-04-27T04:43:26","guid":{"rendered":""},"modified":"2026-04-27T04:43:26","modified_gmt":"2026-04-27T04:43:26","slug":"zlevneny-deska-pod-umyvadlo-naturel-wood-80x55-cm-dub-dmdub80xx-63774","status":"publish","type":"product","link":"https:\/\/www.oknobuild.com\/index.php\/produkt\/zlevneny-deska-pod-umyvadlo-naturel-wood-80x55-cm-dub-dmdub80xx-63774\/","title":{"rendered":"Zlevn\u011bn\u00fd Deska pod umyvadlo Naturel Wood 80&#215;55 cm dub DMDUB80XX"},"content":{"rendered":"<div class=\"ProductDetail-content NoFixImageContainer\" id=\"productDescription\">\n<div class=\"Heading\">\n<h2 class=\"Heading-title\">Popis produktu <span class=''>Deska pod umyvadlo Naturel Wood 80&#215;55 cm dub DMDUB80XX<\/span><\/h2>\n<\/p><\/div>\n<div class=\"ProductDetailContent\">\n<p>Deska pod umyvadlo z masivn\u00edho dubu. Otvory pro sifon a vodovodn\u00ed baterii nutno ud\u011blat dodate\u010dn\u011b dle um\u00edst\u011bn\u00ed umyvadla a baterie. Bez otvor\u016f m\u016f\u017eete pou\u017e\u00edt jako samostatnou desku &#8211; polici. Deska z masivn\u00edho dubu se instaluje na konzole. Doporu\u010dujeme pou\u017e\u00edt dostate\u010dn\u011b masivn\u00ed konzole (nap\u0159. KONZOLEH), deska je pom\u011brn\u011b masivn\u00ed a t\u011b\u017ek\u00e1 &#8211; nosnost konzol\u00ed je dostate\u010dn\u00e1, jde sp\u00ed\u0161e o uchycen\u00ed do zdi.&nbsp;<\/p>\n<p><strong>Hloubka desky je r\u016fzn\u00e1, pohybuje se okolo 50 cm<\/strong>. R\u016fzn\u00e1 hloubka desek a k\u0159ivost p\u0159edn\u00ed hrany nen\u00ed d\u016fvodem k reklamaci, jedn\u00e1 se o p\u0159\u00edrodn\u00ed materi\u00e1l.<\/p>\n<ul>\n<li>Materi\u00e1l: masiv d\u0159evo<\/li>\n<li>Barva popisn\u00e1: dub<\/li>\n<li>V\u00fdbava: bez konzole, bez v\u00fd\u0159ezu<\/li>\n<li>\u0160\u00ed\u0159ka: 80 cm<\/li>\n<li>V\u00fd\u0161ka: 5 cm<\/li>\n<li>Hloubka: 55 cm<\/li>\n<\/ul><\/div>\n<div class=\"ProductDetailContent\">                                                                    <\/div>\n<\/p><\/div>\n<\/p><\/div>\n<\/p><\/div>\n","protected":false},"excerpt":{"rendered":"<p>Popis produktu Deska pod umyvadlo Naturel Wood 80&#215;55 cm dub DMDUB80XX Deska pod umyvadlo z masivn\u00edho dubu. Otvory pro sifon a vodovodn\u00ed baterii nutno ud\u011blat dodate\u010dn\u011b dle um\u00edst\u011bn\u00ed umyvadla a baterie. Bez otvor\u016f m\u016f\u017eete pou\u017e\u00edt jako samostatnou desku &#8211; polici. Deska z masivn\u00edho dubu se instaluje na konzole. Doporu\u010dujeme pou\u017e\u00edt dostate\u010dn\u011b masivn\u00ed konzole (nap\u0159. KONZOLEH), [&hellip;]<\/p>\n","protected":false},"featured_media":63874,"comment_status":"open","ping_status":"open","template":"","meta":[],"product_brand":[],"product_cat":[65],"product_tag":[],"class_list":{"0":"post-63774","1":"product","2":"type-product","3":"status-publish","4":"has-post-thumbnail","6":"product_cat-koupelny","8":"first","9":"instock","10":"sale","11":"shipping-taxable","12":"purchasable","13":"product-type-simple"},"yoast_head":"<!-- This site is optimized with the Yoast SEO plugin v26.8 - https:\/\/yoast.com\/product\/yoast-seo-wordpress\/ -->\n<title>Zlevn\u011bn\u00fd Deska pod umyvadlo Naturel Wood 80x55 cm dub DMDUB80XX -<\/title>\n<meta name=\"robots\" content=\"index, follow, max-snippet:-1, max-image-preview:large, max-video-preview:-1\" \/>\n<link rel=\"canonical\" href=\"https:\/\/www.oknobuild.com\/index.php\/produkt\/zlevneny-deska-pod-umyvadlo-naturel-wood-80x55-cm-dub-dmdub80xx-63774\/\" \/>\n<meta property=\"og:locale\" content=\"cs_CZ\" \/>\n<meta property=\"og:type\" content=\"article\" \/>\n<meta property=\"og:title\" content=\"Zlevn\u011bn\u00fd Deska pod umyvadlo Naturel Wood 80x55 cm dub DMDUB80XX -\" \/>\n<meta property=\"og:description\" content=\"Popis produktu Deska pod umyvadlo Naturel Wood 80&#215;55 cm dub DMDUB80XX Deska pod umyvadlo z masivn\u00edho dubu. Otvory pro sifon a vodovodn\u00ed baterii nutno ud\u011blat dodate\u010dn\u011b dle um\u00edst\u011bn\u00ed umyvadla a baterie. Bez otvor\u016f m\u016f\u017eete pou\u017e\u00edt jako samostatnou desku &#8211; polici. Deska z masivn\u00edho dubu se instaluje na konzole. Doporu\u010dujeme pou\u017e\u00edt dostate\u010dn\u011b masivn\u00ed konzole (nap\u0159. KONZOLEH), [&hellip;]\" \/>\n<meta property=\"og:url\" content=\"https:\/\/www.oknobuild.com\/index.php\/produkt\/zlevneny-deska-pod-umyvadlo-naturel-wood-80x55-cm-dub-dmdub80xx-63774\/\" \/>\n<meta property=\"og:image\" content=\"https:\/\/www.oknobuild.com\/wp-content\/uploads\/2026\/SK0022368-CZ20260425-092632-0-1777080397-deska-pod-umyvadlo-naturel-wood-80x55-cm-dub-dmdub80xx-9571.webp\" \/>\n\t<meta property=\"og:image:width\" content=\"600\" \/>\n\t<meta property=\"og:image:height\" content=\"600\" \/>\n\t<meta property=\"og:image:type\" content=\"image\/webp\" \/>\n<meta name=\"twitter:card\" content=\"summary_large_image\" \/>\n<meta name=\"twitter:label1\" content=\"Odhadovan\u00e1 doba \u010dten\u00ed\" \/>\n\t<meta name=\"twitter:data1\" content=\"1 minuta\" \/>\n<script type=\"application\/ld+json\" class=\"yoast-schema-graph\">{\"@context\":\"https:\/\/schema.org\",\"@graph\":[{\"@type\":\"WebPage\",\"@id\":\"https:\/\/www.oknobuild.com\/index.php\/produkt\/zlevneny-deska-pod-umyvadlo-naturel-wood-80x55-cm-dub-dmdub80xx-63774\/\",\"url\":\"https:\/\/www.oknobuild.com\/index.php\/produkt\/zlevneny-deska-pod-umyvadlo-naturel-wood-80x55-cm-dub-dmdub80xx-63774\/\",\"name\":\"Zlevn\u011bn\u00fd Deska pod umyvadlo Naturel Wood 80x55 cm dub DMDUB80XX -\",\"isPartOf\":{\"@id\":\"https:\/\/www.oknobuild.com\/#website\"},\"primaryImageOfPage\":{\"@id\":\"https:\/\/www.oknobuild.com\/index.php\/produkt\/zlevneny-deska-pod-umyvadlo-naturel-wood-80x55-cm-dub-dmdub80xx-63774\/#primaryimage\"},\"image\":{\"@id\":\"https:\/\/www.oknobuild.com\/index.php\/produkt\/zlevneny-deska-pod-umyvadlo-naturel-wood-80x55-cm-dub-dmdub80xx-63774\/#primaryimage\"},\"thumbnailUrl\":\"https:\/\/www.oknobuild.com\/wp-content\/uploads\/2026\/SK0022368-CZ20260425-092632-0-1777080397-deska-pod-umyvadlo-naturel-wood-80x55-cm-dub-dmdub80xx-9571.webp\",\"datePublished\":\"2026-04-27T04:43:26+00:00\",\"breadcrumb\":{\"@id\":\"https:\/\/www.oknobuild.com\/index.php\/produkt\/zlevneny-deska-pod-umyvadlo-naturel-wood-80x55-cm-dub-dmdub80xx-63774\/#breadcrumb\"},\"inLanguage\":\"cs\",\"potentialAction\":[{\"@type\":\"ReadAction\",\"target\":[\"https:\/\/www.oknobuild.com\/index.php\/produkt\/zlevneny-deska-pod-umyvadlo-naturel-wood-80x55-cm-dub-dmdub80xx-63774\/\"]}]},{\"@type\":\"ImageObject\",\"inLanguage\":\"cs\",\"@id\":\"https:\/\/www.oknobuild.com\/index.php\/produkt\/zlevneny-deska-pod-umyvadlo-naturel-wood-80x55-cm-dub-dmdub80xx-63774\/#primaryimage\",\"url\":\"https:\/\/www.oknobuild.com\/wp-content\/uploads\/2026\/SK0022368-CZ20260425-092632-0-1777080397-deska-pod-umyvadlo-naturel-wood-80x55-cm-dub-dmdub80xx-9571.webp\",\"contentUrl\":\"https:\/\/www.oknobuild.com\/wp-content\/uploads\/2026\/SK0022368-CZ20260425-092632-0-1777080397-deska-pod-umyvadlo-naturel-wood-80x55-cm-dub-dmdub80xx-9571.webp\",\"width\":600,\"height\":600},{\"@type\":\"BreadcrumbList\",\"@id\":\"https:\/\/www.oknobuild.com\/index.php\/produkt\/zlevneny-deska-pod-umyvadlo-naturel-wood-80x55-cm-dub-dmdub80xx-63774\/#breadcrumb\",\"itemListElement\":[{\"@type\":\"ListItem\",\"position\":1,\"name\":\"Home\",\"item\":\"https:\/\/www.oknobuild.com\/\"},{\"@type\":\"ListItem\",\"position\":2,\"name\":\"Products\",\"item\":\"https:\/\/www.oknobuild.com\/index.php\/products\/\"},{\"@type\":\"ListItem\",\"position\":3,\"name\":\"Zlevn\u011bn\u00fd Deska pod umyvadlo Naturel Wood 80&#215;55 cm dub DMDUB80XX\"}]},{\"@type\":\"WebSite\",\"@id\":\"https:\/\/www.oknobuild.com\/#website\",\"url\":\"https:\/\/www.oknobuild.com\/\",\"name\":\"\",\"description\":\"\",\"potentialAction\":[{\"@type\":\"SearchAction\",\"target\":{\"@type\":\"EntryPoint\",\"urlTemplate\":\"https:\/\/www.oknobuild.com\/?s={search_term_string}\"},\"query-input\":{\"@type\":\"PropertyValueSpecification\",\"valueRequired\":true,\"valueName\":\"search_term_string\"}}],\"inLanguage\":\"cs\"}]}<\/script>\n<!-- \/ Yoast SEO plugin. -->","yoast_head_json":{"title":"Zlevn\u011bn\u00fd Deska pod umyvadlo Naturel Wood 80x55 cm dub DMDUB80XX -","robots":{"index":"index","follow":"follow","max-snippet":"max-snippet:-1","max-image-preview":"max-image-preview:large","max-video-preview":"max-video-preview:-1"},"canonical":"https:\/\/www.oknobuild.com\/index.php\/produkt\/zlevneny-deska-pod-umyvadlo-naturel-wood-80x55-cm-dub-dmdub80xx-63774\/","og_locale":"cs_CZ","og_type":"article","og_title":"Zlevn\u011bn\u00fd Deska pod umyvadlo Naturel Wood 80x55 cm dub DMDUB80XX -","og_description":"Popis produktu Deska pod umyvadlo Naturel Wood 80&#215;55 cm dub DMDUB80XX Deska pod umyvadlo z masivn\u00edho dubu. Otvory pro sifon a vodovodn\u00ed baterii nutno ud\u011blat dodate\u010dn\u011b dle um\u00edst\u011bn\u00ed umyvadla a baterie. Bez otvor\u016f m\u016f\u017eete pou\u017e\u00edt jako samostatnou desku &#8211; polici. Deska z masivn\u00edho dubu se instaluje na konzole. Doporu\u010dujeme pou\u017e\u00edt dostate\u010dn\u011b masivn\u00ed konzole (nap\u0159. KONZOLEH), [&hellip;]","og_url":"https:\/\/www.oknobuild.com\/index.php\/produkt\/zlevneny-deska-pod-umyvadlo-naturel-wood-80x55-cm-dub-dmdub80xx-63774\/","og_image":[{"width":600,"height":600,"url":"https:\/\/www.oknobuild.com\/wp-content\/uploads\/2026\/SK0022368-CZ20260425-092632-0-1777080397-deska-pod-umyvadlo-naturel-wood-80x55-cm-dub-dmdub80xx-9571.webp","type":"image\/webp"}],"twitter_card":"summary_large_image","twitter_misc":{"Odhadovan\u00e1 doba \u010dten\u00ed":"1 minuta"},"schema":{"@context":"https:\/\/schema.org","@graph":[{"@type":"WebPage","@id":"https:\/\/www.oknobuild.com\/index.php\/produkt\/zlevneny-deska-pod-umyvadlo-naturel-wood-80x55-cm-dub-dmdub80xx-63774\/","url":"https:\/\/www.oknobuild.com\/index.php\/produkt\/zlevneny-deska-pod-umyvadlo-naturel-wood-80x55-cm-dub-dmdub80xx-63774\/","name":"Zlevn\u011bn\u00fd Deska pod umyvadlo Naturel Wood 80x55 cm dub DMDUB80XX -","isPartOf":{"@id":"https:\/\/www.oknobuild.com\/#website"},"primaryImageOfPage":{"@id":"https:\/\/www.oknobuild.com\/index.php\/produkt\/zlevneny-deska-pod-umyvadlo-naturel-wood-80x55-cm-dub-dmdub80xx-63774\/#primaryimage"},"image":{"@id":"https:\/\/www.oknobuild.com\/index.php\/produkt\/zlevneny-deska-pod-umyvadlo-naturel-wood-80x55-cm-dub-dmdub80xx-63774\/#primaryimage"},"thumbnailUrl":"https:\/\/www.oknobuild.com\/wp-content\/uploads\/2026\/SK0022368-CZ20260425-092632-0-1777080397-deska-pod-umyvadlo-naturel-wood-80x55-cm-dub-dmdub80xx-9571.webp","datePublished":"2026-04-27T04:43:26+00:00","breadcrumb":{"@id":"https:\/\/www.oknobuild.com\/index.php\/produkt\/zlevneny-deska-pod-umyvadlo-naturel-wood-80x55-cm-dub-dmdub80xx-63774\/#breadcrumb"},"inLanguage":"cs","potentialAction":[{"@type":"ReadAction","target":["https:\/\/www.oknobuild.com\/index.php\/produkt\/zlevneny-deska-pod-umyvadlo-naturel-wood-80x55-cm-dub-dmdub80xx-63774\/"]}]},{"@type":"ImageObject","inLanguage":"cs","@id":"https:\/\/www.oknobuild.com\/index.php\/produkt\/zlevneny-deska-pod-umyvadlo-naturel-wood-80x55-cm-dub-dmdub80xx-63774\/#primaryimage","url":"https:\/\/www.oknobuild.com\/wp-content\/uploads\/2026\/SK0022368-CZ20260425-092632-0-1777080397-deska-pod-umyvadlo-naturel-wood-80x55-cm-dub-dmdub80xx-9571.webp","contentUrl":"https:\/\/www.oknobuild.com\/wp-content\/uploads\/2026\/SK0022368-CZ20260425-092632-0-1777080397-deska-pod-umyvadlo-naturel-wood-80x55-cm-dub-dmdub80xx-9571.webp","width":600,"height":600},{"@type":"BreadcrumbList","@id":"https:\/\/www.oknobuild.com\/index.php\/produkt\/zlevneny-deska-pod-umyvadlo-naturel-wood-80x55-cm-dub-dmdub80xx-63774\/#breadcrumb","itemListElement":[{"@type":"ListItem","position":1,"name":"Home","item":"https:\/\/www.oknobuild.com\/"},{"@type":"ListItem","position":2,"name":"Products","item":"https:\/\/www.oknobuild.com\/index.php\/products\/"},{"@type":"ListItem","position":3,"name":"Zlevn\u011bn\u00fd Deska pod umyvadlo Naturel Wood 80&#215;55 cm dub DMDUB80XX"}]},{"@type":"WebSite","@id":"https:\/\/www.oknobuild.com\/#website","url":"https:\/\/www.oknobuild.com\/","name":"","description":"","potentialAction":[{"@type":"SearchAction","target":{"@type":"EntryPoint","urlTemplate":"https:\/\/www.oknobuild.com\/?s={search_term_string}"},"query-input":{"@type":"PropertyValueSpecification","valueRequired":true,"valueName":"search_term_string"}}],"inLanguage":"cs"}]}},"_links":{"self":[{"href":"https:\/\/www.oknobuild.com\/index.php\/wp-json\/wp\/v2\/product\/63774","targetHints":{"allow":["GET"]}}],"collection":[{"href":"https:\/\/www.oknobuild.com\/index.php\/wp-json\/wp\/v2\/product"}],"about":[{"href":"https:\/\/www.oknobuild.com\/index.php\/wp-json\/wp\/v2\/types\/product"}],"replies":[{"embeddable":true,"href":"https:\/\/www.oknobuild.com\/index.php\/wp-json\/wp\/v2\/comments?post=63774"}],"wp:featuredmedia":[{"embeddable":true,"href":"https:\/\/www.oknobuild.com\/index.php\/wp-json\/wp\/v2\/media\/63874"}],"wp:attachment":[{"href":"https:\/\/www.oknobuild.com\/index.php\/wp-json\/wp\/v2\/media?parent=63774"}],"wp:term":[{"taxonomy":"product_brand","embeddable":true,"href":"https:\/\/www.oknobuild.com\/index.php\/wp-json\/wp\/v2\/product_brand?post=63774"},{"taxonomy":"product_cat","embeddable":true,"href":"https:\/\/www.oknobuild.com\/index.php\/wp-json\/wp\/v2\/product_cat?post=63774"},{"taxonomy":"product_tag","embeddable":true,"href":"https:\/\/www.oknobuild.com\/index.php\/wp-json\/wp\/v2\/product_tag?post=63774"}],"curies":[{"name":"wp","href":"https:\/\/api.w.org\/{rel}","templated":true}]}}