{"id":64174,"date":"2026-04-27T04:43:28","date_gmt":"2026-04-27T04:43:28","guid":{"rendered":""},"modified":"2026-04-27T04:43:28","modified_gmt":"2026-04-27T04:43:28","slug":"znackovy-drezova-stojankova-baterie-se-sprchou-siko-schrom-sikobsd185-64174","status":"publish","type":"product","link":"https:\/\/www.oknobuild.com\/index.php\/produkt\/znackovy-drezova-stojankova-baterie-se-sprchou-siko-schrom-sikobsd185-64174\/","title":{"rendered":"Zna\u010dkov\u00fd D\u0159ezov\u00e1 stoj\u00e1nkov\u00e1 baterie se sprchou SIKO schrom SIKOBSD185"},"content":{"rendered":"<div class=\"ProductDetail-content NoFixImageContainer\" id=\"productDescription\">\n<div class=\"Heading\">\n<h2 class=\"Heading-title\">Popis produktu <span class=''>D\u0159ezov\u00e1 stoj\u00e1nkov\u00e1 baterie se sprchou SIKO schrom SIKOBSD185<\/span><\/h2>\n<\/p><\/div>\n<div class=\"ProductDetailContent\">\n<p>D\u0159ezov\u00e1 baterie je vybavena praktickou vytahovac\u00ed spr\u0161kou, kter\u00e1 je elegantn\u011b ukryta v ram\u00ednku, tak\u017ee nenaru\u0161uje celkov\u00fd vzhled baterie.<\/p>\n<ul>\n<li>Druh v\u00fdrobku: d\u0159ezov\u00e1 baterie<\/li>\n<li>Mareri\u00e1l: mosaz<\/li>\n<li>Barva popisn\u00e1: chrom<\/li>\n<li>Barva z\u00e1kladn\u00ed:&nbsp;chrom<\/li>\n<li>Pr\u016ftok l\/min.: 9,6 l\/min<\/li>\n<li>Lesk\/mat: lesk<\/li>\n<li>Typ baterie: stoj\u00e1nkov\u00e1<\/li>\n<li>Ovl\u00e1d\u00e1n\u00ed: p\u00e1kov\u00e1<\/li>\n<li>V\u00fd\u0161ka baterie: 40,5 cm<\/li>\n<li>V\u00fd\u0161ka ram\u00ednka: 23 cm<\/li>\n<li>D\u00e9lka ram\u00ednka: 22 cm<\/li>\n<li>Mont\u00e1\u017e pod okno: ne<\/li>\n<li>\u00dasporn\u00e1 baterie: ne<\/li>\n<li>V\u00fdbava baterie: s vytahovac\u00ed spr\u0161kou<\/li>\n<\/ul><\/div>\n<div class=\"ProductDetailContent\">\n<div class=\"ProductDetailContent-item\">\n<div style=\"background-color:#f9f9f9; border-left:5px solid #4caf50; border-radius:8px; box-shadow:0 4px 12px rgba(0,0,0,0.1); font-family:Arial,sans-serif; padding:25px 20px 20px 20px; position:relative\"><!-- Ikona info v lev\u00e9m horn\u00edm rohu --><\/p>\n<div style=\"align-items:center; background-color:#4caf50; border-radius:50%; color:#ffffff; display:flex; font-size:18px; font-weight:bold; height:30px; justify-content:center; left:-10px; position:absolute; top:-10px; width:30px\">i<\/div>\n<h3 style=\"margin-left:15px\">D\u0159ezov\u00e1 baterie se sprchou \u2013 praktick\u00fd a modern\u00ed dopln\u011bk kuchyn\u011b<\/h3>\n<p><strong>D\u0159ezov\u00e1 baterie se sprchou<\/strong> je skv\u011blou volbou pro ka\u017edou modern\u00ed kuchyni, kde je kladen d\u016fraz na funk\u010dnost a pohodl\u00ed. D\u00edky integrovan\u00e9 spr\u0161ce z\u00edsk\u00e1te maxim\u00e1ln\u00ed flexibilitu p\u0159i pr\u00e1ci s vodou \u2013 usnadn\u00ed v\u00e1m oplachov\u00e1n\u00ed potravin, myt\u00ed n\u00e1dob\u00ed i \u010di\u0161t\u011bn\u00ed samotn\u00e9ho <strong>d\u0159ezu<\/strong>.<\/p>\n<h3>V\u00fdhody d\u0159ezov\u00fdch bateri\u00ed se sprchou:<\/h3>\n<p>\u2714 <strong>Snadn\u00e1 manipulace<\/strong> \u2013 Pevn\u00e1, v\u00fdsuvn\u00e1 nebo flexibiln\u00ed sprcha zvy\u0161uje komfort nejen p\u0159i myt\u00ed n\u00e1dob\u00ed.<br \/>\u2714 <strong>V\u00edce funkc\u00ed<\/strong> \u2013 V\u011bt\u0161ina d\u0159ezov\u00fdch bateri\u00ed se sprchou nab\u00edz\u00ed p\u0159ep\u00edn\u00e1n\u00ed mezi klasick\u00fdm proudem vody a sprchov\u00fdm re\u017eimem.<br \/>\u2714 <strong>Modern\u00ed design<\/strong> \u2013 K dispozici jsou r\u016fzn\u00e9 povrchov\u00e9 \u00fapravy, nap\u0159\u00edklad nerezov\u00e1, \u010dern\u00e1 matn\u00e1, b\u00edl\u00e1 nebo barevn\u00e9 varianty.<br \/>\u2714 <strong>\u00daspora vody<\/strong> \u2013 D\u00edky speci\u00e1ln\u00edm perl\u00e1tor\u016fm lze sn\u00ed\u017eit spot\u0159ebu vody.<\/p>\n<\/div><\/div>\n<\/p><\/div>\n<\/p><\/div>\n<\/p><\/div>\n<\/p><\/div>\n","protected":false},"excerpt":{"rendered":"<p>Popis produktu D\u0159ezov\u00e1 stoj\u00e1nkov\u00e1 baterie se sprchou SIKO schrom SIKOBSD185 D\u0159ezov\u00e1 baterie je vybavena praktickou vytahovac\u00ed spr\u0161kou, kter\u00e1 je elegantn\u011b ukryta v ram\u00ednku, tak\u017ee nenaru\u0161uje celkov\u00fd vzhled baterie. Druh v\u00fdrobku: d\u0159ezov\u00e1 baterie Mareri\u00e1l: mosaz Barva popisn\u00e1: chrom Barva z\u00e1kladn\u00ed:&nbsp;chrom Pr\u016ftok l\/min.: 9,6 l\/min Lesk\/mat: lesk Typ baterie: stoj\u00e1nkov\u00e1 Ovl\u00e1d\u00e1n\u00ed: p\u00e1kov\u00e1 V\u00fd\u0161ka baterie: 40,5 cm V\u00fd\u0161ka [&hellip;]<\/p>\n","protected":false},"featured_media":64274,"comment_status":"open","ping_status":"open","template":"","meta":[],"product_brand":[],"product_cat":[65],"product_tag":[],"class_list":{"0":"post-64174","1":"product","2":"type-product","3":"status-publish","4":"has-post-thumbnail","6":"product_cat-koupelny","8":"first","9":"instock","10":"sale","11":"shipping-taxable","12":"purchasable","13":"product-type-simple"},"yoast_head":"<!-- This site is optimized with the Yoast SEO plugin v26.8 - https:\/\/yoast.com\/product\/yoast-seo-wordpress\/ -->\n<title>Zna\u010dkov\u00fd D\u0159ezov\u00e1 stoj\u00e1nkov\u00e1 baterie se sprchou SIKO schrom SIKOBSD185 -<\/title>\n<meta name=\"robots\" content=\"index, follow, max-snippet:-1, max-image-preview:large, max-video-preview:-1\" \/>\n<link rel=\"canonical\" href=\"https:\/\/www.oknobuild.com\/index.php\/produkt\/znackovy-drezova-stojankova-baterie-se-sprchou-siko-schrom-sikobsd185-64174\/\" \/>\n<meta property=\"og:locale\" content=\"cs_CZ\" \/>\n<meta property=\"og:type\" content=\"article\" \/>\n<meta property=\"og:title\" content=\"Zna\u010dkov\u00fd D\u0159ezov\u00e1 stoj\u00e1nkov\u00e1 baterie se sprchou SIKO schrom SIKOBSD185 -\" \/>\n<meta property=\"og:description\" content=\"Popis produktu D\u0159ezov\u00e1 stoj\u00e1nkov\u00e1 baterie se sprchou SIKO schrom SIKOBSD185 D\u0159ezov\u00e1 baterie je vybavena praktickou vytahovac\u00ed spr\u0161kou, kter\u00e1 je elegantn\u011b ukryta v ram\u00ednku, tak\u017ee nenaru\u0161uje celkov\u00fd vzhled baterie. Druh v\u00fdrobku: d\u0159ezov\u00e1 baterie Mareri\u00e1l: mosaz Barva popisn\u00e1: chrom Barva z\u00e1kladn\u00ed:&nbsp;chrom Pr\u016ftok l\/min.: 9,6 l\/min Lesk\/mat: lesk Typ baterie: stoj\u00e1nkov\u00e1 Ovl\u00e1d\u00e1n\u00ed: p\u00e1kov\u00e1 V\u00fd\u0161ka baterie: 40,5 cm V\u00fd\u0161ka [&hellip;]\" \/>\n<meta property=\"og:url\" content=\"https:\/\/www.oknobuild.com\/index.php\/produkt\/znackovy-drezova-stojankova-baterie-se-sprchou-siko-schrom-sikobsd185-64174\/\" \/>\n<meta property=\"og:image\" content=\"https:\/\/www.oknobuild.com\/wp-content\/uploads\/2026\/SK0022569-CZ20260425-092632-0-1777080397-drezova-stojankova-baterie-se-sprchou-siko-schrom-sikobsd18.webp\" \/>\n\t<meta property=\"og:image:width\" content=\"600\" \/>\n\t<meta property=\"og:image:height\" content=\"600\" \/>\n\t<meta property=\"og:image:type\" content=\"image\/webp\" \/>\n<meta name=\"twitter:card\" content=\"summary_large_image\" \/>\n<meta name=\"twitter:label1\" content=\"Odhadovan\u00e1 doba \u010dten\u00ed\" \/>\n\t<meta name=\"twitter:data1\" content=\"1 minuta\" \/>\n<script type=\"application\/ld+json\" class=\"yoast-schema-graph\">{\"@context\":\"https:\/\/schema.org\",\"@graph\":[{\"@type\":\"WebPage\",\"@id\":\"https:\/\/www.oknobuild.com\/index.php\/produkt\/znackovy-drezova-stojankova-baterie-se-sprchou-siko-schrom-sikobsd185-64174\/\",\"url\":\"https:\/\/www.oknobuild.com\/index.php\/produkt\/znackovy-drezova-stojankova-baterie-se-sprchou-siko-schrom-sikobsd185-64174\/\",\"name\":\"Zna\u010dkov\u00fd D\u0159ezov\u00e1 stoj\u00e1nkov\u00e1 baterie se sprchou SIKO schrom SIKOBSD185 -\",\"isPartOf\":{\"@id\":\"https:\/\/www.oknobuild.com\/#website\"},\"primaryImageOfPage\":{\"@id\":\"https:\/\/www.oknobuild.com\/index.php\/produkt\/znackovy-drezova-stojankova-baterie-se-sprchou-siko-schrom-sikobsd185-64174\/#primaryimage\"},\"image\":{\"@id\":\"https:\/\/www.oknobuild.com\/index.php\/produkt\/znackovy-drezova-stojankova-baterie-se-sprchou-siko-schrom-sikobsd185-64174\/#primaryimage\"},\"thumbnailUrl\":\"https:\/\/www.oknobuild.com\/wp-content\/uploads\/2026\/SK0022569-CZ20260425-092632-0-1777080397-drezova-stojankova-baterie-se-sprchou-siko-schrom-sikobsd18.webp\",\"datePublished\":\"2026-04-27T04:43:28+00:00\",\"breadcrumb\":{\"@id\":\"https:\/\/www.oknobuild.com\/index.php\/produkt\/znackovy-drezova-stojankova-baterie-se-sprchou-siko-schrom-sikobsd185-64174\/#breadcrumb\"},\"inLanguage\":\"cs\",\"potentialAction\":[{\"@type\":\"ReadAction\",\"target\":[\"https:\/\/www.oknobuild.com\/index.php\/produkt\/znackovy-drezova-stojankova-baterie-se-sprchou-siko-schrom-sikobsd185-64174\/\"]}]},{\"@type\":\"ImageObject\",\"inLanguage\":\"cs\",\"@id\":\"https:\/\/www.oknobuild.com\/index.php\/produkt\/znackovy-drezova-stojankova-baterie-se-sprchou-siko-schrom-sikobsd185-64174\/#primaryimage\",\"url\":\"https:\/\/www.oknobuild.com\/wp-content\/uploads\/2026\/SK0022569-CZ20260425-092632-0-1777080397-drezova-stojankova-baterie-se-sprchou-siko-schrom-sikobsd18.webp\",\"contentUrl\":\"https:\/\/www.oknobuild.com\/wp-content\/uploads\/2026\/SK0022569-CZ20260425-092632-0-1777080397-drezova-stojankova-baterie-se-sprchou-siko-schrom-sikobsd18.webp\",\"width\":600,\"height\":600},{\"@type\":\"BreadcrumbList\",\"@id\":\"https:\/\/www.oknobuild.com\/index.php\/produkt\/znackovy-drezova-stojankova-baterie-se-sprchou-siko-schrom-sikobsd185-64174\/#breadcrumb\",\"itemListElement\":[{\"@type\":\"ListItem\",\"position\":1,\"name\":\"Home\",\"item\":\"https:\/\/www.oknobuild.com\/\"},{\"@type\":\"ListItem\",\"position\":2,\"name\":\"Products\",\"item\":\"https:\/\/www.oknobuild.com\/index.php\/products\/\"},{\"@type\":\"ListItem\",\"position\":3,\"name\":\"Zna\u010dkov\u00fd D\u0159ezov\u00e1 stoj\u00e1nkov\u00e1 baterie se sprchou SIKO schrom SIKOBSD185\"}]},{\"@type\":\"WebSite\",\"@id\":\"https:\/\/www.oknobuild.com\/#website\",\"url\":\"https:\/\/www.oknobuild.com\/\",\"name\":\"\",\"description\":\"\",\"potentialAction\":[{\"@type\":\"SearchAction\",\"target\":{\"@type\":\"EntryPoint\",\"urlTemplate\":\"https:\/\/www.oknobuild.com\/?s={search_term_string}\"},\"query-input\":{\"@type\":\"PropertyValueSpecification\",\"valueRequired\":true,\"valueName\":\"search_term_string\"}}],\"inLanguage\":\"cs\"}]}<\/script>\n<!-- \/ Yoast SEO plugin. -->","yoast_head_json":{"title":"Zna\u010dkov\u00fd D\u0159ezov\u00e1 stoj\u00e1nkov\u00e1 baterie se sprchou SIKO schrom SIKOBSD185 -","robots":{"index":"index","follow":"follow","max-snippet":"max-snippet:-1","max-image-preview":"max-image-preview:large","max-video-preview":"max-video-preview:-1"},"canonical":"https:\/\/www.oknobuild.com\/index.php\/produkt\/znackovy-drezova-stojankova-baterie-se-sprchou-siko-schrom-sikobsd185-64174\/","og_locale":"cs_CZ","og_type":"article","og_title":"Zna\u010dkov\u00fd D\u0159ezov\u00e1 stoj\u00e1nkov\u00e1 baterie se sprchou SIKO schrom SIKOBSD185 -","og_description":"Popis produktu D\u0159ezov\u00e1 stoj\u00e1nkov\u00e1 baterie se sprchou SIKO schrom SIKOBSD185 D\u0159ezov\u00e1 baterie je vybavena praktickou vytahovac\u00ed spr\u0161kou, kter\u00e1 je elegantn\u011b ukryta v ram\u00ednku, tak\u017ee nenaru\u0161uje celkov\u00fd vzhled baterie. Druh v\u00fdrobku: d\u0159ezov\u00e1 baterie Mareri\u00e1l: mosaz Barva popisn\u00e1: chrom Barva z\u00e1kladn\u00ed:&nbsp;chrom Pr\u016ftok l\/min.: 9,6 l\/min Lesk\/mat: lesk Typ baterie: stoj\u00e1nkov\u00e1 Ovl\u00e1d\u00e1n\u00ed: p\u00e1kov\u00e1 V\u00fd\u0161ka baterie: 40,5 cm V\u00fd\u0161ka [&hellip;]","og_url":"https:\/\/www.oknobuild.com\/index.php\/produkt\/znackovy-drezova-stojankova-baterie-se-sprchou-siko-schrom-sikobsd185-64174\/","og_image":[{"width":600,"height":600,"url":"https:\/\/www.oknobuild.com\/wp-content\/uploads\/2026\/SK0022569-CZ20260425-092632-0-1777080397-drezova-stojankova-baterie-se-sprchou-siko-schrom-sikobsd18.webp","type":"image\/webp"}],"twitter_card":"summary_large_image","twitter_misc":{"Odhadovan\u00e1 doba \u010dten\u00ed":"1 minuta"},"schema":{"@context":"https:\/\/schema.org","@graph":[{"@type":"WebPage","@id":"https:\/\/www.oknobuild.com\/index.php\/produkt\/znackovy-drezova-stojankova-baterie-se-sprchou-siko-schrom-sikobsd185-64174\/","url":"https:\/\/www.oknobuild.com\/index.php\/produkt\/znackovy-drezova-stojankova-baterie-se-sprchou-siko-schrom-sikobsd185-64174\/","name":"Zna\u010dkov\u00fd D\u0159ezov\u00e1 stoj\u00e1nkov\u00e1 baterie se sprchou SIKO schrom SIKOBSD185 -","isPartOf":{"@id":"https:\/\/www.oknobuild.com\/#website"},"primaryImageOfPage":{"@id":"https:\/\/www.oknobuild.com\/index.php\/produkt\/znackovy-drezova-stojankova-baterie-se-sprchou-siko-schrom-sikobsd185-64174\/#primaryimage"},"image":{"@id":"https:\/\/www.oknobuild.com\/index.php\/produkt\/znackovy-drezova-stojankova-baterie-se-sprchou-siko-schrom-sikobsd185-64174\/#primaryimage"},"thumbnailUrl":"https:\/\/www.oknobuild.com\/wp-content\/uploads\/2026\/SK0022569-CZ20260425-092632-0-1777080397-drezova-stojankova-baterie-se-sprchou-siko-schrom-sikobsd18.webp","datePublished":"2026-04-27T04:43:28+00:00","breadcrumb":{"@id":"https:\/\/www.oknobuild.com\/index.php\/produkt\/znackovy-drezova-stojankova-baterie-se-sprchou-siko-schrom-sikobsd185-64174\/#breadcrumb"},"inLanguage":"cs","potentialAction":[{"@type":"ReadAction","target":["https:\/\/www.oknobuild.com\/index.php\/produkt\/znackovy-drezova-stojankova-baterie-se-sprchou-siko-schrom-sikobsd185-64174\/"]}]},{"@type":"ImageObject","inLanguage":"cs","@id":"https:\/\/www.oknobuild.com\/index.php\/produkt\/znackovy-drezova-stojankova-baterie-se-sprchou-siko-schrom-sikobsd185-64174\/#primaryimage","url":"https:\/\/www.oknobuild.com\/wp-content\/uploads\/2026\/SK0022569-CZ20260425-092632-0-1777080397-drezova-stojankova-baterie-se-sprchou-siko-schrom-sikobsd18.webp","contentUrl":"https:\/\/www.oknobuild.com\/wp-content\/uploads\/2026\/SK0022569-CZ20260425-092632-0-1777080397-drezova-stojankova-baterie-se-sprchou-siko-schrom-sikobsd18.webp","width":600,"height":600},{"@type":"BreadcrumbList","@id":"https:\/\/www.oknobuild.com\/index.php\/produkt\/znackovy-drezova-stojankova-baterie-se-sprchou-siko-schrom-sikobsd185-64174\/#breadcrumb","itemListElement":[{"@type":"ListItem","position":1,"name":"Home","item":"https:\/\/www.oknobuild.com\/"},{"@type":"ListItem","position":2,"name":"Products","item":"https:\/\/www.oknobuild.com\/index.php\/products\/"},{"@type":"ListItem","position":3,"name":"Zna\u010dkov\u00fd D\u0159ezov\u00e1 stoj\u00e1nkov\u00e1 baterie se sprchou SIKO schrom SIKOBSD185"}]},{"@type":"WebSite","@id":"https:\/\/www.oknobuild.com\/#website","url":"https:\/\/www.oknobuild.com\/","name":"","description":"","potentialAction":[{"@type":"SearchAction","target":{"@type":"EntryPoint","urlTemplate":"https:\/\/www.oknobuild.com\/?s={search_term_string}"},"query-input":{"@type":"PropertyValueSpecification","valueRequired":true,"valueName":"search_term_string"}}],"inLanguage":"cs"}]}},"_links":{"self":[{"href":"https:\/\/www.oknobuild.com\/index.php\/wp-json\/wp\/v2\/product\/64174","targetHints":{"allow":["GET"]}}],"collection":[{"href":"https:\/\/www.oknobuild.com\/index.php\/wp-json\/wp\/v2\/product"}],"about":[{"href":"https:\/\/www.oknobuild.com\/index.php\/wp-json\/wp\/v2\/types\/product"}],"replies":[{"embeddable":true,"href":"https:\/\/www.oknobuild.com\/index.php\/wp-json\/wp\/v2\/comments?post=64174"}],"wp:featuredmedia":[{"embeddable":true,"href":"https:\/\/www.oknobuild.com\/index.php\/wp-json\/wp\/v2\/media\/64274"}],"wp:attachment":[{"href":"https:\/\/www.oknobuild.com\/index.php\/wp-json\/wp\/v2\/media?parent=64174"}],"wp:term":[{"taxonomy":"product_brand","embeddable":true,"href":"https:\/\/www.oknobuild.com\/index.php\/wp-json\/wp\/v2\/product_brand?post=64174"},{"taxonomy":"product_cat","embeddable":true,"href":"https:\/\/www.oknobuild.com\/index.php\/wp-json\/wp\/v2\/product_cat?post=64174"},{"taxonomy":"product_tag","embeddable":true,"href":"https:\/\/www.oknobuild.com\/index.php\/wp-json\/wp\/v2\/product_tag?post=64174"}],"curies":[{"name":"wp","href":"https:\/\/api.w.org\/{rel}","templated":true}]}}