{"id":64375,"date":"2026-04-27T04:43:28","date_gmt":"2026-04-27T04:43:28","guid":{"rendered":""},"modified":"2026-04-27T04:43:28","modified_gmt":"2026-04-27T04:43:28","slug":"uh-plast-nadrz-s-tesnym-vikem-pro-prevoz-300l-sk-301e-bila-horka-nabidka-64375","status":"publish","type":"product","link":"https:\/\/www.oknobuild.com\/index.php\/produkt\/uh-plast-nadrz-s-tesnym-vikem-pro-prevoz-300l-sk-301e-bila-horka-nabidka-64375\/","title":{"rendered":"UH Plast N\u00e1dr\u017e s t\u011bsn\u00fdm v\u00edkem pro p\u0159evoz 300l SK-301E b\u00edl\u00e1 Hork\u00e1 Nab\u00eddka"},"content":{"rendered":"<div class=\"ProductDetail-content NoFixImageContainer\" id=\"productDescription\">\n<div class=\"Heading\">\n<h2 class=\"Heading-title\">Popis produktu <span class=''>UH Plast N\u00e1dr\u017e s t\u011bsn\u00fdm v\u00edkem pro p\u0159evoz 300l SK-301E b\u00edl\u00e1<\/span><\/h2>\n<\/p><\/div>\n<div class=\"ProductDetailContent\">\n<p><strong>Plastov\u00e1 n\u00e1dr\u017e<\/strong> pro <strong>skladov\u00e1n\u00ed a p\u0159evoz<\/strong> <strong>UH Plast SK-301E<\/strong> je ide\u00e1ln\u00ed volbou pro dom\u00e1cnosti i pr\u016fmyslov\u00e9 provozy. N\u00e1dr\u017e je vyrobena z prvot\u0159\u00eddn\u00edho <span style=\"font-family:Arial,Helvetica,sans-serif\"><span style=\"font-size:16px\">polyethylenu <\/span><\/span>a nab\u00edz\u00ed dlouhou \u017eivotnost i vysokou odolnost v\u016f\u010di chemik\u00e1li\u00edm a mechanick\u00e9mu po\u0161kozen\u00ed. <span style=\"font-size:16px\">N\u00e1dr\u017e SK-E m\u00e1 oproti ostatn\u00edm \u0159ad\u00e1m <strong>t\u011bsn\u011bj\u0161\u00ed v\u00edko vhodn\u00e9 pro p\u0159evoz<\/strong>. Aby nedoch\u00e1zelo k \u00faniku kapalin, m\u011bl by b\u00fdt skute\u010dn\u00fd objem n\u00e1dr\u017ee p\u0159i pln\u011bn\u00ed min. o 5 % men\u0161\u00ed ne\u017e jej\u00ed jmenovit\u00fd objem.<\/span><\/p>\n<h3><span style=\"font-size:22px\">Parametry<\/span><\/h3>\n<ul>\n<li><span style=\"font-size:16px\">Objem: 300 l<\/span><\/li>\n<li><span style=\"font-size:16px\">D\u00e9lka: 101 cm<\/span><\/li>\n<li><span style=\"font-size:16px\">\u0160\u00ed\u0159ka: 63 cm<\/span><\/li>\n<li><span style=\"font-size:16px\">V\u00fd\u0161ka: 57 cm<\/span><\/li>\n<li><span style=\"font-size:16px\">Pr\u016fm\u011br hrdla: 35 cm<\/span><\/li>\n<li><span style=\"font-size:16px\">Tlou\u0161\u0165ka st\u011bny: 3,5 mm<\/span><\/li>\n<li><span style=\"font-size:16px\">Z\u00e1vit pro p\u0159ipojen\u00ed: 3\/4&#8243;<\/span><\/li>\n<li><span style=\"font-size:16px\">Materi\u00e1l: Polyethylen<\/span><\/li>\n<\/ul>\n<h3><span style=\"font-size:22px\">Z\u00e1vity pro p\u0159ipojen\u00ed ventil\u016f<\/span><\/h3>\n<ul>\n<li><span style=\"font-size:16px\">Spodn\u00ed z\u00e1vit 3\/4&#8243; je v\u017edy vnit\u0159n\u00ed a z&nbsp;v\u00fdroby je zaslepen\u00fd (viz. foto). Z\u00e1kazn\u00edk si mus\u00ed s\u00e1m provrtat, pokud jej bude cht\u00edt vyu\u017e\u00edvat. Spodn\u00ed z\u00e1vit je sou\u010d\u00e1st\u00ed ka\u017ed\u00e9 n\u00e1dr\u017ee.<\/span><\/li>\n<li><span style=\"font-size:16px\">Horn\u00ed vn\u011bj\u0161\u00ed z\u00e1vit 3\/4&#8243;&nbsp;(jin\u00fd nelze) za p\u0159\u00edplatek 400 K\u010d bez DPH.<\/span><\/li>\n<\/ul>\n<h3><span style=\"font-size:22px\">Pro\u010d si vybrat plastovou n\u00e1dr\u017e od UH Plast?<\/span><\/h3>\n<ul>\n<li><span style=\"font-family:Arial,Helvetica,sans-serif\"><span style=\"font-size:16px\"><strong>Kvalitn\u00ed materi\u00e1ly<\/strong> \u2013 Vyr\u00e1b\u00edme z odoln\u00e9ho polyethylenu, kter\u00fd zaru\u010duje dlouhou \u017eivotnost a vysokou odolnost v\u016f\u010di chemick\u00fdm l\u00e1tk\u00e1m.<\/span><\/span><\/li>\n<li><span style=\"font-family:Arial,Helvetica,sans-serif\"><span style=\"font-size:16px\"><strong>Ekologick\u00e9 a hygienick\u00e9<\/strong> \u2013 Na\u0161e v\u00fdrobky spl\u0148uj\u00ed p\u0159\u00edsn\u00e9 ekologick\u00e9 normy a jsou zdravotn\u011b nez\u00e1vadn\u00e9.<\/span><\/span><\/li>\n<li><span style=\"font-family:Arial,Helvetica,sans-serif\"><span style=\"font-size:16px\"><strong>Dlouh\u00e1 \u017eivotnost<\/strong> \u2013 Plastov\u00e9 n\u00e1dr\u017ee od UH Plast jsou navr\u017eeny tak, aby odol\u00e1valy mechanick\u00e9mu po\u0161kozen\u00ed a vn\u011bj\u0161\u00edm vliv\u016fm.<\/span><\/span><\/li>\n<li><span style=\"font-family:Arial,Helvetica,sans-serif\"><span style=\"font-size:16px\"><strong>Odolnost proti mrazu<\/strong> \u2013 -30 \u00b0C* a\u017e +60 \u00b0C (*pro pr\u00e1zdn\u00e9 n\u00e1dr\u017ee)<\/span><\/span><\/li>\n<li><strong><span style=\"font-size:16px\">Vhodn\u00e9 pro p\u0159evoz<\/span><\/strong> &#8211; n\u00e1dr\u017ee \u0159ady E maj\u00ed t\u011bsn\u00e9 v\u00fdko, kter\u00e9 zaji\u0161\u0165uje t\u011bsnost i v p\u0159\u00edpadu p\u0159evozu atomobilem apod.<\/li>\n<\/ul><\/div>\n<div class=\"ProductDetailContent\">\n<div class=\"ProductDetailContent-item\">\n<div style=\"background-color:#f9f9f9; border-left:5px solid #4caf50; border-radius:8px; box-shadow:0 4px 12px rgba(0,0,0,0.1); font-family:Arial,sans-serif; margin-bottom:20px; padding:25px 20px 20px 20px; position:relative\"><!-- Ikona info v lev\u00e9m horn\u00edm rohu --><\/p>\n<div style=\"align-items:center; background-color:#4caf50; border-radius:50%; color:#ffffff; display:flex; font-size:18px; font-weight:bold; height:30px; justify-content:center; left:-10px; position:absolute; top:-10px; width:30px\">i<\/div>\n<h3 style=\"margin-left:15px\">Polyethylen LLDPE<\/h3>\n<p><strong>Polyethylen LLDPE<\/strong> (Low-Density Polyethylene) je druh polymeru, kter\u00fd je charakterizov\u00e1n n\u00edzkou hustotou a vysokou flexibilitou. Tento materi\u00e1l je \u0161iroce pou\u017e\u00edv\u00e1n v r\u016fzn\u00fdch aplikac\u00edch, zejm\u00e9na d\u00edky sv\u00e9 odolnosti v\u016f\u010di chemik\u00e1li\u00edm, vlhkosti a n\u00edzk\u00fdm teplot\u00e1m. LLDPE je vytv\u00e1\u0159en polymerac\u00ed etylenu za pou\u017eit\u00ed specifick\u00fdch katalyz\u00e1tor\u016f, co\u017e vede k molekul\u00e1m s n\u00edzkou hustotou, ale z\u00e1rove\u0148 zaji\u0161\u0165uje vysokou odolnost a flexibilitu.<\/p>\n<p><strong>Typick\u00e9 vlastnosti LLDPE:<\/strong><\/p>\n<ul>\n<li><strong>Vysok\u00e1 odolnost v\u016f\u010di n\u00e1raz\u016fm<\/strong> a poprask\u00e1n\u00ed.<\/li>\n<li><strong>Flexibilita a ohybnost<\/strong> p\u0159i n\u00edzk\u00fdch teplot\u00e1ch.<\/li>\n<li><strong>Odolnost v\u016f\u010di chemik\u00e1li\u00edm<\/strong> (nap\u0159. kyselin\u00e1m, z\u00e1sad\u00e1m, olej\u016fm).<\/li>\n<li><strong>N\u00edzk\u00e1 hustota<\/strong>, co\u017e znamen\u00e1, \u017ee je lehk\u00fd.<\/li>\n<li><strong>Dobr\u00e1 bari\u00e9rov\u00e1 vlastnost proti vod\u011b<\/strong>.<\/li>\n<\/ul>\n<\/div><\/div>\n<\/p><\/div>\n<\/p><\/div>\n<\/p><\/div>\n<\/p><\/div>\n","protected":false},"excerpt":{"rendered":"<p>Popis produktu UH Plast N\u00e1dr\u017e s t\u011bsn\u00fdm v\u00edkem pro p\u0159evoz 300l SK-301E b\u00edl\u00e1 Plastov\u00e1 n\u00e1dr\u017e pro skladov\u00e1n\u00ed a p\u0159evoz UH Plast SK-301E je ide\u00e1ln\u00ed volbou pro dom\u00e1cnosti i pr\u016fmyslov\u00e9 provozy. N\u00e1dr\u017e je vyrobena z prvot\u0159\u00eddn\u00edho polyethylenu a nab\u00edz\u00ed dlouhou \u017eivotnost i vysokou odolnost v\u016f\u010di chemik\u00e1li\u00edm a mechanick\u00e9mu po\u0161kozen\u00ed. N\u00e1dr\u017e SK-E m\u00e1 oproti ostatn\u00edm \u0159ad\u00e1m t\u011bsn\u011bj\u0161\u00ed [&hellip;]<\/p>\n","protected":false},"featured_media":64475,"comment_status":"open","ping_status":"open","template":"","meta":[],"product_brand":[],"product_cat":[87],"product_tag":[],"class_list":{"0":"post-64375","1":"product","2":"type-product","3":"status-publish","4":"has-post-thumbnail","6":"product_cat-septiky-jimky-nadrze","8":"first","9":"instock","10":"sale","11":"shipping-taxable","12":"purchasable","13":"product-type-simple"},"yoast_head":"<!-- This site is optimized with the Yoast SEO plugin v26.8 - https:\/\/yoast.com\/product\/yoast-seo-wordpress\/ -->\n<title>UH Plast N\u00e1dr\u017e s t\u011bsn\u00fdm v\u00edkem pro p\u0159evoz 300l SK-301E b\u00edl\u00e1 Hork\u00e1 Nab\u00eddka -<\/title>\n<meta name=\"robots\" content=\"index, follow, max-snippet:-1, max-image-preview:large, max-video-preview:-1\" \/>\n<link rel=\"canonical\" href=\"https:\/\/www.oknobuild.com\/index.php\/produkt\/uh-plast-nadrz-s-tesnym-vikem-pro-prevoz-300l-sk-301e-bila-horka-nabidka-64375\/\" \/>\n<meta property=\"og:locale\" content=\"cs_CZ\" \/>\n<meta property=\"og:type\" content=\"article\" \/>\n<meta property=\"og:title\" content=\"UH Plast N\u00e1dr\u017e s t\u011bsn\u00fdm v\u00edkem pro p\u0159evoz 300l SK-301E b\u00edl\u00e1 Hork\u00e1 Nab\u00eddka -\" \/>\n<meta property=\"og:description\" content=\"Popis produktu UH Plast N\u00e1dr\u017e s t\u011bsn\u00fdm v\u00edkem pro p\u0159evoz 300l SK-301E b\u00edl\u00e1 Plastov\u00e1 n\u00e1dr\u017e pro skladov\u00e1n\u00ed a p\u0159evoz UH Plast SK-301E je ide\u00e1ln\u00ed volbou pro dom\u00e1cnosti i pr\u016fmyslov\u00e9 provozy. N\u00e1dr\u017e je vyrobena z prvot\u0159\u00eddn\u00edho polyethylenu a nab\u00edz\u00ed dlouhou \u017eivotnost i vysokou odolnost v\u016f\u010di chemik\u00e1li\u00edm a mechanick\u00e9mu po\u0161kozen\u00ed. N\u00e1dr\u017e SK-E m\u00e1 oproti ostatn\u00edm \u0159ad\u00e1m t\u011bsn\u011bj\u0161\u00ed [&hellip;]\" \/>\n<meta property=\"og:url\" content=\"https:\/\/www.oknobuild.com\/index.php\/produkt\/uh-plast-nadrz-s-tesnym-vikem-pro-prevoz-300l-sk-301e-bila-horka-nabidka-64375\/\" \/>\n<meta property=\"og:image\" content=\"https:\/\/www.oknobuild.com\/wp-content\/uploads\/2026\/SK0022672-CZ20260425-092632-0-1777080397-uh-plast-nadrz-s-tesnym-vikem-pro-prevoz-300l-sk-301e-bila-.webp\" \/>\n\t<meta property=\"og:image:width\" content=\"600\" \/>\n\t<meta property=\"og:image:height\" content=\"600\" \/>\n\t<meta property=\"og:image:type\" content=\"image\/webp\" \/>\n<meta name=\"twitter:card\" content=\"summary_large_image\" \/>\n<meta name=\"twitter:label1\" content=\"Odhadovan\u00e1 doba \u010dten\u00ed\" \/>\n\t<meta name=\"twitter:data1\" content=\"2 minuty\" \/>\n<script type=\"application\/ld+json\" class=\"yoast-schema-graph\">{\"@context\":\"https:\/\/schema.org\",\"@graph\":[{\"@type\":\"WebPage\",\"@id\":\"https:\/\/www.oknobuild.com\/index.php\/produkt\/uh-plast-nadrz-s-tesnym-vikem-pro-prevoz-300l-sk-301e-bila-horka-nabidka-64375\/\",\"url\":\"https:\/\/www.oknobuild.com\/index.php\/produkt\/uh-plast-nadrz-s-tesnym-vikem-pro-prevoz-300l-sk-301e-bila-horka-nabidka-64375\/\",\"name\":\"UH Plast N\u00e1dr\u017e s t\u011bsn\u00fdm v\u00edkem pro p\u0159evoz 300l SK-301E b\u00edl\u00e1 Hork\u00e1 Nab\u00eddka -\",\"isPartOf\":{\"@id\":\"https:\/\/www.oknobuild.com\/#website\"},\"primaryImageOfPage\":{\"@id\":\"https:\/\/www.oknobuild.com\/index.php\/produkt\/uh-plast-nadrz-s-tesnym-vikem-pro-prevoz-300l-sk-301e-bila-horka-nabidka-64375\/#primaryimage\"},\"image\":{\"@id\":\"https:\/\/www.oknobuild.com\/index.php\/produkt\/uh-plast-nadrz-s-tesnym-vikem-pro-prevoz-300l-sk-301e-bila-horka-nabidka-64375\/#primaryimage\"},\"thumbnailUrl\":\"https:\/\/www.oknobuild.com\/wp-content\/uploads\/2026\/SK0022672-CZ20260425-092632-0-1777080397-uh-plast-nadrz-s-tesnym-vikem-pro-prevoz-300l-sk-301e-bila-.webp\",\"datePublished\":\"2026-04-27T04:43:28+00:00\",\"breadcrumb\":{\"@id\":\"https:\/\/www.oknobuild.com\/index.php\/produkt\/uh-plast-nadrz-s-tesnym-vikem-pro-prevoz-300l-sk-301e-bila-horka-nabidka-64375\/#breadcrumb\"},\"inLanguage\":\"cs\",\"potentialAction\":[{\"@type\":\"ReadAction\",\"target\":[\"https:\/\/www.oknobuild.com\/index.php\/produkt\/uh-plast-nadrz-s-tesnym-vikem-pro-prevoz-300l-sk-301e-bila-horka-nabidka-64375\/\"]}]},{\"@type\":\"ImageObject\",\"inLanguage\":\"cs\",\"@id\":\"https:\/\/www.oknobuild.com\/index.php\/produkt\/uh-plast-nadrz-s-tesnym-vikem-pro-prevoz-300l-sk-301e-bila-horka-nabidka-64375\/#primaryimage\",\"url\":\"https:\/\/www.oknobuild.com\/wp-content\/uploads\/2026\/SK0022672-CZ20260425-092632-0-1777080397-uh-plast-nadrz-s-tesnym-vikem-pro-prevoz-300l-sk-301e-bila-.webp\",\"contentUrl\":\"https:\/\/www.oknobuild.com\/wp-content\/uploads\/2026\/SK0022672-CZ20260425-092632-0-1777080397-uh-plast-nadrz-s-tesnym-vikem-pro-prevoz-300l-sk-301e-bila-.webp\",\"width\":600,\"height\":600},{\"@type\":\"BreadcrumbList\",\"@id\":\"https:\/\/www.oknobuild.com\/index.php\/produkt\/uh-plast-nadrz-s-tesnym-vikem-pro-prevoz-300l-sk-301e-bila-horka-nabidka-64375\/#breadcrumb\",\"itemListElement\":[{\"@type\":\"ListItem\",\"position\":1,\"name\":\"Home\",\"item\":\"https:\/\/www.oknobuild.com\/\"},{\"@type\":\"ListItem\",\"position\":2,\"name\":\"Products\",\"item\":\"https:\/\/www.oknobuild.com\/index.php\/products\/\"},{\"@type\":\"ListItem\",\"position\":3,\"name\":\"UH Plast N\u00e1dr\u017e s t\u011bsn\u00fdm v\u00edkem pro p\u0159evoz 300l SK-301E b\u00edl\u00e1 Hork\u00e1 Nab\u00eddka\"}]},{\"@type\":\"WebSite\",\"@id\":\"https:\/\/www.oknobuild.com\/#website\",\"url\":\"https:\/\/www.oknobuild.com\/\",\"name\":\"\",\"description\":\"\",\"potentialAction\":[{\"@type\":\"SearchAction\",\"target\":{\"@type\":\"EntryPoint\",\"urlTemplate\":\"https:\/\/www.oknobuild.com\/?s={search_term_string}\"},\"query-input\":{\"@type\":\"PropertyValueSpecification\",\"valueRequired\":true,\"valueName\":\"search_term_string\"}}],\"inLanguage\":\"cs\"}]}<\/script>\n<!-- \/ Yoast SEO plugin. -->","yoast_head_json":{"title":"UH Plast N\u00e1dr\u017e s t\u011bsn\u00fdm v\u00edkem pro p\u0159evoz 300l SK-301E b\u00edl\u00e1 Hork\u00e1 Nab\u00eddka -","robots":{"index":"index","follow":"follow","max-snippet":"max-snippet:-1","max-image-preview":"max-image-preview:large","max-video-preview":"max-video-preview:-1"},"canonical":"https:\/\/www.oknobuild.com\/index.php\/produkt\/uh-plast-nadrz-s-tesnym-vikem-pro-prevoz-300l-sk-301e-bila-horka-nabidka-64375\/","og_locale":"cs_CZ","og_type":"article","og_title":"UH Plast N\u00e1dr\u017e s t\u011bsn\u00fdm v\u00edkem pro p\u0159evoz 300l SK-301E b\u00edl\u00e1 Hork\u00e1 Nab\u00eddka -","og_description":"Popis produktu UH Plast N\u00e1dr\u017e s t\u011bsn\u00fdm v\u00edkem pro p\u0159evoz 300l SK-301E b\u00edl\u00e1 Plastov\u00e1 n\u00e1dr\u017e pro skladov\u00e1n\u00ed a p\u0159evoz UH Plast SK-301E je ide\u00e1ln\u00ed volbou pro dom\u00e1cnosti i pr\u016fmyslov\u00e9 provozy. N\u00e1dr\u017e je vyrobena z prvot\u0159\u00eddn\u00edho polyethylenu a nab\u00edz\u00ed dlouhou \u017eivotnost i vysokou odolnost v\u016f\u010di chemik\u00e1li\u00edm a mechanick\u00e9mu po\u0161kozen\u00ed. N\u00e1dr\u017e SK-E m\u00e1 oproti ostatn\u00edm \u0159ad\u00e1m t\u011bsn\u011bj\u0161\u00ed [&hellip;]","og_url":"https:\/\/www.oknobuild.com\/index.php\/produkt\/uh-plast-nadrz-s-tesnym-vikem-pro-prevoz-300l-sk-301e-bila-horka-nabidka-64375\/","og_image":[{"width":600,"height":600,"url":"https:\/\/www.oknobuild.com\/wp-content\/uploads\/2026\/SK0022672-CZ20260425-092632-0-1777080397-uh-plast-nadrz-s-tesnym-vikem-pro-prevoz-300l-sk-301e-bila-.webp","type":"image\/webp"}],"twitter_card":"summary_large_image","twitter_misc":{"Odhadovan\u00e1 doba \u010dten\u00ed":"2 minuty"},"schema":{"@context":"https:\/\/schema.org","@graph":[{"@type":"WebPage","@id":"https:\/\/www.oknobuild.com\/index.php\/produkt\/uh-plast-nadrz-s-tesnym-vikem-pro-prevoz-300l-sk-301e-bila-horka-nabidka-64375\/","url":"https:\/\/www.oknobuild.com\/index.php\/produkt\/uh-plast-nadrz-s-tesnym-vikem-pro-prevoz-300l-sk-301e-bila-horka-nabidka-64375\/","name":"UH Plast N\u00e1dr\u017e s t\u011bsn\u00fdm v\u00edkem pro p\u0159evoz 300l SK-301E b\u00edl\u00e1 Hork\u00e1 Nab\u00eddka -","isPartOf":{"@id":"https:\/\/www.oknobuild.com\/#website"},"primaryImageOfPage":{"@id":"https:\/\/www.oknobuild.com\/index.php\/produkt\/uh-plast-nadrz-s-tesnym-vikem-pro-prevoz-300l-sk-301e-bila-horka-nabidka-64375\/#primaryimage"},"image":{"@id":"https:\/\/www.oknobuild.com\/index.php\/produkt\/uh-plast-nadrz-s-tesnym-vikem-pro-prevoz-300l-sk-301e-bila-horka-nabidka-64375\/#primaryimage"},"thumbnailUrl":"https:\/\/www.oknobuild.com\/wp-content\/uploads\/2026\/SK0022672-CZ20260425-092632-0-1777080397-uh-plast-nadrz-s-tesnym-vikem-pro-prevoz-300l-sk-301e-bila-.webp","datePublished":"2026-04-27T04:43:28+00:00","breadcrumb":{"@id":"https:\/\/www.oknobuild.com\/index.php\/produkt\/uh-plast-nadrz-s-tesnym-vikem-pro-prevoz-300l-sk-301e-bila-horka-nabidka-64375\/#breadcrumb"},"inLanguage":"cs","potentialAction":[{"@type":"ReadAction","target":["https:\/\/www.oknobuild.com\/index.php\/produkt\/uh-plast-nadrz-s-tesnym-vikem-pro-prevoz-300l-sk-301e-bila-horka-nabidka-64375\/"]}]},{"@type":"ImageObject","inLanguage":"cs","@id":"https:\/\/www.oknobuild.com\/index.php\/produkt\/uh-plast-nadrz-s-tesnym-vikem-pro-prevoz-300l-sk-301e-bila-horka-nabidka-64375\/#primaryimage","url":"https:\/\/www.oknobuild.com\/wp-content\/uploads\/2026\/SK0022672-CZ20260425-092632-0-1777080397-uh-plast-nadrz-s-tesnym-vikem-pro-prevoz-300l-sk-301e-bila-.webp","contentUrl":"https:\/\/www.oknobuild.com\/wp-content\/uploads\/2026\/SK0022672-CZ20260425-092632-0-1777080397-uh-plast-nadrz-s-tesnym-vikem-pro-prevoz-300l-sk-301e-bila-.webp","width":600,"height":600},{"@type":"BreadcrumbList","@id":"https:\/\/www.oknobuild.com\/index.php\/produkt\/uh-plast-nadrz-s-tesnym-vikem-pro-prevoz-300l-sk-301e-bila-horka-nabidka-64375\/#breadcrumb","itemListElement":[{"@type":"ListItem","position":1,"name":"Home","item":"https:\/\/www.oknobuild.com\/"},{"@type":"ListItem","position":2,"name":"Products","item":"https:\/\/www.oknobuild.com\/index.php\/products\/"},{"@type":"ListItem","position":3,"name":"UH Plast N\u00e1dr\u017e s t\u011bsn\u00fdm v\u00edkem pro p\u0159evoz 300l SK-301E b\u00edl\u00e1 Hork\u00e1 Nab\u00eddka"}]},{"@type":"WebSite","@id":"https:\/\/www.oknobuild.com\/#website","url":"https:\/\/www.oknobuild.com\/","name":"","description":"","potentialAction":[{"@type":"SearchAction","target":{"@type":"EntryPoint","urlTemplate":"https:\/\/www.oknobuild.com\/?s={search_term_string}"},"query-input":{"@type":"PropertyValueSpecification","valueRequired":true,"valueName":"search_term_string"}}],"inLanguage":"cs"}]}},"_links":{"self":[{"href":"https:\/\/www.oknobuild.com\/index.php\/wp-json\/wp\/v2\/product\/64375","targetHints":{"allow":["GET"]}}],"collection":[{"href":"https:\/\/www.oknobuild.com\/index.php\/wp-json\/wp\/v2\/product"}],"about":[{"href":"https:\/\/www.oknobuild.com\/index.php\/wp-json\/wp\/v2\/types\/product"}],"replies":[{"embeddable":true,"href":"https:\/\/www.oknobuild.com\/index.php\/wp-json\/wp\/v2\/comments?post=64375"}],"wp:featuredmedia":[{"embeddable":true,"href":"https:\/\/www.oknobuild.com\/index.php\/wp-json\/wp\/v2\/media\/64475"}],"wp:attachment":[{"href":"https:\/\/www.oknobuild.com\/index.php\/wp-json\/wp\/v2\/media?parent=64375"}],"wp:term":[{"taxonomy":"product_brand","embeddable":true,"href":"https:\/\/www.oknobuild.com\/index.php\/wp-json\/wp\/v2\/product_brand?post=64375"},{"taxonomy":"product_cat","embeddable":true,"href":"https:\/\/www.oknobuild.com\/index.php\/wp-json\/wp\/v2\/product_cat?post=64375"},{"taxonomy":"product_tag","embeddable":true,"href":"https:\/\/www.oknobuild.com\/index.php\/wp-json\/wp\/v2\/product_tag?post=64375"}],"curies":[{"name":"wp","href":"https:\/\/api.w.org\/{rel}","templated":true}]}}