{"id":64378,"date":"2026-04-27T04:43:28","date_gmt":"2026-04-27T04:43:28","guid":{"rendered":""},"modified":"2026-04-27T04:43:28","modified_gmt":"2026-04-27T04:43:28","slug":"uh-plast-nadrz-do-karavanu-130l-sp-150v-posledni-sance-64378","status":"publish","type":"product","link":"https:\/\/www.oknobuild.com\/index.php\/produkt\/uh-plast-nadrz-do-karavanu-130l-sp-150v-posledni-sance-64378\/","title":{"rendered":"UH Plast N\u00e1dr\u017e do karavanu 130l SP-150V Posledn\u00ed \u0160ance"},"content":{"rendered":"<div class=\"ProductDetail-content NoFixImageContainer\" id=\"productDescription\">\n<div class=\"Heading\">\n<h2 class=\"Heading-title\">Popis produktu <span class=''>UH Plast N\u00e1dr\u017e do karavanu 130l SP-150V<\/span><\/h2>\n<\/p><\/div>\n<div class=\"ProductDetailContent\">\n<p>UH Plast n\u00e1dr\u017e pro karavany 130l SP-150V je n\u00edzkoprofilov\u00e1 vertik\u00e1ln\u00ed plastov\u00e1 n\u00e1dr\u017e navr\u017een\u00e1 pro p\u0159epravu a skladov\u00e1n\u00ed tekutin, v\u010detn\u011b pitn\u00e9 vody, v karavanech, automobilech a na lod\u00edch. S objemem 150 litr\u016f a rozm\u011bry 80 cm (d\u00e9lka) x 35 cm (\u0161\u00ed\u0159ka) x 60 cm (v\u00fd\u0161ka) je ide\u00e1ln\u00ed pro instalaci v omezen\u00fdch prostor\u00e1ch.<\/p>\n<h3><span style=\"font-size:22px\">Parametry<\/span><\/h3>\n<ul>\n<li><span style=\"font-size:16px\">Objem: 130 l<\/span><\/li>\n<li><span style=\"font-size:16px\">D\u00e9lka: 80 cm<\/span><\/li>\n<li><span style=\"font-size:16px\">\u0160\u00ed\u0159ka: 35 cm<\/span><\/li>\n<li><span style=\"font-size:16px\">V\u00fd\u0161ka: 60 cm<\/span><\/li>\n<li><span style=\"font-size:16px\">Pr\u016fm\u011br hrdla: 11 cm<\/span><\/li>\n<li><span style=\"font-size:16px\">Tlou\u0161\u0165ka st\u011bny: 4 mm<\/span><\/li>\n<li><span style=\"font-size:16px\">Z\u00e1vit pro p\u0159ipojen\u00ed: 3\/4&#8243;<\/span><\/li>\n<li><span style=\"font-size:16px\">Materi\u00e1l: polyethylen<\/span><\/li>\n<\/ul>\n<h3><span style=\"font-size:22px\">Vlastnosti:<\/span><\/h3>\n<ul>\n<li><strong>Materi\u00e1l:<\/strong> Polyethylen schv\u00e1len\u00fd pro styk s potravinami, zaji\u0161\u0165uj\u00edc\u00ed bezpe\u010dnost p\u0159i p\u0159eprav\u011b pitn\u00e9 vody.<\/li>\n<li><strong>Odolnost:<\/strong> Vysok\u00e1 pevnost a odolnost v\u016f\u010di teplot\u00e1m od -30 \u00b0C do +60 \u00b0C, co\u017e umo\u017e\u0148uje pou\u017eit\u00ed v r\u016fzn\u00fdch klimatick\u00fdch podm\u00ednk\u00e1ch.<\/li>\n<li><strong>UV stabilizace:<\/strong> Odolnost proti UV z\u00e1\u0159en\u00ed zaji\u0161\u0165uje dlouhou \u017eivotnost materi\u00e1lu i p\u0159i vystaven\u00ed slune\u010dn\u00edmu z\u00e1\u0159en\u00ed.<\/li>\n<li><strong>P\u0159ipojen\u00ed:<\/strong> N\u00e1dr\u017e je vybavena vnit\u0159n\u00edm z\u00e1vitem 3\/4&#8243; pro snadn\u00e9 p\u0159ipojen\u00ed ventil\u016f \u010di hadic.<\/li>\n<li><strong>\u00dadr\u017eba:<\/strong> D\u00edky pr\u016fm\u011bru hrdla 16 cm je umo\u017en\u011bn snadn\u00fd p\u0159\u00edstup pro \u010di\u0161t\u011bn\u00ed a \u00fadr\u017ebu n\u00e1dr\u017ee.<\/li>\n<\/ul>\n<p>Tato n\u00e1dr\u017e je dostupn\u00e1 ve t\u0159ech barevn\u00fdch variant\u00e1ch: b\u00edl\u00e1, \u010dern\u00e1 a mramorov\u00e1, co\u017e umo\u017e\u0148uje p\u0159izp\u016fsoben\u00ed vzhledu dle preferenc\u00ed u\u017eivatele.<\/p>\n<p>D\u00edky sv\u00e9 konstrukci a pou\u017eit\u00fdm materi\u00e1l\u016fm je n\u00e1dr\u017e SP-150V vhodn\u00e1 pro \u0161irok\u00e9 spektrum aplikac\u00ed, v\u010detn\u011b instalace do \u00falo\u017en\u00fdch prostor\u016f pod seda\u010dky \u010di postele, nebo pod podlahu obytn\u00fdch voz\u016f a karavan\u016f. Jej\u00ed odolnost v\u016f\u010di n\u00e1raz\u016fm a mrazu zaji\u0161\u0165uje spolehlivost i v n\u00e1ro\u010dn\u00fdch podm\u00ednk\u00e1ch (Sv\u011bt karavan\u016f).<\/p>\n<\/p><\/div>\n<div class=\"ProductDetailContent\">\n<div class=\"ProductDetailContent-item\">\n<div style=\"background-color:#f9f9f9; border-left:5px solid #4caf50; border-radius:8px; box-shadow:0 4px 12px rgba(0,0,0,0.1); font-family:Arial,sans-serif; margin-bottom:20px; padding:25px 20px 20px 20px; position:relative\"><!-- Ikona info v lev\u00e9m horn\u00edm rohu --><\/p>\n<div style=\"align-items:center; background-color:#4caf50; border-radius:50%; color:#ffffff; display:flex; font-size:18px; font-weight:bold; height:30px; justify-content:center; left:-10px; position:absolute; top:-10px; width:30px\">i<\/div>\n<h3 style=\"margin-left:15px\">Polyethylen LLDPE<\/h3>\n<p><strong>Polyethylen LLDPE<\/strong> (Low-Density Polyethylene) je druh polymeru, kter\u00fd je charakterizov\u00e1n n\u00edzkou hustotou a vysokou flexibilitou. Tento materi\u00e1l je \u0161iroce pou\u017e\u00edv\u00e1n v r\u016fzn\u00fdch aplikac\u00edch, zejm\u00e9na d\u00edky sv\u00e9 odolnosti v\u016f\u010di chemik\u00e1li\u00edm, vlhkosti a n\u00edzk\u00fdm teplot\u00e1m. LLDPE je vytv\u00e1\u0159en polymerac\u00ed etylenu za pou\u017eit\u00ed specifick\u00fdch katalyz\u00e1tor\u016f, co\u017e vede k molekul\u00e1m s n\u00edzkou hustotou, ale z\u00e1rove\u0148 zaji\u0161\u0165uje vysokou odolnost a flexibilitu.<\/p>\n<p><strong>Typick\u00e9 vlastnosti LLDPE:<\/strong><\/p>\n<ul>\n<li><strong>Vysok\u00e1 odolnost v\u016f\u010di n\u00e1raz\u016fm<\/strong> a poprask\u00e1n\u00ed.<\/li>\n<li><strong>Flexibilita a ohybnost<\/strong> p\u0159i n\u00edzk\u00fdch teplot\u00e1ch.<\/li>\n<li><strong>Odolnost v\u016f\u010di chemik\u00e1li\u00edm<\/strong> (nap\u0159. kyselin\u00e1m, z\u00e1sad\u00e1m, olej\u016fm).<\/li>\n<li><strong>N\u00edzk\u00e1 hustota<\/strong>, co\u017e znamen\u00e1, \u017ee je lehk\u00fd.<\/li>\n<li><strong>Dobr\u00e1 bari\u00e9rov\u00e1 vlastnost proti vod\u011b<\/strong>.<\/li>\n<\/ul>\n<\/div><\/div>\n<div class=\"ProductDetailContent-item\">\n<div style=\"background-color:#f9f9f9; border-left:5px solid #4caf50; border-radius:8px; box-shadow:0 4px 12px rgba(0,0,0,0.1); font-family:Arial,sans-serif; margin-bottom:20px; padding:25px 20px 20px 20px; position:relative\"><!-- Ikona info v lev\u00e9m horn\u00edm rohu --><\/p>\n<div style=\"align-items:center; background-color:#4caf50; border-radius:50%; color:#ffffff; display:flex; font-size:18px; font-weight:bold; height:30px; justify-content:center; left:-10px; position:absolute; top:-10px; width:30px\">i<\/div>\n<h3 style=\"margin-left:15px\">Cena dopravy<\/h3>\n<p>V p\u0159\u00edpad\u011b objedn\u00e1n\u00ed v\u00edce kus\u016f m\u016f\u017ee doj\u00edt k \u00faprav\u011b ceny dopravy. V takov\u00e9m p\u0159\u00edpad\u011b v\u00e1s kontaktujeme a objedn\u00e1vku ode\u0161leme a\u017e po va\u0161em souhlasu.<\/p>\n<p>D\u011bkujeme za pochopen\u00ed.<\/p>\n<\/div><\/div>\n<\/p><\/div>\n<\/p><\/div>\n<\/p><\/div>\n<\/p><\/div>\n","protected":false},"excerpt":{"rendered":"<p>Popis produktu UH Plast N\u00e1dr\u017e do karavanu 130l SP-150V UH Plast n\u00e1dr\u017e pro karavany 130l SP-150V je n\u00edzkoprofilov\u00e1 vertik\u00e1ln\u00ed plastov\u00e1 n\u00e1dr\u017e navr\u017een\u00e1 pro p\u0159epravu a skladov\u00e1n\u00ed tekutin, v\u010detn\u011b pitn\u00e9 vody, v karavanech, automobilech a na lod\u00edch. S objemem 150 litr\u016f a rozm\u011bry 80 cm (d\u00e9lka) x 35 cm (\u0161\u00ed\u0159ka) x 60 cm (v\u00fd\u0161ka) je ide\u00e1ln\u00ed [&hellip;]<\/p>\n","protected":false},"featured_media":64478,"comment_status":"open","ping_status":"open","template":"","meta":[],"product_brand":[],"product_cat":[87],"product_tag":[],"class_list":{"0":"post-64378","1":"product","2":"type-product","3":"status-publish","4":"has-post-thumbnail","6":"product_cat-septiky-jimky-nadrze","8":"first","9":"instock","10":"sale","11":"shipping-taxable","12":"purchasable","13":"product-type-simple"},"yoast_head":"<!-- This site is optimized with the Yoast SEO plugin v26.8 - https:\/\/yoast.com\/product\/yoast-seo-wordpress\/ -->\n<title>UH Plast N\u00e1dr\u017e do karavanu 130l SP-150V Posledn\u00ed \u0160ance -<\/title>\n<meta name=\"robots\" content=\"index, follow, max-snippet:-1, max-image-preview:large, max-video-preview:-1\" \/>\n<link rel=\"canonical\" href=\"https:\/\/www.oknobuild.com\/index.php\/produkt\/uh-plast-nadrz-do-karavanu-130l-sp-150v-posledni-sance-64378\/\" \/>\n<meta property=\"og:locale\" content=\"cs_CZ\" \/>\n<meta property=\"og:type\" content=\"article\" \/>\n<meta property=\"og:title\" content=\"UH Plast N\u00e1dr\u017e do karavanu 130l SP-150V Posledn\u00ed \u0160ance -\" \/>\n<meta property=\"og:description\" content=\"Popis produktu UH Plast N\u00e1dr\u017e do karavanu 130l SP-150V UH Plast n\u00e1dr\u017e pro karavany 130l SP-150V je n\u00edzkoprofilov\u00e1 vertik\u00e1ln\u00ed plastov\u00e1 n\u00e1dr\u017e navr\u017een\u00e1 pro p\u0159epravu a skladov\u00e1n\u00ed tekutin, v\u010detn\u011b pitn\u00e9 vody, v karavanech, automobilech a na lod\u00edch. S objemem 150 litr\u016f a rozm\u011bry 80 cm (d\u00e9lka) x 35 cm (\u0161\u00ed\u0159ka) x 60 cm (v\u00fd\u0161ka) je ide\u00e1ln\u00ed [&hellip;]\" \/>\n<meta property=\"og:url\" content=\"https:\/\/www.oknobuild.com\/index.php\/produkt\/uh-plast-nadrz-do-karavanu-130l-sp-150v-posledni-sance-64378\/\" \/>\n<meta property=\"og:image\" content=\"https:\/\/www.oknobuild.com\/wp-content\/uploads\/2026\/SK0022675-CZ20260425-092632-0-1777080397-uh-plast-nadrz-do-karavanu-130l-sp-150v-1213144.webp\" \/>\n\t<meta property=\"og:image:width\" content=\"600\" \/>\n\t<meta property=\"og:image:height\" content=\"600\" \/>\n\t<meta property=\"og:image:type\" content=\"image\/webp\" \/>\n<meta name=\"twitter:card\" content=\"summary_large_image\" \/>\n<meta name=\"twitter:label1\" content=\"Odhadovan\u00e1 doba \u010dten\u00ed\" \/>\n\t<meta name=\"twitter:data1\" content=\"2 minuty\" \/>\n<script type=\"application\/ld+json\" class=\"yoast-schema-graph\">{\"@context\":\"https:\/\/schema.org\",\"@graph\":[{\"@type\":\"WebPage\",\"@id\":\"https:\/\/www.oknobuild.com\/index.php\/produkt\/uh-plast-nadrz-do-karavanu-130l-sp-150v-posledni-sance-64378\/\",\"url\":\"https:\/\/www.oknobuild.com\/index.php\/produkt\/uh-plast-nadrz-do-karavanu-130l-sp-150v-posledni-sance-64378\/\",\"name\":\"UH Plast N\u00e1dr\u017e do karavanu 130l SP-150V Posledn\u00ed \u0160ance -\",\"isPartOf\":{\"@id\":\"https:\/\/www.oknobuild.com\/#website\"},\"primaryImageOfPage\":{\"@id\":\"https:\/\/www.oknobuild.com\/index.php\/produkt\/uh-plast-nadrz-do-karavanu-130l-sp-150v-posledni-sance-64378\/#primaryimage\"},\"image\":{\"@id\":\"https:\/\/www.oknobuild.com\/index.php\/produkt\/uh-plast-nadrz-do-karavanu-130l-sp-150v-posledni-sance-64378\/#primaryimage\"},\"thumbnailUrl\":\"https:\/\/www.oknobuild.com\/wp-content\/uploads\/2026\/SK0022675-CZ20260425-092632-0-1777080397-uh-plast-nadrz-do-karavanu-130l-sp-150v-1213144.webp\",\"datePublished\":\"2026-04-27T04:43:28+00:00\",\"breadcrumb\":{\"@id\":\"https:\/\/www.oknobuild.com\/index.php\/produkt\/uh-plast-nadrz-do-karavanu-130l-sp-150v-posledni-sance-64378\/#breadcrumb\"},\"inLanguage\":\"cs\",\"potentialAction\":[{\"@type\":\"ReadAction\",\"target\":[\"https:\/\/www.oknobuild.com\/index.php\/produkt\/uh-plast-nadrz-do-karavanu-130l-sp-150v-posledni-sance-64378\/\"]}]},{\"@type\":\"ImageObject\",\"inLanguage\":\"cs\",\"@id\":\"https:\/\/www.oknobuild.com\/index.php\/produkt\/uh-plast-nadrz-do-karavanu-130l-sp-150v-posledni-sance-64378\/#primaryimage\",\"url\":\"https:\/\/www.oknobuild.com\/wp-content\/uploads\/2026\/SK0022675-CZ20260425-092632-0-1777080397-uh-plast-nadrz-do-karavanu-130l-sp-150v-1213144.webp\",\"contentUrl\":\"https:\/\/www.oknobuild.com\/wp-content\/uploads\/2026\/SK0022675-CZ20260425-092632-0-1777080397-uh-plast-nadrz-do-karavanu-130l-sp-150v-1213144.webp\",\"width\":600,\"height\":600},{\"@type\":\"BreadcrumbList\",\"@id\":\"https:\/\/www.oknobuild.com\/index.php\/produkt\/uh-plast-nadrz-do-karavanu-130l-sp-150v-posledni-sance-64378\/#breadcrumb\",\"itemListElement\":[{\"@type\":\"ListItem\",\"position\":1,\"name\":\"Home\",\"item\":\"https:\/\/www.oknobuild.com\/\"},{\"@type\":\"ListItem\",\"position\":2,\"name\":\"Products\",\"item\":\"https:\/\/www.oknobuild.com\/index.php\/products\/\"},{\"@type\":\"ListItem\",\"position\":3,\"name\":\"UH Plast N\u00e1dr\u017e do karavanu 130l SP-150V Posledn\u00ed \u0160ance\"}]},{\"@type\":\"WebSite\",\"@id\":\"https:\/\/www.oknobuild.com\/#website\",\"url\":\"https:\/\/www.oknobuild.com\/\",\"name\":\"\",\"description\":\"\",\"potentialAction\":[{\"@type\":\"SearchAction\",\"target\":{\"@type\":\"EntryPoint\",\"urlTemplate\":\"https:\/\/www.oknobuild.com\/?s={search_term_string}\"},\"query-input\":{\"@type\":\"PropertyValueSpecification\",\"valueRequired\":true,\"valueName\":\"search_term_string\"}}],\"inLanguage\":\"cs\"}]}<\/script>\n<!-- \/ Yoast SEO plugin. -->","yoast_head_json":{"title":"UH Plast N\u00e1dr\u017e do karavanu 130l SP-150V Posledn\u00ed \u0160ance -","robots":{"index":"index","follow":"follow","max-snippet":"max-snippet:-1","max-image-preview":"max-image-preview:large","max-video-preview":"max-video-preview:-1"},"canonical":"https:\/\/www.oknobuild.com\/index.php\/produkt\/uh-plast-nadrz-do-karavanu-130l-sp-150v-posledni-sance-64378\/","og_locale":"cs_CZ","og_type":"article","og_title":"UH Plast N\u00e1dr\u017e do karavanu 130l SP-150V Posledn\u00ed \u0160ance -","og_description":"Popis produktu UH Plast N\u00e1dr\u017e do karavanu 130l SP-150V UH Plast n\u00e1dr\u017e pro karavany 130l SP-150V je n\u00edzkoprofilov\u00e1 vertik\u00e1ln\u00ed plastov\u00e1 n\u00e1dr\u017e navr\u017een\u00e1 pro p\u0159epravu a skladov\u00e1n\u00ed tekutin, v\u010detn\u011b pitn\u00e9 vody, v karavanech, automobilech a na lod\u00edch. S objemem 150 litr\u016f a rozm\u011bry 80 cm (d\u00e9lka) x 35 cm (\u0161\u00ed\u0159ka) x 60 cm (v\u00fd\u0161ka) je ide\u00e1ln\u00ed [&hellip;]","og_url":"https:\/\/www.oknobuild.com\/index.php\/produkt\/uh-plast-nadrz-do-karavanu-130l-sp-150v-posledni-sance-64378\/","og_image":[{"width":600,"height":600,"url":"https:\/\/www.oknobuild.com\/wp-content\/uploads\/2026\/SK0022675-CZ20260425-092632-0-1777080397-uh-plast-nadrz-do-karavanu-130l-sp-150v-1213144.webp","type":"image\/webp"}],"twitter_card":"summary_large_image","twitter_misc":{"Odhadovan\u00e1 doba \u010dten\u00ed":"2 minuty"},"schema":{"@context":"https:\/\/schema.org","@graph":[{"@type":"WebPage","@id":"https:\/\/www.oknobuild.com\/index.php\/produkt\/uh-plast-nadrz-do-karavanu-130l-sp-150v-posledni-sance-64378\/","url":"https:\/\/www.oknobuild.com\/index.php\/produkt\/uh-plast-nadrz-do-karavanu-130l-sp-150v-posledni-sance-64378\/","name":"UH Plast N\u00e1dr\u017e do karavanu 130l SP-150V Posledn\u00ed \u0160ance -","isPartOf":{"@id":"https:\/\/www.oknobuild.com\/#website"},"primaryImageOfPage":{"@id":"https:\/\/www.oknobuild.com\/index.php\/produkt\/uh-plast-nadrz-do-karavanu-130l-sp-150v-posledni-sance-64378\/#primaryimage"},"image":{"@id":"https:\/\/www.oknobuild.com\/index.php\/produkt\/uh-plast-nadrz-do-karavanu-130l-sp-150v-posledni-sance-64378\/#primaryimage"},"thumbnailUrl":"https:\/\/www.oknobuild.com\/wp-content\/uploads\/2026\/SK0022675-CZ20260425-092632-0-1777080397-uh-plast-nadrz-do-karavanu-130l-sp-150v-1213144.webp","datePublished":"2026-04-27T04:43:28+00:00","breadcrumb":{"@id":"https:\/\/www.oknobuild.com\/index.php\/produkt\/uh-plast-nadrz-do-karavanu-130l-sp-150v-posledni-sance-64378\/#breadcrumb"},"inLanguage":"cs","potentialAction":[{"@type":"ReadAction","target":["https:\/\/www.oknobuild.com\/index.php\/produkt\/uh-plast-nadrz-do-karavanu-130l-sp-150v-posledni-sance-64378\/"]}]},{"@type":"ImageObject","inLanguage":"cs","@id":"https:\/\/www.oknobuild.com\/index.php\/produkt\/uh-plast-nadrz-do-karavanu-130l-sp-150v-posledni-sance-64378\/#primaryimage","url":"https:\/\/www.oknobuild.com\/wp-content\/uploads\/2026\/SK0022675-CZ20260425-092632-0-1777080397-uh-plast-nadrz-do-karavanu-130l-sp-150v-1213144.webp","contentUrl":"https:\/\/www.oknobuild.com\/wp-content\/uploads\/2026\/SK0022675-CZ20260425-092632-0-1777080397-uh-plast-nadrz-do-karavanu-130l-sp-150v-1213144.webp","width":600,"height":600},{"@type":"BreadcrumbList","@id":"https:\/\/www.oknobuild.com\/index.php\/produkt\/uh-plast-nadrz-do-karavanu-130l-sp-150v-posledni-sance-64378\/#breadcrumb","itemListElement":[{"@type":"ListItem","position":1,"name":"Home","item":"https:\/\/www.oknobuild.com\/"},{"@type":"ListItem","position":2,"name":"Products","item":"https:\/\/www.oknobuild.com\/index.php\/products\/"},{"@type":"ListItem","position":3,"name":"UH Plast N\u00e1dr\u017e do karavanu 130l SP-150V Posledn\u00ed \u0160ance"}]},{"@type":"WebSite","@id":"https:\/\/www.oknobuild.com\/#website","url":"https:\/\/www.oknobuild.com\/","name":"","description":"","potentialAction":[{"@type":"SearchAction","target":{"@type":"EntryPoint","urlTemplate":"https:\/\/www.oknobuild.com\/?s={search_term_string}"},"query-input":{"@type":"PropertyValueSpecification","valueRequired":true,"valueName":"search_term_string"}}],"inLanguage":"cs"}]}},"_links":{"self":[{"href":"https:\/\/www.oknobuild.com\/index.php\/wp-json\/wp\/v2\/product\/64378","targetHints":{"allow":["GET"]}}],"collection":[{"href":"https:\/\/www.oknobuild.com\/index.php\/wp-json\/wp\/v2\/product"}],"about":[{"href":"https:\/\/www.oknobuild.com\/index.php\/wp-json\/wp\/v2\/types\/product"}],"replies":[{"embeddable":true,"href":"https:\/\/www.oknobuild.com\/index.php\/wp-json\/wp\/v2\/comments?post=64378"}],"wp:featuredmedia":[{"embeddable":true,"href":"https:\/\/www.oknobuild.com\/index.php\/wp-json\/wp\/v2\/media\/64478"}],"wp:attachment":[{"href":"https:\/\/www.oknobuild.com\/index.php\/wp-json\/wp\/v2\/media?parent=64378"}],"wp:term":[{"taxonomy":"product_brand","embeddable":true,"href":"https:\/\/www.oknobuild.com\/index.php\/wp-json\/wp\/v2\/product_brand?post=64378"},{"taxonomy":"product_cat","embeddable":true,"href":"https:\/\/www.oknobuild.com\/index.php\/wp-json\/wp\/v2\/product_cat?post=64378"},{"taxonomy":"product_tag","embeddable":true,"href":"https:\/\/www.oknobuild.com\/index.php\/wp-json\/wp\/v2\/product_tag?post=64378"}],"curies":[{"name":"wp","href":"https:\/\/api.w.org\/{rel}","templated":true}]}}