{"id":64700,"date":"2026-04-27T04:43:29","date_gmt":"2026-04-27T04:43:29","guid":{"rendered":""},"modified":"2026-04-27T04:43:29","modified_gmt":"2026-04-27T04:43:29","slug":"akce-koupelnova-skrinka-2-zasuvkova-s-umyvadlem-naturel-savona-58x53x44-8-cm-bila-lesk-savona260bic-64700","status":"publish","type":"product","link":"https:\/\/www.oknobuild.com\/index.php\/produkt\/akce-koupelnova-skrinka-2-zasuvkova-s-umyvadlem-naturel-savona-58x53x44-8-cm-bila-lesk-savona260bic-64700\/","title":{"rendered":"Akce Koupelnov\u00e1 sk\u0159\u00ed\u0148ka 2 z\u00e1suvkov\u00e1 s umyvadlem Naturel Savona 58x53x44,8 cm b\u00edl\u00e1 lesk SAVONA260BIC"},"content":{"rendered":"<div class=\"ProductDetail-content NoFixImageContainer\" id=\"productDescription\">\n<div class=\"Heading\">\n<h2 class=\"Heading-title\">Popis produktu <span class=''>Koupelnov\u00e1 sk\u0159\u00ed\u0148ka 2 z\u00e1suvkov\u00e1 s umyvadlem Naturel Savona 58x53x44,8 cm b\u00edl\u00e1 lesk SAVONA260BIC<\/span><\/h2>\n<\/p><\/div>\n<div class=\"ProductDetailContent\">\n<p>Koupelnov\u00e1 sk\u0159\u00ed\u0148ka s keramick\u00fdm umyvadlem pat\u0159\u00ed do s\u00e9rie Naturel Savona. Tato s\u00e9rie je vyj\u00edme\u010dn\u00e1 fr\u00e9zov\u00e1n\u00edm, kter\u00e9 dod\u00e1v\u00e1 celkov\u00e9mu vzhledu sk\u0159\u00ed\u0148ky nad\u010dasov\u00fd charakter a z\u00e1rove\u0148 ji \u010din\u00ed modern\u00ed a stylovou. Tento prvek se tak\u00e9 postar\u00e1 o to, \u017ee koupelnov\u00e1 sk\u0159\u00ed\u0148ka bude vypadat jedine\u010dn\u011b a nezam\u011bniteln\u011b. Sou\u010d\u00e1st\u00ed sk\u0159\u00ed\u0148ky je keramick\u00e9 umyvadlo, kter\u00e9 perfektn\u011b lad\u00ed s celkov\u00fdm vzhledem. Koupelnov\u00e1 sk\u0159\u00ed\u0148ka nab\u00edz\u00ed dostatek \u00falo\u017en\u00e9ho prostoru pro va\u0161e koupelnov\u00e9 pot\u0159eby.<\/p>\n<ul>\n<li>Druh v\u00fdrobku: koupelnov\u00e1 sk\u0159\u00ed\u0148ka s umyvadlem<\/li>\n<li>Barva popisn\u00e1: b\u00edl\u00e1<\/li>\n<li>Barva z\u00e1kladn\u00ed:&nbsp;b\u00edl\u00e1<\/li>\n<li>Povrch: lamino<\/li>\n<li>Typ:&nbsp;s keramick\u00fdm umyvadlem<\/li>\n<li>Lesk\/mat: lesk<\/li>\n<li>\u0160\u00ed\u0159ka: 58 cm<\/li>\n<li>V\u00fd\u0161ka: 53 cm<\/li>\n<li>Hloubka: 44,8 cm<\/li>\n<li>Proveden\u00ed: z\u00e1v\u011bsn\u00e1<\/li>\n<\/ul><\/div>\n<div class=\"ProductDetailContent\">                                                                    <\/div>\n<\/p><\/div>\n<\/p><\/div>\n<\/p><\/div>\n","protected":false},"excerpt":{"rendered":"<p>Popis produktu Koupelnov\u00e1 sk\u0159\u00ed\u0148ka 2 z\u00e1suvkov\u00e1 s umyvadlem Naturel Savona 58x53x44,8 cm b\u00edl\u00e1 lesk SAVONA260BIC Koupelnov\u00e1 sk\u0159\u00ed\u0148ka s keramick\u00fdm umyvadlem pat\u0159\u00ed do s\u00e9rie Naturel Savona. Tato s\u00e9rie je vyj\u00edme\u010dn\u00e1 fr\u00e9zov\u00e1n\u00edm, kter\u00e9 dod\u00e1v\u00e1 celkov\u00e9mu vzhledu sk\u0159\u00ed\u0148ky nad\u010dasov\u00fd charakter a z\u00e1rove\u0148 ji \u010din\u00ed modern\u00ed a stylovou. Tento prvek se tak\u00e9 postar\u00e1 o to, \u017ee koupelnov\u00e1 sk\u0159\u00ed\u0148ka bude [&hellip;]<\/p>\n","protected":false},"featured_media":64800,"comment_status":"open","ping_status":"open","template":"","meta":[],"product_brand":[],"product_cat":[65],"product_tag":[],"class_list":{"0":"post-64700","1":"product","2":"type-product","3":"status-publish","4":"has-post-thumbnail","6":"product_cat-koupelny","8":"first","9":"instock","10":"sale","11":"shipping-taxable","12":"purchasable","13":"product-type-simple"},"yoast_head":"<!-- This site is optimized with the Yoast SEO plugin v26.8 - https:\/\/yoast.com\/product\/yoast-seo-wordpress\/ -->\n<title>Akce Koupelnov\u00e1 sk\u0159\u00ed\u0148ka 2 z\u00e1suvkov\u00e1 s umyvadlem Naturel Savona 58x53x44,8 cm b\u00edl\u00e1 lesk SAVONA260BIC -<\/title>\n<meta name=\"robots\" content=\"index, follow, max-snippet:-1, max-image-preview:large, max-video-preview:-1\" \/>\n<link rel=\"canonical\" href=\"https:\/\/www.oknobuild.com\/index.php\/produkt\/akce-koupelnova-skrinka-2-zasuvkova-s-umyvadlem-naturel-savona-58x53x44-8-cm-bila-lesk-savona260bic-64700\/\" \/>\n<meta property=\"og:locale\" content=\"cs_CZ\" \/>\n<meta property=\"og:type\" content=\"article\" \/>\n<meta property=\"og:title\" content=\"Akce Koupelnov\u00e1 sk\u0159\u00ed\u0148ka 2 z\u00e1suvkov\u00e1 s umyvadlem Naturel Savona 58x53x44,8 cm b\u00edl\u00e1 lesk SAVONA260BIC -\" \/>\n<meta property=\"og:description\" content=\"Popis produktu Koupelnov\u00e1 sk\u0159\u00ed\u0148ka 2 z\u00e1suvkov\u00e1 s umyvadlem Naturel Savona 58x53x44,8 cm b\u00edl\u00e1 lesk SAVONA260BIC Koupelnov\u00e1 sk\u0159\u00ed\u0148ka s keramick\u00fdm umyvadlem pat\u0159\u00ed do s\u00e9rie Naturel Savona. Tato s\u00e9rie je vyj\u00edme\u010dn\u00e1 fr\u00e9zov\u00e1n\u00edm, kter\u00e9 dod\u00e1v\u00e1 celkov\u00e9mu vzhledu sk\u0159\u00ed\u0148ky nad\u010dasov\u00fd charakter a z\u00e1rove\u0148 ji \u010din\u00ed modern\u00ed a stylovou. Tento prvek se tak\u00e9 postar\u00e1 o to, \u017ee koupelnov\u00e1 sk\u0159\u00ed\u0148ka bude [&hellip;]\" \/>\n<meta property=\"og:url\" content=\"https:\/\/www.oknobuild.com\/index.php\/produkt\/akce-koupelnova-skrinka-2-zasuvkova-s-umyvadlem-naturel-savona-58x53x44-8-cm-bila-lesk-savona260bic-64700\/\" \/>\n<meta property=\"og:image\" content=\"https:\/\/www.oknobuild.com\/wp-content\/uploads\/2026\/SK0022801-CZ20260425-092632-0-1777080397-koupelnova-skrinka-2-zasuvkova-s-umyvadlem-naturel-savona-5.webp\" \/>\n\t<meta property=\"og:image:width\" content=\"600\" \/>\n\t<meta property=\"og:image:height\" content=\"600\" \/>\n\t<meta property=\"og:image:type\" content=\"image\/webp\" \/>\n<meta name=\"twitter:card\" content=\"summary_large_image\" \/>\n<meta name=\"twitter:label1\" content=\"Odhadovan\u00e1 doba \u010dten\u00ed\" \/>\n\t<meta name=\"twitter:data1\" content=\"1 minuta\" \/>\n<script type=\"application\/ld+json\" class=\"yoast-schema-graph\">{\"@context\":\"https:\/\/schema.org\",\"@graph\":[{\"@type\":\"WebPage\",\"@id\":\"https:\/\/www.oknobuild.com\/index.php\/produkt\/akce-koupelnova-skrinka-2-zasuvkova-s-umyvadlem-naturel-savona-58x53x44-8-cm-bila-lesk-savona260bic-64700\/\",\"url\":\"https:\/\/www.oknobuild.com\/index.php\/produkt\/akce-koupelnova-skrinka-2-zasuvkova-s-umyvadlem-naturel-savona-58x53x44-8-cm-bila-lesk-savona260bic-64700\/\",\"name\":\"Akce Koupelnov\u00e1 sk\u0159\u00ed\u0148ka 2 z\u00e1suvkov\u00e1 s umyvadlem Naturel Savona 58x53x44,8 cm b\u00edl\u00e1 lesk SAVONA260BIC -\",\"isPartOf\":{\"@id\":\"https:\/\/www.oknobuild.com\/#website\"},\"primaryImageOfPage\":{\"@id\":\"https:\/\/www.oknobuild.com\/index.php\/produkt\/akce-koupelnova-skrinka-2-zasuvkova-s-umyvadlem-naturel-savona-58x53x44-8-cm-bila-lesk-savona260bic-64700\/#primaryimage\"},\"image\":{\"@id\":\"https:\/\/www.oknobuild.com\/index.php\/produkt\/akce-koupelnova-skrinka-2-zasuvkova-s-umyvadlem-naturel-savona-58x53x44-8-cm-bila-lesk-savona260bic-64700\/#primaryimage\"},\"thumbnailUrl\":\"https:\/\/www.oknobuild.com\/wp-content\/uploads\/2026\/SK0022801-CZ20260425-092632-0-1777080397-koupelnova-skrinka-2-zasuvkova-s-umyvadlem-naturel-savona-5.webp\",\"datePublished\":\"2026-04-27T04:43:29+00:00\",\"breadcrumb\":{\"@id\":\"https:\/\/www.oknobuild.com\/index.php\/produkt\/akce-koupelnova-skrinka-2-zasuvkova-s-umyvadlem-naturel-savona-58x53x44-8-cm-bila-lesk-savona260bic-64700\/#breadcrumb\"},\"inLanguage\":\"cs\",\"potentialAction\":[{\"@type\":\"ReadAction\",\"target\":[\"https:\/\/www.oknobuild.com\/index.php\/produkt\/akce-koupelnova-skrinka-2-zasuvkova-s-umyvadlem-naturel-savona-58x53x44-8-cm-bila-lesk-savona260bic-64700\/\"]}]},{\"@type\":\"ImageObject\",\"inLanguage\":\"cs\",\"@id\":\"https:\/\/www.oknobuild.com\/index.php\/produkt\/akce-koupelnova-skrinka-2-zasuvkova-s-umyvadlem-naturel-savona-58x53x44-8-cm-bila-lesk-savona260bic-64700\/#primaryimage\",\"url\":\"https:\/\/www.oknobuild.com\/wp-content\/uploads\/2026\/SK0022801-CZ20260425-092632-0-1777080397-koupelnova-skrinka-2-zasuvkova-s-umyvadlem-naturel-savona-5.webp\",\"contentUrl\":\"https:\/\/www.oknobuild.com\/wp-content\/uploads\/2026\/SK0022801-CZ20260425-092632-0-1777080397-koupelnova-skrinka-2-zasuvkova-s-umyvadlem-naturel-savona-5.webp\",\"width\":600,\"height\":600},{\"@type\":\"BreadcrumbList\",\"@id\":\"https:\/\/www.oknobuild.com\/index.php\/produkt\/akce-koupelnova-skrinka-2-zasuvkova-s-umyvadlem-naturel-savona-58x53x44-8-cm-bila-lesk-savona260bic-64700\/#breadcrumb\",\"itemListElement\":[{\"@type\":\"ListItem\",\"position\":1,\"name\":\"Home\",\"item\":\"https:\/\/www.oknobuild.com\/\"},{\"@type\":\"ListItem\",\"position\":2,\"name\":\"Products\",\"item\":\"https:\/\/www.oknobuild.com\/index.php\/products\/\"},{\"@type\":\"ListItem\",\"position\":3,\"name\":\"Akce Koupelnov\u00e1 sk\u0159\u00ed\u0148ka 2 z\u00e1suvkov\u00e1 s umyvadlem Naturel Savona 58x53x44,8 cm b\u00edl\u00e1 lesk SAVONA260BIC\"}]},{\"@type\":\"WebSite\",\"@id\":\"https:\/\/www.oknobuild.com\/#website\",\"url\":\"https:\/\/www.oknobuild.com\/\",\"name\":\"\",\"description\":\"\",\"potentialAction\":[{\"@type\":\"SearchAction\",\"target\":{\"@type\":\"EntryPoint\",\"urlTemplate\":\"https:\/\/www.oknobuild.com\/?s={search_term_string}\"},\"query-input\":{\"@type\":\"PropertyValueSpecification\",\"valueRequired\":true,\"valueName\":\"search_term_string\"}}],\"inLanguage\":\"cs\"}]}<\/script>\n<!-- \/ Yoast SEO plugin. -->","yoast_head_json":{"title":"Akce Koupelnov\u00e1 sk\u0159\u00ed\u0148ka 2 z\u00e1suvkov\u00e1 s umyvadlem Naturel Savona 58x53x44,8 cm b\u00edl\u00e1 lesk SAVONA260BIC -","robots":{"index":"index","follow":"follow","max-snippet":"max-snippet:-1","max-image-preview":"max-image-preview:large","max-video-preview":"max-video-preview:-1"},"canonical":"https:\/\/www.oknobuild.com\/index.php\/produkt\/akce-koupelnova-skrinka-2-zasuvkova-s-umyvadlem-naturel-savona-58x53x44-8-cm-bila-lesk-savona260bic-64700\/","og_locale":"cs_CZ","og_type":"article","og_title":"Akce Koupelnov\u00e1 sk\u0159\u00ed\u0148ka 2 z\u00e1suvkov\u00e1 s umyvadlem Naturel Savona 58x53x44,8 cm b\u00edl\u00e1 lesk SAVONA260BIC -","og_description":"Popis produktu Koupelnov\u00e1 sk\u0159\u00ed\u0148ka 2 z\u00e1suvkov\u00e1 s umyvadlem Naturel Savona 58x53x44,8 cm b\u00edl\u00e1 lesk SAVONA260BIC Koupelnov\u00e1 sk\u0159\u00ed\u0148ka s keramick\u00fdm umyvadlem pat\u0159\u00ed do s\u00e9rie Naturel Savona. Tato s\u00e9rie je vyj\u00edme\u010dn\u00e1 fr\u00e9zov\u00e1n\u00edm, kter\u00e9 dod\u00e1v\u00e1 celkov\u00e9mu vzhledu sk\u0159\u00ed\u0148ky nad\u010dasov\u00fd charakter a z\u00e1rove\u0148 ji \u010din\u00ed modern\u00ed a stylovou. Tento prvek se tak\u00e9 postar\u00e1 o to, \u017ee koupelnov\u00e1 sk\u0159\u00ed\u0148ka bude [&hellip;]","og_url":"https:\/\/www.oknobuild.com\/index.php\/produkt\/akce-koupelnova-skrinka-2-zasuvkova-s-umyvadlem-naturel-savona-58x53x44-8-cm-bila-lesk-savona260bic-64700\/","og_image":[{"width":600,"height":600,"url":"https:\/\/www.oknobuild.com\/wp-content\/uploads\/2026\/SK0022801-CZ20260425-092632-0-1777080397-koupelnova-skrinka-2-zasuvkova-s-umyvadlem-naturel-savona-5.webp","type":"image\/webp"}],"twitter_card":"summary_large_image","twitter_misc":{"Odhadovan\u00e1 doba \u010dten\u00ed":"1 minuta"},"schema":{"@context":"https:\/\/schema.org","@graph":[{"@type":"WebPage","@id":"https:\/\/www.oknobuild.com\/index.php\/produkt\/akce-koupelnova-skrinka-2-zasuvkova-s-umyvadlem-naturel-savona-58x53x44-8-cm-bila-lesk-savona260bic-64700\/","url":"https:\/\/www.oknobuild.com\/index.php\/produkt\/akce-koupelnova-skrinka-2-zasuvkova-s-umyvadlem-naturel-savona-58x53x44-8-cm-bila-lesk-savona260bic-64700\/","name":"Akce Koupelnov\u00e1 sk\u0159\u00ed\u0148ka 2 z\u00e1suvkov\u00e1 s umyvadlem Naturel Savona 58x53x44,8 cm b\u00edl\u00e1 lesk SAVONA260BIC -","isPartOf":{"@id":"https:\/\/www.oknobuild.com\/#website"},"primaryImageOfPage":{"@id":"https:\/\/www.oknobuild.com\/index.php\/produkt\/akce-koupelnova-skrinka-2-zasuvkova-s-umyvadlem-naturel-savona-58x53x44-8-cm-bila-lesk-savona260bic-64700\/#primaryimage"},"image":{"@id":"https:\/\/www.oknobuild.com\/index.php\/produkt\/akce-koupelnova-skrinka-2-zasuvkova-s-umyvadlem-naturel-savona-58x53x44-8-cm-bila-lesk-savona260bic-64700\/#primaryimage"},"thumbnailUrl":"https:\/\/www.oknobuild.com\/wp-content\/uploads\/2026\/SK0022801-CZ20260425-092632-0-1777080397-koupelnova-skrinka-2-zasuvkova-s-umyvadlem-naturel-savona-5.webp","datePublished":"2026-04-27T04:43:29+00:00","breadcrumb":{"@id":"https:\/\/www.oknobuild.com\/index.php\/produkt\/akce-koupelnova-skrinka-2-zasuvkova-s-umyvadlem-naturel-savona-58x53x44-8-cm-bila-lesk-savona260bic-64700\/#breadcrumb"},"inLanguage":"cs","potentialAction":[{"@type":"ReadAction","target":["https:\/\/www.oknobuild.com\/index.php\/produkt\/akce-koupelnova-skrinka-2-zasuvkova-s-umyvadlem-naturel-savona-58x53x44-8-cm-bila-lesk-savona260bic-64700\/"]}]},{"@type":"ImageObject","inLanguage":"cs","@id":"https:\/\/www.oknobuild.com\/index.php\/produkt\/akce-koupelnova-skrinka-2-zasuvkova-s-umyvadlem-naturel-savona-58x53x44-8-cm-bila-lesk-savona260bic-64700\/#primaryimage","url":"https:\/\/www.oknobuild.com\/wp-content\/uploads\/2026\/SK0022801-CZ20260425-092632-0-1777080397-koupelnova-skrinka-2-zasuvkova-s-umyvadlem-naturel-savona-5.webp","contentUrl":"https:\/\/www.oknobuild.com\/wp-content\/uploads\/2026\/SK0022801-CZ20260425-092632-0-1777080397-koupelnova-skrinka-2-zasuvkova-s-umyvadlem-naturel-savona-5.webp","width":600,"height":600},{"@type":"BreadcrumbList","@id":"https:\/\/www.oknobuild.com\/index.php\/produkt\/akce-koupelnova-skrinka-2-zasuvkova-s-umyvadlem-naturel-savona-58x53x44-8-cm-bila-lesk-savona260bic-64700\/#breadcrumb","itemListElement":[{"@type":"ListItem","position":1,"name":"Home","item":"https:\/\/www.oknobuild.com\/"},{"@type":"ListItem","position":2,"name":"Products","item":"https:\/\/www.oknobuild.com\/index.php\/products\/"},{"@type":"ListItem","position":3,"name":"Akce Koupelnov\u00e1 sk\u0159\u00ed\u0148ka 2 z\u00e1suvkov\u00e1 s umyvadlem Naturel Savona 58x53x44,8 cm b\u00edl\u00e1 lesk SAVONA260BIC"}]},{"@type":"WebSite","@id":"https:\/\/www.oknobuild.com\/#website","url":"https:\/\/www.oknobuild.com\/","name":"","description":"","potentialAction":[{"@type":"SearchAction","target":{"@type":"EntryPoint","urlTemplate":"https:\/\/www.oknobuild.com\/?s={search_term_string}"},"query-input":{"@type":"PropertyValueSpecification","valueRequired":true,"valueName":"search_term_string"}}],"inLanguage":"cs"}]}},"_links":{"self":[{"href":"https:\/\/www.oknobuild.com\/index.php\/wp-json\/wp\/v2\/product\/64700","targetHints":{"allow":["GET"]}}],"collection":[{"href":"https:\/\/www.oknobuild.com\/index.php\/wp-json\/wp\/v2\/product"}],"about":[{"href":"https:\/\/www.oknobuild.com\/index.php\/wp-json\/wp\/v2\/types\/product"}],"replies":[{"embeddable":true,"href":"https:\/\/www.oknobuild.com\/index.php\/wp-json\/wp\/v2\/comments?post=64700"}],"wp:featuredmedia":[{"embeddable":true,"href":"https:\/\/www.oknobuild.com\/index.php\/wp-json\/wp\/v2\/media\/64800"}],"wp:attachment":[{"href":"https:\/\/www.oknobuild.com\/index.php\/wp-json\/wp\/v2\/media?parent=64700"}],"wp:term":[{"taxonomy":"product_brand","embeddable":true,"href":"https:\/\/www.oknobuild.com\/index.php\/wp-json\/wp\/v2\/product_brand?post=64700"},{"taxonomy":"product_cat","embeddable":true,"href":"https:\/\/www.oknobuild.com\/index.php\/wp-json\/wp\/v2\/product_cat?post=64700"},{"taxonomy":"product_tag","embeddable":true,"href":"https:\/\/www.oknobuild.com\/index.php\/wp-json\/wp\/v2\/product_tag?post=64700"}],"curies":[{"name":"wp","href":"https:\/\/api.w.org\/{rel}","templated":true}]}}