{"id":64706,"date":"2026-04-27T04:43:29","date_gmt":"2026-04-27T04:43:29","guid":{"rendered":""},"modified":"2026-04-27T04:43:29","modified_gmt":"2026-04-27T04:43:29","slug":"akce-koupelnova-skrinka-s-umyvadlem-a-baterii-sat-fusion-57-5x53x45-cm-piskove-bezova-mat-satfusion260bemwba-64706","status":"publish","type":"product","link":"https:\/\/www.oknobuild.com\/index.php\/produkt\/akce-koupelnova-skrinka-s-umyvadlem-a-baterii-sat-fusion-57-5x53x45-cm-piskove-bezova-mat-satfusion260bemwba-64706\/","title":{"rendered":"Akce Koupelnov\u00e1 sk\u0159\u00ed\u0148ka s umyvadlem a bateri\u00ed SAT Fusion 57,5x53x45 cm p\u00edskov\u011b b\u00e9\u017eov\u00e1 mat SATFUSION260BEMWBA"},"content":{"rendered":"<div class=\"ProductDetail-content NoFixImageContainer\" id=\"productDescription\">\n<div class=\"Heading\">\n<h2 class=\"Heading-title\">Popis produktu <span class=''>Koupelnov\u00e1 sk\u0159\u00ed\u0148ka s umyvadlem a bateri\u00ed SAT Fusion 57,5x53x45 cm p\u00edskov\u011b b\u00e9\u017eov\u00e1 mat SATFUSION260BEMWBA<\/span><\/h2>\n<\/p><\/div>\n<div class=\"ProductDetailContent\">\n<div class=\"ProductDetailContent\">\n<p>P\u0159edstavujeme nejnov\u011bj\u0161\u00ed kolekci koupelnov\u00e9ho n\u00e1bytku \u2013 <strong>SAT Fusion<\/strong>. Tato exkluzivn\u00ed \u0159ada v\u00e1s zaujme jedine\u010dn\u00fdmi zaoblen\u00fdmi rohy, kter\u00e9 dokonale lad\u00ed se zaoblen\u00fdmi umyvadly SAT Fusion. N\u00e1bytek v t\u00e9to s\u00e9rii je navr\u017een s ohledem na sou\u010dasn\u00e9 interi\u00e9rov\u00e9 trendy, tedy kombinaci matn\u00e9 p\u00edskov\u011b b\u00e9\u017eov\u00e9 nebo b\u00edl\u00e9 matn\u00e9 barvy s p\u0159\u00edrodn\u00edm d\u0159evem, v na\u0161em p\u0159\u00edpad\u011b o\u0159echov\u00e9m lubu.&nbsp;<\/p>\n<p><strong>SAT Fusion<\/strong> je synonymem pro modern\u00ed design, funk\u010dnost a styl. Vytvo\u0159te si koupelnu sv\u00fdch sn\u016f s na\u0161imi novinkami a u\u017eijte si ka\u017ed\u00fd okam\u017eik str\u00e1ven\u00fd v tomto kr\u00e1sn\u00e9m prostoru.<\/p>\n<ul>\n<li>Druh v\u00fdrobku: koupelnov\u00e1 sk\u0159\u00ed\u0148ka<\/li>\n<li>Barva popisn\u00e1:&nbsp;p\u00edskov\u011b b\u00e9\u017eov\u00e1<\/li>\n<li>Barva z\u00e1kladn\u00ed:&nbsp;b\u00e9\u017eov\u00e1<\/li>\n<li>Povrch: lamino<\/li>\n<li>Typ: s umyvadlem, s bateri\u00ed<\/li>\n<li>Lesk\/mat: mat<\/li>\n<li>\u0160\u00ed\u0159ka: 57,5 cm<\/li>\n<li>V\u00fd\u0161ka: 53 cm<\/li>\n<li>Hloubka: 45 cm<\/li>\n<li>Proveden\u00ed: z\u00e1v\u011bsn\u00e1<\/li>\n<li>Materi\u00e1l umyvadla: keramika<\/li>\n<\/ul>\n<p><strong>Obsah balen\u00ed<\/strong><\/p>\n<ul>\n<li>Koupelnov\u00e1 sk\u0159\u00ed\u0148ka SAT Fusion 57,5x53x45 cm, z\u00e1suvky&nbsp;s plnov\u00fdsuvem<\/li>\n<li>N\u00e1bytkov\u00e9 umyvadlo SAT Fusion 60,5&#215;46 cm otvor pro baterii uprost\u0159ed<\/li>\n<li>Umyvadlov\u00e1 baterie SAT Fusion bez v\u00fdpusti p\u00e1ka tmav\u00e9 d\u0159evo<\/li>\n<\/ul>\n<\/div><\/div>\n<div class=\"ProductDetailContent\">                                                                    <\/div>\n<\/p><\/div>\n<\/p><\/div>\n<\/p><\/div>\n","protected":false},"excerpt":{"rendered":"<p>Popis produktu Koupelnov\u00e1 sk\u0159\u00ed\u0148ka s umyvadlem a bateri\u00ed SAT Fusion 57,5x53x45 cm p\u00edskov\u011b b\u00e9\u017eov\u00e1 mat SATFUSION260BEMWBA P\u0159edstavujeme nejnov\u011bj\u0161\u00ed kolekci koupelnov\u00e9ho n\u00e1bytku \u2013 SAT Fusion. Tato exkluzivn\u00ed \u0159ada v\u00e1s zaujme jedine\u010dn\u00fdmi zaoblen\u00fdmi rohy, kter\u00e9 dokonale lad\u00ed se zaoblen\u00fdmi umyvadly SAT Fusion. N\u00e1bytek v t\u00e9to s\u00e9rii je navr\u017een s ohledem na sou\u010dasn\u00e9 interi\u00e9rov\u00e9 trendy, tedy kombinaci matn\u00e9 [&hellip;]<\/p>\n","protected":false},"featured_media":64806,"comment_status":"open","ping_status":"open","template":"","meta":[],"product_brand":[],"product_cat":[65],"product_tag":[],"class_list":{"0":"post-64706","1":"product","2":"type-product","3":"status-publish","4":"has-post-thumbnail","6":"product_cat-koupelny","8":"first","9":"instock","10":"sale","11":"shipping-taxable","12":"purchasable","13":"product-type-simple"},"yoast_head":"<!-- This site is optimized with the Yoast SEO plugin v26.8 - https:\/\/yoast.com\/product\/yoast-seo-wordpress\/ -->\n<title>Akce Koupelnov\u00e1 sk\u0159\u00ed\u0148ka s umyvadlem a bateri\u00ed SAT Fusion 57,5x53x45 cm p\u00edskov\u011b b\u00e9\u017eov\u00e1 mat SATFUSION260BEMWBA -<\/title>\n<meta name=\"robots\" content=\"index, follow, max-snippet:-1, max-image-preview:large, max-video-preview:-1\" \/>\n<link rel=\"canonical\" href=\"https:\/\/www.oknobuild.com\/index.php\/produkt\/akce-koupelnova-skrinka-s-umyvadlem-a-baterii-sat-fusion-57-5x53x45-cm-piskove-bezova-mat-satfusion260bemwba-64706\/\" \/>\n<meta property=\"og:locale\" content=\"cs_CZ\" \/>\n<meta property=\"og:type\" content=\"article\" \/>\n<meta property=\"og:title\" content=\"Akce Koupelnov\u00e1 sk\u0159\u00ed\u0148ka s umyvadlem a bateri\u00ed SAT Fusion 57,5x53x45 cm p\u00edskov\u011b b\u00e9\u017eov\u00e1 mat SATFUSION260BEMWBA -\" \/>\n<meta property=\"og:description\" content=\"Popis produktu Koupelnov\u00e1 sk\u0159\u00ed\u0148ka s umyvadlem a bateri\u00ed SAT Fusion 57,5x53x45 cm p\u00edskov\u011b b\u00e9\u017eov\u00e1 mat SATFUSION260BEMWBA P\u0159edstavujeme nejnov\u011bj\u0161\u00ed kolekci koupelnov\u00e9ho n\u00e1bytku \u2013 SAT Fusion. Tato exkluzivn\u00ed \u0159ada v\u00e1s zaujme jedine\u010dn\u00fdmi zaoblen\u00fdmi rohy, kter\u00e9 dokonale lad\u00ed se zaoblen\u00fdmi umyvadly SAT Fusion. N\u00e1bytek v t\u00e9to s\u00e9rii je navr\u017een s ohledem na sou\u010dasn\u00e9 interi\u00e9rov\u00e9 trendy, tedy kombinaci matn\u00e9 [&hellip;]\" \/>\n<meta property=\"og:url\" content=\"https:\/\/www.oknobuild.com\/index.php\/produkt\/akce-koupelnova-skrinka-s-umyvadlem-a-baterii-sat-fusion-57-5x53x45-cm-piskove-bezova-mat-satfusion260bemwba-64706\/\" \/>\n<meta property=\"og:image\" content=\"https:\/\/www.oknobuild.com\/wp-content\/uploads\/2026\/SK0022808-CZ20260425-092632-0-1777080397-koupelnova-skrinka-s-umyvadlem-a-baterii-sat-fusion-57-5x53.webp\" \/>\n\t<meta property=\"og:image:width\" content=\"600\" \/>\n\t<meta property=\"og:image:height\" content=\"600\" \/>\n\t<meta property=\"og:image:type\" content=\"image\/webp\" \/>\n<meta name=\"twitter:card\" content=\"summary_large_image\" \/>\n<meta name=\"twitter:label1\" content=\"Odhadovan\u00e1 doba \u010dten\u00ed\" \/>\n\t<meta name=\"twitter:data1\" content=\"1 minuta\" \/>\n<script type=\"application\/ld+json\" class=\"yoast-schema-graph\">{\"@context\":\"https:\/\/schema.org\",\"@graph\":[{\"@type\":\"WebPage\",\"@id\":\"https:\/\/www.oknobuild.com\/index.php\/produkt\/akce-koupelnova-skrinka-s-umyvadlem-a-baterii-sat-fusion-57-5x53x45-cm-piskove-bezova-mat-satfusion260bemwba-64706\/\",\"url\":\"https:\/\/www.oknobuild.com\/index.php\/produkt\/akce-koupelnova-skrinka-s-umyvadlem-a-baterii-sat-fusion-57-5x53x45-cm-piskove-bezova-mat-satfusion260bemwba-64706\/\",\"name\":\"Akce Koupelnov\u00e1 sk\u0159\u00ed\u0148ka s umyvadlem a bateri\u00ed SAT Fusion 57,5x53x45 cm p\u00edskov\u011b b\u00e9\u017eov\u00e1 mat SATFUSION260BEMWBA -\",\"isPartOf\":{\"@id\":\"https:\/\/www.oknobuild.com\/#website\"},\"primaryImageOfPage\":{\"@id\":\"https:\/\/www.oknobuild.com\/index.php\/produkt\/akce-koupelnova-skrinka-s-umyvadlem-a-baterii-sat-fusion-57-5x53x45-cm-piskove-bezova-mat-satfusion260bemwba-64706\/#primaryimage\"},\"image\":{\"@id\":\"https:\/\/www.oknobuild.com\/index.php\/produkt\/akce-koupelnova-skrinka-s-umyvadlem-a-baterii-sat-fusion-57-5x53x45-cm-piskove-bezova-mat-satfusion260bemwba-64706\/#primaryimage\"},\"thumbnailUrl\":\"https:\/\/www.oknobuild.com\/wp-content\/uploads\/2026\/SK0022808-CZ20260425-092632-0-1777080397-koupelnova-skrinka-s-umyvadlem-a-baterii-sat-fusion-57-5x53.webp\",\"datePublished\":\"2026-04-27T04:43:29+00:00\",\"breadcrumb\":{\"@id\":\"https:\/\/www.oknobuild.com\/index.php\/produkt\/akce-koupelnova-skrinka-s-umyvadlem-a-baterii-sat-fusion-57-5x53x45-cm-piskove-bezova-mat-satfusion260bemwba-64706\/#breadcrumb\"},\"inLanguage\":\"cs\",\"potentialAction\":[{\"@type\":\"ReadAction\",\"target\":[\"https:\/\/www.oknobuild.com\/index.php\/produkt\/akce-koupelnova-skrinka-s-umyvadlem-a-baterii-sat-fusion-57-5x53x45-cm-piskove-bezova-mat-satfusion260bemwba-64706\/\"]}]},{\"@type\":\"ImageObject\",\"inLanguage\":\"cs\",\"@id\":\"https:\/\/www.oknobuild.com\/index.php\/produkt\/akce-koupelnova-skrinka-s-umyvadlem-a-baterii-sat-fusion-57-5x53x45-cm-piskove-bezova-mat-satfusion260bemwba-64706\/#primaryimage\",\"url\":\"https:\/\/www.oknobuild.com\/wp-content\/uploads\/2026\/SK0022808-CZ20260425-092632-0-1777080397-koupelnova-skrinka-s-umyvadlem-a-baterii-sat-fusion-57-5x53.webp\",\"contentUrl\":\"https:\/\/www.oknobuild.com\/wp-content\/uploads\/2026\/SK0022808-CZ20260425-092632-0-1777080397-koupelnova-skrinka-s-umyvadlem-a-baterii-sat-fusion-57-5x53.webp\",\"width\":600,\"height\":600},{\"@type\":\"BreadcrumbList\",\"@id\":\"https:\/\/www.oknobuild.com\/index.php\/produkt\/akce-koupelnova-skrinka-s-umyvadlem-a-baterii-sat-fusion-57-5x53x45-cm-piskove-bezova-mat-satfusion260bemwba-64706\/#breadcrumb\",\"itemListElement\":[{\"@type\":\"ListItem\",\"position\":1,\"name\":\"Home\",\"item\":\"https:\/\/www.oknobuild.com\/\"},{\"@type\":\"ListItem\",\"position\":2,\"name\":\"Products\",\"item\":\"https:\/\/www.oknobuild.com\/index.php\/products\/\"},{\"@type\":\"ListItem\",\"position\":3,\"name\":\"Akce Koupelnov\u00e1 sk\u0159\u00ed\u0148ka s umyvadlem a bateri\u00ed SAT Fusion 57,5x53x45 cm p\u00edskov\u011b b\u00e9\u017eov\u00e1 mat SATFUSION260BEMWBA\"}]},{\"@type\":\"WebSite\",\"@id\":\"https:\/\/www.oknobuild.com\/#website\",\"url\":\"https:\/\/www.oknobuild.com\/\",\"name\":\"\",\"description\":\"\",\"potentialAction\":[{\"@type\":\"SearchAction\",\"target\":{\"@type\":\"EntryPoint\",\"urlTemplate\":\"https:\/\/www.oknobuild.com\/?s={search_term_string}\"},\"query-input\":{\"@type\":\"PropertyValueSpecification\",\"valueRequired\":true,\"valueName\":\"search_term_string\"}}],\"inLanguage\":\"cs\"}]}<\/script>\n<!-- \/ Yoast SEO plugin. -->","yoast_head_json":{"title":"Akce Koupelnov\u00e1 sk\u0159\u00ed\u0148ka s umyvadlem a bateri\u00ed SAT Fusion 57,5x53x45 cm p\u00edskov\u011b b\u00e9\u017eov\u00e1 mat SATFUSION260BEMWBA -","robots":{"index":"index","follow":"follow","max-snippet":"max-snippet:-1","max-image-preview":"max-image-preview:large","max-video-preview":"max-video-preview:-1"},"canonical":"https:\/\/www.oknobuild.com\/index.php\/produkt\/akce-koupelnova-skrinka-s-umyvadlem-a-baterii-sat-fusion-57-5x53x45-cm-piskove-bezova-mat-satfusion260bemwba-64706\/","og_locale":"cs_CZ","og_type":"article","og_title":"Akce Koupelnov\u00e1 sk\u0159\u00ed\u0148ka s umyvadlem a bateri\u00ed SAT Fusion 57,5x53x45 cm p\u00edskov\u011b b\u00e9\u017eov\u00e1 mat SATFUSION260BEMWBA -","og_description":"Popis produktu Koupelnov\u00e1 sk\u0159\u00ed\u0148ka s umyvadlem a bateri\u00ed SAT Fusion 57,5x53x45 cm p\u00edskov\u011b b\u00e9\u017eov\u00e1 mat SATFUSION260BEMWBA P\u0159edstavujeme nejnov\u011bj\u0161\u00ed kolekci koupelnov\u00e9ho n\u00e1bytku \u2013 SAT Fusion. Tato exkluzivn\u00ed \u0159ada v\u00e1s zaujme jedine\u010dn\u00fdmi zaoblen\u00fdmi rohy, kter\u00e9 dokonale lad\u00ed se zaoblen\u00fdmi umyvadly SAT Fusion. N\u00e1bytek v t\u00e9to s\u00e9rii je navr\u017een s ohledem na sou\u010dasn\u00e9 interi\u00e9rov\u00e9 trendy, tedy kombinaci matn\u00e9 [&hellip;]","og_url":"https:\/\/www.oknobuild.com\/index.php\/produkt\/akce-koupelnova-skrinka-s-umyvadlem-a-baterii-sat-fusion-57-5x53x45-cm-piskove-bezova-mat-satfusion260bemwba-64706\/","og_image":[{"width":600,"height":600,"url":"https:\/\/www.oknobuild.com\/wp-content\/uploads\/2026\/SK0022808-CZ20260425-092632-0-1777080397-koupelnova-skrinka-s-umyvadlem-a-baterii-sat-fusion-57-5x53.webp","type":"image\/webp"}],"twitter_card":"summary_large_image","twitter_misc":{"Odhadovan\u00e1 doba \u010dten\u00ed":"1 minuta"},"schema":{"@context":"https:\/\/schema.org","@graph":[{"@type":"WebPage","@id":"https:\/\/www.oknobuild.com\/index.php\/produkt\/akce-koupelnova-skrinka-s-umyvadlem-a-baterii-sat-fusion-57-5x53x45-cm-piskove-bezova-mat-satfusion260bemwba-64706\/","url":"https:\/\/www.oknobuild.com\/index.php\/produkt\/akce-koupelnova-skrinka-s-umyvadlem-a-baterii-sat-fusion-57-5x53x45-cm-piskove-bezova-mat-satfusion260bemwba-64706\/","name":"Akce Koupelnov\u00e1 sk\u0159\u00ed\u0148ka s umyvadlem a bateri\u00ed SAT Fusion 57,5x53x45 cm p\u00edskov\u011b b\u00e9\u017eov\u00e1 mat SATFUSION260BEMWBA -","isPartOf":{"@id":"https:\/\/www.oknobuild.com\/#website"},"primaryImageOfPage":{"@id":"https:\/\/www.oknobuild.com\/index.php\/produkt\/akce-koupelnova-skrinka-s-umyvadlem-a-baterii-sat-fusion-57-5x53x45-cm-piskove-bezova-mat-satfusion260bemwba-64706\/#primaryimage"},"image":{"@id":"https:\/\/www.oknobuild.com\/index.php\/produkt\/akce-koupelnova-skrinka-s-umyvadlem-a-baterii-sat-fusion-57-5x53x45-cm-piskove-bezova-mat-satfusion260bemwba-64706\/#primaryimage"},"thumbnailUrl":"https:\/\/www.oknobuild.com\/wp-content\/uploads\/2026\/SK0022808-CZ20260425-092632-0-1777080397-koupelnova-skrinka-s-umyvadlem-a-baterii-sat-fusion-57-5x53.webp","datePublished":"2026-04-27T04:43:29+00:00","breadcrumb":{"@id":"https:\/\/www.oknobuild.com\/index.php\/produkt\/akce-koupelnova-skrinka-s-umyvadlem-a-baterii-sat-fusion-57-5x53x45-cm-piskove-bezova-mat-satfusion260bemwba-64706\/#breadcrumb"},"inLanguage":"cs","potentialAction":[{"@type":"ReadAction","target":["https:\/\/www.oknobuild.com\/index.php\/produkt\/akce-koupelnova-skrinka-s-umyvadlem-a-baterii-sat-fusion-57-5x53x45-cm-piskove-bezova-mat-satfusion260bemwba-64706\/"]}]},{"@type":"ImageObject","inLanguage":"cs","@id":"https:\/\/www.oknobuild.com\/index.php\/produkt\/akce-koupelnova-skrinka-s-umyvadlem-a-baterii-sat-fusion-57-5x53x45-cm-piskove-bezova-mat-satfusion260bemwba-64706\/#primaryimage","url":"https:\/\/www.oknobuild.com\/wp-content\/uploads\/2026\/SK0022808-CZ20260425-092632-0-1777080397-koupelnova-skrinka-s-umyvadlem-a-baterii-sat-fusion-57-5x53.webp","contentUrl":"https:\/\/www.oknobuild.com\/wp-content\/uploads\/2026\/SK0022808-CZ20260425-092632-0-1777080397-koupelnova-skrinka-s-umyvadlem-a-baterii-sat-fusion-57-5x53.webp","width":600,"height":600},{"@type":"BreadcrumbList","@id":"https:\/\/www.oknobuild.com\/index.php\/produkt\/akce-koupelnova-skrinka-s-umyvadlem-a-baterii-sat-fusion-57-5x53x45-cm-piskove-bezova-mat-satfusion260bemwba-64706\/#breadcrumb","itemListElement":[{"@type":"ListItem","position":1,"name":"Home","item":"https:\/\/www.oknobuild.com\/"},{"@type":"ListItem","position":2,"name":"Products","item":"https:\/\/www.oknobuild.com\/index.php\/products\/"},{"@type":"ListItem","position":3,"name":"Akce Koupelnov\u00e1 sk\u0159\u00ed\u0148ka s umyvadlem a bateri\u00ed SAT Fusion 57,5x53x45 cm p\u00edskov\u011b b\u00e9\u017eov\u00e1 mat SATFUSION260BEMWBA"}]},{"@type":"WebSite","@id":"https:\/\/www.oknobuild.com\/#website","url":"https:\/\/www.oknobuild.com\/","name":"","description":"","potentialAction":[{"@type":"SearchAction","target":{"@type":"EntryPoint","urlTemplate":"https:\/\/www.oknobuild.com\/?s={search_term_string}"},"query-input":{"@type":"PropertyValueSpecification","valueRequired":true,"valueName":"search_term_string"}}],"inLanguage":"cs"}]}},"_links":{"self":[{"href":"https:\/\/www.oknobuild.com\/index.php\/wp-json\/wp\/v2\/product\/64706","targetHints":{"allow":["GET"]}}],"collection":[{"href":"https:\/\/www.oknobuild.com\/index.php\/wp-json\/wp\/v2\/product"}],"about":[{"href":"https:\/\/www.oknobuild.com\/index.php\/wp-json\/wp\/v2\/types\/product"}],"replies":[{"embeddable":true,"href":"https:\/\/www.oknobuild.com\/index.php\/wp-json\/wp\/v2\/comments?post=64706"}],"wp:featuredmedia":[{"embeddable":true,"href":"https:\/\/www.oknobuild.com\/index.php\/wp-json\/wp\/v2\/media\/64806"}],"wp:attachment":[{"href":"https:\/\/www.oknobuild.com\/index.php\/wp-json\/wp\/v2\/media?parent=64706"}],"wp:term":[{"taxonomy":"product_brand","embeddable":true,"href":"https:\/\/www.oknobuild.com\/index.php\/wp-json\/wp\/v2\/product_brand?post=64706"},{"taxonomy":"product_cat","embeddable":true,"href":"https:\/\/www.oknobuild.com\/index.php\/wp-json\/wp\/v2\/product_cat?post=64706"},{"taxonomy":"product_tag","embeddable":true,"href":"https:\/\/www.oknobuild.com\/index.php\/wp-json\/wp\/v2\/product_tag?post=64706"}],"curies":[{"name":"wp","href":"https:\/\/api.w.org\/{rel}","templated":true}]}}