{"id":64753,"date":"2026-04-27T04:43:29","date_gmt":"2026-04-27T04:43:29","guid":{"rendered":""},"modified":"2026-04-27T04:43:29","modified_gmt":"2026-04-27T04:43:29","slug":"zlevneny-koupelnova-skrinka-2-zasuvkova-s-umyvadlem-sat-b-way-99x50x45-cm-dub-mat-bway2100oaku4b-64753","status":"publish","type":"product","link":"https:\/\/www.oknobuild.com\/index.php\/produkt\/zlevneny-koupelnova-skrinka-2-zasuvkova-s-umyvadlem-sat-b-way-99x50x45-cm-dub-mat-bway2100oaku4b-64753\/","title":{"rendered":"Zlevn\u011bn\u00fd Koupelnov\u00e1 sk\u0159\u00ed\u0148ka 2 z\u00e1suvkov\u00e1 s umyvadlem SAT B-Way 99x50x45 cm dub mat BWAY2100OAKU4B"},"content":{"rendered":"<div class=\"ProductDetail-content NoFixImageContainer\" id=\"productDescription\">\n<div class=\"Heading\">\n<h2 class=\"Heading-title\">Popis produktu <span class=''>Koupelnov\u00e1 sk\u0159\u00ed\u0148ka 2 z\u00e1suvkov\u00e1 s umyvadlem SAT B-Way 99x50x45 cm dub mat BWAY2100OAKU4B<\/span><\/h2>\n<\/p><\/div>\n<div class=\"ProductDetailContent\">\n<p><strong>Koupelnov\u00fd n\u00e1bytek ze s\u00e9rie B-Way<\/strong>&nbsp;p\u0159edstavuje inovativn\u00ed kolekci s eleganc\u00ed a nad\u010dasov\u00fdm designem. \u010cist\u00e9 linie s maxim\u00e1ln\u00edm vyu\u017eit\u00edm \u00falo\u017en\u00e9ho prostoru&nbsp;\u010din\u00ed z n\u00e1bytku B-Way ide\u00e1ln\u00edho volbu do va\u0161eho domova.<\/p>\n<ul>\n<li>Druh v\u00fdrobku: koupelnov\u00e1 sk\u0159\u00ed\u0148ka<\/li>\n<li>Barva popisn\u00e1: dub<\/li>\n<li>Barva z\u00e1kladn\u00ed: d\u0159evodekor<\/li>\n<li>Povrch: lamino<\/li>\n<li>Typ: s umyvadlem<\/li>\n<li>Lesk\/mat: mat<\/li>\n<li>\u0160\u00ed\u0159ka: 99 cm<\/li>\n<li>V\u00fd\u0161ka: 50 cm<\/li>\n<li>Hloubka: 45 cm<\/li>\n<li>Proveden\u00ed: z\u00e1v\u011bsn\u00e1<\/li>\n<li>Materi\u00e1l umyvadla: keramika<\/li>\n<\/ul>\n<p><strong>Balen\u00ed obsahuje:<\/strong><\/p>\n<ul>\n<li>Koupelnov\u00e1 sk\u0159\u00ed\u0148ka AT B-Way dub&nbsp;99x45x30 cm, 2 z\u00e1suvky s plnov\u00fdsuvem<\/li>\n<li>N\u00e1bytkov\u00e9 umyvadlo Naturel Modena 101&#215;46 cm otvor pro baterii uprost\u0159ed<\/li>\n<\/ul><\/div>\n<div class=\"ProductDetailContent\">                                                                    <\/div>\n<\/p><\/div>\n<\/p><\/div>\n<\/p><\/div>\n","protected":false},"excerpt":{"rendered":"<p>Popis produktu Koupelnov\u00e1 sk\u0159\u00ed\u0148ka 2 z\u00e1suvkov\u00e1 s umyvadlem SAT B-Way 99x50x45 cm dub mat BWAY2100OAKU4B Koupelnov\u00fd n\u00e1bytek ze s\u00e9rie B-Way&nbsp;p\u0159edstavuje inovativn\u00ed kolekci s eleganc\u00ed a nad\u010dasov\u00fdm designem. \u010cist\u00e9 linie s maxim\u00e1ln\u00edm vyu\u017eit\u00edm \u00falo\u017en\u00e9ho prostoru&nbsp;\u010din\u00ed z n\u00e1bytku B-Way ide\u00e1ln\u00edho volbu do va\u0161eho domova. Druh v\u00fdrobku: koupelnov\u00e1 sk\u0159\u00ed\u0148ka Barva popisn\u00e1: dub Barva z\u00e1kladn\u00ed: d\u0159evodekor Povrch: lamino Typ: [&hellip;]<\/p>\n","protected":false},"featured_media":64853,"comment_status":"open","ping_status":"open","template":"","meta":[],"product_brand":[],"product_cat":[65],"product_tag":[],"class_list":{"0":"post-64753","1":"product","2":"type-product","3":"status-publish","4":"has-post-thumbnail","6":"product_cat-koupelny","8":"first","9":"instock","10":"sale","11":"shipping-taxable","12":"purchasable","13":"product-type-simple"},"yoast_head":"<!-- This site is optimized with the Yoast SEO plugin v26.8 - https:\/\/yoast.com\/product\/yoast-seo-wordpress\/ -->\n<title>Zlevn\u011bn\u00fd Koupelnov\u00e1 sk\u0159\u00ed\u0148ka 2 z\u00e1suvkov\u00e1 s umyvadlem SAT B-Way 99x50x45 cm dub mat BWAY2100OAKU4B -<\/title>\n<meta name=\"robots\" content=\"index, follow, max-snippet:-1, max-image-preview:large, max-video-preview:-1\" \/>\n<link rel=\"canonical\" href=\"https:\/\/www.oknobuild.com\/index.php\/produkt\/zlevneny-koupelnova-skrinka-2-zasuvkova-s-umyvadlem-sat-b-way-99x50x45-cm-dub-mat-bway2100oaku4b-64753\/\" \/>\n<meta property=\"og:locale\" content=\"cs_CZ\" \/>\n<meta property=\"og:type\" content=\"article\" \/>\n<meta property=\"og:title\" content=\"Zlevn\u011bn\u00fd Koupelnov\u00e1 sk\u0159\u00ed\u0148ka 2 z\u00e1suvkov\u00e1 s umyvadlem SAT B-Way 99x50x45 cm dub mat BWAY2100OAKU4B -\" \/>\n<meta property=\"og:description\" content=\"Popis produktu Koupelnov\u00e1 sk\u0159\u00ed\u0148ka 2 z\u00e1suvkov\u00e1 s umyvadlem SAT B-Way 99x50x45 cm dub mat BWAY2100OAKU4B Koupelnov\u00fd n\u00e1bytek ze s\u00e9rie B-Way&nbsp;p\u0159edstavuje inovativn\u00ed kolekci s eleganc\u00ed a nad\u010dasov\u00fdm designem. \u010cist\u00e9 linie s maxim\u00e1ln\u00edm vyu\u017eit\u00edm \u00falo\u017en\u00e9ho prostoru&nbsp;\u010din\u00ed z n\u00e1bytku B-Way ide\u00e1ln\u00edho volbu do va\u0161eho domova. Druh v\u00fdrobku: koupelnov\u00e1 sk\u0159\u00ed\u0148ka Barva popisn\u00e1: dub Barva z\u00e1kladn\u00ed: d\u0159evodekor Povrch: lamino Typ: [&hellip;]\" \/>\n<meta property=\"og:url\" content=\"https:\/\/www.oknobuild.com\/index.php\/produkt\/zlevneny-koupelnova-skrinka-2-zasuvkova-s-umyvadlem-sat-b-way-99x50x45-cm-dub-mat-bway2100oaku4b-64753\/\" \/>\n<meta property=\"og:image\" content=\"https:\/\/www.oknobuild.com\/wp-content\/uploads\/2026\/SK0022860-CZ20260425-092632-0-1777080397-koupelnova-skrinka-2-zasuvkova-s-umyvadlem-sat-b-way-99x50x.webp\" \/>\n\t<meta property=\"og:image:width\" content=\"600\" \/>\n\t<meta property=\"og:image:height\" content=\"600\" \/>\n\t<meta property=\"og:image:type\" content=\"image\/webp\" \/>\n<meta name=\"twitter:card\" content=\"summary_large_image\" \/>\n<meta name=\"twitter:label1\" content=\"Odhadovan\u00e1 doba \u010dten\u00ed\" \/>\n\t<meta name=\"twitter:data1\" content=\"1 minuta\" \/>\n<script type=\"application\/ld+json\" class=\"yoast-schema-graph\">{\"@context\":\"https:\/\/schema.org\",\"@graph\":[{\"@type\":\"WebPage\",\"@id\":\"https:\/\/www.oknobuild.com\/index.php\/produkt\/zlevneny-koupelnova-skrinka-2-zasuvkova-s-umyvadlem-sat-b-way-99x50x45-cm-dub-mat-bway2100oaku4b-64753\/\",\"url\":\"https:\/\/www.oknobuild.com\/index.php\/produkt\/zlevneny-koupelnova-skrinka-2-zasuvkova-s-umyvadlem-sat-b-way-99x50x45-cm-dub-mat-bway2100oaku4b-64753\/\",\"name\":\"Zlevn\u011bn\u00fd Koupelnov\u00e1 sk\u0159\u00ed\u0148ka 2 z\u00e1suvkov\u00e1 s umyvadlem SAT B-Way 99x50x45 cm dub mat BWAY2100OAKU4B -\",\"isPartOf\":{\"@id\":\"https:\/\/www.oknobuild.com\/#website\"},\"primaryImageOfPage\":{\"@id\":\"https:\/\/www.oknobuild.com\/index.php\/produkt\/zlevneny-koupelnova-skrinka-2-zasuvkova-s-umyvadlem-sat-b-way-99x50x45-cm-dub-mat-bway2100oaku4b-64753\/#primaryimage\"},\"image\":{\"@id\":\"https:\/\/www.oknobuild.com\/index.php\/produkt\/zlevneny-koupelnova-skrinka-2-zasuvkova-s-umyvadlem-sat-b-way-99x50x45-cm-dub-mat-bway2100oaku4b-64753\/#primaryimage\"},\"thumbnailUrl\":\"https:\/\/www.oknobuild.com\/wp-content\/uploads\/2026\/SK0022860-CZ20260425-092632-0-1777080397-koupelnova-skrinka-2-zasuvkova-s-umyvadlem-sat-b-way-99x50x.webp\",\"datePublished\":\"2026-04-27T04:43:29+00:00\",\"breadcrumb\":{\"@id\":\"https:\/\/www.oknobuild.com\/index.php\/produkt\/zlevneny-koupelnova-skrinka-2-zasuvkova-s-umyvadlem-sat-b-way-99x50x45-cm-dub-mat-bway2100oaku4b-64753\/#breadcrumb\"},\"inLanguage\":\"cs\",\"potentialAction\":[{\"@type\":\"ReadAction\",\"target\":[\"https:\/\/www.oknobuild.com\/index.php\/produkt\/zlevneny-koupelnova-skrinka-2-zasuvkova-s-umyvadlem-sat-b-way-99x50x45-cm-dub-mat-bway2100oaku4b-64753\/\"]}]},{\"@type\":\"ImageObject\",\"inLanguage\":\"cs\",\"@id\":\"https:\/\/www.oknobuild.com\/index.php\/produkt\/zlevneny-koupelnova-skrinka-2-zasuvkova-s-umyvadlem-sat-b-way-99x50x45-cm-dub-mat-bway2100oaku4b-64753\/#primaryimage\",\"url\":\"https:\/\/www.oknobuild.com\/wp-content\/uploads\/2026\/SK0022860-CZ20260425-092632-0-1777080397-koupelnova-skrinka-2-zasuvkova-s-umyvadlem-sat-b-way-99x50x.webp\",\"contentUrl\":\"https:\/\/www.oknobuild.com\/wp-content\/uploads\/2026\/SK0022860-CZ20260425-092632-0-1777080397-koupelnova-skrinka-2-zasuvkova-s-umyvadlem-sat-b-way-99x50x.webp\",\"width\":600,\"height\":600},{\"@type\":\"BreadcrumbList\",\"@id\":\"https:\/\/www.oknobuild.com\/index.php\/produkt\/zlevneny-koupelnova-skrinka-2-zasuvkova-s-umyvadlem-sat-b-way-99x50x45-cm-dub-mat-bway2100oaku4b-64753\/#breadcrumb\",\"itemListElement\":[{\"@type\":\"ListItem\",\"position\":1,\"name\":\"Home\",\"item\":\"https:\/\/www.oknobuild.com\/\"},{\"@type\":\"ListItem\",\"position\":2,\"name\":\"Products\",\"item\":\"https:\/\/www.oknobuild.com\/index.php\/products\/\"},{\"@type\":\"ListItem\",\"position\":3,\"name\":\"Zlevn\u011bn\u00fd Koupelnov\u00e1 sk\u0159\u00ed\u0148ka 2 z\u00e1suvkov\u00e1 s umyvadlem SAT B-Way 99x50x45 cm dub mat BWAY2100OAKU4B\"}]},{\"@type\":\"WebSite\",\"@id\":\"https:\/\/www.oknobuild.com\/#website\",\"url\":\"https:\/\/www.oknobuild.com\/\",\"name\":\"\",\"description\":\"\",\"potentialAction\":[{\"@type\":\"SearchAction\",\"target\":{\"@type\":\"EntryPoint\",\"urlTemplate\":\"https:\/\/www.oknobuild.com\/?s={search_term_string}\"},\"query-input\":{\"@type\":\"PropertyValueSpecification\",\"valueRequired\":true,\"valueName\":\"search_term_string\"}}],\"inLanguage\":\"cs\"}]}<\/script>\n<!-- \/ Yoast SEO plugin. -->","yoast_head_json":{"title":"Zlevn\u011bn\u00fd Koupelnov\u00e1 sk\u0159\u00ed\u0148ka 2 z\u00e1suvkov\u00e1 s umyvadlem SAT B-Way 99x50x45 cm dub mat BWAY2100OAKU4B -","robots":{"index":"index","follow":"follow","max-snippet":"max-snippet:-1","max-image-preview":"max-image-preview:large","max-video-preview":"max-video-preview:-1"},"canonical":"https:\/\/www.oknobuild.com\/index.php\/produkt\/zlevneny-koupelnova-skrinka-2-zasuvkova-s-umyvadlem-sat-b-way-99x50x45-cm-dub-mat-bway2100oaku4b-64753\/","og_locale":"cs_CZ","og_type":"article","og_title":"Zlevn\u011bn\u00fd Koupelnov\u00e1 sk\u0159\u00ed\u0148ka 2 z\u00e1suvkov\u00e1 s umyvadlem SAT B-Way 99x50x45 cm dub mat BWAY2100OAKU4B -","og_description":"Popis produktu Koupelnov\u00e1 sk\u0159\u00ed\u0148ka 2 z\u00e1suvkov\u00e1 s umyvadlem SAT B-Way 99x50x45 cm dub mat BWAY2100OAKU4B Koupelnov\u00fd n\u00e1bytek ze s\u00e9rie B-Way&nbsp;p\u0159edstavuje inovativn\u00ed kolekci s eleganc\u00ed a nad\u010dasov\u00fdm designem. \u010cist\u00e9 linie s maxim\u00e1ln\u00edm vyu\u017eit\u00edm \u00falo\u017en\u00e9ho prostoru&nbsp;\u010din\u00ed z n\u00e1bytku B-Way ide\u00e1ln\u00edho volbu do va\u0161eho domova. Druh v\u00fdrobku: koupelnov\u00e1 sk\u0159\u00ed\u0148ka Barva popisn\u00e1: dub Barva z\u00e1kladn\u00ed: d\u0159evodekor Povrch: lamino Typ: [&hellip;]","og_url":"https:\/\/www.oknobuild.com\/index.php\/produkt\/zlevneny-koupelnova-skrinka-2-zasuvkova-s-umyvadlem-sat-b-way-99x50x45-cm-dub-mat-bway2100oaku4b-64753\/","og_image":[{"width":600,"height":600,"url":"https:\/\/www.oknobuild.com\/wp-content\/uploads\/2026\/SK0022860-CZ20260425-092632-0-1777080397-koupelnova-skrinka-2-zasuvkova-s-umyvadlem-sat-b-way-99x50x.webp","type":"image\/webp"}],"twitter_card":"summary_large_image","twitter_misc":{"Odhadovan\u00e1 doba \u010dten\u00ed":"1 minuta"},"schema":{"@context":"https:\/\/schema.org","@graph":[{"@type":"WebPage","@id":"https:\/\/www.oknobuild.com\/index.php\/produkt\/zlevneny-koupelnova-skrinka-2-zasuvkova-s-umyvadlem-sat-b-way-99x50x45-cm-dub-mat-bway2100oaku4b-64753\/","url":"https:\/\/www.oknobuild.com\/index.php\/produkt\/zlevneny-koupelnova-skrinka-2-zasuvkova-s-umyvadlem-sat-b-way-99x50x45-cm-dub-mat-bway2100oaku4b-64753\/","name":"Zlevn\u011bn\u00fd Koupelnov\u00e1 sk\u0159\u00ed\u0148ka 2 z\u00e1suvkov\u00e1 s umyvadlem SAT B-Way 99x50x45 cm dub mat BWAY2100OAKU4B -","isPartOf":{"@id":"https:\/\/www.oknobuild.com\/#website"},"primaryImageOfPage":{"@id":"https:\/\/www.oknobuild.com\/index.php\/produkt\/zlevneny-koupelnova-skrinka-2-zasuvkova-s-umyvadlem-sat-b-way-99x50x45-cm-dub-mat-bway2100oaku4b-64753\/#primaryimage"},"image":{"@id":"https:\/\/www.oknobuild.com\/index.php\/produkt\/zlevneny-koupelnova-skrinka-2-zasuvkova-s-umyvadlem-sat-b-way-99x50x45-cm-dub-mat-bway2100oaku4b-64753\/#primaryimage"},"thumbnailUrl":"https:\/\/www.oknobuild.com\/wp-content\/uploads\/2026\/SK0022860-CZ20260425-092632-0-1777080397-koupelnova-skrinka-2-zasuvkova-s-umyvadlem-sat-b-way-99x50x.webp","datePublished":"2026-04-27T04:43:29+00:00","breadcrumb":{"@id":"https:\/\/www.oknobuild.com\/index.php\/produkt\/zlevneny-koupelnova-skrinka-2-zasuvkova-s-umyvadlem-sat-b-way-99x50x45-cm-dub-mat-bway2100oaku4b-64753\/#breadcrumb"},"inLanguage":"cs","potentialAction":[{"@type":"ReadAction","target":["https:\/\/www.oknobuild.com\/index.php\/produkt\/zlevneny-koupelnova-skrinka-2-zasuvkova-s-umyvadlem-sat-b-way-99x50x45-cm-dub-mat-bway2100oaku4b-64753\/"]}]},{"@type":"ImageObject","inLanguage":"cs","@id":"https:\/\/www.oknobuild.com\/index.php\/produkt\/zlevneny-koupelnova-skrinka-2-zasuvkova-s-umyvadlem-sat-b-way-99x50x45-cm-dub-mat-bway2100oaku4b-64753\/#primaryimage","url":"https:\/\/www.oknobuild.com\/wp-content\/uploads\/2026\/SK0022860-CZ20260425-092632-0-1777080397-koupelnova-skrinka-2-zasuvkova-s-umyvadlem-sat-b-way-99x50x.webp","contentUrl":"https:\/\/www.oknobuild.com\/wp-content\/uploads\/2026\/SK0022860-CZ20260425-092632-0-1777080397-koupelnova-skrinka-2-zasuvkova-s-umyvadlem-sat-b-way-99x50x.webp","width":600,"height":600},{"@type":"BreadcrumbList","@id":"https:\/\/www.oknobuild.com\/index.php\/produkt\/zlevneny-koupelnova-skrinka-2-zasuvkova-s-umyvadlem-sat-b-way-99x50x45-cm-dub-mat-bway2100oaku4b-64753\/#breadcrumb","itemListElement":[{"@type":"ListItem","position":1,"name":"Home","item":"https:\/\/www.oknobuild.com\/"},{"@type":"ListItem","position":2,"name":"Products","item":"https:\/\/www.oknobuild.com\/index.php\/products\/"},{"@type":"ListItem","position":3,"name":"Zlevn\u011bn\u00fd Koupelnov\u00e1 sk\u0159\u00ed\u0148ka 2 z\u00e1suvkov\u00e1 s umyvadlem SAT B-Way 99x50x45 cm dub mat BWAY2100OAKU4B"}]},{"@type":"WebSite","@id":"https:\/\/www.oknobuild.com\/#website","url":"https:\/\/www.oknobuild.com\/","name":"","description":"","potentialAction":[{"@type":"SearchAction","target":{"@type":"EntryPoint","urlTemplate":"https:\/\/www.oknobuild.com\/?s={search_term_string}"},"query-input":{"@type":"PropertyValueSpecification","valueRequired":true,"valueName":"search_term_string"}}],"inLanguage":"cs"}]}},"_links":{"self":[{"href":"https:\/\/www.oknobuild.com\/index.php\/wp-json\/wp\/v2\/product\/64753","targetHints":{"allow":["GET"]}}],"collection":[{"href":"https:\/\/www.oknobuild.com\/index.php\/wp-json\/wp\/v2\/product"}],"about":[{"href":"https:\/\/www.oknobuild.com\/index.php\/wp-json\/wp\/v2\/types\/product"}],"replies":[{"embeddable":true,"href":"https:\/\/www.oknobuild.com\/index.php\/wp-json\/wp\/v2\/comments?post=64753"}],"wp:featuredmedia":[{"embeddable":true,"href":"https:\/\/www.oknobuild.com\/index.php\/wp-json\/wp\/v2\/media\/64853"}],"wp:attachment":[{"href":"https:\/\/www.oknobuild.com\/index.php\/wp-json\/wp\/v2\/media?parent=64753"}],"wp:term":[{"taxonomy":"product_brand","embeddable":true,"href":"https:\/\/www.oknobuild.com\/index.php\/wp-json\/wp\/v2\/product_brand?post=64753"},{"taxonomy":"product_cat","embeddable":true,"href":"https:\/\/www.oknobuild.com\/index.php\/wp-json\/wp\/v2\/product_cat?post=64753"},{"taxonomy":"product_tag","embeddable":true,"href":"https:\/\/www.oknobuild.com\/index.php\/wp-json\/wp\/v2\/product_tag?post=64753"}],"curies":[{"name":"wp","href":"https:\/\/api.w.org\/{rel}","templated":true}]}}