{"id":64773,"date":"2026-04-27T04:43:29","date_gmt":"2026-04-27T04:43:29","guid":{"rendered":""},"modified":"2026-04-27T04:43:29","modified_gmt":"2026-04-27T04:43:29","slug":"zlevneny-koupelnova-skrinka-s-zulovou-kryci-deskou-sat-feel-80x30x46-cm-medovy-dub-mat-satfeel80dmz-64773","status":"publish","type":"product","link":"https:\/\/www.oknobuild.com\/index.php\/produkt\/zlevneny-koupelnova-skrinka-s-zulovou-kryci-deskou-sat-feel-80x30x46-cm-medovy-dub-mat-satfeel80dmz-64773\/","title":{"rendered":"Zlevn\u011bn\u00fd Koupelnov\u00e1 sk\u0159\u00ed\u0148ka s \u017eulovou kryc\u00ed deskou SAT Feel 80x30x46 cm medov\u00fd dub mat SATFEEL80DMZ"},"content":{"rendered":"<div class=\"ProductDetail-content NoFixImageContainer\" id=\"productDescription\">\n<div class=\"Heading\">\n<h2 class=\"Heading-title\">Popis produktu <span class=''>Koupelnov\u00e1 sk\u0159\u00ed\u0148ka s \u017eulovou kryc\u00ed deskou SAT Feel 80x30x46 cm medov\u00fd dub mat SATFEEL80DMZ<\/span><\/h2>\n<\/p><\/div>\n<div class=\"ProductDetailContent\">\n<p><strong>Koupelnov\u00fd n\u00e1bytek ze s\u00e9rie SAT Feel<\/strong>&nbsp;v\u00e1s zavede do sv\u011bta elegance a jednoduchosti.&nbsp;<strong>Jedn\u00e1 se o mistrovsk\u00fd kousek designu, kter\u00fd okouzl\u00ed svou \u010distotou a minimalistick\u00fdm stylem.<\/strong><\/p>\n<p>Ka\u017ed\u00e1 plocha koupelnov\u00e9ho n\u00e1bytku SAT Feel je d\u016fkazem&nbsp;<strong>precizn\u00edho \u0159emesln\u00e9ho zpracov\u00e1n\u00ed a pozornosti k detail\u016fm. Jednoduch\u00e9 linie t\u00e9to koupelnov\u00e9 sk\u0159\u00ed\u0148ky vytv\u00e1\u0159ej\u00ed dojem harmonie a klidu.&nbsp;<\/strong><\/p>\n<p>Kr\u00e1sa SAT Feel nekon\u010d\u00ed jen na povrchu &#8211; uvnit\u0159 t\u00e9to sk\u0159\u00ed\u0148ky najdete praktick\u00fd prostor pro uskladn\u011bn\u00ed v\u0161ech va\u0161ich ka\u017edodenn\u00edch koupelnov\u00fdch pot\u0159eb.<\/p>\n<ul>\n<li>Druh v\u00fdrobku: koupelnov\u00e1 sk\u0159\u00ed\u0148ka<\/li>\n<li>Barva popisn\u00e1:&nbsp;medov\u00fd dub<\/li>\n<li>Barva z\u00e1kladn\u00ed: d\u0159evodekor<\/li>\n<li>Povrch: lamino<\/li>\n<li>Typ: s kryc\u00ed deskou<\/li>\n<li>Lesk\/mat: mat<\/li>\n<li>\u0160\u00ed\u0159ka: 80 cm<\/li>\n<li>V\u00fd\u0161ka: 30 cm<\/li>\n<li>Hloubka: 46 cm<\/li>\n<li>Proveden\u00ed: z\u00e1v\u011bsn\u00e1<\/li>\n<\/ul>\n<p><strong>Obsah balen\u00ed:<\/strong><\/p>\n<ul>\n<li>Koupelnov\u00e1 sk\u0159\u00ed\u0148ka SAT Feel v rozm\u011bru 80x45x30 cm<\/li>\n<li>\u017dulov\u00e1 kryc\u00ed deska Naturel 80x2x46 cm Absolut black lesk s v\u00fd\u0159ezem pro baterii i sifon<\/li>\n<\/ul>\n<p><strong>\u017dula je vyv\u0159el\u00e1 hornina<\/strong>&nbsp;s vysok\u00fdm pod\u00edlem k\u0159emene a \u017eivc\u016f, vynikaj\u00ed svoj\u00ed tvrdost\u00ed a odolnost\u00ed. T\u011b\u017e\u00ed se v nalezi\u0161t\u00edch po cel\u00e9m sv\u011bt\u011b a ka\u017ed\u00e1 deska je origin\u00e1l. P\u0159\u00edrodn\u00ed k\u00e1men je ji\u017e po stalet\u00ed nepostradateln\u00fd a vyzkou\u0161en\u00fd materi\u00e1l.&nbsp;<\/p>\n<p><strong>Deska m\u00e1 2 v\u00fd\u0159ezy<\/strong>&nbsp;&#8211; na sifon a umyvadlovou baterii.<\/p>\n<p><strong>V\u00fdhody \u017eulov\u00e9 desky:<\/strong><\/p>\n<ul>\n<li>Je&nbsp;velmi tvrd\u00e1&nbsp;a&nbsp;<strong>odoln\u00e1&nbsp;v\u016f\u010di mechanick\u00e9mu po\u0161kozen\u00ed<\/strong>.&nbsp;<\/li>\n<li><strong>Velmi dlouh\u00e1 \u017eivotnost.<\/strong><\/li>\n<li><strong>Omezuje vznik bakteri\u00ed,&nbsp;<\/strong>snadno se ot\u00edr\u00e1,&nbsp;je odoln\u00fd proti v\u0161em l\u00e1tk\u00e1m, se kter\u00fdmi p\u0159ich\u00e1z\u00ed v koupeln\u011b b\u011b\u017en\u011b do styku (nepo\u0161kod\u00ed ho dokonce ani lak na nehty).<\/li>\n<li><strong>Odolnost v\u016f\u010di vysok\u00fdm teplot\u00e1m<\/strong>&nbsp;(a\u017e do 250 \u00b0C).<\/li>\n<li>Ka\u017ed\u00e1 deska je origin\u00e1l.<\/li>\n<\/ul><\/div>\n<div class=\"ProductDetailContent\">                                                                    <\/div>\n<\/p><\/div>\n<\/p><\/div>\n<\/p><\/div>\n","protected":false},"excerpt":{"rendered":"<p>Popis produktu Koupelnov\u00e1 sk\u0159\u00ed\u0148ka s \u017eulovou kryc\u00ed deskou SAT Feel 80x30x46 cm medov\u00fd dub mat SATFEEL80DMZ Koupelnov\u00fd n\u00e1bytek ze s\u00e9rie SAT Feel&nbsp;v\u00e1s zavede do sv\u011bta elegance a jednoduchosti.&nbsp;Jedn\u00e1 se o mistrovsk\u00fd kousek designu, kter\u00fd okouzl\u00ed svou \u010distotou a minimalistick\u00fdm stylem. Ka\u017ed\u00e1 plocha koupelnov\u00e9ho n\u00e1bytku SAT Feel je d\u016fkazem&nbsp;precizn\u00edho \u0159emesln\u00e9ho zpracov\u00e1n\u00ed a pozornosti k detail\u016fm. Jednoduch\u00e9 [&hellip;]<\/p>\n","protected":false},"featured_media":64873,"comment_status":"open","ping_status":"open","template":"","meta":[],"product_brand":[],"product_cat":[65],"product_tag":[],"class_list":{"0":"post-64773","1":"product","2":"type-product","3":"status-publish","4":"has-post-thumbnail","6":"product_cat-koupelny","8":"first","9":"instock","10":"sale","11":"shipping-taxable","12":"purchasable","13":"product-type-simple"},"yoast_head":"<!-- This site is optimized with the Yoast SEO plugin v26.8 - https:\/\/yoast.com\/product\/yoast-seo-wordpress\/ -->\n<title>Zlevn\u011bn\u00fd Koupelnov\u00e1 sk\u0159\u00ed\u0148ka s \u017eulovou kryc\u00ed deskou SAT Feel 80x30x46 cm medov\u00fd dub mat SATFEEL80DMZ -<\/title>\n<meta name=\"robots\" content=\"index, follow, max-snippet:-1, max-image-preview:large, max-video-preview:-1\" \/>\n<link rel=\"canonical\" href=\"https:\/\/www.oknobuild.com\/index.php\/produkt\/zlevneny-koupelnova-skrinka-s-zulovou-kryci-deskou-sat-feel-80x30x46-cm-medovy-dub-mat-satfeel80dmz-64773\/\" \/>\n<meta property=\"og:locale\" content=\"cs_CZ\" \/>\n<meta property=\"og:type\" content=\"article\" \/>\n<meta property=\"og:title\" content=\"Zlevn\u011bn\u00fd Koupelnov\u00e1 sk\u0159\u00ed\u0148ka s \u017eulovou kryc\u00ed deskou SAT Feel 80x30x46 cm medov\u00fd dub mat SATFEEL80DMZ -\" \/>\n<meta property=\"og:description\" content=\"Popis produktu Koupelnov\u00e1 sk\u0159\u00ed\u0148ka s \u017eulovou kryc\u00ed deskou SAT Feel 80x30x46 cm medov\u00fd dub mat SATFEEL80DMZ Koupelnov\u00fd n\u00e1bytek ze s\u00e9rie SAT Feel&nbsp;v\u00e1s zavede do sv\u011bta elegance a jednoduchosti.&nbsp;Jedn\u00e1 se o mistrovsk\u00fd kousek designu, kter\u00fd okouzl\u00ed svou \u010distotou a minimalistick\u00fdm stylem. Ka\u017ed\u00e1 plocha koupelnov\u00e9ho n\u00e1bytku SAT Feel je d\u016fkazem&nbsp;precizn\u00edho \u0159emesln\u00e9ho zpracov\u00e1n\u00ed a pozornosti k detail\u016fm. Jednoduch\u00e9 [&hellip;]\" \/>\n<meta property=\"og:url\" content=\"https:\/\/www.oknobuild.com\/index.php\/produkt\/zlevneny-koupelnova-skrinka-s-zulovou-kryci-deskou-sat-feel-80x30x46-cm-medovy-dub-mat-satfeel80dmz-64773\/\" \/>\n<meta property=\"og:image\" content=\"https:\/\/www.oknobuild.com\/wp-content\/uploads\/2026\/SK0022881-CZ20260425-092632-0-1777080397-koupelnova-skrinka-s-zulovou-kryci-deskou-sat-feel-80x30x46.webp\" \/>\n\t<meta property=\"og:image:width\" content=\"600\" \/>\n\t<meta property=\"og:image:height\" content=\"600\" \/>\n\t<meta property=\"og:image:type\" content=\"image\/webp\" \/>\n<meta name=\"twitter:card\" content=\"summary_large_image\" \/>\n<meta name=\"twitter:label1\" content=\"Odhadovan\u00e1 doba \u010dten\u00ed\" \/>\n\t<meta name=\"twitter:data1\" content=\"2 minuty\" \/>\n<script type=\"application\/ld+json\" class=\"yoast-schema-graph\">{\"@context\":\"https:\/\/schema.org\",\"@graph\":[{\"@type\":\"WebPage\",\"@id\":\"https:\/\/www.oknobuild.com\/index.php\/produkt\/zlevneny-koupelnova-skrinka-s-zulovou-kryci-deskou-sat-feel-80x30x46-cm-medovy-dub-mat-satfeel80dmz-64773\/\",\"url\":\"https:\/\/www.oknobuild.com\/index.php\/produkt\/zlevneny-koupelnova-skrinka-s-zulovou-kryci-deskou-sat-feel-80x30x46-cm-medovy-dub-mat-satfeel80dmz-64773\/\",\"name\":\"Zlevn\u011bn\u00fd Koupelnov\u00e1 sk\u0159\u00ed\u0148ka s \u017eulovou kryc\u00ed deskou SAT Feel 80x30x46 cm medov\u00fd dub mat SATFEEL80DMZ -\",\"isPartOf\":{\"@id\":\"https:\/\/www.oknobuild.com\/#website\"},\"primaryImageOfPage\":{\"@id\":\"https:\/\/www.oknobuild.com\/index.php\/produkt\/zlevneny-koupelnova-skrinka-s-zulovou-kryci-deskou-sat-feel-80x30x46-cm-medovy-dub-mat-satfeel80dmz-64773\/#primaryimage\"},\"image\":{\"@id\":\"https:\/\/www.oknobuild.com\/index.php\/produkt\/zlevneny-koupelnova-skrinka-s-zulovou-kryci-deskou-sat-feel-80x30x46-cm-medovy-dub-mat-satfeel80dmz-64773\/#primaryimage\"},\"thumbnailUrl\":\"https:\/\/www.oknobuild.com\/wp-content\/uploads\/2026\/SK0022881-CZ20260425-092632-0-1777080397-koupelnova-skrinka-s-zulovou-kryci-deskou-sat-feel-80x30x46.webp\",\"datePublished\":\"2026-04-27T04:43:29+00:00\",\"breadcrumb\":{\"@id\":\"https:\/\/www.oknobuild.com\/index.php\/produkt\/zlevneny-koupelnova-skrinka-s-zulovou-kryci-deskou-sat-feel-80x30x46-cm-medovy-dub-mat-satfeel80dmz-64773\/#breadcrumb\"},\"inLanguage\":\"cs\",\"potentialAction\":[{\"@type\":\"ReadAction\",\"target\":[\"https:\/\/www.oknobuild.com\/index.php\/produkt\/zlevneny-koupelnova-skrinka-s-zulovou-kryci-deskou-sat-feel-80x30x46-cm-medovy-dub-mat-satfeel80dmz-64773\/\"]}]},{\"@type\":\"ImageObject\",\"inLanguage\":\"cs\",\"@id\":\"https:\/\/www.oknobuild.com\/index.php\/produkt\/zlevneny-koupelnova-skrinka-s-zulovou-kryci-deskou-sat-feel-80x30x46-cm-medovy-dub-mat-satfeel80dmz-64773\/#primaryimage\",\"url\":\"https:\/\/www.oknobuild.com\/wp-content\/uploads\/2026\/SK0022881-CZ20260425-092632-0-1777080397-koupelnova-skrinka-s-zulovou-kryci-deskou-sat-feel-80x30x46.webp\",\"contentUrl\":\"https:\/\/www.oknobuild.com\/wp-content\/uploads\/2026\/SK0022881-CZ20260425-092632-0-1777080397-koupelnova-skrinka-s-zulovou-kryci-deskou-sat-feel-80x30x46.webp\",\"width\":600,\"height\":600},{\"@type\":\"BreadcrumbList\",\"@id\":\"https:\/\/www.oknobuild.com\/index.php\/produkt\/zlevneny-koupelnova-skrinka-s-zulovou-kryci-deskou-sat-feel-80x30x46-cm-medovy-dub-mat-satfeel80dmz-64773\/#breadcrumb\",\"itemListElement\":[{\"@type\":\"ListItem\",\"position\":1,\"name\":\"Home\",\"item\":\"https:\/\/www.oknobuild.com\/\"},{\"@type\":\"ListItem\",\"position\":2,\"name\":\"Products\",\"item\":\"https:\/\/www.oknobuild.com\/index.php\/products\/\"},{\"@type\":\"ListItem\",\"position\":3,\"name\":\"Zlevn\u011bn\u00fd Koupelnov\u00e1 sk\u0159\u00ed\u0148ka s \u017eulovou kryc\u00ed deskou SAT Feel 80x30x46 cm medov\u00fd dub mat SATFEEL80DMZ\"}]},{\"@type\":\"WebSite\",\"@id\":\"https:\/\/www.oknobuild.com\/#website\",\"url\":\"https:\/\/www.oknobuild.com\/\",\"name\":\"\",\"description\":\"\",\"potentialAction\":[{\"@type\":\"SearchAction\",\"target\":{\"@type\":\"EntryPoint\",\"urlTemplate\":\"https:\/\/www.oknobuild.com\/?s={search_term_string}\"},\"query-input\":{\"@type\":\"PropertyValueSpecification\",\"valueRequired\":true,\"valueName\":\"search_term_string\"}}],\"inLanguage\":\"cs\"}]}<\/script>\n<!-- \/ Yoast SEO plugin. -->","yoast_head_json":{"title":"Zlevn\u011bn\u00fd Koupelnov\u00e1 sk\u0159\u00ed\u0148ka s \u017eulovou kryc\u00ed deskou SAT Feel 80x30x46 cm medov\u00fd dub mat SATFEEL80DMZ -","robots":{"index":"index","follow":"follow","max-snippet":"max-snippet:-1","max-image-preview":"max-image-preview:large","max-video-preview":"max-video-preview:-1"},"canonical":"https:\/\/www.oknobuild.com\/index.php\/produkt\/zlevneny-koupelnova-skrinka-s-zulovou-kryci-deskou-sat-feel-80x30x46-cm-medovy-dub-mat-satfeel80dmz-64773\/","og_locale":"cs_CZ","og_type":"article","og_title":"Zlevn\u011bn\u00fd Koupelnov\u00e1 sk\u0159\u00ed\u0148ka s \u017eulovou kryc\u00ed deskou SAT Feel 80x30x46 cm medov\u00fd dub mat SATFEEL80DMZ -","og_description":"Popis produktu Koupelnov\u00e1 sk\u0159\u00ed\u0148ka s \u017eulovou kryc\u00ed deskou SAT Feel 80x30x46 cm medov\u00fd dub mat SATFEEL80DMZ Koupelnov\u00fd n\u00e1bytek ze s\u00e9rie SAT Feel&nbsp;v\u00e1s zavede do sv\u011bta elegance a jednoduchosti.&nbsp;Jedn\u00e1 se o mistrovsk\u00fd kousek designu, kter\u00fd okouzl\u00ed svou \u010distotou a minimalistick\u00fdm stylem. Ka\u017ed\u00e1 plocha koupelnov\u00e9ho n\u00e1bytku SAT Feel je d\u016fkazem&nbsp;precizn\u00edho \u0159emesln\u00e9ho zpracov\u00e1n\u00ed a pozornosti k detail\u016fm. Jednoduch\u00e9 [&hellip;]","og_url":"https:\/\/www.oknobuild.com\/index.php\/produkt\/zlevneny-koupelnova-skrinka-s-zulovou-kryci-deskou-sat-feel-80x30x46-cm-medovy-dub-mat-satfeel80dmz-64773\/","og_image":[{"width":600,"height":600,"url":"https:\/\/www.oknobuild.com\/wp-content\/uploads\/2026\/SK0022881-CZ20260425-092632-0-1777080397-koupelnova-skrinka-s-zulovou-kryci-deskou-sat-feel-80x30x46.webp","type":"image\/webp"}],"twitter_card":"summary_large_image","twitter_misc":{"Odhadovan\u00e1 doba \u010dten\u00ed":"2 minuty"},"schema":{"@context":"https:\/\/schema.org","@graph":[{"@type":"WebPage","@id":"https:\/\/www.oknobuild.com\/index.php\/produkt\/zlevneny-koupelnova-skrinka-s-zulovou-kryci-deskou-sat-feel-80x30x46-cm-medovy-dub-mat-satfeel80dmz-64773\/","url":"https:\/\/www.oknobuild.com\/index.php\/produkt\/zlevneny-koupelnova-skrinka-s-zulovou-kryci-deskou-sat-feel-80x30x46-cm-medovy-dub-mat-satfeel80dmz-64773\/","name":"Zlevn\u011bn\u00fd Koupelnov\u00e1 sk\u0159\u00ed\u0148ka s \u017eulovou kryc\u00ed deskou SAT Feel 80x30x46 cm medov\u00fd dub mat SATFEEL80DMZ -","isPartOf":{"@id":"https:\/\/www.oknobuild.com\/#website"},"primaryImageOfPage":{"@id":"https:\/\/www.oknobuild.com\/index.php\/produkt\/zlevneny-koupelnova-skrinka-s-zulovou-kryci-deskou-sat-feel-80x30x46-cm-medovy-dub-mat-satfeel80dmz-64773\/#primaryimage"},"image":{"@id":"https:\/\/www.oknobuild.com\/index.php\/produkt\/zlevneny-koupelnova-skrinka-s-zulovou-kryci-deskou-sat-feel-80x30x46-cm-medovy-dub-mat-satfeel80dmz-64773\/#primaryimage"},"thumbnailUrl":"https:\/\/www.oknobuild.com\/wp-content\/uploads\/2026\/SK0022881-CZ20260425-092632-0-1777080397-koupelnova-skrinka-s-zulovou-kryci-deskou-sat-feel-80x30x46.webp","datePublished":"2026-04-27T04:43:29+00:00","breadcrumb":{"@id":"https:\/\/www.oknobuild.com\/index.php\/produkt\/zlevneny-koupelnova-skrinka-s-zulovou-kryci-deskou-sat-feel-80x30x46-cm-medovy-dub-mat-satfeel80dmz-64773\/#breadcrumb"},"inLanguage":"cs","potentialAction":[{"@type":"ReadAction","target":["https:\/\/www.oknobuild.com\/index.php\/produkt\/zlevneny-koupelnova-skrinka-s-zulovou-kryci-deskou-sat-feel-80x30x46-cm-medovy-dub-mat-satfeel80dmz-64773\/"]}]},{"@type":"ImageObject","inLanguage":"cs","@id":"https:\/\/www.oknobuild.com\/index.php\/produkt\/zlevneny-koupelnova-skrinka-s-zulovou-kryci-deskou-sat-feel-80x30x46-cm-medovy-dub-mat-satfeel80dmz-64773\/#primaryimage","url":"https:\/\/www.oknobuild.com\/wp-content\/uploads\/2026\/SK0022881-CZ20260425-092632-0-1777080397-koupelnova-skrinka-s-zulovou-kryci-deskou-sat-feel-80x30x46.webp","contentUrl":"https:\/\/www.oknobuild.com\/wp-content\/uploads\/2026\/SK0022881-CZ20260425-092632-0-1777080397-koupelnova-skrinka-s-zulovou-kryci-deskou-sat-feel-80x30x46.webp","width":600,"height":600},{"@type":"BreadcrumbList","@id":"https:\/\/www.oknobuild.com\/index.php\/produkt\/zlevneny-koupelnova-skrinka-s-zulovou-kryci-deskou-sat-feel-80x30x46-cm-medovy-dub-mat-satfeel80dmz-64773\/#breadcrumb","itemListElement":[{"@type":"ListItem","position":1,"name":"Home","item":"https:\/\/www.oknobuild.com\/"},{"@type":"ListItem","position":2,"name":"Products","item":"https:\/\/www.oknobuild.com\/index.php\/products\/"},{"@type":"ListItem","position":3,"name":"Zlevn\u011bn\u00fd Koupelnov\u00e1 sk\u0159\u00ed\u0148ka s \u017eulovou kryc\u00ed deskou SAT Feel 80x30x46 cm medov\u00fd dub mat SATFEEL80DMZ"}]},{"@type":"WebSite","@id":"https:\/\/www.oknobuild.com\/#website","url":"https:\/\/www.oknobuild.com\/","name":"","description":"","potentialAction":[{"@type":"SearchAction","target":{"@type":"EntryPoint","urlTemplate":"https:\/\/www.oknobuild.com\/?s={search_term_string}"},"query-input":{"@type":"PropertyValueSpecification","valueRequired":true,"valueName":"search_term_string"}}],"inLanguage":"cs"}]}},"_links":{"self":[{"href":"https:\/\/www.oknobuild.com\/index.php\/wp-json\/wp\/v2\/product\/64773","targetHints":{"allow":["GET"]}}],"collection":[{"href":"https:\/\/www.oknobuild.com\/index.php\/wp-json\/wp\/v2\/product"}],"about":[{"href":"https:\/\/www.oknobuild.com\/index.php\/wp-json\/wp\/v2\/types\/product"}],"replies":[{"embeddable":true,"href":"https:\/\/www.oknobuild.com\/index.php\/wp-json\/wp\/v2\/comments?post=64773"}],"wp:featuredmedia":[{"embeddable":true,"href":"https:\/\/www.oknobuild.com\/index.php\/wp-json\/wp\/v2\/media\/64873"}],"wp:attachment":[{"href":"https:\/\/www.oknobuild.com\/index.php\/wp-json\/wp\/v2\/media?parent=64773"}],"wp:term":[{"taxonomy":"product_brand","embeddable":true,"href":"https:\/\/www.oknobuild.com\/index.php\/wp-json\/wp\/v2\/product_brand?post=64773"},{"taxonomy":"product_cat","embeddable":true,"href":"https:\/\/www.oknobuild.com\/index.php\/wp-json\/wp\/v2\/product_cat?post=64773"},{"taxonomy":"product_tag","embeddable":true,"href":"https:\/\/www.oknobuild.com\/index.php\/wp-json\/wp\/v2\/product_tag?post=64773"}],"curies":[{"name":"wp","href":"https:\/\/api.w.org\/{rel}","templated":true}]}}