{"id":64962,"date":"2026-04-27T04:43:30","date_gmt":"2026-04-27T04:43:30","guid":{"rendered":""},"modified":"2026-04-27T04:43:30","modified_gmt":"2026-04-27T04:43:30","slug":"znackovy-sprchova-souprava-rea-storm-s-dlouhym-vytokem-do-vany-chromova-64962","status":"publish","type":"product","link":"https:\/\/www.oknobuild.com\/index.php\/produkt\/znackovy-sprchova-souprava-rea-storm-s-dlouhym-vytokem-do-vany-chromova-64962\/","title":{"rendered":"Zna\u010dkov\u00fd Sprchov\u00e1 souprava Rea STORM s dlouh\u00fdm v\u00fdtokem do vany &#8211; chromov\u00e1"},"content":{"rendered":"<div class=\"tabs__content-outer\" id=\"tab_description\" data-hash=\"description\" data-tabindex=\"-1\">\n<div class=\"tabs__content toggle_description\" id=\"content_description\">\n<div class=\"wysiwyg-content\">\n<div class=\"product__tab product__description full-width\">\n<div class=\"container\">\n<div >\n<h3>Sprchov\u00e1 souprava Rea STORM s dlouh\u00fdm v\u00fdtokem do vany &#8211; chromov\u00e1<\/h3>\n<p>Elegantn\u00ed sprchov\u00e1 souprava STORM vynik\u00e1 sv\u00fdm modern\u00edm vzhledem, v\u00fdrobou z kvalitn\u00edch materi\u00e1l\u016f p\u0159i zachov\u00e1n\u00ed skv\u011bl\u00e9 ceny. T\u011blo vodovodn\u00ed baterie<strong>\u00a0<\/strong>je vyrobeno z\u00a0<strong>mosazi<\/strong>, s t\u011blem soupravy\u00a0<strong>z oceli\u00a0<\/strong>a plastovou ru\u010dn\u00ed a de\u0161\u0165ovou sprchou. T\u011blo soupravy je pochromovan\u00e9 \u00faprav\u011b.<\/p>\n<p>Dr\u017e\u00e1k ru\u010dn\u00ed sprchy je v\u00fd\u0161kov\u011b staviteln\u00fd a tak ji budeme m\u00edt v\u017edy pohodln\u011b p\u0159i ruce. Ovl\u00e1d\u00e1n\u00ed sprchy je velice snadn\u00e9 a intuitivn\u00ed. P\u0159ep\u00edn\u00e1n\u00ed mezi de\u0161\u0165ovou sprchou, ru\u010dn\u00ed sprchou a v\u00fdtokem do vany toti\u017e zaji\u0161\u0165uje jen jeden p\u0159ep\u00edna\u010d.<\/p>\n<p>Sprchov\u00e9 soupravy\u00a0znamenaj\u00ed finan\u010dn\u011b v\u00fdhodnou koupi, jej\u00ed\u017e sou\u010d\u00e1st\u00ed je ji\u017e kompletn\u00ed\u00a0sprcha.\u00a0Sprchov\u00e9 soupravy obsahuj\u00ed baterii,\u00a0ru\u010dn\u00ed sprchu s hadic\u00ed v\u010detn\u011b dr\u017e\u00e1ku, n\u00e1st\u011bnnou ty\u010d a pevnou sprchovou hlavici.\u00a0<\/p>\n<p>Vneste do sv\u00e9\u00a0koupelny\u00a0celistv\u00fd \u0159\u00e1d d\u00edky sjednocen\u00e9mu vzhledu\u00a0sprchov\u00e9 soupravy\u00a0od n\u00e1s.\u00a0N\u00e1kupem cel\u00e9ho setu u\u0161et\u0159\u00edte \u010das i pen\u00edze.\u00a0<\/p>\n<p><strong>Obsah<\/strong><strong>\u00a0soupravy:<\/strong><\/p>\n<ul>\n<li>Baterie s v\u00fdtokov\u00fdm ram\u00ednkem do vany\u00a0<\/li>\n<li>N\u00e1st\u011bnn\u00e1 ty\u010d\u00a0<\/li>\n<li>Sprchov\u00e1 hadice o d\u00e9lce 150 cm\u00a0<\/li>\n<li>De\u0161\u0165ov\u00e1 sprchov\u00e1 hlavice 22&#215;22 cm\u00a0<\/li>\n<li>Ru\u010dn\u00ed sprchov\u00e1 hlavice s v\u00edce funkcemi<\/li>\n<li>Dr\u017e\u00e1k\u00a0pro ru\u010dn\u00ed sprchovou hlavici\u00a0<\/li>\n<li>Mont\u00e1\u017en\u00ed n\u00e1vod\u00a0<\/li>\n<\/ul>\n<p><strong>Parametry:<\/strong>\u00a0<\/p>\n<ul>\n<li>V\u00fd\u0161ka: 140 cm\u00a0<\/li>\n<li>De\u0161\u0165ov\u00e1 hlavice: 22&#215;22 cm\u00a0<\/li>\n<li>Mont\u00e1\u017en\u00ed rozte\u010d: 15 cm\u00a0<\/li>\n<li>Materi\u00e1ly: mosaz, ocel, plast\u00a0<\/li>\n<li>Typ hlavy: keramick\u00e1\u00a0<\/li>\n<li>Povrchov\u00e1 \u00faprava: chromov\u00e1<\/li>\n<\/ul>\n<p><\/p>\n<p><b>Vlastnosti<\/b><\/p>\n<ul>\n<li><span>Materi\u00e1l:<\/span> Mosaz, ABS<\/li>\n<li><span>Barva:<\/span> Chromov\u00e1na<\/li>\n<li><span>Rozte\u010de vodovodn\u00edch p\u0159\u00edpojek:<\/span> 150<\/li>\n<li><span>V\u00fdtok do vany:<\/span> Ano, oto\u010dn\u00e1<\/li>\n<li><span>Regulace tlaku:<\/span> Regulace tlaku<\/li>\n<li><span>Max. v\u00fd\u0161ka:<\/span> 1440<\/li>\n<li><span>Syst\u00e9m Anti-Calc:<\/span> Syst\u00e9m Anti-Calc<\/li>\n<\/ul>\n<\/div><\/div>\n<\/p><\/div>\n<\/p><\/div>\n<\/p><\/div>\n","protected":false},"excerpt":{"rendered":"<p>Sprchov\u00e1 souprava Rea STORM s dlouh\u00fdm v\u00fdtokem do vany &#8211; chromov\u00e1 Elegantn\u00ed sprchov\u00e1 souprava STORM vynik\u00e1 sv\u00fdm modern\u00edm vzhledem, v\u00fdrobou z kvalitn\u00edch materi\u00e1l\u016f p\u0159i zachov\u00e1n\u00ed skv\u011bl\u00e9 ceny. T\u011blo vodovodn\u00ed baterie\u00a0je vyrobeno z\u00a0mosazi, s t\u011blem soupravy\u00a0z oceli\u00a0a plastovou ru\u010dn\u00ed a de\u0161\u0165ovou sprchou. T\u011blo soupravy je pochromovan\u00e9 \u00faprav\u011b. Dr\u017e\u00e1k ru\u010dn\u00ed sprchy je v\u00fd\u0161kov\u011b staviteln\u00fd a tak ji [&hellip;]<\/p>\n","protected":false},"featured_media":65062,"comment_status":"open","ping_status":"open","template":"","meta":[],"product_brand":[],"product_cat":[71],"product_tag":[],"class_list":{"0":"post-64962","1":"product","2":"type-product","3":"status-publish","4":"has-post-thumbnail","6":"product_cat-koupelna","8":"first","9":"instock","10":"sale","11":"shipping-taxable","12":"purchasable","13":"product-type-simple"},"yoast_head":"<!-- This site is optimized with the Yoast SEO plugin v26.8 - https:\/\/yoast.com\/product\/yoast-seo-wordpress\/ -->\n<title>Zna\u010dkov\u00fd Sprchov\u00e1 souprava Rea STORM s dlouh\u00fdm v\u00fdtokem do vany - chromov\u00e1 -<\/title>\n<meta name=\"robots\" content=\"index, follow, max-snippet:-1, max-image-preview:large, max-video-preview:-1\" \/>\n<link rel=\"canonical\" href=\"https:\/\/www.oknobuild.com\/index.php\/produkt\/znackovy-sprchova-souprava-rea-storm-s-dlouhym-vytokem-do-vany-chromova-64962\/\" \/>\n<meta property=\"og:locale\" content=\"cs_CZ\" \/>\n<meta property=\"og:type\" content=\"article\" \/>\n<meta property=\"og:title\" content=\"Zna\u010dkov\u00fd Sprchov\u00e1 souprava Rea STORM s dlouh\u00fdm v\u00fdtokem do vany - chromov\u00e1 -\" \/>\n<meta property=\"og:description\" content=\"Sprchov\u00e1 souprava Rea STORM s dlouh\u00fdm v\u00fdtokem do vany &#8211; chromov\u00e1 Elegantn\u00ed sprchov\u00e1 souprava STORM vynik\u00e1 sv\u00fdm modern\u00edm vzhledem, v\u00fdrobou z kvalitn\u00edch materi\u00e1l\u016f p\u0159i zachov\u00e1n\u00ed skv\u011bl\u00e9 ceny. T\u011blo vodovodn\u00ed baterie\u00a0je vyrobeno z\u00a0mosazi, s t\u011blem soupravy\u00a0z oceli\u00a0a plastovou ru\u010dn\u00ed a de\u0161\u0165ovou sprchou. T\u011blo soupravy je pochromovan\u00e9 \u00faprav\u011b. Dr\u017e\u00e1k ru\u010dn\u00ed sprchy je v\u00fd\u0161kov\u011b staviteln\u00fd a tak ji [&hellip;]\" \/>\n<meta property=\"og:url\" content=\"https:\/\/www.oknobuild.com\/index.php\/produkt\/znackovy-sprchova-souprava-rea-storm-s-dlouhym-vytokem-do-vany-chromova-64962\/\" \/>\n<meta property=\"og:image\" content=\"https:\/\/www.oknobuild.com\/wp-content\/uploads\/2026\/SK0018411-CZ20260425-093041-0-1777080643-33f3060be5fe6edda1aa132f17dc8e34.webp\" \/>\n\t<meta property=\"og:image:width\" content=\"800\" \/>\n\t<meta property=\"og:image:height\" content=\"800\" \/>\n\t<meta property=\"og:image:type\" content=\"image\/webp\" \/>\n<meta name=\"twitter:card\" content=\"summary_large_image\" \/>\n<meta name=\"twitter:label1\" content=\"Odhadovan\u00e1 doba \u010dten\u00ed\" \/>\n\t<meta name=\"twitter:data1\" content=\"1 minuta\" \/>\n<script type=\"application\/ld+json\" class=\"yoast-schema-graph\">{\"@context\":\"https:\/\/schema.org\",\"@graph\":[{\"@type\":\"WebPage\",\"@id\":\"https:\/\/www.oknobuild.com\/index.php\/produkt\/znackovy-sprchova-souprava-rea-storm-s-dlouhym-vytokem-do-vany-chromova-64962\/\",\"url\":\"https:\/\/www.oknobuild.com\/index.php\/produkt\/znackovy-sprchova-souprava-rea-storm-s-dlouhym-vytokem-do-vany-chromova-64962\/\",\"name\":\"Zna\u010dkov\u00fd Sprchov\u00e1 souprava Rea STORM s dlouh\u00fdm v\u00fdtokem do vany - chromov\u00e1 -\",\"isPartOf\":{\"@id\":\"https:\/\/www.oknobuild.com\/#website\"},\"primaryImageOfPage\":{\"@id\":\"https:\/\/www.oknobuild.com\/index.php\/produkt\/znackovy-sprchova-souprava-rea-storm-s-dlouhym-vytokem-do-vany-chromova-64962\/#primaryimage\"},\"image\":{\"@id\":\"https:\/\/www.oknobuild.com\/index.php\/produkt\/znackovy-sprchova-souprava-rea-storm-s-dlouhym-vytokem-do-vany-chromova-64962\/#primaryimage\"},\"thumbnailUrl\":\"https:\/\/www.oknobuild.com\/wp-content\/uploads\/2026\/SK0018411-CZ20260425-093041-0-1777080643-33f3060be5fe6edda1aa132f17dc8e34.webp\",\"datePublished\":\"2026-04-27T04:43:30+00:00\",\"breadcrumb\":{\"@id\":\"https:\/\/www.oknobuild.com\/index.php\/produkt\/znackovy-sprchova-souprava-rea-storm-s-dlouhym-vytokem-do-vany-chromova-64962\/#breadcrumb\"},\"inLanguage\":\"cs\",\"potentialAction\":[{\"@type\":\"ReadAction\",\"target\":[\"https:\/\/www.oknobuild.com\/index.php\/produkt\/znackovy-sprchova-souprava-rea-storm-s-dlouhym-vytokem-do-vany-chromova-64962\/\"]}]},{\"@type\":\"ImageObject\",\"inLanguage\":\"cs\",\"@id\":\"https:\/\/www.oknobuild.com\/index.php\/produkt\/znackovy-sprchova-souprava-rea-storm-s-dlouhym-vytokem-do-vany-chromova-64962\/#primaryimage\",\"url\":\"https:\/\/www.oknobuild.com\/wp-content\/uploads\/2026\/SK0018411-CZ20260425-093041-0-1777080643-33f3060be5fe6edda1aa132f17dc8e34.webp\",\"contentUrl\":\"https:\/\/www.oknobuild.com\/wp-content\/uploads\/2026\/SK0018411-CZ20260425-093041-0-1777080643-33f3060be5fe6edda1aa132f17dc8e34.webp\",\"width\":800,\"height\":800},{\"@type\":\"BreadcrumbList\",\"@id\":\"https:\/\/www.oknobuild.com\/index.php\/produkt\/znackovy-sprchova-souprava-rea-storm-s-dlouhym-vytokem-do-vany-chromova-64962\/#breadcrumb\",\"itemListElement\":[{\"@type\":\"ListItem\",\"position\":1,\"name\":\"Home\",\"item\":\"https:\/\/www.oknobuild.com\/\"},{\"@type\":\"ListItem\",\"position\":2,\"name\":\"Products\",\"item\":\"https:\/\/www.oknobuild.com\/index.php\/products\/\"},{\"@type\":\"ListItem\",\"position\":3,\"name\":\"Zna\u010dkov\u00fd Sprchov\u00e1 souprava Rea STORM s dlouh\u00fdm v\u00fdtokem do vany &#8211; chromov\u00e1\"}]},{\"@type\":\"WebSite\",\"@id\":\"https:\/\/www.oknobuild.com\/#website\",\"url\":\"https:\/\/www.oknobuild.com\/\",\"name\":\"\",\"description\":\"\",\"potentialAction\":[{\"@type\":\"SearchAction\",\"target\":{\"@type\":\"EntryPoint\",\"urlTemplate\":\"https:\/\/www.oknobuild.com\/?s={search_term_string}\"},\"query-input\":{\"@type\":\"PropertyValueSpecification\",\"valueRequired\":true,\"valueName\":\"search_term_string\"}}],\"inLanguage\":\"cs\"}]}<\/script>\n<!-- \/ Yoast SEO plugin. -->","yoast_head_json":{"title":"Zna\u010dkov\u00fd Sprchov\u00e1 souprava Rea STORM s dlouh\u00fdm v\u00fdtokem do vany - chromov\u00e1 -","robots":{"index":"index","follow":"follow","max-snippet":"max-snippet:-1","max-image-preview":"max-image-preview:large","max-video-preview":"max-video-preview:-1"},"canonical":"https:\/\/www.oknobuild.com\/index.php\/produkt\/znackovy-sprchova-souprava-rea-storm-s-dlouhym-vytokem-do-vany-chromova-64962\/","og_locale":"cs_CZ","og_type":"article","og_title":"Zna\u010dkov\u00fd Sprchov\u00e1 souprava Rea STORM s dlouh\u00fdm v\u00fdtokem do vany - chromov\u00e1 -","og_description":"Sprchov\u00e1 souprava Rea STORM s dlouh\u00fdm v\u00fdtokem do vany &#8211; chromov\u00e1 Elegantn\u00ed sprchov\u00e1 souprava STORM vynik\u00e1 sv\u00fdm modern\u00edm vzhledem, v\u00fdrobou z kvalitn\u00edch materi\u00e1l\u016f p\u0159i zachov\u00e1n\u00ed skv\u011bl\u00e9 ceny. T\u011blo vodovodn\u00ed baterie\u00a0je vyrobeno z\u00a0mosazi, s t\u011blem soupravy\u00a0z oceli\u00a0a plastovou ru\u010dn\u00ed a de\u0161\u0165ovou sprchou. T\u011blo soupravy je pochromovan\u00e9 \u00faprav\u011b. Dr\u017e\u00e1k ru\u010dn\u00ed sprchy je v\u00fd\u0161kov\u011b staviteln\u00fd a tak ji [&hellip;]","og_url":"https:\/\/www.oknobuild.com\/index.php\/produkt\/znackovy-sprchova-souprava-rea-storm-s-dlouhym-vytokem-do-vany-chromova-64962\/","og_image":[{"width":800,"height":800,"url":"https:\/\/www.oknobuild.com\/wp-content\/uploads\/2026\/SK0018411-CZ20260425-093041-0-1777080643-33f3060be5fe6edda1aa132f17dc8e34.webp","type":"image\/webp"}],"twitter_card":"summary_large_image","twitter_misc":{"Odhadovan\u00e1 doba \u010dten\u00ed":"1 minuta"},"schema":{"@context":"https:\/\/schema.org","@graph":[{"@type":"WebPage","@id":"https:\/\/www.oknobuild.com\/index.php\/produkt\/znackovy-sprchova-souprava-rea-storm-s-dlouhym-vytokem-do-vany-chromova-64962\/","url":"https:\/\/www.oknobuild.com\/index.php\/produkt\/znackovy-sprchova-souprava-rea-storm-s-dlouhym-vytokem-do-vany-chromova-64962\/","name":"Zna\u010dkov\u00fd Sprchov\u00e1 souprava Rea STORM s dlouh\u00fdm v\u00fdtokem do vany - chromov\u00e1 -","isPartOf":{"@id":"https:\/\/www.oknobuild.com\/#website"},"primaryImageOfPage":{"@id":"https:\/\/www.oknobuild.com\/index.php\/produkt\/znackovy-sprchova-souprava-rea-storm-s-dlouhym-vytokem-do-vany-chromova-64962\/#primaryimage"},"image":{"@id":"https:\/\/www.oknobuild.com\/index.php\/produkt\/znackovy-sprchova-souprava-rea-storm-s-dlouhym-vytokem-do-vany-chromova-64962\/#primaryimage"},"thumbnailUrl":"https:\/\/www.oknobuild.com\/wp-content\/uploads\/2026\/SK0018411-CZ20260425-093041-0-1777080643-33f3060be5fe6edda1aa132f17dc8e34.webp","datePublished":"2026-04-27T04:43:30+00:00","breadcrumb":{"@id":"https:\/\/www.oknobuild.com\/index.php\/produkt\/znackovy-sprchova-souprava-rea-storm-s-dlouhym-vytokem-do-vany-chromova-64962\/#breadcrumb"},"inLanguage":"cs","potentialAction":[{"@type":"ReadAction","target":["https:\/\/www.oknobuild.com\/index.php\/produkt\/znackovy-sprchova-souprava-rea-storm-s-dlouhym-vytokem-do-vany-chromova-64962\/"]}]},{"@type":"ImageObject","inLanguage":"cs","@id":"https:\/\/www.oknobuild.com\/index.php\/produkt\/znackovy-sprchova-souprava-rea-storm-s-dlouhym-vytokem-do-vany-chromova-64962\/#primaryimage","url":"https:\/\/www.oknobuild.com\/wp-content\/uploads\/2026\/SK0018411-CZ20260425-093041-0-1777080643-33f3060be5fe6edda1aa132f17dc8e34.webp","contentUrl":"https:\/\/www.oknobuild.com\/wp-content\/uploads\/2026\/SK0018411-CZ20260425-093041-0-1777080643-33f3060be5fe6edda1aa132f17dc8e34.webp","width":800,"height":800},{"@type":"BreadcrumbList","@id":"https:\/\/www.oknobuild.com\/index.php\/produkt\/znackovy-sprchova-souprava-rea-storm-s-dlouhym-vytokem-do-vany-chromova-64962\/#breadcrumb","itemListElement":[{"@type":"ListItem","position":1,"name":"Home","item":"https:\/\/www.oknobuild.com\/"},{"@type":"ListItem","position":2,"name":"Products","item":"https:\/\/www.oknobuild.com\/index.php\/products\/"},{"@type":"ListItem","position":3,"name":"Zna\u010dkov\u00fd Sprchov\u00e1 souprava Rea STORM s dlouh\u00fdm v\u00fdtokem do vany &#8211; chromov\u00e1"}]},{"@type":"WebSite","@id":"https:\/\/www.oknobuild.com\/#website","url":"https:\/\/www.oknobuild.com\/","name":"","description":"","potentialAction":[{"@type":"SearchAction","target":{"@type":"EntryPoint","urlTemplate":"https:\/\/www.oknobuild.com\/?s={search_term_string}"},"query-input":{"@type":"PropertyValueSpecification","valueRequired":true,"valueName":"search_term_string"}}],"inLanguage":"cs"}]}},"_links":{"self":[{"href":"https:\/\/www.oknobuild.com\/index.php\/wp-json\/wp\/v2\/product\/64962","targetHints":{"allow":["GET"]}}],"collection":[{"href":"https:\/\/www.oknobuild.com\/index.php\/wp-json\/wp\/v2\/product"}],"about":[{"href":"https:\/\/www.oknobuild.com\/index.php\/wp-json\/wp\/v2\/types\/product"}],"replies":[{"embeddable":true,"href":"https:\/\/www.oknobuild.com\/index.php\/wp-json\/wp\/v2\/comments?post=64962"}],"wp:featuredmedia":[{"embeddable":true,"href":"https:\/\/www.oknobuild.com\/index.php\/wp-json\/wp\/v2\/media\/65062"}],"wp:attachment":[{"href":"https:\/\/www.oknobuild.com\/index.php\/wp-json\/wp\/v2\/media?parent=64962"}],"wp:term":[{"taxonomy":"product_brand","embeddable":true,"href":"https:\/\/www.oknobuild.com\/index.php\/wp-json\/wp\/v2\/product_brand?post=64962"},{"taxonomy":"product_cat","embeddable":true,"href":"https:\/\/www.oknobuild.com\/index.php\/wp-json\/wp\/v2\/product_cat?post=64962"},{"taxonomy":"product_tag","embeddable":true,"href":"https:\/\/www.oknobuild.com\/index.php\/wp-json\/wp\/v2\/product_tag?post=64962"}],"curies":[{"name":"wp","href":"https:\/\/api.w.org\/{rel}","templated":true}]}}