{"id":65911,"date":"2026-04-27T04:43:33","date_gmt":"2026-04-27T04:43:33","guid":{"rendered":""},"modified":"2026-04-27T04:43:33","modified_gmt":"2026-04-27T04:43:33","slug":"zlevneny-sapho-murano-black-gold-sklenene-umyvadlo-na-desku-prumer-40cm-cerna-zlata-al5318-77-65911","status":"publish","type":"product","link":"https:\/\/www.oknobuild.com\/index.php\/produkt\/zlevneny-sapho-murano-black-gold-sklenene-umyvadlo-na-desku-prumer-40cm-cerna-zlata-al5318-77-65911\/","title":{"rendered":"Zlevn\u011bn\u00fd Sapho MURANO BLACK-GOLD sklen\u011bn\u00e9 umyvadlo na desku, pr\u016fm\u011br 40cm, \u010dern\u00e1\/zlat\u00e1 AL5318-77"},"content":{"rendered":"<div class=\"tabs__content-outer\" id=\"tab_description\" data-hash=\"description\" data-tabindex=\"-1\">\n<div class=\"tabs__content toggle_description\" id=\"content_description\">\n<div class=\"wysiwyg-content\">\n<div class=\"product__tab product__description full-width\">\n<div class=\"container\">\n<div >\n<h3>Sapho MURANO BLACK-GOLD sklen\u011bn\u00e9 umyvadlo na desku, pr\u016fm\u011br 40cm, \u010dern\u00e1\/zlat\u00e1 AL5318-77<\/h3>\n<div>\n<ul>\n<li>Vyrobeno a dekorov\u00e1no v\u00fdhradn\u011b ru\u010dn\u011b, p\u0159\u00edpadn\u00e9 rozd\u00edly v t\u00f3nu jsou vlastnost\u00ed produktu. <\/li>\n<li>P\u0159i instalaci nepou\u017e\u00edvejte silikon a podobn\u00e9 materi\u00e1ly, aby nedo\u0161lo k po\u0161kozen\u00ed dekoru.<\/li>\n<\/ul>\n<p>Tip: Doporu\u010dujeme pou\u017e\u00edt podlo\u017eku mezi umyvadlo a desku, kter\u00e1 umo\u017e\u0148uje snaz\u0161\u00ed upevn\u011bn\u00ed a ut\u011bsn\u011bn\u00ed umyvadel na desku, kde umyvadla ve spodn\u00ed \u010d\u00e1sti nemaj\u00ed rovnou plochu. V horn\u00ed i spodn\u00ed \u010d\u00e1sti podlo\u017eky je pr\u016fhledn\u00e9 t\u011bsn\u011bn\u00ed. Podlo\u017ekou pak proch\u00e1z\u00ed v\u00fdpust. Pro umyvadla bez p\u0159epadu doporu\u010dujeme uzav\u00edratelnou nebo neuzav\u00edratelnou v\u00fdpust s del\u0161\u00edm \u0161rouben\u00edm, s mo\u017enost\u00ed zkr\u00e1cen\u00ed podle tlou\u0161\u0165ky desky.<\/p>\n<p>Tip2: Kr\u00e1sa umyvadla je\u0161t\u011b v\u00edce vynikne p\u0159i pou\u017eit\u00ed podlo\u017eky s LED osv\u011btlen\u00edm WP94051LED. N\u00e1hled umyvadla s podlo\u017ekou viz fotogalerie.<\/p>\n<\/div>\n<p style=\"text-align: justify;\">Sklo je synonymem kreativity a p\u0159edstavuje inspiraci a zru\u010dnost \u0159emesln\u00e9ho zpracov\u00e1n\u00ed. Sklen\u011bn\u00e1 umyvadla s\u00e9rie MURANO z d\u00edlny italsk\u00fdch skl\u00e1\u0159\u016f s mnohaletou histori\u00ed jsou toho d\u016fkazem. Ka\u017ed\u00e9 umyvadlo je v\u00fdsledkem precizn\u00edho \u0159emesln\u00e9ho zpracov\u00e1n\u00ed od prvopo\u010d\u00e1tku a\u017e po zdoben\u00ed a t\u00edm m\u00e1 punc jedine\u010dnosti.&nbsp;<br \/>D\u00edky flexibilit\u011b v\u00fdrobn\u00edch proces\u016f, v\u00e1\u0161ni a zku\u0161enostem skl\u00e1\u0159sk\u00fdch mistr\u016f tak m\u00e1te mo\u017enost obohatit svou koupelnu o jedine\u010dn\u00fd prvek. Sklen\u011bn\u00e9 umyvadlo v&nbsp;barevn\u00fdch proveden\u00edch se sofistikovan\u00fdm povrchem a tvary vytvo\u0159\u00ed z&nbsp;koupelny emocion\u00e1ln\u011b pozitivn\u00ed prostor.<\/p>\n<p style=\"text-align: justify;\">\u00dadr\u017eba:<br \/>Om\u00fdt vodou a jemn\u00fdm, m\u00e1lo koncentrovan\u00fdm, \u010distic\u00edm prost\u0159edkem. Nepou\u017e\u00edvejte agresivn\u00ed prost\u0159edky a houbi\u010dky s drsn\u00fdm povrchem. Osu\u0161te m\u011bkk\u00fdm had\u0159\u00edkem.<br \/>P\u0159i mont\u00e1\u017ei nepou\u017e\u00edvejte acet\u00e1tov\u00fd silikon.<\/p>\n<p><\/p>\n<p><b>Vlastnosti<\/b><\/p>\n<ul>\n<li><span>Materi\u00e1l:<\/span> Sklo<\/li>\n<li><span>Barva:<\/span> Zlat\u00e1<\/li>\n<li><span>Instalace:<\/span> K postaven\u00ed<\/li>\n<li><span>P\u0159epad:<\/span> Ne<\/li>\n<li><span>Tvar:<\/span> Kruh<\/li>\n<li><span>Otvor pro baterii:<\/span> Bez otvoru<\/li>\n<li><span>Rozm\u011br:<\/span> 40&#215;14 cm<\/li>\n<li><span>\u0160\u00ed\u0159ka:<\/span> 400 mm<\/li>\n<li><span>V\u00fd\u0161ka:<\/span> 140 mm<\/li>\n<li><span>Pr\u016fm\u011br:<\/span> 400 mm<\/li>\n<li><span>Hloubka:<\/span> 400 mm<\/li>\n<li><span>Typ umyvadla:<\/span> Umyvadlo na desku<\/li>\n<\/ul>\n<\/div><\/div>\n<\/p><\/div>\n<\/p><\/div>\n<\/p><\/div>\n","protected":false},"excerpt":{"rendered":"<p>Sapho MURANO BLACK-GOLD sklen\u011bn\u00e9 umyvadlo na desku, pr\u016fm\u011br 40cm, \u010dern\u00e1\/zlat\u00e1 AL5318-77 Vyrobeno a dekorov\u00e1no v\u00fdhradn\u011b ru\u010dn\u011b, p\u0159\u00edpadn\u00e9 rozd\u00edly v t\u00f3nu jsou vlastnost\u00ed produktu. P\u0159i instalaci nepou\u017e\u00edvejte silikon a podobn\u00e9 materi\u00e1ly, aby nedo\u0161lo k po\u0161kozen\u00ed dekoru. Tip: Doporu\u010dujeme pou\u017e\u00edt podlo\u017eku mezi umyvadlo a desku, kter\u00e1 umo\u017e\u0148uje snaz\u0161\u00ed upevn\u011bn\u00ed a ut\u011bsn\u011bn\u00ed umyvadel na desku, kde umyvadla ve [&hellip;]<\/p>\n","protected":false},"featured_media":66011,"comment_status":"open","ping_status":"open","template":"","meta":[],"product_brand":[],"product_cat":[71],"product_tag":[],"class_list":{"0":"post-65911","1":"product","2":"type-product","3":"status-publish","4":"has-post-thumbnail","6":"product_cat-koupelna","8":"first","9":"instock","10":"sale","11":"shipping-taxable","12":"purchasable","13":"product-type-simple"},"yoast_head":"<!-- This site is optimized with the Yoast SEO plugin v26.8 - https:\/\/yoast.com\/product\/yoast-seo-wordpress\/ -->\n<title>Zlevn\u011bn\u00fd Sapho MURANO BLACK-GOLD sklen\u011bn\u00e9 umyvadlo na desku, pr\u016fm\u011br 40cm, \u010dern\u00e1\/zlat\u00e1 AL5318-77 -<\/title>\n<meta name=\"robots\" content=\"index, follow, max-snippet:-1, max-image-preview:large, max-video-preview:-1\" \/>\n<link rel=\"canonical\" href=\"https:\/\/www.oknobuild.com\/index.php\/produkt\/zlevneny-sapho-murano-black-gold-sklenene-umyvadlo-na-desku-prumer-40cm-cerna-zlata-al5318-77-65911\/\" \/>\n<meta property=\"og:locale\" content=\"cs_CZ\" \/>\n<meta property=\"og:type\" content=\"article\" \/>\n<meta property=\"og:title\" content=\"Zlevn\u011bn\u00fd Sapho MURANO BLACK-GOLD sklen\u011bn\u00e9 umyvadlo na desku, pr\u016fm\u011br 40cm, \u010dern\u00e1\/zlat\u00e1 AL5318-77 -\" \/>\n<meta property=\"og:description\" content=\"Sapho MURANO BLACK-GOLD sklen\u011bn\u00e9 umyvadlo na desku, pr\u016fm\u011br 40cm, \u010dern\u00e1\/zlat\u00e1 AL5318-77 Vyrobeno a dekorov\u00e1no v\u00fdhradn\u011b ru\u010dn\u011b, p\u0159\u00edpadn\u00e9 rozd\u00edly v t\u00f3nu jsou vlastnost\u00ed produktu. P\u0159i instalaci nepou\u017e\u00edvejte silikon a podobn\u00e9 materi\u00e1ly, aby nedo\u0161lo k po\u0161kozen\u00ed dekoru. Tip: Doporu\u010dujeme pou\u017e\u00edt podlo\u017eku mezi umyvadlo a desku, kter\u00e1 umo\u017e\u0148uje snaz\u0161\u00ed upevn\u011bn\u00ed a ut\u011bsn\u011bn\u00ed umyvadel na desku, kde umyvadla ve [&hellip;]\" \/>\n<meta property=\"og:url\" content=\"https:\/\/www.oknobuild.com\/index.php\/produkt\/zlevneny-sapho-murano-black-gold-sklenene-umyvadlo-na-desku-prumer-40cm-cerna-zlata-al5318-77-65911\/\" \/>\n<meta property=\"og:image\" content=\"https:\/\/www.oknobuild.com\/wp-content\/uploads\/2026\/SK0018889-CZ20260425-093041-0-1777080643-297e4d4a32a00a2051b5a93c7129df0f.webp\" \/>\n\t<meta property=\"og:image:width\" content=\"1000\" \/>\n\t<meta property=\"og:image:height\" content=\"705\" \/>\n\t<meta property=\"og:image:type\" content=\"image\/webp\" \/>\n<meta name=\"twitter:card\" content=\"summary_large_image\" \/>\n<meta name=\"twitter:label1\" content=\"Odhadovan\u00e1 doba \u010dten\u00ed\" \/>\n\t<meta name=\"twitter:data1\" content=\"2 minuty\" \/>\n<script type=\"application\/ld+json\" class=\"yoast-schema-graph\">{\"@context\":\"https:\/\/schema.org\",\"@graph\":[{\"@type\":\"WebPage\",\"@id\":\"https:\/\/www.oknobuild.com\/index.php\/produkt\/zlevneny-sapho-murano-black-gold-sklenene-umyvadlo-na-desku-prumer-40cm-cerna-zlata-al5318-77-65911\/\",\"url\":\"https:\/\/www.oknobuild.com\/index.php\/produkt\/zlevneny-sapho-murano-black-gold-sklenene-umyvadlo-na-desku-prumer-40cm-cerna-zlata-al5318-77-65911\/\",\"name\":\"Zlevn\u011bn\u00fd Sapho MURANO BLACK-GOLD sklen\u011bn\u00e9 umyvadlo na desku, pr\u016fm\u011br 40cm, \u010dern\u00e1\/zlat\u00e1 AL5318-77 -\",\"isPartOf\":{\"@id\":\"https:\/\/www.oknobuild.com\/#website\"},\"primaryImageOfPage\":{\"@id\":\"https:\/\/www.oknobuild.com\/index.php\/produkt\/zlevneny-sapho-murano-black-gold-sklenene-umyvadlo-na-desku-prumer-40cm-cerna-zlata-al5318-77-65911\/#primaryimage\"},\"image\":{\"@id\":\"https:\/\/www.oknobuild.com\/index.php\/produkt\/zlevneny-sapho-murano-black-gold-sklenene-umyvadlo-na-desku-prumer-40cm-cerna-zlata-al5318-77-65911\/#primaryimage\"},\"thumbnailUrl\":\"https:\/\/www.oknobuild.com\/wp-content\/uploads\/2026\/SK0018889-CZ20260425-093041-0-1777080643-297e4d4a32a00a2051b5a93c7129df0f.webp\",\"datePublished\":\"2026-04-27T04:43:33+00:00\",\"breadcrumb\":{\"@id\":\"https:\/\/www.oknobuild.com\/index.php\/produkt\/zlevneny-sapho-murano-black-gold-sklenene-umyvadlo-na-desku-prumer-40cm-cerna-zlata-al5318-77-65911\/#breadcrumb\"},\"inLanguage\":\"cs\",\"potentialAction\":[{\"@type\":\"ReadAction\",\"target\":[\"https:\/\/www.oknobuild.com\/index.php\/produkt\/zlevneny-sapho-murano-black-gold-sklenene-umyvadlo-na-desku-prumer-40cm-cerna-zlata-al5318-77-65911\/\"]}]},{\"@type\":\"ImageObject\",\"inLanguage\":\"cs\",\"@id\":\"https:\/\/www.oknobuild.com\/index.php\/produkt\/zlevneny-sapho-murano-black-gold-sklenene-umyvadlo-na-desku-prumer-40cm-cerna-zlata-al5318-77-65911\/#primaryimage\",\"url\":\"https:\/\/www.oknobuild.com\/wp-content\/uploads\/2026\/SK0018889-CZ20260425-093041-0-1777080643-297e4d4a32a00a2051b5a93c7129df0f.webp\",\"contentUrl\":\"https:\/\/www.oknobuild.com\/wp-content\/uploads\/2026\/SK0018889-CZ20260425-093041-0-1777080643-297e4d4a32a00a2051b5a93c7129df0f.webp\",\"width\":1000,\"height\":705},{\"@type\":\"BreadcrumbList\",\"@id\":\"https:\/\/www.oknobuild.com\/index.php\/produkt\/zlevneny-sapho-murano-black-gold-sklenene-umyvadlo-na-desku-prumer-40cm-cerna-zlata-al5318-77-65911\/#breadcrumb\",\"itemListElement\":[{\"@type\":\"ListItem\",\"position\":1,\"name\":\"Home\",\"item\":\"https:\/\/www.oknobuild.com\/\"},{\"@type\":\"ListItem\",\"position\":2,\"name\":\"Products\",\"item\":\"https:\/\/www.oknobuild.com\/index.php\/products\/\"},{\"@type\":\"ListItem\",\"position\":3,\"name\":\"Zlevn\u011bn\u00fd Sapho MURANO BLACK-GOLD sklen\u011bn\u00e9 umyvadlo na desku, pr\u016fm\u011br 40cm, \u010dern\u00e1\/zlat\u00e1 AL5318-77\"}]},{\"@type\":\"WebSite\",\"@id\":\"https:\/\/www.oknobuild.com\/#website\",\"url\":\"https:\/\/www.oknobuild.com\/\",\"name\":\"\",\"description\":\"\",\"potentialAction\":[{\"@type\":\"SearchAction\",\"target\":{\"@type\":\"EntryPoint\",\"urlTemplate\":\"https:\/\/www.oknobuild.com\/?s={search_term_string}\"},\"query-input\":{\"@type\":\"PropertyValueSpecification\",\"valueRequired\":true,\"valueName\":\"search_term_string\"}}],\"inLanguage\":\"cs\"}]}<\/script>\n<!-- \/ Yoast SEO plugin. -->","yoast_head_json":{"title":"Zlevn\u011bn\u00fd Sapho MURANO BLACK-GOLD sklen\u011bn\u00e9 umyvadlo na desku, pr\u016fm\u011br 40cm, \u010dern\u00e1\/zlat\u00e1 AL5318-77 -","robots":{"index":"index","follow":"follow","max-snippet":"max-snippet:-1","max-image-preview":"max-image-preview:large","max-video-preview":"max-video-preview:-1"},"canonical":"https:\/\/www.oknobuild.com\/index.php\/produkt\/zlevneny-sapho-murano-black-gold-sklenene-umyvadlo-na-desku-prumer-40cm-cerna-zlata-al5318-77-65911\/","og_locale":"cs_CZ","og_type":"article","og_title":"Zlevn\u011bn\u00fd Sapho MURANO BLACK-GOLD sklen\u011bn\u00e9 umyvadlo na desku, pr\u016fm\u011br 40cm, \u010dern\u00e1\/zlat\u00e1 AL5318-77 -","og_description":"Sapho MURANO BLACK-GOLD sklen\u011bn\u00e9 umyvadlo na desku, pr\u016fm\u011br 40cm, \u010dern\u00e1\/zlat\u00e1 AL5318-77 Vyrobeno a dekorov\u00e1no v\u00fdhradn\u011b ru\u010dn\u011b, p\u0159\u00edpadn\u00e9 rozd\u00edly v t\u00f3nu jsou vlastnost\u00ed produktu. P\u0159i instalaci nepou\u017e\u00edvejte silikon a podobn\u00e9 materi\u00e1ly, aby nedo\u0161lo k po\u0161kozen\u00ed dekoru. Tip: Doporu\u010dujeme pou\u017e\u00edt podlo\u017eku mezi umyvadlo a desku, kter\u00e1 umo\u017e\u0148uje snaz\u0161\u00ed upevn\u011bn\u00ed a ut\u011bsn\u011bn\u00ed umyvadel na desku, kde umyvadla ve [&hellip;]","og_url":"https:\/\/www.oknobuild.com\/index.php\/produkt\/zlevneny-sapho-murano-black-gold-sklenene-umyvadlo-na-desku-prumer-40cm-cerna-zlata-al5318-77-65911\/","og_image":[{"width":1000,"height":705,"url":"https:\/\/www.oknobuild.com\/wp-content\/uploads\/2026\/SK0018889-CZ20260425-093041-0-1777080643-297e4d4a32a00a2051b5a93c7129df0f.webp","type":"image\/webp"}],"twitter_card":"summary_large_image","twitter_misc":{"Odhadovan\u00e1 doba \u010dten\u00ed":"2 minuty"},"schema":{"@context":"https:\/\/schema.org","@graph":[{"@type":"WebPage","@id":"https:\/\/www.oknobuild.com\/index.php\/produkt\/zlevneny-sapho-murano-black-gold-sklenene-umyvadlo-na-desku-prumer-40cm-cerna-zlata-al5318-77-65911\/","url":"https:\/\/www.oknobuild.com\/index.php\/produkt\/zlevneny-sapho-murano-black-gold-sklenene-umyvadlo-na-desku-prumer-40cm-cerna-zlata-al5318-77-65911\/","name":"Zlevn\u011bn\u00fd Sapho MURANO BLACK-GOLD sklen\u011bn\u00e9 umyvadlo na desku, pr\u016fm\u011br 40cm, \u010dern\u00e1\/zlat\u00e1 AL5318-77 -","isPartOf":{"@id":"https:\/\/www.oknobuild.com\/#website"},"primaryImageOfPage":{"@id":"https:\/\/www.oknobuild.com\/index.php\/produkt\/zlevneny-sapho-murano-black-gold-sklenene-umyvadlo-na-desku-prumer-40cm-cerna-zlata-al5318-77-65911\/#primaryimage"},"image":{"@id":"https:\/\/www.oknobuild.com\/index.php\/produkt\/zlevneny-sapho-murano-black-gold-sklenene-umyvadlo-na-desku-prumer-40cm-cerna-zlata-al5318-77-65911\/#primaryimage"},"thumbnailUrl":"https:\/\/www.oknobuild.com\/wp-content\/uploads\/2026\/SK0018889-CZ20260425-093041-0-1777080643-297e4d4a32a00a2051b5a93c7129df0f.webp","datePublished":"2026-04-27T04:43:33+00:00","breadcrumb":{"@id":"https:\/\/www.oknobuild.com\/index.php\/produkt\/zlevneny-sapho-murano-black-gold-sklenene-umyvadlo-na-desku-prumer-40cm-cerna-zlata-al5318-77-65911\/#breadcrumb"},"inLanguage":"cs","potentialAction":[{"@type":"ReadAction","target":["https:\/\/www.oknobuild.com\/index.php\/produkt\/zlevneny-sapho-murano-black-gold-sklenene-umyvadlo-na-desku-prumer-40cm-cerna-zlata-al5318-77-65911\/"]}]},{"@type":"ImageObject","inLanguage":"cs","@id":"https:\/\/www.oknobuild.com\/index.php\/produkt\/zlevneny-sapho-murano-black-gold-sklenene-umyvadlo-na-desku-prumer-40cm-cerna-zlata-al5318-77-65911\/#primaryimage","url":"https:\/\/www.oknobuild.com\/wp-content\/uploads\/2026\/SK0018889-CZ20260425-093041-0-1777080643-297e4d4a32a00a2051b5a93c7129df0f.webp","contentUrl":"https:\/\/www.oknobuild.com\/wp-content\/uploads\/2026\/SK0018889-CZ20260425-093041-0-1777080643-297e4d4a32a00a2051b5a93c7129df0f.webp","width":1000,"height":705},{"@type":"BreadcrumbList","@id":"https:\/\/www.oknobuild.com\/index.php\/produkt\/zlevneny-sapho-murano-black-gold-sklenene-umyvadlo-na-desku-prumer-40cm-cerna-zlata-al5318-77-65911\/#breadcrumb","itemListElement":[{"@type":"ListItem","position":1,"name":"Home","item":"https:\/\/www.oknobuild.com\/"},{"@type":"ListItem","position":2,"name":"Products","item":"https:\/\/www.oknobuild.com\/index.php\/products\/"},{"@type":"ListItem","position":3,"name":"Zlevn\u011bn\u00fd Sapho MURANO BLACK-GOLD sklen\u011bn\u00e9 umyvadlo na desku, pr\u016fm\u011br 40cm, \u010dern\u00e1\/zlat\u00e1 AL5318-77"}]},{"@type":"WebSite","@id":"https:\/\/www.oknobuild.com\/#website","url":"https:\/\/www.oknobuild.com\/","name":"","description":"","potentialAction":[{"@type":"SearchAction","target":{"@type":"EntryPoint","urlTemplate":"https:\/\/www.oknobuild.com\/?s={search_term_string}"},"query-input":{"@type":"PropertyValueSpecification","valueRequired":true,"valueName":"search_term_string"}}],"inLanguage":"cs"}]}},"_links":{"self":[{"href":"https:\/\/www.oknobuild.com\/index.php\/wp-json\/wp\/v2\/product\/65911","targetHints":{"allow":["GET"]}}],"collection":[{"href":"https:\/\/www.oknobuild.com\/index.php\/wp-json\/wp\/v2\/product"}],"about":[{"href":"https:\/\/www.oknobuild.com\/index.php\/wp-json\/wp\/v2\/types\/product"}],"replies":[{"embeddable":true,"href":"https:\/\/www.oknobuild.com\/index.php\/wp-json\/wp\/v2\/comments?post=65911"}],"wp:featuredmedia":[{"embeddable":true,"href":"https:\/\/www.oknobuild.com\/index.php\/wp-json\/wp\/v2\/media\/66011"}],"wp:attachment":[{"href":"https:\/\/www.oknobuild.com\/index.php\/wp-json\/wp\/v2\/media?parent=65911"}],"wp:term":[{"taxonomy":"product_brand","embeddable":true,"href":"https:\/\/www.oknobuild.com\/index.php\/wp-json\/wp\/v2\/product_brand?post=65911"},{"taxonomy":"product_cat","embeddable":true,"href":"https:\/\/www.oknobuild.com\/index.php\/wp-json\/wp\/v2\/product_cat?post=65911"},{"taxonomy":"product_tag","embeddable":true,"href":"https:\/\/www.oknobuild.com\/index.php\/wp-json\/wp\/v2\/product_tag?post=65911"}],"curies":[{"name":"wp","href":"https:\/\/api.w.org\/{rel}","templated":true}]}}