{"id":66549,"date":"2026-04-27T04:43:35","date_gmt":"2026-04-27T04:43:35","guid":{"rendered":""},"modified":"2026-04-27T04:43:35","modified_gmt":"2026-04-27T04:43:35","slug":"akce-sprchovy-kout-rea-diamond-90x90-cm-brouseny-zlaty-66549","status":"publish","type":"product","link":"https:\/\/www.oknobuild.com\/index.php\/produkt\/akce-sprchovy-kout-rea-diamond-90x90-cm-brouseny-zlaty-66549\/","title":{"rendered":"Akce Sprchov\u00fd kout REA DIAMOND 90&#215;90 cm &#8211; brou\u0161en\u00fd zlat\u00fd"},"content":{"rendered":"<div class=\"tabs__content-outer\" id=\"tab_description\" data-hash=\"description\" data-tabindex=\"-1\">\n<div class=\"tabs__content toggle_description\" id=\"content_description\">\n<div class=\"wysiwyg-content\">\n<div class=\"product__tab product__description full-width\">\n<div class=\"container\">\n<div >\n<h3>Sprchov\u00fd kout REA DIAMOND 90&#215;90 cm &#8211; brou\u0161en\u00fd zlat\u00fd<\/h3>\n<p>Sprchov\u00fd kout DIAMOND s atypick\u00fdm tvarem p\u011bti\u00faheln\u00edku je vyroben z 6 mm\u00a0tlust\u00e9ho tvrzen\u00e9ho\u00a0bezpe\u010dnostn\u00edho skla. Otev\u00edr\u00e1n\u00ed dve\u0159\u00ed je velmi snadn\u00e9 d\u00edky\u00a0<strong>velik\u00e9mu kovov\u00e9mu madlu<\/strong>\u00a0a siln\u00fdm pant\u016fm.\u00a0Aplikovan\u00e1 technologie\u00a0<strong>Easy Clean\u00a0<\/strong>zaji\u0161\u0165uje jednoduchou \u00fadr\u017ebu skla.\u00a0<\/p>\n<p>Sestaven\u00ed koutu je\u00a0<strong>univers\u00e1ln\u00ed na ob\u011b strany<\/strong>. Levou \u010di pravou orientaci koutu si zvol\u00edte p\u0159i mont\u00e1\u017ei. Tak\u00e9 si m\u016f\u017eete vybrat mezi mont\u00e1\u017e\u00ed koutu na sprchovou\u00a0<strong>vani\u010dku<\/strong>\u00a0nebo\u00a0<strong>p\u0159\u00edmo na podlahu<\/strong>.\u00a0<\/p>\n<p>St\u011bny koutu jsou uchyceny v hlin\u00edkov\u00fdch profilech a jsou vybaveny magnetick\u00fdm uzav\u00edr\u00e1n\u00edm a spodn\u00edm t\u011bsn\u011bn\u00edm. D\u00edky regulaci v profilech lze vyrovnat m\u00edrn\u00e9 nerovnosti st\u011bn. Podlahov\u00e1 li\u0161ta o v\u00fd\u0161ce 10 mm zamez\u00ed vyt\u00e9k\u00e1n\u00ed vody pod dve\u0159mi.<\/p>\n<p>Vani\u010dka, sprcha ani odtokov\u00fd \u017elab\u00a0nejsou\u00a0sou\u010d\u00e1st\u00ed sprchov\u00e9 koutu. Dokoupit je m\u016f\u017eete u n\u00e1s v eshopu.<\/p>\n<p><strong>Parametry:\u00a0<\/strong><\/p>\n<ul>\n<li>rozm\u011br: 90&#215;90 cm &#8211; nastaviteln\u00e9 v \u0161\u00ed\u0159i 885-905 mm x 885-905 mm\u00a0<\/li>\n<li>v\u00fd\u0161ka: 195 cm\u00a0<\/li>\n<li>sklo: \u010dir\u00e9\u00a0<\/li>\n<li>profily: hlin\u00edkov\u00e9, brou\u0161en\u00e9 zlat\u00e9, 36&#215;20 mm\u00a0<\/li>\n<li>madlo: kovov\u00e9, brou\u0161en\u00e9 zlat\u00e9\u00a0<\/li>\n<li>otev\u00edr\u00e1n\u00ed dve\u0159\u00ed: k\u0159\u00eddlov\u00e9<\/li>\n<li>mont\u00e1\u017e: na sprchovou vani\u010dku nebo p\u0159\u00edmo na zem\u00a0<\/li>\n<li>sou\u010d\u00e1st\u00ed balen\u00ed je kompletn\u00ed sprchov\u00fd kout v\u010detn\u011b t\u011bsn\u011bn\u00ed, podlahov\u00e9 li\u0161ty a mont\u00e1\u017en\u00edho materi\u00e1lu (bez vani\u010dky, sprchov\u00e9 soupravy, &#8230; )\u00a0<\/li>\n<\/ul>\n<\/div><\/div>\n<\/p><\/div>\n<\/p><\/div>\n<\/p><\/div>\n","protected":false},"excerpt":{"rendered":"<p>Sprchov\u00fd kout REA DIAMOND 90&#215;90 cm &#8211; brou\u0161en\u00fd zlat\u00fd Sprchov\u00fd kout DIAMOND s atypick\u00fdm tvarem p\u011bti\u00faheln\u00edku je vyroben z 6 mm\u00a0tlust\u00e9ho tvrzen\u00e9ho\u00a0bezpe\u010dnostn\u00edho skla. Otev\u00edr\u00e1n\u00ed dve\u0159\u00ed je velmi snadn\u00e9 d\u00edky\u00a0velik\u00e9mu kovov\u00e9mu madlu\u00a0a siln\u00fdm pant\u016fm.\u00a0Aplikovan\u00e1 technologie\u00a0Easy Clean\u00a0zaji\u0161\u0165uje jednoduchou \u00fadr\u017ebu skla.\u00a0 Sestaven\u00ed koutu je\u00a0univers\u00e1ln\u00ed na ob\u011b strany. Levou \u010di pravou orientaci koutu si zvol\u00edte p\u0159i mont\u00e1\u017ei. Tak\u00e9 si [&hellip;]<\/p>\n","protected":false},"featured_media":66649,"comment_status":"open","ping_status":"open","template":"","meta":[],"product_brand":[],"product_cat":[71],"product_tag":[],"class_list":{"0":"post-66549","1":"product","2":"type-product","3":"status-publish","4":"has-post-thumbnail","6":"product_cat-koupelna","8":"first","9":"instock","10":"sale","11":"shipping-taxable","12":"purchasable","13":"product-type-simple"},"yoast_head":"<!-- This site is optimized with the Yoast SEO plugin v26.8 - https:\/\/yoast.com\/product\/yoast-seo-wordpress\/ -->\n<title>Akce Sprchov\u00fd kout REA DIAMOND 90x90 cm - brou\u0161en\u00fd zlat\u00fd -<\/title>\n<meta name=\"robots\" content=\"index, follow, max-snippet:-1, max-image-preview:large, max-video-preview:-1\" \/>\n<link rel=\"canonical\" href=\"https:\/\/www.oknobuild.com\/index.php\/produkt\/akce-sprchovy-kout-rea-diamond-90x90-cm-brouseny-zlaty-66549\/\" \/>\n<meta property=\"og:locale\" content=\"cs_CZ\" \/>\n<meta property=\"og:type\" content=\"article\" \/>\n<meta property=\"og:title\" content=\"Akce Sprchov\u00fd kout REA DIAMOND 90x90 cm - brou\u0161en\u00fd zlat\u00fd -\" \/>\n<meta property=\"og:description\" content=\"Sprchov\u00fd kout REA DIAMOND 90&#215;90 cm &#8211; brou\u0161en\u00fd zlat\u00fd Sprchov\u00fd kout DIAMOND s atypick\u00fdm tvarem p\u011bti\u00faheln\u00edku je vyroben z 6 mm\u00a0tlust\u00e9ho tvrzen\u00e9ho\u00a0bezpe\u010dnostn\u00edho skla. Otev\u00edr\u00e1n\u00ed dve\u0159\u00ed je velmi snadn\u00e9 d\u00edky\u00a0velik\u00e9mu kovov\u00e9mu madlu\u00a0a siln\u00fdm pant\u016fm.\u00a0Aplikovan\u00e1 technologie\u00a0Easy Clean\u00a0zaji\u0161\u0165uje jednoduchou \u00fadr\u017ebu skla.\u00a0 Sestaven\u00ed koutu je\u00a0univers\u00e1ln\u00ed na ob\u011b strany. Levou \u010di pravou orientaci koutu si zvol\u00edte p\u0159i mont\u00e1\u017ei. Tak\u00e9 si [&hellip;]\" \/>\n<meta property=\"og:url\" content=\"https:\/\/www.oknobuild.com\/index.php\/produkt\/akce-sprchovy-kout-rea-diamond-90x90-cm-brouseny-zlaty-66549\/\" \/>\n<meta property=\"og:image\" content=\"https:\/\/www.oknobuild.com\/wp-content\/uploads\/2026\/SK0019274-CZ20260425-093041-0-1777080643-fe2676674b5d80be16fe6d5274d5623b.webp\" \/>\n\t<meta property=\"og:image:width\" content=\"713\" \/>\n\t<meta property=\"og:image:height\" content=\"800\" \/>\n\t<meta property=\"og:image:type\" content=\"image\/webp\" \/>\n<meta name=\"twitter:card\" content=\"summary_large_image\" \/>\n<meta name=\"twitter:label1\" content=\"Odhadovan\u00e1 doba \u010dten\u00ed\" \/>\n\t<meta name=\"twitter:data1\" content=\"1 minuta\" \/>\n<script type=\"application\/ld+json\" class=\"yoast-schema-graph\">{\"@context\":\"https:\/\/schema.org\",\"@graph\":[{\"@type\":\"WebPage\",\"@id\":\"https:\/\/www.oknobuild.com\/index.php\/produkt\/akce-sprchovy-kout-rea-diamond-90x90-cm-brouseny-zlaty-66549\/\",\"url\":\"https:\/\/www.oknobuild.com\/index.php\/produkt\/akce-sprchovy-kout-rea-diamond-90x90-cm-brouseny-zlaty-66549\/\",\"name\":\"Akce Sprchov\u00fd kout REA DIAMOND 90x90 cm - brou\u0161en\u00fd zlat\u00fd -\",\"isPartOf\":{\"@id\":\"https:\/\/www.oknobuild.com\/#website\"},\"primaryImageOfPage\":{\"@id\":\"https:\/\/www.oknobuild.com\/index.php\/produkt\/akce-sprchovy-kout-rea-diamond-90x90-cm-brouseny-zlaty-66549\/#primaryimage\"},\"image\":{\"@id\":\"https:\/\/www.oknobuild.com\/index.php\/produkt\/akce-sprchovy-kout-rea-diamond-90x90-cm-brouseny-zlaty-66549\/#primaryimage\"},\"thumbnailUrl\":\"https:\/\/www.oknobuild.com\/wp-content\/uploads\/2026\/SK0019274-CZ20260425-093041-0-1777080643-fe2676674b5d80be16fe6d5274d5623b.webp\",\"datePublished\":\"2026-04-27T04:43:35+00:00\",\"breadcrumb\":{\"@id\":\"https:\/\/www.oknobuild.com\/index.php\/produkt\/akce-sprchovy-kout-rea-diamond-90x90-cm-brouseny-zlaty-66549\/#breadcrumb\"},\"inLanguage\":\"cs\",\"potentialAction\":[{\"@type\":\"ReadAction\",\"target\":[\"https:\/\/www.oknobuild.com\/index.php\/produkt\/akce-sprchovy-kout-rea-diamond-90x90-cm-brouseny-zlaty-66549\/\"]}]},{\"@type\":\"ImageObject\",\"inLanguage\":\"cs\",\"@id\":\"https:\/\/www.oknobuild.com\/index.php\/produkt\/akce-sprchovy-kout-rea-diamond-90x90-cm-brouseny-zlaty-66549\/#primaryimage\",\"url\":\"https:\/\/www.oknobuild.com\/wp-content\/uploads\/2026\/SK0019274-CZ20260425-093041-0-1777080643-fe2676674b5d80be16fe6d5274d5623b.webp\",\"contentUrl\":\"https:\/\/www.oknobuild.com\/wp-content\/uploads\/2026\/SK0019274-CZ20260425-093041-0-1777080643-fe2676674b5d80be16fe6d5274d5623b.webp\",\"width\":713,\"height\":800},{\"@type\":\"BreadcrumbList\",\"@id\":\"https:\/\/www.oknobuild.com\/index.php\/produkt\/akce-sprchovy-kout-rea-diamond-90x90-cm-brouseny-zlaty-66549\/#breadcrumb\",\"itemListElement\":[{\"@type\":\"ListItem\",\"position\":1,\"name\":\"Home\",\"item\":\"https:\/\/www.oknobuild.com\/\"},{\"@type\":\"ListItem\",\"position\":2,\"name\":\"Products\",\"item\":\"https:\/\/www.oknobuild.com\/index.php\/products\/\"},{\"@type\":\"ListItem\",\"position\":3,\"name\":\"Akce Sprchov\u00fd kout REA DIAMOND 90&#215;90 cm &#8211; brou\u0161en\u00fd zlat\u00fd\"}]},{\"@type\":\"WebSite\",\"@id\":\"https:\/\/www.oknobuild.com\/#website\",\"url\":\"https:\/\/www.oknobuild.com\/\",\"name\":\"\",\"description\":\"\",\"potentialAction\":[{\"@type\":\"SearchAction\",\"target\":{\"@type\":\"EntryPoint\",\"urlTemplate\":\"https:\/\/www.oknobuild.com\/?s={search_term_string}\"},\"query-input\":{\"@type\":\"PropertyValueSpecification\",\"valueRequired\":true,\"valueName\":\"search_term_string\"}}],\"inLanguage\":\"cs\"}]}<\/script>\n<!-- \/ Yoast SEO plugin. -->","yoast_head_json":{"title":"Akce Sprchov\u00fd kout REA DIAMOND 90x90 cm - brou\u0161en\u00fd zlat\u00fd -","robots":{"index":"index","follow":"follow","max-snippet":"max-snippet:-1","max-image-preview":"max-image-preview:large","max-video-preview":"max-video-preview:-1"},"canonical":"https:\/\/www.oknobuild.com\/index.php\/produkt\/akce-sprchovy-kout-rea-diamond-90x90-cm-brouseny-zlaty-66549\/","og_locale":"cs_CZ","og_type":"article","og_title":"Akce Sprchov\u00fd kout REA DIAMOND 90x90 cm - brou\u0161en\u00fd zlat\u00fd -","og_description":"Sprchov\u00fd kout REA DIAMOND 90&#215;90 cm &#8211; brou\u0161en\u00fd zlat\u00fd Sprchov\u00fd kout DIAMOND s atypick\u00fdm tvarem p\u011bti\u00faheln\u00edku je vyroben z 6 mm\u00a0tlust\u00e9ho tvrzen\u00e9ho\u00a0bezpe\u010dnostn\u00edho skla. Otev\u00edr\u00e1n\u00ed dve\u0159\u00ed je velmi snadn\u00e9 d\u00edky\u00a0velik\u00e9mu kovov\u00e9mu madlu\u00a0a siln\u00fdm pant\u016fm.\u00a0Aplikovan\u00e1 technologie\u00a0Easy Clean\u00a0zaji\u0161\u0165uje jednoduchou \u00fadr\u017ebu skla.\u00a0 Sestaven\u00ed koutu je\u00a0univers\u00e1ln\u00ed na ob\u011b strany. Levou \u010di pravou orientaci koutu si zvol\u00edte p\u0159i mont\u00e1\u017ei. Tak\u00e9 si [&hellip;]","og_url":"https:\/\/www.oknobuild.com\/index.php\/produkt\/akce-sprchovy-kout-rea-diamond-90x90-cm-brouseny-zlaty-66549\/","og_image":[{"width":713,"height":800,"url":"https:\/\/www.oknobuild.com\/wp-content\/uploads\/2026\/SK0019274-CZ20260425-093041-0-1777080643-fe2676674b5d80be16fe6d5274d5623b.webp","type":"image\/webp"}],"twitter_card":"summary_large_image","twitter_misc":{"Odhadovan\u00e1 doba \u010dten\u00ed":"1 minuta"},"schema":{"@context":"https:\/\/schema.org","@graph":[{"@type":"WebPage","@id":"https:\/\/www.oknobuild.com\/index.php\/produkt\/akce-sprchovy-kout-rea-diamond-90x90-cm-brouseny-zlaty-66549\/","url":"https:\/\/www.oknobuild.com\/index.php\/produkt\/akce-sprchovy-kout-rea-diamond-90x90-cm-brouseny-zlaty-66549\/","name":"Akce Sprchov\u00fd kout REA DIAMOND 90x90 cm - brou\u0161en\u00fd zlat\u00fd -","isPartOf":{"@id":"https:\/\/www.oknobuild.com\/#website"},"primaryImageOfPage":{"@id":"https:\/\/www.oknobuild.com\/index.php\/produkt\/akce-sprchovy-kout-rea-diamond-90x90-cm-brouseny-zlaty-66549\/#primaryimage"},"image":{"@id":"https:\/\/www.oknobuild.com\/index.php\/produkt\/akce-sprchovy-kout-rea-diamond-90x90-cm-brouseny-zlaty-66549\/#primaryimage"},"thumbnailUrl":"https:\/\/www.oknobuild.com\/wp-content\/uploads\/2026\/SK0019274-CZ20260425-093041-0-1777080643-fe2676674b5d80be16fe6d5274d5623b.webp","datePublished":"2026-04-27T04:43:35+00:00","breadcrumb":{"@id":"https:\/\/www.oknobuild.com\/index.php\/produkt\/akce-sprchovy-kout-rea-diamond-90x90-cm-brouseny-zlaty-66549\/#breadcrumb"},"inLanguage":"cs","potentialAction":[{"@type":"ReadAction","target":["https:\/\/www.oknobuild.com\/index.php\/produkt\/akce-sprchovy-kout-rea-diamond-90x90-cm-brouseny-zlaty-66549\/"]}]},{"@type":"ImageObject","inLanguage":"cs","@id":"https:\/\/www.oknobuild.com\/index.php\/produkt\/akce-sprchovy-kout-rea-diamond-90x90-cm-brouseny-zlaty-66549\/#primaryimage","url":"https:\/\/www.oknobuild.com\/wp-content\/uploads\/2026\/SK0019274-CZ20260425-093041-0-1777080643-fe2676674b5d80be16fe6d5274d5623b.webp","contentUrl":"https:\/\/www.oknobuild.com\/wp-content\/uploads\/2026\/SK0019274-CZ20260425-093041-0-1777080643-fe2676674b5d80be16fe6d5274d5623b.webp","width":713,"height":800},{"@type":"BreadcrumbList","@id":"https:\/\/www.oknobuild.com\/index.php\/produkt\/akce-sprchovy-kout-rea-diamond-90x90-cm-brouseny-zlaty-66549\/#breadcrumb","itemListElement":[{"@type":"ListItem","position":1,"name":"Home","item":"https:\/\/www.oknobuild.com\/"},{"@type":"ListItem","position":2,"name":"Products","item":"https:\/\/www.oknobuild.com\/index.php\/products\/"},{"@type":"ListItem","position":3,"name":"Akce Sprchov\u00fd kout REA DIAMOND 90&#215;90 cm &#8211; brou\u0161en\u00fd zlat\u00fd"}]},{"@type":"WebSite","@id":"https:\/\/www.oknobuild.com\/#website","url":"https:\/\/www.oknobuild.com\/","name":"","description":"","potentialAction":[{"@type":"SearchAction","target":{"@type":"EntryPoint","urlTemplate":"https:\/\/www.oknobuild.com\/?s={search_term_string}"},"query-input":{"@type":"PropertyValueSpecification","valueRequired":true,"valueName":"search_term_string"}}],"inLanguage":"cs"}]}},"_links":{"self":[{"href":"https:\/\/www.oknobuild.com\/index.php\/wp-json\/wp\/v2\/product\/66549","targetHints":{"allow":["GET"]}}],"collection":[{"href":"https:\/\/www.oknobuild.com\/index.php\/wp-json\/wp\/v2\/product"}],"about":[{"href":"https:\/\/www.oknobuild.com\/index.php\/wp-json\/wp\/v2\/types\/product"}],"replies":[{"embeddable":true,"href":"https:\/\/www.oknobuild.com\/index.php\/wp-json\/wp\/v2\/comments?post=66549"}],"wp:featuredmedia":[{"embeddable":true,"href":"https:\/\/www.oknobuild.com\/index.php\/wp-json\/wp\/v2\/media\/66649"}],"wp:attachment":[{"href":"https:\/\/www.oknobuild.com\/index.php\/wp-json\/wp\/v2\/media?parent=66549"}],"wp:term":[{"taxonomy":"product_brand","embeddable":true,"href":"https:\/\/www.oknobuild.com\/index.php\/wp-json\/wp\/v2\/product_brand?post=66549"},{"taxonomy":"product_cat","embeddable":true,"href":"https:\/\/www.oknobuild.com\/index.php\/wp-json\/wp\/v2\/product_cat?post=66549"},{"taxonomy":"product_tag","embeddable":true,"href":"https:\/\/www.oknobuild.com\/index.php\/wp-json\/wp\/v2\/product_tag?post=66549"}],"curies":[{"name":"wp","href":"https:\/\/api.w.org\/{rel}","templated":true}]}}