{"id":66581,"date":"2026-04-27T04:43:35","date_gmt":"2026-04-27T04:43:35","guid":{"rendered":""},"modified":"2026-04-27T04:43:35","modified_gmt":"2026-04-27T04:43:35","slug":"znackovy-sprchove-dvere-mexen-exo-kridlove-80-cm-cire-cerne-817-080-000-70-00-66581","status":"publish","type":"product","link":"https:\/\/www.oknobuild.com\/index.php\/produkt\/znackovy-sprchove-dvere-mexen-exo-kridlove-80-cm-cire-cerne-817-080-000-70-00-66581\/","title":{"rendered":"Zna\u010dkov\u00fd Sprchov\u00e9 dve\u0159e MEXEN EXO k\u0159\u00eddlov\u00e9 80 cm &#8211; \u010dir\u00e9 &#8211; \u010dern\u00e9 &#8211; 817-080-000-70-00"},"content":{"rendered":"<div class=\"tabs__content-outer\" id=\"tab_description\" data-hash=\"description\" data-tabindex=\"-1\">\n<div class=\"tabs__content toggle_description\" id=\"content_description\">\n<div class=\"wysiwyg-content\">\n<div class=\"product__tab product__description full-width\">\n<div class=\"container\">\n<div >\n<h3>Sprchov\u00e9 dve\u0159e MEXEN EXO 80 cm &#8211; \u010dir\u00e9 &#8211; \u010dern\u00e9 &#8211; 817-080-000-70-00<\/h3>\n<p data-start=\"177\" data-end=\"483\"><span style=\"font-family: verdana, geneva, sans-serif; font-size: 12pt;\">Modern\u00ed sprchov\u00e9 dve\u0159e Mexen Exo\u00a0jsou ide\u00e1ln\u00ed volbou pro ty, kte\u0159\u00ed hledaj\u00ed stylov\u00e9, funk\u010dn\u00ed a snadno udr\u017eovateln\u00e9 \u0159e\u0161en\u00ed do koupelny. D\u00edky <strong data-start=\"340\" data-end=\"373\">univerz\u00e1ln\u00edmu zp\u016fsobu mont\u00e1\u017ee<\/strong> je mo\u017en\u00e9 je instalovat na pravou i levou stranu, a to bu\u010f na <strong data-start=\"435\" data-end=\"456\">sprchovou vani\u010dku<\/strong>, nebo p\u0159\u00edmo na <strong data-start=\"472\" data-end=\"482\">dla\u017ebu<\/strong>.<\/span><\/p>\n<h3 data-start=\"485\" data-end=\"507\"><span style=\"font-family: verdana, geneva, sans-serif; font-size: 12pt;\">Hlavn\u00ed vlastnosti:<\/span><\/h3>\n<ul data-start=\"508\" data-end=\"1126\">\n<li style=\"font-family: verdana, geneva, sans-serif; font-size: 12pt;\" data-start=\"508\" data-end=\"572\">\n<p data-start=\"510\" data-end=\"572\"><span style=\"font-family: verdana, geneva, sans-serif; font-size: 12pt;\"><strong data-start=\"510\" data-end=\"525\">Typ vstupu:<\/strong> K\u0159\u00eddlov\u00e9 dve\u0159e pro pohodln\u00fd p\u0159\u00edstup<\/span><\/p>\n<\/li>\n<li style=\"font-family: verdana, geneva, sans-serif; font-size: 12pt;\" data-start=\"573\" data-end=\"645\">\n<p data-start=\"575\" data-end=\"645\"><span style=\"font-family: verdana, geneva, sans-serif; font-size: 12pt;\"><strong data-start=\"575\" data-end=\"584\">Sklo:<\/strong> 6 mm <strong data-start=\"590\" data-end=\"611\">\u010dir\u00e9 tvrzen\u00e9 sklo<\/strong> \u2013 bezpe\u010dn\u00e9 a odoln\u00e9 proti n\u00e1raz\u016fm<\/span><\/p>\n<\/li>\n<li style=\"font-family: verdana, geneva, sans-serif; font-size: 12pt;\" data-start=\"646\" data-end=\"743\">\n<p data-start=\"648\" data-end=\"743\"><span style=\"font-family: verdana, geneva, sans-serif; font-size: 12pt;\"><strong data-start=\"648\" data-end=\"664\">Povrch skla:<\/strong> Speci\u00e1ln\u00ed <strong data-start=\"675\" data-end=\"694\">ochrann\u00e1 vrstva<\/strong> usnad\u0148uj\u00edc\u00ed \u010di\u0161t\u011bn\u00ed a br\u00e1n\u00edc\u00ed usazov\u00e1n\u00ed ne\u010distot<\/span><\/p>\n<\/li>\n<li style=\"font-family: verdana, geneva, sans-serif; font-size: 12pt;\" data-start=\"744\" data-end=\"844\">\n<p data-start=\"746\" data-end=\"844\"><span style=\"font-family: verdana, geneva, sans-serif; font-size: 12pt;\"><strong data-start=\"746\" data-end=\"757\">Profil:<\/strong> <strong data-start=\"758\" data-end=\"775\">Hlin\u00edkov\u00fd r\u00e1m<\/strong> s <strong data-start=\"778\" data-end=\"802\">\u010dern\u00fdm matn\u00fdm povrchem<\/strong> \u2013 modern\u00ed vzhled a odolnost v\u016f\u010di vlhkosti<\/span><\/p>\n<\/li>\n<li style=\"font-family: verdana, geneva, sans-serif; font-size: 12pt;\" data-start=\"845\" data-end=\"1126\">\n<p data-start=\"847\" data-end=\"869\"><span style=\"font-family: verdana, geneva, sans-serif; font-size: 12pt;\"><strong data-start=\"847\" data-end=\"867\">Funk\u010dn\u00ed detaily:<\/strong><\/span><\/p>\n<ul data-start=\"872\" data-end=\"1126\">\n<li style=\"font-family: verdana, geneva, sans-serif; font-size: 12pt;\" data-start=\"872\" data-end=\"927\">\n<p data-start=\"874\" data-end=\"927\"><span style=\"font-family: verdana, geneva, sans-serif; font-size: 12pt;\"><strong data-start=\"874\" data-end=\"892\">Regulace \u0161\u00ed\u0159ky<\/strong>\u00a0<strong>78<\/strong><strong>0-820 mm<\/strong> pro p\u0159esn\u00e9 p\u0159izp\u016fsoben\u00ed prostoru s \u0161\u00ed\u0159kou vstupu 685 mm<\/span><\/p>\n<\/li>\n<li style=\"font-family: verdana, geneva, sans-serif; font-size: 12pt;\" data-start=\"930\" data-end=\"971\">\n<p data-start=\"932\" data-end=\"971\"><span style=\"font-family: verdana, geneva, sans-serif; font-size: 12pt;\"><strong data-start=\"932\" data-end=\"969\">Mo\u017enost vyrovn\u00e1n\u00ed nerovnost\u00ed st\u011bn<\/strong><\/span><\/p>\n<\/li>\n<li style=\"font-family: verdana, geneva, sans-serif; font-size: 12pt;\" data-start=\"974\" data-end=\"1019\">\n<p data-start=\"976\" data-end=\"1019\"><span style=\"font-family: verdana, geneva, sans-serif; font-size: 12pt;\"><strong data-start=\"976\" data-end=\"992\">Kovov\u00e9 madlo<\/strong> pro komfortn\u00ed manipulaci<\/span><\/p>\n<\/li>\n<li style=\"font-family: verdana, geneva, sans-serif; font-size: 12pt;\" data-start=\"1022\" data-end=\"1075\">\n<p data-start=\"1024\" data-end=\"1075\"><span style=\"font-family: verdana, geneva, sans-serif; font-size: 12pt;\"><strong data-start=\"1024\" data-end=\"1050\">Kompletn\u00ed sada t\u011bsn\u011bn\u00ed<\/strong> minimalizuj\u00edc\u00ed \u00fanik vody<\/span><\/p>\n<\/li>\n<li style=\"font-family: verdana, geneva, sans-serif; font-size: 12pt;\" data-start=\"1078\" data-end=\"1126\">\n<p data-start=\"1080\" data-end=\"1126\"><span style=\"font-family: verdana, geneva, sans-serif; font-size: 12pt;\"><strong data-start=\"1080\" data-end=\"1108\">Hlin\u00edkov\u00fd prahov\u00fd profil<\/strong> pro lep\u0161\u00ed t\u011bsnost<\/span><\/p>\n<\/li>\n<\/ul>\n<\/li>\n<\/ul>\n<p data-start=\"1128\" data-end=\"1256\"><span style=\"font-family: verdana, geneva, sans-serif; font-size: 12pt;\">Tento model spojuje minimalistick\u00fd design s praktick\u00fdmi funkcemi, d\u00edky kter\u00fdm se sprchov\u00e1n\u00ed st\u00e1v\u00e1 komfortn\u00edm z\u00e1\u017eitkem ka\u017ed\u00fd den.<\/span><\/p>\n<\/div><\/div>\n<\/p><\/div>\n<\/p><\/div>\n<\/p><\/div>\n","protected":false},"excerpt":{"rendered":"<p>Sprchov\u00e9 dve\u0159e MEXEN EXO 80 cm &#8211; \u010dir\u00e9 &#8211; \u010dern\u00e9 &#8211; 817-080-000-70-00 Modern\u00ed sprchov\u00e9 dve\u0159e Mexen Exo\u00a0jsou ide\u00e1ln\u00ed volbou pro ty, kte\u0159\u00ed hledaj\u00ed stylov\u00e9, funk\u010dn\u00ed a snadno udr\u017eovateln\u00e9 \u0159e\u0161en\u00ed do koupelny. D\u00edky univerz\u00e1ln\u00edmu zp\u016fsobu mont\u00e1\u017ee je mo\u017en\u00e9 je instalovat na pravou i levou stranu, a to bu\u010f na sprchovou vani\u010dku, nebo p\u0159\u00edmo na dla\u017ebu. Hlavn\u00ed [&hellip;]<\/p>\n","protected":false},"featured_media":66681,"comment_status":"open","ping_status":"open","template":"","meta":[],"product_brand":[],"product_cat":[71],"product_tag":[],"class_list":{"0":"post-66581","1":"product","2":"type-product","3":"status-publish","4":"has-post-thumbnail","6":"product_cat-koupelna","8":"first","9":"instock","10":"sale","11":"shipping-taxable","12":"purchasable","13":"product-type-simple"},"yoast_head":"<!-- This site is optimized with the Yoast SEO plugin v26.8 - https:\/\/yoast.com\/product\/yoast-seo-wordpress\/ -->\n<title>Zna\u010dkov\u00fd Sprchov\u00e9 dve\u0159e MEXEN EXO k\u0159\u00eddlov\u00e9 80 cm - \u010dir\u00e9 - \u010dern\u00e9 - 817-080-000-70-00 -<\/title>\n<meta name=\"robots\" content=\"index, follow, max-snippet:-1, max-image-preview:large, max-video-preview:-1\" \/>\n<link rel=\"canonical\" href=\"https:\/\/www.oknobuild.com\/index.php\/produkt\/znackovy-sprchove-dvere-mexen-exo-kridlove-80-cm-cire-cerne-817-080-000-70-00-66581\/\" \/>\n<meta property=\"og:locale\" content=\"cs_CZ\" \/>\n<meta property=\"og:type\" content=\"article\" \/>\n<meta property=\"og:title\" content=\"Zna\u010dkov\u00fd Sprchov\u00e9 dve\u0159e MEXEN EXO k\u0159\u00eddlov\u00e9 80 cm - \u010dir\u00e9 - \u010dern\u00e9 - 817-080-000-70-00 -\" \/>\n<meta property=\"og:description\" content=\"Sprchov\u00e9 dve\u0159e MEXEN EXO 80 cm &#8211; \u010dir\u00e9 &#8211; \u010dern\u00e9 &#8211; 817-080-000-70-00 Modern\u00ed sprchov\u00e9 dve\u0159e Mexen Exo\u00a0jsou ide\u00e1ln\u00ed volbou pro ty, kte\u0159\u00ed hledaj\u00ed stylov\u00e9, funk\u010dn\u00ed a snadno udr\u017eovateln\u00e9 \u0159e\u0161en\u00ed do koupelny. D\u00edky univerz\u00e1ln\u00edmu zp\u016fsobu mont\u00e1\u017ee je mo\u017en\u00e9 je instalovat na pravou i levou stranu, a to bu\u010f na sprchovou vani\u010dku, nebo p\u0159\u00edmo na dla\u017ebu. Hlavn\u00ed [&hellip;]\" \/>\n<meta property=\"og:url\" content=\"https:\/\/www.oknobuild.com\/index.php\/produkt\/znackovy-sprchove-dvere-mexen-exo-kridlove-80-cm-cire-cerne-817-080-000-70-00-66581\/\" \/>\n<meta property=\"og:image\" content=\"https:\/\/www.oknobuild.com\/wp-content\/uploads\/2026\/SK0019310-CZ20260425-093041-0-1777080643-export_uew7-mq.webp\" \/>\n\t<meta property=\"og:image:width\" content=\"489\" \/>\n\t<meta property=\"og:image:height\" content=\"800\" \/>\n\t<meta property=\"og:image:type\" content=\"image\/webp\" \/>\n<meta name=\"twitter:card\" content=\"summary_large_image\" \/>\n<meta name=\"twitter:label1\" content=\"Odhadovan\u00e1 doba \u010dten\u00ed\" \/>\n\t<meta name=\"twitter:data1\" content=\"1 minuta\" \/>\n<script type=\"application\/ld+json\" class=\"yoast-schema-graph\">{\"@context\":\"https:\/\/schema.org\",\"@graph\":[{\"@type\":\"WebPage\",\"@id\":\"https:\/\/www.oknobuild.com\/index.php\/produkt\/znackovy-sprchove-dvere-mexen-exo-kridlove-80-cm-cire-cerne-817-080-000-70-00-66581\/\",\"url\":\"https:\/\/www.oknobuild.com\/index.php\/produkt\/znackovy-sprchove-dvere-mexen-exo-kridlove-80-cm-cire-cerne-817-080-000-70-00-66581\/\",\"name\":\"Zna\u010dkov\u00fd Sprchov\u00e9 dve\u0159e MEXEN EXO k\u0159\u00eddlov\u00e9 80 cm - \u010dir\u00e9 - \u010dern\u00e9 - 817-080-000-70-00 -\",\"isPartOf\":{\"@id\":\"https:\/\/www.oknobuild.com\/#website\"},\"primaryImageOfPage\":{\"@id\":\"https:\/\/www.oknobuild.com\/index.php\/produkt\/znackovy-sprchove-dvere-mexen-exo-kridlove-80-cm-cire-cerne-817-080-000-70-00-66581\/#primaryimage\"},\"image\":{\"@id\":\"https:\/\/www.oknobuild.com\/index.php\/produkt\/znackovy-sprchove-dvere-mexen-exo-kridlove-80-cm-cire-cerne-817-080-000-70-00-66581\/#primaryimage\"},\"thumbnailUrl\":\"https:\/\/www.oknobuild.com\/wp-content\/uploads\/2026\/SK0019310-CZ20260425-093041-0-1777080643-export_uew7-mq.webp\",\"datePublished\":\"2026-04-27T04:43:35+00:00\",\"breadcrumb\":{\"@id\":\"https:\/\/www.oknobuild.com\/index.php\/produkt\/znackovy-sprchove-dvere-mexen-exo-kridlove-80-cm-cire-cerne-817-080-000-70-00-66581\/#breadcrumb\"},\"inLanguage\":\"cs\",\"potentialAction\":[{\"@type\":\"ReadAction\",\"target\":[\"https:\/\/www.oknobuild.com\/index.php\/produkt\/znackovy-sprchove-dvere-mexen-exo-kridlove-80-cm-cire-cerne-817-080-000-70-00-66581\/\"]}]},{\"@type\":\"ImageObject\",\"inLanguage\":\"cs\",\"@id\":\"https:\/\/www.oknobuild.com\/index.php\/produkt\/znackovy-sprchove-dvere-mexen-exo-kridlove-80-cm-cire-cerne-817-080-000-70-00-66581\/#primaryimage\",\"url\":\"https:\/\/www.oknobuild.com\/wp-content\/uploads\/2026\/SK0019310-CZ20260425-093041-0-1777080643-export_uew7-mq.webp\",\"contentUrl\":\"https:\/\/www.oknobuild.com\/wp-content\/uploads\/2026\/SK0019310-CZ20260425-093041-0-1777080643-export_uew7-mq.webp\",\"width\":489,\"height\":800},{\"@type\":\"BreadcrumbList\",\"@id\":\"https:\/\/www.oknobuild.com\/index.php\/produkt\/znackovy-sprchove-dvere-mexen-exo-kridlove-80-cm-cire-cerne-817-080-000-70-00-66581\/#breadcrumb\",\"itemListElement\":[{\"@type\":\"ListItem\",\"position\":1,\"name\":\"Home\",\"item\":\"https:\/\/www.oknobuild.com\/\"},{\"@type\":\"ListItem\",\"position\":2,\"name\":\"Products\",\"item\":\"https:\/\/www.oknobuild.com\/index.php\/products\/\"},{\"@type\":\"ListItem\",\"position\":3,\"name\":\"Zna\u010dkov\u00fd Sprchov\u00e9 dve\u0159e MEXEN EXO k\u0159\u00eddlov\u00e9 80 cm &#8211; \u010dir\u00e9 &#8211; \u010dern\u00e9 &#8211; 817-080-000-70-00\"}]},{\"@type\":\"WebSite\",\"@id\":\"https:\/\/www.oknobuild.com\/#website\",\"url\":\"https:\/\/www.oknobuild.com\/\",\"name\":\"\",\"description\":\"\",\"potentialAction\":[{\"@type\":\"SearchAction\",\"target\":{\"@type\":\"EntryPoint\",\"urlTemplate\":\"https:\/\/www.oknobuild.com\/?s={search_term_string}\"},\"query-input\":{\"@type\":\"PropertyValueSpecification\",\"valueRequired\":true,\"valueName\":\"search_term_string\"}}],\"inLanguage\":\"cs\"}]}<\/script>\n<!-- \/ Yoast SEO plugin. -->","yoast_head_json":{"title":"Zna\u010dkov\u00fd Sprchov\u00e9 dve\u0159e MEXEN EXO k\u0159\u00eddlov\u00e9 80 cm - \u010dir\u00e9 - \u010dern\u00e9 - 817-080-000-70-00 -","robots":{"index":"index","follow":"follow","max-snippet":"max-snippet:-1","max-image-preview":"max-image-preview:large","max-video-preview":"max-video-preview:-1"},"canonical":"https:\/\/www.oknobuild.com\/index.php\/produkt\/znackovy-sprchove-dvere-mexen-exo-kridlove-80-cm-cire-cerne-817-080-000-70-00-66581\/","og_locale":"cs_CZ","og_type":"article","og_title":"Zna\u010dkov\u00fd Sprchov\u00e9 dve\u0159e MEXEN EXO k\u0159\u00eddlov\u00e9 80 cm - \u010dir\u00e9 - \u010dern\u00e9 - 817-080-000-70-00 -","og_description":"Sprchov\u00e9 dve\u0159e MEXEN EXO 80 cm &#8211; \u010dir\u00e9 &#8211; \u010dern\u00e9 &#8211; 817-080-000-70-00 Modern\u00ed sprchov\u00e9 dve\u0159e Mexen Exo\u00a0jsou ide\u00e1ln\u00ed volbou pro ty, kte\u0159\u00ed hledaj\u00ed stylov\u00e9, funk\u010dn\u00ed a snadno udr\u017eovateln\u00e9 \u0159e\u0161en\u00ed do koupelny. D\u00edky univerz\u00e1ln\u00edmu zp\u016fsobu mont\u00e1\u017ee je mo\u017en\u00e9 je instalovat na pravou i levou stranu, a to bu\u010f na sprchovou vani\u010dku, nebo p\u0159\u00edmo na dla\u017ebu. Hlavn\u00ed [&hellip;]","og_url":"https:\/\/www.oknobuild.com\/index.php\/produkt\/znackovy-sprchove-dvere-mexen-exo-kridlove-80-cm-cire-cerne-817-080-000-70-00-66581\/","og_image":[{"width":489,"height":800,"url":"https:\/\/www.oknobuild.com\/wp-content\/uploads\/2026\/SK0019310-CZ20260425-093041-0-1777080643-export_uew7-mq.webp","type":"image\/webp"}],"twitter_card":"summary_large_image","twitter_misc":{"Odhadovan\u00e1 doba \u010dten\u00ed":"1 minuta"},"schema":{"@context":"https:\/\/schema.org","@graph":[{"@type":"WebPage","@id":"https:\/\/www.oknobuild.com\/index.php\/produkt\/znackovy-sprchove-dvere-mexen-exo-kridlove-80-cm-cire-cerne-817-080-000-70-00-66581\/","url":"https:\/\/www.oknobuild.com\/index.php\/produkt\/znackovy-sprchove-dvere-mexen-exo-kridlove-80-cm-cire-cerne-817-080-000-70-00-66581\/","name":"Zna\u010dkov\u00fd Sprchov\u00e9 dve\u0159e MEXEN EXO k\u0159\u00eddlov\u00e9 80 cm - \u010dir\u00e9 - \u010dern\u00e9 - 817-080-000-70-00 -","isPartOf":{"@id":"https:\/\/www.oknobuild.com\/#website"},"primaryImageOfPage":{"@id":"https:\/\/www.oknobuild.com\/index.php\/produkt\/znackovy-sprchove-dvere-mexen-exo-kridlove-80-cm-cire-cerne-817-080-000-70-00-66581\/#primaryimage"},"image":{"@id":"https:\/\/www.oknobuild.com\/index.php\/produkt\/znackovy-sprchove-dvere-mexen-exo-kridlove-80-cm-cire-cerne-817-080-000-70-00-66581\/#primaryimage"},"thumbnailUrl":"https:\/\/www.oknobuild.com\/wp-content\/uploads\/2026\/SK0019310-CZ20260425-093041-0-1777080643-export_uew7-mq.webp","datePublished":"2026-04-27T04:43:35+00:00","breadcrumb":{"@id":"https:\/\/www.oknobuild.com\/index.php\/produkt\/znackovy-sprchove-dvere-mexen-exo-kridlove-80-cm-cire-cerne-817-080-000-70-00-66581\/#breadcrumb"},"inLanguage":"cs","potentialAction":[{"@type":"ReadAction","target":["https:\/\/www.oknobuild.com\/index.php\/produkt\/znackovy-sprchove-dvere-mexen-exo-kridlove-80-cm-cire-cerne-817-080-000-70-00-66581\/"]}]},{"@type":"ImageObject","inLanguage":"cs","@id":"https:\/\/www.oknobuild.com\/index.php\/produkt\/znackovy-sprchove-dvere-mexen-exo-kridlove-80-cm-cire-cerne-817-080-000-70-00-66581\/#primaryimage","url":"https:\/\/www.oknobuild.com\/wp-content\/uploads\/2026\/SK0019310-CZ20260425-093041-0-1777080643-export_uew7-mq.webp","contentUrl":"https:\/\/www.oknobuild.com\/wp-content\/uploads\/2026\/SK0019310-CZ20260425-093041-0-1777080643-export_uew7-mq.webp","width":489,"height":800},{"@type":"BreadcrumbList","@id":"https:\/\/www.oknobuild.com\/index.php\/produkt\/znackovy-sprchove-dvere-mexen-exo-kridlove-80-cm-cire-cerne-817-080-000-70-00-66581\/#breadcrumb","itemListElement":[{"@type":"ListItem","position":1,"name":"Home","item":"https:\/\/www.oknobuild.com\/"},{"@type":"ListItem","position":2,"name":"Products","item":"https:\/\/www.oknobuild.com\/index.php\/products\/"},{"@type":"ListItem","position":3,"name":"Zna\u010dkov\u00fd Sprchov\u00e9 dve\u0159e MEXEN EXO k\u0159\u00eddlov\u00e9 80 cm &#8211; \u010dir\u00e9 &#8211; \u010dern\u00e9 &#8211; 817-080-000-70-00"}]},{"@type":"WebSite","@id":"https:\/\/www.oknobuild.com\/#website","url":"https:\/\/www.oknobuild.com\/","name":"","description":"","potentialAction":[{"@type":"SearchAction","target":{"@type":"EntryPoint","urlTemplate":"https:\/\/www.oknobuild.com\/?s={search_term_string}"},"query-input":{"@type":"PropertyValueSpecification","valueRequired":true,"valueName":"search_term_string"}}],"inLanguage":"cs"}]}},"_links":{"self":[{"href":"https:\/\/www.oknobuild.com\/index.php\/wp-json\/wp\/v2\/product\/66581","targetHints":{"allow":["GET"]}}],"collection":[{"href":"https:\/\/www.oknobuild.com\/index.php\/wp-json\/wp\/v2\/product"}],"about":[{"href":"https:\/\/www.oknobuild.com\/index.php\/wp-json\/wp\/v2\/types\/product"}],"replies":[{"embeddable":true,"href":"https:\/\/www.oknobuild.com\/index.php\/wp-json\/wp\/v2\/comments?post=66581"}],"wp:featuredmedia":[{"embeddable":true,"href":"https:\/\/www.oknobuild.com\/index.php\/wp-json\/wp\/v2\/media\/66681"}],"wp:attachment":[{"href":"https:\/\/www.oknobuild.com\/index.php\/wp-json\/wp\/v2\/media?parent=66581"}],"wp:term":[{"taxonomy":"product_brand","embeddable":true,"href":"https:\/\/www.oknobuild.com\/index.php\/wp-json\/wp\/v2\/product_brand?post=66581"},{"taxonomy":"product_cat","embeddable":true,"href":"https:\/\/www.oknobuild.com\/index.php\/wp-json\/wp\/v2\/product_cat?post=66581"},{"taxonomy":"product_tag","embeddable":true,"href":"https:\/\/www.oknobuild.com\/index.php\/wp-json\/wp\/v2\/product_tag?post=66581"}],"curies":[{"name":"wp","href":"https:\/\/api.w.org\/{rel}","templated":true}]}}