{"id":67127,"date":"2026-04-27T04:43:36","date_gmt":"2026-04-27T04:43:36","guid":{"rendered":""},"modified":"2026-04-27T04:43:36","modified_gmt":"2026-04-27T04:43:36","slug":"znackovy-sapho-fianna-sklenene-umyvadlo-na-desku-o-42-cm-bronz-2501-21-67127","status":"publish","type":"product","link":"https:\/\/www.oknobuild.com\/index.php\/produkt\/znackovy-sapho-fianna-sklenene-umyvadlo-na-desku-o-42-cm-bronz-2501-21-67127\/","title":{"rendered":"Zna\u010dkov\u00fd Sapho FIANNA sklen\u011bn\u00e9 umyvadlo na desku \u00d8 42 cm, bronz 2501-21"},"content":{"rendered":"<div class=\"tabs__content-outer\" id=\"tab_description\" data-hash=\"description\" data-tabindex=\"-1\">\n<div class=\"tabs__content toggle_description\" id=\"content_description\">\n<div class=\"wysiwyg-content\">\n<div class=\"product__tab product__description full-width\">\n<div class=\"container\">\n<div >\n<h3>Sapho FIANNA sklen\u011bn\u00e9 umyvadlo na desku \u00d8 42 cm, bronz 2501-21<\/h3>\n<div>\n<ul dir=\"ltr\">\n<li>\n<div>Povrch: uvnit\u0159 hladk\u00fd, zespodu hladk\u00fd <\/div>\n<\/li>\n<li>Tlou\u0161\u0165ka st\u011bny umyvadla: 12 mm<\/li>\n<\/ul>\n<p>Tip: Doporu\u010dujeme pou\u017e\u00edt podlo\u017eku mezi umyvadlo a desku, kter\u00e1 umo\u017e\u0148uje snaz\u0161\u00ed upevn\u011bn\u00ed a ut\u011bsn\u011bn\u00ed umyvadel na desku, kde umyvadla ve spodn\u00ed \u010d\u00e1sti nemaj\u00ed rovnou plochu. V horn\u00ed i spodn\u00ed \u010d\u00e1sti podlo\u017eky je pr\u016fhledn\u00e9 t\u011bsn\u011bn\u00ed. Podlo\u017ekou pak proch\u00e1z\u00ed v\u00fdpust. Pro umyvadla bez p\u0159epadu doporu\u010dujeme uzav\u00edratelnou nebo neuzav\u00edratelnou v\u00fdpust s del\u0161\u00edm \u0161rouben\u00edm, s mo\u017enost\u00ed zkr\u00e1cen\u00ed podle tlou\u0161\u0165ky desky.<\/p>\n<p>Tip2: Kr\u00e1sa umyvadla je\u0161t\u011b v\u00edce vynikne p\u0159i pou\u017eit\u00ed podlo\u017eky s LED osv\u011btlen\u00edm WP94051LED. N\u00e1hled umyvadla s podlo\u017ekou viz fotogalerie.<\/p>\n<\/div>\n<p><\/p>\n<p><b>Vlastnosti<\/b><\/p>\n<ul>\n<li><span>Materi\u00e1l:<\/span> Sklo<\/li>\n<li><span>Barva:<\/span> Zlat\u00e1<\/li>\n<li><span>Instalace:<\/span> K postaven\u00ed<\/li>\n<li><span>P\u0159epad:<\/span> Ne<\/li>\n<li><span>Tvar:<\/span> Kruh<\/li>\n<li><span>Otvor pro baterii:<\/span> Bez otvoru<\/li>\n<li><span>Rozm\u011br:<\/span> 42&#215;14 cm<\/li>\n<li><span>\u0160\u00ed\u0159ka:<\/span> 420 mm<\/li>\n<li><span>V\u00fd\u0161ka:<\/span> 140 mm<\/li>\n<li><span>Pr\u016fm\u011br:<\/span> 420 mm<\/li>\n<li><span>Hloubka:<\/span> 420 mm<\/li>\n<li><span>Typ umyvadla:<\/span> Umyvadlo na desku<\/li>\n<\/ul>\n<\/div><\/div>\n<\/p><\/div>\n<\/p><\/div>\n<\/p><\/div>\n","protected":false},"excerpt":{"rendered":"<p>Sapho FIANNA sklen\u011bn\u00e9 umyvadlo na desku \u00d8 42 cm, bronz 2501-21 Povrch: uvnit\u0159 hladk\u00fd, zespodu hladk\u00fd Tlou\u0161\u0165ka st\u011bny umyvadla: 12 mm Tip: Doporu\u010dujeme pou\u017e\u00edt podlo\u017eku mezi umyvadlo a desku, kter\u00e1 umo\u017e\u0148uje snaz\u0161\u00ed upevn\u011bn\u00ed a ut\u011bsn\u011bn\u00ed umyvadel na desku, kde umyvadla ve spodn\u00ed \u010d\u00e1sti nemaj\u00ed rovnou plochu. V horn\u00ed i spodn\u00ed \u010d\u00e1sti podlo\u017eky je pr\u016fhledn\u00e9 t\u011bsn\u011bn\u00ed. [&hellip;]<\/p>\n","protected":false},"featured_media":67227,"comment_status":"open","ping_status":"open","template":"","meta":[],"product_brand":[],"product_cat":[71],"product_tag":[],"class_list":{"0":"post-67127","1":"product","2":"type-product","3":"status-publish","4":"has-post-thumbnail","6":"product_cat-koupelna","8":"first","9":"instock","10":"sale","11":"shipping-taxable","12":"purchasable","13":"product-type-simple"},"yoast_head":"<!-- This site is optimized with the Yoast SEO plugin v26.8 - https:\/\/yoast.com\/product\/yoast-seo-wordpress\/ -->\n<title>Zna\u010dkov\u00fd Sapho FIANNA sklen\u011bn\u00e9 umyvadlo na desku \u00d8 42 cm, bronz 2501-21 -<\/title>\n<meta name=\"robots\" content=\"index, follow, max-snippet:-1, max-image-preview:large, max-video-preview:-1\" \/>\n<link rel=\"canonical\" href=\"https:\/\/www.oknobuild.com\/index.php\/produkt\/znackovy-sapho-fianna-sklenene-umyvadlo-na-desku-o-42-cm-bronz-2501-21-67127\/\" \/>\n<meta property=\"og:locale\" content=\"cs_CZ\" \/>\n<meta property=\"og:type\" content=\"article\" \/>\n<meta property=\"og:title\" content=\"Zna\u010dkov\u00fd Sapho FIANNA sklen\u011bn\u00e9 umyvadlo na desku \u00d8 42 cm, bronz 2501-21 -\" \/>\n<meta property=\"og:description\" content=\"Sapho FIANNA sklen\u011bn\u00e9 umyvadlo na desku \u00d8 42 cm, bronz 2501-21 Povrch: uvnit\u0159 hladk\u00fd, zespodu hladk\u00fd Tlou\u0161\u0165ka st\u011bny umyvadla: 12 mm Tip: Doporu\u010dujeme pou\u017e\u00edt podlo\u017eku mezi umyvadlo a desku, kter\u00e1 umo\u017e\u0148uje snaz\u0161\u00ed upevn\u011bn\u00ed a ut\u011bsn\u011bn\u00ed umyvadel na desku, kde umyvadla ve spodn\u00ed \u010d\u00e1sti nemaj\u00ed rovnou plochu. V horn\u00ed i spodn\u00ed \u010d\u00e1sti podlo\u017eky je pr\u016fhledn\u00e9 t\u011bsn\u011bn\u00ed. [&hellip;]\" \/>\n<meta property=\"og:url\" content=\"https:\/\/www.oknobuild.com\/index.php\/produkt\/znackovy-sapho-fianna-sklenene-umyvadlo-na-desku-o-42-cm-bronz-2501-21-67127\/\" \/>\n<meta property=\"og:image\" content=\"https:\/\/www.oknobuild.com\/wp-content\/uploads\/2026\/SK0019561-CZ20260425-093041-0-1777080643-5d50ce4b4e4cc783b3cf385796b921cb.webp\" \/>\n\t<meta property=\"og:image:width\" content=\"1000\" \/>\n\t<meta property=\"og:image:height\" content=\"660\" \/>\n\t<meta property=\"og:image:type\" content=\"image\/webp\" \/>\n<meta name=\"twitter:card\" content=\"summary_large_image\" \/>\n<meta name=\"twitter:label1\" content=\"Odhadovan\u00e1 doba \u010dten\u00ed\" \/>\n\t<meta name=\"twitter:data1\" content=\"1 minuta\" \/>\n<script type=\"application\/ld+json\" class=\"yoast-schema-graph\">{\"@context\":\"https:\/\/schema.org\",\"@graph\":[{\"@type\":\"WebPage\",\"@id\":\"https:\/\/www.oknobuild.com\/index.php\/produkt\/znackovy-sapho-fianna-sklenene-umyvadlo-na-desku-o-42-cm-bronz-2501-21-67127\/\",\"url\":\"https:\/\/www.oknobuild.com\/index.php\/produkt\/znackovy-sapho-fianna-sklenene-umyvadlo-na-desku-o-42-cm-bronz-2501-21-67127\/\",\"name\":\"Zna\u010dkov\u00fd Sapho FIANNA sklen\u011bn\u00e9 umyvadlo na desku \u00d8 42 cm, bronz 2501-21 -\",\"isPartOf\":{\"@id\":\"https:\/\/www.oknobuild.com\/#website\"},\"primaryImageOfPage\":{\"@id\":\"https:\/\/www.oknobuild.com\/index.php\/produkt\/znackovy-sapho-fianna-sklenene-umyvadlo-na-desku-o-42-cm-bronz-2501-21-67127\/#primaryimage\"},\"image\":{\"@id\":\"https:\/\/www.oknobuild.com\/index.php\/produkt\/znackovy-sapho-fianna-sklenene-umyvadlo-na-desku-o-42-cm-bronz-2501-21-67127\/#primaryimage\"},\"thumbnailUrl\":\"https:\/\/www.oknobuild.com\/wp-content\/uploads\/2026\/SK0019561-CZ20260425-093041-0-1777080643-5d50ce4b4e4cc783b3cf385796b921cb.webp\",\"datePublished\":\"2026-04-27T04:43:36+00:00\",\"breadcrumb\":{\"@id\":\"https:\/\/www.oknobuild.com\/index.php\/produkt\/znackovy-sapho-fianna-sklenene-umyvadlo-na-desku-o-42-cm-bronz-2501-21-67127\/#breadcrumb\"},\"inLanguage\":\"cs\",\"potentialAction\":[{\"@type\":\"ReadAction\",\"target\":[\"https:\/\/www.oknobuild.com\/index.php\/produkt\/znackovy-sapho-fianna-sklenene-umyvadlo-na-desku-o-42-cm-bronz-2501-21-67127\/\"]}]},{\"@type\":\"ImageObject\",\"inLanguage\":\"cs\",\"@id\":\"https:\/\/www.oknobuild.com\/index.php\/produkt\/znackovy-sapho-fianna-sklenene-umyvadlo-na-desku-o-42-cm-bronz-2501-21-67127\/#primaryimage\",\"url\":\"https:\/\/www.oknobuild.com\/wp-content\/uploads\/2026\/SK0019561-CZ20260425-093041-0-1777080643-5d50ce4b4e4cc783b3cf385796b921cb.webp\",\"contentUrl\":\"https:\/\/www.oknobuild.com\/wp-content\/uploads\/2026\/SK0019561-CZ20260425-093041-0-1777080643-5d50ce4b4e4cc783b3cf385796b921cb.webp\",\"width\":1000,\"height\":660},{\"@type\":\"BreadcrumbList\",\"@id\":\"https:\/\/www.oknobuild.com\/index.php\/produkt\/znackovy-sapho-fianna-sklenene-umyvadlo-na-desku-o-42-cm-bronz-2501-21-67127\/#breadcrumb\",\"itemListElement\":[{\"@type\":\"ListItem\",\"position\":1,\"name\":\"Home\",\"item\":\"https:\/\/www.oknobuild.com\/\"},{\"@type\":\"ListItem\",\"position\":2,\"name\":\"Products\",\"item\":\"https:\/\/www.oknobuild.com\/index.php\/products\/\"},{\"@type\":\"ListItem\",\"position\":3,\"name\":\"Zna\u010dkov\u00fd Sapho FIANNA sklen\u011bn\u00e9 umyvadlo na desku \u00d8 42 cm, bronz 2501-21\"}]},{\"@type\":\"WebSite\",\"@id\":\"https:\/\/www.oknobuild.com\/#website\",\"url\":\"https:\/\/www.oknobuild.com\/\",\"name\":\"\",\"description\":\"\",\"potentialAction\":[{\"@type\":\"SearchAction\",\"target\":{\"@type\":\"EntryPoint\",\"urlTemplate\":\"https:\/\/www.oknobuild.com\/?s={search_term_string}\"},\"query-input\":{\"@type\":\"PropertyValueSpecification\",\"valueRequired\":true,\"valueName\":\"search_term_string\"}}],\"inLanguage\":\"cs\"}]}<\/script>\n<!-- \/ Yoast SEO plugin. -->","yoast_head_json":{"title":"Zna\u010dkov\u00fd Sapho FIANNA sklen\u011bn\u00e9 umyvadlo na desku \u00d8 42 cm, bronz 2501-21 -","robots":{"index":"index","follow":"follow","max-snippet":"max-snippet:-1","max-image-preview":"max-image-preview:large","max-video-preview":"max-video-preview:-1"},"canonical":"https:\/\/www.oknobuild.com\/index.php\/produkt\/znackovy-sapho-fianna-sklenene-umyvadlo-na-desku-o-42-cm-bronz-2501-21-67127\/","og_locale":"cs_CZ","og_type":"article","og_title":"Zna\u010dkov\u00fd Sapho FIANNA sklen\u011bn\u00e9 umyvadlo na desku \u00d8 42 cm, bronz 2501-21 -","og_description":"Sapho FIANNA sklen\u011bn\u00e9 umyvadlo na desku \u00d8 42 cm, bronz 2501-21 Povrch: uvnit\u0159 hladk\u00fd, zespodu hladk\u00fd Tlou\u0161\u0165ka st\u011bny umyvadla: 12 mm Tip: Doporu\u010dujeme pou\u017e\u00edt podlo\u017eku mezi umyvadlo a desku, kter\u00e1 umo\u017e\u0148uje snaz\u0161\u00ed upevn\u011bn\u00ed a ut\u011bsn\u011bn\u00ed umyvadel na desku, kde umyvadla ve spodn\u00ed \u010d\u00e1sti nemaj\u00ed rovnou plochu. V horn\u00ed i spodn\u00ed \u010d\u00e1sti podlo\u017eky je pr\u016fhledn\u00e9 t\u011bsn\u011bn\u00ed. [&hellip;]","og_url":"https:\/\/www.oknobuild.com\/index.php\/produkt\/znackovy-sapho-fianna-sklenene-umyvadlo-na-desku-o-42-cm-bronz-2501-21-67127\/","og_image":[{"width":1000,"height":660,"url":"https:\/\/www.oknobuild.com\/wp-content\/uploads\/2026\/SK0019561-CZ20260425-093041-0-1777080643-5d50ce4b4e4cc783b3cf385796b921cb.webp","type":"image\/webp"}],"twitter_card":"summary_large_image","twitter_misc":{"Odhadovan\u00e1 doba \u010dten\u00ed":"1 minuta"},"schema":{"@context":"https:\/\/schema.org","@graph":[{"@type":"WebPage","@id":"https:\/\/www.oknobuild.com\/index.php\/produkt\/znackovy-sapho-fianna-sklenene-umyvadlo-na-desku-o-42-cm-bronz-2501-21-67127\/","url":"https:\/\/www.oknobuild.com\/index.php\/produkt\/znackovy-sapho-fianna-sklenene-umyvadlo-na-desku-o-42-cm-bronz-2501-21-67127\/","name":"Zna\u010dkov\u00fd Sapho FIANNA sklen\u011bn\u00e9 umyvadlo na desku \u00d8 42 cm, bronz 2501-21 -","isPartOf":{"@id":"https:\/\/www.oknobuild.com\/#website"},"primaryImageOfPage":{"@id":"https:\/\/www.oknobuild.com\/index.php\/produkt\/znackovy-sapho-fianna-sklenene-umyvadlo-na-desku-o-42-cm-bronz-2501-21-67127\/#primaryimage"},"image":{"@id":"https:\/\/www.oknobuild.com\/index.php\/produkt\/znackovy-sapho-fianna-sklenene-umyvadlo-na-desku-o-42-cm-bronz-2501-21-67127\/#primaryimage"},"thumbnailUrl":"https:\/\/www.oknobuild.com\/wp-content\/uploads\/2026\/SK0019561-CZ20260425-093041-0-1777080643-5d50ce4b4e4cc783b3cf385796b921cb.webp","datePublished":"2026-04-27T04:43:36+00:00","breadcrumb":{"@id":"https:\/\/www.oknobuild.com\/index.php\/produkt\/znackovy-sapho-fianna-sklenene-umyvadlo-na-desku-o-42-cm-bronz-2501-21-67127\/#breadcrumb"},"inLanguage":"cs","potentialAction":[{"@type":"ReadAction","target":["https:\/\/www.oknobuild.com\/index.php\/produkt\/znackovy-sapho-fianna-sklenene-umyvadlo-na-desku-o-42-cm-bronz-2501-21-67127\/"]}]},{"@type":"ImageObject","inLanguage":"cs","@id":"https:\/\/www.oknobuild.com\/index.php\/produkt\/znackovy-sapho-fianna-sklenene-umyvadlo-na-desku-o-42-cm-bronz-2501-21-67127\/#primaryimage","url":"https:\/\/www.oknobuild.com\/wp-content\/uploads\/2026\/SK0019561-CZ20260425-093041-0-1777080643-5d50ce4b4e4cc783b3cf385796b921cb.webp","contentUrl":"https:\/\/www.oknobuild.com\/wp-content\/uploads\/2026\/SK0019561-CZ20260425-093041-0-1777080643-5d50ce4b4e4cc783b3cf385796b921cb.webp","width":1000,"height":660},{"@type":"BreadcrumbList","@id":"https:\/\/www.oknobuild.com\/index.php\/produkt\/znackovy-sapho-fianna-sklenene-umyvadlo-na-desku-o-42-cm-bronz-2501-21-67127\/#breadcrumb","itemListElement":[{"@type":"ListItem","position":1,"name":"Home","item":"https:\/\/www.oknobuild.com\/"},{"@type":"ListItem","position":2,"name":"Products","item":"https:\/\/www.oknobuild.com\/index.php\/products\/"},{"@type":"ListItem","position":3,"name":"Zna\u010dkov\u00fd Sapho FIANNA sklen\u011bn\u00e9 umyvadlo na desku \u00d8 42 cm, bronz 2501-21"}]},{"@type":"WebSite","@id":"https:\/\/www.oknobuild.com\/#website","url":"https:\/\/www.oknobuild.com\/","name":"","description":"","potentialAction":[{"@type":"SearchAction","target":{"@type":"EntryPoint","urlTemplate":"https:\/\/www.oknobuild.com\/?s={search_term_string}"},"query-input":{"@type":"PropertyValueSpecification","valueRequired":true,"valueName":"search_term_string"}}],"inLanguage":"cs"}]}},"_links":{"self":[{"href":"https:\/\/www.oknobuild.com\/index.php\/wp-json\/wp\/v2\/product\/67127","targetHints":{"allow":["GET"]}}],"collection":[{"href":"https:\/\/www.oknobuild.com\/index.php\/wp-json\/wp\/v2\/product"}],"about":[{"href":"https:\/\/www.oknobuild.com\/index.php\/wp-json\/wp\/v2\/types\/product"}],"replies":[{"embeddable":true,"href":"https:\/\/www.oknobuild.com\/index.php\/wp-json\/wp\/v2\/comments?post=67127"}],"wp:featuredmedia":[{"embeddable":true,"href":"https:\/\/www.oknobuild.com\/index.php\/wp-json\/wp\/v2\/media\/67227"}],"wp:attachment":[{"href":"https:\/\/www.oknobuild.com\/index.php\/wp-json\/wp\/v2\/media?parent=67127"}],"wp:term":[{"taxonomy":"product_brand","embeddable":true,"href":"https:\/\/www.oknobuild.com\/index.php\/wp-json\/wp\/v2\/product_brand?post=67127"},{"taxonomy":"product_cat","embeddable":true,"href":"https:\/\/www.oknobuild.com\/index.php\/wp-json\/wp\/v2\/product_cat?post=67127"},{"taxonomy":"product_tag","embeddable":true,"href":"https:\/\/www.oknobuild.com\/index.php\/wp-json\/wp\/v2\/product_tag?post=67127"}],"curies":[{"name":"wp","href":"https:\/\/api.w.org\/{rel}","templated":true}]}}