{"id":67145,"date":"2026-04-27T04:43:36","date_gmt":"2026-04-27T04:43:36","guid":{"rendered":""},"modified":"2026-04-27T04:43:36","modified_gmt":"2026-04-27T04:43:36","slug":"zlevneny-sada-rucniku-maribella-3-kusy-svetle-bezova-mandala-67145","status":"publish","type":"product","link":"https:\/\/www.oknobuild.com\/index.php\/produkt\/zlevneny-sada-rucniku-maribella-3-kusy-svetle-bezova-mandala-67145\/","title":{"rendered":"Zlevn\u011bn\u00fd Sada ru\u010dn\u00edk\u016f MARIBELLA &#8211; 3 kusy &#8211; sv\u011btle b\u00e9\u017eov\u00e1\/mandala"},"content":{"rendered":"<div class=\"tabs__content-outer\" id=\"tab_description\" data-hash=\"description\" data-tabindex=\"-1\">\n<div class=\"tabs__content toggle_description\" id=\"content_description\">\n<div class=\"wysiwyg-content\">\n<div class=\"product__tab product__description full-width\">\n<div class=\"container\">\n<div >\n<h3>Sada ru\u010dn\u00edk\u016f MARIBELLA &#8211; 3 kusy &#8211; sv\u011btle b\u00e9\u017eov\u00e1\/mandala<\/h3>\n<p>Ru\u010dn\u00edky MARIBELLA jsou vyrobeny ze 100% bavlny s vysokou gram\u00e1\u017e\u00ed, co\u017e zaru\u010duje p\u0159\u00edjemn\u00e9 pou\u017eit\u00ed po ka\u017ed\u00e9 koupeli. Ka\u017ed\u00fd ru\u010dn\u00edk je zdoben decentn\u00ed, elegantn\u00ed v\u00fd\u0161ivkou \u2013 vypad\u00e1 kr\u00e1sn\u011b v ka\u017ed\u00e9 koupeln\u011b a pot\u011b\u0161\u00ed hosty. D\u00edky pe\u010dliv\u00e9mu zpracov\u00e1n\u00ed se tyto ru\u010dn\u00edky nesraz\u00ed ani neztrat\u00ed barvu a vypadaj\u00ed jako nov\u00e9 i po mnoha pran\u00edch. Sada ru\u010dn\u00edk\u016f je vhodn\u00e1 tak\u00e9 jako praktick\u00fd d\u00e1rek, kter\u00fd jist\u011b pot\u011b\u0161\u00ed.<\/p>\n<p><strong>Obsah sady:<\/strong><\/p>\n<ul>\n<li>1x ru\u010dn\u00edk 30&#215;50 cm &#8211; na ruce\/tv\u00e1\u0159<\/li>\n<li>1x ru\u010dn\u00edk 50&#215;100 cm &#8211; pro denn\u00ed pou\u017eit\u00ed<\/li>\n<li>1x ru\u010dn\u00edk\/osu\u0161ka 70&#215;140 cm &#8211; pln\u00e9 pohodl\u00ed po koup\u00e1n\u00ed<\/li>\n<\/ul>\n<p><strong>Parametry:<\/strong><\/p>\n<ul>\n<li>materi\u00e1l: 100% bavlna<\/li>\n<li>gram\u00e1\u017e: 420 g\/m\u00b2<\/li>\n<li>dekora\u010dn\u00ed v\u00fd\u0161ivka<\/li>\n<li>mo\u017enost pran\u00ed na 60\u00b0C<\/li>\n<\/ul>\n<p><\/p>\n<p><b>Vlastnosti<\/b><\/p>\n<ul>\n<li><span>Materi\u00e1l:<\/span> Bavlna<\/li>\n<li><span>Tolerance rozm\u011bru:<\/span> 5%<\/li>\n<li><span>Gram\u00e1\u017e:<\/span> 400 g\/m2<\/li>\n<li><span>Rozm\u011br:<\/span> 30&#215;50+70&#215;140+50&#215;100 cm<\/li>\n<li><span>Tkanina:<\/span> Bavlna<\/li>\n<li><span>Certfifik\u00e1t Oeko-Tex\u00ae:<\/span> Ano<\/li>\n<li><span>Pran\u00ed:<\/span> <Brak><\/li>\n<li><span>\u017dehlen\u00ed:<\/span> Chyb\u00ed<\/li>\n<li><span>Su\u0161en\u00ed:<\/span> <Brak><\/li>\n<\/ul>\n<\/div><\/div>\n<\/p><\/div>\n<\/p><\/div>\n<\/p><\/div>\n","protected":false},"excerpt":{"rendered":"<p>Sada ru\u010dn\u00edk\u016f MARIBELLA &#8211; 3 kusy &#8211; sv\u011btle b\u00e9\u017eov\u00e1\/mandala Ru\u010dn\u00edky MARIBELLA jsou vyrobeny ze 100% bavlny s vysokou gram\u00e1\u017e\u00ed, co\u017e zaru\u010duje p\u0159\u00edjemn\u00e9 pou\u017eit\u00ed po ka\u017ed\u00e9 koupeli. Ka\u017ed\u00fd ru\u010dn\u00edk je zdoben decentn\u00ed, elegantn\u00ed v\u00fd\u0161ivkou \u2013 vypad\u00e1 kr\u00e1sn\u011b v ka\u017ed\u00e9 koupeln\u011b a pot\u011b\u0161\u00ed hosty. D\u00edky pe\u010dliv\u00e9mu zpracov\u00e1n\u00ed se tyto ru\u010dn\u00edky nesraz\u00ed ani neztrat\u00ed barvu a vypadaj\u00ed jako [&hellip;]<\/p>\n","protected":false},"featured_media":67245,"comment_status":"open","ping_status":"open","template":"","meta":[],"product_brand":[],"product_cat":[71],"product_tag":[],"class_list":{"0":"post-67145","1":"product","2":"type-product","3":"status-publish","4":"has-post-thumbnail","6":"product_cat-koupelna","8":"first","9":"instock","10":"sale","11":"shipping-taxable","12":"purchasable","13":"product-type-simple"},"yoast_head":"<!-- This site is optimized with the Yoast SEO plugin v26.8 - https:\/\/yoast.com\/product\/yoast-seo-wordpress\/ -->\n<title>Zlevn\u011bn\u00fd Sada ru\u010dn\u00edk\u016f MARIBELLA - 3 kusy - sv\u011btle b\u00e9\u017eov\u00e1\/mandala -<\/title>\n<meta name=\"robots\" content=\"index, follow, max-snippet:-1, max-image-preview:large, max-video-preview:-1\" \/>\n<link rel=\"canonical\" href=\"https:\/\/www.oknobuild.com\/index.php\/produkt\/zlevneny-sada-rucniku-maribella-3-kusy-svetle-bezova-mandala-67145\/\" \/>\n<meta property=\"og:locale\" content=\"cs_CZ\" \/>\n<meta property=\"og:type\" content=\"article\" \/>\n<meta property=\"og:title\" content=\"Zlevn\u011bn\u00fd Sada ru\u010dn\u00edk\u016f MARIBELLA - 3 kusy - sv\u011btle b\u00e9\u017eov\u00e1\/mandala -\" \/>\n<meta property=\"og:description\" content=\"Sada ru\u010dn\u00edk\u016f MARIBELLA &#8211; 3 kusy &#8211; sv\u011btle b\u00e9\u017eov\u00e1\/mandala Ru\u010dn\u00edky MARIBELLA jsou vyrobeny ze 100% bavlny s vysokou gram\u00e1\u017e\u00ed, co\u017e zaru\u010duje p\u0159\u00edjemn\u00e9 pou\u017eit\u00ed po ka\u017ed\u00e9 koupeli. Ka\u017ed\u00fd ru\u010dn\u00edk je zdoben decentn\u00ed, elegantn\u00ed v\u00fd\u0161ivkou \u2013 vypad\u00e1 kr\u00e1sn\u011b v ka\u017ed\u00e9 koupeln\u011b a pot\u011b\u0161\u00ed hosty. D\u00edky pe\u010dliv\u00e9mu zpracov\u00e1n\u00ed se tyto ru\u010dn\u00edky nesraz\u00ed ani neztrat\u00ed barvu a vypadaj\u00ed jako [&hellip;]\" \/>\n<meta property=\"og:url\" content=\"https:\/\/www.oknobuild.com\/index.php\/produkt\/zlevneny-sada-rucniku-maribella-3-kusy-svetle-bezova-mandala-67145\/\" \/>\n<meta property=\"og:image\" content=\"https:\/\/www.oknobuild.com\/wp-content\/uploads\/2026\/SK0019579-CZ20260425-093041-0-1777080643-31571_79631.webp\" \/>\n\t<meta property=\"og:image:width\" content=\"514\" \/>\n\t<meta property=\"og:image:height\" content=\"800\" \/>\n\t<meta property=\"og:image:type\" content=\"image\/webp\" \/>\n<meta name=\"twitter:card\" content=\"summary_large_image\" \/>\n<meta name=\"twitter:label1\" content=\"Odhadovan\u00e1 doba \u010dten\u00ed\" \/>\n\t<meta name=\"twitter:data1\" content=\"1 minuta\" \/>\n<script type=\"application\/ld+json\" class=\"yoast-schema-graph\">{\"@context\":\"https:\/\/schema.org\",\"@graph\":[{\"@type\":\"WebPage\",\"@id\":\"https:\/\/www.oknobuild.com\/index.php\/produkt\/zlevneny-sada-rucniku-maribella-3-kusy-svetle-bezova-mandala-67145\/\",\"url\":\"https:\/\/www.oknobuild.com\/index.php\/produkt\/zlevneny-sada-rucniku-maribella-3-kusy-svetle-bezova-mandala-67145\/\",\"name\":\"Zlevn\u011bn\u00fd Sada ru\u010dn\u00edk\u016f MARIBELLA - 3 kusy - sv\u011btle b\u00e9\u017eov\u00e1\/mandala -\",\"isPartOf\":{\"@id\":\"https:\/\/www.oknobuild.com\/#website\"},\"primaryImageOfPage\":{\"@id\":\"https:\/\/www.oknobuild.com\/index.php\/produkt\/zlevneny-sada-rucniku-maribella-3-kusy-svetle-bezova-mandala-67145\/#primaryimage\"},\"image\":{\"@id\":\"https:\/\/www.oknobuild.com\/index.php\/produkt\/zlevneny-sada-rucniku-maribella-3-kusy-svetle-bezova-mandala-67145\/#primaryimage\"},\"thumbnailUrl\":\"https:\/\/www.oknobuild.com\/wp-content\/uploads\/2026\/SK0019579-CZ20260425-093041-0-1777080643-31571_79631.webp\",\"datePublished\":\"2026-04-27T04:43:36+00:00\",\"breadcrumb\":{\"@id\":\"https:\/\/www.oknobuild.com\/index.php\/produkt\/zlevneny-sada-rucniku-maribella-3-kusy-svetle-bezova-mandala-67145\/#breadcrumb\"},\"inLanguage\":\"cs\",\"potentialAction\":[{\"@type\":\"ReadAction\",\"target\":[\"https:\/\/www.oknobuild.com\/index.php\/produkt\/zlevneny-sada-rucniku-maribella-3-kusy-svetle-bezova-mandala-67145\/\"]}]},{\"@type\":\"ImageObject\",\"inLanguage\":\"cs\",\"@id\":\"https:\/\/www.oknobuild.com\/index.php\/produkt\/zlevneny-sada-rucniku-maribella-3-kusy-svetle-bezova-mandala-67145\/#primaryimage\",\"url\":\"https:\/\/www.oknobuild.com\/wp-content\/uploads\/2026\/SK0019579-CZ20260425-093041-0-1777080643-31571_79631.webp\",\"contentUrl\":\"https:\/\/www.oknobuild.com\/wp-content\/uploads\/2026\/SK0019579-CZ20260425-093041-0-1777080643-31571_79631.webp\",\"width\":514,\"height\":800},{\"@type\":\"BreadcrumbList\",\"@id\":\"https:\/\/www.oknobuild.com\/index.php\/produkt\/zlevneny-sada-rucniku-maribella-3-kusy-svetle-bezova-mandala-67145\/#breadcrumb\",\"itemListElement\":[{\"@type\":\"ListItem\",\"position\":1,\"name\":\"Home\",\"item\":\"https:\/\/www.oknobuild.com\/\"},{\"@type\":\"ListItem\",\"position\":2,\"name\":\"Products\",\"item\":\"https:\/\/www.oknobuild.com\/index.php\/products\/\"},{\"@type\":\"ListItem\",\"position\":3,\"name\":\"Zlevn\u011bn\u00fd Sada ru\u010dn\u00edk\u016f MARIBELLA &#8211; 3 kusy &#8211; sv\u011btle b\u00e9\u017eov\u00e1\/mandala\"}]},{\"@type\":\"WebSite\",\"@id\":\"https:\/\/www.oknobuild.com\/#website\",\"url\":\"https:\/\/www.oknobuild.com\/\",\"name\":\"\",\"description\":\"\",\"potentialAction\":[{\"@type\":\"SearchAction\",\"target\":{\"@type\":\"EntryPoint\",\"urlTemplate\":\"https:\/\/www.oknobuild.com\/?s={search_term_string}\"},\"query-input\":{\"@type\":\"PropertyValueSpecification\",\"valueRequired\":true,\"valueName\":\"search_term_string\"}}],\"inLanguage\":\"cs\"}]}<\/script>\n<!-- \/ Yoast SEO plugin. -->","yoast_head_json":{"title":"Zlevn\u011bn\u00fd Sada ru\u010dn\u00edk\u016f MARIBELLA - 3 kusy - sv\u011btle b\u00e9\u017eov\u00e1\/mandala -","robots":{"index":"index","follow":"follow","max-snippet":"max-snippet:-1","max-image-preview":"max-image-preview:large","max-video-preview":"max-video-preview:-1"},"canonical":"https:\/\/www.oknobuild.com\/index.php\/produkt\/zlevneny-sada-rucniku-maribella-3-kusy-svetle-bezova-mandala-67145\/","og_locale":"cs_CZ","og_type":"article","og_title":"Zlevn\u011bn\u00fd Sada ru\u010dn\u00edk\u016f MARIBELLA - 3 kusy - sv\u011btle b\u00e9\u017eov\u00e1\/mandala -","og_description":"Sada ru\u010dn\u00edk\u016f MARIBELLA &#8211; 3 kusy &#8211; sv\u011btle b\u00e9\u017eov\u00e1\/mandala Ru\u010dn\u00edky MARIBELLA jsou vyrobeny ze 100% bavlny s vysokou gram\u00e1\u017e\u00ed, co\u017e zaru\u010duje p\u0159\u00edjemn\u00e9 pou\u017eit\u00ed po ka\u017ed\u00e9 koupeli. Ka\u017ed\u00fd ru\u010dn\u00edk je zdoben decentn\u00ed, elegantn\u00ed v\u00fd\u0161ivkou \u2013 vypad\u00e1 kr\u00e1sn\u011b v ka\u017ed\u00e9 koupeln\u011b a pot\u011b\u0161\u00ed hosty. D\u00edky pe\u010dliv\u00e9mu zpracov\u00e1n\u00ed se tyto ru\u010dn\u00edky nesraz\u00ed ani neztrat\u00ed barvu a vypadaj\u00ed jako [&hellip;]","og_url":"https:\/\/www.oknobuild.com\/index.php\/produkt\/zlevneny-sada-rucniku-maribella-3-kusy-svetle-bezova-mandala-67145\/","og_image":[{"width":514,"height":800,"url":"https:\/\/www.oknobuild.com\/wp-content\/uploads\/2026\/SK0019579-CZ20260425-093041-0-1777080643-31571_79631.webp","type":"image\/webp"}],"twitter_card":"summary_large_image","twitter_misc":{"Odhadovan\u00e1 doba \u010dten\u00ed":"1 minuta"},"schema":{"@context":"https:\/\/schema.org","@graph":[{"@type":"WebPage","@id":"https:\/\/www.oknobuild.com\/index.php\/produkt\/zlevneny-sada-rucniku-maribella-3-kusy-svetle-bezova-mandala-67145\/","url":"https:\/\/www.oknobuild.com\/index.php\/produkt\/zlevneny-sada-rucniku-maribella-3-kusy-svetle-bezova-mandala-67145\/","name":"Zlevn\u011bn\u00fd Sada ru\u010dn\u00edk\u016f MARIBELLA - 3 kusy - sv\u011btle b\u00e9\u017eov\u00e1\/mandala -","isPartOf":{"@id":"https:\/\/www.oknobuild.com\/#website"},"primaryImageOfPage":{"@id":"https:\/\/www.oknobuild.com\/index.php\/produkt\/zlevneny-sada-rucniku-maribella-3-kusy-svetle-bezova-mandala-67145\/#primaryimage"},"image":{"@id":"https:\/\/www.oknobuild.com\/index.php\/produkt\/zlevneny-sada-rucniku-maribella-3-kusy-svetle-bezova-mandala-67145\/#primaryimage"},"thumbnailUrl":"https:\/\/www.oknobuild.com\/wp-content\/uploads\/2026\/SK0019579-CZ20260425-093041-0-1777080643-31571_79631.webp","datePublished":"2026-04-27T04:43:36+00:00","breadcrumb":{"@id":"https:\/\/www.oknobuild.com\/index.php\/produkt\/zlevneny-sada-rucniku-maribella-3-kusy-svetle-bezova-mandala-67145\/#breadcrumb"},"inLanguage":"cs","potentialAction":[{"@type":"ReadAction","target":["https:\/\/www.oknobuild.com\/index.php\/produkt\/zlevneny-sada-rucniku-maribella-3-kusy-svetle-bezova-mandala-67145\/"]}]},{"@type":"ImageObject","inLanguage":"cs","@id":"https:\/\/www.oknobuild.com\/index.php\/produkt\/zlevneny-sada-rucniku-maribella-3-kusy-svetle-bezova-mandala-67145\/#primaryimage","url":"https:\/\/www.oknobuild.com\/wp-content\/uploads\/2026\/SK0019579-CZ20260425-093041-0-1777080643-31571_79631.webp","contentUrl":"https:\/\/www.oknobuild.com\/wp-content\/uploads\/2026\/SK0019579-CZ20260425-093041-0-1777080643-31571_79631.webp","width":514,"height":800},{"@type":"BreadcrumbList","@id":"https:\/\/www.oknobuild.com\/index.php\/produkt\/zlevneny-sada-rucniku-maribella-3-kusy-svetle-bezova-mandala-67145\/#breadcrumb","itemListElement":[{"@type":"ListItem","position":1,"name":"Home","item":"https:\/\/www.oknobuild.com\/"},{"@type":"ListItem","position":2,"name":"Products","item":"https:\/\/www.oknobuild.com\/index.php\/products\/"},{"@type":"ListItem","position":3,"name":"Zlevn\u011bn\u00fd Sada ru\u010dn\u00edk\u016f MARIBELLA &#8211; 3 kusy &#8211; sv\u011btle b\u00e9\u017eov\u00e1\/mandala"}]},{"@type":"WebSite","@id":"https:\/\/www.oknobuild.com\/#website","url":"https:\/\/www.oknobuild.com\/","name":"","description":"","potentialAction":[{"@type":"SearchAction","target":{"@type":"EntryPoint","urlTemplate":"https:\/\/www.oknobuild.com\/?s={search_term_string}"},"query-input":{"@type":"PropertyValueSpecification","valueRequired":true,"valueName":"search_term_string"}}],"inLanguage":"cs"}]}},"_links":{"self":[{"href":"https:\/\/www.oknobuild.com\/index.php\/wp-json\/wp\/v2\/product\/67145","targetHints":{"allow":["GET"]}}],"collection":[{"href":"https:\/\/www.oknobuild.com\/index.php\/wp-json\/wp\/v2\/product"}],"about":[{"href":"https:\/\/www.oknobuild.com\/index.php\/wp-json\/wp\/v2\/types\/product"}],"replies":[{"embeddable":true,"href":"https:\/\/www.oknobuild.com\/index.php\/wp-json\/wp\/v2\/comments?post=67145"}],"wp:featuredmedia":[{"embeddable":true,"href":"https:\/\/www.oknobuild.com\/index.php\/wp-json\/wp\/v2\/media\/67245"}],"wp:attachment":[{"href":"https:\/\/www.oknobuild.com\/index.php\/wp-json\/wp\/v2\/media?parent=67145"}],"wp:term":[{"taxonomy":"product_brand","embeddable":true,"href":"https:\/\/www.oknobuild.com\/index.php\/wp-json\/wp\/v2\/product_brand?post=67145"},{"taxonomy":"product_cat","embeddable":true,"href":"https:\/\/www.oknobuild.com\/index.php\/wp-json\/wp\/v2\/product_cat?post=67145"},{"taxonomy":"product_tag","embeddable":true,"href":"https:\/\/www.oknobuild.com\/index.php\/wp-json\/wp\/v2\/product_tag?post=67145"}],"curies":[{"name":"wp","href":"https:\/\/api.w.org\/{rel}","templated":true}]}}