{"id":67355,"date":"2026-04-27T04:43:37","date_gmt":"2026-04-27T04:43:37","guid":{"rendered":""},"modified":"2026-04-27T04:43:37","modified_gmt":"2026-04-27T04:43:37","slug":"akce-sada-rucniku-na-ruce-magic-holiday-v-darkovem-baleni-4-kusy-cervena-bila-67355","status":"publish","type":"product","link":"https:\/\/www.oknobuild.com\/index.php\/produkt\/akce-sada-rucniku-na-ruce-magic-holiday-v-darkovem-baleni-4-kusy-cervena-bila-67355\/","title":{"rendered":"Akce Sada ru\u010dn\u00edk\u016f na ruce MAGIC HOLIDAY v d\u00e1rkov\u00e9m balen\u00ed &#8211; 4 kusy &#8211; \u010derven\u00e1\/b\u00edl\u00e1"},"content":{"rendered":"<div class=\"tabs__content-outer\" id=\"tab_description\" data-hash=\"description\" data-tabindex=\"-1\">\n<div class=\"tabs__content toggle_description\" id=\"content_description\">\n<div class=\"wysiwyg-content\">\n<div class=\"product__tab product__description full-width\">\n<div class=\"container\">\n<div >\n<h3>Sada ru\u010dn\u00edk\u016f na ruce MAGIC HOLIDAY v d\u00e1rkov\u00e9m balen\u00ed &#8211; 4 kusy &#8211; \u010derven\u00e1\/b\u00edl\u00e1<\/h3>\n<div class=\"resetcss fr-view\">\n<p>Elegantn\u00ed a praktick\u00e1 sada Magic Holiday je perfektn\u00edm d\u00e1rkem, kter\u00fd kombinuje funk\u010dnost s jedine\u010dn\u00fdm stylem. Sada obsahuje \u010dty\u0159i m\u011bkk\u00e9 ru\u010dn\u00edky v klasick\u00fdch v\u00e1no\u010dn\u00edch barv\u00e1ch \u2013 dva \u010derven\u00e9 a dva b\u00edl\u00e9. Cel\u00e1 sada je zabalena v n\u00e1padn\u00e9 v\u00e1no\u010dn\u00ed krabi\u010dce, zdoben\u00e9 tartanovou l\u00e1tkou a ozdobnou ma\u0161l\u00ed.\u00a0Stylov\u00e9 balen\u00ed znamen\u00e1, \u017ee sada nevy\u017eaduje \u017e\u00e1dn\u00e9 dal\u0161\u00ed d\u00e1rkov\u00e9 balen\u00ed \u2013 je p\u0159ipravena k darov\u00e1n\u00ed bl\u00edzk\u00fdm. Po pou\u017eit\u00ed ru\u010dn\u00edk\u016f lze krabi\u010dku pou\u017e\u00edt jako ko\u0161\u00edk na drobnosti, dekorace nebo jako organiz\u00e9r do koupelny.\u00a0Ru\u010dn\u00edky jsou vyrobeny z vysoce kvalitn\u00ed bavlny, d\u00edky \u010demu\u017e jsou m\u011bkk\u00e9, sav\u00e9 a p\u0159\u00edjemn\u00e9 na dotek \u2013 ide\u00e1ln\u00ed pro ka\u017edodenn\u00ed pou\u017eit\u00ed v koupeln\u011b nebo kuchyni.<\/p>\n<ul>\n<li>sada obsahuje 4 ru\u010dn\u00edky (2 \u010derven\u00e9 + 2 b\u00edl\u00e9)<\/li>\n<li>rozm\u011bry: 29 x 29 cm<\/li>\n<li>materi\u00e1l: 100% bavlna<\/li>\n<li>balen\u00ed: dekorativn\u00ed krabi\u010dka ve v\u00e1no\u010dn\u00edm stylu s ma\u0161l\u00ed a kostkovan\u00fdm vzorem<\/li>\n<\/ul><\/div>\n<\/div><\/div>\n<\/p><\/div>\n<\/p><\/div>\n<\/p><\/div>\n","protected":false},"excerpt":{"rendered":"<p>Sada ru\u010dn\u00edk\u016f na ruce MAGIC HOLIDAY v d\u00e1rkov\u00e9m balen\u00ed &#8211; 4 kusy &#8211; \u010derven\u00e1\/b\u00edl\u00e1 Elegantn\u00ed a praktick\u00e1 sada Magic Holiday je perfektn\u00edm d\u00e1rkem, kter\u00fd kombinuje funk\u010dnost s jedine\u010dn\u00fdm stylem. Sada obsahuje \u010dty\u0159i m\u011bkk\u00e9 ru\u010dn\u00edky v klasick\u00fdch v\u00e1no\u010dn\u00edch barv\u00e1ch \u2013 dva \u010derven\u00e9 a dva b\u00edl\u00e9. Cel\u00e1 sada je zabalena v n\u00e1padn\u00e9 v\u00e1no\u010dn\u00ed krabi\u010dce, zdoben\u00e9 tartanovou l\u00e1tkou [&hellip;]<\/p>\n","protected":false},"featured_media":67455,"comment_status":"open","ping_status":"open","template":"","meta":[],"product_brand":[],"product_cat":[71],"product_tag":[],"class_list":{"0":"post-67355","1":"product","2":"type-product","3":"status-publish","4":"has-post-thumbnail","6":"product_cat-koupelna","8":"first","9":"instock","10":"sale","11":"shipping-taxable","12":"purchasable","13":"product-type-simple"},"yoast_head":"<!-- This site is optimized with the Yoast SEO plugin v26.8 - https:\/\/yoast.com\/product\/yoast-seo-wordpress\/ -->\n<title>Akce Sada ru\u010dn\u00edk\u016f na ruce MAGIC HOLIDAY v d\u00e1rkov\u00e9m balen\u00ed - 4 kusy - \u010derven\u00e1\/b\u00edl\u00e1 -<\/title>\n<meta name=\"robots\" content=\"index, follow, max-snippet:-1, max-image-preview:large, max-video-preview:-1\" \/>\n<link rel=\"canonical\" href=\"https:\/\/www.oknobuild.com\/index.php\/produkt\/akce-sada-rucniku-na-ruce-magic-holiday-v-darkovem-baleni-4-kusy-cervena-bila-67355\/\" \/>\n<meta property=\"og:locale\" content=\"cs_CZ\" \/>\n<meta property=\"og:type\" content=\"article\" \/>\n<meta property=\"og:title\" content=\"Akce Sada ru\u010dn\u00edk\u016f na ruce MAGIC HOLIDAY v d\u00e1rkov\u00e9m balen\u00ed - 4 kusy - \u010derven\u00e1\/b\u00edl\u00e1 -\" \/>\n<meta property=\"og:description\" content=\"Sada ru\u010dn\u00edk\u016f na ruce MAGIC HOLIDAY v d\u00e1rkov\u00e9m balen\u00ed &#8211; 4 kusy &#8211; \u010derven\u00e1\/b\u00edl\u00e1 Elegantn\u00ed a praktick\u00e1 sada Magic Holiday je perfektn\u00edm d\u00e1rkem, kter\u00fd kombinuje funk\u010dnost s jedine\u010dn\u00fdm stylem. Sada obsahuje \u010dty\u0159i m\u011bkk\u00e9 ru\u010dn\u00edky v klasick\u00fdch v\u00e1no\u010dn\u00edch barv\u00e1ch \u2013 dva \u010derven\u00e9 a dva b\u00edl\u00e9. Cel\u00e1 sada je zabalena v n\u00e1padn\u00e9 v\u00e1no\u010dn\u00ed krabi\u010dce, zdoben\u00e9 tartanovou l\u00e1tkou [&hellip;]\" \/>\n<meta property=\"og:url\" content=\"https:\/\/www.oknobuild.com\/index.php\/produkt\/akce-sada-rucniku-na-ruce-magic-holiday-v-darkovem-baleni-4-kusy-cervena-bila-67355\/\" \/>\n<meta property=\"og:image\" content=\"https:\/\/www.oknobuild.com\/wp-content\/uploads\/2026\/SK0019690-CZ20260425-093041-0-1777080643-33677_99150.webp\" \/>\n\t<meta property=\"og:image:width\" content=\"827\" \/>\n\t<meta property=\"og:image:height\" content=\"800\" \/>\n\t<meta property=\"og:image:type\" content=\"image\/webp\" \/>\n<meta name=\"twitter:card\" content=\"summary_large_image\" \/>\n<meta name=\"twitter:label1\" content=\"Odhadovan\u00e1 doba \u010dten\u00ed\" \/>\n\t<meta name=\"twitter:data1\" content=\"1 minuta\" \/>\n<script type=\"application\/ld+json\" class=\"yoast-schema-graph\">{\"@context\":\"https:\/\/schema.org\",\"@graph\":[{\"@type\":\"WebPage\",\"@id\":\"https:\/\/www.oknobuild.com\/index.php\/produkt\/akce-sada-rucniku-na-ruce-magic-holiday-v-darkovem-baleni-4-kusy-cervena-bila-67355\/\",\"url\":\"https:\/\/www.oknobuild.com\/index.php\/produkt\/akce-sada-rucniku-na-ruce-magic-holiday-v-darkovem-baleni-4-kusy-cervena-bila-67355\/\",\"name\":\"Akce Sada ru\u010dn\u00edk\u016f na ruce MAGIC HOLIDAY v d\u00e1rkov\u00e9m balen\u00ed - 4 kusy - \u010derven\u00e1\/b\u00edl\u00e1 -\",\"isPartOf\":{\"@id\":\"https:\/\/www.oknobuild.com\/#website\"},\"primaryImageOfPage\":{\"@id\":\"https:\/\/www.oknobuild.com\/index.php\/produkt\/akce-sada-rucniku-na-ruce-magic-holiday-v-darkovem-baleni-4-kusy-cervena-bila-67355\/#primaryimage\"},\"image\":{\"@id\":\"https:\/\/www.oknobuild.com\/index.php\/produkt\/akce-sada-rucniku-na-ruce-magic-holiday-v-darkovem-baleni-4-kusy-cervena-bila-67355\/#primaryimage\"},\"thumbnailUrl\":\"https:\/\/www.oknobuild.com\/wp-content\/uploads\/2026\/SK0019690-CZ20260425-093041-0-1777080643-33677_99150.webp\",\"datePublished\":\"2026-04-27T04:43:37+00:00\",\"breadcrumb\":{\"@id\":\"https:\/\/www.oknobuild.com\/index.php\/produkt\/akce-sada-rucniku-na-ruce-magic-holiday-v-darkovem-baleni-4-kusy-cervena-bila-67355\/#breadcrumb\"},\"inLanguage\":\"cs\",\"potentialAction\":[{\"@type\":\"ReadAction\",\"target\":[\"https:\/\/www.oknobuild.com\/index.php\/produkt\/akce-sada-rucniku-na-ruce-magic-holiday-v-darkovem-baleni-4-kusy-cervena-bila-67355\/\"]}]},{\"@type\":\"ImageObject\",\"inLanguage\":\"cs\",\"@id\":\"https:\/\/www.oknobuild.com\/index.php\/produkt\/akce-sada-rucniku-na-ruce-magic-holiday-v-darkovem-baleni-4-kusy-cervena-bila-67355\/#primaryimage\",\"url\":\"https:\/\/www.oknobuild.com\/wp-content\/uploads\/2026\/SK0019690-CZ20260425-093041-0-1777080643-33677_99150.webp\",\"contentUrl\":\"https:\/\/www.oknobuild.com\/wp-content\/uploads\/2026\/SK0019690-CZ20260425-093041-0-1777080643-33677_99150.webp\",\"width\":827,\"height\":800},{\"@type\":\"BreadcrumbList\",\"@id\":\"https:\/\/www.oknobuild.com\/index.php\/produkt\/akce-sada-rucniku-na-ruce-magic-holiday-v-darkovem-baleni-4-kusy-cervena-bila-67355\/#breadcrumb\",\"itemListElement\":[{\"@type\":\"ListItem\",\"position\":1,\"name\":\"Home\",\"item\":\"https:\/\/www.oknobuild.com\/\"},{\"@type\":\"ListItem\",\"position\":2,\"name\":\"Products\",\"item\":\"https:\/\/www.oknobuild.com\/index.php\/products\/\"},{\"@type\":\"ListItem\",\"position\":3,\"name\":\"Akce Sada ru\u010dn\u00edk\u016f na ruce MAGIC HOLIDAY v d\u00e1rkov\u00e9m balen\u00ed &#8211; 4 kusy &#8211; \u010derven\u00e1\/b\u00edl\u00e1\"}]},{\"@type\":\"WebSite\",\"@id\":\"https:\/\/www.oknobuild.com\/#website\",\"url\":\"https:\/\/www.oknobuild.com\/\",\"name\":\"\",\"description\":\"\",\"potentialAction\":[{\"@type\":\"SearchAction\",\"target\":{\"@type\":\"EntryPoint\",\"urlTemplate\":\"https:\/\/www.oknobuild.com\/?s={search_term_string}\"},\"query-input\":{\"@type\":\"PropertyValueSpecification\",\"valueRequired\":true,\"valueName\":\"search_term_string\"}}],\"inLanguage\":\"cs\"}]}<\/script>\n<!-- \/ Yoast SEO plugin. -->","yoast_head_json":{"title":"Akce Sada ru\u010dn\u00edk\u016f na ruce MAGIC HOLIDAY v d\u00e1rkov\u00e9m balen\u00ed - 4 kusy - \u010derven\u00e1\/b\u00edl\u00e1 -","robots":{"index":"index","follow":"follow","max-snippet":"max-snippet:-1","max-image-preview":"max-image-preview:large","max-video-preview":"max-video-preview:-1"},"canonical":"https:\/\/www.oknobuild.com\/index.php\/produkt\/akce-sada-rucniku-na-ruce-magic-holiday-v-darkovem-baleni-4-kusy-cervena-bila-67355\/","og_locale":"cs_CZ","og_type":"article","og_title":"Akce Sada ru\u010dn\u00edk\u016f na ruce MAGIC HOLIDAY v d\u00e1rkov\u00e9m balen\u00ed - 4 kusy - \u010derven\u00e1\/b\u00edl\u00e1 -","og_description":"Sada ru\u010dn\u00edk\u016f na ruce MAGIC HOLIDAY v d\u00e1rkov\u00e9m balen\u00ed &#8211; 4 kusy &#8211; \u010derven\u00e1\/b\u00edl\u00e1 Elegantn\u00ed a praktick\u00e1 sada Magic Holiday je perfektn\u00edm d\u00e1rkem, kter\u00fd kombinuje funk\u010dnost s jedine\u010dn\u00fdm stylem. Sada obsahuje \u010dty\u0159i m\u011bkk\u00e9 ru\u010dn\u00edky v klasick\u00fdch v\u00e1no\u010dn\u00edch barv\u00e1ch \u2013 dva \u010derven\u00e9 a dva b\u00edl\u00e9. Cel\u00e1 sada je zabalena v n\u00e1padn\u00e9 v\u00e1no\u010dn\u00ed krabi\u010dce, zdoben\u00e9 tartanovou l\u00e1tkou [&hellip;]","og_url":"https:\/\/www.oknobuild.com\/index.php\/produkt\/akce-sada-rucniku-na-ruce-magic-holiday-v-darkovem-baleni-4-kusy-cervena-bila-67355\/","og_image":[{"width":827,"height":800,"url":"https:\/\/www.oknobuild.com\/wp-content\/uploads\/2026\/SK0019690-CZ20260425-093041-0-1777080643-33677_99150.webp","type":"image\/webp"}],"twitter_card":"summary_large_image","twitter_misc":{"Odhadovan\u00e1 doba \u010dten\u00ed":"1 minuta"},"schema":{"@context":"https:\/\/schema.org","@graph":[{"@type":"WebPage","@id":"https:\/\/www.oknobuild.com\/index.php\/produkt\/akce-sada-rucniku-na-ruce-magic-holiday-v-darkovem-baleni-4-kusy-cervena-bila-67355\/","url":"https:\/\/www.oknobuild.com\/index.php\/produkt\/akce-sada-rucniku-na-ruce-magic-holiday-v-darkovem-baleni-4-kusy-cervena-bila-67355\/","name":"Akce Sada ru\u010dn\u00edk\u016f na ruce MAGIC HOLIDAY v d\u00e1rkov\u00e9m balen\u00ed - 4 kusy - \u010derven\u00e1\/b\u00edl\u00e1 -","isPartOf":{"@id":"https:\/\/www.oknobuild.com\/#website"},"primaryImageOfPage":{"@id":"https:\/\/www.oknobuild.com\/index.php\/produkt\/akce-sada-rucniku-na-ruce-magic-holiday-v-darkovem-baleni-4-kusy-cervena-bila-67355\/#primaryimage"},"image":{"@id":"https:\/\/www.oknobuild.com\/index.php\/produkt\/akce-sada-rucniku-na-ruce-magic-holiday-v-darkovem-baleni-4-kusy-cervena-bila-67355\/#primaryimage"},"thumbnailUrl":"https:\/\/www.oknobuild.com\/wp-content\/uploads\/2026\/SK0019690-CZ20260425-093041-0-1777080643-33677_99150.webp","datePublished":"2026-04-27T04:43:37+00:00","breadcrumb":{"@id":"https:\/\/www.oknobuild.com\/index.php\/produkt\/akce-sada-rucniku-na-ruce-magic-holiday-v-darkovem-baleni-4-kusy-cervena-bila-67355\/#breadcrumb"},"inLanguage":"cs","potentialAction":[{"@type":"ReadAction","target":["https:\/\/www.oknobuild.com\/index.php\/produkt\/akce-sada-rucniku-na-ruce-magic-holiday-v-darkovem-baleni-4-kusy-cervena-bila-67355\/"]}]},{"@type":"ImageObject","inLanguage":"cs","@id":"https:\/\/www.oknobuild.com\/index.php\/produkt\/akce-sada-rucniku-na-ruce-magic-holiday-v-darkovem-baleni-4-kusy-cervena-bila-67355\/#primaryimage","url":"https:\/\/www.oknobuild.com\/wp-content\/uploads\/2026\/SK0019690-CZ20260425-093041-0-1777080643-33677_99150.webp","contentUrl":"https:\/\/www.oknobuild.com\/wp-content\/uploads\/2026\/SK0019690-CZ20260425-093041-0-1777080643-33677_99150.webp","width":827,"height":800},{"@type":"BreadcrumbList","@id":"https:\/\/www.oknobuild.com\/index.php\/produkt\/akce-sada-rucniku-na-ruce-magic-holiday-v-darkovem-baleni-4-kusy-cervena-bila-67355\/#breadcrumb","itemListElement":[{"@type":"ListItem","position":1,"name":"Home","item":"https:\/\/www.oknobuild.com\/"},{"@type":"ListItem","position":2,"name":"Products","item":"https:\/\/www.oknobuild.com\/index.php\/products\/"},{"@type":"ListItem","position":3,"name":"Akce Sada ru\u010dn\u00edk\u016f na ruce MAGIC HOLIDAY v d\u00e1rkov\u00e9m balen\u00ed &#8211; 4 kusy &#8211; \u010derven\u00e1\/b\u00edl\u00e1"}]},{"@type":"WebSite","@id":"https:\/\/www.oknobuild.com\/#website","url":"https:\/\/www.oknobuild.com\/","name":"","description":"","potentialAction":[{"@type":"SearchAction","target":{"@type":"EntryPoint","urlTemplate":"https:\/\/www.oknobuild.com\/?s={search_term_string}"},"query-input":{"@type":"PropertyValueSpecification","valueRequired":true,"valueName":"search_term_string"}}],"inLanguage":"cs"}]}},"_links":{"self":[{"href":"https:\/\/www.oknobuild.com\/index.php\/wp-json\/wp\/v2\/product\/67355","targetHints":{"allow":["GET"]}}],"collection":[{"href":"https:\/\/www.oknobuild.com\/index.php\/wp-json\/wp\/v2\/product"}],"about":[{"href":"https:\/\/www.oknobuild.com\/index.php\/wp-json\/wp\/v2\/types\/product"}],"replies":[{"embeddable":true,"href":"https:\/\/www.oknobuild.com\/index.php\/wp-json\/wp\/v2\/comments?post=67355"}],"wp:featuredmedia":[{"embeddable":true,"href":"https:\/\/www.oknobuild.com\/index.php\/wp-json\/wp\/v2\/media\/67455"}],"wp:attachment":[{"href":"https:\/\/www.oknobuild.com\/index.php\/wp-json\/wp\/v2\/media?parent=67355"}],"wp:term":[{"taxonomy":"product_brand","embeddable":true,"href":"https:\/\/www.oknobuild.com\/index.php\/wp-json\/wp\/v2\/product_brand?post=67355"},{"taxonomy":"product_cat","embeddable":true,"href":"https:\/\/www.oknobuild.com\/index.php\/wp-json\/wp\/v2\/product_cat?post=67355"},{"taxonomy":"product_tag","embeddable":true,"href":"https:\/\/www.oknobuild.com\/index.php\/wp-json\/wp\/v2\/product_tag?post=67355"}],"curies":[{"name":"wp","href":"https:\/\/api.w.org\/{rel}","templated":true}]}}