{"id":67360,"date":"2026-04-27T04:43:37","date_gmt":"2026-04-27T04:43:37","guid":{"rendered":""},"modified":"2026-04-27T04:43:37","modified_gmt":"2026-04-27T04:43:37","slug":"akcni-cena-gsi-kube-x-zavesna-wc-misa-geniusflush-36x50cm-bila-dual-mat-941209-67360","status":"publish","type":"product","link":"https:\/\/www.oknobuild.com\/index.php\/produkt\/akcni-cena-gsi-kube-x-zavesna-wc-misa-geniusflush-36x50cm-bila-dual-mat-941209-67360\/","title":{"rendered":"Ak\u010dn\u00ed Cena GSI KUBE X z\u00e1v\u011bsn\u00e1 WC m\u00edsa, GeniusFlush, 36x50cm, b\u00edl\u00e1 dual-mat 941209"},"content":{"rendered":"<div class=\"tabs__content-outer\" id=\"tab_description\" data-hash=\"description\" data-tabindex=\"-1\">\n<div class=\"tabs__content toggle_description\" id=\"content_description\">\n<div class=\"wysiwyg-content\">\n<div class=\"product__tab product__description full-width\">\n<div class=\"container\">\n<div >\n<h3>GSI KUBE X z\u00e1v\u011bsn\u00e1 WC m\u00edsa, GeniusFlush, 36x50cm, b\u00edl\u00e1 dual-mat 941209<\/h3>\n<p>Sanit\u00e1rn\u00ed keramika KUBE X COLOR:<\/p>\n<ul>\n<li>masivn\u00ed hranat\u00e1 umyvadla s praktick\u00fdmi\u00a0odkl\u00e1dac\u00edmi plochami<\/li>\n<li>v\u011bt\u0161inu umyvadel lze doplnit o dr\u017e\u00e1ky ru\u010dn\u00edk\u016f, kter\u00e9 lze instalovat i dodate\u010dn\u011b, po mont\u00e1\u017ei umyvadla<\/li>\n<li>umyvadla lze dodat i v retifikovan\u00e9 verzi (se zabrou\u0161enou spodn\u00ed plochou) pro pou\u017eit\u00ed na desku, s p\u0159\u00edplatkem dle platn\u00e9ho cen\u00edku\u00a0\n<\/li>\n<\/ul>\n<p>S\u00e9rie KUBE X COLOR zahrnuje keramick\u00e1 umyvadla na desku v 8 barevn\u00fdch variac\u00edch, vybran\u00e1 umyvadla na zav\u011b\u0161en\u00ed, WC m\u00edsy a bidety v proveden\u00ed b\u00edl\u00e1 mat a \u010dern\u00e1 mat.<\/p>\n<p>N\u00e1hled barevn\u00fdch variac\u00ed n\u00ed\u017ee. Re\u00e1ln\u00e9 proveden\u00ed barev se m\u016f\u017ee li\u0161it v n\u00e1vaznosti na nastaven\u00ed Va\u0161eho monitoru.<\/p>\n<p>Charakteristika s\u00e9rie:<\/p>\n<ul>\n<li><span>Hranat\u00e1 umyvadla s\u00a0decentn\u011b zaoblen\u00fdmi rohy a \u0161t\u00edhlou hranou<\/span><\/li>\n<li><span>Ov\u00e1ln\u00e1 a kulat\u00e1 umyvadla se \u0161t\u00edhlou hranou<\/span><\/li>\n<li><span>Umyvadla lze doplnit v\u00fdpust\u00ed s keramickou z\u00e1tkou ve stejn\u00e9 barv\u011b<\/span><\/li>\n<li><span>WC m\u00edsy se splachovac\u00edm syst\u00e9mem SWIRLFLUSH\u00ae<\/span><span>\u00a0nebo GeniusFlush\u00ae a SAVE WATER, kter\u00fd umo\u017e\u0148uje splachovat\u00a0pouze 4,5 litry vody<\/span><\/li>\n<li>Sed\u00e1tka k z\u00e1v\u011bsn\u00fdm WC opat\u0159ena syst\u00e9mem\u00a0SOFT CLOSE (pomal\u00e9 skl\u00e1p\u011bn\u00ed) a QUICK RELEASE (odn\u00edmateln\u00e9 sed\u00e1tko)<\/li>\n<\/ul>\n<div class=\"product-explanation-item\">\n<h3>Technologie splachov\u00e1n\u00ed GeniusFlush<strong>\u00ae<\/strong><\/h3>\n<div style=\"float: left;\"><\/div>\n<p style=\"text-align: justify;\">GeniusFlush\u00ae &#8211; toalety bez tradi\u010dn\u00edho oplachov\u00e9ho kruhu. Patentovan\u00fd splachovac\u00ed syst\u00e9m od spole\u010dnosti GSI dosahuje d\u00edky inovativn\u00edmu \u0159e\u0161en\u00ed maxim\u00e1ln\u00ed efektivity a tichosti. Splachov\u00e1n\u00ed je um\u00edst\u011bno ve st\u0159edn\u00ed \u010d\u00e1sti a okraj, kter\u00fd vymezuje cirkulaci vody v okam\u017eiku spl\u00e1chnut\u00ed, byl minimalizov\u00e1n a z\u00edskal jemn\u011bj\u0161\u00ed zak\u0159iven\u00ed. <br \/>Toto zdokonalen\u00ed v kombinaci s glazurou Extraglaze\u00ae, kter\u00e1 dod\u00e1v\u00e1 keramice dokonale hladk\u00fd povrch a p\u016fsobiv\u00fd lesk, zaji\u0161\u0165uje maxim\u00e1ln\u00ed hygienu a sn\u00ed\u017een\u00ed n\u00e1mahy p\u0159i \u010di\u0161t\u011bn\u00ed WC. Samoz\u0159ejmost\u00ed je du\u00e1ln\u00ed syst\u00e9m splachov\u00e1n\u00ed s mno\u017estv\u00edm vody 3 nebo 4,5 l.<\/p>\n<div style=\"float: left; width: 25%; text-align: center;\"><\/div>\n<div style=\"float: left; width: 25%; text-align: center;\"><\/div>\n<div style=\"clear: both;\">\u00a0<\/div>\n<\/p><\/div>\n<div class=\"product-explanation-item\">\n<h3>Water saving &#8211; \u00fasporn\u00e9 splachov\u00e1n\u00ed<\/h3>\n<p style=\"text-align: justify;\">Tvar m\u00edsy umo\u017e\u0148uje efektivn\u00ed a \u00fa\u010dinn\u00e9 spl\u00e1chnut\u00ed s men\u0161\u00edm objemem vody a t\u00edm \u0161et\u0159\u00ed \u017eivotn\u00ed prost\u0159ed\u00ed a n\u00e1klady za vodu. <br \/>\u00dasporn\u00e9 splachov\u00e1n\u00ed je mo\u017en\u00e9 pou\u017e\u00edt u splachovac\u00edho mechanismu (v n\u00e1dr\u017ece WC kombi nebo podom\u00edtkov\u00e9 n\u00e1dr\u017ece u z\u00e1v\u011bsn\u00e9ho WC), jeho\u017e vypou\u0161t\u011bc\u00ed ventil umo\u017e\u0148uje nastaven\u00ed objemu vody od 4 litr\u016f. V p\u0159\u00edpad\u011b du\u00e1ln\u00edho splachov\u00e1n\u00ed u mal\u00e9ho tla\u010d\u00edtka objem od 3 litr\u016f a v\u011bt\u0161\u00edho tla\u010d\u00edtka objem od 4,5 litru vody.<\/p>\n<\/p><\/div>\n<div class=\"product-explanation-item\">\n<h3><strong>Keramick\u00e1 glazura DualGlaze+<\/strong><\/h3>\n<div style=\"float: left;\"><\/div>\n<p style=\"text-align: justify;\">Dvojit\u00e1 glazura, neboli DualGlaze+, je speci\u00e1ln\u00ed \u00faprava, kter\u00e1 se pou\u017e\u00edv\u00e1 u barevn\u00fdch toalet vybaven\u00fdch syst\u00e9mem splachov\u00e1n\u00ed Swirlflush\u00ae. DualGlaze+ kombinuje hygienu a eleganci. \u010cistota matn\u00e9ho venkovn\u00edho povrchu se setk\u00e1v\u00e1 s antibakteri\u00e1ln\u00ed glazurou Extraglaze\u00ae Antibacterial na vnit\u0159n\u00edch \u010d\u00e1stech toalety, kter\u00e9 jsou v kontaktu s vodou, \u010d\u00edm\u017e se zabra\u0148uje skvrn\u00e1m a nehygienick\u00fdm usazenin\u00e1m vodn\u00edho kamene.<\/p>\n<div style=\"float: left; width: 30%; text-align: center;\"><\/div>\n<div style=\"float: left; width: 50%; text-align: center;\"><\/div>\n<div style=\"clear: both;\">\u00a0<\/div>\n<\/p><\/div>\n<p> <\/p>\n<p><strong>Vlastnosti<\/strong><\/p>\n<ul>\n<li><span>Materi\u00e1l:<\/span> Keramika<\/li>\n<li><span>Barva:<\/span> B\u00edl\u00e1<\/li>\n<li><span>Tvar:<\/span> Klasik<\/li>\n<li><span>Rozm\u011br:<\/span> 36&#215;34,5&#215;50 cm<\/li>\n<li><span>\u0160\u00ed\u0159ka:<\/span> 360 mm<\/li>\n<li><span>V\u00fd\u0161ka:<\/span> 345 mm<\/li>\n<li><span>Hloubka:<\/span> 500 mm<\/li>\n<li><span>V\u00fdbava:<\/span> Skryt\u00e9 uchycen\u00ed, DualGlaze<\/li>\n<li><span>Balen\u00ed neobsahuje:<\/span> WC sed\u00e1tko<\/li>\n<li><span>Balen\u00ed obsahuje:<\/span> Mont\u00e1\u017en\u00ed sada<\/li>\n<li><span>Technologie splachov\u00e1n\u00ed:<\/span> GeniusFlush<\/li>\n<li><span>Objem splachovac\u00ed vody:<\/span> Splachov\u00e1n\u00ed 3 l, Splachov\u00e1n\u00ed 4,5 l<\/li>\n<li><span>3D model:<\/span> ANO<\/li>\n<\/ul>\n<\/div><\/div>\n<\/p><\/div>\n<\/p><\/div>\n<\/p><\/div>\n","protected":false},"excerpt":{"rendered":"<p>GSI KUBE X z\u00e1v\u011bsn\u00e1 WC m\u00edsa, GeniusFlush, 36x50cm, b\u00edl\u00e1 dual-mat 941209 Sanit\u00e1rn\u00ed keramika KUBE X COLOR: masivn\u00ed hranat\u00e1 umyvadla s praktick\u00fdmi\u00a0odkl\u00e1dac\u00edmi plochami v\u011bt\u0161inu umyvadel lze doplnit o dr\u017e\u00e1ky ru\u010dn\u00edk\u016f, kter\u00e9 lze instalovat i dodate\u010dn\u011b, po mont\u00e1\u017ei umyvadla umyvadla lze dodat i v retifikovan\u00e9 verzi (se zabrou\u0161enou spodn\u00ed plochou) pro pou\u017eit\u00ed na desku, s p\u0159\u00edplatkem dle [&hellip;]<\/p>\n","protected":false},"featured_media":67460,"comment_status":"open","ping_status":"open","template":"","meta":[],"product_brand":[],"product_cat":[71],"product_tag":[],"class_list":{"0":"post-67360","1":"product","2":"type-product","3":"status-publish","4":"has-post-thumbnail","6":"product_cat-koupelna","8":"first","9":"instock","10":"sale","11":"shipping-taxable","12":"purchasable","13":"product-type-simple"},"yoast_head":"<!-- This site is optimized with the Yoast SEO plugin v26.8 - https:\/\/yoast.com\/product\/yoast-seo-wordpress\/ -->\n<title>Ak\u010dn\u00ed Cena GSI KUBE X z\u00e1v\u011bsn\u00e1 WC m\u00edsa, GeniusFlush, 36x50cm, b\u00edl\u00e1 dual-mat 941209 -<\/title>\n<meta name=\"robots\" content=\"index, follow, max-snippet:-1, max-image-preview:large, max-video-preview:-1\" \/>\n<link rel=\"canonical\" href=\"https:\/\/www.oknobuild.com\/index.php\/produkt\/akcni-cena-gsi-kube-x-zavesna-wc-misa-geniusflush-36x50cm-bila-dual-mat-941209-67360\/\" \/>\n<meta property=\"og:locale\" content=\"cs_CZ\" \/>\n<meta property=\"og:type\" content=\"article\" \/>\n<meta property=\"og:title\" content=\"Ak\u010dn\u00ed Cena GSI KUBE X z\u00e1v\u011bsn\u00e1 WC m\u00edsa, GeniusFlush, 36x50cm, b\u00edl\u00e1 dual-mat 941209 -\" \/>\n<meta property=\"og:description\" content=\"GSI KUBE X z\u00e1v\u011bsn\u00e1 WC m\u00edsa, GeniusFlush, 36x50cm, b\u00edl\u00e1 dual-mat 941209 Sanit\u00e1rn\u00ed keramika KUBE X COLOR: masivn\u00ed hranat\u00e1 umyvadla s praktick\u00fdmi\u00a0odkl\u00e1dac\u00edmi plochami v\u011bt\u0161inu umyvadel lze doplnit o dr\u017e\u00e1ky ru\u010dn\u00edk\u016f, kter\u00e9 lze instalovat i dodate\u010dn\u011b, po mont\u00e1\u017ei umyvadla umyvadla lze dodat i v retifikovan\u00e9 verzi (se zabrou\u0161enou spodn\u00ed plochou) pro pou\u017eit\u00ed na desku, s p\u0159\u00edplatkem dle [&hellip;]\" \/>\n<meta property=\"og:url\" content=\"https:\/\/www.oknobuild.com\/index.php\/produkt\/akcni-cena-gsi-kube-x-zavesna-wc-misa-geniusflush-36x50cm-bila-dual-mat-941209-67360\/\" \/>\n<meta property=\"og:image\" content=\"https:\/\/www.oknobuild.com\/wp-content\/uploads\/2026\/SK0019695-CZ20260425-093041-0-1777080643-3cc39dc3afede1bbc8102271f6d8c6ba.webp\" \/>\n\t<meta property=\"og:image:width\" content=\"1000\" \/>\n\t<meta property=\"og:image:height\" content=\"782\" \/>\n\t<meta property=\"og:image:type\" content=\"image\/webp\" \/>\n<meta name=\"twitter:card\" content=\"summary_large_image\" \/>\n<meta name=\"twitter:label1\" content=\"Odhadovan\u00e1 doba \u010dten\u00ed\" \/>\n\t<meta name=\"twitter:data1\" content=\"3 minuty\" \/>\n<script type=\"application\/ld+json\" class=\"yoast-schema-graph\">{\"@context\":\"https:\/\/schema.org\",\"@graph\":[{\"@type\":\"WebPage\",\"@id\":\"https:\/\/www.oknobuild.com\/index.php\/produkt\/akcni-cena-gsi-kube-x-zavesna-wc-misa-geniusflush-36x50cm-bila-dual-mat-941209-67360\/\",\"url\":\"https:\/\/www.oknobuild.com\/index.php\/produkt\/akcni-cena-gsi-kube-x-zavesna-wc-misa-geniusflush-36x50cm-bila-dual-mat-941209-67360\/\",\"name\":\"Ak\u010dn\u00ed Cena GSI KUBE X z\u00e1v\u011bsn\u00e1 WC m\u00edsa, GeniusFlush, 36x50cm, b\u00edl\u00e1 dual-mat 941209 -\",\"isPartOf\":{\"@id\":\"https:\/\/www.oknobuild.com\/#website\"},\"primaryImageOfPage\":{\"@id\":\"https:\/\/www.oknobuild.com\/index.php\/produkt\/akcni-cena-gsi-kube-x-zavesna-wc-misa-geniusflush-36x50cm-bila-dual-mat-941209-67360\/#primaryimage\"},\"image\":{\"@id\":\"https:\/\/www.oknobuild.com\/index.php\/produkt\/akcni-cena-gsi-kube-x-zavesna-wc-misa-geniusflush-36x50cm-bila-dual-mat-941209-67360\/#primaryimage\"},\"thumbnailUrl\":\"https:\/\/www.oknobuild.com\/wp-content\/uploads\/2026\/SK0019695-CZ20260425-093041-0-1777080643-3cc39dc3afede1bbc8102271f6d8c6ba.webp\",\"datePublished\":\"2026-04-27T04:43:37+00:00\",\"breadcrumb\":{\"@id\":\"https:\/\/www.oknobuild.com\/index.php\/produkt\/akcni-cena-gsi-kube-x-zavesna-wc-misa-geniusflush-36x50cm-bila-dual-mat-941209-67360\/#breadcrumb\"},\"inLanguage\":\"cs\",\"potentialAction\":[{\"@type\":\"ReadAction\",\"target\":[\"https:\/\/www.oknobuild.com\/index.php\/produkt\/akcni-cena-gsi-kube-x-zavesna-wc-misa-geniusflush-36x50cm-bila-dual-mat-941209-67360\/\"]}]},{\"@type\":\"ImageObject\",\"inLanguage\":\"cs\",\"@id\":\"https:\/\/www.oknobuild.com\/index.php\/produkt\/akcni-cena-gsi-kube-x-zavesna-wc-misa-geniusflush-36x50cm-bila-dual-mat-941209-67360\/#primaryimage\",\"url\":\"https:\/\/www.oknobuild.com\/wp-content\/uploads\/2026\/SK0019695-CZ20260425-093041-0-1777080643-3cc39dc3afede1bbc8102271f6d8c6ba.webp\",\"contentUrl\":\"https:\/\/www.oknobuild.com\/wp-content\/uploads\/2026\/SK0019695-CZ20260425-093041-0-1777080643-3cc39dc3afede1bbc8102271f6d8c6ba.webp\",\"width\":1000,\"height\":782},{\"@type\":\"BreadcrumbList\",\"@id\":\"https:\/\/www.oknobuild.com\/index.php\/produkt\/akcni-cena-gsi-kube-x-zavesna-wc-misa-geniusflush-36x50cm-bila-dual-mat-941209-67360\/#breadcrumb\",\"itemListElement\":[{\"@type\":\"ListItem\",\"position\":1,\"name\":\"Home\",\"item\":\"https:\/\/www.oknobuild.com\/\"},{\"@type\":\"ListItem\",\"position\":2,\"name\":\"Products\",\"item\":\"https:\/\/www.oknobuild.com\/index.php\/products\/\"},{\"@type\":\"ListItem\",\"position\":3,\"name\":\"Ak\u010dn\u00ed Cena GSI KUBE X z\u00e1v\u011bsn\u00e1 WC m\u00edsa, GeniusFlush, 36x50cm, b\u00edl\u00e1 dual-mat 941209\"}]},{\"@type\":\"WebSite\",\"@id\":\"https:\/\/www.oknobuild.com\/#website\",\"url\":\"https:\/\/www.oknobuild.com\/\",\"name\":\"\",\"description\":\"\",\"potentialAction\":[{\"@type\":\"SearchAction\",\"target\":{\"@type\":\"EntryPoint\",\"urlTemplate\":\"https:\/\/www.oknobuild.com\/?s={search_term_string}\"},\"query-input\":{\"@type\":\"PropertyValueSpecification\",\"valueRequired\":true,\"valueName\":\"search_term_string\"}}],\"inLanguage\":\"cs\"}]}<\/script>\n<!-- \/ Yoast SEO plugin. -->","yoast_head_json":{"title":"Ak\u010dn\u00ed Cena GSI KUBE X z\u00e1v\u011bsn\u00e1 WC m\u00edsa, GeniusFlush, 36x50cm, b\u00edl\u00e1 dual-mat 941209 -","robots":{"index":"index","follow":"follow","max-snippet":"max-snippet:-1","max-image-preview":"max-image-preview:large","max-video-preview":"max-video-preview:-1"},"canonical":"https:\/\/www.oknobuild.com\/index.php\/produkt\/akcni-cena-gsi-kube-x-zavesna-wc-misa-geniusflush-36x50cm-bila-dual-mat-941209-67360\/","og_locale":"cs_CZ","og_type":"article","og_title":"Ak\u010dn\u00ed Cena GSI KUBE X z\u00e1v\u011bsn\u00e1 WC m\u00edsa, GeniusFlush, 36x50cm, b\u00edl\u00e1 dual-mat 941209 -","og_description":"GSI KUBE X z\u00e1v\u011bsn\u00e1 WC m\u00edsa, GeniusFlush, 36x50cm, b\u00edl\u00e1 dual-mat 941209 Sanit\u00e1rn\u00ed keramika KUBE X COLOR: masivn\u00ed hranat\u00e1 umyvadla s praktick\u00fdmi\u00a0odkl\u00e1dac\u00edmi plochami v\u011bt\u0161inu umyvadel lze doplnit o dr\u017e\u00e1ky ru\u010dn\u00edk\u016f, kter\u00e9 lze instalovat i dodate\u010dn\u011b, po mont\u00e1\u017ei umyvadla umyvadla lze dodat i v retifikovan\u00e9 verzi (se zabrou\u0161enou spodn\u00ed plochou) pro pou\u017eit\u00ed na desku, s p\u0159\u00edplatkem dle [&hellip;]","og_url":"https:\/\/www.oknobuild.com\/index.php\/produkt\/akcni-cena-gsi-kube-x-zavesna-wc-misa-geniusflush-36x50cm-bila-dual-mat-941209-67360\/","og_image":[{"width":1000,"height":782,"url":"https:\/\/www.oknobuild.com\/wp-content\/uploads\/2026\/SK0019695-CZ20260425-093041-0-1777080643-3cc39dc3afede1bbc8102271f6d8c6ba.webp","type":"image\/webp"}],"twitter_card":"summary_large_image","twitter_misc":{"Odhadovan\u00e1 doba \u010dten\u00ed":"3 minuty"},"schema":{"@context":"https:\/\/schema.org","@graph":[{"@type":"WebPage","@id":"https:\/\/www.oknobuild.com\/index.php\/produkt\/akcni-cena-gsi-kube-x-zavesna-wc-misa-geniusflush-36x50cm-bila-dual-mat-941209-67360\/","url":"https:\/\/www.oknobuild.com\/index.php\/produkt\/akcni-cena-gsi-kube-x-zavesna-wc-misa-geniusflush-36x50cm-bila-dual-mat-941209-67360\/","name":"Ak\u010dn\u00ed Cena GSI KUBE X z\u00e1v\u011bsn\u00e1 WC m\u00edsa, GeniusFlush, 36x50cm, b\u00edl\u00e1 dual-mat 941209 -","isPartOf":{"@id":"https:\/\/www.oknobuild.com\/#website"},"primaryImageOfPage":{"@id":"https:\/\/www.oknobuild.com\/index.php\/produkt\/akcni-cena-gsi-kube-x-zavesna-wc-misa-geniusflush-36x50cm-bila-dual-mat-941209-67360\/#primaryimage"},"image":{"@id":"https:\/\/www.oknobuild.com\/index.php\/produkt\/akcni-cena-gsi-kube-x-zavesna-wc-misa-geniusflush-36x50cm-bila-dual-mat-941209-67360\/#primaryimage"},"thumbnailUrl":"https:\/\/www.oknobuild.com\/wp-content\/uploads\/2026\/SK0019695-CZ20260425-093041-0-1777080643-3cc39dc3afede1bbc8102271f6d8c6ba.webp","datePublished":"2026-04-27T04:43:37+00:00","breadcrumb":{"@id":"https:\/\/www.oknobuild.com\/index.php\/produkt\/akcni-cena-gsi-kube-x-zavesna-wc-misa-geniusflush-36x50cm-bila-dual-mat-941209-67360\/#breadcrumb"},"inLanguage":"cs","potentialAction":[{"@type":"ReadAction","target":["https:\/\/www.oknobuild.com\/index.php\/produkt\/akcni-cena-gsi-kube-x-zavesna-wc-misa-geniusflush-36x50cm-bila-dual-mat-941209-67360\/"]}]},{"@type":"ImageObject","inLanguage":"cs","@id":"https:\/\/www.oknobuild.com\/index.php\/produkt\/akcni-cena-gsi-kube-x-zavesna-wc-misa-geniusflush-36x50cm-bila-dual-mat-941209-67360\/#primaryimage","url":"https:\/\/www.oknobuild.com\/wp-content\/uploads\/2026\/SK0019695-CZ20260425-093041-0-1777080643-3cc39dc3afede1bbc8102271f6d8c6ba.webp","contentUrl":"https:\/\/www.oknobuild.com\/wp-content\/uploads\/2026\/SK0019695-CZ20260425-093041-0-1777080643-3cc39dc3afede1bbc8102271f6d8c6ba.webp","width":1000,"height":782},{"@type":"BreadcrumbList","@id":"https:\/\/www.oknobuild.com\/index.php\/produkt\/akcni-cena-gsi-kube-x-zavesna-wc-misa-geniusflush-36x50cm-bila-dual-mat-941209-67360\/#breadcrumb","itemListElement":[{"@type":"ListItem","position":1,"name":"Home","item":"https:\/\/www.oknobuild.com\/"},{"@type":"ListItem","position":2,"name":"Products","item":"https:\/\/www.oknobuild.com\/index.php\/products\/"},{"@type":"ListItem","position":3,"name":"Ak\u010dn\u00ed Cena GSI KUBE X z\u00e1v\u011bsn\u00e1 WC m\u00edsa, GeniusFlush, 36x50cm, b\u00edl\u00e1 dual-mat 941209"}]},{"@type":"WebSite","@id":"https:\/\/www.oknobuild.com\/#website","url":"https:\/\/www.oknobuild.com\/","name":"","description":"","potentialAction":[{"@type":"SearchAction","target":{"@type":"EntryPoint","urlTemplate":"https:\/\/www.oknobuild.com\/?s={search_term_string}"},"query-input":{"@type":"PropertyValueSpecification","valueRequired":true,"valueName":"search_term_string"}}],"inLanguage":"cs"}]}},"_links":{"self":[{"href":"https:\/\/www.oknobuild.com\/index.php\/wp-json\/wp\/v2\/product\/67360","targetHints":{"allow":["GET"]}}],"collection":[{"href":"https:\/\/www.oknobuild.com\/index.php\/wp-json\/wp\/v2\/product"}],"about":[{"href":"https:\/\/www.oknobuild.com\/index.php\/wp-json\/wp\/v2\/types\/product"}],"replies":[{"embeddable":true,"href":"https:\/\/www.oknobuild.com\/index.php\/wp-json\/wp\/v2\/comments?post=67360"}],"wp:featuredmedia":[{"embeddable":true,"href":"https:\/\/www.oknobuild.com\/index.php\/wp-json\/wp\/v2\/media\/67460"}],"wp:attachment":[{"href":"https:\/\/www.oknobuild.com\/index.php\/wp-json\/wp\/v2\/media?parent=67360"}],"wp:term":[{"taxonomy":"product_brand","embeddable":true,"href":"https:\/\/www.oknobuild.com\/index.php\/wp-json\/wp\/v2\/product_brand?post=67360"},{"taxonomy":"product_cat","embeddable":true,"href":"https:\/\/www.oknobuild.com\/index.php\/wp-json\/wp\/v2\/product_cat?post=67360"},{"taxonomy":"product_tag","embeddable":true,"href":"https:\/\/www.oknobuild.com\/index.php\/wp-json\/wp\/v2\/product_tag?post=67360"}],"curies":[{"name":"wp","href":"https:\/\/api.w.org\/{rel}","templated":true}]}}