{"id":67896,"date":"2026-04-27T04:43:38","date_gmt":"2026-04-27T04:43:38","guid":{"rendered":""},"modified":"2026-04-27T04:43:38","modified_gmt":"2026-04-27T04:43:38","slug":"znackovy-vysoka-skrin-s-kosem-dos-svd2zk-35-d03-cafe-uchytka-t07-d03-cafe-leve-67896","status":"publish","type":"product","link":"https:\/\/www.oknobuild.com\/index.php\/produkt\/znackovy-vysoka-skrin-s-kosem-dos-svd2zk-35-d03-cafe-uchytka-t07-d03-cafe-leve-67896\/","title":{"rendered":"Zna\u010dkov\u00fd Vysok\u00e1 sk\u0159\u00ed\u0148 s ko\u0161em DOS SVD2ZK 35 &#8211; D03 Cafe \/ \u00dachytka T07 \/ D03 Cafe \/ Lev\u00e9"},"content":{"rendered":"<div class=\"basic-description\">\n<h3>Detailn\u00ed popis produktu<\/h3>\n<p>Ru\u010dn\u00edky a osu\u0161ky a drobn\u00e9 p\u0159edm\u011bty pro ka\u017edodenn\u00ed hygienu na jednom m\u00edst\u011b. Vysok\u00e1 sk\u0159\u00ed\u0148 DOS SVD2ZK 35 je skute\u010dn\u00fdm pomocn\u00edkem v boji za po\u0159\u00e1dek v koupeln\u011b. A nejen to. Je velmi elegantn\u00ed a je\u0161t\u011b v\u00e1m u\u0161et\u0159\u00ed m\u00edsto v koupeln\u011b.<\/p>\n<h2><strong>Parametry sk\u0159\u00edn\u011b<\/strong><\/h2>\n<p>Vysok\u00e1 sk\u0159\u00ed\u0148 DOS SVD2ZK 35 je konstruov\u00e1na jako z\u00e1v\u011bsn\u00e1 ve dvoudve\u0159ov\u00e9m proveden\u00ed, s jednou z\u00e1suvkou a v\u00fdklopn\u00fdm ko\u0161em na pr\u00e1dlo. V horn\u00ed \u010d\u00e1sti sk\u0159\u00edn\u011b se nach\u00e1z\u00ed rozlehl\u00fd \u00falo\u017en\u00fd prostor se dv\u011bma sklen\u011bn\u00fdmi policemi, kter\u00e9 si m\u016f\u017eete libovoln\u011b polohovat. Sou\u010dasn\u011b si m\u016f\u017eete vybrat, zda chcete levou nebo pravou orientaci dv\u00ed\u0159ek.<\/p>\n<p>Velk\u00fdm plusem t\u00e9to sk\u0159\u00edn\u011b je jej\u00ed z\u00e1suvka. Krom\u011b v\u011bt\u0161\u00edch p\u0159edm\u011bt\u016f si tak m\u016f\u017eete do sk\u0159\u00edn\u011b schovat i mal\u00e9 p\u0159edm\u011bty denn\u00ed hygieny. V doln\u00ed \u010d\u00e1sti sk\u0159\u00edn\u011b pak najdete v\u00fdklopn\u00fd ko\u0161 na pr\u00e1dlo. <\/p>\n<p>Pohodl\u00ed v koupeln\u011b v\u00fdrazn\u011b zv\u00fd\u0161\u00ed i <strong>tlumen\u00e9 dov\u00edr\u00e1n\u00ed horn\u00edch dv\u00ed\u0159ek a z\u00e1suvky<\/strong>, kter\u00e9 zaji\u0161\u0165uje zna\u010dkov\u00e9 kov\u00e1n\u00ed Hettich. Kov\u00e1n\u00ed se vyzna\u010duje vysokou kvalitou a od n\u00e1s na n\u011bj nav\u00edc dostanete <strong>do\u017eivotn\u00ed z\u00e1ruku<\/strong>.<\/p>\n<h3><strong>Velk\u00fd v\u00fdb\u011br \u00fachytek<\/strong><\/h3>\n<p>Dv\u00ed\u0159ka a z\u00e1suvky sk\u0159\u00edn\u011b se otev\u00edraj\u00ed pomoc\u00ed n\u011bkter\u00e9 z na\u0161ich kovov\u00fdch \u00fachytek. Aktu\u00e1ln\u011b m\u00e1te na v\u00fdb\u011br z t\u011bchto typ\u016f:<\/p>\n<ul>\n<li><strong>T01<\/strong> &#8211; obl\u00e1 \u00fachytka z hlin\u00edku v proveden\u00ed mat<\/li>\n<li><strong>T02<\/strong> &#8211; obl\u00e1 \u00fachytka z brou\u0161en\u00e9ho niklu<\/li>\n<li><strong>T03<\/strong> &#8211; hranat\u00e1 \u00fachytka z chromu v proveden\u00ed lesk<\/li>\n<li><strong>T04<\/strong> &#8211; hranat\u00e1 \u00fachytka s v\u00fdrazn\u00fdmi hranami v proveden\u00ed lesk<\/li>\n<li><strong>T05<\/strong> &#8211; hranat\u00e1 profilov\u00e1 \u00fachytka v proveden\u00ed lesk. Montov\u00e1na k horn\u00ed \u010d\u00e1sti z\u00e1suvky a na bok dv\u00ed\u0159ek<\/li>\n<li><strong>T06<\/strong> &#8211; hranat\u00e1 \u00fachytka v proveden\u00ed \u010dern\u00e1 mat<\/li>\n<li><strong>T07<\/strong> &#8211; hranat\u00e1 profilov\u00e1 \u00fachytka v proveden\u00ed \u010dern\u00e1 mat. Montov\u00e1na k horn\u00ed \u010d\u00e1sti z\u00e1suvky a na bok dv\u00ed\u0159ek<\/li>\n<\/ul>\n<h3><strong>Povrchov\u00e9 \u00fapravy<\/strong><\/h3>\n<p>Vysokou sk\u0159\u00ed\u0148 DOS SVD2ZK 35 vyr\u00e1b\u00edme v cel\u00e9 \u0159ad\u011b dekor\u016f, d\u0159evodekor\u016f a lak\u016f v proveden\u00ed lesk\/mat. Samoz\u0159ejmost\u00ed je tak\u00e9 \u00faprava v proveden\u00ed Individual dle vzorn\u00edku RAL\/NCS. <\/p>\n<h2><strong>P\u0159ednosti sk\u0159\u00edn\u011b:<\/strong><\/h2>\n<ul>\n<li>Na sk\u0159\u00ed\u0148 od n\u00e1s dostanete <strong>prodlou\u017eenou z\u00e1ruku 5 let<\/strong>. Na kov\u00e1n\u00ed zna\u010dky Hettich pak dokonce <strong>z\u00e1ruku do\u017eivotn\u00ed<\/strong>. <\/li>\n<li>Sk\u0159\u00ed\u0148 je velmi prostorn\u00e1 a univerz\u00e1ln\u00ed. Krom\u011b standardn\u00edho prostoru m\u00e1te k dispozici i jednu z\u00e1suvku pro ulo\u017een\u00ed drobn\u011bj\u0161\u00edch p\u0159edm\u011bt\u016f a v\u00fdklopn\u00fd ko\u0161 na pr\u00e1dlo.<\/li>\n<li>Pro v\u011bt\u0161\u00ed komfort jsou dv\u00ed\u0159ka vybavena zna\u010dkov\u00fdm kov\u00e1n\u00edm Hettich s <strong>tlumen\u00fdm dov\u00edr\u00e1n\u00edm<\/strong>.<\/li>\n<li>D\u00edky velk\u00e9mu v\u00fdb\u011bru \u00fachytek a barevn\u00fdch proveden\u00ed je vysok\u00e1 sk\u0159\u00ed\u0148 DOS SVD2ZK 35 vhodn\u00e1 k jak\u00e9koliv umyvadlov\u00e9 sk\u0159\u00ed\u0148ce.<\/li>\n<\/ul><\/div>\n","protected":false},"excerpt":{"rendered":"<p>Detailn\u00ed popis produktu Ru\u010dn\u00edky a osu\u0161ky a drobn\u00e9 p\u0159edm\u011bty pro ka\u017edodenn\u00ed hygienu na jednom m\u00edst\u011b. Vysok\u00e1 sk\u0159\u00ed\u0148 DOS SVD2ZK 35 je skute\u010dn\u00fdm pomocn\u00edkem v boji za po\u0159\u00e1dek v koupeln\u011b. A nejen to. Je velmi elegantn\u00ed a je\u0161t\u011b v\u00e1m u\u0161et\u0159\u00ed m\u00edsto v koupeln\u011b. Parametry sk\u0159\u00edn\u011b Vysok\u00e1 sk\u0159\u00ed\u0148 DOS SVD2ZK 35 je konstruov\u00e1na jako z\u00e1v\u011bsn\u00e1 ve dvoudve\u0159ov\u00e9m [&hellip;]<\/p>\n","protected":false},"featured_media":67996,"comment_status":"open","ping_status":"open","template":"","meta":[],"product_brand":[],"product_cat":[72],"product_tag":[],"class_list":{"0":"post-67896","1":"product","2":"type-product","3":"status-publish","4":"has-post-thumbnail","6":"product_cat-koupelny-a-sanitarni-technika","8":"first","9":"instock","10":"sale","11":"shipping-taxable","12":"purchasable","13":"product-type-simple"},"yoast_head":"<!-- This site is optimized with the Yoast SEO plugin v26.8 - https:\/\/yoast.com\/product\/yoast-seo-wordpress\/ -->\n<title>Zna\u010dkov\u00fd Vysok\u00e1 sk\u0159\u00ed\u0148 s ko\u0161em DOS SVD2ZK 35 - D03 Cafe \/ \u00dachytka T07 \/ D03 Cafe \/ Lev\u00e9 -<\/title>\n<meta name=\"robots\" content=\"index, follow, max-snippet:-1, max-image-preview:large, max-video-preview:-1\" \/>\n<link rel=\"canonical\" href=\"https:\/\/www.oknobuild.com\/index.php\/produkt\/znackovy-vysoka-skrin-s-kosem-dos-svd2zk-35-d03-cafe-uchytka-t07-d03-cafe-leve-67896\/\" \/>\n<meta property=\"og:locale\" content=\"cs_CZ\" \/>\n<meta property=\"og:type\" content=\"article\" \/>\n<meta property=\"og:title\" content=\"Zna\u010dkov\u00fd Vysok\u00e1 sk\u0159\u00ed\u0148 s ko\u0161em DOS SVD2ZK 35 - D03 Cafe \/ \u00dachytka T07 \/ D03 Cafe \/ Lev\u00e9 -\" \/>\n<meta property=\"og:description\" content=\"Detailn\u00ed popis produktu Ru\u010dn\u00edky a osu\u0161ky a drobn\u00e9 p\u0159edm\u011bty pro ka\u017edodenn\u00ed hygienu na jednom m\u00edst\u011b. Vysok\u00e1 sk\u0159\u00ed\u0148 DOS SVD2ZK 35 je skute\u010dn\u00fdm pomocn\u00edkem v boji za po\u0159\u00e1dek v koupeln\u011b. A nejen to. Je velmi elegantn\u00ed a je\u0161t\u011b v\u00e1m u\u0161et\u0159\u00ed m\u00edsto v koupeln\u011b. Parametry sk\u0159\u00edn\u011b Vysok\u00e1 sk\u0159\u00ed\u0148 DOS SVD2ZK 35 je konstruov\u00e1na jako z\u00e1v\u011bsn\u00e1 ve dvoudve\u0159ov\u00e9m [&hellip;]\" \/>\n<meta property=\"og:url\" content=\"https:\/\/www.oknobuild.com\/index.php\/produkt\/znackovy-vysoka-skrin-s-kosem-dos-svd2zk-35-d03-cafe-uchytka-t07-d03-cafe-leve-67896\/\" \/>\n<meta property=\"og:image\" content=\"https:\/\/www.oknobuild.com\/wp-content\/uploads\/2026\/SK0022166-CZ20260425-093351-0-1777080838-915000_vysoka-skrin-s-kosem-dos-svd2zk-35-d03-cafe-uchytka-.webp\" \/>\n\t<meta property=\"og:image:width\" content=\"1000\" \/>\n\t<meta property=\"og:image:height\" content=\"750\" \/>\n\t<meta property=\"og:image:type\" content=\"image\/webp\" \/>\n<meta name=\"twitter:card\" content=\"summary_large_image\" \/>\n<meta name=\"twitter:label1\" content=\"Odhadovan\u00e1 doba \u010dten\u00ed\" \/>\n\t<meta name=\"twitter:data1\" content=\"2 minuty\" \/>\n<script type=\"application\/ld+json\" class=\"yoast-schema-graph\">{\"@context\":\"https:\/\/schema.org\",\"@graph\":[{\"@type\":\"WebPage\",\"@id\":\"https:\/\/www.oknobuild.com\/index.php\/produkt\/znackovy-vysoka-skrin-s-kosem-dos-svd2zk-35-d03-cafe-uchytka-t07-d03-cafe-leve-67896\/\",\"url\":\"https:\/\/www.oknobuild.com\/index.php\/produkt\/znackovy-vysoka-skrin-s-kosem-dos-svd2zk-35-d03-cafe-uchytka-t07-d03-cafe-leve-67896\/\",\"name\":\"Zna\u010dkov\u00fd Vysok\u00e1 sk\u0159\u00ed\u0148 s ko\u0161em DOS SVD2ZK 35 - D03 Cafe \/ \u00dachytka T07 \/ D03 Cafe \/ Lev\u00e9 -\",\"isPartOf\":{\"@id\":\"https:\/\/www.oknobuild.com\/#website\"},\"primaryImageOfPage\":{\"@id\":\"https:\/\/www.oknobuild.com\/index.php\/produkt\/znackovy-vysoka-skrin-s-kosem-dos-svd2zk-35-d03-cafe-uchytka-t07-d03-cafe-leve-67896\/#primaryimage\"},\"image\":{\"@id\":\"https:\/\/www.oknobuild.com\/index.php\/produkt\/znackovy-vysoka-skrin-s-kosem-dos-svd2zk-35-d03-cafe-uchytka-t07-d03-cafe-leve-67896\/#primaryimage\"},\"thumbnailUrl\":\"https:\/\/www.oknobuild.com\/wp-content\/uploads\/2026\/SK0022166-CZ20260425-093351-0-1777080838-915000_vysoka-skrin-s-kosem-dos-svd2zk-35-d03-cafe-uchytka-.webp\",\"datePublished\":\"2026-04-27T04:43:38+00:00\",\"breadcrumb\":{\"@id\":\"https:\/\/www.oknobuild.com\/index.php\/produkt\/znackovy-vysoka-skrin-s-kosem-dos-svd2zk-35-d03-cafe-uchytka-t07-d03-cafe-leve-67896\/#breadcrumb\"},\"inLanguage\":\"cs\",\"potentialAction\":[{\"@type\":\"ReadAction\",\"target\":[\"https:\/\/www.oknobuild.com\/index.php\/produkt\/znackovy-vysoka-skrin-s-kosem-dos-svd2zk-35-d03-cafe-uchytka-t07-d03-cafe-leve-67896\/\"]}]},{\"@type\":\"ImageObject\",\"inLanguage\":\"cs\",\"@id\":\"https:\/\/www.oknobuild.com\/index.php\/produkt\/znackovy-vysoka-skrin-s-kosem-dos-svd2zk-35-d03-cafe-uchytka-t07-d03-cafe-leve-67896\/#primaryimage\",\"url\":\"https:\/\/www.oknobuild.com\/wp-content\/uploads\/2026\/SK0022166-CZ20260425-093351-0-1777080838-915000_vysoka-skrin-s-kosem-dos-svd2zk-35-d03-cafe-uchytka-.webp\",\"contentUrl\":\"https:\/\/www.oknobuild.com\/wp-content\/uploads\/2026\/SK0022166-CZ20260425-093351-0-1777080838-915000_vysoka-skrin-s-kosem-dos-svd2zk-35-d03-cafe-uchytka-.webp\",\"width\":1000,\"height\":750},{\"@type\":\"BreadcrumbList\",\"@id\":\"https:\/\/www.oknobuild.com\/index.php\/produkt\/znackovy-vysoka-skrin-s-kosem-dos-svd2zk-35-d03-cafe-uchytka-t07-d03-cafe-leve-67896\/#breadcrumb\",\"itemListElement\":[{\"@type\":\"ListItem\",\"position\":1,\"name\":\"Home\",\"item\":\"https:\/\/www.oknobuild.com\/\"},{\"@type\":\"ListItem\",\"position\":2,\"name\":\"Products\",\"item\":\"https:\/\/www.oknobuild.com\/index.php\/products\/\"},{\"@type\":\"ListItem\",\"position\":3,\"name\":\"Zna\u010dkov\u00fd Vysok\u00e1 sk\u0159\u00ed\u0148 s ko\u0161em DOS SVD2ZK 35 &#8211; D03 Cafe \/ \u00dachytka T07 \/ D03 Cafe \/ Lev\u00e9\"}]},{\"@type\":\"WebSite\",\"@id\":\"https:\/\/www.oknobuild.com\/#website\",\"url\":\"https:\/\/www.oknobuild.com\/\",\"name\":\"\",\"description\":\"\",\"potentialAction\":[{\"@type\":\"SearchAction\",\"target\":{\"@type\":\"EntryPoint\",\"urlTemplate\":\"https:\/\/www.oknobuild.com\/?s={search_term_string}\"},\"query-input\":{\"@type\":\"PropertyValueSpecification\",\"valueRequired\":true,\"valueName\":\"search_term_string\"}}],\"inLanguage\":\"cs\"}]}<\/script>\n<!-- \/ Yoast SEO plugin. -->","yoast_head_json":{"title":"Zna\u010dkov\u00fd Vysok\u00e1 sk\u0159\u00ed\u0148 s ko\u0161em DOS SVD2ZK 35 - D03 Cafe \/ \u00dachytka T07 \/ D03 Cafe \/ Lev\u00e9 -","robots":{"index":"index","follow":"follow","max-snippet":"max-snippet:-1","max-image-preview":"max-image-preview:large","max-video-preview":"max-video-preview:-1"},"canonical":"https:\/\/www.oknobuild.com\/index.php\/produkt\/znackovy-vysoka-skrin-s-kosem-dos-svd2zk-35-d03-cafe-uchytka-t07-d03-cafe-leve-67896\/","og_locale":"cs_CZ","og_type":"article","og_title":"Zna\u010dkov\u00fd Vysok\u00e1 sk\u0159\u00ed\u0148 s ko\u0161em DOS SVD2ZK 35 - D03 Cafe \/ \u00dachytka T07 \/ D03 Cafe \/ Lev\u00e9 -","og_description":"Detailn\u00ed popis produktu Ru\u010dn\u00edky a osu\u0161ky a drobn\u00e9 p\u0159edm\u011bty pro ka\u017edodenn\u00ed hygienu na jednom m\u00edst\u011b. Vysok\u00e1 sk\u0159\u00ed\u0148 DOS SVD2ZK 35 je skute\u010dn\u00fdm pomocn\u00edkem v boji za po\u0159\u00e1dek v koupeln\u011b. A nejen to. Je velmi elegantn\u00ed a je\u0161t\u011b v\u00e1m u\u0161et\u0159\u00ed m\u00edsto v koupeln\u011b. Parametry sk\u0159\u00edn\u011b Vysok\u00e1 sk\u0159\u00ed\u0148 DOS SVD2ZK 35 je konstruov\u00e1na jako z\u00e1v\u011bsn\u00e1 ve dvoudve\u0159ov\u00e9m [&hellip;]","og_url":"https:\/\/www.oknobuild.com\/index.php\/produkt\/znackovy-vysoka-skrin-s-kosem-dos-svd2zk-35-d03-cafe-uchytka-t07-d03-cafe-leve-67896\/","og_image":[{"width":1000,"height":750,"url":"https:\/\/www.oknobuild.com\/wp-content\/uploads\/2026\/SK0022166-CZ20260425-093351-0-1777080838-915000_vysoka-skrin-s-kosem-dos-svd2zk-35-d03-cafe-uchytka-.webp","type":"image\/webp"}],"twitter_card":"summary_large_image","twitter_misc":{"Odhadovan\u00e1 doba \u010dten\u00ed":"2 minuty"},"schema":{"@context":"https:\/\/schema.org","@graph":[{"@type":"WebPage","@id":"https:\/\/www.oknobuild.com\/index.php\/produkt\/znackovy-vysoka-skrin-s-kosem-dos-svd2zk-35-d03-cafe-uchytka-t07-d03-cafe-leve-67896\/","url":"https:\/\/www.oknobuild.com\/index.php\/produkt\/znackovy-vysoka-skrin-s-kosem-dos-svd2zk-35-d03-cafe-uchytka-t07-d03-cafe-leve-67896\/","name":"Zna\u010dkov\u00fd Vysok\u00e1 sk\u0159\u00ed\u0148 s ko\u0161em DOS SVD2ZK 35 - D03 Cafe \/ \u00dachytka T07 \/ D03 Cafe \/ Lev\u00e9 -","isPartOf":{"@id":"https:\/\/www.oknobuild.com\/#website"},"primaryImageOfPage":{"@id":"https:\/\/www.oknobuild.com\/index.php\/produkt\/znackovy-vysoka-skrin-s-kosem-dos-svd2zk-35-d03-cafe-uchytka-t07-d03-cafe-leve-67896\/#primaryimage"},"image":{"@id":"https:\/\/www.oknobuild.com\/index.php\/produkt\/znackovy-vysoka-skrin-s-kosem-dos-svd2zk-35-d03-cafe-uchytka-t07-d03-cafe-leve-67896\/#primaryimage"},"thumbnailUrl":"https:\/\/www.oknobuild.com\/wp-content\/uploads\/2026\/SK0022166-CZ20260425-093351-0-1777080838-915000_vysoka-skrin-s-kosem-dos-svd2zk-35-d03-cafe-uchytka-.webp","datePublished":"2026-04-27T04:43:38+00:00","breadcrumb":{"@id":"https:\/\/www.oknobuild.com\/index.php\/produkt\/znackovy-vysoka-skrin-s-kosem-dos-svd2zk-35-d03-cafe-uchytka-t07-d03-cafe-leve-67896\/#breadcrumb"},"inLanguage":"cs","potentialAction":[{"@type":"ReadAction","target":["https:\/\/www.oknobuild.com\/index.php\/produkt\/znackovy-vysoka-skrin-s-kosem-dos-svd2zk-35-d03-cafe-uchytka-t07-d03-cafe-leve-67896\/"]}]},{"@type":"ImageObject","inLanguage":"cs","@id":"https:\/\/www.oknobuild.com\/index.php\/produkt\/znackovy-vysoka-skrin-s-kosem-dos-svd2zk-35-d03-cafe-uchytka-t07-d03-cafe-leve-67896\/#primaryimage","url":"https:\/\/www.oknobuild.com\/wp-content\/uploads\/2026\/SK0022166-CZ20260425-093351-0-1777080838-915000_vysoka-skrin-s-kosem-dos-svd2zk-35-d03-cafe-uchytka-.webp","contentUrl":"https:\/\/www.oknobuild.com\/wp-content\/uploads\/2026\/SK0022166-CZ20260425-093351-0-1777080838-915000_vysoka-skrin-s-kosem-dos-svd2zk-35-d03-cafe-uchytka-.webp","width":1000,"height":750},{"@type":"BreadcrumbList","@id":"https:\/\/www.oknobuild.com\/index.php\/produkt\/znackovy-vysoka-skrin-s-kosem-dos-svd2zk-35-d03-cafe-uchytka-t07-d03-cafe-leve-67896\/#breadcrumb","itemListElement":[{"@type":"ListItem","position":1,"name":"Home","item":"https:\/\/www.oknobuild.com\/"},{"@type":"ListItem","position":2,"name":"Products","item":"https:\/\/www.oknobuild.com\/index.php\/products\/"},{"@type":"ListItem","position":3,"name":"Zna\u010dkov\u00fd Vysok\u00e1 sk\u0159\u00ed\u0148 s ko\u0161em DOS SVD2ZK 35 &#8211; D03 Cafe \/ \u00dachytka T07 \/ D03 Cafe \/ Lev\u00e9"}]},{"@type":"WebSite","@id":"https:\/\/www.oknobuild.com\/#website","url":"https:\/\/www.oknobuild.com\/","name":"","description":"","potentialAction":[{"@type":"SearchAction","target":{"@type":"EntryPoint","urlTemplate":"https:\/\/www.oknobuild.com\/?s={search_term_string}"},"query-input":{"@type":"PropertyValueSpecification","valueRequired":true,"valueName":"search_term_string"}}],"inLanguage":"cs"}]}},"_links":{"self":[{"href":"https:\/\/www.oknobuild.com\/index.php\/wp-json\/wp\/v2\/product\/67896","targetHints":{"allow":["GET"]}}],"collection":[{"href":"https:\/\/www.oknobuild.com\/index.php\/wp-json\/wp\/v2\/product"}],"about":[{"href":"https:\/\/www.oknobuild.com\/index.php\/wp-json\/wp\/v2\/types\/product"}],"replies":[{"embeddable":true,"href":"https:\/\/www.oknobuild.com\/index.php\/wp-json\/wp\/v2\/comments?post=67896"}],"wp:featuredmedia":[{"embeddable":true,"href":"https:\/\/www.oknobuild.com\/index.php\/wp-json\/wp\/v2\/media\/67996"}],"wp:attachment":[{"href":"https:\/\/www.oknobuild.com\/index.php\/wp-json\/wp\/v2\/media?parent=67896"}],"wp:term":[{"taxonomy":"product_brand","embeddable":true,"href":"https:\/\/www.oknobuild.com\/index.php\/wp-json\/wp\/v2\/product_brand?post=67896"},{"taxonomy":"product_cat","embeddable":true,"href":"https:\/\/www.oknobuild.com\/index.php\/wp-json\/wp\/v2\/product_cat?post=67896"},{"taxonomy":"product_tag","embeddable":true,"href":"https:\/\/www.oknobuild.com\/index.php\/wp-json\/wp\/v2\/product_tag?post=67896"}],"curies":[{"name":"wp","href":"https:\/\/api.w.org\/{rel}","templated":true}]}}