{"id":70179,"date":"2026-04-27T04:43:45","date_gmt":"2026-04-27T04:43:45","guid":{"rendered":""},"modified":"2026-04-27T04:43:45","modified_gmt":"2026-04-27T04:43:45","slug":"akce-bgs-hlavice-na-volnobezky-alternatoru-sada-13dilu-70179","status":"publish","type":"product","link":"https:\/\/www.oknobuild.com\/index.php\/produkt\/akce-bgs-hlavice-na-volnobezky-alternatoru-sada-13dilu-70179\/","title":{"rendered":"Akce BGS Hlavice na volnob\u011b\u017eky altern\u00e1tor\u016f, sada 13d\u00edl\u016f"},"content":{"rendered":"<div id=\"e2415213\" class=\"pages\">\n<div>\n<div id=\"PDDescription\" class=\"UserContentView userContent v1a v1 bs-view dcon dc164 PDDescription\" ><dc-con><dc-con><bs-empty><\/bs-empty><\/dc-con><dc-con>        <\/p>\n<div class=\"customDescription\">                    <\/div>\n<p><\/dc-con><dc-con><\/p>\n<ul>\n<li>speci\u00e1ln\u00ed sada bit\u016f s kombinovan\u00fdmi kl\u00ed\u010di na altern\u00e1tor (tak\u00e9 kompresor klimatizace) pro mont\u00e1\u017e \u0159emenic<\/li>\n<li>kl\u00ed\u010d \u0159emenice s dr\u00e1\u017ekovanou \u0159emenic\u00ed, 15 mm, 33 zub\u016f, vrtan\u00fd<\/li>\n<li>dr\u00e1\u017ekov\u00e1 kladka kl\u00ed\u010d, 22 mm, 33 zub\u016f, vrtan\u00fd<\/li>\n<li>adapt\u00e9r pro kladkov\u00fd kl\u00ed\u010d 22 a 28 mm<\/li>\n<li>4pinov\u00fd adapt\u00e9r, pohon 17 mm<\/li>\n<li>bity, d\u00e9lka 75 mm, vn\u011bj\u0161\u00ed \u0161estihran 10 mm (3\/8&#8243;) pohon, vnit\u0159n\u00ed \u0161estihran H8 a H10 mm<\/li>\n<li>bity, d\u00e9lka 75 mm, vn\u011bj\u0161\u00ed \u0161estihran 10 mm (3\/8&#8243;) pohon, dr\u00e1\u017ekov\u00e1n\u00ed (pro XZN) M8 &#8211; bity M10<\/li>\n<li>, d\u00e9lka 75 mm, vn\u011bj\u0161\u00ed \u0161estihran 10 mm (3\/8&#8243;) pohon, patice T-Star (pro Torx) T40 a T50<\/li>\n<li>bit pro altern\u00e1tor, Pohon 12,5 mm (1\/2&#8243;), dr\u00e1\u017ekovan\u00fd (pro XZN) M10<\/li>\n<li>bitov\u00e1 z\u00e1suvka pro altern\u00e1tor, pohon 12,5 mm (1\/2&#8243;), T-Star (pro Torx) T50<\/li>\n<li>Adapt\u00e9r bitu s p\u0159\u00eddr\u017enou kuli\u010dkou, pohon 12,5 mm (1\/2&#8243;) &#8211; vnit\u0159n\u00ed \u0161estihran 10 mm (3\/8&#8243;)<\/li>\n<li>obsahuje adapt\u00e9ry pro VW, Audi, Seat, BMW, Mercedes-Benz , Ford<\/li>\n<\/ul>\n<p><\/dc-con><\/dc-con><\/div>\n<div id=\"PDDescription2\" class=\"UserContentView userContent v1a v1 bs-view dcon dc165 PDDescription2\" >V\u00dd\u0160KA BALEN\u00cd<\/div>\n<\/p><\/div>\n<div id=\"PDTable3\" class=\"ProductDetailTableView v3a v3 bs-view dcon dc185 PDTable3\" >\n<table>\n<thead><\/thead>\n<tbody>\n<tr class=\"attribute attr_bsshop_maker\">\n<td class=\"caption\">V\u00fdrobce<\/td>\n<td class=\"value\">BGS Technic<\/td>\n<\/tr>\n<\/tbody>\n<\/table>\n<\/div>\n<div id=\"PdProductGpsr\" class=\"ProductGpsrView v1a v1 bs-view dcon dc217 PdProductGpsr\" >\n<div class=\"subject\"><dc-root class=\"dcon dc219\"><span class=\"title\">Zodpov\u011bdn&#253; subjekt:<\/span><dc-con><dc-con><span class=\"company\">BGS technik KG<\/span><span class=\"name\">BGS Technic<\/span><\/dc-con><dc-con><span class=\"street\">Bandwirkerstr. 3<\/span><span class=\"city\">Wermelskirchen<\/span><span class=\"zip\">429 29<\/span><span class=\"country\">N\u011bmecko<\/span><\/dc-con><span class=\"email\">mail@bgs-technic.de<\/span><span class=\"phone\">+49 2196-720480<\/span><bs-empty><\/bs-empty><a href=\"https:\/\/www.bgstechnic.com\/\" class=\"link\" target=\"_blank\">https:\/\/www.bgstechnic.com\/<\/a><\/dc-con><bs-empty><\/bs-empty><\/dc-root><\/div>\n<p><bs-empty><\/bs-empty><\/div>\n<\/div>\n<div id=\"e2415214\" class=\"tabs\">\n","protected":false},"excerpt":{"rendered":"<p>speci\u00e1ln\u00ed sada bit\u016f s kombinovan\u00fdmi kl\u00ed\u010di na altern\u00e1tor (tak\u00e9 kompresor klimatizace) pro mont\u00e1\u017e \u0159emenic kl\u00ed\u010d \u0159emenice s dr\u00e1\u017ekovanou \u0159emenic\u00ed, 15 mm, 33 zub\u016f, vrtan\u00fd dr\u00e1\u017ekov\u00e1 kladka kl\u00ed\u010d, 22 mm, 33 zub\u016f, vrtan\u00fd adapt\u00e9r pro kladkov\u00fd kl\u00ed\u010d 22 a 28 mm 4pinov\u00fd adapt\u00e9r, pohon 17 mm bity, d\u00e9lka 75 mm, vn\u011bj\u0161\u00ed \u0161estihran 10 mm (3\/8&#8243;) pohon, [&hellip;]<\/p>\n","protected":false},"featured_media":70279,"comment_status":"open","ping_status":"open","template":"","meta":[],"product_brand":[],"product_cat":[73],"product_tag":[],"class_list":{"0":"post-70179","1":"product","2":"type-product","3":"status-publish","4":"has-post-thumbnail","6":"product_cat-rucn-237-n-225-rad-237-a-d-237-lna","8":"first","9":"instock","10":"sale","11":"shipping-taxable","12":"purchasable","13":"product-type-simple"},"yoast_head":"<!-- This site is optimized with the Yoast SEO plugin v26.8 - https:\/\/yoast.com\/product\/yoast-seo-wordpress\/ -->\n<title>Akce BGS Hlavice na volnob\u011b\u017eky altern\u00e1tor\u016f, sada 13d\u00edl\u016f -<\/title>\n<meta name=\"robots\" content=\"index, follow, max-snippet:-1, max-image-preview:large, max-video-preview:-1\" \/>\n<link rel=\"canonical\" href=\"https:\/\/www.oknobuild.com\/index.php\/produkt\/akce-bgs-hlavice-na-volnobezky-alternatoru-sada-13dilu-70179\/\" \/>\n<meta property=\"og:locale\" content=\"cs_CZ\" \/>\n<meta property=\"og:type\" content=\"article\" \/>\n<meta property=\"og:title\" content=\"Akce BGS Hlavice na volnob\u011b\u017eky altern\u00e1tor\u016f, sada 13d\u00edl\u016f -\" \/>\n<meta property=\"og:description\" content=\"speci\u00e1ln\u00ed sada bit\u016f s kombinovan\u00fdmi kl\u00ed\u010di na altern\u00e1tor (tak\u00e9 kompresor klimatizace) pro mont\u00e1\u017e \u0159emenic kl\u00ed\u010d \u0159emenice s dr\u00e1\u017ekovanou \u0159emenic\u00ed, 15 mm, 33 zub\u016f, vrtan\u00fd dr\u00e1\u017ekov\u00e1 kladka kl\u00ed\u010d, 22 mm, 33 zub\u016f, vrtan\u00fd adapt\u00e9r pro kladkov\u00fd kl\u00ed\u010d 22 a 28 mm 4pinov\u00fd adapt\u00e9r, pohon 17 mm bity, d\u00e9lka 75 mm, vn\u011bj\u0161\u00ed \u0161estihran 10 mm (3\/8&#8243;) pohon, [&hellip;]\" \/>\n<meta property=\"og:url\" content=\"https:\/\/www.oknobuild.com\/index.php\/produkt\/akce-bgs-hlavice-na-volnobezky-alternatoru-sada-13dilu-70179\/\" \/>\n<meta property=\"og:image\" content=\"https:\/\/www.oknobuild.com\/wp-content\/uploads\/2026\/SK0016937-CZ20260425-093449-0-1777080896-bgs-hlavice-na-volnobezky-alternatoru-sada-13dilu.webp\" \/>\n\t<meta property=\"og:image:width\" content=\"1000\" \/>\n\t<meta property=\"og:image:height\" content=\"525\" \/>\n\t<meta property=\"og:image:type\" content=\"image\/webp\" \/>\n<meta name=\"twitter:card\" content=\"summary_large_image\" \/>\n<meta name=\"twitter:label1\" content=\"Odhadovan\u00e1 doba \u010dten\u00ed\" \/>\n\t<meta name=\"twitter:data1\" content=\"1 minuta\" \/>\n<script type=\"application\/ld+json\" class=\"yoast-schema-graph\">{\"@context\":\"https:\/\/schema.org\",\"@graph\":[{\"@type\":\"WebPage\",\"@id\":\"https:\/\/www.oknobuild.com\/index.php\/produkt\/akce-bgs-hlavice-na-volnobezky-alternatoru-sada-13dilu-70179\/\",\"url\":\"https:\/\/www.oknobuild.com\/index.php\/produkt\/akce-bgs-hlavice-na-volnobezky-alternatoru-sada-13dilu-70179\/\",\"name\":\"Akce BGS Hlavice na volnob\u011b\u017eky altern\u00e1tor\u016f, sada 13d\u00edl\u016f -\",\"isPartOf\":{\"@id\":\"https:\/\/www.oknobuild.com\/#website\"},\"primaryImageOfPage\":{\"@id\":\"https:\/\/www.oknobuild.com\/index.php\/produkt\/akce-bgs-hlavice-na-volnobezky-alternatoru-sada-13dilu-70179\/#primaryimage\"},\"image\":{\"@id\":\"https:\/\/www.oknobuild.com\/index.php\/produkt\/akce-bgs-hlavice-na-volnobezky-alternatoru-sada-13dilu-70179\/#primaryimage\"},\"thumbnailUrl\":\"https:\/\/www.oknobuild.com\/wp-content\/uploads\/2026\/SK0016937-CZ20260425-093449-0-1777080896-bgs-hlavice-na-volnobezky-alternatoru-sada-13dilu.webp\",\"datePublished\":\"2026-04-27T04:43:45+00:00\",\"breadcrumb\":{\"@id\":\"https:\/\/www.oknobuild.com\/index.php\/produkt\/akce-bgs-hlavice-na-volnobezky-alternatoru-sada-13dilu-70179\/#breadcrumb\"},\"inLanguage\":\"cs\",\"potentialAction\":[{\"@type\":\"ReadAction\",\"target\":[\"https:\/\/www.oknobuild.com\/index.php\/produkt\/akce-bgs-hlavice-na-volnobezky-alternatoru-sada-13dilu-70179\/\"]}]},{\"@type\":\"ImageObject\",\"inLanguage\":\"cs\",\"@id\":\"https:\/\/www.oknobuild.com\/index.php\/produkt\/akce-bgs-hlavice-na-volnobezky-alternatoru-sada-13dilu-70179\/#primaryimage\",\"url\":\"https:\/\/www.oknobuild.com\/wp-content\/uploads\/2026\/SK0016937-CZ20260425-093449-0-1777080896-bgs-hlavice-na-volnobezky-alternatoru-sada-13dilu.webp\",\"contentUrl\":\"https:\/\/www.oknobuild.com\/wp-content\/uploads\/2026\/SK0016937-CZ20260425-093449-0-1777080896-bgs-hlavice-na-volnobezky-alternatoru-sada-13dilu.webp\",\"width\":1000,\"height\":525},{\"@type\":\"BreadcrumbList\",\"@id\":\"https:\/\/www.oknobuild.com\/index.php\/produkt\/akce-bgs-hlavice-na-volnobezky-alternatoru-sada-13dilu-70179\/#breadcrumb\",\"itemListElement\":[{\"@type\":\"ListItem\",\"position\":1,\"name\":\"Home\",\"item\":\"https:\/\/www.oknobuild.com\/\"},{\"@type\":\"ListItem\",\"position\":2,\"name\":\"Products\",\"item\":\"https:\/\/www.oknobuild.com\/index.php\/products\/\"},{\"@type\":\"ListItem\",\"position\":3,\"name\":\"Akce BGS Hlavice na volnob\u011b\u017eky altern\u00e1tor\u016f, sada 13d\u00edl\u016f\"}]},{\"@type\":\"WebSite\",\"@id\":\"https:\/\/www.oknobuild.com\/#website\",\"url\":\"https:\/\/www.oknobuild.com\/\",\"name\":\"\",\"description\":\"\",\"potentialAction\":[{\"@type\":\"SearchAction\",\"target\":{\"@type\":\"EntryPoint\",\"urlTemplate\":\"https:\/\/www.oknobuild.com\/?s={search_term_string}\"},\"query-input\":{\"@type\":\"PropertyValueSpecification\",\"valueRequired\":true,\"valueName\":\"search_term_string\"}}],\"inLanguage\":\"cs\"}]}<\/script>\n<!-- \/ Yoast SEO plugin. -->","yoast_head_json":{"title":"Akce BGS Hlavice na volnob\u011b\u017eky altern\u00e1tor\u016f, sada 13d\u00edl\u016f -","robots":{"index":"index","follow":"follow","max-snippet":"max-snippet:-1","max-image-preview":"max-image-preview:large","max-video-preview":"max-video-preview:-1"},"canonical":"https:\/\/www.oknobuild.com\/index.php\/produkt\/akce-bgs-hlavice-na-volnobezky-alternatoru-sada-13dilu-70179\/","og_locale":"cs_CZ","og_type":"article","og_title":"Akce BGS Hlavice na volnob\u011b\u017eky altern\u00e1tor\u016f, sada 13d\u00edl\u016f -","og_description":"speci\u00e1ln\u00ed sada bit\u016f s kombinovan\u00fdmi kl\u00ed\u010di na altern\u00e1tor (tak\u00e9 kompresor klimatizace) pro mont\u00e1\u017e \u0159emenic kl\u00ed\u010d \u0159emenice s dr\u00e1\u017ekovanou \u0159emenic\u00ed, 15 mm, 33 zub\u016f, vrtan\u00fd dr\u00e1\u017ekov\u00e1 kladka kl\u00ed\u010d, 22 mm, 33 zub\u016f, vrtan\u00fd adapt\u00e9r pro kladkov\u00fd kl\u00ed\u010d 22 a 28 mm 4pinov\u00fd adapt\u00e9r, pohon 17 mm bity, d\u00e9lka 75 mm, vn\u011bj\u0161\u00ed \u0161estihran 10 mm (3\/8&#8243;) pohon, [&hellip;]","og_url":"https:\/\/www.oknobuild.com\/index.php\/produkt\/akce-bgs-hlavice-na-volnobezky-alternatoru-sada-13dilu-70179\/","og_image":[{"width":1000,"height":525,"url":"https:\/\/www.oknobuild.com\/wp-content\/uploads\/2026\/SK0016937-CZ20260425-093449-0-1777080896-bgs-hlavice-na-volnobezky-alternatoru-sada-13dilu.webp","type":"image\/webp"}],"twitter_card":"summary_large_image","twitter_misc":{"Odhadovan\u00e1 doba \u010dten\u00ed":"1 minuta"},"schema":{"@context":"https:\/\/schema.org","@graph":[{"@type":"WebPage","@id":"https:\/\/www.oknobuild.com\/index.php\/produkt\/akce-bgs-hlavice-na-volnobezky-alternatoru-sada-13dilu-70179\/","url":"https:\/\/www.oknobuild.com\/index.php\/produkt\/akce-bgs-hlavice-na-volnobezky-alternatoru-sada-13dilu-70179\/","name":"Akce BGS Hlavice na volnob\u011b\u017eky altern\u00e1tor\u016f, sada 13d\u00edl\u016f -","isPartOf":{"@id":"https:\/\/www.oknobuild.com\/#website"},"primaryImageOfPage":{"@id":"https:\/\/www.oknobuild.com\/index.php\/produkt\/akce-bgs-hlavice-na-volnobezky-alternatoru-sada-13dilu-70179\/#primaryimage"},"image":{"@id":"https:\/\/www.oknobuild.com\/index.php\/produkt\/akce-bgs-hlavice-na-volnobezky-alternatoru-sada-13dilu-70179\/#primaryimage"},"thumbnailUrl":"https:\/\/www.oknobuild.com\/wp-content\/uploads\/2026\/SK0016937-CZ20260425-093449-0-1777080896-bgs-hlavice-na-volnobezky-alternatoru-sada-13dilu.webp","datePublished":"2026-04-27T04:43:45+00:00","breadcrumb":{"@id":"https:\/\/www.oknobuild.com\/index.php\/produkt\/akce-bgs-hlavice-na-volnobezky-alternatoru-sada-13dilu-70179\/#breadcrumb"},"inLanguage":"cs","potentialAction":[{"@type":"ReadAction","target":["https:\/\/www.oknobuild.com\/index.php\/produkt\/akce-bgs-hlavice-na-volnobezky-alternatoru-sada-13dilu-70179\/"]}]},{"@type":"ImageObject","inLanguage":"cs","@id":"https:\/\/www.oknobuild.com\/index.php\/produkt\/akce-bgs-hlavice-na-volnobezky-alternatoru-sada-13dilu-70179\/#primaryimage","url":"https:\/\/www.oknobuild.com\/wp-content\/uploads\/2026\/SK0016937-CZ20260425-093449-0-1777080896-bgs-hlavice-na-volnobezky-alternatoru-sada-13dilu.webp","contentUrl":"https:\/\/www.oknobuild.com\/wp-content\/uploads\/2026\/SK0016937-CZ20260425-093449-0-1777080896-bgs-hlavice-na-volnobezky-alternatoru-sada-13dilu.webp","width":1000,"height":525},{"@type":"BreadcrumbList","@id":"https:\/\/www.oknobuild.com\/index.php\/produkt\/akce-bgs-hlavice-na-volnobezky-alternatoru-sada-13dilu-70179\/#breadcrumb","itemListElement":[{"@type":"ListItem","position":1,"name":"Home","item":"https:\/\/www.oknobuild.com\/"},{"@type":"ListItem","position":2,"name":"Products","item":"https:\/\/www.oknobuild.com\/index.php\/products\/"},{"@type":"ListItem","position":3,"name":"Akce BGS Hlavice na volnob\u011b\u017eky altern\u00e1tor\u016f, sada 13d\u00edl\u016f"}]},{"@type":"WebSite","@id":"https:\/\/www.oknobuild.com\/#website","url":"https:\/\/www.oknobuild.com\/","name":"","description":"","potentialAction":[{"@type":"SearchAction","target":{"@type":"EntryPoint","urlTemplate":"https:\/\/www.oknobuild.com\/?s={search_term_string}"},"query-input":{"@type":"PropertyValueSpecification","valueRequired":true,"valueName":"search_term_string"}}],"inLanguage":"cs"}]}},"_links":{"self":[{"href":"https:\/\/www.oknobuild.com\/index.php\/wp-json\/wp\/v2\/product\/70179","targetHints":{"allow":["GET"]}}],"collection":[{"href":"https:\/\/www.oknobuild.com\/index.php\/wp-json\/wp\/v2\/product"}],"about":[{"href":"https:\/\/www.oknobuild.com\/index.php\/wp-json\/wp\/v2\/types\/product"}],"replies":[{"embeddable":true,"href":"https:\/\/www.oknobuild.com\/index.php\/wp-json\/wp\/v2\/comments?post=70179"}],"wp:featuredmedia":[{"embeddable":true,"href":"https:\/\/www.oknobuild.com\/index.php\/wp-json\/wp\/v2\/media\/70279"}],"wp:attachment":[{"href":"https:\/\/www.oknobuild.com\/index.php\/wp-json\/wp\/v2\/media?parent=70179"}],"wp:term":[{"taxonomy":"product_brand","embeddable":true,"href":"https:\/\/www.oknobuild.com\/index.php\/wp-json\/wp\/v2\/product_brand?post=70179"},{"taxonomy":"product_cat","embeddable":true,"href":"https:\/\/www.oknobuild.com\/index.php\/wp-json\/wp\/v2\/product_cat?post=70179"},{"taxonomy":"product_tag","embeddable":true,"href":"https:\/\/www.oknobuild.com\/index.php\/wp-json\/wp\/v2\/product_tag?post=70179"}],"curies":[{"name":"wp","href":"https:\/\/api.w.org\/{rel}","templated":true}]}}